{"id":6322,"date":"2025-04-15T03:24:08","date_gmt":"2025-04-15T03:24:08","guid":{"rendered":"https:\/\/vapingnet.de\/?post_type=product&#038;p=6322"},"modified":"2025-06-19T03:43:03","modified_gmt":"2025-06-19T03:43:03","slug":"peach-ice-jetzt-entdecken-elf-box-pulse-x-25000-hype","status":"publish","type":"product","link":"https:\/\/vapingnet.de\/sk\/vape\/peach-ice-jetzt-entdecken-elf-box-pulse-x-25000-hype\/","title":{"rendered":"Peach Ice Objavte teraz Elf Box Pulse X 25000 Hype"},"content":{"rendered":"<h2 data-start=\"0\" data-end=\"83\" data-immersive-translate-walked=\"59edd5f4-797d-44be-88ca-0a518ced368b\">Elf Box Pulse X 25000 \u2013 Najnov\u0161ia e-cigareta pre n\u00e1ro\u010dn\u00e9ho vapera<\/h2>\n<p class=\"\" data-start=\"85\" data-end=\"414\" data-immersive-translate-walked=\"59edd5f4-797d-44be-88ca-0a518ced368b\" data-immersive-translate-paragraph=\"1\">Elf Box Pulse X 25000 kombinuje najnov\u0161ie technol\u00f3gie s v\u00fdnimo\u010dn\u00fdm v\u00fdkonom a dizajnom. T\u00e1to jednorazov\u00e1 e-cigareta je nevyhnutnos\u0165ou pre v\u0161etk\u00fdch, ktor\u00ed h\u013eadaj\u00fa v\u00fdkonn\u00e9 a odoln\u00e9 vapovacie rie\u0161enie. Sp\u00e1ja vysok\u00fd v\u00fdkon pary, vynikaj\u00facu chu\u0165 a pou\u017e\u00edvate\u013esk\u00fa jednoduchos\u0165 v jednom zariaden\u00ed.<\/p>\n<h3 data-start=\"416\" data-end=\"462\" data-immersive-translate-walked=\"59edd5f4-797d-44be-88ca-0a518ced368b\">Vlastnosti produktu Elf Box Pulse X 25000:<\/h3>\n<ul data-start=\"464\" data-end=\"1053\" data-immersive-translate-walked=\"59edd5f4-797d-44be-88ca-0a518ced368b\">\n<li class=\"\" data-start=\"464\" data-end=\"673\" data-immersive-translate-walked=\"59edd5f4-797d-44be-88ca-0a518ced368b\">\n<p class=\"\" data-start=\"466\" data-end=\"673\" data-immersive-translate-walked=\"59edd5f4-797d-44be-88ca-0a518ced368b\" data-immersive-translate-paragraph=\"1\">Dvojit\u00e9 sie\u0165ov\u00e9 \u0161pir\u00e1lky (0,8 Ohm + 0,8 Ohm): pre rovnomern\u00fa tvorbu pary a intenz\u00edvnu chu\u0165. T\u00e1to technol\u00f3gia umo\u017e\u0148uje lep\u0161ie rozlo\u017eenie tepla a zaru\u010duje pln\u00fd v\u00fdkon pary pri ka\u017edom \u0165ahu.<\/p>\n<\/li>\n<li class=\"\" data-start=\"674\" data-end=\"810\" data-immersive-translate-walked=\"59edd5f4-797d-44be-88ca-0a518ced368b\">\n<p class=\"\" data-start=\"676\" data-end=\"810\" data-immersive-translate-walked=\"59edd5f4-797d-44be-88ca-0a518ced368b\" data-immersive-translate-paragraph=\"1\">Kapacita e-liquidu 18 ml: poskytuje dostatok tekutiny na dlh\u0161ie vapovacie rel\u00e1cie, bez potreby \u010dast\u00e9ho dop\u013a\u0148ania.<\/p>\n<\/li>\n<li class=\"\" data-start=\"811\" data-end=\"911\" data-immersive-translate-walked=\"59edd5f4-797d-44be-88ca-0a518ced368b\">\n<p class=\"\" data-start=\"813\" data-end=\"911\" data-immersive-translate-walked=\"59edd5f4-797d-44be-88ca-0a518ced368b\" data-immersive-translate-paragraph=\"1\">Stupne nikot\u00ednu: dostupn\u00e9 v 0%, 2%, 3% a 5%, aby vyhovovali individu\u00e1lnym preferenci\u00e1m.<\/p>\n<\/li>\n<li class=\"\" data-start=\"912\" data-end=\"1053\" data-immersive-translate-walked=\"59edd5f4-797d-44be-88ca-0a518ced368b\">\n<p class=\"\" data-start=\"914\" data-end=\"1053\" data-immersive-translate-walked=\"59edd5f4-797d-44be-88ca-0a518ced368b\" data-immersive-translate-paragraph=\"1\">Bat\u00e9ria s kapacitou 13 500 mAh: poskytuje dostatok energie na zabezpe\u010denie dlhodobej \u017eivotnosti a\u017e do 25 000 \u0165ahov v norm\u00e1lnom re\u017eime.<\/p>\n<\/li>\n<\/ul>\n<h4 data-start=\"1055\" data-end=\"1098\" data-immersive-translate-walked=\"59edd5f4-797d-44be-88ca-0a518ced368b\">Technol\u00f3gia a pou\u017e\u00edvate\u013esk\u00e1 jednoduchos\u0165:<\/h4>\n<ul data-start=\"1100\" data-end=\"1636\" data-immersive-translate-walked=\"59edd5f4-797d-44be-88ca-0a518ced368b\">\n<li class=\"\" data-start=\"1100\" data-end=\"1333\" data-immersive-translate-walked=\"59edd5f4-797d-44be-88ca-0a518ced368b\">\n<p class=\"\" data-start=\"1102\" data-end=\"1333\" data-immersive-translate-paragraph=\"1\" data-immersive-translate-walked=\"59edd5f4-797d-44be-88ca-0a518ced368b\">AI Power Adjustment: inteligentn\u00e1 \u00faprava v\u00fdkonu, ktor\u00e1 prisp\u00f4sobuje v\u00fdkon pary pod\u013ea va\u0161ich potrieb. \u010ci chcete jemne alebo intenz\u00edvne vapova\u0165 \u2013 zariadenie sa automaticky prisp\u00f4sob\u00ed va\u0161im po\u017eiadavk\u00e1m.<\/p>\n<\/li>\n<li class=\"\" data-start=\"1334\" data-end=\"1480\" data-immersive-translate-walked=\"59edd5f4-797d-44be-88ca-0a518ced368b\">\n<p class=\"\" data-start=\"1336\" data-end=\"1480\" data-immersive-translate-walked=\"59edd5f4-797d-44be-88ca-0a518ced368b\" data-immersive-translate-paragraph=\"1\">Super Boost VPU Inside: t\u00e1to funkcia zabezpe\u010duje rovnomern\u00fa tvorbu pary a garantuje intenz\u00edvny z\u00e1\u017eitok z vapovania pri ka\u017edom \u0165ahu.<\/p>\n<\/li>\n<li class=\"\" data-start=\"1481\" data-end=\"1636\" data-immersive-translate-walked=\"59edd5f4-797d-44be-88ca-0a518ced368b\">\n<p class=\"\" data-start=\"1483\" data-end=\"1504\" data-immersive-translate-walked=\"59edd5f4-797d-44be-88ca-0a518ced368b\">Dva re\u017eimy vapovania:<\/p>\n<ul data-start=\"1507\" data-end=\"1636\" data-immersive-translate-walked=\"59edd5f4-797d-44be-88ca-0a518ced368b\">\n<li class=\"\" data-start=\"1507\" data-end=\"1545\" data-immersive-translate-walked=\"59edd5f4-797d-44be-88ca-0a518ced368b\">\n<p class=\"\" data-start=\"1509\" data-end=\"1545\" data-immersive-translate-walked=\"59edd5f4-797d-44be-88ca-0a518ced368b\" data-immersive-translate-paragraph=\"1\">Norm\u00e1lny re\u017eim: a\u017e 25 000 \u0165ahov.<\/p>\n<\/li>\n<li class=\"\" data-start=\"1548\" data-end=\"1633\" data-immersive-translate-walked=\"59edd5f4-797d-44be-88ca-0a518ced368b\">\n<p class=\"\" data-start=\"1550\" data-end=\"1633\" data-immersive-translate-walked=\"59edd5f4-797d-44be-88ca-0a518ced368b\" data-immersive-translate-paragraph=\"1\">Pulse re\u017eim: a\u017e 15 000 \u0165ahov pre intenz\u00edvnej\u0161iu paru a r\u00fdchlej\u0161ie vapovanie.<\/p>\n<\/li>\n<\/ul>\n<\/li>\n<\/ul>\n<h4 data-start=\"1637\" data-end=\"1670\" data-immersive-translate-walked=\"59edd5f4-797d-44be-88ca-0a518ced368b\">Chu\u0165ov\u00fd z\u00e1\u017eitok: Peach Ice<\/h4>\n<p class=\"\" data-start=\"1672\" data-end=\"1935\" data-immersive-translate-walked=\"59edd5f4-797d-44be-88ca-0a518ced368b\" data-immersive-translate-paragraph=\"1\">Elf Box Pulse X 25000 pon\u00faka osvie\u017euj\u00facu chu\u0165 Peach Ice, ktor\u00e1 kombinuje sladk\u00fa, \u0161\u0165avnat\u00fa brosky\u0148ov\u00fa nuansu s chladiv\u00fdm mentolov\u00fdm podt\u00f3nom. T\u00e1to chu\u0165 zabezpe\u010duje pr\u00edjemne osvie\u017euj\u00face a intenz\u00edvne vapovanie, ktor\u00e9 v\u00e1s pri ka\u017edom \u0165ahu rozmazn\u00e1va.<\/p>\n<h3 data-start=\"1937\" data-end=\"1976\" data-immersive-translate-walked=\"59edd5f4-797d-44be-88ca-0a518ced368b\">V\u00fdhody Elf Box Pulse X 25000:<\/h3>\n<ul data-start=\"1978\" data-end=\"2485\" data-immersive-translate-walked=\"59edd5f4-797d-44be-88ca-0a518ced368b\">\n<li class=\"\" data-start=\"1978\" data-end=\"2108\" data-immersive-translate-walked=\"59edd5f4-797d-44be-88ca-0a518ced368b\">\n<p class=\"\" data-start=\"1980\" data-end=\"2108\" data-immersive-translate-walked=\"59edd5f4-797d-44be-88ca-0a518ced368b\" data-immersive-translate-paragraph=\"1\">Dlh\u00e1 \u017eivotnos\u0165: 25 000 \u0165ahov v norm\u00e1lnom re\u017eime a 15 000 \u0165ahov v pulse re\u017eime \u2013 ide\u00e1lne pre dlhodob\u00e9 vapovacie z\u00e1\u017eitky.<\/p>\n<\/li>\n<li class=\"\" data-start=\"2109\" data-end=\"2249\" data-immersive-translate-walked=\"59edd5f4-797d-44be-88ca-0a518ced368b\">\n<p class=\"\" data-start=\"2111\" data-end=\"2249\" data-immersive-translate-paragraph=\"1\" data-immersive-translate-walked=\"59edd5f4-797d-44be-88ca-0a518ced368b\">Jednoduch\u00e9 ovl\u00e1danie: zariadenie je pou\u017e\u00edvate\u013esky pr\u00edvetiv\u00e9 a r\u00fdchlo pripraven\u00e9 na pou\u017eitie, s konektorom Type-C pre r\u00fdchle nab\u00edjanie.<\/p>\n<\/li>\n<li class=\"\" data-start=\"2250\" data-end=\"2383\" data-immersive-translate-walked=\"59edd5f4-797d-44be-88ca-0a518ced368b\">\n<p class=\"\" data-start=\"2252\" data-end=\"2383\" data-immersive-translate-walked=\"59edd5f4-797d-44be-88ca-0a518ced368b\" data-immersive-translate-paragraph=\"1\">Flexibiln\u00e9 mo\u017enosti nikot\u00ednu: dostupn\u00e9 vo \u0161tyroch r\u00f4znych stup\u0148och nikot\u00ednu (0%, 2%, 3%, 5%) pre individu\u00e1lny vapovac\u00ed z\u00e1\u017eitok.<\/p>\n<\/li>\n<li class=\"\" data-start=\"2384\" data-end=\"2485\" data-immersive-translate-walked=\"59edd5f4-797d-44be-88ca-0a518ced368b\">\n<p class=\"\" data-start=\"2386\" data-end=\"2485\" data-immersive-translate-walked=\"59edd5f4-797d-44be-88ca-0a518ced368b\" data-immersive-translate-paragraph=\"1\">Bez coln\u00fdch poplatkov: \u017eiadne dodato\u010dn\u00e9 clo pri dodan\u00ed, \u010do e\u0161te viac u\u013eah\u010duje n\u00e1kup.<\/p>\n<\/li>\n<\/ul>\n<h4 data-start=\"2487\" data-end=\"2515\" data-immersive-translate-walked=\"59edd5f4-797d-44be-88ca-0a518ced368b\">Objedn\u00e1vka a doru\u010denie<\/h4>\n<p class=\"\" data-start=\"2517\" data-end=\"2809\" data-immersive-translate-walked=\"59edd5f4-797d-44be-88ca-0a518ced368b\" data-immersive-translate-paragraph=\"1\">Elf Box Pulse X 25000 je exkluz\u00edvne dostupn\u00e1 na vapingnet.de. Objednajte teraz a vyu\u017eite r\u00fdchle doru\u010denie do 7-15 pracovn\u00fdch dn\u00ed. Bezcoln\u00e9 doru\u010denie zabezpe\u010duje, \u017ee nebudete ma\u0165 \u017eiadne \u010fal\u0161ie n\u00e1klady a m\u00f4\u017eete za\u010da\u0165 svoju vapingov\u00fa sk\u00fasenos\u0165 priamo.<\/p>\n<p class=\"\" data-start=\"2517\" data-end=\"2809\" data-immersive-translate-walked=\"59edd5f4-797d-44be-88ca-0a518ced368b\" data-immersive-translate-paragraph=\"1\">Elf Box Pulse X 25000 pon\u00faka v\u0161etko, \u010do si vapingov\u00fd nad\u0161enec \u017eel\u00e1: dlh\u00fa v\u00fddr\u017e, v\u0161estrann\u00e9 funkcie a osvie\u017euj\u00faci chu\u0165ov\u00fd z\u00e1\u017eitok. Z\u00edskajte svoju Pulse X 25000 e\u0161te dnes a za\u017eite vaping na novej \u00farovni.<\/p>","protected":false},"excerpt":{"rendered":"<p>Elf Box Pulse X 25000 \u2013 Najnov\u0161ia e-cigareta pre n\u00e1ro\u010dn\u00e9ho vap\u00e9ra Elf Box Pulse X 25000 kombinuje najnov\u0161ie technol\u00f3gie s v\u00fdnimo\u010dn\u00fdm v\u00fdkonom...<\/p>","protected":false},"featured_media":6873,"template":"","meta":[],"etheme_brands":[],"product_brand":[100],"product_cat":[55,49,61],"product_tag":[],"class_list":{"0":"post-6322","1":"product","2":"type-product","3":"status-publish","4":"has-post-thumbnail","6":"product_brand-elf-box-vape","7":"product_cat-vape-25000-zuege","8":"product_cat-einweg-e-zigarette","9":"product_cat-f","11":"first","12":"instock","13":"shipping-taxable","14":"purchasable","15":"product-type-simple"},"yoast_head":"<!-- This site is optimized with the Yoast SEO plugin v26.5 - https:\/\/yoast.com\/wordpress\/plugins\/seo\/ -->\n<title>Peach Ice Jetzt Entdecken Elf Box Pulse X 25000 Hype | Vapingnet.de<\/title>\n<meta name=\"description\" content=\"Entdecke Peach Ice Jetzt Entdecken Elf Box Pulse X 25000 Hype bei vapingnet.de, \u25ba Gro\u00dfe Auswahl an Geschmacksrichtungen &amp; super g\u00fcnstig!\" \/>\n<meta name=\"robots\" content=\"index, follow, max-snippet:-1, max-image-preview:large, max-video-preview:-1\" \/>\n<link rel=\"canonical\" href=\"https:\/\/vapingnet.de\/sk\/vape\/peach-ice-jetzt-entdecken-elf-box-pulse-x-25000-hype\/\" \/>\n<meta property=\"og:locale\" content=\"sk_SK\" \/>\n<meta property=\"og:type\" content=\"article\" \/>\n<meta property=\"og:title\" content=\"Peach Ice Jetzt Entdecken Elf Box Pulse X 25000 Hype | Vapingnet.de\" \/>\n<meta property=\"og:description\" content=\"Entdecke Peach Ice Jetzt Entdecken Elf Box Pulse X 25000 Hype bei vapingnet.de, \u25ba Gro\u00dfe Auswahl an Geschmacksrichtungen &amp; super g\u00fcnstig!\" \/>\n<meta property=\"og:url\" content=\"https:\/\/vapingnet.de\/sk\/vape\/peach-ice-jetzt-entdecken-elf-box-pulse-x-25000-hype\/\" \/>\n<meta property=\"og:site_name\" content=\"Vapingnet.de\" \/>\n<meta property=\"article:publisher\" content=\"https:\/\/www.facebook.com\/vapingnetde\/\" \/>\n<meta property=\"article:modified_time\" content=\"2025-06-19T03:43:03+00:00\" \/>\n<meta property=\"og:image\" content=\"https:\/\/vapingnet.de\/wp-content\/uploads\/2025\/04\/PEACH-ICE-3.webp\" \/>\n\t<meta property=\"og:image:width\" content=\"1000\" \/>\n\t<meta property=\"og:image:height\" content=\"1000\" \/>\n\t<meta property=\"og:image:type\" content=\"image\/webp\" \/>\n<meta name=\"twitter:card\" content=\"summary_large_image\" \/>\n<meta name=\"twitter:label1\" content=\"Est. reading time\" \/>\n\t<meta name=\"twitter:data1\" content=\"3 minutes\" \/>\n<script type=\"application\/ld+json\" class=\"yoast-schema-graph\">{\"@context\":\"https:\/\/schema.org\",\"@graph\":[{\"@type\":\"WebPage\",\"@id\":\"https:\/\/vapingnet.de\/vape\/peach-ice-jetzt-entdecken-elf-box-pulse-x-25000-hype\/\",\"url\":\"https:\/\/vapingnet.de\/vape\/peach-ice-jetzt-entdecken-elf-box-pulse-x-25000-hype\/\",\"name\":\"Peach Ice Jetzt Entdecken Elf Box Pulse X 25000 Hype | Vapingnet.de\",\"isPartOf\":{\"@id\":\"https:\/\/vapingnet.de\/#website\"},\"primaryImageOfPage\":{\"@id\":\"https:\/\/vapingnet.de\/vape\/peach-ice-jetzt-entdecken-elf-box-pulse-x-25000-hype\/#primaryimage\"},\"image\":{\"@id\":\"https:\/\/vapingnet.de\/vape\/peach-ice-jetzt-entdecken-elf-box-pulse-x-25000-hype\/#primaryimage\"},\"thumbnailUrl\":\"https:\/\/vapingnet.de\/wp-content\/uploads\/2025\/04\/PEACH-ICE-3.webp\",\"datePublished\":\"2025-04-15T03:24:08+00:00\",\"dateModified\":\"2025-06-19T03:43:03+00:00\",\"description\":\"Entdecke Peach Ice Jetzt Entdecken Elf Box Pulse X 25000 Hype bei vapingnet.de, \u25ba Gro\u00dfe Auswahl an Geschmacksrichtungen & super g\u00fcnstig!\",\"breadcrumb\":{\"@id\":\"https:\/\/vapingnet.de\/vape\/peach-ice-jetzt-entdecken-elf-box-pulse-x-25000-hype\/#breadcrumb\"},\"inLanguage\":\"sk-SK\",\"potentialAction\":[{\"@type\":\"ReadAction\",\"target\":[\"https:\/\/vapingnet.de\/vape\/peach-ice-jetzt-entdecken-elf-box-pulse-x-25000-hype\/\"]}]},{\"@type\":\"ImageObject\",\"inLanguage\":\"sk-SK\",\"@id\":\"https:\/\/vapingnet.de\/vape\/peach-ice-jetzt-entdecken-elf-box-pulse-x-25000-hype\/#primaryimage\",\"url\":\"https:\/\/vapingnet.de\/wp-content\/uploads\/2025\/04\/PEACH-ICE-3.webp\",\"contentUrl\":\"https:\/\/vapingnet.de\/wp-content\/uploads\/2025\/04\/PEACH-ICE-3.webp\",\"width\":1000,\"height\":1000},{\"@type\":\"BreadcrumbList\",\"@id\":\"https:\/\/vapingnet.de\/vape\/peach-ice-jetzt-entdecken-elf-box-pulse-x-25000-hype\/#breadcrumb\",\"itemListElement\":[{\"@type\":\"ListItem\",\"position\":1,\"name\":\"Home\",\"item\":\"https:\/\/vapingnet.de\/\"},{\"@type\":\"ListItem\",\"position\":2,\"name\":\"Shop\",\"item\":\"https:\/\/vapingnet.de\/vape\/\"},{\"@type\":\"ListItem\",\"position\":3,\"name\":\"Peach Ice Jetzt Entdecken Elf Box Pulse X 25000 Hype\"}]},{\"@type\":\"WebSite\",\"@id\":\"https:\/\/vapingnet.de\/#website\",\"url\":\"https:\/\/vapingnet.de\/\",\"name\":\"Vapingnet.de\",\"description\":\"\",\"publisher\":{\"@id\":\"https:\/\/vapingnet.de\/#organization\"},\"potentialAction\":[{\"@type\":\"SearchAction\",\"target\":{\"@type\":\"EntryPoint\",\"urlTemplate\":\"https:\/\/vapingnet.de\/?s={search_term_string}\"},\"query-input\":{\"@type\":\"PropertyValueSpecification\",\"valueRequired\":true,\"valueName\":\"search_term_string\"}}],\"inLanguage\":\"sk-SK\"},{\"@type\":\"Organization\",\"@id\":\"https:\/\/vapingnet.de\/#organization\",\"name\":\"Vapingnet.de\",\"url\":\"https:\/\/vapingnet.de\/\",\"logo\":{\"@type\":\"ImageObject\",\"inLanguage\":\"sk-SK\",\"@id\":\"https:\/\/vapingnet.de\/#\/schema\/logo\/image\/\",\"url\":\"https:\/\/vapingnet.de\/wp-content\/uploads\/2025\/03\/cropped-vapingnet.de_.jpg\",\"contentUrl\":\"https:\/\/vapingnet.de\/wp-content\/uploads\/2025\/03\/cropped-vapingnet.de_.jpg\",\"width\":512,\"height\":512,\"caption\":\"Vapingnet.de\"},\"image\":{\"@id\":\"https:\/\/vapingnet.de\/#\/schema\/logo\/image\/\"},\"sameAs\":[\"https:\/\/www.facebook.com\/vapingnetde\/\"]}]}<\/script>\n<!-- \/ Yoast SEO plugin. -->","yoast_head_json":{"title":"Peach Ice Jetzt Entdecken Elf Box Pulse X 25000 Hype | Vapingnet.de","description":"Entdecke Peach Ice Jetzt Entdecken Elf Box Pulse X 25000 Hype bei vapingnet.de, \u25ba Gro\u00dfe Auswahl an Geschmacksrichtungen & super g\u00fcnstig!","robots":{"index":"index","follow":"follow","max-snippet":"max-snippet:-1","max-image-preview":"max-image-preview:large","max-video-preview":"max-video-preview:-1"},"canonical":"https:\/\/vapingnet.de\/sk\/vape\/peach-ice-jetzt-entdecken-elf-box-pulse-x-25000-hype\/","og_locale":"sk_SK","og_type":"article","og_title":"Peach Ice Jetzt Entdecken Elf Box Pulse X 25000 Hype | Vapingnet.de","og_description":"Entdecke Peach Ice Jetzt Entdecken Elf Box Pulse X 25000 Hype bei vapingnet.de, \u25ba Gro\u00dfe Auswahl an Geschmacksrichtungen & super g\u00fcnstig!","og_url":"https:\/\/vapingnet.de\/sk\/vape\/peach-ice-jetzt-entdecken-elf-box-pulse-x-25000-hype\/","og_site_name":"Vapingnet.de","article_publisher":"https:\/\/www.facebook.com\/vapingnetde\/","article_modified_time":"2025-06-19T03:43:03+00:00","og_image":[{"width":1000,"height":1000,"url":"https:\/\/vapingnet.de\/wp-content\/uploads\/2025\/04\/PEACH-ICE-3.webp","type":"image\/webp"}],"twitter_card":"summary_large_image","twitter_misc":{"Est. reading time":"3 minutes"},"schema":{"@context":"https:\/\/schema.org","@graph":[{"@type":"WebPage","@id":"https:\/\/vapingnet.de\/vape\/peach-ice-jetzt-entdecken-elf-box-pulse-x-25000-hype\/","url":"https:\/\/vapingnet.de\/vape\/peach-ice-jetzt-entdecken-elf-box-pulse-x-25000-hype\/","name":"Peach Ice Jetzt Entdecken Elf Box Pulse X 25000 Hype | Vapingnet.de","isPartOf":{"@id":"https:\/\/vapingnet.de\/#website"},"primaryImageOfPage":{"@id":"https:\/\/vapingnet.de\/vape\/peach-ice-jetzt-entdecken-elf-box-pulse-x-25000-hype\/#primaryimage"},"image":{"@id":"https:\/\/vapingnet.de\/vape\/peach-ice-jetzt-entdecken-elf-box-pulse-x-25000-hype\/#primaryimage"},"thumbnailUrl":"https:\/\/vapingnet.de\/wp-content\/uploads\/2025\/04\/PEACH-ICE-3.webp","datePublished":"2025-04-15T03:24:08+00:00","dateModified":"2025-06-19T03:43:03+00:00","description":"Entdecke Peach Ice Jetzt Entdecken Elf Box Pulse X 25000 Hype bei vapingnet.de, \u25ba Gro\u00dfe Auswahl an Geschmacksrichtungen & super g\u00fcnstig!","breadcrumb":{"@id":"https:\/\/vapingnet.de\/vape\/peach-ice-jetzt-entdecken-elf-box-pulse-x-25000-hype\/#breadcrumb"},"inLanguage":"sk-SK","potentialAction":[{"@type":"ReadAction","target":["https:\/\/vapingnet.de\/vape\/peach-ice-jetzt-entdecken-elf-box-pulse-x-25000-hype\/"]}]},{"@type":"ImageObject","inLanguage":"sk-SK","@id":"https:\/\/vapingnet.de\/vape\/peach-ice-jetzt-entdecken-elf-box-pulse-x-25000-hype\/#primaryimage","url":"https:\/\/vapingnet.de\/wp-content\/uploads\/2025\/04\/PEACH-ICE-3.webp","contentUrl":"https:\/\/vapingnet.de\/wp-content\/uploads\/2025\/04\/PEACH-ICE-3.webp","width":1000,"height":1000},{"@type":"BreadcrumbList","@id":"https:\/\/vapingnet.de\/vape\/peach-ice-jetzt-entdecken-elf-box-pulse-x-25000-hype\/#breadcrumb","itemListElement":[{"@type":"ListItem","position":1,"name":"Home","item":"https:\/\/vapingnet.de\/"},{"@type":"ListItem","position":2,"name":"Shop","item":"https:\/\/vapingnet.de\/vape\/"},{"@type":"ListItem","position":3,"name":"Peach Ice Jetzt Entdecken Elf Box Pulse X 25000 Hype"}]},{"@type":"WebSite","@id":"https:\/\/vapingnet.de\/#website","url":"https:\/\/vapingnet.de\/","name":"Vapingnet.de","description":"","publisher":{"@id":"https:\/\/vapingnet.de\/#organization"},"potentialAction":[{"@type":"SearchAction","target":{"@type":"EntryPoint","urlTemplate":"https:\/\/vapingnet.de\/?s={search_term_string}"},"query-input":{"@type":"PropertyValueSpecification","valueRequired":true,"valueName":"search_term_string"}}],"inLanguage":"sk-SK"},{"@type":"Organization","@id":"https:\/\/vapingnet.de\/#organization","name":"Vapingnet.de","url":"https:\/\/vapingnet.de\/","logo":{"@type":"ImageObject","inLanguage":"sk-SK","@id":"https:\/\/vapingnet.de\/#\/schema\/logo\/image\/","url":"https:\/\/vapingnet.de\/wp-content\/uploads\/2025\/03\/cropped-vapingnet.de_.jpg","contentUrl":"https:\/\/vapingnet.de\/wp-content\/uploads\/2025\/03\/cropped-vapingnet.de_.jpg","width":512,"height":512,"caption":"Vapingnet.de"},"image":{"@id":"https:\/\/vapingnet.de\/#\/schema\/logo\/image\/"},"sameAs":["https:\/\/www.facebook.com\/vapingnetde\/"]}]}},"tiered_pricing_type":"fixed","tiered_pricing_fixed_rules":{"10":"13.77","60":"12.39","110":"11.02","200":"9.64"},"tiered_pricing_product_settings":{"layout":"default","base_unit_name":{"singular":null,"plural":null},"default_variation":null},"tiered_pricing_minimum_quantity":null,"tiered_pricing_roles_data":[],"tiered_pricing_percentage_rules":[],"_links":{"self":[{"href":"https:\/\/vapingnet.de\/sk\/wp-json\/wp\/v2\/product\/6322","targetHints":{"allow":["GET"]}}],"collection":[{"href":"https:\/\/vapingnet.de\/sk\/wp-json\/wp\/v2\/product"}],"about":[{"href":"https:\/\/vapingnet.de\/sk\/wp-json\/wp\/v2\/types\/product"}],"version-history":[{"count":1,"href":"https:\/\/vapingnet.de\/sk\/wp-json\/wp\/v2\/product\/6322\/revisions"}],"predecessor-version":[{"id":6332,"href":"https:\/\/vapingnet.de\/sk\/wp-json\/wp\/v2\/product\/6322\/revisions\/6332"}],"wp:featuredmedia":[{"embeddable":true,"href":"https:\/\/vapingnet.de\/sk\/wp-json\/wp\/v2\/media\/6873"}],"wp:attachment":[{"href":"https:\/\/vapingnet.de\/sk\/wp-json\/wp\/v2\/media?parent=6322"}],"wp:term":[{"taxonomy":"brand","embeddable":true,"href":"https:\/\/vapingnet.de\/sk\/wp-json\/wp\/v2\/etheme_brands?post=6322"},{"taxonomy":"product_brand","embeddable":true,"href":"https:\/\/vapingnet.de\/sk\/wp-json\/wp\/v2\/product_brand?post=6322"},{"taxonomy":"product_cat","embeddable":true,"href":"https:\/\/vapingnet.de\/sk\/wp-json\/wp\/v2\/product_cat?post=6322"},{"taxonomy":"product_tag","embeddable":true,"href":"https:\/\/vapingnet.de\/sk\/wp-json\/wp\/v2\/product_tag?post=6322"}],"curies":[{"name":"wp","href":"https:\/\/api.w.org\/{rel}","templated":true}]}}