{"id":6335,"date":"2025-04-15T03:41:02","date_gmt":"2025-04-15T03:41:02","guid":{"rendered":"https:\/\/vapingnet.de\/?post_type=product&#038;p=6335"},"modified":"2025-06-19T03:43:02","modified_gmt":"2025-06-19T03:43:02","slug":"bestseller-elf-box-pulse-x-25000-mit-red-bull-weltweit-beliebt","status":"publish","type":"product","link":"https:\/\/vapingnet.de\/sk\/vape\/bestseller-elf-box-pulse-x-25000-mit-red-bull-weltweit-beliebt\/","title":{"rendered":"Najpred\u00e1vanej\u0161ie ELF BOX PULSE X 25000 S Red Bull Celosvetovo ob\u013e\u00faben\u00e9"},"content":{"rendered":"<h2 data-start=\"0\" data-end=\"59\">Elf Box Pulse X 25000: Va\u0161a dokonal\u00e1 jednorazov\u00e1 e-cigareta<\/h2>\n<p class=\"\" data-start=\"61\" data-end=\"424\">Elf Box Pulse X 25000 stanovuje nov\u00e9 \u0161tandardy v svete jednorazov\u00fdch e-cigariet. S inovat\u00edvnou technol\u00f3giou a v\u00fdnimo\u010dn\u00fdmi v\u00fdkonov\u00fdmi vlastnos\u0165ami je t\u00e1to e-cigareta ide\u00e1lnou vo\u013ebou pre v\u0161etk\u00fdch, ktor\u00ed h\u013eadaj\u00fa intenz\u00edvny a dlhotrvaj\u00faci z\u00e1\u017eitok z vapovania. Objavte, pre\u010do je Elf Box Pulse X 25000 absol\u00fatnou nevyhnutnos\u0165ou pre vapovanie.<\/p>\n<h3 class=\"\" data-start=\"426\" data-end=\"473\">Hlavn\u00e9 vlastnosti Elf Box Pulse X 25000<\/h3>\n<div class=\"pointer-events-none relative left-[50%]! flex w-[100cqw] translate-x-[-50%] justify-center *:pointer-events-auto\">\n<div class=\"tableContainer horzScrollShadows\">\n<table class=\"min-w-full\" data-start=\"475\" data-end=\"1602\">\n<thead data-start=\"475\" data-end=\"586\">\n<tr data-start=\"475\" data-end=\"586\">\n<th data-start=\"475\" data-end=\"507\">Vlastnos\u0165<\/th>\n<th data-start=\"507\" data-end=\"586\">Detaily<\/th>\n<\/tr>\n<\/thead>\n<tbody data-start=\"699\" data-end=\"1602\">\n<tr data-start=\"699\" data-end=\"811\">\n<td class=\"max-w-[calc(var(--thread-content-max-width)*2\/3)]\" data-start=\"699\" data-end=\"732\">Typ cievky<\/td>\n<td class=\"max-w-[calc(var(--thread-content-max-width)*2\/3)]\" data-start=\"732\" data-end=\"811\">Dvojit\u00fd mesh cievka (0,8 Ohm + 0,8 Ohm)<\/td>\n<\/tr>\n<tr data-start=\"812\" data-end=\"924\">\n<td class=\"max-w-[calc(var(--thread-content-max-width)*2\/3)]\" data-start=\"812\" data-end=\"845\">Kapacita e-liquidu<\/td>\n<td class=\"max-w-[calc(var(--thread-content-max-width)*2\/3)]\" data-start=\"845\" data-end=\"924\">18 ml<\/td>\n<\/tr>\n<tr data-start=\"925\" data-end=\"1037\">\n<td class=\"max-w-[calc(var(--thread-content-max-width)*2\/3)]\" data-start=\"925\" data-end=\"958\">Mo\u017enosti nikot\u00ednu<\/td>\n<td class=\"max-w-[calc(var(--thread-content-max-width)*2\/3)]\" data-start=\"958\" data-end=\"1037\">0%, 2%, 3%, 5%<\/td>\n<\/tr>\n<tr data-start=\"1038\" data-end=\"1150\">\n<td class=\"max-w-[calc(var(--thread-content-max-width)*2\/3)]\" data-start=\"1038\" data-end=\"1071\">Kapacita bat\u00e9rie<\/td>\n<td class=\"max-w-[calc(var(--thread-content-max-width)*2\/3)]\" data-start=\"1071\" data-end=\"1150\">13 500-750 mAh<\/td>\n<\/tr>\n<tr data-start=\"1151\" data-end=\"1263\">\n<td class=\"max-w-[calc(var(--thread-content-max-width)*2\/3)]\" data-start=\"1151\" data-end=\"1184\">Pripojenie na nab\u00edjanie<\/td>\n<td class=\"max-w-[calc(var(--thread-content-max-width)*2\/3)]\" data-start=\"1184\" data-end=\"1263\">Type-C<\/td>\n<\/tr>\n<tr data-start=\"1264\" data-end=\"1376\">\n<td class=\"max-w-[calc(var(--thread-content-max-width)*2\/3)]\" data-start=\"1264\" data-end=\"1297\">Re\u017eimy<\/td>\n<td class=\"max-w-[calc(var(--thread-content-max-width)*2\/3)] min-w-[calc(var(--thread-content-max-width)\/3)]\" data-start=\"1297\" data-end=\"1376\">Norm\u00e1lny re\u017eim (25 000 \u0165ahov), Pulse re\u017eim (15 000 \u0165ahov)<\/td>\n<\/tr>\n<tr data-start=\"1377\" data-end=\"1489\">\n<td class=\"max-w-[calc(var(--thread-content-max-width)*2\/3)]\" data-start=\"1377\" data-end=\"1410\">Chute<\/td>\n<td class=\"max-w-[calc(var(--thread-content-max-width)*2\/3)]\" data-start=\"1410\" data-end=\"1489\">Red Bull<\/td>\n<\/tr>\n<tr data-start=\"1490\" data-end=\"1602\">\n<td class=\"max-w-[calc(var(--thread-content-max-width)*2\/3)]\" data-start=\"1490\" data-end=\"1523\">Prev\u00e1dzkov\u00e1 doba<\/td>\n<td class=\"max-w-[calc(var(--thread-content-max-width)*2\/3)]\" data-start=\"1523\" data-end=\"1602\">7-15 pracovn\u00fdch dn\u00ed (bez cla)<\/td>\n<\/tr>\n<\/tbody>\n<\/table>\n<\/div>\n<\/div>\n<h4 data-start=\"1604\" data-end=\"1632\">V\u00fdkon a technol\u00f3gia<\/h4>\n<p class=\"\" data-start=\"1634\" data-end=\"2013\">Elf Box Pulse X 25000 pon\u00faka p\u00f4sobiv\u00fd v\u00fdkon v\u010faka pokro\u010dil\u00fdm dvojit\u00fdm mesh cievkam (ka\u017ed\u00e1 0,8 Ohm). Tieto cievky zabezpe\u010duj\u00fa rovnomern\u00e9 zahrievanie a vynikaj\u00faci v\u00fdstup chuti. S kapacitou e-liquidu 18 ml a kapacitou bat\u00e9rie 13 500-750 mAh m\u00f4\u017eete vapova\u0165 dlh\u0161ie bez nutnosti neust\u00e1leho dob\u00edjania zariadenia.<\/p>\n<h4>Dva re\u017eimy pre individu\u00e1lne vapovanie<\/h4>\n<p class=\"\" data-start=\"2061\" data-end=\"2114\">Elf Box Pulse X 25000 m\u00e1 dva re\u017eimy:<\/p>\n<ul data-start=\"2116\" data-end=\"2341\">\n<li class=\"\" data-start=\"2116\" data-end=\"2197\">\n<p class=\"\" data-start=\"2118\" data-end=\"2197\">Norm\u00e1lny re\u017eim: Pon\u00faka a\u017e <a href=\"https:\/\/vapingnet.de\/sk\/k\/vape-25000-zuege\/\" target=\"_blank\" rel=\"noopener\"><strong>25 000  \u0165ahov<\/strong><\/a>, ide\u00e1lny pre dlh\u00e9 vapovanie.<\/p>\n<\/li>\n<li class=\"\" data-start=\"2198\" data-end=\"2341\">\n<p class=\"\" data-start=\"2200\" data-end=\"2341\">Pulse re\u017eim: Zni\u017euje po\u010det \u0165ahov na 15 000, ale zvy\u0161uje mno\u017estvo a intenzitu pary pre e\u0161te intenz\u00edvnej\u0161\u00ed z\u00e1\u017eitok.<\/p>\n<\/li>\n<\/ul>\n<p class=\"\" data-start=\"2343\" data-end=\"2565\">Nastavenie v\u00fdkonu je zabezpe\u010den\u00e9 technol\u00f3giou AI Power Adjustment a Super Boost VPU Inside, tak\u017ee si m\u00f4\u017eete v\u017edy vychutna\u0165 rovnomern\u00fa produkciu pary a kon\u0161tantn\u00fd rozvoj chuti.<\/p>\n<h4 data-start=\"2567\" data-end=\"2611\">Jednoduch\u00e9 nab\u00edjanie a r\u00fdchle pou\u017eitie<\/h4>\n<p class=\"\" data-start=\"2613\" data-end=\"2819\">S Type-C konektorom sa Elf Box Pulse X 25000 r\u00fdchlo nabije, tak\u017ee budete op\u00e4\u0165 pripraven\u00ed na pou\u017eitie behom okamihu. To zaru\u010duje spo\u013eahliv\u00e9 pou\u017e\u00edvanie bez dlh\u00fdch \u010dakac\u00edch \u010dasov na nab\u00edjanie.<\/p>\n<h4 data-start=\"2821\" data-end=\"2861\">Osvie\u017eaj\u00faca chu\u0165 Red Bull<\/h4>\n<p class=\"\" data-start=\"2863\" data-end=\"3126\">Elf Box Pulse X 25000 pon\u00faka vzru\u0161uj\u00facu chu\u0165 Red Bull, ktor\u00e1 je nielen osvie\u017euj\u00faca, ale aj povzbudzuj\u00faca. T\u00e1to chu\u0165 pripom\u00edna zn\u00e1me n\u00e1poje a poskytuje v\u00e1m dokonal\u00fd z\u00e1\u017eitok z vapovania, ktor\u00fd v\u00e1s energizuje s ka\u017edou oblakou.<\/p>\n<h4 data-start=\"3593\" data-end=\"3644\">Dovoz bez cla a jednoduch\u00e1 objedn\u00e1vka<\/h4>\n<p class=\"\" data-start=\"3646\" data-end=\"3921\">Elf Box Pulse X 25000 je dostupn\u00e1 na vapingnet.de. Objednajte si teraz a u\u017e\u00edvajte si dovoz bez cla, ktor\u00fd trv\u00e1 len 7-15 pracovn\u00fdch dn\u00ed. Na vapingnet.de m\u00f4\u017eete nakupova\u0165 pohodlne a bezpe\u010dne, bez ob\u00e1v z dodato\u010dn\u00fdch poplatkov.<\/p>\n<h4 data-start=\"3923\" data-end=\"3936\">Pre\u010do je Elf Box Pulse X 25000 va\u0161ou ide\u00e1lnou vo\u013ebou<\/h4>\n<p class=\"\" data-start=\"3938\" data-end=\"4340\">Elf Box Pulse X 25000 kombinuje v\u00fdkonn\u00fa technol\u00f3giu, pou\u017e\u00edvate\u013esky pr\u00edvetiv\u00e9 funkcie a v\u00fdnimo\u010dn\u00fa chu\u0165 v jednom zariaden\u00ed. Ak h\u013ead\u00e1te spo\u013eahliv\u00fa a kvalitn\u00fa jednorazov\u00fa e-cigaretu, ktor\u00e1 v\u00e1m bude dlho robi\u0165 rados\u0165, potom je Elf Box Pulse X 25000 tou spr\u00e1vnou vo\u013ebou pre v\u00e1s. Nav\u0161t\u00edvte vapingnet.de a za\u017eite vapovanie \u010fal\u0161ej gener\u00e1cie!<\/p>","protected":false},"excerpt":{"rendered":"<p>Elf Box Pulse X 25000: Va\u0161a dokonal\u00e1 jednorazov\u00e1 e-cigareta Elf Box Pulse X 25000 stanovuje nov\u00e9 \u0161tandardy v svete jednorazov\u00fdch e-cigariet. S inovat\u00edvnou technol\u00f3giou...<\/p>","protected":false},"featured_media":6870,"template":"","meta":[],"etheme_brands":[],"product_brand":[100],"product_cat":[55,49,61],"product_tag":[],"class_list":{"0":"post-6335","1":"product","2":"type-product","3":"status-publish","4":"has-post-thumbnail","6":"product_brand-elf-box-vape","7":"product_cat-vape-25000-zuege","8":"product_cat-einweg-e-zigarette","9":"product_cat-f","11":"first","12":"instock","13":"shipping-taxable","14":"purchasable","15":"product-type-simple"},"yoast_head":"<!-- This site is optimized with the Yoast SEO plugin v26.5 - https:\/\/yoast.com\/wordpress\/plugins\/seo\/ -->\n<title>Bestseller ELF BOX PULSE X 25000 Mit Red Bull Weltweit Beliebt | Vapingnet.de<\/title>\n<meta name=\"description\" content=\"Entdecke Bestseller ELF BOX PULSE X 25000 Mit Red Bull Weltweit Beliebt bei vapingnet.de, \u25ba Gro\u00dfe Auswahl an Geschmacksrichtungen &amp; super g\u00fcnstig!\" \/>\n<meta name=\"robots\" content=\"index, follow, max-snippet:-1, max-image-preview:large, max-video-preview:-1\" \/>\n<link rel=\"canonical\" href=\"https:\/\/vapingnet.de\/sk\/vape\/bestseller-elf-box-pulse-x-25000-mit-red-bull-weltweit-beliebt\/\" \/>\n<meta property=\"og:locale\" content=\"sk_SK\" \/>\n<meta property=\"og:type\" content=\"article\" \/>\n<meta property=\"og:title\" content=\"Bestseller ELF BOX PULSE X 25000 Mit Red Bull Weltweit Beliebt | Vapingnet.de\" \/>\n<meta property=\"og:description\" content=\"Entdecke Bestseller ELF BOX PULSE X 25000 Mit Red Bull Weltweit Beliebt bei vapingnet.de, \u25ba Gro\u00dfe Auswahl an Geschmacksrichtungen &amp; super g\u00fcnstig!\" \/>\n<meta property=\"og:url\" content=\"https:\/\/vapingnet.de\/sk\/vape\/bestseller-elf-box-pulse-x-25000-mit-red-bull-weltweit-beliebt\/\" \/>\n<meta property=\"og:site_name\" content=\"Vapingnet.de\" \/>\n<meta property=\"article:publisher\" content=\"https:\/\/www.facebook.com\/vapingnetde\/\" \/>\n<meta property=\"article:modified_time\" content=\"2025-06-19T03:43:02+00:00\" \/>\n<meta property=\"og:image\" content=\"https:\/\/vapingnet.de\/wp-content\/uploads\/2025\/04\/RED-BULL-1.webp\" \/>\n\t<meta property=\"og:image:width\" content=\"1000\" \/>\n\t<meta property=\"og:image:height\" content=\"1000\" \/>\n\t<meta property=\"og:image:type\" content=\"image\/webp\" \/>\n<meta name=\"twitter:card\" content=\"summary_large_image\" \/>\n<meta name=\"twitter:label1\" content=\"Est. reading time\" \/>\n\t<meta name=\"twitter:data1\" content=\"3 minutes\" \/>\n<script type=\"application\/ld+json\" class=\"yoast-schema-graph\">{\"@context\":\"https:\/\/schema.org\",\"@graph\":[{\"@type\":\"WebPage\",\"@id\":\"https:\/\/vapingnet.de\/vape\/bestseller-elf-box-pulse-x-25000-mit-red-bull-weltweit-beliebt\/\",\"url\":\"https:\/\/vapingnet.de\/vape\/bestseller-elf-box-pulse-x-25000-mit-red-bull-weltweit-beliebt\/\",\"name\":\"Bestseller ELF BOX PULSE X 25000 Mit Red Bull Weltweit Beliebt | Vapingnet.de\",\"isPartOf\":{\"@id\":\"https:\/\/vapingnet.de\/#website\"},\"primaryImageOfPage\":{\"@id\":\"https:\/\/vapingnet.de\/vape\/bestseller-elf-box-pulse-x-25000-mit-red-bull-weltweit-beliebt\/#primaryimage\"},\"image\":{\"@id\":\"https:\/\/vapingnet.de\/vape\/bestseller-elf-box-pulse-x-25000-mit-red-bull-weltweit-beliebt\/#primaryimage\"},\"thumbnailUrl\":\"https:\/\/vapingnet.de\/wp-content\/uploads\/2025\/04\/RED-BULL-1.webp\",\"datePublished\":\"2025-04-15T03:41:02+00:00\",\"dateModified\":\"2025-06-19T03:43:02+00:00\",\"description\":\"Entdecke Bestseller ELF BOX PULSE X 25000 Mit Red Bull Weltweit Beliebt bei vapingnet.de, \u25ba Gro\u00dfe Auswahl an Geschmacksrichtungen & super g\u00fcnstig!\",\"breadcrumb\":{\"@id\":\"https:\/\/vapingnet.de\/vape\/bestseller-elf-box-pulse-x-25000-mit-red-bull-weltweit-beliebt\/#breadcrumb\"},\"inLanguage\":\"sk-SK\",\"potentialAction\":[{\"@type\":\"ReadAction\",\"target\":[\"https:\/\/vapingnet.de\/vape\/bestseller-elf-box-pulse-x-25000-mit-red-bull-weltweit-beliebt\/\"]}]},{\"@type\":\"ImageObject\",\"inLanguage\":\"sk-SK\",\"@id\":\"https:\/\/vapingnet.de\/vape\/bestseller-elf-box-pulse-x-25000-mit-red-bull-weltweit-beliebt\/#primaryimage\",\"url\":\"https:\/\/vapingnet.de\/wp-content\/uploads\/2025\/04\/RED-BULL-1.webp\",\"contentUrl\":\"https:\/\/vapingnet.de\/wp-content\/uploads\/2025\/04\/RED-BULL-1.webp\",\"width\":1000,\"height\":1000},{\"@type\":\"BreadcrumbList\",\"@id\":\"https:\/\/vapingnet.de\/vape\/bestseller-elf-box-pulse-x-25000-mit-red-bull-weltweit-beliebt\/#breadcrumb\",\"itemListElement\":[{\"@type\":\"ListItem\",\"position\":1,\"name\":\"Home\",\"item\":\"https:\/\/vapingnet.de\/\"},{\"@type\":\"ListItem\",\"position\":2,\"name\":\"Shop\",\"item\":\"https:\/\/vapingnet.de\/vape\/\"},{\"@type\":\"ListItem\",\"position\":3,\"name\":\"Bestseller ELF BOX PULSE X 25000 Mit Red Bull Weltweit Beliebt\"}]},{\"@type\":\"WebSite\",\"@id\":\"https:\/\/vapingnet.de\/#website\",\"url\":\"https:\/\/vapingnet.de\/\",\"name\":\"Vapingnet.de\",\"description\":\"\",\"publisher\":{\"@id\":\"https:\/\/vapingnet.de\/#organization\"},\"potentialAction\":[{\"@type\":\"SearchAction\",\"target\":{\"@type\":\"EntryPoint\",\"urlTemplate\":\"https:\/\/vapingnet.de\/?s={search_term_string}\"},\"query-input\":{\"@type\":\"PropertyValueSpecification\",\"valueRequired\":true,\"valueName\":\"search_term_string\"}}],\"inLanguage\":\"sk-SK\"},{\"@type\":\"Organization\",\"@id\":\"https:\/\/vapingnet.de\/#organization\",\"name\":\"Vapingnet.de\",\"url\":\"https:\/\/vapingnet.de\/\",\"logo\":{\"@type\":\"ImageObject\",\"inLanguage\":\"sk-SK\",\"@id\":\"https:\/\/vapingnet.de\/#\/schema\/logo\/image\/\",\"url\":\"https:\/\/vapingnet.de\/wp-content\/uploads\/2025\/03\/cropped-vapingnet.de_.jpg\",\"contentUrl\":\"https:\/\/vapingnet.de\/wp-content\/uploads\/2025\/03\/cropped-vapingnet.de_.jpg\",\"width\":512,\"height\":512,\"caption\":\"Vapingnet.de\"},\"image\":{\"@id\":\"https:\/\/vapingnet.de\/#\/schema\/logo\/image\/\"},\"sameAs\":[\"https:\/\/www.facebook.com\/vapingnetde\/\"]}]}<\/script>\n<!-- \/ Yoast SEO plugin. -->","yoast_head_json":{"title":"Bestseller ELF BOX PULSE X 25000 Mit Red Bull Weltweit Beliebt | Vapingnet.de","description":"Entdecke Bestseller ELF BOX PULSE X 25000 Mit Red Bull Weltweit Beliebt bei vapingnet.de, \u25ba Gro\u00dfe Auswahl an Geschmacksrichtungen & super g\u00fcnstig!","robots":{"index":"index","follow":"follow","max-snippet":"max-snippet:-1","max-image-preview":"max-image-preview:large","max-video-preview":"max-video-preview:-1"},"canonical":"https:\/\/vapingnet.de\/sk\/vape\/bestseller-elf-box-pulse-x-25000-mit-red-bull-weltweit-beliebt\/","og_locale":"sk_SK","og_type":"article","og_title":"Bestseller ELF BOX PULSE X 25000 Mit Red Bull Weltweit Beliebt | Vapingnet.de","og_description":"Entdecke Bestseller ELF BOX PULSE X 25000 Mit Red Bull Weltweit Beliebt bei vapingnet.de, \u25ba Gro\u00dfe Auswahl an Geschmacksrichtungen & super g\u00fcnstig!","og_url":"https:\/\/vapingnet.de\/sk\/vape\/bestseller-elf-box-pulse-x-25000-mit-red-bull-weltweit-beliebt\/","og_site_name":"Vapingnet.de","article_publisher":"https:\/\/www.facebook.com\/vapingnetde\/","article_modified_time":"2025-06-19T03:43:02+00:00","og_image":[{"width":1000,"height":1000,"url":"https:\/\/vapingnet.de\/wp-content\/uploads\/2025\/04\/RED-BULL-1.webp","type":"image\/webp"}],"twitter_card":"summary_large_image","twitter_misc":{"Est. reading time":"3 minutes"},"schema":{"@context":"https:\/\/schema.org","@graph":[{"@type":"WebPage","@id":"https:\/\/vapingnet.de\/vape\/bestseller-elf-box-pulse-x-25000-mit-red-bull-weltweit-beliebt\/","url":"https:\/\/vapingnet.de\/vape\/bestseller-elf-box-pulse-x-25000-mit-red-bull-weltweit-beliebt\/","name":"Bestseller ELF BOX PULSE X 25000 Mit Red Bull Weltweit Beliebt | Vapingnet.de","isPartOf":{"@id":"https:\/\/vapingnet.de\/#website"},"primaryImageOfPage":{"@id":"https:\/\/vapingnet.de\/vape\/bestseller-elf-box-pulse-x-25000-mit-red-bull-weltweit-beliebt\/#primaryimage"},"image":{"@id":"https:\/\/vapingnet.de\/vape\/bestseller-elf-box-pulse-x-25000-mit-red-bull-weltweit-beliebt\/#primaryimage"},"thumbnailUrl":"https:\/\/vapingnet.de\/wp-content\/uploads\/2025\/04\/RED-BULL-1.webp","datePublished":"2025-04-15T03:41:02+00:00","dateModified":"2025-06-19T03:43:02+00:00","description":"Entdecke Bestseller ELF BOX PULSE X 25000 Mit Red Bull Weltweit Beliebt bei vapingnet.de, \u25ba Gro\u00dfe Auswahl an Geschmacksrichtungen & super g\u00fcnstig!","breadcrumb":{"@id":"https:\/\/vapingnet.de\/vape\/bestseller-elf-box-pulse-x-25000-mit-red-bull-weltweit-beliebt\/#breadcrumb"},"inLanguage":"sk-SK","potentialAction":[{"@type":"ReadAction","target":["https:\/\/vapingnet.de\/vape\/bestseller-elf-box-pulse-x-25000-mit-red-bull-weltweit-beliebt\/"]}]},{"@type":"ImageObject","inLanguage":"sk-SK","@id":"https:\/\/vapingnet.de\/vape\/bestseller-elf-box-pulse-x-25000-mit-red-bull-weltweit-beliebt\/#primaryimage","url":"https:\/\/vapingnet.de\/wp-content\/uploads\/2025\/04\/RED-BULL-1.webp","contentUrl":"https:\/\/vapingnet.de\/wp-content\/uploads\/2025\/04\/RED-BULL-1.webp","width":1000,"height":1000},{"@type":"BreadcrumbList","@id":"https:\/\/vapingnet.de\/vape\/bestseller-elf-box-pulse-x-25000-mit-red-bull-weltweit-beliebt\/#breadcrumb","itemListElement":[{"@type":"ListItem","position":1,"name":"Home","item":"https:\/\/vapingnet.de\/"},{"@type":"ListItem","position":2,"name":"Shop","item":"https:\/\/vapingnet.de\/vape\/"},{"@type":"ListItem","position":3,"name":"Bestseller ELF BOX PULSE X 25000 Mit Red Bull Weltweit Beliebt"}]},{"@type":"WebSite","@id":"https:\/\/vapingnet.de\/#website","url":"https:\/\/vapingnet.de\/","name":"Vapingnet.de","description":"","publisher":{"@id":"https:\/\/vapingnet.de\/#organization"},"potentialAction":[{"@type":"SearchAction","target":{"@type":"EntryPoint","urlTemplate":"https:\/\/vapingnet.de\/?s={search_term_string}"},"query-input":{"@type":"PropertyValueSpecification","valueRequired":true,"valueName":"search_term_string"}}],"inLanguage":"sk-SK"},{"@type":"Organization","@id":"https:\/\/vapingnet.de\/#organization","name":"Vapingnet.de","url":"https:\/\/vapingnet.de\/","logo":{"@type":"ImageObject","inLanguage":"sk-SK","@id":"https:\/\/vapingnet.de\/#\/schema\/logo\/image\/","url":"https:\/\/vapingnet.de\/wp-content\/uploads\/2025\/03\/cropped-vapingnet.de_.jpg","contentUrl":"https:\/\/vapingnet.de\/wp-content\/uploads\/2025\/03\/cropped-vapingnet.de_.jpg","width":512,"height":512,"caption":"Vapingnet.de"},"image":{"@id":"https:\/\/vapingnet.de\/#\/schema\/logo\/image\/"},"sameAs":["https:\/\/www.facebook.com\/vapingnetde\/"]}]}},"tiered_pricing_type":"fixed","tiered_pricing_fixed_rules":{"10":"13.77","60":"12.39","110":"11.02","200":"9.64"},"tiered_pricing_product_settings":{"layout":"default","base_unit_name":{"singular":null,"plural":null},"default_variation":null},"tiered_pricing_minimum_quantity":null,"tiered_pricing_roles_data":[],"tiered_pricing_percentage_rules":[],"_links":{"self":[{"href":"https:\/\/vapingnet.de\/sk\/wp-json\/wp\/v2\/product\/6335","targetHints":{"allow":["GET"]}}],"collection":[{"href":"https:\/\/vapingnet.de\/sk\/wp-json\/wp\/v2\/product"}],"about":[{"href":"https:\/\/vapingnet.de\/sk\/wp-json\/wp\/v2\/types\/product"}],"version-history":[{"count":3,"href":"https:\/\/vapingnet.de\/sk\/wp-json\/wp\/v2\/product\/6335\/revisions"}],"predecessor-version":[{"id":6347,"href":"https:\/\/vapingnet.de\/sk\/wp-json\/wp\/v2\/product\/6335\/revisions\/6347"}],"wp:featuredmedia":[{"embeddable":true,"href":"https:\/\/vapingnet.de\/sk\/wp-json\/wp\/v2\/media\/6870"}],"wp:attachment":[{"href":"https:\/\/vapingnet.de\/sk\/wp-json\/wp\/v2\/media?parent=6335"}],"wp:term":[{"taxonomy":"brand","embeddable":true,"href":"https:\/\/vapingnet.de\/sk\/wp-json\/wp\/v2\/etheme_brands?post=6335"},{"taxonomy":"product_brand","embeddable":true,"href":"https:\/\/vapingnet.de\/sk\/wp-json\/wp\/v2\/product_brand?post=6335"},{"taxonomy":"product_cat","embeddable":true,"href":"https:\/\/vapingnet.de\/sk\/wp-json\/wp\/v2\/product_cat?post=6335"},{"taxonomy":"product_tag","embeddable":true,"href":"https:\/\/vapingnet.de\/sk\/wp-json\/wp\/v2\/product_tag?post=6335"}],"curies":[{"name":"wp","href":"https:\/\/api.w.org\/{rel}","templated":true}]}}