{"id":6338,"date":"2025-04-15T05:34:49","date_gmt":"2025-04-15T05:34:49","guid":{"rendered":"https:\/\/vapingnet.de\/?post_type=product&#038;p=6338"},"modified":"2025-06-19T03:43:02","modified_gmt":"2025-06-19T03:43:02","slug":"grape-ice-genuss-mit-elf-box-pulse-x-25000-jetzt-zollfrei-bestellen","status":"publish","type":"product","link":"https:\/\/vapingnet.de\/sk\/vape\/grape-ice-genuss-mit-elf-box-pulse-x-25000-jetzt-zollfrei-bestellen\/","title":{"rendered":"Grape Ice Pote\u0161enie S ELF BOX PULSE X 25000 Teraz bez coln\u00e9ho poplatku objedna\u0165"},"content":{"rendered":"<h2 data-start=\"89\" data-end=\"150\" data-immersive-translate-walked=\"d848d5cc-2bf8-4ca9-870a-f792cfe3b4ef\">De\u0148 s Elf Box Pulse X 25000 \u2013 Grape Ice Edition<\/h2>\n<p class=\"\" data-start=\"152\" data-end=\"446\" data-immersive-translate-walked=\"d848d5cc-2bf8-4ca9-870a-f792cfe3b4ef\" data-immersive-translate-paragraph=\"1\">Predstav si, \u017ee za\u010d\u00edna\u0161 de\u0148 s jasnou hlavou a svie\u017eou chu\u0165ou v \u00fastach. V ruke m\u00e1\u0161 Elf Box Pulse X 25000, svoju nov\u00fa ob\u013e\u00faben\u00fa e-cigaretu. Zapne\u0161 ju \u2013 jemn\u00e9 svetlo na zakrivenom 3D displeji signalizuje: pripraven\u00e9 na prv\u00fd \u0165ah.<\/p>\n<p class=\"\" data-start=\"448\" data-end=\"651\" data-immersive-translate-walked=\"d848d5cc-2bf8-4ca9-870a-f792cfe3b4ef\" data-immersive-translate-paragraph=\"1\">U\u017e pri vdychovan\u00ed sa rozv\u00edja intenz\u00edvna ar\u00f3ma Grape Ice \u2013 sladk\u00e9 hrozno s n\u00e1dychom \u013eadovej svie\u017eosti. Perfektn\u00e1 zmes pre t\u00fdch, ktor\u00ed chc\u00fa vychutn\u00e1va\u0165 ovocie a chladivos\u0165 v rovnov\u00e1he.<\/p>\n<p data-start=\"448\" data-end=\"651\" data-immersive-translate-walked=\"d848d5cc-2bf8-4ca9-870a-f792cfe3b4ef\" data-immersive-translate-paragraph=\"1\"><img fetchpriority=\"high\" decoding=\"async\" class=\"wp-image-6867 aligncenter\" src=\"https:\/\/vapingnet.de\/wp-content\/uploads\/2025\/04\/GRAPE-ICE-5-300x300.webp\" alt=\"\" width=\"494\" height=\"494\" srcset=\"https:\/\/vapingnet.de\/wp-content\/uploads\/2025\/04\/GRAPE-ICE-5-300x300.webp 300w, https:\/\/vapingnet.de\/wp-content\/uploads\/2025\/04\/GRAPE-ICE-5-150x150.webp 150w, https:\/\/vapingnet.de\/wp-content\/uploads\/2025\/04\/GRAPE-ICE-5-768x768.webp 768w, https:\/\/vapingnet.de\/wp-content\/uploads\/2025\/04\/GRAPE-ICE-5-600x600.webp 600w, https:\/\/vapingnet.de\/wp-content\/uploads\/2025\/04\/GRAPE-ICE-5-100x100.webp 100w, https:\/\/vapingnet.de\/wp-content\/uploads\/2025\/04\/GRAPE-ICE-5-1x1.webp 1w, https:\/\/vapingnet.de\/wp-content\/uploads\/2025\/04\/GRAPE-ICE-5-10x10.webp 10w, https:\/\/vapingnet.de\/wp-content\/uploads\/2025\/04\/GRAPE-ICE-5.webp 1000w\" sizes=\"(max-width: 494px) 100vw, 494px\" \/><\/p>\n<h4 data-start=\"653\" data-end=\"697\" data-immersive-translate-walked=\"d848d5cc-2bf8-4ca9-870a-f792cfe3b4ef\" data-immersive-translate-paragraph=\"1\">Technologick\u00e9 vychyt\u00e1vky, ktor\u00e9 c\u00edtite<\/h4>\n<p class=\"\" data-start=\"699\" data-end=\"771\" data-immersive-translate-walked=\"d848d5cc-2bf8-4ca9-870a-f792cfe3b4ef\" data-immersive-translate-paragraph=\"1\">T\u00e1to jednorazov\u00e1 e-cigareta m\u00e1 v\u0161etko, \u010do modern\u00ed vaperi o\u010dak\u00e1vaj\u00fa:<\/p>\n<ul data-start=\"773\" data-end=\"1175\" data-immersive-translate-walked=\"d848d5cc-2bf8-4ca9-870a-f792cfe3b4ef\">\n<li class=\"\" data-start=\"773\" data-end=\"858\" data-immersive-translate-walked=\"d848d5cc-2bf8-4ca9-870a-f792cfe3b4ef\">\n<p class=\"\" data-start=\"775\" data-end=\"858\" data-immersive-translate-walked=\"d848d5cc-2bf8-4ca9-870a-f792cfe3b4ef\" data-immersive-translate-paragraph=\"1\">Dvojit\u00e9 sie\u0165ov\u00e9 \u0161pir\u00e1lky (0,8 Ohm + 0,8 Ohm) pre rovnomern\u00fd chu\u0165ov\u00fd z\u00e1\u017eitok pri ka\u017edom \u0165ahu<\/p>\n<\/li>\n<li class=\"\" data-start=\"859\" data-end=\"920\" data-immersive-translate-walked=\"d848d5cc-2bf8-4ca9-870a-f792cfe3b4ef\">\n<p class=\"\" data-start=\"861\" data-end=\"920\" data-immersive-translate-walked=\"d848d5cc-2bf8-4ca9-870a-f792cfe3b4ef\" data-immersive-translate-paragraph=\"1\">18 ml e-liquidu \u2013 dostatok na t\u00fd\u017edne pln\u00e9 p\u00f4\u017eitku<\/p>\n<\/li>\n<li class=\"\" data-start=\"921\" data-end=\"994\" data-immersive-translate-walked=\"d848d5cc-2bf8-4ca9-870a-f792cfe3b4ef\">\n<p class=\"\" data-start=\"923\" data-end=\"994\" data-immersive-translate-walked=\"d848d5cc-2bf8-4ca9-870a-f792cfe3b4ef\" data-immersive-translate-paragraph=\"1\">\u0160tyri mo\u017enosti nikot\u00ednu: 0%, 2%, 3% alebo 5% \u2013 rozhodujete vy s\u00e1m<\/p>\n<\/li>\n<li class=\"\" data-start=\"995\" data-end=\"1072\" data-immersive-translate-walked=\"d848d5cc-2bf8-4ca9-870a-f792cfe3b4ef\">\n<p class=\"\" data-start=\"997\" data-end=\"1072\" data-immersive-translate-walked=\"d848d5cc-2bf8-4ca9-870a-f792cfe3b4ef\" data-immersive-translate-paragraph=\"1\">Bat\u00e9ria 13500 mAh s nab\u00edjan\u00edm cez Type-C pre jednoduch\u00e9 op\u00e4tovn\u00e9 nab\u00edjanie<\/p>\n<\/li>\n<li class=\"\" data-start=\"1073\" data-end=\"1175\" data-immersive-translate-walked=\"d848d5cc-2bf8-4ca9-870a-f792cfe3b4ef\">\n<p class=\"\" data-start=\"1075\" data-end=\"1175\" data-immersive-translate-walked=\"d848d5cc-2bf8-4ca9-870a-f792cfe3b4ef\" data-immersive-translate-paragraph=\"1\">Super Boost VPU &amp; AI Power Adjustment \u2013 inteligentn\u00e1 technol\u00f3gia prisp\u00f4sob\u00ed v\u00fdkon v\u00e1\u0161mu \u0161t\u00fdlu<\/p>\n<\/li>\n<\/ul>\n<h4 data-start=\"1177\" data-end=\"1208\" data-immersive-translate-walked=\"d848d5cc-2bf8-4ca9-870a-f792cfe3b4ef\" data-immersive-translate-paragraph=\"1\">Dva re\u017eimy \u2013 Dva z\u00e1\u017eitky<\/h4>\n<p class=\"\" data-start=\"1210\" data-end=\"1441\" data-immersive-translate-walked=\"d848d5cc-2bf8-4ca9-870a-f792cfe3b4ef\" data-immersive-translate-paragraph=\"1\">Chcete jemne a dlho d\u00fdcha\u0165? Potom zosta\u0148te v norm\u00e1lnom re\u017eime s a\u017e 25 000 \u0165ahmi.<br data-start=\"1305\" data-end=\"1308\" data-immersive-translate-walked=\"d848d5cc-2bf8-4ca9-870a-f792cfe3b4ef\" \/>Alebo prepnete do Pulse re\u017eimu, ktor\u00fd v\u00e1m s 15 000 intenz\u00edvnymi \u0165ahmi pon\u00fakne silnej\u0161\u00ed, hustej\u0161\u00ed z\u00e1\u017eitok z pary.<\/p>\n<p class=\"\" data-start=\"1443\" data-end=\"1515\" data-immersive-translate-walked=\"d848d5cc-2bf8-4ca9-870a-f792cfe3b4ef\" data-immersive-translate-paragraph=\"1\">Ovl\u00e1da\u010d sa nach\u00e1dza na spodnej strane \u2013 nen\u00e1padn\u00fd a praktick\u00fd.<\/p>\n<h4 data-start=\"1517\" data-end=\"1549\" data-immersive-translate-walked=\"d848d5cc-2bf8-4ca9-870a-f792cfe3b4ef\" data-immersive-translate-paragraph=\"1\">Na cest\u00e1ch \u2013 \u00faplne bez starost\u00ed<\/h4>\n<p class=\"\" data-start=\"1551\" data-end=\"1615\" data-immersive-translate-walked=\"d848d5cc-2bf8-4ca9-870a-f792cfe3b4ef\" data-immersive-translate-paragraph=\"1\">Zbal\u00ed\u0161 svoju Elf Box Pulse X 25000 do ta\u0161ky a vie\u0161:<\/p>\n<ul data-start=\"1616\" data-end=\"1752\" data-immersive-translate-walked=\"d848d5cc-2bf8-4ca9-870a-f792cfe3b4ef\">\n<li class=\"\" data-start=\"1616\" data-end=\"1635\" data-immersive-translate-walked=\"d848d5cc-2bf8-4ca9-870a-f792cfe3b4ef\">\n<p class=\"\" data-start=\"1618\" data-end=\"1635\" data-immersive-translate-walked=\"d848d5cc-2bf8-4ca9-870a-f792cfe3b4ef\" data-immersive-translate-paragraph=\"1\">\u017diadne dop\u013a\u0148anie<\/p>\n<\/li>\n<li class=\"\" data-start=\"1636\" data-end=\"1652\" data-immersive-translate-walked=\"d848d5cc-2bf8-4ca9-870a-f792cfe3b4ef\">\n<p class=\"\" data-start=\"1638\" data-end=\"1652\" data-immersive-translate-walked=\"d848d5cc-2bf8-4ca9-870a-f792cfe3b4ef\" data-immersive-translate-paragraph=\"1\">\u017diadne nav\u00edjanie<\/p>\n<\/li>\n<li class=\"\" data-start=\"1653\" data-end=\"1708\" data-immersive-translate-walked=\"d848d5cc-2bf8-4ca9-870a-f792cfe3b4ef\">\n<p class=\"\" data-start=\"1655\" data-end=\"1708\" data-immersive-translate-walked=\"d848d5cc-2bf8-4ca9-870a-f792cfe3b4ef\" data-immersive-translate-paragraph=\"1\">\u017diadne clo pri doru\u010den\u00ed nad vapingnet.de<\/p>\n<\/li>\n<li class=\"\" data-start=\"1709\" data-end=\"1752\" data-immersive-translate-walked=\"d848d5cc-2bf8-4ca9-870a-f792cfe3b4ef\">\n<p class=\"\" data-start=\"1711\" data-end=\"1752\" data-immersive-translate-walked=\"d848d5cc-2bf8-4ca9-870a-f792cfe3b4ef\" data-immersive-translate-paragraph=\"1\">R\u00fdchle doru\u010denie do 7\u201315 pracovn\u00fdch dn\u00ed<\/p>\n<\/li>\n<\/ul>\n<p class=\"\" data-start=\"1754\" data-end=\"1864\" data-immersive-translate-walked=\"d848d5cc-2bf8-4ca9-870a-f792cfe3b4ef\" data-immersive-translate-paragraph=\"1\">\u010ci u\u017e na prech\u00e1dzke, v kaviarni alebo ve\u010der na gau\u010di \u2013 tvoja Grape Ice zost\u00e1va \u010derstv\u00e1, siln\u00e1 a spo\u013eahliv\u00e1.<\/p>\n<h2 data-start=\"1866\" data-end=\"1891\" data-immersive-translate-walked=\"d848d5cc-2bf8-4ca9-870a-f792cfe3b4ef\" data-immersive-translate-paragraph=\"1\">Tvoj \u010fal\u0161\u00ed krok<\/h2>\n<p class=\"\" data-start=\"1893\" data-end=\"2018\" data-immersive-translate-walked=\"d848d5cc-2bf8-4ca9-870a-f792cfe3b4ef\" data-immersive-translate-paragraph=\"1\">Ak kladie\u0161 d\u00f4raz na techniku, chu\u0165 a komfort, je Elf Box Pulse X 25000 presne to spr\u00e1vne zariadenie pre teba.<\/p>\n<p class=\"\" data-start=\"2020\" data-end=\"2177\" data-immersive-translate-walked=\"d848d5cc-2bf8-4ca9-870a-f792cfe3b4ef\" data-immersive-translate-paragraph=\"1\">Nav\u0161t\u00edv teraz vapingnet.de a dopraj si vylep\u0161enie pre svoj vaporiz\u00e9rsky z\u00e1\u017eitok. Jednoducho objednaj, bezcolne doru\u010d\u00edme, u\u017e\u00edvaj si.<\/p>","protected":false},"excerpt":{"rendered":"<p>De\u0148 s Elf Box Pulse X 25000 \u2013 Grape Ice Edition Predstavte si, \u017ee za\u010d\u00ednate de\u0148 s jasnou hlavou a...<\/p>","protected":false},"featured_media":6867,"template":"","meta":[],"etheme_brands":[],"product_brand":[100],"product_cat":[55,49,61],"product_tag":[],"class_list":{"0":"post-6338","1":"product","2":"type-product","3":"status-publish","4":"has-post-thumbnail","6":"product_brand-elf-box-vape","7":"product_cat-vape-25000-zuege","8":"product_cat-einweg-e-zigarette","9":"product_cat-f","11":"first","12":"instock","13":"shipping-taxable","14":"purchasable","15":"product-type-simple"},"yoast_head":"<!-- This site is optimized with the Yoast SEO plugin v26.5 - https:\/\/yoast.com\/wordpress\/plugins\/seo\/ -->\n<title>Grape Ice Genuss Mit ELF BOX PULSE X 25000 Jetzt Zollfrei Bestellen | Vapingnet.de<\/title>\n<meta name=\"description\" content=\"Entdecke Grape Ice Genuss Mit ELF BOX PULSE X 25000 Jetzt Zollfrei Bestellen bei vapingnet.de, \u25ba Gro\u00dfe Auswahl an Geschmacksrichtungen &amp; super g\u00fcnstig!\" \/>\n<meta name=\"robots\" content=\"index, follow, max-snippet:-1, max-image-preview:large, max-video-preview:-1\" \/>\n<link rel=\"canonical\" href=\"https:\/\/vapingnet.de\/sk\/vape\/grape-ice-genuss-mit-elf-box-pulse-x-25000-jetzt-zollfrei-bestellen\/\" \/>\n<meta property=\"og:locale\" content=\"sk_SK\" \/>\n<meta property=\"og:type\" content=\"article\" \/>\n<meta property=\"og:title\" content=\"Grape Ice Genuss Mit ELF BOX PULSE X 25000 Jetzt Zollfrei Bestellen | Vapingnet.de\" \/>\n<meta property=\"og:description\" content=\"Entdecke Grape Ice Genuss Mit ELF BOX PULSE X 25000 Jetzt Zollfrei Bestellen bei vapingnet.de, \u25ba Gro\u00dfe Auswahl an Geschmacksrichtungen &amp; super g\u00fcnstig!\" \/>\n<meta property=\"og:url\" content=\"https:\/\/vapingnet.de\/sk\/vape\/grape-ice-genuss-mit-elf-box-pulse-x-25000-jetzt-zollfrei-bestellen\/\" \/>\n<meta property=\"og:site_name\" content=\"Vapingnet.de\" \/>\n<meta property=\"article:publisher\" content=\"https:\/\/www.facebook.com\/vapingnetde\/\" \/>\n<meta property=\"article:modified_time\" content=\"2025-06-19T03:43:02+00:00\" \/>\n<meta property=\"og:image\" content=\"https:\/\/vapingnet.de\/wp-content\/uploads\/2025\/04\/GRAPE-ICE-5.webp\" \/>\n\t<meta property=\"og:image:width\" content=\"1000\" \/>\n\t<meta property=\"og:image:height\" content=\"1000\" \/>\n\t<meta property=\"og:image:type\" content=\"image\/webp\" \/>\n<meta name=\"twitter:card\" content=\"summary_large_image\" \/>\n<meta name=\"twitter:label1\" content=\"Est. reading time\" \/>\n\t<meta name=\"twitter:data1\" content=\"3 minutes\" \/>\n<script type=\"application\/ld+json\" class=\"yoast-schema-graph\">{\"@context\":\"https:\/\/schema.org\",\"@graph\":[{\"@type\":\"WebPage\",\"@id\":\"https:\/\/vapingnet.de\/vape\/grape-ice-genuss-mit-elf-box-pulse-x-25000-jetzt-zollfrei-bestellen\/\",\"url\":\"https:\/\/vapingnet.de\/vape\/grape-ice-genuss-mit-elf-box-pulse-x-25000-jetzt-zollfrei-bestellen\/\",\"name\":\"Grape Ice Genuss Mit ELF BOX PULSE X 25000 Jetzt Zollfrei Bestellen | Vapingnet.de\",\"isPartOf\":{\"@id\":\"https:\/\/vapingnet.de\/#website\"},\"primaryImageOfPage\":{\"@id\":\"https:\/\/vapingnet.de\/vape\/grape-ice-genuss-mit-elf-box-pulse-x-25000-jetzt-zollfrei-bestellen\/#primaryimage\"},\"image\":{\"@id\":\"https:\/\/vapingnet.de\/vape\/grape-ice-genuss-mit-elf-box-pulse-x-25000-jetzt-zollfrei-bestellen\/#primaryimage\"},\"thumbnailUrl\":\"https:\/\/vapingnet.de\/wp-content\/uploads\/2025\/04\/GRAPE-ICE-5.webp\",\"datePublished\":\"2025-04-15T05:34:49+00:00\",\"dateModified\":\"2025-06-19T03:43:02+00:00\",\"description\":\"Entdecke Grape Ice Genuss Mit ELF BOX PULSE X 25000 Jetzt Zollfrei Bestellen bei vapingnet.de, \u25ba Gro\u00dfe Auswahl an Geschmacksrichtungen & super g\u00fcnstig!\",\"breadcrumb\":{\"@id\":\"https:\/\/vapingnet.de\/vape\/grape-ice-genuss-mit-elf-box-pulse-x-25000-jetzt-zollfrei-bestellen\/#breadcrumb\"},\"inLanguage\":\"sk-SK\",\"potentialAction\":[{\"@type\":\"ReadAction\",\"target\":[\"https:\/\/vapingnet.de\/vape\/grape-ice-genuss-mit-elf-box-pulse-x-25000-jetzt-zollfrei-bestellen\/\"]}]},{\"@type\":\"ImageObject\",\"inLanguage\":\"sk-SK\",\"@id\":\"https:\/\/vapingnet.de\/vape\/grape-ice-genuss-mit-elf-box-pulse-x-25000-jetzt-zollfrei-bestellen\/#primaryimage\",\"url\":\"https:\/\/vapingnet.de\/wp-content\/uploads\/2025\/04\/GRAPE-ICE-5.webp\",\"contentUrl\":\"https:\/\/vapingnet.de\/wp-content\/uploads\/2025\/04\/GRAPE-ICE-5.webp\",\"width\":1000,\"height\":1000},{\"@type\":\"BreadcrumbList\",\"@id\":\"https:\/\/vapingnet.de\/vape\/grape-ice-genuss-mit-elf-box-pulse-x-25000-jetzt-zollfrei-bestellen\/#breadcrumb\",\"itemListElement\":[{\"@type\":\"ListItem\",\"position\":1,\"name\":\"Home\",\"item\":\"https:\/\/vapingnet.de\/\"},{\"@type\":\"ListItem\",\"position\":2,\"name\":\"Shop\",\"item\":\"https:\/\/vapingnet.de\/vape\/\"},{\"@type\":\"ListItem\",\"position\":3,\"name\":\"Grape Ice Genuss Mit ELF BOX PULSE X 25000 Jetzt Zollfrei Bestellen\"}]},{\"@type\":\"WebSite\",\"@id\":\"https:\/\/vapingnet.de\/#website\",\"url\":\"https:\/\/vapingnet.de\/\",\"name\":\"Vapingnet.de\",\"description\":\"\",\"publisher\":{\"@id\":\"https:\/\/vapingnet.de\/#organization\"},\"potentialAction\":[{\"@type\":\"SearchAction\",\"target\":{\"@type\":\"EntryPoint\",\"urlTemplate\":\"https:\/\/vapingnet.de\/?s={search_term_string}\"},\"query-input\":{\"@type\":\"PropertyValueSpecification\",\"valueRequired\":true,\"valueName\":\"search_term_string\"}}],\"inLanguage\":\"sk-SK\"},{\"@type\":\"Organization\",\"@id\":\"https:\/\/vapingnet.de\/#organization\",\"name\":\"Vapingnet.de\",\"url\":\"https:\/\/vapingnet.de\/\",\"logo\":{\"@type\":\"ImageObject\",\"inLanguage\":\"sk-SK\",\"@id\":\"https:\/\/vapingnet.de\/#\/schema\/logo\/image\/\",\"url\":\"https:\/\/vapingnet.de\/wp-content\/uploads\/2025\/03\/cropped-vapingnet.de_.jpg\",\"contentUrl\":\"https:\/\/vapingnet.de\/wp-content\/uploads\/2025\/03\/cropped-vapingnet.de_.jpg\",\"width\":512,\"height\":512,\"caption\":\"Vapingnet.de\"},\"image\":{\"@id\":\"https:\/\/vapingnet.de\/#\/schema\/logo\/image\/\"},\"sameAs\":[\"https:\/\/www.facebook.com\/vapingnetde\/\"]}]}<\/script>\n<!-- \/ Yoast SEO plugin. -->","yoast_head_json":{"title":"Grape Ice Genuss Mit ELF BOX PULSE X 25000 Jetzt Zollfrei Bestellen | Vapingnet.de","description":"Entdecke Grape Ice Genuss Mit ELF BOX PULSE X 25000 Jetzt Zollfrei Bestellen bei vapingnet.de, \u25ba Gro\u00dfe Auswahl an Geschmacksrichtungen & super g\u00fcnstig!","robots":{"index":"index","follow":"follow","max-snippet":"max-snippet:-1","max-image-preview":"max-image-preview:large","max-video-preview":"max-video-preview:-1"},"canonical":"https:\/\/vapingnet.de\/sk\/vape\/grape-ice-genuss-mit-elf-box-pulse-x-25000-jetzt-zollfrei-bestellen\/","og_locale":"sk_SK","og_type":"article","og_title":"Grape Ice Genuss Mit ELF BOX PULSE X 25000 Jetzt Zollfrei Bestellen | Vapingnet.de","og_description":"Entdecke Grape Ice Genuss Mit ELF BOX PULSE X 25000 Jetzt Zollfrei Bestellen bei vapingnet.de, \u25ba Gro\u00dfe Auswahl an Geschmacksrichtungen & super g\u00fcnstig!","og_url":"https:\/\/vapingnet.de\/sk\/vape\/grape-ice-genuss-mit-elf-box-pulse-x-25000-jetzt-zollfrei-bestellen\/","og_site_name":"Vapingnet.de","article_publisher":"https:\/\/www.facebook.com\/vapingnetde\/","article_modified_time":"2025-06-19T03:43:02+00:00","og_image":[{"width":1000,"height":1000,"url":"https:\/\/vapingnet.de\/wp-content\/uploads\/2025\/04\/GRAPE-ICE-5.webp","type":"image\/webp"}],"twitter_card":"summary_large_image","twitter_misc":{"Est. reading time":"3 minutes"},"schema":{"@context":"https:\/\/schema.org","@graph":[{"@type":"WebPage","@id":"https:\/\/vapingnet.de\/vape\/grape-ice-genuss-mit-elf-box-pulse-x-25000-jetzt-zollfrei-bestellen\/","url":"https:\/\/vapingnet.de\/vape\/grape-ice-genuss-mit-elf-box-pulse-x-25000-jetzt-zollfrei-bestellen\/","name":"Grape Ice Genuss Mit ELF BOX PULSE X 25000 Jetzt Zollfrei Bestellen | Vapingnet.de","isPartOf":{"@id":"https:\/\/vapingnet.de\/#website"},"primaryImageOfPage":{"@id":"https:\/\/vapingnet.de\/vape\/grape-ice-genuss-mit-elf-box-pulse-x-25000-jetzt-zollfrei-bestellen\/#primaryimage"},"image":{"@id":"https:\/\/vapingnet.de\/vape\/grape-ice-genuss-mit-elf-box-pulse-x-25000-jetzt-zollfrei-bestellen\/#primaryimage"},"thumbnailUrl":"https:\/\/vapingnet.de\/wp-content\/uploads\/2025\/04\/GRAPE-ICE-5.webp","datePublished":"2025-04-15T05:34:49+00:00","dateModified":"2025-06-19T03:43:02+00:00","description":"Entdecke Grape Ice Genuss Mit ELF BOX PULSE X 25000 Jetzt Zollfrei Bestellen bei vapingnet.de, \u25ba Gro\u00dfe Auswahl an Geschmacksrichtungen & super g\u00fcnstig!","breadcrumb":{"@id":"https:\/\/vapingnet.de\/vape\/grape-ice-genuss-mit-elf-box-pulse-x-25000-jetzt-zollfrei-bestellen\/#breadcrumb"},"inLanguage":"sk-SK","potentialAction":[{"@type":"ReadAction","target":["https:\/\/vapingnet.de\/vape\/grape-ice-genuss-mit-elf-box-pulse-x-25000-jetzt-zollfrei-bestellen\/"]}]},{"@type":"ImageObject","inLanguage":"sk-SK","@id":"https:\/\/vapingnet.de\/vape\/grape-ice-genuss-mit-elf-box-pulse-x-25000-jetzt-zollfrei-bestellen\/#primaryimage","url":"https:\/\/vapingnet.de\/wp-content\/uploads\/2025\/04\/GRAPE-ICE-5.webp","contentUrl":"https:\/\/vapingnet.de\/wp-content\/uploads\/2025\/04\/GRAPE-ICE-5.webp","width":1000,"height":1000},{"@type":"BreadcrumbList","@id":"https:\/\/vapingnet.de\/vape\/grape-ice-genuss-mit-elf-box-pulse-x-25000-jetzt-zollfrei-bestellen\/#breadcrumb","itemListElement":[{"@type":"ListItem","position":1,"name":"Home","item":"https:\/\/vapingnet.de\/"},{"@type":"ListItem","position":2,"name":"Shop","item":"https:\/\/vapingnet.de\/vape\/"},{"@type":"ListItem","position":3,"name":"Grape Ice Genuss Mit ELF BOX PULSE X 25000 Jetzt Zollfrei Bestellen"}]},{"@type":"WebSite","@id":"https:\/\/vapingnet.de\/#website","url":"https:\/\/vapingnet.de\/","name":"Vapingnet.de","description":"","publisher":{"@id":"https:\/\/vapingnet.de\/#organization"},"potentialAction":[{"@type":"SearchAction","target":{"@type":"EntryPoint","urlTemplate":"https:\/\/vapingnet.de\/?s={search_term_string}"},"query-input":{"@type":"PropertyValueSpecification","valueRequired":true,"valueName":"search_term_string"}}],"inLanguage":"sk-SK"},{"@type":"Organization","@id":"https:\/\/vapingnet.de\/#organization","name":"Vapingnet.de","url":"https:\/\/vapingnet.de\/","logo":{"@type":"ImageObject","inLanguage":"sk-SK","@id":"https:\/\/vapingnet.de\/#\/schema\/logo\/image\/","url":"https:\/\/vapingnet.de\/wp-content\/uploads\/2025\/03\/cropped-vapingnet.de_.jpg","contentUrl":"https:\/\/vapingnet.de\/wp-content\/uploads\/2025\/03\/cropped-vapingnet.de_.jpg","width":512,"height":512,"caption":"Vapingnet.de"},"image":{"@id":"https:\/\/vapingnet.de\/#\/schema\/logo\/image\/"},"sameAs":["https:\/\/www.facebook.com\/vapingnetde\/"]}]}},"tiered_pricing_type":"fixed","tiered_pricing_fixed_rules":{"10":"13.77","60":"12.39","110":"11.02","200":"9.64"},"tiered_pricing_product_settings":{"layout":"default","base_unit_name":{"singular":null,"plural":null},"default_variation":null},"tiered_pricing_minimum_quantity":null,"tiered_pricing_roles_data":[],"tiered_pricing_percentage_rules":[],"_links":{"self":[{"href":"https:\/\/vapingnet.de\/sk\/wp-json\/wp\/v2\/product\/6338","targetHints":{"allow":["GET"]}}],"collection":[{"href":"https:\/\/vapingnet.de\/sk\/wp-json\/wp\/v2\/product"}],"about":[{"href":"https:\/\/vapingnet.de\/sk\/wp-json\/wp\/v2\/types\/product"}],"version-history":[{"count":3,"href":"https:\/\/vapingnet.de\/sk\/wp-json\/wp\/v2\/product\/6338\/revisions"}],"predecessor-version":[{"id":6869,"href":"https:\/\/vapingnet.de\/sk\/wp-json\/wp\/v2\/product\/6338\/revisions\/6869"}],"wp:featuredmedia":[{"embeddable":true,"href":"https:\/\/vapingnet.de\/sk\/wp-json\/wp\/v2\/media\/6867"}],"wp:attachment":[{"href":"https:\/\/vapingnet.de\/sk\/wp-json\/wp\/v2\/media?parent=6338"}],"wp:term":[{"taxonomy":"brand","embeddable":true,"href":"https:\/\/vapingnet.de\/sk\/wp-json\/wp\/v2\/etheme_brands?post=6338"},{"taxonomy":"product_brand","embeddable":true,"href":"https:\/\/vapingnet.de\/sk\/wp-json\/wp\/v2\/product_brand?post=6338"},{"taxonomy":"product_cat","embeddable":true,"href":"https:\/\/vapingnet.de\/sk\/wp-json\/wp\/v2\/product_cat?post=6338"},{"taxonomy":"product_tag","embeddable":true,"href":"https:\/\/vapingnet.de\/sk\/wp-json\/wp\/v2\/product_tag?post=6338"}],"curies":[{"name":"wp","href":"https:\/\/api.w.org\/{rel}","templated":true}]}}