{"id":6339,"date":"2025-04-15T05:34:53","date_gmt":"2025-04-15T05:34:53","guid":{"rendered":"https:\/\/vapingnet.de\/?post_type=product&#038;p=6339"},"modified":"2025-06-19T03:43:01","modified_gmt":"2025-06-19T03:43:01","slug":"blue-razz-ice-elf-box-pulse-x-25000-bestseller-jetzt-zum-grosshandelspreis","status":"publish","type":"product","link":"https:\/\/vapingnet.de\/sk\/vape\/blue-razz-ice-elf-box-pulse-x-25000-bestseller-jetzt-zum-grosshandelspreis\/","title":{"rendered":"Blue Razz Ice ELF BOX PULSE X 25000 Najpred\u00e1vanej\u0161ie Teraz za ve\u013ekoobchodn\u00fa cenu"},"content":{"rendered":"<h2 data-start=\"104\" data-end=\"187\" data-immersive-translate-walked=\"dea8ba8e-97c8-485a-8a13-b2b8feb4401d\">Pre\u010do je Elf Box Pulse X 25000 \u2013 Blue Razz Ice spr\u00e1vnou vo\u013ebou pre v\u00e1s?<\/h2>\n<h4 data-start=\"189\" data-end=\"564\" data-immersive-translate-walked=\"dea8ba8e-97c8-485a-8a13-b2b8feb4401d\" data-immersive-translate-paragraph=\"1\">\u010co je Elf Box Pulse X 25000?<\/h4>\n<p class=\"\" data-start=\"189\" data-end=\"564\" data-immersive-translate-walked=\"dea8ba8e-97c8-485a-8a13-b2b8feb4401d\" data-immersive-translate-paragraph=\"1\">Elf Box Pulse X 25000 je vysoko modern\u00e1 jednorazov\u00e1 e-cigareta, ktor\u00e1 je ur\u010den\u00e1 pre vapera, ktor\u00fd kladie d\u00f4raz na v\u00fdkon, chu\u0165 a inovat\u00edvnu technol\u00f3giu. Vybaven\u00e1 3D zakriven\u00fdm displejom, AI prisp\u00f4soben\u00edm v\u00fdkonu a dvojit\u00fdm mesh cievkami, pon\u00faka z\u00e1\u017eitok, ktor\u00fd sa v\u00fdrazne odli\u0161uje od be\u017en\u00fdch modelov.<\/p>\n<h4 data-start=\"566\" data-end=\"659\" data-immersive-translate-walked=\"dea8ba8e-97c8-485a-8a13-b2b8feb4401d\" data-immersive-translate-paragraph=\"1\">Ko\u013eko \u0165ahov je mo\u017en\u00e9 urobi\u0165?<\/h4>\n<p class=\"\" data-start=\"566\" data-end=\"659\" data-immersive-translate-walked=\"dea8ba8e-97c8-485a-8a13-b2b8feb4401d\" data-immersive-translate-paragraph=\"1\">V\u010faka dvom re\u017eimom prev\u00e1dzky si m\u00f4\u017eete sami vybra\u0165:<\/p>\n<ul data-start=\"660\" data-end=\"774\" data-immersive-translate-walked=\"dea8ba8e-97c8-485a-8a13-b2b8feb4401d\">\n<li class=\"\" data-start=\"660\" data-end=\"703\" data-immersive-translate-walked=\"dea8ba8e-97c8-485a-8a13-b2b8feb4401d\">\n<p class=\"\" data-start=\"662\" data-end=\"703\" data-immersive-translate-paragraph=\"1\" data-immersive-translate-walked=\"dea8ba8e-97c8-485a-8a13-b2b8feb4401d\">Norm\u00e1lny re\u017eim: A\u017e 25 000 \u0165ahov<\/p>\n<\/li>\n<li class=\"\" data-start=\"704\" data-end=\"774\" data-immersive-translate-walked=\"dea8ba8e-97c8-485a-8a13-b2b8feb4401d\">\n<p class=\"\" data-start=\"706\" data-end=\"774\" data-immersive-translate-walked=\"dea8ba8e-97c8-485a-8a13-b2b8feb4401d\" data-immersive-translate-paragraph=\"1\">Pulse re\u017eim: pribli\u017ene 15 000 \u0165ahov, ale intenz\u00edvnej\u0161\u00ed a silnej\u0161\u00ed<\/p>\n<\/li>\n<\/ul>\n<h4 data-start=\"776\" data-end=\"1087\" data-immersive-translate-walked=\"dea8ba8e-97c8-485a-8a13-b2b8feb4401d\" data-immersive-translate-paragraph=\"1\">\u010co je \u0161peci\u00e1lne na technol\u00f3gii?<\/h4>\n<p class=\"\" data-start=\"776\" data-end=\"1087\" data-immersive-translate-walked=\"dea8ba8e-97c8-485a-8a13-b2b8feb4401d\" data-immersive-translate-paragraph=\"1\">Integrovan\u00e9 Super Boost VPU zabezpe\u010duje rovnomern\u00fd v\u00fdvoj pary. AI Power Adjustment dynamicky prisp\u00f4sobuje v\u00fdkon v\u00e1\u0161mu spr\u00e1vaniu pri \u0165ahu. Dvojit\u00e9 mesh cievky (0,8 Ohm + 0,8 Ohm) zaru\u010duj\u00fa dokonal\u00e9 rozvinutie chuti pri ka\u017edom \u0165ahu.<\/p>\n<h4 data-start=\"1089\" data-end=\"1245\" data-immersive-translate-walked=\"dea8ba8e-97c8-485a-8a13-b2b8feb4401d\" data-immersive-translate-paragraph=\"1\">Ako to je s v\u00fdberom nikot\u00ednu?<\/h4>\n<p class=\"\" data-start=\"1089\" data-end=\"1245\" data-immersive-translate-walked=\"dea8ba8e-97c8-485a-8a13-b2b8feb4401d\" data-immersive-translate-paragraph=\"1\">M\u00f4\u017eete si vybra\u0165 zo \u0161tyroch \u00farovn\u00ed nikot\u00ednu: 0%, 2%, 3% alebo 5% \u2013 pod\u013ea va\u0161ich potrieb.<\/p>\n<h4 data-start=\"1247\" data-end=\"1427\" data-immersive-translate-walked=\"dea8ba8e-97c8-485a-8a13-b2b8feb4401d\" data-immersive-translate-paragraph=\"1\">Ako sa nab\u00edja e-cigareta?<\/h4>\n<p class=\"\" data-start=\"1247\" data-end=\"1427\" data-immersive-translate-walked=\"dea8ba8e-97c8-485a-8a13-b2b8feb4401d\" data-immersive-translate-paragraph=\"1\">Elf Box Pulse X je opakovane nab\u00edjate\u013en\u00e1 cez Type-C, tak\u017ee m\u00f4\u017eete plne vyu\u017ei\u0165 kapacitu 18 ml tekutiny.<\/p>\n<h4 data-start=\"1429\" data-end=\"1658\" data-immersive-translate-walked=\"dea8ba8e-97c8-485a-8a13-b2b8feb4401d\" data-immersive-translate-paragraph=\"1\">\u010co je to Blue Razz Ice za chu\u0165?<\/h4>\n<p class=\"\" data-start=\"1429\" data-end=\"1658\" data-immersive-translate-walked=\"dea8ba8e-97c8-485a-8a13-b2b8feb4401d\" data-immersive-translate-paragraph=\"1\">Blue Razz Ice kombinuje sladko-s\u00fdtu chu\u0165 modr\u00fdch mal\u00edn s osvie\u017euj\u00facim, chladiv\u00fdm z\u00e1verom. Intenz\u00edvny ovocn\u00fd z\u00e1\u017eitok s efektom Ice rob\u00ed ka\u017ed\u00fd \u0165ah nezabudnute\u013en\u00fdm.<\/p>\n<h4 data-start=\"1660\" data-end=\"1867\" data-immersive-translate-walked=\"dea8ba8e-97c8-485a-8a13-b2b8feb4401d\" data-immersive-translate-paragraph=\"1\">Ako dlho trv\u00e1 doru\u010denie? Je tam clo?<\/h4>\n<p class=\"\" data-start=\"1660\" data-end=\"1867\" data-immersive-translate-walked=\"dea8ba8e-97c8-485a-8a13-b2b8feb4401d\" data-immersive-translate-paragraph=\"1\">Ak objedn\u00e1te nad vapingnet.de, vyu\u017e\u00edvate bezcoln\u00e9 doru\u010denie do 7\u201315 pracovn\u00fdch dn\u00ed \u2013 pohodlne, bezpe\u010dne a spo\u013eahlivo.<\/p>\n<h3 data-start=\"1869\" data-end=\"1908\" data-immersive-translate-walked=\"dea8ba8e-97c8-485a-8a13-b2b8feb4401d\">Pre\u010do objedn\u00e1va\u0165 na vapingnet.de?<\/h3>\n<ul data-start=\"1909\" data-end=\"2052\" data-immersive-translate-walked=\"dea8ba8e-97c8-485a-8a13-b2b8feb4401d\">\n<li class=\"\" data-start=\"1909\" data-end=\"1933\" data-immersive-translate-walked=\"dea8ba8e-97c8-485a-8a13-b2b8feb4401d\">\n<p class=\"\" data-start=\"1911\" data-end=\"1933\" data-immersive-translate-walked=\"dea8ba8e-97c8-485a-8a13-b2b8feb4401d\" data-immersive-translate-paragraph=\"1\">Kvalitn\u00e9 produkty<\/p>\n<\/li>\n<li class=\"\" data-start=\"1934\" data-end=\"1957\" data-immersive-translate-walked=\"dea8ba8e-97c8-485a-8a13-b2b8feb4401d\">\n<p class=\"\" data-start=\"1936\" data-end=\"1957\" data-immersive-translate-walked=\"dea8ba8e-97c8-485a-8a13-b2b8feb4401d\" data-immersive-translate-paragraph=\"1\">Doru\u010denie bez cla<\/p>\n<\/li>\n<li class=\"\" data-start=\"1958\" data-end=\"1995\" data-immersive-translate-walked=\"dea8ba8e-97c8-485a-8a13-b2b8feb4401d\">\n<p class=\"\" data-start=\"1960\" data-end=\"1995\" data-immersive-translate-walked=\"dea8ba8e-97c8-485a-8a13-b2b8feb4401d\" data-immersive-translate-paragraph=\"1\">Transparentn\u00e9 inform\u00e1cie o produkte<\/p>\n<\/li>\n<li class=\"\" data-start=\"1996\" data-end=\"2052\" data-immersive-translate-walked=\"dea8ba8e-97c8-485a-8a13-b2b8feb4401d\">\n<p class=\"\" data-start=\"1998\" data-end=\"2052\" data-immersive-translate-walked=\"dea8ba8e-97c8-485a-8a13-b2b8feb4401d\" data-immersive-translate-paragraph=\"1\">Ve\u013ek\u00fd v\u00fdber pr\u00edchut\u00ed a \u00farovn\u00ed nikot\u00ednu<\/p>\n<\/li>\n<\/ul>\n<p class=\"\" data-start=\"2054\" data-end=\"2203\" data-immersive-translate-walked=\"dea8ba8e-97c8-485a-8a13-b2b8feb4401d\" data-immersive-translate-paragraph=\"1\">Kde si m\u00f4\u017eem objedna\u0165?<br data-start=\"2080\" data-end=\"2083\" data-immersive-translate-walked=\"dea8ba8e-97c8-485a-8a13-b2b8feb4401d\" \/>Elf Box Pulse X 25000 \u2013 Blue Razz Ice je okam\u017eite dostupn\u00fd na:<br data-start=\"2157\" data-end=\"2160\" data-immersive-translate-walked=\"dea8ba8e-97c8-485a-8a13-b2b8feb4401d\" \/>\ud83d\udc49 <a class=\"\" href=\"https:\/\/vapingnet.de\/sk\/\" target=\"_new\" rel=\"noopener\" data-start=\"2165\" data-end=\"2201\" data-immersive-translate-walked=\"dea8ba8e-97c8-485a-8a13-b2b8feb4401d\">vapingnet.de<\/a><\/p>","protected":false},"excerpt":{"rendered":"<p>Pre\u010do je Elf Box Pulse X 25000 \u2013 Blue Razz Ice spr\u00e1vnou vo\u013ebou pre v\u00e1s? \u010co je Elf Box Pulse X 25000?...<\/p>","protected":false},"featured_media":6866,"template":"","meta":[],"etheme_brands":[],"product_brand":[100],"product_cat":[55,49,61],"product_tag":[],"class_list":{"0":"post-6339","1":"product","2":"type-product","3":"status-publish","4":"has-post-thumbnail","6":"product_brand-elf-box-vape","7":"product_cat-vape-25000-zuege","8":"product_cat-einweg-e-zigarette","9":"product_cat-f","11":"first","12":"instock","13":"shipping-taxable","14":"purchasable","15":"product-type-simple"},"yoast_head":"<!-- This site is optimized with the Yoast SEO plugin v26.5 - https:\/\/yoast.com\/wordpress\/plugins\/seo\/ -->\n<title>Blue Razz Ice ELF BOX PULSE X 25000 Bestseller Jetzt Zum Gro\u00dfhandelspreis | Vapingnet.de<\/title>\n<meta name=\"description\" content=\"Entdecke Blue Razz Ice ELF BOX PULSE X 25000 Bestseller Jetzt Zum Gro\u00dfhandelspreis bei vapingnet.de, \u25ba Gro\u00dfe Auswahl an Geschmacksrichtungen &amp; super g\u00fcnstig!\" \/>\n<meta name=\"robots\" content=\"index, follow, max-snippet:-1, max-image-preview:large, max-video-preview:-1\" \/>\n<link rel=\"canonical\" href=\"https:\/\/vapingnet.de\/sk\/vape\/blue-razz-ice-elf-box-pulse-x-25000-bestseller-jetzt-zum-grosshandelspreis\/\" \/>\n<meta property=\"og:locale\" content=\"sk_SK\" \/>\n<meta property=\"og:type\" content=\"article\" \/>\n<meta property=\"og:title\" content=\"Blue Razz Ice ELF BOX PULSE X 25000 Bestseller Jetzt Zum Gro\u00dfhandelspreis | Vapingnet.de\" \/>\n<meta property=\"og:description\" content=\"Entdecke Blue Razz Ice ELF BOX PULSE X 25000 Bestseller Jetzt Zum Gro\u00dfhandelspreis bei vapingnet.de, \u25ba Gro\u00dfe Auswahl an Geschmacksrichtungen &amp; super g\u00fcnstig!\" \/>\n<meta property=\"og:url\" content=\"https:\/\/vapingnet.de\/sk\/vape\/blue-razz-ice-elf-box-pulse-x-25000-bestseller-jetzt-zum-grosshandelspreis\/\" \/>\n<meta property=\"og:site_name\" content=\"Vapingnet.de\" \/>\n<meta property=\"article:publisher\" content=\"https:\/\/www.facebook.com\/vapingnetde\/\" \/>\n<meta property=\"article:modified_time\" content=\"2025-06-19T03:43:01+00:00\" \/>\n<meta property=\"og:image\" content=\"https:\/\/vapingnet.de\/wp-content\/uploads\/2025\/04\/BLUE-RAZZ-ICE-4.webp\" \/>\n\t<meta property=\"og:image:width\" content=\"1000\" \/>\n\t<meta property=\"og:image:height\" content=\"1000\" \/>\n\t<meta property=\"og:image:type\" content=\"image\/webp\" \/>\n<meta name=\"twitter:card\" content=\"summary_large_image\" \/>\n<meta name=\"twitter:label1\" content=\"Est. reading time\" \/>\n\t<meta name=\"twitter:data1\" content=\"2 minutes\" \/>\n<script type=\"application\/ld+json\" class=\"yoast-schema-graph\">{\"@context\":\"https:\/\/schema.org\",\"@graph\":[{\"@type\":\"WebPage\",\"@id\":\"https:\/\/vapingnet.de\/vape\/blue-razz-ice-elf-box-pulse-x-25000-bestseller-jetzt-zum-grosshandelspreis\/\",\"url\":\"https:\/\/vapingnet.de\/vape\/blue-razz-ice-elf-box-pulse-x-25000-bestseller-jetzt-zum-grosshandelspreis\/\",\"name\":\"Blue Razz Ice ELF BOX PULSE X 25000 Bestseller Jetzt Zum Gro\u00dfhandelspreis | Vapingnet.de\",\"isPartOf\":{\"@id\":\"https:\/\/vapingnet.de\/#website\"},\"primaryImageOfPage\":{\"@id\":\"https:\/\/vapingnet.de\/vape\/blue-razz-ice-elf-box-pulse-x-25000-bestseller-jetzt-zum-grosshandelspreis\/#primaryimage\"},\"image\":{\"@id\":\"https:\/\/vapingnet.de\/vape\/blue-razz-ice-elf-box-pulse-x-25000-bestseller-jetzt-zum-grosshandelspreis\/#primaryimage\"},\"thumbnailUrl\":\"https:\/\/vapingnet.de\/wp-content\/uploads\/2025\/04\/BLUE-RAZZ-ICE-4.webp\",\"datePublished\":\"2025-04-15T05:34:53+00:00\",\"dateModified\":\"2025-06-19T03:43:01+00:00\",\"description\":\"Entdecke Blue Razz Ice ELF BOX PULSE X 25000 Bestseller Jetzt Zum Gro\u00dfhandelspreis bei vapingnet.de, \u25ba Gro\u00dfe Auswahl an Geschmacksrichtungen & super g\u00fcnstig!\",\"breadcrumb\":{\"@id\":\"https:\/\/vapingnet.de\/vape\/blue-razz-ice-elf-box-pulse-x-25000-bestseller-jetzt-zum-grosshandelspreis\/#breadcrumb\"},\"inLanguage\":\"sk-SK\",\"potentialAction\":[{\"@type\":\"ReadAction\",\"target\":[\"https:\/\/vapingnet.de\/vape\/blue-razz-ice-elf-box-pulse-x-25000-bestseller-jetzt-zum-grosshandelspreis\/\"]}]},{\"@type\":\"ImageObject\",\"inLanguage\":\"sk-SK\",\"@id\":\"https:\/\/vapingnet.de\/vape\/blue-razz-ice-elf-box-pulse-x-25000-bestseller-jetzt-zum-grosshandelspreis\/#primaryimage\",\"url\":\"https:\/\/vapingnet.de\/wp-content\/uploads\/2025\/04\/BLUE-RAZZ-ICE-4.webp\",\"contentUrl\":\"https:\/\/vapingnet.de\/wp-content\/uploads\/2025\/04\/BLUE-RAZZ-ICE-4.webp\",\"width\":1000,\"height\":1000},{\"@type\":\"BreadcrumbList\",\"@id\":\"https:\/\/vapingnet.de\/vape\/blue-razz-ice-elf-box-pulse-x-25000-bestseller-jetzt-zum-grosshandelspreis\/#breadcrumb\",\"itemListElement\":[{\"@type\":\"ListItem\",\"position\":1,\"name\":\"Home\",\"item\":\"https:\/\/vapingnet.de\/\"},{\"@type\":\"ListItem\",\"position\":2,\"name\":\"Shop\",\"item\":\"https:\/\/vapingnet.de\/vape\/\"},{\"@type\":\"ListItem\",\"position\":3,\"name\":\"Blue Razz Ice ELF BOX PULSE X 25000 Bestseller Jetzt Zum Gro\u00dfhandelspreis\"}]},{\"@type\":\"WebSite\",\"@id\":\"https:\/\/vapingnet.de\/#website\",\"url\":\"https:\/\/vapingnet.de\/\",\"name\":\"Vapingnet.de\",\"description\":\"\",\"publisher\":{\"@id\":\"https:\/\/vapingnet.de\/#organization\"},\"potentialAction\":[{\"@type\":\"SearchAction\",\"target\":{\"@type\":\"EntryPoint\",\"urlTemplate\":\"https:\/\/vapingnet.de\/?s={search_term_string}\"},\"query-input\":{\"@type\":\"PropertyValueSpecification\",\"valueRequired\":true,\"valueName\":\"search_term_string\"}}],\"inLanguage\":\"sk-SK\"},{\"@type\":\"Organization\",\"@id\":\"https:\/\/vapingnet.de\/#organization\",\"name\":\"Vapingnet.de\",\"url\":\"https:\/\/vapingnet.de\/\",\"logo\":{\"@type\":\"ImageObject\",\"inLanguage\":\"sk-SK\",\"@id\":\"https:\/\/vapingnet.de\/#\/schema\/logo\/image\/\",\"url\":\"https:\/\/vapingnet.de\/wp-content\/uploads\/2025\/03\/cropped-vapingnet.de_.jpg\",\"contentUrl\":\"https:\/\/vapingnet.de\/wp-content\/uploads\/2025\/03\/cropped-vapingnet.de_.jpg\",\"width\":512,\"height\":512,\"caption\":\"Vapingnet.de\"},\"image\":{\"@id\":\"https:\/\/vapingnet.de\/#\/schema\/logo\/image\/\"},\"sameAs\":[\"https:\/\/www.facebook.com\/vapingnetde\/\"]}]}<\/script>\n<!-- \/ Yoast SEO plugin. -->","yoast_head_json":{"title":"Blue Razz Ice ELF BOX PULSE X 25000 Bestseller Jetzt Zum Gro\u00dfhandelspreis | Vapingnet.de","description":"Entdecke Blue Razz Ice ELF BOX PULSE X 25000 Bestseller Jetzt Zum Gro\u00dfhandelspreis bei vapingnet.de, \u25ba Gro\u00dfe Auswahl an Geschmacksrichtungen & super g\u00fcnstig!","robots":{"index":"index","follow":"follow","max-snippet":"max-snippet:-1","max-image-preview":"max-image-preview:large","max-video-preview":"max-video-preview:-1"},"canonical":"https:\/\/vapingnet.de\/sk\/vape\/blue-razz-ice-elf-box-pulse-x-25000-bestseller-jetzt-zum-grosshandelspreis\/","og_locale":"sk_SK","og_type":"article","og_title":"Blue Razz Ice ELF BOX PULSE X 25000 Bestseller Jetzt Zum Gro\u00dfhandelspreis | Vapingnet.de","og_description":"Entdecke Blue Razz Ice ELF BOX PULSE X 25000 Bestseller Jetzt Zum Gro\u00dfhandelspreis bei vapingnet.de, \u25ba Gro\u00dfe Auswahl an Geschmacksrichtungen & super g\u00fcnstig!","og_url":"https:\/\/vapingnet.de\/sk\/vape\/blue-razz-ice-elf-box-pulse-x-25000-bestseller-jetzt-zum-grosshandelspreis\/","og_site_name":"Vapingnet.de","article_publisher":"https:\/\/www.facebook.com\/vapingnetde\/","article_modified_time":"2025-06-19T03:43:01+00:00","og_image":[{"width":1000,"height":1000,"url":"https:\/\/vapingnet.de\/wp-content\/uploads\/2025\/04\/BLUE-RAZZ-ICE-4.webp","type":"image\/webp"}],"twitter_card":"summary_large_image","twitter_misc":{"Est. reading time":"2 minutes"},"schema":{"@context":"https:\/\/schema.org","@graph":[{"@type":"WebPage","@id":"https:\/\/vapingnet.de\/vape\/blue-razz-ice-elf-box-pulse-x-25000-bestseller-jetzt-zum-grosshandelspreis\/","url":"https:\/\/vapingnet.de\/vape\/blue-razz-ice-elf-box-pulse-x-25000-bestseller-jetzt-zum-grosshandelspreis\/","name":"Blue Razz Ice ELF BOX PULSE X 25000 Bestseller Jetzt Zum Gro\u00dfhandelspreis | Vapingnet.de","isPartOf":{"@id":"https:\/\/vapingnet.de\/#website"},"primaryImageOfPage":{"@id":"https:\/\/vapingnet.de\/vape\/blue-razz-ice-elf-box-pulse-x-25000-bestseller-jetzt-zum-grosshandelspreis\/#primaryimage"},"image":{"@id":"https:\/\/vapingnet.de\/vape\/blue-razz-ice-elf-box-pulse-x-25000-bestseller-jetzt-zum-grosshandelspreis\/#primaryimage"},"thumbnailUrl":"https:\/\/vapingnet.de\/wp-content\/uploads\/2025\/04\/BLUE-RAZZ-ICE-4.webp","datePublished":"2025-04-15T05:34:53+00:00","dateModified":"2025-06-19T03:43:01+00:00","description":"Entdecke Blue Razz Ice ELF BOX PULSE X 25000 Bestseller Jetzt Zum Gro\u00dfhandelspreis bei vapingnet.de, \u25ba Gro\u00dfe Auswahl an Geschmacksrichtungen & super g\u00fcnstig!","breadcrumb":{"@id":"https:\/\/vapingnet.de\/vape\/blue-razz-ice-elf-box-pulse-x-25000-bestseller-jetzt-zum-grosshandelspreis\/#breadcrumb"},"inLanguage":"sk-SK","potentialAction":[{"@type":"ReadAction","target":["https:\/\/vapingnet.de\/vape\/blue-razz-ice-elf-box-pulse-x-25000-bestseller-jetzt-zum-grosshandelspreis\/"]}]},{"@type":"ImageObject","inLanguage":"sk-SK","@id":"https:\/\/vapingnet.de\/vape\/blue-razz-ice-elf-box-pulse-x-25000-bestseller-jetzt-zum-grosshandelspreis\/#primaryimage","url":"https:\/\/vapingnet.de\/wp-content\/uploads\/2025\/04\/BLUE-RAZZ-ICE-4.webp","contentUrl":"https:\/\/vapingnet.de\/wp-content\/uploads\/2025\/04\/BLUE-RAZZ-ICE-4.webp","width":1000,"height":1000},{"@type":"BreadcrumbList","@id":"https:\/\/vapingnet.de\/vape\/blue-razz-ice-elf-box-pulse-x-25000-bestseller-jetzt-zum-grosshandelspreis\/#breadcrumb","itemListElement":[{"@type":"ListItem","position":1,"name":"Home","item":"https:\/\/vapingnet.de\/"},{"@type":"ListItem","position":2,"name":"Shop","item":"https:\/\/vapingnet.de\/vape\/"},{"@type":"ListItem","position":3,"name":"Blue Razz Ice ELF BOX PULSE X 25000 Bestseller Jetzt Zum Gro\u00dfhandelspreis"}]},{"@type":"WebSite","@id":"https:\/\/vapingnet.de\/#website","url":"https:\/\/vapingnet.de\/","name":"Vapingnet.de","description":"","publisher":{"@id":"https:\/\/vapingnet.de\/#organization"},"potentialAction":[{"@type":"SearchAction","target":{"@type":"EntryPoint","urlTemplate":"https:\/\/vapingnet.de\/?s={search_term_string}"},"query-input":{"@type":"PropertyValueSpecification","valueRequired":true,"valueName":"search_term_string"}}],"inLanguage":"sk-SK"},{"@type":"Organization","@id":"https:\/\/vapingnet.de\/#organization","name":"Vapingnet.de","url":"https:\/\/vapingnet.de\/","logo":{"@type":"ImageObject","inLanguage":"sk-SK","@id":"https:\/\/vapingnet.de\/#\/schema\/logo\/image\/","url":"https:\/\/vapingnet.de\/wp-content\/uploads\/2025\/03\/cropped-vapingnet.de_.jpg","contentUrl":"https:\/\/vapingnet.de\/wp-content\/uploads\/2025\/03\/cropped-vapingnet.de_.jpg","width":512,"height":512,"caption":"Vapingnet.de"},"image":{"@id":"https:\/\/vapingnet.de\/#\/schema\/logo\/image\/"},"sameAs":["https:\/\/www.facebook.com\/vapingnetde\/"]}]}},"tiered_pricing_type":"fixed","tiered_pricing_fixed_rules":{"10":"13.77","60":"12.39","110":"11.02","200":"9.64"},"tiered_pricing_product_settings":{"layout":"default","base_unit_name":{"singular":null,"plural":null},"default_variation":null},"tiered_pricing_minimum_quantity":null,"tiered_pricing_roles_data":[],"tiered_pricing_percentage_rules":[],"_links":{"self":[{"href":"https:\/\/vapingnet.de\/sk\/wp-json\/wp\/v2\/product\/6339","targetHints":{"allow":["GET"]}}],"collection":[{"href":"https:\/\/vapingnet.de\/sk\/wp-json\/wp\/v2\/product"}],"about":[{"href":"https:\/\/vapingnet.de\/sk\/wp-json\/wp\/v2\/types\/product"}],"version-history":[{"count":2,"href":"https:\/\/vapingnet.de\/sk\/wp-json\/wp\/v2\/product\/6339\/revisions"}],"predecessor-version":[{"id":6350,"href":"https:\/\/vapingnet.de\/sk\/wp-json\/wp\/v2\/product\/6339\/revisions\/6350"}],"wp:featuredmedia":[{"embeddable":true,"href":"https:\/\/vapingnet.de\/sk\/wp-json\/wp\/v2\/media\/6866"}],"wp:attachment":[{"href":"https:\/\/vapingnet.de\/sk\/wp-json\/wp\/v2\/media?parent=6339"}],"wp:term":[{"taxonomy":"brand","embeddable":true,"href":"https:\/\/vapingnet.de\/sk\/wp-json\/wp\/v2\/etheme_brands?post=6339"},{"taxonomy":"product_brand","embeddable":true,"href":"https:\/\/vapingnet.de\/sk\/wp-json\/wp\/v2\/product_brand?post=6339"},{"taxonomy":"product_cat","embeddable":true,"href":"https:\/\/vapingnet.de\/sk\/wp-json\/wp\/v2\/product_cat?post=6339"},{"taxonomy":"product_tag","embeddable":true,"href":"https:\/\/vapingnet.de\/sk\/wp-json\/wp\/v2\/product_tag?post=6339"}],"curies":[{"name":"wp","href":"https:\/\/api.w.org\/{rel}","templated":true}]}}