{"id":6340,"date":"2025-04-15T05:34:56","date_gmt":"2025-04-15T05:34:56","guid":{"rendered":"https:\/\/vapingnet.de\/?post_type=product&#038;p=6340"},"modified":"2025-06-19T03:43:01","modified_gmt":"2025-06-19T03:43:01","slug":"fruchtig-frisch-elf-box-pulse-x-25000-strawberry-banana-direkt-ab-werk-bestellen","status":"publish","type":"product","link":"https:\/\/vapingnet.de\/sk\/vape\/fruchtig-frisch-elf-box-pulse-x-25000-strawberry-banana-direkt-ab-werk-bestellen\/","title":{"rendered":"Ovocn\u00e1 svie\u017eos\u0165 ELF BOX PULSE X 25000 Jahodov\u00e1 ban\u00e1nov\u00e1 Priama objedn\u00e1vka z v\u00fdroby"},"content":{"rendered":"<h2 data-start=\"111\" data-end=\"182\" data-immersive-translate-walked=\"6650aa28-6507-44bf-bf92-28e586dd65ad\">Pr\u00edbeh za Elf Box Pulse X 25000 \u2013 Strawberry Banana<\/h2>\n<p class=\"\" data-start=\"184\" data-end=\"583\" data-immersive-translate-walked=\"6650aa28-6507-44bf-bf92-28e586dd65ad\" data-immersive-translate-paragraph=\"1\">Ke\u010f sme vyv\u00edjali Elf Box Pulse X 25000, mali sme jasn\u00fa v\u00edziu: vytvori\u0165 jednorazov\u00fa e-cigaretu, ktor\u00e1 nielen\u017ee presved\u010d\u00ed technol\u00f3giou, ale aj nastav\u00ed nov\u00e9 \u0161tandardy v chuti. V\u00fdsledkom je zariadenie, ktor\u00e9 sp\u00e1ja modern\u00fd dizajn, inteligentn\u00fa technol\u00f3giu a nezamenite\u013en\u00fa chu\u0165 \u2013 teraz dostupn\u00e9 v pr\u00edchuti Strawberry Banana, exkluz\u00edvne u vapingnet.de.<\/p>\n<p class=\"\" data-start=\"585\" data-end=\"844\" data-immersive-translate-walked=\"6650aa28-6507-44bf-bf92-28e586dd65ad\" data-immersive-translate-paragraph=\"1\">Chu\u0165 \u2013 harmonick\u00e1 f\u00fazia slne\u010dne zrel\u00fdch jah\u00f4d a kr\u00e9movej ban\u00e1novej \u2013 bola starostlivo komponovan\u00e1, aby poskytla jemn\u00fd a z\u00e1rove\u0148 intenz\u00edvny z\u00e1\u017eitok z vapovania. Ide\u00e1lne pre v\u0161etk\u00fdch, ktor\u00ed miluj\u00fa ovocn\u00e9 chute a h\u013eadaj\u00fa to prav\u00e9 extra.<\/p>\n<h3 data-start=\"846\" data-end=\"907\" data-immersive-translate-walked=\"6650aa28-6507-44bf-bf92-28e586dd65ad\">Technicky Elf Box Pulse X 25000 nastavuje nov\u00e9 \u0161tandardy:<\/h3>\n<div class=\"pointer-events-none relative left-[50%]! flex w-[100cqw] translate-x-[-50%] justify-center *:pointer-events-auto\" data-immersive-translate-walked=\"6650aa28-6507-44bf-bf92-28e586dd65ad\">\n<div class=\"tableContainer horzScrollShadows\" data-immersive-translate-walked=\"6650aa28-6507-44bf-bf92-28e586dd65ad\">\n<table class=\"min-w-full\" style=\"height: 296px;\" width=\"726\" data-start=\"909\" data-end=\"1667\" data-immersive-translate-walked=\"6650aa28-6507-44bf-bf92-28e586dd65ad\">\n<thead data-start=\"909\" data-end=\"993\" data-immersive-translate-walked=\"6650aa28-6507-44bf-bf92-28e586dd65ad\">\n<tr data-start=\"909\" data-end=\"993\" data-immersive-translate-walked=\"6650aa28-6507-44bf-bf92-28e586dd65ad\">\n<th data-start=\"909\" data-end=\"937\" data-immersive-translate-walked=\"6650aa28-6507-44bf-bf92-28e586dd65ad\" data-immersive-translate-paragraph=\"1\">Vlastnos\u0165<\/th>\n<th data-start=\"937\" data-end=\"993\" data-immersive-translate-walked=\"6650aa28-6507-44bf-bf92-28e586dd65ad\" data-immersive-translate-paragraph=\"1\">Popis<\/th>\n<\/tr>\n<\/thead>\n<tbody data-start=\"1079\" data-end=\"1667\" data-immersive-translate-walked=\"6650aa28-6507-44bf-bf92-28e586dd65ad\">\n<tr data-start=\"1079\" data-end=\"1162\" data-immersive-translate-walked=\"6650aa28-6507-44bf-bf92-28e586dd65ad\">\n<td class=\"max-w-[calc(var(--thread-content-max-width)*2\/3)]\" data-start=\"1079\" data-end=\"1107\" data-immersive-translate-walked=\"6650aa28-6507-44bf-bf92-28e586dd65ad\" data-immersive-translate-paragraph=\"1\">Po\u010det \u0165ahov<\/td>\n<td class=\"max-w-[calc(var(--thread-content-max-width)*2\/3)] min-w-[calc(var(--thread-content-max-width)\/3)]\" data-start=\"1107\" data-end=\"1162\" data-immersive-translate-walked=\"6650aa28-6507-44bf-bf92-28e586dd65ad\" data-immersive-translate-paragraph=\"1\">25 000 (norm\u00e1lny re\u017eim) \/ 15 000 (Pulse re\u017eim)<\/td>\n<\/tr>\n<tr data-start=\"1163\" data-end=\"1246\" data-immersive-translate-walked=\"6650aa28-6507-44bf-bf92-28e586dd65ad\">\n<td class=\"max-w-[calc(var(--thread-content-max-width)*2\/3)]\" data-start=\"1163\" data-end=\"1191\" data-immersive-translate-walked=\"6650aa28-6507-44bf-bf92-28e586dd65ad\" data-immersive-translate-paragraph=\"1\">Cievka<\/td>\n<td class=\"max-w-[calc(var(--thread-content-max-width)*2\/3)]\" data-start=\"1191\" data-end=\"1246\" data-immersive-translate-walked=\"6650aa28-6507-44bf-bf92-28e586dd65ad\" data-immersive-translate-paragraph=\"1\">Dvojit\u00fd mesh cievka (0,8 Ohm + 0,8 Ohm)<\/td>\n<\/tr>\n<tr data-start=\"1247\" data-end=\"1330\" data-immersive-translate-walked=\"6650aa28-6507-44bf-bf92-28e586dd65ad\">\n<td class=\"max-w-[calc(var(--thread-content-max-width)*2\/3)]\" data-start=\"1247\" data-end=\"1275\" data-immersive-translate-walked=\"6650aa28-6507-44bf-bf92-28e586dd65ad\" data-immersive-translate-paragraph=\"1\">E-liquid<\/td>\n<td class=\"max-w-[calc(var(--thread-content-max-width)*2\/3)]\" data-start=\"1275\" data-end=\"1330\" data-immersive-translate-walked=\"6650aa28-6507-44bf-bf92-28e586dd65ad\" data-immersive-translate-paragraph=\"1\">18 ml predplnen\u00e9<\/td>\n<\/tr>\n<tr data-start=\"1331\" data-end=\"1415\" data-immersive-translate-walked=\"6650aa28-6507-44bf-bf92-28e586dd65ad\">\n<td class=\"max-w-[calc(var(--thread-content-max-width)*2\/3)]\" data-start=\"1331\" data-end=\"1359\" data-immersive-translate-walked=\"6650aa28-6507-44bf-bf92-28e586dd65ad\" data-immersive-translate-paragraph=\"1\">Mo\u017enosti nikot\u00ednu<\/td>\n<td class=\"max-w-[calc(var(--thread-content-max-width)*2\/3)]\" data-start=\"1359\" data-end=\"1415\" data-immersive-translate-walked=\"6650aa28-6507-44bf-bf92-28e586dd65ad\">0%, 2%, 3%, 5%<\/td>\n<\/tr>\n<tr data-start=\"1416\" data-end=\"1499\" data-immersive-translate-walked=\"6650aa28-6507-44bf-bf92-28e586dd65ad\">\n<td class=\"max-w-[calc(var(--thread-content-max-width)*2\/3)]\" data-start=\"1416\" data-end=\"1444\" data-immersive-translate-walked=\"6650aa28-6507-44bf-bf92-28e586dd65ad\" data-immersive-translate-paragraph=\"1\">Bat\u00e9ria<\/td>\n<td class=\"max-w-[calc(var(--thread-content-max-width)*2\/3)]\" data-start=\"1444\" data-end=\"1499\" data-immersive-translate-walked=\"6650aa28-6507-44bf-bf92-28e586dd65ad\" data-immersive-translate-paragraph=\"1\">13500 mAh, dob\u00edjate\u013en\u00e1 (Type-C)<\/td>\n<\/tr>\n<tr data-start=\"1500\" data-end=\"1583\" data-immersive-translate-walked=\"6650aa28-6507-44bf-bf92-28e586dd65ad\">\n<td class=\"max-w-[calc(var(--thread-content-max-width)*2\/3)]\" data-start=\"1500\" data-end=\"1528\" data-immersive-translate-walked=\"6650aa28-6507-44bf-bf92-28e586dd65ad\" data-immersive-translate-paragraph=\"1\">Displej<\/td>\n<td class=\"max-w-[calc(var(--thread-content-max-width)*2\/3)]\" data-start=\"1528\" data-end=\"1583\" data-immersive-translate-walked=\"6650aa28-6507-44bf-bf92-28e586dd65ad\" data-immersive-translate-paragraph=\"1\">3D zakriven\u00fd displej s AI nastavovan\u00edm v\u00fdkonu<\/td>\n<\/tr>\n<tr data-start=\"1584\" data-end=\"1667\" data-immersive-translate-walked=\"6650aa28-6507-44bf-bf92-28e586dd65ad\">\n<td class=\"max-w-[calc(var(--thread-content-max-width)*2\/3)]\" data-start=\"1584\" data-end=\"1612\" data-immersive-translate-walked=\"6650aa28-6507-44bf-bf92-28e586dd65ad\" data-immersive-translate-paragraph=\"1\">Vlastnosti<\/td>\n<td class=\"max-w-[calc(var(--thread-content-max-width)*2\/3)] min-w-[calc(var(--thread-content-max-width)\/3)]\" data-start=\"1612\" data-end=\"1667\" data-immersive-translate-walked=\"6650aa28-6507-44bf-bf92-28e586dd65ad\" data-immersive-translate-paragraph=\"1\">Super Boost VPU, pulzn\u00e1 funkcia pre intenz\u00edvnej\u0161\u00ed parn\u00fd z\u00e1\u017eitok<\/td>\n<\/tr>\n<\/tbody>\n<\/table>\n<\/div>\n<\/div>\n<h4 data-start=\"1669\" data-end=\"1908\" data-immersive-translate-walked=\"6650aa28-6507-44bf-bf92-28e586dd65ad\" data-immersive-translate-paragraph=\"1\">Dva re\u017eimy \u2013 Dva z\u00e1\u017eitky:<\/h4>\n<p class=\"\" data-start=\"1669\" data-end=\"1908\" data-immersive-translate-walked=\"6650aa28-6507-44bf-bf92-28e586dd65ad\" data-immersive-translate-paragraph=\"1\">Mal\u00fd sp\u00edna\u010d na spodnej strane zariadenia umo\u017e\u0148uje prep\u00ednanie medzi klasick\u00fdm norm\u00e1lnym re\u017eimom a v\u00fdkonn\u00fdm pulzn\u00fdm re\u017eimom. Vy si rozhodujete, ak\u00e1 intenz\u00edvna bude va\u0161a vapovacia sk\u00fasenos\u0165.<\/p>\n<h4 data-start=\"1910\" data-end=\"2116\" data-immersive-translate-walked=\"6650aa28-6507-44bf-bf92-28e586dd65ad\" data-immersive-translate-paragraph=\"1\">Dovoz bez cla priamo domov:<\/h4>\n<p class=\"\" data-start=\"1910\" data-end=\"2116\" data-immersive-translate-walked=\"6650aa28-6507-44bf-bf92-28e586dd65ad\" data-immersive-translate-paragraph=\"1\">Objednajte pohodlne cez vapingnet.de. Doprava bez cla do 7\u201315 pracovn\u00fdch dn\u00ed \u2013 spo\u013eahlivo, bezpe\u010dne a diskr\u00e9tne.<\/p>\n<p class=\"\" data-start=\"2118\" data-end=\"2340\" data-immersive-translate-walked=\"6650aa28-6507-44bf-bf92-28e586dd65ad\" data-immersive-translate-paragraph=\"1\">Elf Box Pulse X 25000 \u2013 Strawberry Banana je viac ne\u017e len jednorazov\u00e1 e-cigareta. Je to v\u00fdraz modernej technol\u00f3gie, spojen\u00fd s n\u00e1dychom ovocn\u00e9ho p\u00f4vabu \u2013 pre v\u0161etk\u00fdch, ktor\u00ed nechc\u00fa robi\u0165 kompromisy.<\/p>","protected":false},"excerpt":{"rendered":"<p>Pr\u00edbeh za Elf Box Pulse X 25000 \u2013 Strawberry Banana Ke\u010f sme vyv\u00edjali Elf Box Pulse X 25000, mali sme jasn\u00fa v\u00edziu...<\/p>","protected":false},"featured_media":6865,"template":"","meta":[],"etheme_brands":[],"product_brand":[100],"product_cat":[55,49,61],"product_tag":[],"class_list":{"0":"post-6340","1":"product","2":"type-product","3":"status-publish","4":"has-post-thumbnail","6":"product_brand-elf-box-vape","7":"product_cat-vape-25000-zuege","8":"product_cat-einweg-e-zigarette","9":"product_cat-f","11":"first","12":"instock","13":"shipping-taxable","14":"purchasable","15":"product-type-simple"},"yoast_head":"<!-- This site is optimized with the Yoast SEO plugin v26.5 - https:\/\/yoast.com\/wordpress\/plugins\/seo\/ -->\n<title>Fruchtig Frisch ELF BOX PULSE X 25000 Strawberry Banana Direkt Ab Werk Bestellen | Vapingnet.de<\/title>\n<meta name=\"description\" content=\"Entdecke Fruchtig Frisch ELF BOX PULSE X 25000 Strawberry Banana Direkt Ab Werk Bestellen bei vapingnet.de, \u25ba Gro\u00dfe Auswahl an Geschmacksrichtungen &amp; super g\u00fcnstig!\" \/>\n<meta name=\"robots\" content=\"index, follow, max-snippet:-1, max-image-preview:large, max-video-preview:-1\" \/>\n<link rel=\"canonical\" href=\"https:\/\/vapingnet.de\/sk\/vape\/fruchtig-frisch-elf-box-pulse-x-25000-strawberry-banana-direkt-ab-werk-bestellen\/\" \/>\n<meta property=\"og:locale\" content=\"sk_SK\" \/>\n<meta property=\"og:type\" content=\"article\" \/>\n<meta property=\"og:title\" content=\"Fruchtig Frisch ELF BOX PULSE X 25000 Strawberry Banana Direkt Ab Werk Bestellen | Vapingnet.de\" \/>\n<meta property=\"og:description\" content=\"Entdecke Fruchtig Frisch ELF BOX PULSE X 25000 Strawberry Banana Direkt Ab Werk Bestellen bei vapingnet.de, \u25ba Gro\u00dfe Auswahl an Geschmacksrichtungen &amp; super g\u00fcnstig!\" \/>\n<meta property=\"og:url\" content=\"https:\/\/vapingnet.de\/sk\/vape\/fruchtig-frisch-elf-box-pulse-x-25000-strawberry-banana-direkt-ab-werk-bestellen\/\" \/>\n<meta property=\"og:site_name\" content=\"Vapingnet.de\" \/>\n<meta property=\"article:publisher\" content=\"https:\/\/www.facebook.com\/vapingnetde\/\" \/>\n<meta property=\"article:modified_time\" content=\"2025-06-19T03:43:01+00:00\" \/>\n<meta property=\"og:image\" content=\"https:\/\/vapingnet.de\/wp-content\/uploads\/2025\/04\/STRAWBERRY-BANANA-2.webp\" \/>\n\t<meta property=\"og:image:width\" content=\"1000\" \/>\n\t<meta property=\"og:image:height\" content=\"1000\" \/>\n\t<meta property=\"og:image:type\" content=\"image\/webp\" \/>\n<meta name=\"twitter:card\" content=\"summary_large_image\" \/>\n<meta name=\"twitter:label1\" content=\"Est. reading time\" \/>\n\t<meta name=\"twitter:data1\" content=\"2 minutes\" \/>\n<script type=\"application\/ld+json\" class=\"yoast-schema-graph\">{\"@context\":\"https:\/\/schema.org\",\"@graph\":[{\"@type\":\"WebPage\",\"@id\":\"https:\/\/vapingnet.de\/vape\/fruchtig-frisch-elf-box-pulse-x-25000-strawberry-banana-direkt-ab-werk-bestellen\/\",\"url\":\"https:\/\/vapingnet.de\/vape\/fruchtig-frisch-elf-box-pulse-x-25000-strawberry-banana-direkt-ab-werk-bestellen\/\",\"name\":\"Fruchtig Frisch ELF BOX PULSE X 25000 Strawberry Banana Direkt Ab Werk Bestellen | Vapingnet.de\",\"isPartOf\":{\"@id\":\"https:\/\/vapingnet.de\/#website\"},\"primaryImageOfPage\":{\"@id\":\"https:\/\/vapingnet.de\/vape\/fruchtig-frisch-elf-box-pulse-x-25000-strawberry-banana-direkt-ab-werk-bestellen\/#primaryimage\"},\"image\":{\"@id\":\"https:\/\/vapingnet.de\/vape\/fruchtig-frisch-elf-box-pulse-x-25000-strawberry-banana-direkt-ab-werk-bestellen\/#primaryimage\"},\"thumbnailUrl\":\"https:\/\/vapingnet.de\/wp-content\/uploads\/2025\/04\/STRAWBERRY-BANANA-2.webp\",\"datePublished\":\"2025-04-15T05:34:56+00:00\",\"dateModified\":\"2025-06-19T03:43:01+00:00\",\"description\":\"Entdecke Fruchtig Frisch ELF BOX PULSE X 25000 Strawberry Banana Direkt Ab Werk Bestellen bei vapingnet.de, \u25ba Gro\u00dfe Auswahl an Geschmacksrichtungen & super g\u00fcnstig!\",\"breadcrumb\":{\"@id\":\"https:\/\/vapingnet.de\/vape\/fruchtig-frisch-elf-box-pulse-x-25000-strawberry-banana-direkt-ab-werk-bestellen\/#breadcrumb\"},\"inLanguage\":\"sk-SK\",\"potentialAction\":[{\"@type\":\"ReadAction\",\"target\":[\"https:\/\/vapingnet.de\/vape\/fruchtig-frisch-elf-box-pulse-x-25000-strawberry-banana-direkt-ab-werk-bestellen\/\"]}]},{\"@type\":\"ImageObject\",\"inLanguage\":\"sk-SK\",\"@id\":\"https:\/\/vapingnet.de\/vape\/fruchtig-frisch-elf-box-pulse-x-25000-strawberry-banana-direkt-ab-werk-bestellen\/#primaryimage\",\"url\":\"https:\/\/vapingnet.de\/wp-content\/uploads\/2025\/04\/STRAWBERRY-BANANA-2.webp\",\"contentUrl\":\"https:\/\/vapingnet.de\/wp-content\/uploads\/2025\/04\/STRAWBERRY-BANANA-2.webp\",\"width\":1000,\"height\":1000},{\"@type\":\"BreadcrumbList\",\"@id\":\"https:\/\/vapingnet.de\/vape\/fruchtig-frisch-elf-box-pulse-x-25000-strawberry-banana-direkt-ab-werk-bestellen\/#breadcrumb\",\"itemListElement\":[{\"@type\":\"ListItem\",\"position\":1,\"name\":\"Home\",\"item\":\"https:\/\/vapingnet.de\/\"},{\"@type\":\"ListItem\",\"position\":2,\"name\":\"Shop\",\"item\":\"https:\/\/vapingnet.de\/vape\/\"},{\"@type\":\"ListItem\",\"position\":3,\"name\":\"Fruchtig Frisch ELF BOX PULSE X 25000 Strawberry Banana Direkt Ab Werk Bestellen\"}]},{\"@type\":\"WebSite\",\"@id\":\"https:\/\/vapingnet.de\/#website\",\"url\":\"https:\/\/vapingnet.de\/\",\"name\":\"Vapingnet.de\",\"description\":\"\",\"publisher\":{\"@id\":\"https:\/\/vapingnet.de\/#organization\"},\"potentialAction\":[{\"@type\":\"SearchAction\",\"target\":{\"@type\":\"EntryPoint\",\"urlTemplate\":\"https:\/\/vapingnet.de\/?s={search_term_string}\"},\"query-input\":{\"@type\":\"PropertyValueSpecification\",\"valueRequired\":true,\"valueName\":\"search_term_string\"}}],\"inLanguage\":\"sk-SK\"},{\"@type\":\"Organization\",\"@id\":\"https:\/\/vapingnet.de\/#organization\",\"name\":\"Vapingnet.de\",\"url\":\"https:\/\/vapingnet.de\/\",\"logo\":{\"@type\":\"ImageObject\",\"inLanguage\":\"sk-SK\",\"@id\":\"https:\/\/vapingnet.de\/#\/schema\/logo\/image\/\",\"url\":\"https:\/\/vapingnet.de\/wp-content\/uploads\/2025\/03\/cropped-vapingnet.de_.jpg\",\"contentUrl\":\"https:\/\/vapingnet.de\/wp-content\/uploads\/2025\/03\/cropped-vapingnet.de_.jpg\",\"width\":512,\"height\":512,\"caption\":\"Vapingnet.de\"},\"image\":{\"@id\":\"https:\/\/vapingnet.de\/#\/schema\/logo\/image\/\"},\"sameAs\":[\"https:\/\/www.facebook.com\/vapingnetde\/\"]}]}<\/script>\n<!-- \/ Yoast SEO plugin. -->","yoast_head_json":{"title":"Fruchtig Frisch ELF BOX PULSE X 25000 Strawberry Banana Direkt Ab Werk Bestellen | Vapingnet.de","description":"Entdecke Fruchtig Frisch ELF BOX PULSE X 25000 Strawberry Banana Direkt Ab Werk Bestellen bei vapingnet.de, \u25ba Gro\u00dfe Auswahl an Geschmacksrichtungen & super g\u00fcnstig!","robots":{"index":"index","follow":"follow","max-snippet":"max-snippet:-1","max-image-preview":"max-image-preview:large","max-video-preview":"max-video-preview:-1"},"canonical":"https:\/\/vapingnet.de\/sk\/vape\/fruchtig-frisch-elf-box-pulse-x-25000-strawberry-banana-direkt-ab-werk-bestellen\/","og_locale":"sk_SK","og_type":"article","og_title":"Fruchtig Frisch ELF BOX PULSE X 25000 Strawberry Banana Direkt Ab Werk Bestellen | Vapingnet.de","og_description":"Entdecke Fruchtig Frisch ELF BOX PULSE X 25000 Strawberry Banana Direkt Ab Werk Bestellen bei vapingnet.de, \u25ba Gro\u00dfe Auswahl an Geschmacksrichtungen & super g\u00fcnstig!","og_url":"https:\/\/vapingnet.de\/sk\/vape\/fruchtig-frisch-elf-box-pulse-x-25000-strawberry-banana-direkt-ab-werk-bestellen\/","og_site_name":"Vapingnet.de","article_publisher":"https:\/\/www.facebook.com\/vapingnetde\/","article_modified_time":"2025-06-19T03:43:01+00:00","og_image":[{"width":1000,"height":1000,"url":"https:\/\/vapingnet.de\/wp-content\/uploads\/2025\/04\/STRAWBERRY-BANANA-2.webp","type":"image\/webp"}],"twitter_card":"summary_large_image","twitter_misc":{"Est. reading time":"2 minutes"},"schema":{"@context":"https:\/\/schema.org","@graph":[{"@type":"WebPage","@id":"https:\/\/vapingnet.de\/vape\/fruchtig-frisch-elf-box-pulse-x-25000-strawberry-banana-direkt-ab-werk-bestellen\/","url":"https:\/\/vapingnet.de\/vape\/fruchtig-frisch-elf-box-pulse-x-25000-strawberry-banana-direkt-ab-werk-bestellen\/","name":"Fruchtig Frisch ELF BOX PULSE X 25000 Strawberry Banana Direkt Ab Werk Bestellen | Vapingnet.de","isPartOf":{"@id":"https:\/\/vapingnet.de\/#website"},"primaryImageOfPage":{"@id":"https:\/\/vapingnet.de\/vape\/fruchtig-frisch-elf-box-pulse-x-25000-strawberry-banana-direkt-ab-werk-bestellen\/#primaryimage"},"image":{"@id":"https:\/\/vapingnet.de\/vape\/fruchtig-frisch-elf-box-pulse-x-25000-strawberry-banana-direkt-ab-werk-bestellen\/#primaryimage"},"thumbnailUrl":"https:\/\/vapingnet.de\/wp-content\/uploads\/2025\/04\/STRAWBERRY-BANANA-2.webp","datePublished":"2025-04-15T05:34:56+00:00","dateModified":"2025-06-19T03:43:01+00:00","description":"Entdecke Fruchtig Frisch ELF BOX PULSE X 25000 Strawberry Banana Direkt Ab Werk Bestellen bei vapingnet.de, \u25ba Gro\u00dfe Auswahl an Geschmacksrichtungen & super g\u00fcnstig!","breadcrumb":{"@id":"https:\/\/vapingnet.de\/vape\/fruchtig-frisch-elf-box-pulse-x-25000-strawberry-banana-direkt-ab-werk-bestellen\/#breadcrumb"},"inLanguage":"sk-SK","potentialAction":[{"@type":"ReadAction","target":["https:\/\/vapingnet.de\/vape\/fruchtig-frisch-elf-box-pulse-x-25000-strawberry-banana-direkt-ab-werk-bestellen\/"]}]},{"@type":"ImageObject","inLanguage":"sk-SK","@id":"https:\/\/vapingnet.de\/vape\/fruchtig-frisch-elf-box-pulse-x-25000-strawberry-banana-direkt-ab-werk-bestellen\/#primaryimage","url":"https:\/\/vapingnet.de\/wp-content\/uploads\/2025\/04\/STRAWBERRY-BANANA-2.webp","contentUrl":"https:\/\/vapingnet.de\/wp-content\/uploads\/2025\/04\/STRAWBERRY-BANANA-2.webp","width":1000,"height":1000},{"@type":"BreadcrumbList","@id":"https:\/\/vapingnet.de\/vape\/fruchtig-frisch-elf-box-pulse-x-25000-strawberry-banana-direkt-ab-werk-bestellen\/#breadcrumb","itemListElement":[{"@type":"ListItem","position":1,"name":"Home","item":"https:\/\/vapingnet.de\/"},{"@type":"ListItem","position":2,"name":"Shop","item":"https:\/\/vapingnet.de\/vape\/"},{"@type":"ListItem","position":3,"name":"Fruchtig Frisch ELF BOX PULSE X 25000 Strawberry Banana Direkt Ab Werk Bestellen"}]},{"@type":"WebSite","@id":"https:\/\/vapingnet.de\/#website","url":"https:\/\/vapingnet.de\/","name":"Vapingnet.de","description":"","publisher":{"@id":"https:\/\/vapingnet.de\/#organization"},"potentialAction":[{"@type":"SearchAction","target":{"@type":"EntryPoint","urlTemplate":"https:\/\/vapingnet.de\/?s={search_term_string}"},"query-input":{"@type":"PropertyValueSpecification","valueRequired":true,"valueName":"search_term_string"}}],"inLanguage":"sk-SK"},{"@type":"Organization","@id":"https:\/\/vapingnet.de\/#organization","name":"Vapingnet.de","url":"https:\/\/vapingnet.de\/","logo":{"@type":"ImageObject","inLanguage":"sk-SK","@id":"https:\/\/vapingnet.de\/#\/schema\/logo\/image\/","url":"https:\/\/vapingnet.de\/wp-content\/uploads\/2025\/03\/cropped-vapingnet.de_.jpg","contentUrl":"https:\/\/vapingnet.de\/wp-content\/uploads\/2025\/03\/cropped-vapingnet.de_.jpg","width":512,"height":512,"caption":"Vapingnet.de"},"image":{"@id":"https:\/\/vapingnet.de\/#\/schema\/logo\/image\/"},"sameAs":["https:\/\/www.facebook.com\/vapingnetde\/"]}]}},"tiered_pricing_type":"fixed","tiered_pricing_fixed_rules":{"10":"13.77","60":"12.39","110":"11.02","200":"9.64"},"tiered_pricing_product_settings":{"layout":"default","base_unit_name":{"singular":null,"plural":null},"default_variation":null},"tiered_pricing_minimum_quantity":null,"tiered_pricing_roles_data":[],"tiered_pricing_percentage_rules":[],"_links":{"self":[{"href":"https:\/\/vapingnet.de\/sk\/wp-json\/wp\/v2\/product\/6340","targetHints":{"allow":["GET"]}}],"collection":[{"href":"https:\/\/vapingnet.de\/sk\/wp-json\/wp\/v2\/product"}],"about":[{"href":"https:\/\/vapingnet.de\/sk\/wp-json\/wp\/v2\/types\/product"}],"version-history":[{"count":1,"href":"https:\/\/vapingnet.de\/sk\/wp-json\/wp\/v2\/product\/6340\/revisions"}],"predecessor-version":[{"id":6351,"href":"https:\/\/vapingnet.de\/sk\/wp-json\/wp\/v2\/product\/6340\/revisions\/6351"}],"wp:featuredmedia":[{"embeddable":true,"href":"https:\/\/vapingnet.de\/sk\/wp-json\/wp\/v2\/media\/6865"}],"wp:attachment":[{"href":"https:\/\/vapingnet.de\/sk\/wp-json\/wp\/v2\/media?parent=6340"}],"wp:term":[{"taxonomy":"brand","embeddable":true,"href":"https:\/\/vapingnet.de\/sk\/wp-json\/wp\/v2\/etheme_brands?post=6340"},{"taxonomy":"product_brand","embeddable":true,"href":"https:\/\/vapingnet.de\/sk\/wp-json\/wp\/v2\/product_brand?post=6340"},{"taxonomy":"product_cat","embeddable":true,"href":"https:\/\/vapingnet.de\/sk\/wp-json\/wp\/v2\/product_cat?post=6340"},{"taxonomy":"product_tag","embeddable":true,"href":"https:\/\/vapingnet.de\/sk\/wp-json\/wp\/v2\/product_tag?post=6340"}],"curies":[{"name":"wp","href":"https:\/\/api.w.org\/{rel}","templated":true}]}}