{"id":6358,"date":"2025-04-15T06:36:58","date_gmt":"2025-04-15T06:36:58","guid":{"rendered":"https:\/\/vapingnet.de\/?post_type=product&#038;p=6358"},"modified":"2025-06-19T03:42:59","modified_gmt":"2025-06-19T03:42:59","slug":"elf-box-digital-12000-mixed-fruit-die-beste-wahl-fuer-neueinsteiger","status":"publish","type":"product","link":"https:\/\/vapingnet.de\/sk\/vape\/elf-box-digital-12000-mixed-fruit-die-beste-wahl-fuer-neueinsteiger\/","title":{"rendered":"ELF BOX Digital 12000 Mixovan\u00e9 ovocie Najlep\u0161ia vo\u013eba pre za\u010diato\u010dn\u00edkov"},"content":{"rendered":"<p class=\"\" data-start=\"0\" data-end=\"337\" data-immersive-translate-paragraph=\"1\" data-immersive-translate-walked=\"660b04b8-1dd5-4258-bfbb-26f6954581e1\">ELF BOX Digital 12000 je ide\u00e1lna vo\u013eba pre v\u0161etk\u00fdch vapera, ktor\u00ed h\u013eadaj\u00fa v\u00fdkonn\u00fd, chutn\u00fd a praktick\u00fd jednorazov\u00fd e-cigaretu z\u00e1\u017eitok. S kapacitou a\u017e do 12 000 \u0165ahov pon\u00faka mimoriadnu v\u00fddr\u017e a intenz\u00edvne pote\u0161enie, \u010do ju rob\u00ed dokonalou vo\u013ebou na cesty.<\/p>\n<h2 data-start=\"339\" data-end=\"388\" data-immersive-translate-walked=\"660b04b8-1dd5-4258-bfbb-26f6954581e1\" data-immersive-translate-paragraph=\"1\">Technick\u00e9 \u00fadaje ELF BOX Digital 12000:<\/h2>\n<ul data-start=\"390\" data-end=\"1288\" data-immersive-translate-walked=\"660b04b8-1dd5-4258-bfbb-26f6954581e1\">\n<li class=\"\" data-start=\"390\" data-end=\"427\" data-immersive-translate-walked=\"660b04b8-1dd5-4258-bfbb-26f6954581e1\">\n<p class=\"\" data-start=\"392\" data-end=\"427\" data-immersive-translate-walked=\"660b04b8-1dd5-4258-bfbb-26f6954581e1\" data-immersive-translate-paragraph=\"1\">\u0164ahy: A\u017e do 12 000 pufov<\/p>\n<\/li>\n<li class=\"\" data-start=\"428\" data-end=\"512\" data-immersive-translate-walked=\"660b04b8-1dd5-4258-bfbb-26f6954581e1\">\n<p class=\"\" data-start=\"430\" data-end=\"512\" data-immersive-translate-walked=\"660b04b8-1dd5-4258-bfbb-26f6954581e1\" data-immersive-translate-paragraph=\"1\">Cievka: Mesh cievka 0,8 Ohm pre rovnomern\u00e9 parenie a intenz\u00edvnu chu\u0165<\/p>\n<\/li>\n<li class=\"\" data-start=\"513\" data-end=\"558\" data-immersive-translate-walked=\"660b04b8-1dd5-4258-bfbb-26f6954581e1\">\n<p class=\"\" data-start=\"515\" data-end=\"558\" data-immersive-translate-walked=\"660b04b8-1dd5-4258-bfbb-26f6954581e1\" data-immersive-translate-paragraph=\"1\">E-liquid: 25 ml pre dlhodob\u00e9 pou\u017e\u00edvanie<\/p>\n<\/li>\n<li class=\"\" data-start=\"559\" data-end=\"641\" data-immersive-translate-walked=\"660b04b8-1dd5-4258-bfbb-26f6954581e1\">\n<p class=\"\" data-start=\"561\" data-end=\"641\" data-immersive-translate-walked=\"660b04b8-1dd5-4258-bfbb-26f6954581e1\" data-immersive-translate-paragraph=\"1\">Obsah nikot\u00ednu: 0%, 2%, 3%, 5% \u2013 pre flexibiln\u00fd v\u00fdber pod\u013ea preferenci\u00ed<\/p>\n<\/li>\n<li class=\"\" data-start=\"642\" data-end=\"735\" data-immersive-translate-walked=\"660b04b8-1dd5-4258-bfbb-26f6954581e1\">\n<p class=\"\" data-start=\"644\" data-end=\"735\" data-immersive-translate-walked=\"660b04b8-1dd5-4258-bfbb-26f6954581e1\" data-immersive-translate-paragraph=\"1\">Bat\u00e9ria: 500 mAh s dlhodobou \u017eivotnos\u0165ou a r\u00fdchlym nab\u00edjan\u00edm cez USB-C<\/p>\n<\/li>\n<li class=\"\" data-start=\"736\" data-end=\"903\" data-immersive-translate-walked=\"660b04b8-1dd5-4258-bfbb-26f6954581e1\">\n<p class=\"\" data-start=\"738\" data-end=\"903\" data-immersive-translate-walked=\"660b04b8-1dd5-4258-bfbb-26f6954581e1\" data-immersive-translate-paragraph=\"1\">Displej: Digit\u00e1lny ukazovate\u013e stavu bat\u00e9rie a tekutiny \u2013 praktick\u00e1 funkcia na okam\u017eit\u00e9 vedomie, kedy je \u010das na doplnenie alebo nabitie<\/p>\n<\/li>\n<li class=\"\" data-start=\"904\" data-end=\"987\" data-immersive-translate-walked=\"660b04b8-1dd5-4258-bfbb-26f6954581e1\">\n<p class=\"\" data-start=\"906\" data-end=\"987\" data-immersive-translate-walked=\"660b04b8-1dd5-4258-bfbb-26f6954581e1\" data-immersive-translate-paragraph=\"1\">Hmotnos\u0165 produktu: Len 82 g, ide\u00e1lne na ka\u017edodenn\u00e9 pou\u017eitie a na cesty<\/p>\n<\/li>\n<li class=\"\" data-start=\"988\" data-end=\"1086\" data-immersive-translate-walked=\"660b04b8-1dd5-4258-bfbb-26f6954581e1\">\n<p class=\"\" data-start=\"990\" data-end=\"1086\" data-immersive-translate-walked=\"660b04b8-1dd5-4258-bfbb-26f6954581e1\" data-immersive-translate-paragraph=\"1\">Chute: Mixovan\u00e9 ovocie \u2013 harmonick\u00e1 zmes r\u00f4znych ovocn\u00fdch ar\u00f3m<\/p>\n<\/li>\n<li class=\"\" data-start=\"1087\" data-end=\"1160\" data-immersive-translate-walked=\"660b04b8-1dd5-4258-bfbb-26f6954581e1\">\n<p class=\"\" data-start=\"1089\" data-end=\"1160\" data-immersive-translate-walked=\"660b04b8-1dd5-4258-bfbb-26f6954581e1\" data-immersive-translate-paragraph=\"1\">Jednorazov\u00e1 e-cigareta: \u017diadne starosti s dopl\u0148ovan\u00edm alebo n\u00e1hradn\u00fdmi dielmi<\/p>\n<\/li>\n<li class=\"\" data-start=\"1161\" data-end=\"1221\" data-immersive-translate-walked=\"660b04b8-1dd5-4258-bfbb-26f6954581e1\">\n<p class=\"\" data-start=\"1163\" data-end=\"1221\" data-immersive-translate-walked=\"660b04b8-1dd5-4258-bfbb-26f6954581e1\" data-immersive-translate-paragraph=\"1\">Doprava: 7-15 pracovn\u00fdch dn\u00ed, r\u00fdchle doru\u010denie<\/p>\n<\/li>\n<li class=\"\" data-start=\"1222\" data-end=\"1288\" data-immersive-translate-walked=\"660b04b8-1dd5-4258-bfbb-26f6954581e1\">\n<p class=\"\" data-start=\"1224\" data-end=\"1288\" data-immersive-translate-walked=\"660b04b8-1dd5-4258-bfbb-26f6954581e1\" data-immersive-translate-paragraph=\"1\">V\u00fdhoda: Dovoz bez cla priamo od vapingnet.de<\/p>\n<\/li>\n<\/ul>\n<h3>Komfort a v\u00fdkon v jednom zariaden\u00ed:<\/h3>\n<p class=\"\" data-start=\"1332\" data-end=\"1652\" data-immersive-translate-walked=\"660b04b8-1dd5-4258-bfbb-26f6954581e1\" data-immersive-translate-paragraph=\"1\">ELF BOX Digital 12000 je dokonalou vo\u013ebou pre vapera, ktor\u00ed si cenia siln\u00e9 a odoln\u00e9 zariadenie, ktor\u00e9 im bude st\u00e1\u0165 po boku v upon\u00e1h\u013eanom ka\u017edodennom \u017eivote. \u010ci u\u017e v ta\u0161ke pri doch\u00e1dzan\u00ed alebo na cest\u00e1ch, t\u00e1to e-cigareta v\u017edy poskytne po\u017eadovan\u00e9 pote\u0161enie z parenia \u2013 spo\u013eahlivo a bez kompromisov.<\/p>\n<p class=\"\" data-start=\"1654\" data-end=\"2077\" data-immersive-translate-walked=\"660b04b8-1dd5-4258-bfbb-26f6954581e1\" data-immersive-translate-paragraph=\"1\">V\u010faka technol\u00f3gii Mesh cievky 0,8 Ohm m\u00f4\u017eu pou\u017e\u00edvatelia o\u010dak\u00e1va\u0165 kon\u0161tantne vysok\u00fa kvalitu pary a vynikaj\u00facu chu\u0165. S v\u00fdberom 25 ml e-liquidu je ELF BOX Digital 12000 pripraven\u00e1 na dlh\u0161ie pou\u017eitie, tak\u017ee dop\u013a\u0148anie alebo v\u00fdmena produktu nebude probl\u00e9mom. Navy\u0161e digit\u00e1lny displej zabezpe\u010duje, \u017ee pou\u017e\u00edvate\u013e v\u017edy presne vie, ko\u013eko tekutiny a bat\u00e9rie zost\u00e1va.<\/p>\n<p class=\"\" data-start=\"2079\" data-end=\"2320\" data-immersive-translate-walked=\"660b04b8-1dd5-4258-bfbb-26f6954581e1\" data-immersive-translate-paragraph=\"1\">\u010ci si vyberiete nikot\u00ednov\u00fd obsah 0%, 2%, 3% alebo 5%, ELF BOX Digital 12000 pon\u00faka flexibilitu, ktor\u00fa ka\u017ed\u00fd vapor potrebuje, a to v\u0161etko v praktickom, kompaktnom dizajne v\u00e1\u017eiacom len 82 g.<\/p>\n<h4 data-start=\"2322\" data-end=\"2333\" data-immersive-translate-walked=\"660b04b8-1dd5-4258-bfbb-26f6954581e1\" data-immersive-translate-paragraph=\"1\">Va\u0161a dokonal\u00e1 vo\u013eba pre intenz\u00edvne pote\u0161enie z parenia<\/h4>\n<p class=\"\" data-start=\"2335\" data-end=\"2828\" data-immersive-translate-walked=\"660b04b8-1dd5-4258-bfbb-26f6954581e1\" data-immersive-translate-paragraph=\"1\">S ELF BOX Digital 12000 z\u00edskate kvalitn\u00fd produkt, ktor\u00fd v\u00e1s presved\u010d\u00ed nielen v\u00fdkonom, ale aj pou\u017e\u00edvate\u013eskou pr\u00edvetivos\u0165ou a komfortom. \u010ci ste sk\u00fasen\u00fd vapor alebo za\u010diato\u010dn\u00edk, t\u00e1to jednorazov\u00e1 e-cigareta je vynikaj\u00facou vo\u013ebou, ktor\u00e1 v\u00e1m v\u017edy zabezpe\u010d\u00ed dokonal\u00e9 pote\u0161enie z parenia. Objednajte si ju jednoducho na vapingnet.de a vyu\u017eite r\u00fdchle doru\u010denie a bezcoln\u00fd dovoz.<\/p>","protected":false},"excerpt":{"rendered":"<p>Die ELF BOX Digital 12000 ist die ideale Wahl f\u00fcr alle Dampfer, die auf der Suche nach einem leistungsstarken, geschmackvollen und praktischen Einweg-E-Zigaretten-Erlebnis sind. Mit&#8230;<\/p>","protected":false},"featured_media":6363,"template":"","meta":[],"etheme_brands":[],"product_brand":[100],"product_cat":[88,49,61],"product_tag":[],"class_list":{"0":"post-6358","1":"product","2":"type-product","3":"status-publish","4":"has-post-thumbnail","6":"product_brand-elf-box-vape","7":"product_cat-12k-vape","8":"product_cat-einweg-e-zigarette","9":"product_cat-f","11":"first","12":"instock","13":"shipping-taxable","14":"purchasable","15":"product-type-simple"},"yoast_head":"<!-- This site is optimized with the Yoast SEO plugin v26.5 - https:\/\/yoast.com\/wordpress\/plugins\/seo\/ -->\n<title>ELF BOX Digital 12000 Mixed Fruit Die Beste Wahl F\u00fcr Neueinsteiger | Vapingnet.de<\/title>\n<meta name=\"description\" content=\"Entdecke ELF BOX Digital 12000 Mixed Fruit Die Beste Wahl F\u00fcr Neueinsteiger bei vapingnet.de, \u25ba Gro\u00dfe Auswahl an Geschmacksrichtungen &amp; super g\u00fcnstig!\" \/>\n<meta name=\"robots\" content=\"index, follow, max-snippet:-1, max-image-preview:large, max-video-preview:-1\" \/>\n<link rel=\"canonical\" href=\"https:\/\/vapingnet.de\/sk\/vape\/elf-box-digital-12000-mixed-fruit-die-beste-wahl-fuer-neueinsteiger\/\" \/>\n<meta property=\"og:locale\" content=\"sk_SK\" \/>\n<meta property=\"og:type\" content=\"article\" \/>\n<meta property=\"og:title\" content=\"ELF BOX Digital 12000 Mixed Fruit Die Beste Wahl F\u00fcr Neueinsteiger | Vapingnet.de\" \/>\n<meta property=\"og:description\" content=\"Entdecke ELF BOX Digital 12000 Mixed Fruit Die Beste Wahl F\u00fcr Neueinsteiger bei vapingnet.de, \u25ba Gro\u00dfe Auswahl an Geschmacksrichtungen &amp; super g\u00fcnstig!\" \/>\n<meta property=\"og:url\" content=\"https:\/\/vapingnet.de\/sk\/vape\/elf-box-digital-12000-mixed-fruit-die-beste-wahl-fuer-neueinsteiger\/\" \/>\n<meta property=\"og:site_name\" content=\"Vapingnet.de\" \/>\n<meta property=\"article:publisher\" content=\"https:\/\/www.facebook.com\/vapingnetde\/\" \/>\n<meta property=\"article:modified_time\" content=\"2025-06-19T03:42:59+00:00\" \/>\n<meta property=\"og:image\" content=\"https:\/\/vapingnet.de\/wp-content\/uploads\/2025\/04\/Mixed-Fruit.webp\" \/>\n\t<meta property=\"og:image:width\" content=\"1000\" \/>\n\t<meta property=\"og:image:height\" content=\"1000\" \/>\n\t<meta property=\"og:image:type\" content=\"image\/webp\" \/>\n<meta name=\"twitter:card\" content=\"summary_large_image\" \/>\n<meta name=\"twitter:label1\" content=\"Est. reading time\" \/>\n\t<meta name=\"twitter:data1\" content=\"3 minutes\" \/>\n<script type=\"application\/ld+json\" class=\"yoast-schema-graph\">{\"@context\":\"https:\/\/schema.org\",\"@graph\":[{\"@type\":\"WebPage\",\"@id\":\"https:\/\/vapingnet.de\/vape\/elf-box-digital-12000-mixed-fruit-die-beste-wahl-fuer-neueinsteiger\/\",\"url\":\"https:\/\/vapingnet.de\/vape\/elf-box-digital-12000-mixed-fruit-die-beste-wahl-fuer-neueinsteiger\/\",\"name\":\"ELF BOX Digital 12000 Mixed Fruit Die Beste Wahl F\u00fcr Neueinsteiger | Vapingnet.de\",\"isPartOf\":{\"@id\":\"https:\/\/vapingnet.de\/#website\"},\"primaryImageOfPage\":{\"@id\":\"https:\/\/vapingnet.de\/vape\/elf-box-digital-12000-mixed-fruit-die-beste-wahl-fuer-neueinsteiger\/#primaryimage\"},\"image\":{\"@id\":\"https:\/\/vapingnet.de\/vape\/elf-box-digital-12000-mixed-fruit-die-beste-wahl-fuer-neueinsteiger\/#primaryimage\"},\"thumbnailUrl\":\"https:\/\/vapingnet.de\/wp-content\/uploads\/2025\/04\/Mixed-Fruit.webp\",\"datePublished\":\"2025-04-15T06:36:58+00:00\",\"dateModified\":\"2025-06-19T03:42:59+00:00\",\"description\":\"Entdecke ELF BOX Digital 12000 Mixed Fruit Die Beste Wahl F\u00fcr Neueinsteiger bei vapingnet.de, \u25ba Gro\u00dfe Auswahl an Geschmacksrichtungen & super g\u00fcnstig!\",\"breadcrumb\":{\"@id\":\"https:\/\/vapingnet.de\/vape\/elf-box-digital-12000-mixed-fruit-die-beste-wahl-fuer-neueinsteiger\/#breadcrumb\"},\"inLanguage\":\"sk-SK\",\"potentialAction\":[{\"@type\":\"ReadAction\",\"target\":[\"https:\/\/vapingnet.de\/vape\/elf-box-digital-12000-mixed-fruit-die-beste-wahl-fuer-neueinsteiger\/\"]}]},{\"@type\":\"ImageObject\",\"inLanguage\":\"sk-SK\",\"@id\":\"https:\/\/vapingnet.de\/vape\/elf-box-digital-12000-mixed-fruit-die-beste-wahl-fuer-neueinsteiger\/#primaryimage\",\"url\":\"https:\/\/vapingnet.de\/wp-content\/uploads\/2025\/04\/Mixed-Fruit.webp\",\"contentUrl\":\"https:\/\/vapingnet.de\/wp-content\/uploads\/2025\/04\/Mixed-Fruit.webp\",\"width\":1000,\"height\":1000},{\"@type\":\"BreadcrumbList\",\"@id\":\"https:\/\/vapingnet.de\/vape\/elf-box-digital-12000-mixed-fruit-die-beste-wahl-fuer-neueinsteiger\/#breadcrumb\",\"itemListElement\":[{\"@type\":\"ListItem\",\"position\":1,\"name\":\"Home\",\"item\":\"https:\/\/vapingnet.de\/\"},{\"@type\":\"ListItem\",\"position\":2,\"name\":\"Shop\",\"item\":\"https:\/\/vapingnet.de\/vape\/\"},{\"@type\":\"ListItem\",\"position\":3,\"name\":\"ELF BOX Digital 12000 Mixed Fruit Die Beste Wahl F\u00fcr Neueinsteiger\"}]},{\"@type\":\"WebSite\",\"@id\":\"https:\/\/vapingnet.de\/#website\",\"url\":\"https:\/\/vapingnet.de\/\",\"name\":\"Vapingnet.de\",\"description\":\"\",\"publisher\":{\"@id\":\"https:\/\/vapingnet.de\/#organization\"},\"potentialAction\":[{\"@type\":\"SearchAction\",\"target\":{\"@type\":\"EntryPoint\",\"urlTemplate\":\"https:\/\/vapingnet.de\/?s={search_term_string}\"},\"query-input\":{\"@type\":\"PropertyValueSpecification\",\"valueRequired\":true,\"valueName\":\"search_term_string\"}}],\"inLanguage\":\"sk-SK\"},{\"@type\":\"Organization\",\"@id\":\"https:\/\/vapingnet.de\/#organization\",\"name\":\"Vapingnet.de\",\"url\":\"https:\/\/vapingnet.de\/\",\"logo\":{\"@type\":\"ImageObject\",\"inLanguage\":\"sk-SK\",\"@id\":\"https:\/\/vapingnet.de\/#\/schema\/logo\/image\/\",\"url\":\"https:\/\/vapingnet.de\/wp-content\/uploads\/2025\/03\/cropped-vapingnet.de_.jpg\",\"contentUrl\":\"https:\/\/vapingnet.de\/wp-content\/uploads\/2025\/03\/cropped-vapingnet.de_.jpg\",\"width\":512,\"height\":512,\"caption\":\"Vapingnet.de\"},\"image\":{\"@id\":\"https:\/\/vapingnet.de\/#\/schema\/logo\/image\/\"},\"sameAs\":[\"https:\/\/www.facebook.com\/vapingnetde\/\"]}]}<\/script>\n<!-- \/ Yoast SEO plugin. -->","yoast_head_json":{"title":"ELF BOX Digital 12000 Mixed Fruit Die Beste Wahl F\u00fcr Neueinsteiger | Vapingnet.de","description":"Entdecke ELF BOX Digital 12000 Mixed Fruit Die Beste Wahl F\u00fcr Neueinsteiger bei vapingnet.de, \u25ba Gro\u00dfe Auswahl an Geschmacksrichtungen & super g\u00fcnstig!","robots":{"index":"index","follow":"follow","max-snippet":"max-snippet:-1","max-image-preview":"max-image-preview:large","max-video-preview":"max-video-preview:-1"},"canonical":"https:\/\/vapingnet.de\/sk\/vape\/elf-box-digital-12000-mixed-fruit-die-beste-wahl-fuer-neueinsteiger\/","og_locale":"sk_SK","og_type":"article","og_title":"ELF BOX Digital 12000 Mixed Fruit Die Beste Wahl F\u00fcr Neueinsteiger | Vapingnet.de","og_description":"Entdecke ELF BOX Digital 12000 Mixed Fruit Die Beste Wahl F\u00fcr Neueinsteiger bei vapingnet.de, \u25ba Gro\u00dfe Auswahl an Geschmacksrichtungen & super g\u00fcnstig!","og_url":"https:\/\/vapingnet.de\/sk\/vape\/elf-box-digital-12000-mixed-fruit-die-beste-wahl-fuer-neueinsteiger\/","og_site_name":"Vapingnet.de","article_publisher":"https:\/\/www.facebook.com\/vapingnetde\/","article_modified_time":"2025-06-19T03:42:59+00:00","og_image":[{"width":1000,"height":1000,"url":"https:\/\/vapingnet.de\/wp-content\/uploads\/2025\/04\/Mixed-Fruit.webp","type":"image\/webp"}],"twitter_card":"summary_large_image","twitter_misc":{"Est. reading time":"3 minutes"},"schema":{"@context":"https:\/\/schema.org","@graph":[{"@type":"WebPage","@id":"https:\/\/vapingnet.de\/vape\/elf-box-digital-12000-mixed-fruit-die-beste-wahl-fuer-neueinsteiger\/","url":"https:\/\/vapingnet.de\/vape\/elf-box-digital-12000-mixed-fruit-die-beste-wahl-fuer-neueinsteiger\/","name":"ELF BOX Digital 12000 Mixed Fruit Die Beste Wahl F\u00fcr Neueinsteiger | Vapingnet.de","isPartOf":{"@id":"https:\/\/vapingnet.de\/#website"},"primaryImageOfPage":{"@id":"https:\/\/vapingnet.de\/vape\/elf-box-digital-12000-mixed-fruit-die-beste-wahl-fuer-neueinsteiger\/#primaryimage"},"image":{"@id":"https:\/\/vapingnet.de\/vape\/elf-box-digital-12000-mixed-fruit-die-beste-wahl-fuer-neueinsteiger\/#primaryimage"},"thumbnailUrl":"https:\/\/vapingnet.de\/wp-content\/uploads\/2025\/04\/Mixed-Fruit.webp","datePublished":"2025-04-15T06:36:58+00:00","dateModified":"2025-06-19T03:42:59+00:00","description":"Entdecke ELF BOX Digital 12000 Mixed Fruit Die Beste Wahl F\u00fcr Neueinsteiger bei vapingnet.de, \u25ba Gro\u00dfe Auswahl an Geschmacksrichtungen & super g\u00fcnstig!","breadcrumb":{"@id":"https:\/\/vapingnet.de\/vape\/elf-box-digital-12000-mixed-fruit-die-beste-wahl-fuer-neueinsteiger\/#breadcrumb"},"inLanguage":"sk-SK","potentialAction":[{"@type":"ReadAction","target":["https:\/\/vapingnet.de\/vape\/elf-box-digital-12000-mixed-fruit-die-beste-wahl-fuer-neueinsteiger\/"]}]},{"@type":"ImageObject","inLanguage":"sk-SK","@id":"https:\/\/vapingnet.de\/vape\/elf-box-digital-12000-mixed-fruit-die-beste-wahl-fuer-neueinsteiger\/#primaryimage","url":"https:\/\/vapingnet.de\/wp-content\/uploads\/2025\/04\/Mixed-Fruit.webp","contentUrl":"https:\/\/vapingnet.de\/wp-content\/uploads\/2025\/04\/Mixed-Fruit.webp","width":1000,"height":1000},{"@type":"BreadcrumbList","@id":"https:\/\/vapingnet.de\/vape\/elf-box-digital-12000-mixed-fruit-die-beste-wahl-fuer-neueinsteiger\/#breadcrumb","itemListElement":[{"@type":"ListItem","position":1,"name":"Home","item":"https:\/\/vapingnet.de\/"},{"@type":"ListItem","position":2,"name":"Shop","item":"https:\/\/vapingnet.de\/vape\/"},{"@type":"ListItem","position":3,"name":"ELF BOX Digital 12000 Mixed Fruit Die Beste Wahl F\u00fcr Neueinsteiger"}]},{"@type":"WebSite","@id":"https:\/\/vapingnet.de\/#website","url":"https:\/\/vapingnet.de\/","name":"Vapingnet.de","description":"","publisher":{"@id":"https:\/\/vapingnet.de\/#organization"},"potentialAction":[{"@type":"SearchAction","target":{"@type":"EntryPoint","urlTemplate":"https:\/\/vapingnet.de\/?s={search_term_string}"},"query-input":{"@type":"PropertyValueSpecification","valueRequired":true,"valueName":"search_term_string"}}],"inLanguage":"sk-SK"},{"@type":"Organization","@id":"https:\/\/vapingnet.de\/#organization","name":"Vapingnet.de","url":"https:\/\/vapingnet.de\/","logo":{"@type":"ImageObject","inLanguage":"sk-SK","@id":"https:\/\/vapingnet.de\/#\/schema\/logo\/image\/","url":"https:\/\/vapingnet.de\/wp-content\/uploads\/2025\/03\/cropped-vapingnet.de_.jpg","contentUrl":"https:\/\/vapingnet.de\/wp-content\/uploads\/2025\/03\/cropped-vapingnet.de_.jpg","width":512,"height":512,"caption":"Vapingnet.de"},"image":{"@id":"https:\/\/vapingnet.de\/#\/schema\/logo\/image\/"},"sameAs":["https:\/\/www.facebook.com\/vapingnetde\/"]}]}},"tiered_pricing_type":"fixed","tiered_pricing_fixed_rules":{"10":"7.78","60":"7.00","110":"6.22","200":"5.45"},"tiered_pricing_product_settings":{"layout":"default","base_unit_name":{"singular":null,"plural":null},"default_variation":null},"tiered_pricing_minimum_quantity":null,"tiered_pricing_roles_data":[],"tiered_pricing_percentage_rules":[],"_links":{"self":[{"href":"https:\/\/vapingnet.de\/sk\/wp-json\/wp\/v2\/product\/6358","targetHints":{"allow":["GET"]}}],"collection":[{"href":"https:\/\/vapingnet.de\/sk\/wp-json\/wp\/v2\/product"}],"about":[{"href":"https:\/\/vapingnet.de\/sk\/wp-json\/wp\/v2\/types\/product"}],"version-history":[{"count":1,"href":"https:\/\/vapingnet.de\/sk\/wp-json\/wp\/v2\/product\/6358\/revisions"}],"predecessor-version":[{"id":6370,"href":"https:\/\/vapingnet.de\/sk\/wp-json\/wp\/v2\/product\/6358\/revisions\/6370"}],"wp:featuredmedia":[{"embeddable":true,"href":"https:\/\/vapingnet.de\/sk\/wp-json\/wp\/v2\/media\/6363"}],"wp:attachment":[{"href":"https:\/\/vapingnet.de\/sk\/wp-json\/wp\/v2\/media?parent=6358"}],"wp:term":[{"taxonomy":"brand","embeddable":true,"href":"https:\/\/vapingnet.de\/sk\/wp-json\/wp\/v2\/etheme_brands?post=6358"},{"taxonomy":"product_brand","embeddable":true,"href":"https:\/\/vapingnet.de\/sk\/wp-json\/wp\/v2\/product_brand?post=6358"},{"taxonomy":"product_cat","embeddable":true,"href":"https:\/\/vapingnet.de\/sk\/wp-json\/wp\/v2\/product_cat?post=6358"},{"taxonomy":"product_tag","embeddable":true,"href":"https:\/\/vapingnet.de\/sk\/wp-json\/wp\/v2\/product_tag?post=6358"}],"curies":[{"name":"wp","href":"https:\/\/api.w.org\/{rel}","templated":true}]}}