{"id":6359,"date":"2025-04-15T06:36:59","date_gmt":"2025-04-15T06:36:59","guid":{"rendered":"https:\/\/vapingnet.de\/?post_type=product&#038;p=6359"},"modified":"2025-06-19T03:42:59","modified_gmt":"2025-06-19T03:42:59","slug":"global-erhaeltlich-elf-box-digital-12000-mit-blue-razz-ice-jetzt-sichern","status":"publish","type":"product","link":"https:\/\/vapingnet.de\/sk\/vape\/global-erhaeltlich-elf-box-digital-12000-mit-blue-razz-ice-jetzt-sichern\/","title":{"rendered":"Glob\u00e1lne dostupn\u00e9 ELF BOX Digital 12000 S Blue Razz Ice Teraz zabezpe\u010dte"},"content":{"rendered":"<p class=\"\" data-start=\"0\" data-end=\"414\" data-immersive-translate-paragraph=\"1\" data-immersive-translate-walked=\"e8a04ac8-c42a-45a8-a081-f17e1afdf686\">ELF BOX Digital 12000 je jednorazov\u00e1 elektronick\u00e1 cigareta, ktor\u00e1 v\u00e1s presved\u010d\u00ed nielen svoj\u00edm p\u00f4sobiv\u00fdm v\u00fdkonom, ale aj premyslen\u00fdm dizajnom a pou\u017e\u00edvate\u013eskou priate\u013eskos\u0165ou. S kapacitou a\u017e 12 000 z\u00e1berov pon\u00faka dlhodob\u00fd z\u00e1\u017eitok z vapovania, ktor\u00fd v\u00e1m spr\u00edjemn\u00ed cel\u00fd de\u0148. Ide\u00e1lna pre v\u0161etk\u00fdch, ktor\u00ed h\u013eadaj\u00fa spo\u013eahliv\u00fd a chutn\u00fd z\u00e1\u017eitok z vapovania.<\/p>\n<h2 data-start=\"416\" data-end=\"471\" data-immersive-translate-walked=\"e8a04ac8-c42a-45a8-a081-f17e1afdf686\" data-immersive-translate-paragraph=\"1\">Technick\u00e9 vlastnosti ELF BOX Digital 12000:<\/h2>\n<ul data-start=\"473\" data-end=\"1472\">\n<li class=\"\" data-start=\"473\" data-end=\"549\">\n<p class=\"\" data-start=\"475\" data-end=\"549\" data-immersive-translate-walked=\"e8a04ac8-c42a-45a8-a081-f17e1afdf686\" data-immersive-translate-paragraph=\"1\">Z\u00e1bery: A\u017e 12 000 z\u00e1berov pre mimoriadne dlh\u00e9 pou\u017e\u00edvanie<\/p>\n<\/li>\n<li class=\"\" data-start=\"550\" data-end=\"642\">\n<p class=\"\" data-start=\"552\" data-end=\"642\" data-immersive-translate-walked=\"e8a04ac8-c42a-45a8-a081-f17e1afdf686\" data-immersive-translate-paragraph=\"1\">Cievka: Mesh cievka 0,8 Ohm \u2013 zabezpe\u010duje rovnomern\u00e9 parenie a intenz\u00edvnu chu\u0165<\/p>\n<\/li>\n<li class=\"\" data-start=\"643\" data-end=\"698\">\n<p class=\"\" data-start=\"645\" data-end=\"698\" data-immersive-translate-walked=\"e8a04ac8-c42a-45a8-a081-f17e1afdf686\" data-immersive-translate-paragraph=\"1\">E-liquid: 25 ml pre dlhodob\u00e9 pote\u0161enie<\/p>\n<\/li>\n<li class=\"\" data-start=\"699\" data-end=\"821\">\n<p class=\"\" data-start=\"701\" data-end=\"821\" data-immersive-translate-walked=\"e8a04ac8-c42a-45a8-a081-f17e1afdf686\" data-immersive-translate-paragraph=\"1\">Nikot\u00edn: Dostupn\u00fd v sil\u00e1ch 0%, 2%, 3% a 5% \u2013 pre individu\u00e1lnu vo\u013ebu pod\u013ea preferenci\u00ed<\/p>\n<\/li>\n<li class=\"\" data-start=\"822\" data-end=\"907\">\n<p class=\"\" data-start=\"824\" data-end=\"907\" data-immersive-translate-walked=\"e8a04ac8-c42a-45a8-a081-f17e1afdf686\" data-immersive-translate-paragraph=\"1\">Bat\u00e9ria: 500 mAh, dlh\u00e1 \u017eivotnos\u0165 a r\u00fdchle nab\u00edjanie cez USB-C<\/p>\n<\/li>\n<li class=\"\" data-start=\"908\" data-end=\"1048\">\n<p class=\"\" data-start=\"910\" data-end=\"1048\" data-immersive-translate-walked=\"e8a04ac8-c42a-45a8-a081-f17e1afdf686\" data-immersive-translate-paragraph=\"1\">Displej: Digit\u00e1lny displej na zobrazenie stavu bat\u00e9rie a hladiny liquidu \u2013 praktick\u00e1 funkcia, ktor\u00e1 informuje vapera kedyko\u013evek<\/p>\n<\/li>\n<li class=\"\" data-start=\"1049\" data-end=\"1130\">\n<p class=\"\" data-start=\"1051\" data-end=\"1130\" data-immersive-translate-walked=\"e8a04ac8-c42a-45a8-a081-f17e1afdf686\" data-immersive-translate-paragraph=\"1\">Hmotnos\u0165: 82 g, \u013eahk\u00e1 a kompaktn\u00e1, ide\u00e1lna na ka\u017edodenn\u00e9 pou\u017eitie<\/p>\n<\/li>\n<li class=\"\" data-start=\"1131\" data-end=\"1233\">\n<p class=\"\" data-start=\"1133\" data-end=\"1233\" data-immersive-translate-walked=\"e8a04ac8-c42a-45a8-a081-f17e1afdf686\" data-immersive-translate-paragraph=\"1\">Chute: Blue Razz Ice \u2013 osvie\u017euj\u00faca zmes modr\u00fdch bob\u00fa\u013e a \u013eadov\u00e9ho p\u00f4\u017eitku<\/p>\n<\/li>\n<li class=\"\" data-start=\"1234\" data-end=\"1315\">\n<p class=\"\" data-start=\"1236\" data-end=\"1315\" data-immersive-translate-walked=\"e8a04ac8-c42a-45a8-a081-f17e1afdf686\" data-immersive-translate-paragraph=\"1\">Jednorazov\u00e1 elektronick\u00e1 cigareta: Nie je potrebn\u00e9 dop\u013a\u0148a\u0165 alebo meni\u0165 diely<\/p>\n<\/li>\n<li class=\"\" data-start=\"1316\" data-end=\"1404\">\n<p class=\"\" data-start=\"1318\" data-end=\"1404\" data-immersive-translate-walked=\"e8a04ac8-c42a-45a8-a081-f17e1afdf686\" data-immersive-translate-paragraph=\"1\">Doprava: 7-15 pracovn\u00fdch dn\u00ed \u2013 r\u00fdchle doru\u010denie priamo k v\u00e1m domov<\/p>\n<\/li>\n<li class=\"\" data-start=\"1405\" data-end=\"1472\">\n<p class=\"\" data-start=\"1407\" data-end=\"1472\" data-immersive-translate-walked=\"e8a04ac8-c42a-45a8-a081-f17e1afdf686\" data-immersive-translate-paragraph=\"1\">V\u00fdhoda: Dovoz bez cla priamo cez vapingnet.de<\/p>\n<\/li>\n<\/ul>\n<h3>Jedine\u010dn\u00fd z\u00e1\u017eitok z vapovania s ELF BOX Digital 12000<\/h3>\n<p class=\"\" data-start=\"1537\" data-end=\"2039\" data-immersive-translate-walked=\"e8a04ac8-c42a-45a8-a081-f17e1afdf686\" data-immersive-translate-paragraph=\"1\">ELF BOX Digital 12000 je s jej mesh cievkov\u00fdm syst\u00e9mom a vysokou kapacitou E-liquidu ide\u00e1lna pre vapery, ktor\u00ed h\u013eadaj\u00fa dlhodob\u00fd a intenz\u00edvny z\u00e1\u017eitok z vapovania. Obzvl\u00e1\u0161\u0165 vynik\u00e1 digit\u00e1lny displej, ktor\u00fd neust\u00e1le zobrazuje aktu\u00e1lny stav bat\u00e9rie a liquidu. Tak\u017ee u\u017e nikdy nebudete musie\u0165 h\u00e1da\u0165, kedy je potrebn\u00e9 doplni\u0165 alebo nabi\u0165. S bat\u00e9riou 500 mAh pon\u00faka t\u00e1to elektronick\u00e1 cigareta dlh\u00fa prev\u00e1dzkov\u00fa dobu, k\u00fdm nebude potrebn\u00e9 ju znova nabi\u0165 cez USB-C.<\/p>\n<p class=\"\" data-start=\"2041\" data-end=\"2359\" data-immersive-translate-walked=\"e8a04ac8-c42a-45a8-a081-f17e1afdf686\" data-immersive-translate-paragraph=\"1\">Vo\u013eba chuti \u2013 Blue Razz Ice \u2013 prin\u00e1\u0161a svie\u017eu, ovocn\u00fa a \u013eadov\u00fa note do ka\u017ed\u00e9ho z\u00e1\u017eitku z vapovania, \u010do je ide\u00e1lne na tepl\u00e9 dni alebo ako osvie\u017euj\u00faca prest\u00e1vka. V\u010faka flexibiln\u00fdm mo\u017enostiam nikot\u00ednu od 0% po 5% si m\u00f4\u017eete prisp\u00f4sobi\u0165 svoj z\u00e1\u017eitok pod\u013ea vlastn\u00fdch \u017eelan\u00ed.<\/p>\n<h4 data-start=\"2361\" data-end=\"2397\" data-immersive-translate-walked=\"e8a04ac8-c42a-45a8-a081-f17e1afdf686\" data-immersive-translate-paragraph=\"1\">Pre\u010do ELF BOX Digital 12000?<\/h4>\n<p class=\"\" data-start=\"2399\" data-end=\"2829\" data-immersive-translate-walked=\"e8a04ac8-c42a-45a8-a081-f17e1afdf686\" data-immersive-translate-paragraph=\"1\">ELF BOX Digital 12000 pon\u00faka v\u0161etko, \u010do si modern\u00fd jednorazov\u00fd vap\u00e9r m\u00f4\u017ee pria\u0165. Kombinuje mimoriadny po\u010det z\u00e1berov a\u017e do 12 000, v\u00fdkonn\u00fa bat\u00e9riu, praktick\u00fd digit\u00e1lny displej a pou\u017e\u00edvate\u013esky pr\u00edvetiv\u00e9 ovl\u00e1danie. Navy\u0161e si vapery m\u00f4\u017eu vychutna\u0165 pohodlie, \u017ee doru\u010denie je bez cla a r\u00fdchle priamo k v\u00e1m domov cez vapingnet.de.<\/p>\n<p class=\"\" data-start=\"2831\" data-end=\"2997\" data-immersive-translate-walked=\"e8a04ac8-c42a-45a8-a081-f17e1afdf686\" data-immersive-translate-paragraph=\"1\">V\u010faka kompaktn\u00fdm rozmerom len 82 g je ELF BOX Digital 12000 \u013eahko prenosn\u00e1 kamko\u013evek, \u010di u\u017e na ka\u017edodenn\u00e9 pou\u017eitie alebo na cest\u00e1ch.<\/p>\n<h4 data-start=\"2999\" data-end=\"3041\" data-immersive-translate-walked=\"e8a04ac8-c42a-45a8-a081-f17e1afdf686\" data-immersive-translate-paragraph=\"1\">Optim\u00e1lna vo\u013eba pre ka\u017ed\u00e9ho vapera<\/h4>\n<p class=\"\" data-start=\"3043\" data-end=\"3497\" data-immersive-translate-walked=\"e8a04ac8-c42a-45a8-a081-f17e1afdf686\" data-immersive-translate-paragraph=\"1\">ELF BOX Digital 12000 je vynikaj\u00facou vo\u013ebou pre vapery, ktor\u00ed h\u013eadaj\u00fa spo\u013eahliv\u00fa, odoln\u00fa a chutn\u00fa e-cigaretu. S dlhodobou v\u00fddr\u017eou, flexibilnou \u00farov\u0148ou nikot\u00ednu a praktick\u00fdm digit\u00e1lnym displejom je ide\u00e1lna pre v\u0161etk\u00fdch, ktor\u00ed chc\u00fa efekt\u00edvny z\u00e1\u017eitok z vapovania bez ve\u013ekej n\u00e1mahy. Z\u00edskajte ELF BOX Digital 12000 e\u0161te dnes na vapingnet.de a vychutnajte si Blue Razz Ice.<\/p>","protected":false},"excerpt":{"rendered":"<p>Die ELF BOX Digital 12000 ist eine Einweg-E-Zigarette, die nicht nur durch ihre beeindruckende Leistung, sondern auch durch ihr durchdachtes Design und ihre Benutzerfreundlichkeit \u00fcberzeugt&#8230;.<\/p>","protected":false},"featured_media":6364,"template":"","meta":[],"etheme_brands":[],"product_brand":[100],"product_cat":[88,49,61],"product_tag":[],"class_list":{"0":"post-6359","1":"product","2":"type-product","3":"status-publish","4":"has-post-thumbnail","6":"product_brand-elf-box-vape","7":"product_cat-12k-vape","8":"product_cat-einweg-e-zigarette","9":"product_cat-f","11":"first","12":"instock","13":"shipping-taxable","14":"purchasable","15":"product-type-simple"},"yoast_head":"<!-- This site is optimized with the Yoast SEO plugin v26.5 - https:\/\/yoast.com\/wordpress\/plugins\/seo\/ -->\n<title>Global Erh\u00e4ltlich ELF BOX Digital 12000 Mit Blue Razz Ice Jetzt Sichern | Vapingnet.de<\/title>\n<meta name=\"description\" content=\"Entdecke Global Erh\u00e4ltlich ELF BOX Digital 12000 Mit Blue Razz Ice Jetzt Sichern bei vapingnet.de, \u25ba Gro\u00dfe Auswahl an Geschmacksrichtungen &amp; super g\u00fcnstig!\" \/>\n<meta name=\"robots\" content=\"index, follow, max-snippet:-1, max-image-preview:large, max-video-preview:-1\" \/>\n<link rel=\"canonical\" href=\"https:\/\/vapingnet.de\/sk\/vape\/global-erhaeltlich-elf-box-digital-12000-mit-blue-razz-ice-jetzt-sichern\/\" \/>\n<meta property=\"og:locale\" content=\"sk_SK\" \/>\n<meta property=\"og:type\" content=\"article\" \/>\n<meta property=\"og:title\" content=\"Global Erh\u00e4ltlich ELF BOX Digital 12000 Mit Blue Razz Ice Jetzt Sichern | Vapingnet.de\" \/>\n<meta property=\"og:description\" content=\"Entdecke Global Erh\u00e4ltlich ELF BOX Digital 12000 Mit Blue Razz Ice Jetzt Sichern bei vapingnet.de, \u25ba Gro\u00dfe Auswahl an Geschmacksrichtungen &amp; super g\u00fcnstig!\" \/>\n<meta property=\"og:url\" content=\"https:\/\/vapingnet.de\/sk\/vape\/global-erhaeltlich-elf-box-digital-12000-mit-blue-razz-ice-jetzt-sichern\/\" \/>\n<meta property=\"og:site_name\" content=\"Vapingnet.de\" \/>\n<meta property=\"article:publisher\" content=\"https:\/\/www.facebook.com\/vapingnetde\/\" \/>\n<meta property=\"article:modified_time\" content=\"2025-06-19T03:42:59+00:00\" \/>\n<meta property=\"og:image\" content=\"https:\/\/vapingnet.de\/wp-content\/uploads\/2025\/04\/Blue-Razz-ice-1.webp\" \/>\n\t<meta property=\"og:image:width\" content=\"1000\" \/>\n\t<meta property=\"og:image:height\" content=\"1000\" \/>\n\t<meta property=\"og:image:type\" content=\"image\/webp\" \/>\n<meta name=\"twitter:card\" content=\"summary_large_image\" \/>\n<meta name=\"twitter:label1\" content=\"Est. reading time\" \/>\n\t<meta name=\"twitter:data1\" content=\"3 minutes\" \/>\n<script type=\"application\/ld+json\" class=\"yoast-schema-graph\">{\"@context\":\"https:\/\/schema.org\",\"@graph\":[{\"@type\":\"WebPage\",\"@id\":\"https:\/\/vapingnet.de\/vape\/global-erhaeltlich-elf-box-digital-12000-mit-blue-razz-ice-jetzt-sichern\/\",\"url\":\"https:\/\/vapingnet.de\/vape\/global-erhaeltlich-elf-box-digital-12000-mit-blue-razz-ice-jetzt-sichern\/\",\"name\":\"Global Erh\u00e4ltlich ELF BOX Digital 12000 Mit Blue Razz Ice Jetzt Sichern | Vapingnet.de\",\"isPartOf\":{\"@id\":\"https:\/\/vapingnet.de\/#website\"},\"primaryImageOfPage\":{\"@id\":\"https:\/\/vapingnet.de\/vape\/global-erhaeltlich-elf-box-digital-12000-mit-blue-razz-ice-jetzt-sichern\/#primaryimage\"},\"image\":{\"@id\":\"https:\/\/vapingnet.de\/vape\/global-erhaeltlich-elf-box-digital-12000-mit-blue-razz-ice-jetzt-sichern\/#primaryimage\"},\"thumbnailUrl\":\"https:\/\/vapingnet.de\/wp-content\/uploads\/2025\/04\/Blue-Razz-ice-1.webp\",\"datePublished\":\"2025-04-15T06:36:59+00:00\",\"dateModified\":\"2025-06-19T03:42:59+00:00\",\"description\":\"Entdecke Global Erh\u00e4ltlich ELF BOX Digital 12000 Mit Blue Razz Ice Jetzt Sichern bei vapingnet.de, \u25ba Gro\u00dfe Auswahl an Geschmacksrichtungen & super g\u00fcnstig!\",\"breadcrumb\":{\"@id\":\"https:\/\/vapingnet.de\/vape\/global-erhaeltlich-elf-box-digital-12000-mit-blue-razz-ice-jetzt-sichern\/#breadcrumb\"},\"inLanguage\":\"sk-SK\",\"potentialAction\":[{\"@type\":\"ReadAction\",\"target\":[\"https:\/\/vapingnet.de\/vape\/global-erhaeltlich-elf-box-digital-12000-mit-blue-razz-ice-jetzt-sichern\/\"]}]},{\"@type\":\"ImageObject\",\"inLanguage\":\"sk-SK\",\"@id\":\"https:\/\/vapingnet.de\/vape\/global-erhaeltlich-elf-box-digital-12000-mit-blue-razz-ice-jetzt-sichern\/#primaryimage\",\"url\":\"https:\/\/vapingnet.de\/wp-content\/uploads\/2025\/04\/Blue-Razz-ice-1.webp\",\"contentUrl\":\"https:\/\/vapingnet.de\/wp-content\/uploads\/2025\/04\/Blue-Razz-ice-1.webp\",\"width\":1000,\"height\":1000},{\"@type\":\"BreadcrumbList\",\"@id\":\"https:\/\/vapingnet.de\/vape\/global-erhaeltlich-elf-box-digital-12000-mit-blue-razz-ice-jetzt-sichern\/#breadcrumb\",\"itemListElement\":[{\"@type\":\"ListItem\",\"position\":1,\"name\":\"Home\",\"item\":\"https:\/\/vapingnet.de\/\"},{\"@type\":\"ListItem\",\"position\":2,\"name\":\"Shop\",\"item\":\"https:\/\/vapingnet.de\/vape\/\"},{\"@type\":\"ListItem\",\"position\":3,\"name\":\"Global Erh\u00e4ltlich ELF BOX Digital 12000 Mit Blue Razz Ice Jetzt Sichern\"}]},{\"@type\":\"WebSite\",\"@id\":\"https:\/\/vapingnet.de\/#website\",\"url\":\"https:\/\/vapingnet.de\/\",\"name\":\"Vapingnet.de\",\"description\":\"\",\"publisher\":{\"@id\":\"https:\/\/vapingnet.de\/#organization\"},\"potentialAction\":[{\"@type\":\"SearchAction\",\"target\":{\"@type\":\"EntryPoint\",\"urlTemplate\":\"https:\/\/vapingnet.de\/?s={search_term_string}\"},\"query-input\":{\"@type\":\"PropertyValueSpecification\",\"valueRequired\":true,\"valueName\":\"search_term_string\"}}],\"inLanguage\":\"sk-SK\"},{\"@type\":\"Organization\",\"@id\":\"https:\/\/vapingnet.de\/#organization\",\"name\":\"Vapingnet.de\",\"url\":\"https:\/\/vapingnet.de\/\",\"logo\":{\"@type\":\"ImageObject\",\"inLanguage\":\"sk-SK\",\"@id\":\"https:\/\/vapingnet.de\/#\/schema\/logo\/image\/\",\"url\":\"https:\/\/vapingnet.de\/wp-content\/uploads\/2025\/03\/cropped-vapingnet.de_.jpg\",\"contentUrl\":\"https:\/\/vapingnet.de\/wp-content\/uploads\/2025\/03\/cropped-vapingnet.de_.jpg\",\"width\":512,\"height\":512,\"caption\":\"Vapingnet.de\"},\"image\":{\"@id\":\"https:\/\/vapingnet.de\/#\/schema\/logo\/image\/\"},\"sameAs\":[\"https:\/\/www.facebook.com\/vapingnetde\/\"]}]}<\/script>\n<!-- \/ Yoast SEO plugin. -->","yoast_head_json":{"title":"Global Erh\u00e4ltlich ELF BOX Digital 12000 Mit Blue Razz Ice Jetzt Sichern | Vapingnet.de","description":"Entdecke Global Erh\u00e4ltlich ELF BOX Digital 12000 Mit Blue Razz Ice Jetzt Sichern bei vapingnet.de, \u25ba Gro\u00dfe Auswahl an Geschmacksrichtungen & super g\u00fcnstig!","robots":{"index":"index","follow":"follow","max-snippet":"max-snippet:-1","max-image-preview":"max-image-preview:large","max-video-preview":"max-video-preview:-1"},"canonical":"https:\/\/vapingnet.de\/sk\/vape\/global-erhaeltlich-elf-box-digital-12000-mit-blue-razz-ice-jetzt-sichern\/","og_locale":"sk_SK","og_type":"article","og_title":"Global Erh\u00e4ltlich ELF BOX Digital 12000 Mit Blue Razz Ice Jetzt Sichern | Vapingnet.de","og_description":"Entdecke Global Erh\u00e4ltlich ELF BOX Digital 12000 Mit Blue Razz Ice Jetzt Sichern bei vapingnet.de, \u25ba Gro\u00dfe Auswahl an Geschmacksrichtungen & super g\u00fcnstig!","og_url":"https:\/\/vapingnet.de\/sk\/vape\/global-erhaeltlich-elf-box-digital-12000-mit-blue-razz-ice-jetzt-sichern\/","og_site_name":"Vapingnet.de","article_publisher":"https:\/\/www.facebook.com\/vapingnetde\/","article_modified_time":"2025-06-19T03:42:59+00:00","og_image":[{"width":1000,"height":1000,"url":"https:\/\/vapingnet.de\/wp-content\/uploads\/2025\/04\/Blue-Razz-ice-1.webp","type":"image\/webp"}],"twitter_card":"summary_large_image","twitter_misc":{"Est. reading time":"3 minutes"},"schema":{"@context":"https:\/\/schema.org","@graph":[{"@type":"WebPage","@id":"https:\/\/vapingnet.de\/vape\/global-erhaeltlich-elf-box-digital-12000-mit-blue-razz-ice-jetzt-sichern\/","url":"https:\/\/vapingnet.de\/vape\/global-erhaeltlich-elf-box-digital-12000-mit-blue-razz-ice-jetzt-sichern\/","name":"Global Erh\u00e4ltlich ELF BOX Digital 12000 Mit Blue Razz Ice Jetzt Sichern | Vapingnet.de","isPartOf":{"@id":"https:\/\/vapingnet.de\/#website"},"primaryImageOfPage":{"@id":"https:\/\/vapingnet.de\/vape\/global-erhaeltlich-elf-box-digital-12000-mit-blue-razz-ice-jetzt-sichern\/#primaryimage"},"image":{"@id":"https:\/\/vapingnet.de\/vape\/global-erhaeltlich-elf-box-digital-12000-mit-blue-razz-ice-jetzt-sichern\/#primaryimage"},"thumbnailUrl":"https:\/\/vapingnet.de\/wp-content\/uploads\/2025\/04\/Blue-Razz-ice-1.webp","datePublished":"2025-04-15T06:36:59+00:00","dateModified":"2025-06-19T03:42:59+00:00","description":"Entdecke Global Erh\u00e4ltlich ELF BOX Digital 12000 Mit Blue Razz Ice Jetzt Sichern bei vapingnet.de, \u25ba Gro\u00dfe Auswahl an Geschmacksrichtungen & super g\u00fcnstig!","breadcrumb":{"@id":"https:\/\/vapingnet.de\/vape\/global-erhaeltlich-elf-box-digital-12000-mit-blue-razz-ice-jetzt-sichern\/#breadcrumb"},"inLanguage":"sk-SK","potentialAction":[{"@type":"ReadAction","target":["https:\/\/vapingnet.de\/vape\/global-erhaeltlich-elf-box-digital-12000-mit-blue-razz-ice-jetzt-sichern\/"]}]},{"@type":"ImageObject","inLanguage":"sk-SK","@id":"https:\/\/vapingnet.de\/vape\/global-erhaeltlich-elf-box-digital-12000-mit-blue-razz-ice-jetzt-sichern\/#primaryimage","url":"https:\/\/vapingnet.de\/wp-content\/uploads\/2025\/04\/Blue-Razz-ice-1.webp","contentUrl":"https:\/\/vapingnet.de\/wp-content\/uploads\/2025\/04\/Blue-Razz-ice-1.webp","width":1000,"height":1000},{"@type":"BreadcrumbList","@id":"https:\/\/vapingnet.de\/vape\/global-erhaeltlich-elf-box-digital-12000-mit-blue-razz-ice-jetzt-sichern\/#breadcrumb","itemListElement":[{"@type":"ListItem","position":1,"name":"Home","item":"https:\/\/vapingnet.de\/"},{"@type":"ListItem","position":2,"name":"Shop","item":"https:\/\/vapingnet.de\/vape\/"},{"@type":"ListItem","position":3,"name":"Global Erh\u00e4ltlich ELF BOX Digital 12000 Mit Blue Razz Ice Jetzt Sichern"}]},{"@type":"WebSite","@id":"https:\/\/vapingnet.de\/#website","url":"https:\/\/vapingnet.de\/","name":"Vapingnet.de","description":"","publisher":{"@id":"https:\/\/vapingnet.de\/#organization"},"potentialAction":[{"@type":"SearchAction","target":{"@type":"EntryPoint","urlTemplate":"https:\/\/vapingnet.de\/?s={search_term_string}"},"query-input":{"@type":"PropertyValueSpecification","valueRequired":true,"valueName":"search_term_string"}}],"inLanguage":"sk-SK"},{"@type":"Organization","@id":"https:\/\/vapingnet.de\/#organization","name":"Vapingnet.de","url":"https:\/\/vapingnet.de\/","logo":{"@type":"ImageObject","inLanguage":"sk-SK","@id":"https:\/\/vapingnet.de\/#\/schema\/logo\/image\/","url":"https:\/\/vapingnet.de\/wp-content\/uploads\/2025\/03\/cropped-vapingnet.de_.jpg","contentUrl":"https:\/\/vapingnet.de\/wp-content\/uploads\/2025\/03\/cropped-vapingnet.de_.jpg","width":512,"height":512,"caption":"Vapingnet.de"},"image":{"@id":"https:\/\/vapingnet.de\/#\/schema\/logo\/image\/"},"sameAs":["https:\/\/www.facebook.com\/vapingnetde\/"]}]}},"tiered_pricing_type":"fixed","tiered_pricing_fixed_rules":{"10":"7.78","60":"7.00","110":"6.22","200":"5.45"},"tiered_pricing_product_settings":{"layout":"default","base_unit_name":{"singular":null,"plural":null},"default_variation":null},"tiered_pricing_minimum_quantity":null,"tiered_pricing_roles_data":[],"tiered_pricing_percentage_rules":[],"_links":{"self":[{"href":"https:\/\/vapingnet.de\/sk\/wp-json\/wp\/v2\/product\/6359","targetHints":{"allow":["GET"]}}],"collection":[{"href":"https:\/\/vapingnet.de\/sk\/wp-json\/wp\/v2\/product"}],"about":[{"href":"https:\/\/vapingnet.de\/sk\/wp-json\/wp\/v2\/types\/product"}],"version-history":[{"count":1,"href":"https:\/\/vapingnet.de\/sk\/wp-json\/wp\/v2\/product\/6359\/revisions"}],"predecessor-version":[{"id":6371,"href":"https:\/\/vapingnet.de\/sk\/wp-json\/wp\/v2\/product\/6359\/revisions\/6371"}],"wp:featuredmedia":[{"embeddable":true,"href":"https:\/\/vapingnet.de\/sk\/wp-json\/wp\/v2\/media\/6364"}],"wp:attachment":[{"href":"https:\/\/vapingnet.de\/sk\/wp-json\/wp\/v2\/media?parent=6359"}],"wp:term":[{"taxonomy":"brand","embeddable":true,"href":"https:\/\/vapingnet.de\/sk\/wp-json\/wp\/v2\/etheme_brands?post=6359"},{"taxonomy":"product_brand","embeddable":true,"href":"https:\/\/vapingnet.de\/sk\/wp-json\/wp\/v2\/product_brand?post=6359"},{"taxonomy":"product_cat","embeddable":true,"href":"https:\/\/vapingnet.de\/sk\/wp-json\/wp\/v2\/product_cat?post=6359"},{"taxonomy":"product_tag","embeddable":true,"href":"https:\/\/vapingnet.de\/sk\/wp-json\/wp\/v2\/product_tag?post=6359"}],"curies":[{"name":"wp","href":"https:\/\/api.w.org\/{rel}","templated":true}]}}