{"id":6360,"date":"2025-04-15T06:37:12","date_gmt":"2025-04-15T06:37:12","guid":{"rendered":"https:\/\/vapingnet.de\/?post_type=product&#038;p=6360"},"modified":"2025-06-19T03:42:58","modified_gmt":"2025-06-19T03:42:58","slug":"elf-box-digital-12000-blueberry-sour-raspberry-einfache-anwendung-fruchtiger","status":"publish","type":"product","link":"https:\/\/vapingnet.de\/sk\/vape\/elf-box-digital-12000-blueberry-sour-raspberry-einfache-anwendung-fruchtiger\/","title":{"rendered":"ELF BOX Digit\u00e1lna 12000 Blueberry Sour Raspberry Jednoduch\u00e9 pou\u017eitie Ovocn\u00fd"},"content":{"rendered":"<h2 data-start=\"0\" data-end=\"84\" data-immersive-translate-walked=\"6449fb85-98d9-4236-aea1-550e579cc31c\">ELF BOX Digital 12000 \u2013 Ide\u00e1lna jednorazov\u00e1 e-cigareta pre n\u00e1ro\u010dn\u00fdch faj\u010diarov vapingu<\/h2>\n<p class=\"\" data-start=\"86\" data-end=\"384\" data-immersive-translate-walked=\"6449fb85-98d9-4236-aea1-550e579cc31c\" data-immersive-translate-paragraph=\"1\">ELF BOX Digital 12000 je vysoko modern\u00e1 jednorazov\u00e1 e-cigareta, ktor\u00e1 bola \u0161peci\u00e1lne navrhnut\u00e1 pre faj\u010diarov vapingu, ktor\u00ed h\u013eadaj\u00fa dlhodob\u00fd a pohodln\u00fd z\u00e1\u017eitok z vapingu. Kombinuje inovat\u00edvne technol\u00f3gie s pou\u017e\u00edvate\u013esky pr\u00edvetiv\u00fdm ovl\u00e1dan\u00edm a zaru\u010duje vynikaj\u00faci v\u00fdkon.<\/p>\n<h4>Technick\u00e9 \u00fadaje<\/h4>\n<div class=\"pointer-events-none relative left-[50%]! flex w-[100cqw] translate-x-[-50%] justify-center *:pointer-events-auto\">\n<table class=\"min-w-full\" style=\"height: 409px;\" width=\"724\" data-start=\"45\" data-end=\"1069\">\n<thead data-start=\"45\" data-end=\"123\">\n<tr data-start=\"45\" data-end=\"123\">\n<th data-start=\"45\" data-end=\"68\"><strong data-start=\"47\" data-end=\"58\">Vlastnos\u0165<\/strong><\/th>\n<th data-start=\"68\" data-end=\"123\"><strong data-start=\"70\" data-end=\"81\">Detaily<\/strong><\/th>\n<\/tr>\n<\/thead>\n<tbody data-start=\"203\" data-end=\"1069\">\n<tr data-start=\"203\" data-end=\"281\">\n<td class=\"max-w-[calc(var(--thread-content-max-width)*2\/3)]\" data-start=\"203\" data-end=\"226\"><strong data-start=\"205\" data-end=\"214\">Puffs<\/strong><\/td>\n<td class=\"max-w-[calc(var(--thread-content-max-width)*2\/3)]\" data-start=\"226\" data-end=\"281\">12 000 potiahnut\u00ed<\/td>\n<\/tr>\n<tr data-start=\"282\" data-end=\"360\">\n<td class=\"max-w-[calc(var(--thread-content-max-width)*2\/3)]\" data-start=\"282\" data-end=\"305\"><strong data-start=\"284\" data-end=\"292\">Cievka<\/strong><\/td>\n<td class=\"max-w-[calc(var(--thread-content-max-width)*2\/3)]\" data-start=\"305\" data-end=\"360\">Mesh cievka (0,8 Ohm)<\/td>\n<\/tr>\n<tr data-start=\"361\" data-end=\"439\">\n<td class=\"max-w-[calc(var(--thread-content-max-width)*2\/3)]\" data-start=\"361\" data-end=\"384\"><strong data-start=\"363\" data-end=\"375\">E-liquid<\/strong><\/td>\n<td class=\"max-w-[calc(var(--thread-content-max-width)*2\/3)]\" data-start=\"384\" data-end=\"439\">25 ml<\/td>\n<\/tr>\n<tr data-start=\"440\" data-end=\"518\">\n<td class=\"max-w-[calc(var(--thread-content-max-width)*2\/3)]\" data-start=\"440\" data-end=\"463\"><strong data-start=\"442\" data-end=\"453\">Nikot\u00edn<\/strong><\/td>\n<td class=\"max-w-[calc(var(--thread-content-max-width)*2\/3)]\" data-start=\"463\" data-end=\"518\">0%, 2%, 3%, 5%<\/td>\n<\/tr>\n<tr data-start=\"519\" data-end=\"597\">\n<td class=\"max-w-[calc(var(--thread-content-max-width)*2\/3)]\" data-start=\"519\" data-end=\"542\"><strong data-start=\"521\" data-end=\"529\">Bat\u00e9ria<\/strong><\/td>\n<td class=\"max-w-[calc(var(--thread-content-max-width)*2\/3)]\" data-start=\"542\" data-end=\"597\">500 mAh<\/td>\n<\/tr>\n<tr data-start=\"598\" data-end=\"676\">\n<td class=\"max-w-[calc(var(--thread-content-max-width)*2\/3)]\" data-start=\"598\" data-end=\"621\"><strong data-start=\"600\" data-end=\"619\">Technol\u00f3gia nab\u00edjania<\/strong><\/td>\n<td class=\"max-w-[calc(var(--thread-content-max-width)*2\/3)]\" data-start=\"621\" data-end=\"676\">USB-C<\/td>\n<\/tr>\n<tr data-start=\"677\" data-end=\"754\">\n<td class=\"max-w-[calc(var(--thread-content-max-width)*2\/3)]\" data-start=\"677\" data-end=\"700\"><strong data-start=\"679\" data-end=\"699\">Digit\u00e1lny displej<\/strong><\/td>\n<td class=\"max-w-[calc(var(--thread-content-max-width)*2\/3)]\" data-start=\"700\" data-end=\"754\">Ukazovate\u013e hladiny kvapaliny a bat\u00e9rie<\/td>\n<\/tr>\n<tr data-start=\"755\" data-end=\"833\">\n<td class=\"max-w-[calc(var(--thread-content-max-width)*2\/3)]\" data-start=\"755\" data-end=\"778\"><strong data-start=\"757\" data-end=\"768\">Hmotnos\u0165<\/strong><\/td>\n<td class=\"max-w-[calc(var(--thread-content-max-width)*2\/3)]\" data-start=\"778\" data-end=\"833\">82 g<\/td>\n<\/tr>\n<tr data-start=\"834\" data-end=\"911\">\n<td class=\"max-w-[calc(var(--thread-content-max-width)*2\/3)]\" data-start=\"834\" data-end=\"857\"><strong data-start=\"836\" data-end=\"849\">Chute<\/strong><\/td>\n<td class=\"max-w-[calc(var(--thread-content-max-width)*2\/3)]\" data-start=\"857\" data-end=\"911\">Modr\u00e1 \u010du\u010doriedka kysl\u00e1 malina<\/td>\n<\/tr>\n<tr data-start=\"912\" data-end=\"990\">\n<td class=\"max-w-[calc(var(--thread-content-max-width)*2\/3)]\" data-start=\"912\" data-end=\"935\"><strong data-start=\"914\" data-end=\"931\">Doba transportu<\/strong><\/td>\n<td class=\"max-w-[calc(var(--thread-content-max-width)*2\/3)]\" data-start=\"935\" data-end=\"990\">7-15 pracovn\u00fdch dn\u00ed<\/td>\n<\/tr>\n<tr data-start=\"991\" data-end=\"1069\">\n<td class=\"max-w-[calc(var(--thread-content-max-width)*2\/3)]\" data-start=\"991\" data-end=\"1014\"><strong data-start=\"993\" data-end=\"1004\">V\u00fdhoda<\/strong><\/td>\n<td class=\"max-w-[calc(var(--thread-content-max-width)*2\/3)]\" data-start=\"1014\" data-end=\"1069\">Colne zdarma<\/td>\n<\/tr>\n<\/tbody>\n<\/table>\n<\/div>\n<h3>Hlavn\u00e9 vlastnosti ELF BOX Digital 12000<\/h3>\n<p>1. Ve\u013ek\u00e1 kapacita pre dlh\u0161ie vapovanie<\/p>\n<p>S a\u017e 12 000 potiahnutiami je ELF BOX Digital 12000 navrhnut\u00e1 na dlh\u0161ie pou\u017e\u00edvanie ako mnoho in\u00fdch jednorazov\u00fdch e cigariet. To znamen\u00e1, \u017ee si m\u00f4\u017eete vychutn\u00e1va\u0165 dlh\u0161ie bez ob\u00e1v z dop\u013a\u0148ania alebo \u010dastej v\u00fdmeny.<\/p>\n<p>2. Mesh cievka pre intenz\u00edvnu chu\u0165<\/p>\n<p>Meshov\u00e1 cievka (0,8 Ohm) zabezpe\u010duje rovnomern\u00e9 a efekt\u00edvne odparovanie E-liquidu. T\u00e1to technol\u00f3gia optimalizuje z\u00e1\u017eitok z chuti t\u00fdm, \u017ee rovnomerne rozde\u013euje paru a zabezpe\u010duje intenz\u00edvnej\u0161\u00ed vnem ar\u00f3my.<\/p>\n<p>3. Ve\u013ek\u00e1 kapacita E-liquidu<\/p>\n<p>S kapacitou E-liquidu 25 ml sa nemus\u00edte ob\u00e1va\u0165, \u017ee tekutina sa r\u00fdchlo minie. To umo\u017e\u0148uje dlh\u0161iu dobu vapovania a zni\u017euje potrebu \u010dast\u00e9ho dop\u013a\u0148ania.<\/p>\n<p>4. Pou\u017e\u00edvate\u013esky pr\u00edvetiv\u00fd digit\u00e1lny displej<\/p>\n<p>Digit\u00e1lny displej poskytuje preh\u013eadn\u00fd zobrazenie stavu tekutiny a bat\u00e9rie. M\u00f4\u017eete kedyko\u013evek od\u010d\u00edta\u0165, ko\u013eko tekutiny zost\u00e1va a ak\u00e1 je zost\u00e1vaj\u00faca doba prev\u00e1dzky bat\u00e9rie, \u010do je obzvl\u00e1\u0161\u0165 praktick\u00e9 pre ka\u017edodenn\u00e9 pou\u017eitie.<\/p>\n<p>5. R\u00fdchle nab\u00edjanie cez USB-C<\/p>\n<p>Integrovan\u00e1 bat\u00e9ria 500 mAh sa d\u00e1 pohodlne nabi\u0165 cez USB-C port, \u010do zabezpe\u010duje r\u00fdchle nab\u00edjanie. ELF BOX Digital 12000 je tak v\u017edy r\u00fdchlo pripraven\u00e1 na pou\u017eitie.<\/p>\n<h4 data-start=\"2976\" data-end=\"3028\" data-immersive-translate-walked=\"6449fb85-98d9-4236-aea1-550e579cc31c\" data-immersive-translate-paragraph=\"1\">Dokonal\u00e1 chu\u0165: Blueberry Sour Raspberry<\/h4>\n<p class=\"\" data-start=\"3030\" data-end=\"3386\" data-immersive-translate-walked=\"6449fb85-98d9-4236-aea1-550e579cc31c\" data-immersive-translate-paragraph=\"1\">Chu\u0165 Blueberry Sour Raspberry kombinuje sladk\u00fa svie\u017eos\u0165 zrel\u00fdch \u010du\u010doriedok s jemne kyslou notou mal\u00edn. V\u00fdsledkom je jedine\u010dn\u00e1, osvie\u017euj\u00faca chu\u0165, ktor\u00e1 zabezpe\u010duje pr\u00edjemn\u00fd a dlhotrvaj\u00faci z\u00e1\u017eitok z vapovania. T\u00e1to chu\u0165 je ide\u00e1lna pre vapovanie s ovocn\u00fdmi a sladko-kysl\u00fdmi ar\u00f3mami.<\/p>\n<h4 data-start=\"3388\" data-end=\"3443\" data-immersive-translate-walked=\"6449fb85-98d9-4236-aea1-550e579cc31c\" data-immersive-translate-paragraph=\"1\">Pre\u010do si vybra\u0165 ELF BOX Digital 12000?<\/h4>\n<p class=\"\" data-start=\"3445\" data-end=\"4043\" data-immersive-translate-walked=\"6449fb85-98d9-4236-aea1-550e579cc31c\" data-immersive-translate-paragraph=\"1\">ELF BOX Digital 12000 je vynikaj\u00facou vo\u013ebou pre v\u0161etk\u00fdch, ktor\u00ed h\u013eadaj\u00fa spo\u013eahliv\u00fd a pr\u00edjemn\u00fd z\u00e1\u017eitok z vapovania. Pon\u00faka nielen vysok\u00fd po\u010det \u0165ahov, ale aj pou\u017e\u00edvate\u013esky pr\u00edvetiv\u00fd digit\u00e1lny displej a r\u00fdchle nab\u00edjanie. S technol\u00f3giou Mesh-Coil a ve\u013ekou kapacitou E-liquidu je ide\u00e1lna pre vapovanie s dlhotrvaj\u00facim a intenz\u00edvnym z\u00e1\u017eitkom. Objednajte si svoju ELF BOX Digital 12000 na vapingnet.de, vyu\u017eite bezcoln\u00fa dopravu a u\u017e\u00edvajte si r\u00fdchle dodanie do 7-15 pracovn\u00fdch dn\u00ed.<\/p>","protected":false},"excerpt":{"rendered":"<p>ELF BOX Digital 12000 \u2013 Die ideale Einweg-E-Zigarette f\u00fcr anspruchsvolle Dampfer Die ELF BOX Digital 12000 ist eine hochmoderne Einweg-E-Zigarette, die speziell f\u00fcr Dampfer entwickelt&#8230;<\/p>","protected":false},"featured_media":6365,"template":"","meta":[],"etheme_brands":[],"product_brand":[100],"product_cat":[88,49,61],"product_tag":[],"class_list":{"0":"post-6360","1":"product","2":"type-product","3":"status-publish","4":"has-post-thumbnail","6":"product_brand-elf-box-vape","7":"product_cat-12k-vape","8":"product_cat-einweg-e-zigarette","9":"product_cat-f","11":"first","12":"instock","13":"shipping-taxable","14":"purchasable","15":"product-type-simple"},"yoast_head":"<!-- This site is optimized with the Yoast SEO plugin v26.5 - https:\/\/yoast.com\/wordpress\/plugins\/seo\/ -->\n<title>ELF BOX Digital 12000 Blueberry Sour Raspberry Einfache Anwendung Fruchtiger | Vapingnet.de<\/title>\n<meta name=\"description\" content=\"Entdecke ELF BOX Digital 12000 Blueberry Sour Raspberry Einfache Anwendung Fruchtiger bei vapingnet.de, \u25ba Gro\u00dfe Auswahl an Geschmacksrichtungen &amp; super g\u00fcnstig!\" \/>\n<meta name=\"robots\" content=\"index, follow, max-snippet:-1, max-image-preview:large, max-video-preview:-1\" \/>\n<link rel=\"canonical\" href=\"https:\/\/vapingnet.de\/sk\/vape\/elf-box-digital-12000-blueberry-sour-raspberry-einfache-anwendung-fruchtiger\/\" \/>\n<meta property=\"og:locale\" content=\"sk_SK\" \/>\n<meta property=\"og:type\" content=\"article\" \/>\n<meta property=\"og:title\" content=\"ELF BOX Digital 12000 Blueberry Sour Raspberry Einfache Anwendung Fruchtiger | Vapingnet.de\" \/>\n<meta property=\"og:description\" content=\"Entdecke ELF BOX Digital 12000 Blueberry Sour Raspberry Einfache Anwendung Fruchtiger bei vapingnet.de, \u25ba Gro\u00dfe Auswahl an Geschmacksrichtungen &amp; super g\u00fcnstig!\" \/>\n<meta property=\"og:url\" content=\"https:\/\/vapingnet.de\/sk\/vape\/elf-box-digital-12000-blueberry-sour-raspberry-einfache-anwendung-fruchtiger\/\" \/>\n<meta property=\"og:site_name\" content=\"Vapingnet.de\" \/>\n<meta property=\"article:publisher\" content=\"https:\/\/www.facebook.com\/vapingnetde\/\" \/>\n<meta property=\"article:modified_time\" content=\"2025-06-19T03:42:58+00:00\" \/>\n<meta property=\"og:image\" content=\"https:\/\/vapingnet.de\/wp-content\/uploads\/2025\/04\/Blueberry-Sour-Raspberry.webp\" \/>\n\t<meta property=\"og:image:width\" content=\"1000\" \/>\n\t<meta property=\"og:image:height\" content=\"1000\" \/>\n\t<meta property=\"og:image:type\" content=\"image\/webp\" \/>\n<meta name=\"twitter:card\" content=\"summary_large_image\" \/>\n<meta name=\"twitter:label1\" content=\"Est. reading time\" \/>\n\t<meta name=\"twitter:data1\" content=\"3 minutes\" \/>\n<script type=\"application\/ld+json\" class=\"yoast-schema-graph\">{\"@context\":\"https:\/\/schema.org\",\"@graph\":[{\"@type\":\"WebPage\",\"@id\":\"https:\/\/vapingnet.de\/vape\/elf-box-digital-12000-blueberry-sour-raspberry-einfache-anwendung-fruchtiger\/\",\"url\":\"https:\/\/vapingnet.de\/vape\/elf-box-digital-12000-blueberry-sour-raspberry-einfache-anwendung-fruchtiger\/\",\"name\":\"ELF BOX Digital 12000 Blueberry Sour Raspberry Einfache Anwendung Fruchtiger | Vapingnet.de\",\"isPartOf\":{\"@id\":\"https:\/\/vapingnet.de\/#website\"},\"primaryImageOfPage\":{\"@id\":\"https:\/\/vapingnet.de\/vape\/elf-box-digital-12000-blueberry-sour-raspberry-einfache-anwendung-fruchtiger\/#primaryimage\"},\"image\":{\"@id\":\"https:\/\/vapingnet.de\/vape\/elf-box-digital-12000-blueberry-sour-raspberry-einfache-anwendung-fruchtiger\/#primaryimage\"},\"thumbnailUrl\":\"https:\/\/vapingnet.de\/wp-content\/uploads\/2025\/04\/Blueberry-Sour-Raspberry.webp\",\"datePublished\":\"2025-04-15T06:37:12+00:00\",\"dateModified\":\"2025-06-19T03:42:58+00:00\",\"description\":\"Entdecke ELF BOX Digital 12000 Blueberry Sour Raspberry Einfache Anwendung Fruchtiger bei vapingnet.de, \u25ba Gro\u00dfe Auswahl an Geschmacksrichtungen & super g\u00fcnstig!\",\"breadcrumb\":{\"@id\":\"https:\/\/vapingnet.de\/vape\/elf-box-digital-12000-blueberry-sour-raspberry-einfache-anwendung-fruchtiger\/#breadcrumb\"},\"inLanguage\":\"sk-SK\",\"potentialAction\":[{\"@type\":\"ReadAction\",\"target\":[\"https:\/\/vapingnet.de\/vape\/elf-box-digital-12000-blueberry-sour-raspberry-einfache-anwendung-fruchtiger\/\"]}]},{\"@type\":\"ImageObject\",\"inLanguage\":\"sk-SK\",\"@id\":\"https:\/\/vapingnet.de\/vape\/elf-box-digital-12000-blueberry-sour-raspberry-einfache-anwendung-fruchtiger\/#primaryimage\",\"url\":\"https:\/\/vapingnet.de\/wp-content\/uploads\/2025\/04\/Blueberry-Sour-Raspberry.webp\",\"contentUrl\":\"https:\/\/vapingnet.de\/wp-content\/uploads\/2025\/04\/Blueberry-Sour-Raspberry.webp\",\"width\":1000,\"height\":1000},{\"@type\":\"BreadcrumbList\",\"@id\":\"https:\/\/vapingnet.de\/vape\/elf-box-digital-12000-blueberry-sour-raspberry-einfache-anwendung-fruchtiger\/#breadcrumb\",\"itemListElement\":[{\"@type\":\"ListItem\",\"position\":1,\"name\":\"Home\",\"item\":\"https:\/\/vapingnet.de\/\"},{\"@type\":\"ListItem\",\"position\":2,\"name\":\"Shop\",\"item\":\"https:\/\/vapingnet.de\/vape\/\"},{\"@type\":\"ListItem\",\"position\":3,\"name\":\"ELF BOX Digital 12000 Blueberry Sour Raspberry Einfache Anwendung Fruchtiger\"}]},{\"@type\":\"WebSite\",\"@id\":\"https:\/\/vapingnet.de\/#website\",\"url\":\"https:\/\/vapingnet.de\/\",\"name\":\"Vapingnet.de\",\"description\":\"\",\"publisher\":{\"@id\":\"https:\/\/vapingnet.de\/#organization\"},\"potentialAction\":[{\"@type\":\"SearchAction\",\"target\":{\"@type\":\"EntryPoint\",\"urlTemplate\":\"https:\/\/vapingnet.de\/?s={search_term_string}\"},\"query-input\":{\"@type\":\"PropertyValueSpecification\",\"valueRequired\":true,\"valueName\":\"search_term_string\"}}],\"inLanguage\":\"sk-SK\"},{\"@type\":\"Organization\",\"@id\":\"https:\/\/vapingnet.de\/#organization\",\"name\":\"Vapingnet.de\",\"url\":\"https:\/\/vapingnet.de\/\",\"logo\":{\"@type\":\"ImageObject\",\"inLanguage\":\"sk-SK\",\"@id\":\"https:\/\/vapingnet.de\/#\/schema\/logo\/image\/\",\"url\":\"https:\/\/vapingnet.de\/wp-content\/uploads\/2025\/03\/cropped-vapingnet.de_.jpg\",\"contentUrl\":\"https:\/\/vapingnet.de\/wp-content\/uploads\/2025\/03\/cropped-vapingnet.de_.jpg\",\"width\":512,\"height\":512,\"caption\":\"Vapingnet.de\"},\"image\":{\"@id\":\"https:\/\/vapingnet.de\/#\/schema\/logo\/image\/\"},\"sameAs\":[\"https:\/\/www.facebook.com\/vapingnetde\/\"]}]}<\/script>\n<!-- \/ Yoast SEO plugin. -->","yoast_head_json":{"title":"ELF BOX Digital 12000 Blueberry Sour Raspberry Einfache Anwendung Fruchtiger | Vapingnet.de","description":"Entdecke ELF BOX Digital 12000 Blueberry Sour Raspberry Einfache Anwendung Fruchtiger bei vapingnet.de, \u25ba Gro\u00dfe Auswahl an Geschmacksrichtungen & super g\u00fcnstig!","robots":{"index":"index","follow":"follow","max-snippet":"max-snippet:-1","max-image-preview":"max-image-preview:large","max-video-preview":"max-video-preview:-1"},"canonical":"https:\/\/vapingnet.de\/sk\/vape\/elf-box-digital-12000-blueberry-sour-raspberry-einfache-anwendung-fruchtiger\/","og_locale":"sk_SK","og_type":"article","og_title":"ELF BOX Digital 12000 Blueberry Sour Raspberry Einfache Anwendung Fruchtiger | Vapingnet.de","og_description":"Entdecke ELF BOX Digital 12000 Blueberry Sour Raspberry Einfache Anwendung Fruchtiger bei vapingnet.de, \u25ba Gro\u00dfe Auswahl an Geschmacksrichtungen & super g\u00fcnstig!","og_url":"https:\/\/vapingnet.de\/sk\/vape\/elf-box-digital-12000-blueberry-sour-raspberry-einfache-anwendung-fruchtiger\/","og_site_name":"Vapingnet.de","article_publisher":"https:\/\/www.facebook.com\/vapingnetde\/","article_modified_time":"2025-06-19T03:42:58+00:00","og_image":[{"width":1000,"height":1000,"url":"https:\/\/vapingnet.de\/wp-content\/uploads\/2025\/04\/Blueberry-Sour-Raspberry.webp","type":"image\/webp"}],"twitter_card":"summary_large_image","twitter_misc":{"Est. reading time":"3 minutes"},"schema":{"@context":"https:\/\/schema.org","@graph":[{"@type":"WebPage","@id":"https:\/\/vapingnet.de\/vape\/elf-box-digital-12000-blueberry-sour-raspberry-einfache-anwendung-fruchtiger\/","url":"https:\/\/vapingnet.de\/vape\/elf-box-digital-12000-blueberry-sour-raspberry-einfache-anwendung-fruchtiger\/","name":"ELF BOX Digital 12000 Blueberry Sour Raspberry Einfache Anwendung Fruchtiger | Vapingnet.de","isPartOf":{"@id":"https:\/\/vapingnet.de\/#website"},"primaryImageOfPage":{"@id":"https:\/\/vapingnet.de\/vape\/elf-box-digital-12000-blueberry-sour-raspberry-einfache-anwendung-fruchtiger\/#primaryimage"},"image":{"@id":"https:\/\/vapingnet.de\/vape\/elf-box-digital-12000-blueberry-sour-raspberry-einfache-anwendung-fruchtiger\/#primaryimage"},"thumbnailUrl":"https:\/\/vapingnet.de\/wp-content\/uploads\/2025\/04\/Blueberry-Sour-Raspberry.webp","datePublished":"2025-04-15T06:37:12+00:00","dateModified":"2025-06-19T03:42:58+00:00","description":"Entdecke ELF BOX Digital 12000 Blueberry Sour Raspberry Einfache Anwendung Fruchtiger bei vapingnet.de, \u25ba Gro\u00dfe Auswahl an Geschmacksrichtungen & super g\u00fcnstig!","breadcrumb":{"@id":"https:\/\/vapingnet.de\/vape\/elf-box-digital-12000-blueberry-sour-raspberry-einfache-anwendung-fruchtiger\/#breadcrumb"},"inLanguage":"sk-SK","potentialAction":[{"@type":"ReadAction","target":["https:\/\/vapingnet.de\/vape\/elf-box-digital-12000-blueberry-sour-raspberry-einfache-anwendung-fruchtiger\/"]}]},{"@type":"ImageObject","inLanguage":"sk-SK","@id":"https:\/\/vapingnet.de\/vape\/elf-box-digital-12000-blueberry-sour-raspberry-einfache-anwendung-fruchtiger\/#primaryimage","url":"https:\/\/vapingnet.de\/wp-content\/uploads\/2025\/04\/Blueberry-Sour-Raspberry.webp","contentUrl":"https:\/\/vapingnet.de\/wp-content\/uploads\/2025\/04\/Blueberry-Sour-Raspberry.webp","width":1000,"height":1000},{"@type":"BreadcrumbList","@id":"https:\/\/vapingnet.de\/vape\/elf-box-digital-12000-blueberry-sour-raspberry-einfache-anwendung-fruchtiger\/#breadcrumb","itemListElement":[{"@type":"ListItem","position":1,"name":"Home","item":"https:\/\/vapingnet.de\/"},{"@type":"ListItem","position":2,"name":"Shop","item":"https:\/\/vapingnet.de\/vape\/"},{"@type":"ListItem","position":3,"name":"ELF BOX Digital 12000 Blueberry Sour Raspberry Einfache Anwendung Fruchtiger"}]},{"@type":"WebSite","@id":"https:\/\/vapingnet.de\/#website","url":"https:\/\/vapingnet.de\/","name":"Vapingnet.de","description":"","publisher":{"@id":"https:\/\/vapingnet.de\/#organization"},"potentialAction":[{"@type":"SearchAction","target":{"@type":"EntryPoint","urlTemplate":"https:\/\/vapingnet.de\/?s={search_term_string}"},"query-input":{"@type":"PropertyValueSpecification","valueRequired":true,"valueName":"search_term_string"}}],"inLanguage":"sk-SK"},{"@type":"Organization","@id":"https:\/\/vapingnet.de\/#organization","name":"Vapingnet.de","url":"https:\/\/vapingnet.de\/","logo":{"@type":"ImageObject","inLanguage":"sk-SK","@id":"https:\/\/vapingnet.de\/#\/schema\/logo\/image\/","url":"https:\/\/vapingnet.de\/wp-content\/uploads\/2025\/03\/cropped-vapingnet.de_.jpg","contentUrl":"https:\/\/vapingnet.de\/wp-content\/uploads\/2025\/03\/cropped-vapingnet.de_.jpg","width":512,"height":512,"caption":"Vapingnet.de"},"image":{"@id":"https:\/\/vapingnet.de\/#\/schema\/logo\/image\/"},"sameAs":["https:\/\/www.facebook.com\/vapingnetde\/"]}]}},"tiered_pricing_type":"fixed","tiered_pricing_fixed_rules":{"10":"7.78","60":"7.00","110":"6.22","200":"5.45"},"tiered_pricing_product_settings":{"layout":"default","base_unit_name":{"singular":null,"plural":null},"default_variation":null},"tiered_pricing_minimum_quantity":null,"tiered_pricing_roles_data":[],"tiered_pricing_percentage_rules":[],"_links":{"self":[{"href":"https:\/\/vapingnet.de\/sk\/wp-json\/wp\/v2\/product\/6360","targetHints":{"allow":["GET"]}}],"collection":[{"href":"https:\/\/vapingnet.de\/sk\/wp-json\/wp\/v2\/product"}],"about":[{"href":"https:\/\/vapingnet.de\/sk\/wp-json\/wp\/v2\/types\/product"}],"version-history":[{"count":1,"href":"https:\/\/vapingnet.de\/sk\/wp-json\/wp\/v2\/product\/6360\/revisions"}],"predecessor-version":[{"id":6372,"href":"https:\/\/vapingnet.de\/sk\/wp-json\/wp\/v2\/product\/6360\/revisions\/6372"}],"wp:featuredmedia":[{"embeddable":true,"href":"https:\/\/vapingnet.de\/sk\/wp-json\/wp\/v2\/media\/6365"}],"wp:attachment":[{"href":"https:\/\/vapingnet.de\/sk\/wp-json\/wp\/v2\/media?parent=6360"}],"wp:term":[{"taxonomy":"brand","embeddable":true,"href":"https:\/\/vapingnet.de\/sk\/wp-json\/wp\/v2\/etheme_brands?post=6360"},{"taxonomy":"product_brand","embeddable":true,"href":"https:\/\/vapingnet.de\/sk\/wp-json\/wp\/v2\/product_brand?post=6360"},{"taxonomy":"product_cat","embeddable":true,"href":"https:\/\/vapingnet.de\/sk\/wp-json\/wp\/v2\/product_cat?post=6360"},{"taxonomy":"product_tag","embeddable":true,"href":"https:\/\/vapingnet.de\/sk\/wp-json\/wp\/v2\/product_tag?post=6360"}],"curies":[{"name":"wp","href":"https:\/\/api.w.org\/{rel}","templated":true}]}}