{"id":6373,"date":"2025-04-15T07:08:52","date_gmt":"2025-04-15T07:08:52","guid":{"rendered":"https:\/\/vapingnet.de\/?post_type=product&#038;p=6373"},"modified":"2025-06-19T03:42:58","modified_gmt":"2025-06-19T03:42:58","slug":"kiwi-passion-fruit-geschmack-in-der-elf-box-digital-12000-langanhaltend","status":"publish","type":"product","link":"https:\/\/vapingnet.de\/sk\/vape\/kiwi-passion-fruit-geschmack-in-der-elf-box-digital-12000-langanhaltend\/","title":{"rendered":"Chut kiwi passion fruit v ELF BOX Digital 12000, dlhodob\u00fd z\u00e1\u017eitok"},"content":{"rendered":"<p class=\"\" data-start=\"0\" data-end=\"293\" data-immersive-translate-paragraph=\"1\" data-immersive-translate-walked=\"5b668528-9596-4747-aa7d-1fbda2410136\">ELF BOX Digital 12000 pon\u00faka vynikaj\u00faci v\u00fdkon a pou\u017e\u00edvate\u013esk\u00fa pr\u00edvetivos\u0165 pre vapery, ktor\u00ed h\u013eadaj\u00fa odoln\u00fa a v\u00fdkonn\u00fa e-cigaretu. V nasleduj\u00facej \u010dasti s\u00fa podrobne predstaven\u00e9 najd\u00f4le\u017eitej\u0161ie vlastnosti a v\u00fdhody tohto produktu.<\/p>\n<h2 data-start=\"295\" data-end=\"342\" data-immersive-translate-walked=\"5b668528-9596-4747-aa7d-1fbda2410136\" data-immersive-translate-paragraph=\"1\">Vlastnosti ELF BOX Digital 12000<\/h2>\n<p class=\"\" data-start=\"344\" data-end=\"644\" data-immersive-translate-walked=\"5b668528-9596-4747-aa7d-1fbda2410136\" data-immersive-translate-paragraph=\"1\">1. Vysok\u00fd po\u010det \u0165ahov a dlh\u00e1 \u017eivotnos\u0165<br data-start=\"387\" data-end=\"390\" data-immersive-translate-walked=\"5b668528-9596-4747-aa7d-1fbda2410136\" \/>S 12 000 \u0165ahmi pon\u00faka ELF BOX Digital 12000 p\u00f4sobiv\u00fa \u017eivotnos\u0165. To ju rob\u00ed ide\u00e1lnou pre pravideln\u00fdch vapery, ktor\u00ed h\u013eadaj\u00fa e-cigaretu, ktor\u00e1 im poskytne dlh\u00fa rados\u0165 bez \u010dast\u00e9ho dop\u013a\u0148ania alebo v\u00fdmeny.<\/p>\n<p class=\"\" data-start=\"646\" data-end=\"921\" data-immersive-translate-walked=\"5b668528-9596-4747-aa7d-1fbda2410136\" data-immersive-translate-paragraph=\"1\">2. Mesh Coil technol\u00f3gia<br data-start=\"674\" data-end=\"677\" data-immersive-translate-walked=\"5b668528-9596-4747-aa7d-1fbda2410136\" \/>0,8 Ohm Mesh Coil zabezpe\u010duje rovnomern\u00e9 zahrievanie tekutiny, \u010do vedie k vylep\u0161en\u00e9mu chuti a intenz\u00edvnej\u0161ej tvorbe pary. T\u00e1to technol\u00f3gia zabezpe\u010duje, \u017ee ka\u017ed\u00e9 inhalovanie je pr\u00edjemn\u00fdm z\u00e1\u017eitkom.<\/p>\n<p class=\"\" data-start=\"923\" data-end=\"1178\" data-immersive-translate-walked=\"5b668528-9596-4747-aa7d-1fbda2410136\" data-immersive-translate-paragraph=\"1\">3. Ve\u013ekorys\u00fd objem e-liquidu<br data-start=\"958\" data-end=\"961\" data-immersive-translate-walked=\"5b668528-9596-4747-aa7d-1fbda2410136\" \/>S objemom 25 ml e-liquidu sa m\u00f4\u017eete menej ob\u00e1va\u0165 dop\u013a\u0148ania, \u010do v\u00fdrazne zvy\u0161uje komfort. Poskytuje dostatok tekutiny na cel\u00fa \u017eivotnos\u0165 e-cigarety.<\/p>\n<h4 data-start=\"1180\" data-end=\"1225\" data-immersive-translate-walked=\"5b668528-9596-4747-aa7d-1fbda2410136\" data-immersive-translate-paragraph=\"1\">Mo\u017enosti nikot\u00ednu a personaliz\u00e1cie<\/h4>\n<p class=\"\" data-start=\"1227\" data-end=\"1460\" data-immersive-translate-walked=\"5b668528-9596-4747-aa7d-1fbda2410136\" data-immersive-translate-paragraph=\"1\">1. R\u00f4zne koncentr\u00e1cie nikot\u00ednu<br data-start=\"1261\" data-end=\"1264\" data-immersive-translate-walked=\"5b668528-9596-4747-aa7d-1fbda2410136\" \/>ELF BOX Digital 12000 pon\u00faka \u0161tyri koncentr\u00e1cie nikot\u00ednu na v\u00fdber: 0%, 2%, 3% a 5%. Tak si m\u00f4\u017eete zvoli\u0165 silu pod\u013ea svojich osobn\u00fdch preferenci\u00ed a prisp\u00f4sobi\u0165 si vapovanie.<\/p>\n<h4 data-start=\"1462\" data-end=\"1506\" data-immersive-translate-walked=\"5b668528-9596-4747-aa7d-1fbda2410136\" data-immersive-translate-paragraph=\"1\">Technologick\u00e9 vlastnosti a mo\u017enosti nab\u00edjania<\/h4>\n<p class=\"\" data-start=\"1508\" data-end=\"1798\" data-immersive-translate-walked=\"5b668528-9596-4747-aa7d-1fbda2410136\" data-immersive-translate-paragraph=\"1\">1. Bat\u00e9ria a mo\u017enos\u0165 nab\u00edjania<br data-start=\"1534\" data-end=\"1537\" data-immersive-translate-walked=\"5b668528-9596-4747-aa7d-1fbda2410136\" \/>Bat\u00e9ria s kapacitou 500 mAh zabezpe\u010duje spo\u013eahliv\u00fd v\u00fdkon. Ke\u010f sa bat\u00e9ria vybije, e-cigaretu je mo\u017en\u00e9 r\u00fdchlo nabi\u0165 modern\u00fdm USB-C konektorom, tak\u017ee nikdy nebudete musie\u0165 dlho \u010daka\u0165 na \u010fal\u0161ie vapovanie.<\/p>\n<p class=\"\" data-start=\"1800\" data-end=\"2030\" data-immersive-translate-walked=\"5b668528-9596-4747-aa7d-1fbda2410136\" data-immersive-translate-paragraph=\"1\">2. Digit\u00e1lny displej<br data-start=\"1823\" data-end=\"1826\" data-immersive-translate-walked=\"5b668528-9596-4747-aa7d-1fbda2410136\" \/>V\u010faka digit\u00e1lnemu displeju m\u00e1te v\u017edy preh\u013ead o stave tekutiny a bat\u00e9rie. To v\u00e1m pom\u00e1ha ur\u010di\u0165 ide\u00e1lny \u010das na nab\u00edjanie alebo doplnenie.<\/p>\n<h4 data-start=\"2032\" data-end=\"2080\" data-immersive-translate-walked=\"5b668528-9596-4747-aa7d-1fbda2410136\" data-immersive-translate-paragraph=\"1\">Z\u00e1\u017eitok z chuti ELF BOX Digital 12000<\/h4>\n<p class=\"\" data-start=\"2082\" data-end=\"2394\" data-immersive-translate-walked=\"5b668528-9596-4747-aa7d-1fbda2410136\" data-immersive-translate-paragraph=\"1\">Chu\u0165: Blueberry Sour Raspberry<br data-start=\"2125\" data-end=\"2128\" data-immersive-translate-walked=\"5b668528-9596-4747-aa7d-1fbda2410136\" \/>S osvie\u017euj\u00facou ovocnou chu\u0165ou Blueberry Sour Raspberry pon\u00faka ELF BOX Digital 12000 intenz\u00edvny chu\u0165ov\u00fd z\u00e1\u017eitok. Kombin\u00e1cia sladk\u00fdch \u010du\u010doriedok a kyslosti mal\u00edn zabezpe\u010duje vyv\u00e1\u017een\u00e9 a osvie\u017euj\u00face vapovanie.<\/p>\n<h3>V\u00fdhody ELF BOX Digital 12000<\/h3>\n<ul data-start=\"2436\" data-end=\"2865\" data-immersive-translate-walked=\"5b668528-9596-4747-aa7d-1fbda2410136\">\n<li class=\"\" data-start=\"2436\" data-end=\"2515\" data-immersive-translate-walked=\"5b668528-9596-4747-aa7d-1fbda2410136\">\n<p class=\"\" data-start=\"2438\" data-end=\"2515\" data-immersive-translate-walked=\"5b668528-9596-4747-aa7d-1fbda2410136\" data-immersive-translate-paragraph=\"1\">Dlh\u00e1 \u017eivotnos\u0165 a vysok\u00fd po\u010det \u0165ahov: 12 000 \u0165ahov pre dlhodob\u00e9 pote\u0161enie<\/p>\n<\/li>\n<li class=\"\" data-start=\"2516\" data-end=\"2611\" data-immersive-translate-walked=\"5b668528-9596-4747-aa7d-1fbda2410136\">\n<p class=\"\" data-start=\"2518\" data-end=\"2611\" data-immersive-translate-walked=\"5b668528-9596-4747-aa7d-1fbda2410136\" data-immersive-translate-paragraph=\"1\">Najmodernej\u0161ia technol\u00f3gia: Mesh-Coil a digit\u00e1lny displej pre vylep\u0161en\u00fd z\u00e1\u017eitok z vapovania<\/p>\n<\/li>\n<li class=\"\" data-start=\"2612\" data-end=\"2684\" data-immersive-translate-walked=\"5b668528-9596-4747-aa7d-1fbda2410136\">\n<p class=\"\" data-start=\"2614\" data-end=\"2684\" data-immersive-translate-walked=\"5b668528-9596-4747-aa7d-1fbda2410136\" data-immersive-translate-paragraph=\"1\">Flexibiln\u00e9 \u00farovne nikot\u00ednu: Vyberte si \u00farove\u0148, ktor\u00e1 v\u00e1m vyhovuje<\/p>\n<\/li>\n<li class=\"\" data-start=\"2685\" data-end=\"2739\" data-immersive-translate-walked=\"5b668528-9596-4747-aa7d-1fbda2410136\">\n<p class=\"\" data-start=\"2687\" data-end=\"2739\" data-immersive-translate-walked=\"5b668528-9596-4747-aa7d-1fbda2410136\" data-immersive-translate-paragraph=\"1\">Praktick\u00e1 nab\u00edja\u010dka: USB-C pre r\u00fdchle nab\u00edjanie<\/p>\n<\/li>\n<li class=\"\" data-start=\"2740\" data-end=\"2789\" data-immersive-translate-walked=\"5b668528-9596-4747-aa7d-1fbda2410136\">\n<p class=\"\" data-start=\"2742\" data-end=\"2789\" data-immersive-translate-walked=\"5b668528-9596-4747-aa7d-1fbda2410136\" data-immersive-translate-paragraph=\"1\">Coln\u00e1 vo\u013enos\u0165: Ide\u00e1lne pre medzin\u00e1rodn\u00fa dopravu<\/p>\n<\/li>\n<li class=\"\" data-start=\"2790\" data-end=\"2865\" data-immersive-translate-walked=\"5b668528-9596-4747-aa7d-1fbda2410136\">\n<p class=\"\" data-start=\"2792\" data-end=\"2865\" data-immersive-translate-walked=\"5b668528-9596-4747-aa7d-1fbda2410136\" data-immersive-translate-paragraph=\"1\">Hmotnos\u0165: S iba 82 g je \u013eahk\u00e1 a \u013eahko prenosn\u00e1<\/p>\n<\/li>\n<\/ul>\n<h4 data-start=\"2867\" data-end=\"2898\" data-immersive-translate-walked=\"5b668528-9596-4747-aa7d-1fbda2410136\" data-immersive-translate-paragraph=\"1\">Doru\u010denie a dostupnos\u0165<\/h4>\n<p class=\"\" data-start=\"2900\" data-end=\"3124\" data-immersive-translate-walked=\"5b668528-9596-4747-aa7d-1fbda2410136\" data-immersive-translate-paragraph=\"1\">1. Podrobnosti o doru\u010den\u00ed<br data-start=\"2921\" data-end=\"2924\" data-immersive-translate-walked=\"5b668528-9596-4747-aa7d-1fbda2410136\" \/>ELF BOX Digital 12000 bude doru\u010den\u00e1 priamo k v\u00e1m domov s dobou dodania 7-15 pracovn\u00fdch dn\u00ed. V\u010faka colnej vo\u013enosti m\u00f4\u017eu z\u00e1kazn\u00edci po celom svete vyu\u017e\u00edva\u0165 tento produkt.<\/p>\n<p class=\"\" data-start=\"3126\" data-end=\"3268\" data-immersive-translate-walked=\"5b668528-9596-4747-aa7d-1fbda2410136\" data-immersive-translate-paragraph=\"1\">2. Kde si ju m\u00f4\u017eete k\u00fapi\u0165?<br data-start=\"3156\" data-end=\"3159\" data-immersive-translate-walked=\"5b668528-9596-4747-aa7d-1fbda2410136\" \/>Nav\u0161t\u00edvte vapingnet.de, aby ste si objednali ELF BOX Digital 12000 a zlep\u0161ili svoj z\u00e1\u017eitok z vapovania.<\/p>\n<p class=\"\" data-start=\"3281\" data-end=\"3725\" data-immersive-translate-walked=\"5b668528-9596-4747-aa7d-1fbda2410136\" data-immersive-translate-paragraph=\"1\">ELF BOX Digital 12000 je vynikaj\u00facou vo\u013ebou pre v\u0161etk\u00fdch vapovac\u00edch nad\u0161encov, ktor\u00ed h\u013eadaj\u00fa v\u00fdkonn\u00fa, pou\u017e\u00edvate\u013esky pr\u00edvetiv\u00fa a odoln\u00fa e-cigaretu. S dlhodobou \u017eivotnos\u0165ou, inovat\u00edvnou technol\u00f3giou a r\u00f4znymi mo\u017enos\u0165ami nikot\u00ednu je ide\u00e1lnym spolo\u010dn\u00edkom na ka\u017edodenn\u00e9 pou\u017eitie. Ak si \u017eel\u00e1te intenz\u00edvny, \u010derstv\u00fd z\u00e1\u017eitok z chuti, tento model je presne pre v\u00e1s.<\/p>","protected":false},"excerpt":{"rendered":"<p>Die ELF BOX Digital 12000 bietet eine herausragende Leistung und Benutzerfreundlichkeit f\u00fcr Dampfer, die auf der Suche nach einer langlebigen und leistungsstarken E-Zigarette sind. Im&#8230;<\/p>","protected":false},"featured_media":6374,"template":"","meta":[],"etheme_brands":[],"product_brand":[100],"product_cat":[88,49,61],"product_tag":[],"class_list":{"0":"post-6373","1":"product","2":"type-product","3":"status-publish","4":"has-post-thumbnail","6":"product_brand-elf-box-vape","7":"product_cat-12k-vape","8":"product_cat-einweg-e-zigarette","9":"product_cat-f","11":"first","12":"instock","13":"shipping-taxable","14":"purchasable","15":"product-type-simple"},"yoast_head":"<!-- This site is optimized with the Yoast SEO plugin v26.5 - https:\/\/yoast.com\/wordpress\/plugins\/seo\/ -->\n<title>Kiwi Passion Fruit Geschmack In Der ELF BOX Digital 12000 Langanhaltend | Vapingnet.de<\/title>\n<meta name=\"description\" content=\"Entdecke Kiwi Passion Fruit Geschmack In Der ELF BOX Digital 12000 Langanhaltend bei vapingnet.de, \u25ba Gro\u00dfe Auswahl an Geschmacksrichtungen &amp; super g\u00fcnstig!\" \/>\n<meta name=\"robots\" content=\"index, follow, max-snippet:-1, max-image-preview:large, max-video-preview:-1\" \/>\n<link rel=\"canonical\" href=\"https:\/\/vapingnet.de\/sk\/vape\/kiwi-passion-fruit-geschmack-in-der-elf-box-digital-12000-langanhaltend\/\" \/>\n<meta property=\"og:locale\" content=\"sk_SK\" \/>\n<meta property=\"og:type\" content=\"article\" \/>\n<meta property=\"og:title\" content=\"Kiwi Passion Fruit Geschmack In Der ELF BOX Digital 12000 Langanhaltend | Vapingnet.de\" \/>\n<meta property=\"og:description\" content=\"Entdecke Kiwi Passion Fruit Geschmack In Der ELF BOX Digital 12000 Langanhaltend bei vapingnet.de, \u25ba Gro\u00dfe Auswahl an Geschmacksrichtungen &amp; super g\u00fcnstig!\" \/>\n<meta property=\"og:url\" content=\"https:\/\/vapingnet.de\/sk\/vape\/kiwi-passion-fruit-geschmack-in-der-elf-box-digital-12000-langanhaltend\/\" \/>\n<meta property=\"og:site_name\" content=\"Vapingnet.de\" \/>\n<meta property=\"article:publisher\" content=\"https:\/\/www.facebook.com\/vapingnetde\/\" \/>\n<meta property=\"article:modified_time\" content=\"2025-06-19T03:42:58+00:00\" \/>\n<meta property=\"og:image\" content=\"https:\/\/vapingnet.de\/wp-content\/uploads\/2025\/04\/Kiwi-Passion-Fruit-1.webp\" \/>\n\t<meta property=\"og:image:width\" content=\"1000\" \/>\n\t<meta property=\"og:image:height\" content=\"1000\" \/>\n\t<meta property=\"og:image:type\" content=\"image\/webp\" \/>\n<meta name=\"twitter:card\" content=\"summary_large_image\" \/>\n<meta name=\"twitter:label1\" content=\"Est. reading time\" \/>\n\t<meta name=\"twitter:data1\" content=\"3 minutes\" \/>\n<script type=\"application\/ld+json\" class=\"yoast-schema-graph\">{\"@context\":\"https:\/\/schema.org\",\"@graph\":[{\"@type\":\"WebPage\",\"@id\":\"https:\/\/vapingnet.de\/vape\/kiwi-passion-fruit-geschmack-in-der-elf-box-digital-12000-langanhaltend\/\",\"url\":\"https:\/\/vapingnet.de\/vape\/kiwi-passion-fruit-geschmack-in-der-elf-box-digital-12000-langanhaltend\/\",\"name\":\"Kiwi Passion Fruit Geschmack In Der ELF BOX Digital 12000 Langanhaltend | Vapingnet.de\",\"isPartOf\":{\"@id\":\"https:\/\/vapingnet.de\/#website\"},\"primaryImageOfPage\":{\"@id\":\"https:\/\/vapingnet.de\/vape\/kiwi-passion-fruit-geschmack-in-der-elf-box-digital-12000-langanhaltend\/#primaryimage\"},\"image\":{\"@id\":\"https:\/\/vapingnet.de\/vape\/kiwi-passion-fruit-geschmack-in-der-elf-box-digital-12000-langanhaltend\/#primaryimage\"},\"thumbnailUrl\":\"https:\/\/vapingnet.de\/wp-content\/uploads\/2025\/04\/Kiwi-Passion-Fruit-1.webp\",\"datePublished\":\"2025-04-15T07:08:52+00:00\",\"dateModified\":\"2025-06-19T03:42:58+00:00\",\"description\":\"Entdecke Kiwi Passion Fruit Geschmack In Der ELF BOX Digital 12000 Langanhaltend bei vapingnet.de, \u25ba Gro\u00dfe Auswahl an Geschmacksrichtungen & super g\u00fcnstig!\",\"breadcrumb\":{\"@id\":\"https:\/\/vapingnet.de\/vape\/kiwi-passion-fruit-geschmack-in-der-elf-box-digital-12000-langanhaltend\/#breadcrumb\"},\"inLanguage\":\"sk-SK\",\"potentialAction\":[{\"@type\":\"ReadAction\",\"target\":[\"https:\/\/vapingnet.de\/vape\/kiwi-passion-fruit-geschmack-in-der-elf-box-digital-12000-langanhaltend\/\"]}]},{\"@type\":\"ImageObject\",\"inLanguage\":\"sk-SK\",\"@id\":\"https:\/\/vapingnet.de\/vape\/kiwi-passion-fruit-geschmack-in-der-elf-box-digital-12000-langanhaltend\/#primaryimage\",\"url\":\"https:\/\/vapingnet.de\/wp-content\/uploads\/2025\/04\/Kiwi-Passion-Fruit-1.webp\",\"contentUrl\":\"https:\/\/vapingnet.de\/wp-content\/uploads\/2025\/04\/Kiwi-Passion-Fruit-1.webp\",\"width\":1000,\"height\":1000},{\"@type\":\"BreadcrumbList\",\"@id\":\"https:\/\/vapingnet.de\/vape\/kiwi-passion-fruit-geschmack-in-der-elf-box-digital-12000-langanhaltend\/#breadcrumb\",\"itemListElement\":[{\"@type\":\"ListItem\",\"position\":1,\"name\":\"Home\",\"item\":\"https:\/\/vapingnet.de\/\"},{\"@type\":\"ListItem\",\"position\":2,\"name\":\"Shop\",\"item\":\"https:\/\/vapingnet.de\/vape\/\"},{\"@type\":\"ListItem\",\"position\":3,\"name\":\"Kiwi Passion Fruit Geschmack In Der ELF BOX Digital 12000 Langanhaltend\"}]},{\"@type\":\"WebSite\",\"@id\":\"https:\/\/vapingnet.de\/#website\",\"url\":\"https:\/\/vapingnet.de\/\",\"name\":\"Vapingnet.de\",\"description\":\"\",\"publisher\":{\"@id\":\"https:\/\/vapingnet.de\/#organization\"},\"potentialAction\":[{\"@type\":\"SearchAction\",\"target\":{\"@type\":\"EntryPoint\",\"urlTemplate\":\"https:\/\/vapingnet.de\/?s={search_term_string}\"},\"query-input\":{\"@type\":\"PropertyValueSpecification\",\"valueRequired\":true,\"valueName\":\"search_term_string\"}}],\"inLanguage\":\"sk-SK\"},{\"@type\":\"Organization\",\"@id\":\"https:\/\/vapingnet.de\/#organization\",\"name\":\"Vapingnet.de\",\"url\":\"https:\/\/vapingnet.de\/\",\"logo\":{\"@type\":\"ImageObject\",\"inLanguage\":\"sk-SK\",\"@id\":\"https:\/\/vapingnet.de\/#\/schema\/logo\/image\/\",\"url\":\"https:\/\/vapingnet.de\/wp-content\/uploads\/2025\/03\/cropped-vapingnet.de_.jpg\",\"contentUrl\":\"https:\/\/vapingnet.de\/wp-content\/uploads\/2025\/03\/cropped-vapingnet.de_.jpg\",\"width\":512,\"height\":512,\"caption\":\"Vapingnet.de\"},\"image\":{\"@id\":\"https:\/\/vapingnet.de\/#\/schema\/logo\/image\/\"},\"sameAs\":[\"https:\/\/www.facebook.com\/vapingnetde\/\"]}]}<\/script>\n<!-- \/ Yoast SEO plugin. -->","yoast_head_json":{"title":"Kiwi Passion Fruit Geschmack In Der ELF BOX Digital 12000 Langanhaltend | Vapingnet.de","description":"Entdecke Kiwi Passion Fruit Geschmack In Der ELF BOX Digital 12000 Langanhaltend bei vapingnet.de, \u25ba Gro\u00dfe Auswahl an Geschmacksrichtungen & super g\u00fcnstig!","robots":{"index":"index","follow":"follow","max-snippet":"max-snippet:-1","max-image-preview":"max-image-preview:large","max-video-preview":"max-video-preview:-1"},"canonical":"https:\/\/vapingnet.de\/sk\/vape\/kiwi-passion-fruit-geschmack-in-der-elf-box-digital-12000-langanhaltend\/","og_locale":"sk_SK","og_type":"article","og_title":"Kiwi Passion Fruit Geschmack In Der ELF BOX Digital 12000 Langanhaltend | Vapingnet.de","og_description":"Entdecke Kiwi Passion Fruit Geschmack In Der ELF BOX Digital 12000 Langanhaltend bei vapingnet.de, \u25ba Gro\u00dfe Auswahl an Geschmacksrichtungen & super g\u00fcnstig!","og_url":"https:\/\/vapingnet.de\/sk\/vape\/kiwi-passion-fruit-geschmack-in-der-elf-box-digital-12000-langanhaltend\/","og_site_name":"Vapingnet.de","article_publisher":"https:\/\/www.facebook.com\/vapingnetde\/","article_modified_time":"2025-06-19T03:42:58+00:00","og_image":[{"width":1000,"height":1000,"url":"https:\/\/vapingnet.de\/wp-content\/uploads\/2025\/04\/Kiwi-Passion-Fruit-1.webp","type":"image\/webp"}],"twitter_card":"summary_large_image","twitter_misc":{"Est. reading time":"3 minutes"},"schema":{"@context":"https:\/\/schema.org","@graph":[{"@type":"WebPage","@id":"https:\/\/vapingnet.de\/vape\/kiwi-passion-fruit-geschmack-in-der-elf-box-digital-12000-langanhaltend\/","url":"https:\/\/vapingnet.de\/vape\/kiwi-passion-fruit-geschmack-in-der-elf-box-digital-12000-langanhaltend\/","name":"Kiwi Passion Fruit Geschmack In Der ELF BOX Digital 12000 Langanhaltend | Vapingnet.de","isPartOf":{"@id":"https:\/\/vapingnet.de\/#website"},"primaryImageOfPage":{"@id":"https:\/\/vapingnet.de\/vape\/kiwi-passion-fruit-geschmack-in-der-elf-box-digital-12000-langanhaltend\/#primaryimage"},"image":{"@id":"https:\/\/vapingnet.de\/vape\/kiwi-passion-fruit-geschmack-in-der-elf-box-digital-12000-langanhaltend\/#primaryimage"},"thumbnailUrl":"https:\/\/vapingnet.de\/wp-content\/uploads\/2025\/04\/Kiwi-Passion-Fruit-1.webp","datePublished":"2025-04-15T07:08:52+00:00","dateModified":"2025-06-19T03:42:58+00:00","description":"Entdecke Kiwi Passion Fruit Geschmack In Der ELF BOX Digital 12000 Langanhaltend bei vapingnet.de, \u25ba Gro\u00dfe Auswahl an Geschmacksrichtungen & super g\u00fcnstig!","breadcrumb":{"@id":"https:\/\/vapingnet.de\/vape\/kiwi-passion-fruit-geschmack-in-der-elf-box-digital-12000-langanhaltend\/#breadcrumb"},"inLanguage":"sk-SK","potentialAction":[{"@type":"ReadAction","target":["https:\/\/vapingnet.de\/vape\/kiwi-passion-fruit-geschmack-in-der-elf-box-digital-12000-langanhaltend\/"]}]},{"@type":"ImageObject","inLanguage":"sk-SK","@id":"https:\/\/vapingnet.de\/vape\/kiwi-passion-fruit-geschmack-in-der-elf-box-digital-12000-langanhaltend\/#primaryimage","url":"https:\/\/vapingnet.de\/wp-content\/uploads\/2025\/04\/Kiwi-Passion-Fruit-1.webp","contentUrl":"https:\/\/vapingnet.de\/wp-content\/uploads\/2025\/04\/Kiwi-Passion-Fruit-1.webp","width":1000,"height":1000},{"@type":"BreadcrumbList","@id":"https:\/\/vapingnet.de\/vape\/kiwi-passion-fruit-geschmack-in-der-elf-box-digital-12000-langanhaltend\/#breadcrumb","itemListElement":[{"@type":"ListItem","position":1,"name":"Home","item":"https:\/\/vapingnet.de\/"},{"@type":"ListItem","position":2,"name":"Shop","item":"https:\/\/vapingnet.de\/vape\/"},{"@type":"ListItem","position":3,"name":"Kiwi Passion Fruit Geschmack In Der ELF BOX Digital 12000 Langanhaltend"}]},{"@type":"WebSite","@id":"https:\/\/vapingnet.de\/#website","url":"https:\/\/vapingnet.de\/","name":"Vapingnet.de","description":"","publisher":{"@id":"https:\/\/vapingnet.de\/#organization"},"potentialAction":[{"@type":"SearchAction","target":{"@type":"EntryPoint","urlTemplate":"https:\/\/vapingnet.de\/?s={search_term_string}"},"query-input":{"@type":"PropertyValueSpecification","valueRequired":true,"valueName":"search_term_string"}}],"inLanguage":"sk-SK"},{"@type":"Organization","@id":"https:\/\/vapingnet.de\/#organization","name":"Vapingnet.de","url":"https:\/\/vapingnet.de\/","logo":{"@type":"ImageObject","inLanguage":"sk-SK","@id":"https:\/\/vapingnet.de\/#\/schema\/logo\/image\/","url":"https:\/\/vapingnet.de\/wp-content\/uploads\/2025\/03\/cropped-vapingnet.de_.jpg","contentUrl":"https:\/\/vapingnet.de\/wp-content\/uploads\/2025\/03\/cropped-vapingnet.de_.jpg","width":512,"height":512,"caption":"Vapingnet.de"},"image":{"@id":"https:\/\/vapingnet.de\/#\/schema\/logo\/image\/"},"sameAs":["https:\/\/www.facebook.com\/vapingnetde\/"]}]}},"tiered_pricing_type":"fixed","tiered_pricing_fixed_rules":{"10":"7.78","60":"7.00","110":"6.22","200":"5.45"},"tiered_pricing_product_settings":{"layout":"default","base_unit_name":{"singular":null,"plural":null},"default_variation":null},"tiered_pricing_minimum_quantity":null,"tiered_pricing_roles_data":[],"tiered_pricing_percentage_rules":[],"_links":{"self":[{"href":"https:\/\/vapingnet.de\/sk\/wp-json\/wp\/v2\/product\/6373","targetHints":{"allow":["GET"]}}],"collection":[{"href":"https:\/\/vapingnet.de\/sk\/wp-json\/wp\/v2\/product"}],"about":[{"href":"https:\/\/vapingnet.de\/sk\/wp-json\/wp\/v2\/types\/product"}],"version-history":[{"count":3,"href":"https:\/\/vapingnet.de\/sk\/wp-json\/wp\/v2\/product\/6373\/revisions"}],"predecessor-version":[{"id":6387,"href":"https:\/\/vapingnet.de\/sk\/wp-json\/wp\/v2\/product\/6373\/revisions\/6387"}],"wp:featuredmedia":[{"embeddable":true,"href":"https:\/\/vapingnet.de\/sk\/wp-json\/wp\/v2\/media\/6374"}],"wp:attachment":[{"href":"https:\/\/vapingnet.de\/sk\/wp-json\/wp\/v2\/media?parent=6373"}],"wp:term":[{"taxonomy":"brand","embeddable":true,"href":"https:\/\/vapingnet.de\/sk\/wp-json\/wp\/v2\/etheme_brands?post=6373"},{"taxonomy":"product_brand","embeddable":true,"href":"https:\/\/vapingnet.de\/sk\/wp-json\/wp\/v2\/product_brand?post=6373"},{"taxonomy":"product_cat","embeddable":true,"href":"https:\/\/vapingnet.de\/sk\/wp-json\/wp\/v2\/product_cat?post=6373"},{"taxonomy":"product_tag","embeddable":true,"href":"https:\/\/vapingnet.de\/sk\/wp-json\/wp\/v2\/product_tag?post=6373"}],"curies":[{"name":"wp","href":"https:\/\/api.w.org\/{rel}","templated":true}]}}