{"id":6376,"date":"2025-04-15T07:11:28","date_gmt":"2025-04-15T07:11:28","guid":{"rendered":"https:\/\/vapingnet.de\/?post_type=product&#038;p=6376"},"modified":"2025-06-19T03:42:57","modified_gmt":"2025-06-19T03:42:57","slug":"double-apple-geschmack-mit-elf-box-digital-12000-globale-beststeller","status":"publish","type":"product","link":"https:\/\/vapingnet.de\/sk\/vape\/double-apple-geschmack-mit-elf-box-digital-12000-globale-beststeller\/","title":{"rendered":"Dvojit\u00e1 chu\u0165 jablka s ELF BOX Digital 12000 Glob\u00e1lny hit"},"content":{"rendered":"<h2 data-start=\"0\" data-end=\"62\" data-immersive-translate-walked=\"c46dbc58-1a98-428d-b62b-ec891b96e74f\">ELF BOX Digital 12000 \u2013 Va\u0161a ultim\u00e1tna jednorazov\u00e1 e-cigareta<\/h2>\n<p class=\"\" data-start=\"64\" data-end=\"391\" data-immersive-translate-walked=\"c46dbc58-1a98-428d-b62b-ec891b96e74f\" data-immersive-translate-paragraph=\"1\">ELF BOX Digital 12000 pon\u00faka v\u00fdnimo\u010dn\u00fd z\u00e1\u017eitok z vapovania pre v\u0161etk\u00fdch, ktor\u00ed h\u013eadaj\u00fa spo\u013eahliv\u00fa, odoln\u00fa a pou\u017e\u00edvate\u013esky pr\u00edvetiv\u00fa jednorazov\u00fa e-cigaretu. S vysok\u00fdm po\u010dtom \u0165ahov, najmodernej\u0161ou technol\u00f3giou a intenz\u00edvnymi ar\u00f3mami je vynikaj\u00facou vo\u013ebou pre vapera v\u0161etk\u00fdch \u00farovn\u00ed sk\u00fasenost\u00ed.<\/p>\n<h4 data-start=\"393\" data-end=\"421\" data-immersive-translate-walked=\"c46dbc58-1a98-428d-b62b-ec891b96e74f\" data-immersive-translate-paragraph=\"1\">D\u00f4le\u017eit\u00e9 vlastnosti produktu<\/h4>\n<ul data-start=\"423\" data-end=\"1172\">\n<li class=\"\" data-start=\"423\" data-end=\"505\">\n<p class=\"\" data-start=\"425\" data-end=\"505\" data-immersive-translate-walked=\"c46dbc58-1a98-428d-b62b-ec891b96e74f\" data-immersive-translate-paragraph=\"1\">\u0164ahy: 12 000 \u0165ahov \u2013 pre dlhodob\u00e9 pou\u017e\u00edvanie bez \u010dast\u00e9ho dop\u013a\u0148ania<\/p>\n<\/li>\n<li class=\"\" data-start=\"506\" data-end=\"593\">\n<p class=\"\" data-start=\"508\" data-end=\"593\" data-immersive-translate-walked=\"c46dbc58-1a98-428d-b62b-ec891b96e74f\" data-immersive-translate-paragraph=\"1\">Cievka: Mesh cievka (0,8 Ohm) \u2013 pre rovnomern\u00e9 odparovanie a intenz\u00edvnu chu\u0165<\/p>\n<\/li>\n<li class=\"\" data-start=\"594\" data-end=\"659\">\n<p class=\"\" data-start=\"596\" data-end=\"659\" data-immersive-translate-walked=\"c46dbc58-1a98-428d-b62b-ec891b96e74f\" data-immersive-translate-paragraph=\"1\">E-liquid: 25 ml \u2013 dostato\u010dn\u00e9 na dlhodob\u00e9 pou\u017e\u00edvanie<\/p>\n<\/li>\n<li class=\"\" data-start=\"660\" data-end=\"748\">\n<p class=\"\" data-start=\"662\" data-end=\"748\" data-immersive-translate-walked=\"c46dbc58-1a98-428d-b62b-ec891b96e74f\" data-immersive-translate-paragraph=\"1\">Nikot\u00edn: dostupn\u00fd v 0%, 2%, 3% a 5% \u2013 pre individu\u00e1lne vapovanie pod\u013ea preferenci\u00ed<\/p>\n<\/li>\n<li class=\"\" data-start=\"749\" data-end=\"839\">\n<p class=\"\" data-start=\"751\" data-end=\"839\" data-immersive-translate-walked=\"c46dbc58-1a98-428d-b62b-ec891b96e74f\" data-immersive-translate-paragraph=\"1\">Bat\u00e9ria: 500 mAh \u2013 zabezpe\u010duje dlh\u00fa \u017eivotnos\u0165 a spo\u013eahliv\u00fd z\u00e1\u017eitok z vapovania<\/p>\n<\/li>\n<li class=\"\" data-start=\"840\" data-end=\"917\">\n<p class=\"\" data-start=\"842\" data-end=\"917\" data-immersive-translate-walked=\"c46dbc58-1a98-428d-b62b-ec891b96e74f\" data-immersive-translate-paragraph=\"1\">Technol\u00f3gia nab\u00edjania: USB-C \u2013 pre r\u00fdchle nab\u00edjanie a jednoduch\u00e9 ovl\u00e1danie<\/p>\n<\/li>\n<li class=\"\" data-start=\"918\" data-end=\"1035\">\n<p class=\"\" data-start=\"920\" data-end=\"1035\" data-immersive-translate-walked=\"c46dbc58-1a98-428d-b62b-ec891b96e74f\" data-immersive-translate-paragraph=\"1\">Digit\u00e1lny displej: Zobrazuje stav bat\u00e9rie a hladinu tekutiny \u2013 v\u017edy informovan\u00fd o aktu\u00e1lnom stave<\/p>\n<\/li>\n<li class=\"\" data-start=\"1036\" data-end=\"1084\">\n<p class=\"\" data-start=\"1038\" data-end=\"1084\" data-immersive-translate-walked=\"c46dbc58-1a98-428d-b62b-ec891b96e74f\" data-immersive-translate-paragraph=\"1\">Hmotnos\u0165 produktu: 82 g \u2013 \u013eahk\u00e9 a kompaktn\u00e9<\/p>\n<\/li>\n<li class=\"\" data-start=\"1085\" data-end=\"1172\">\n<p class=\"\" data-start=\"1087\" data-end=\"1172\" data-immersive-translate-walked=\"c46dbc58-1a98-428d-b62b-ec891b96e74f\" data-immersive-translate-paragraph=\"1\">Chu\u0165: Double Apple \u2013 ovocn\u00e1 poch\u00fa\u0165ka, ktor\u00e1 v\u00e1s nadchne pri ka\u017edom \u0165ahu<\/p>\n<\/li>\n<\/ul>\n<h3>V\u00fdhody ELF BOX Digital 12000<\/h3>\n<ul data-start=\"1214\" data-end=\"1808\">\n<li class=\"\" data-start=\"1214\" data-end=\"1378\">\n<p class=\"\" data-start=\"1216\" data-end=\"1378\" data-immersive-translate-walked=\"c46dbc58-1a98-428d-b62b-ec891b96e74f\" data-immersive-translate-paragraph=\"1\">Odolnos\u0165: S 12 000 \u0165ahmi je ELF BOX Digital 12000 ide\u00e1lny na ka\u017edodenn\u00e9 pou\u017eitie a pon\u00faka dlh\u00fa \u017eivotnos\u0165 bez \u010dast\u00e9ho dop\u013a\u0148ania.<\/p>\n<\/li>\n<li class=\"\" data-start=\"1379\" data-end=\"1548\">\n<p class=\"\" data-start=\"1381\" data-end=\"1548\" data-immersive-translate-walked=\"c46dbc58-1a98-428d-b62b-ec891b96e74f\" data-immersive-translate-paragraph=\"1\">Pou\u017e\u00edvate\u013esky pr\u00edvetiv\u00fd: V\u010faka digit\u00e1lnemu displeju a jednoduch\u00e9mu USB-C nab\u00edjaniu m\u00e1te v\u017edy kontrolu nad stavom bat\u00e9rie a mno\u017estvom tekutiny.<\/p>\n<\/li>\n<li class=\"\" data-start=\"1549\" data-end=\"1711\">\n<p class=\"\" data-start=\"1551\" data-end=\"1711\" data-immersive-translate-walked=\"c46dbc58-1a98-428d-b62b-ec891b96e74f\" data-immersive-translate-paragraph=\"1\">Vysokokvalitn\u00e9 odparovanie: Mesh cievka zabezpe\u010duje rovnomern\u00e9 odparovanie a intenz\u00edvnu chu\u0165, \u010do rob\u00ed vapovanie skuto\u010dn\u00fdm p\u00f4\u017eitkom.<\/p>\n<\/li>\n<li class=\"\" data-start=\"1712\" data-end=\"1808\">\n<p class=\"\" data-start=\"1714\" data-end=\"1808\" data-immersive-translate-walked=\"c46dbc58-1a98-428d-b62b-ec891b96e74f\" data-immersive-translate-paragraph=\"1\">Bez cla: Vyu\u017eite bezcoln\u00fa dopravu a nakupujte bez probl\u00e9mov po celom svete.<\/p>\n<\/li>\n<\/ul>\n<h4 data-start=\"1810\" data-end=\"1847\" data-immersive-translate-walked=\"c46dbc58-1a98-428d-b62b-ec891b96e74f\" data-immersive-translate-paragraph=\"1\">Z\u00e1\u017eitok z chuti \u2013 Double Apple<\/h4>\n<p class=\"\" data-start=\"1849\" data-end=\"2073\" data-immersive-translate-walked=\"c46dbc58-1a98-428d-b62b-ec891b96e74f\" data-immersive-translate-paragraph=\"1\">Chu\u0165 Double Apple je dokonalou zmesou sladk\u00fdch a \u010derstv\u00fdch jablkov\u00fdch ar\u00f3m, ktor\u00e9 spolo\u010dne pon\u00fakaj\u00fa intenz\u00edvny, ale vyv\u00e1\u017een\u00fd z\u00e1\u017eitok z vapovania. Ide\u00e1lne pre vapera, ktor\u00ed miluj\u00fa ovocn\u00e9, osvie\u017euj\u00face ar\u00f3my.<\/p>\n<h4 data-start=\"2075\" data-end=\"2111\" data-immersive-translate-walked=\"c46dbc58-1a98-428d-b62b-ec891b96e74f\" data-immersive-translate-paragraph=\"1\">Inform\u00e1cie o dodan\u00ed a doprave<\/h4>\n<ul data-start=\"2113\" data-end=\"2450\">\n<li class=\"\" data-start=\"2113\" data-end=\"2203\">\n<p class=\"\" data-start=\"2115\" data-end=\"2203\" data-immersive-translate-walked=\"c46dbc58-1a98-428d-b62b-ec891b96e74f\" data-immersive-translate-paragraph=\"1\">Webov\u00e1 str\u00e1nka: ELF BOX Digital 12000 je exkluz\u00edvne dostupn\u00e1 na vapingnet.de.<\/p>\n<\/li>\n<li class=\"\" data-start=\"2204\" data-end=\"2343\">\n<p class=\"\" data-start=\"2206\" data-end=\"2343\" data-immersive-translate-walked=\"c46dbc58-1a98-428d-b62b-ec891b96e74f\" data-immersive-translate-paragraph=\"1\">Doprava: Odoslanie prebehne do 7-15 pracovn\u00fdch dn\u00ed, tak\u017ee si r\u00fdchlo m\u00f4\u017eete vychutna\u0165 svoju nov\u00fa e-cigaretu.<\/p>\n<\/li>\n<li class=\"\" data-start=\"2344\" data-end=\"2450\">\n<p class=\"\" data-start=\"2346\" data-end=\"2450\" data-immersive-translate-walked=\"c46dbc58-1a98-428d-b62b-ec891b96e74f\" data-immersive-translate-paragraph=\"1\">V\u00fdhoda: Doprava je bez cla, \u010do u\u013eah\u010duje medzin\u00e1rodn\u00fd n\u00e1kup pre v\u0161etk\u00fdch z\u00e1kazn\u00edkov.<\/p>\n<\/li>\n<\/ul>\n<p class=\"\" data-start=\"2463\" data-end=\"2948\" data-immersive-translate-walked=\"c46dbc58-1a98-428d-b62b-ec891b96e74f\" data-immersive-translate-paragraph=\"1\">ELF BOX Digital 12000 je prvotriedna vo\u013eba pre vapery, ktor\u00ed klad\u00fa d\u00f4raz na dlh\u00fa \u017eivotnos\u0165, jednoduch\u00e9 ovl\u00e1danie a intenz\u00edvnu chu\u0165. S pokro\u010dilou technol\u00f3giou Mesh Coil, praktick\u00fdm digit\u00e1lnym displejom a skvel\u00fdm z\u00e1\u017eitkom z chuti je jednou z najlep\u0161\u00edch jednorazov\u00fdch e-cigariet na trhu. Nav\u0161t\u00edvte vapingnet.de, aby ste objavili svoju vlastn\u00fa ELF BOX Digital 12000 a posunuli vapovanie na \u010fal\u0161iu \u00farove\u0148.<\/p>","protected":false},"excerpt":{"rendered":"<p>ELF BOX Digital 12000 \u2013 Ihre ultimative Einweg-E-Zigarette Die ELF BOX Digital 12000 bietet ein au\u00dfergew\u00f6hnliches Dampferlebnis f\u00fcr alle, die auf der Suche nach einer&#8230;<\/p>","protected":false},"featured_media":6381,"template":"","meta":[],"etheme_brands":[],"product_brand":[100],"product_cat":[88,49,61],"product_tag":[],"class_list":{"0":"post-6376","1":"product","2":"type-product","3":"status-publish","4":"has-post-thumbnail","6":"product_brand-elf-box-vape","7":"product_cat-12k-vape","8":"product_cat-einweg-e-zigarette","9":"product_cat-f","11":"first","12":"instock","13":"shipping-taxable","14":"purchasable","15":"product-type-simple"},"yoast_head":"<!-- This site is optimized with the Yoast SEO plugin v26.5 - https:\/\/yoast.com\/wordpress\/plugins\/seo\/ -->\n<title>Double Apple Geschmack mit ELF BOX Digital 12000 Globale Beststeller | Vapingnet.de<\/title>\n<meta name=\"description\" content=\"Entdecke Double Apple Geschmack mit ELF BOX Digital 12000 Globale Beststeller bei vapingnet.de, \u25ba Gro\u00dfe Auswahl an Geschmacksrichtungen &amp; super g\u00fcnstig!\" \/>\n<meta name=\"robots\" content=\"index, follow, max-snippet:-1, max-image-preview:large, max-video-preview:-1\" \/>\n<link rel=\"canonical\" href=\"https:\/\/vapingnet.de\/sk\/vape\/double-apple-geschmack-mit-elf-box-digital-12000-globale-beststeller\/\" \/>\n<meta property=\"og:locale\" content=\"sk_SK\" \/>\n<meta property=\"og:type\" content=\"article\" \/>\n<meta property=\"og:title\" content=\"Double Apple Geschmack mit ELF BOX Digital 12000 Globale Beststeller | Vapingnet.de\" \/>\n<meta property=\"og:description\" content=\"Entdecke Double Apple Geschmack mit ELF BOX Digital 12000 Globale Beststeller bei vapingnet.de, \u25ba Gro\u00dfe Auswahl an Geschmacksrichtungen &amp; super g\u00fcnstig!\" \/>\n<meta property=\"og:url\" content=\"https:\/\/vapingnet.de\/sk\/vape\/double-apple-geschmack-mit-elf-box-digital-12000-globale-beststeller\/\" \/>\n<meta property=\"og:site_name\" content=\"Vapingnet.de\" \/>\n<meta property=\"article:publisher\" content=\"https:\/\/www.facebook.com\/vapingnetde\/\" \/>\n<meta property=\"article:modified_time\" content=\"2025-06-19T03:42:57+00:00\" \/>\n<meta property=\"og:image\" content=\"https:\/\/vapingnet.de\/wp-content\/uploads\/2025\/04\/Double-Apple.webp\" \/>\n\t<meta property=\"og:image:width\" content=\"1000\" \/>\n\t<meta property=\"og:image:height\" content=\"1000\" \/>\n\t<meta property=\"og:image:type\" content=\"image\/webp\" \/>\n<meta name=\"twitter:card\" content=\"summary_large_image\" \/>\n<meta name=\"twitter:label1\" content=\"Est. reading time\" \/>\n\t<meta name=\"twitter:data1\" content=\"3 minutes\" \/>\n<script type=\"application\/ld+json\" class=\"yoast-schema-graph\">{\"@context\":\"https:\/\/schema.org\",\"@graph\":[{\"@type\":\"WebPage\",\"@id\":\"https:\/\/vapingnet.de\/vape\/double-apple-geschmack-mit-elf-box-digital-12000-globale-beststeller\/\",\"url\":\"https:\/\/vapingnet.de\/vape\/double-apple-geschmack-mit-elf-box-digital-12000-globale-beststeller\/\",\"name\":\"Double Apple Geschmack mit ELF BOX Digital 12000 Globale Beststeller | Vapingnet.de\",\"isPartOf\":{\"@id\":\"https:\/\/vapingnet.de\/#website\"},\"primaryImageOfPage\":{\"@id\":\"https:\/\/vapingnet.de\/vape\/double-apple-geschmack-mit-elf-box-digital-12000-globale-beststeller\/#primaryimage\"},\"image\":{\"@id\":\"https:\/\/vapingnet.de\/vape\/double-apple-geschmack-mit-elf-box-digital-12000-globale-beststeller\/#primaryimage\"},\"thumbnailUrl\":\"https:\/\/vapingnet.de\/wp-content\/uploads\/2025\/04\/Double-Apple.webp\",\"datePublished\":\"2025-04-15T07:11:28+00:00\",\"dateModified\":\"2025-06-19T03:42:57+00:00\",\"description\":\"Entdecke Double Apple Geschmack mit ELF BOX Digital 12000 Globale Beststeller bei vapingnet.de, \u25ba Gro\u00dfe Auswahl an Geschmacksrichtungen & super g\u00fcnstig!\",\"breadcrumb\":{\"@id\":\"https:\/\/vapingnet.de\/vape\/double-apple-geschmack-mit-elf-box-digital-12000-globale-beststeller\/#breadcrumb\"},\"inLanguage\":\"sk-SK\",\"potentialAction\":[{\"@type\":\"ReadAction\",\"target\":[\"https:\/\/vapingnet.de\/vape\/double-apple-geschmack-mit-elf-box-digital-12000-globale-beststeller\/\"]}]},{\"@type\":\"ImageObject\",\"inLanguage\":\"sk-SK\",\"@id\":\"https:\/\/vapingnet.de\/vape\/double-apple-geschmack-mit-elf-box-digital-12000-globale-beststeller\/#primaryimage\",\"url\":\"https:\/\/vapingnet.de\/wp-content\/uploads\/2025\/04\/Double-Apple.webp\",\"contentUrl\":\"https:\/\/vapingnet.de\/wp-content\/uploads\/2025\/04\/Double-Apple.webp\",\"width\":1000,\"height\":1000},{\"@type\":\"BreadcrumbList\",\"@id\":\"https:\/\/vapingnet.de\/vape\/double-apple-geschmack-mit-elf-box-digital-12000-globale-beststeller\/#breadcrumb\",\"itemListElement\":[{\"@type\":\"ListItem\",\"position\":1,\"name\":\"Home\",\"item\":\"https:\/\/vapingnet.de\/\"},{\"@type\":\"ListItem\",\"position\":2,\"name\":\"Shop\",\"item\":\"https:\/\/vapingnet.de\/vape\/\"},{\"@type\":\"ListItem\",\"position\":3,\"name\":\"Double Apple Geschmack mit ELF BOX Digital 12000 Globale Beststeller\"}]},{\"@type\":\"WebSite\",\"@id\":\"https:\/\/vapingnet.de\/#website\",\"url\":\"https:\/\/vapingnet.de\/\",\"name\":\"Vapingnet.de\",\"description\":\"\",\"publisher\":{\"@id\":\"https:\/\/vapingnet.de\/#organization\"},\"potentialAction\":[{\"@type\":\"SearchAction\",\"target\":{\"@type\":\"EntryPoint\",\"urlTemplate\":\"https:\/\/vapingnet.de\/?s={search_term_string}\"},\"query-input\":{\"@type\":\"PropertyValueSpecification\",\"valueRequired\":true,\"valueName\":\"search_term_string\"}}],\"inLanguage\":\"sk-SK\"},{\"@type\":\"Organization\",\"@id\":\"https:\/\/vapingnet.de\/#organization\",\"name\":\"Vapingnet.de\",\"url\":\"https:\/\/vapingnet.de\/\",\"logo\":{\"@type\":\"ImageObject\",\"inLanguage\":\"sk-SK\",\"@id\":\"https:\/\/vapingnet.de\/#\/schema\/logo\/image\/\",\"url\":\"https:\/\/vapingnet.de\/wp-content\/uploads\/2025\/03\/cropped-vapingnet.de_.jpg\",\"contentUrl\":\"https:\/\/vapingnet.de\/wp-content\/uploads\/2025\/03\/cropped-vapingnet.de_.jpg\",\"width\":512,\"height\":512,\"caption\":\"Vapingnet.de\"},\"image\":{\"@id\":\"https:\/\/vapingnet.de\/#\/schema\/logo\/image\/\"},\"sameAs\":[\"https:\/\/www.facebook.com\/vapingnetde\/\"]}]}<\/script>\n<!-- \/ Yoast SEO plugin. -->","yoast_head_json":{"title":"Double Apple Geschmack mit ELF BOX Digital 12000 Globale Beststeller | Vapingnet.de","description":"Entdecke Double Apple Geschmack mit ELF BOX Digital 12000 Globale Beststeller bei vapingnet.de, \u25ba Gro\u00dfe Auswahl an Geschmacksrichtungen & super g\u00fcnstig!","robots":{"index":"index","follow":"follow","max-snippet":"max-snippet:-1","max-image-preview":"max-image-preview:large","max-video-preview":"max-video-preview:-1"},"canonical":"https:\/\/vapingnet.de\/sk\/vape\/double-apple-geschmack-mit-elf-box-digital-12000-globale-beststeller\/","og_locale":"sk_SK","og_type":"article","og_title":"Double Apple Geschmack mit ELF BOX Digital 12000 Globale Beststeller | Vapingnet.de","og_description":"Entdecke Double Apple Geschmack mit ELF BOX Digital 12000 Globale Beststeller bei vapingnet.de, \u25ba Gro\u00dfe Auswahl an Geschmacksrichtungen & super g\u00fcnstig!","og_url":"https:\/\/vapingnet.de\/sk\/vape\/double-apple-geschmack-mit-elf-box-digital-12000-globale-beststeller\/","og_site_name":"Vapingnet.de","article_publisher":"https:\/\/www.facebook.com\/vapingnetde\/","article_modified_time":"2025-06-19T03:42:57+00:00","og_image":[{"width":1000,"height":1000,"url":"https:\/\/vapingnet.de\/wp-content\/uploads\/2025\/04\/Double-Apple.webp","type":"image\/webp"}],"twitter_card":"summary_large_image","twitter_misc":{"Est. reading time":"3 minutes"},"schema":{"@context":"https:\/\/schema.org","@graph":[{"@type":"WebPage","@id":"https:\/\/vapingnet.de\/vape\/double-apple-geschmack-mit-elf-box-digital-12000-globale-beststeller\/","url":"https:\/\/vapingnet.de\/vape\/double-apple-geschmack-mit-elf-box-digital-12000-globale-beststeller\/","name":"Double Apple Geschmack mit ELF BOX Digital 12000 Globale Beststeller | Vapingnet.de","isPartOf":{"@id":"https:\/\/vapingnet.de\/#website"},"primaryImageOfPage":{"@id":"https:\/\/vapingnet.de\/vape\/double-apple-geschmack-mit-elf-box-digital-12000-globale-beststeller\/#primaryimage"},"image":{"@id":"https:\/\/vapingnet.de\/vape\/double-apple-geschmack-mit-elf-box-digital-12000-globale-beststeller\/#primaryimage"},"thumbnailUrl":"https:\/\/vapingnet.de\/wp-content\/uploads\/2025\/04\/Double-Apple.webp","datePublished":"2025-04-15T07:11:28+00:00","dateModified":"2025-06-19T03:42:57+00:00","description":"Entdecke Double Apple Geschmack mit ELF BOX Digital 12000 Globale Beststeller bei vapingnet.de, \u25ba Gro\u00dfe Auswahl an Geschmacksrichtungen & super g\u00fcnstig!","breadcrumb":{"@id":"https:\/\/vapingnet.de\/vape\/double-apple-geschmack-mit-elf-box-digital-12000-globale-beststeller\/#breadcrumb"},"inLanguage":"sk-SK","potentialAction":[{"@type":"ReadAction","target":["https:\/\/vapingnet.de\/vape\/double-apple-geschmack-mit-elf-box-digital-12000-globale-beststeller\/"]}]},{"@type":"ImageObject","inLanguage":"sk-SK","@id":"https:\/\/vapingnet.de\/vape\/double-apple-geschmack-mit-elf-box-digital-12000-globale-beststeller\/#primaryimage","url":"https:\/\/vapingnet.de\/wp-content\/uploads\/2025\/04\/Double-Apple.webp","contentUrl":"https:\/\/vapingnet.de\/wp-content\/uploads\/2025\/04\/Double-Apple.webp","width":1000,"height":1000},{"@type":"BreadcrumbList","@id":"https:\/\/vapingnet.de\/vape\/double-apple-geschmack-mit-elf-box-digital-12000-globale-beststeller\/#breadcrumb","itemListElement":[{"@type":"ListItem","position":1,"name":"Home","item":"https:\/\/vapingnet.de\/"},{"@type":"ListItem","position":2,"name":"Shop","item":"https:\/\/vapingnet.de\/vape\/"},{"@type":"ListItem","position":3,"name":"Double Apple Geschmack mit ELF BOX Digital 12000 Globale Beststeller"}]},{"@type":"WebSite","@id":"https:\/\/vapingnet.de\/#website","url":"https:\/\/vapingnet.de\/","name":"Vapingnet.de","description":"","publisher":{"@id":"https:\/\/vapingnet.de\/#organization"},"potentialAction":[{"@type":"SearchAction","target":{"@type":"EntryPoint","urlTemplate":"https:\/\/vapingnet.de\/?s={search_term_string}"},"query-input":{"@type":"PropertyValueSpecification","valueRequired":true,"valueName":"search_term_string"}}],"inLanguage":"sk-SK"},{"@type":"Organization","@id":"https:\/\/vapingnet.de\/#organization","name":"Vapingnet.de","url":"https:\/\/vapingnet.de\/","logo":{"@type":"ImageObject","inLanguage":"sk-SK","@id":"https:\/\/vapingnet.de\/#\/schema\/logo\/image\/","url":"https:\/\/vapingnet.de\/wp-content\/uploads\/2025\/03\/cropped-vapingnet.de_.jpg","contentUrl":"https:\/\/vapingnet.de\/wp-content\/uploads\/2025\/03\/cropped-vapingnet.de_.jpg","width":512,"height":512,"caption":"Vapingnet.de"},"image":{"@id":"https:\/\/vapingnet.de\/#\/schema\/logo\/image\/"},"sameAs":["https:\/\/www.facebook.com\/vapingnetde\/"]}]}},"tiered_pricing_type":"fixed","tiered_pricing_fixed_rules":{"10":"7.78","60":"7.00","110":"6.22","200":"5.45"},"tiered_pricing_product_settings":{"layout":"default","base_unit_name":{"singular":null,"plural":null},"default_variation":null},"tiered_pricing_minimum_quantity":null,"tiered_pricing_roles_data":[],"tiered_pricing_percentage_rules":[],"_links":{"self":[{"href":"https:\/\/vapingnet.de\/sk\/wp-json\/wp\/v2\/product\/6376","targetHints":{"allow":["GET"]}}],"collection":[{"href":"https:\/\/vapingnet.de\/sk\/wp-json\/wp\/v2\/product"}],"about":[{"href":"https:\/\/vapingnet.de\/sk\/wp-json\/wp\/v2\/types\/product"}],"version-history":[{"count":2,"href":"https:\/\/vapingnet.de\/sk\/wp-json\/wp\/v2\/product\/6376\/revisions"}],"predecessor-version":[{"id":6389,"href":"https:\/\/vapingnet.de\/sk\/wp-json\/wp\/v2\/product\/6376\/revisions\/6389"}],"wp:featuredmedia":[{"embeddable":true,"href":"https:\/\/vapingnet.de\/sk\/wp-json\/wp\/v2\/media\/6381"}],"wp:attachment":[{"href":"https:\/\/vapingnet.de\/sk\/wp-json\/wp\/v2\/media?parent=6376"}],"wp:term":[{"taxonomy":"brand","embeddable":true,"href":"https:\/\/vapingnet.de\/sk\/wp-json\/wp\/v2\/etheme_brands?post=6376"},{"taxonomy":"product_brand","embeddable":true,"href":"https:\/\/vapingnet.de\/sk\/wp-json\/wp\/v2\/product_brand?post=6376"},{"taxonomy":"product_cat","embeddable":true,"href":"https:\/\/vapingnet.de\/sk\/wp-json\/wp\/v2\/product_cat?post=6376"},{"taxonomy":"product_tag","embeddable":true,"href":"https:\/\/vapingnet.de\/sk\/wp-json\/wp\/v2\/product_tag?post=6376"}],"curies":[{"name":"wp","href":"https:\/\/api.w.org\/{rel}","templated":true}]}}