{"id":6377,"date":"2025-04-15T07:11:29","date_gmt":"2025-04-15T07:11:29","guid":{"rendered":"https:\/\/vapingnet.de\/?post_type=product&#038;p=6377"},"modified":"2025-06-19T03:42:57","modified_gmt":"2025-06-19T03:42:57","slug":"elf-box-digital-12000-erleben-sie-den-erfrischenden-watermelon-ice-geschmack","status":"publish","type":"product","link":"https:\/\/vapingnet.de\/sk\/vape\/elf-box-digital-12000-erleben-sie-den-erfrischenden-watermelon-ice-geschmack\/","title":{"rendered":"ELF BOX Digital 12000 Za\u017eite osvie\u017euj\u00facu chu\u0165 Watermelon Ice"},"content":{"rendered":"<p class=\"\" data-start=\"0\" data-end=\"371\" data-immersive-translate-paragraph=\"1\" data-immersive-translate-walked=\"b0e17a0a-9f10-41d1-9663-7925476ebcee\">ELF BOX Digital 12000 je pokro\u010dil\u00e1 jednorazov\u00e1 e-cigareta, ktor\u00e1 je ide\u00e1lna pre v\u0161etk\u00fdch vapera, ktor\u00ed klad\u00fa d\u00f4raz na v\u00fdkon aj pou\u017e\u00edvate\u013esk\u00fa pr\u00edvetivos\u0165. S najmodernej\u0161ou technol\u00f3giou, ve\u013ek\u00fdm objemom e-liquid a dlhodob\u00fdm z\u00e1\u017eitkom z chuti je t\u00e1to e-cigareta vynikaj\u00facou vo\u013ebou na ka\u017edodenn\u00e9 pou\u017eitie.<\/p>\n<h2 data-start=\"373\" data-end=\"418\" data-immersive-translate-walked=\"b0e17a0a-9f10-41d1-9663-7925476ebcee\" data-immersive-translate-paragraph=\"1\">Vlastnosti produktu ELF BOX Digital 12000<\/h2>\n<p class=\"\" data-start=\"420\" data-end=\"719\" data-immersive-translate-walked=\"b0e17a0a-9f10-41d1-9663-7925476ebcee\" data-immersive-translate-paragraph=\"1\">Po\u010det potiahnut\u00ed:<br data-start=\"429\" data-end=\"432\" data-immersive-translate-walked=\"b0e17a0a-9f10-41d1-9663-7925476ebcee\" \/>S kapacitou 12 000 potiahnut\u00ed pon\u00faka ELF BOX Digital 12000 p\u00f4sobiv\u00fa \u017eivotnos\u0165. T\u00e1to mno\u017estvo zabezpe\u010duje, \u017ee m\u00f4\u017eete e-cigaretu pou\u017e\u00edva\u0165 dlh\u0161\u00ed \u010das bez ob\u00e1v z \u010dast\u00e9ho dop\u013a\u0148ania alebo v\u00fdmeny.<\/p>\n<p class=\"\" data-start=\"721\" data-end=\"940\" data-immersive-translate-walked=\"b0e17a0a-9f10-41d1-9663-7925476ebcee\" data-immersive-translate-paragraph=\"1\">Cievka:<br data-start=\"730\" data-end=\"733\" data-immersive-translate-walked=\"b0e17a0a-9f10-41d1-9663-7925476ebcee\" \/>Mesh cievka s odporom 0,8 Ohm zabezpe\u010duje rovnomern\u00e9 odparovanie a vynikaj\u00facu chu\u0165ov\u00fa reprodukciu. V\u010faka tomu si m\u00f4\u017eete vychutn\u00e1va\u0165 st\u00e1le kvalitn\u00fd z\u00e1\u017eitok z parenia.<\/p>\n<p class=\"\" data-start=\"942\" data-end=\"1178\" data-immersive-translate-walked=\"b0e17a0a-9f10-41d1-9663-7925476ebcee\" data-immersive-translate-paragraph=\"1\">E-liquid:<br data-start=\"955\" data-end=\"958\" data-immersive-translate-walked=\"b0e17a0a-9f10-41d1-9663-7925476ebcee\" \/>S kapacitou 25 ml e-liquidu je t\u00e1to e-cigareta ur\u010den\u00e1 na dlhodob\u00e9 pou\u017e\u00edvanie, tak\u017ee nemus\u00edte neust\u00e1le h\u013eada\u0165 n\u00e1hradn\u00e9 z\u00e1soby. Ide\u00e1lna pre vapera, ktor\u00fd preferuje dlh\u00fa v\u00fddr\u017e pary.<\/p>\n<p class=\"\" data-start=\"1180\" data-end=\"1404\" data-immersive-translate-walked=\"b0e17a0a-9f10-41d1-9663-7925476ebcee\" data-immersive-translate-paragraph=\"1\">Nikot\u00edn:<br data-start=\"1192\" data-end=\"1195\" data-immersive-translate-walked=\"b0e17a0a-9f10-41d1-9663-7925476ebcee\" \/>ELF BOX Digital 12000 je dostupn\u00e1 v r\u00f4znych nikot\u00ednov\u00fdch sil\u00e1ch, vr\u00e1tane 0%, 2%, 3% a 5%. Tak si m\u00f4\u017eete vybra\u0165 vhodn\u00fa nikot\u00ednov\u00fa silu a prisp\u00f4sobi\u0165 si z\u00e1\u017eitok z vapovania pod\u013ea seba.<\/p>\n<p class=\"\" data-start=\"1406\" data-end=\"1622\" data-immersive-translate-walked=\"b0e17a0a-9f10-41d1-9663-7925476ebcee\" data-immersive-translate-paragraph=\"1\">Bat\u00e9ria:<br data-start=\"1415\" data-end=\"1418\" data-immersive-translate-walked=\"b0e17a0a-9f10-41d1-9663-7925476ebcee\" \/>Bat\u00e9ria s kapacitou 500 mAh zabezpe\u010duje dostatok energie na dlh\u00e9 pou\u017e\u00edvanie. Bat\u00e9riu je mo\u017en\u00e9 jednoducho nab\u00edja\u0165 cez USB-C, \u010do poskytuje r\u00fdchle a pohodln\u00e9 nab\u00edjanie.<\/p>\n<p class=\"\" data-start=\"1624\" data-end=\"1889\" data-immersive-translate-walked=\"b0e17a0a-9f10-41d1-9663-7925476ebcee\" data-immersive-translate-paragraph=\"1\">Digit\u00e1lny displej:<br data-start=\"1645\" data-end=\"1648\" data-immersive-translate-walked=\"b0e17a0a-9f10-41d1-9663-7925476ebcee\" \/>Digit\u00e1lny displej zobrazuje nielen stav bat\u00e9rie, ale aj hladinu tekutiny, tak\u017ee v\u017edy viete, ko\u013eko energie a tekutiny je e\u0161te k dispoz\u00edcii. To zabezpe\u010duje bezstresov\u00e9 pou\u017e\u00edvanie a poskytuje v\u00e1m potrebn\u00fa istotu.<\/p>\n<p class=\"\" data-start=\"1891\" data-end=\"2056\" data-immersive-translate-walked=\"b0e17a0a-9f10-41d1-9663-7925476ebcee\" data-immersive-translate-paragraph=\"1\">Hmotnos\u0165:<br data-start=\"1903\" data-end=\"1906\" data-immersive-translate-walked=\"b0e17a0a-9f10-41d1-9663-7925476ebcee\" \/>S hmotnos\u0165ou len 82 g je ELF BOX Digital 12000 \u013eahk\u00e1 a kompaktn\u00e1. Je pohodln\u00e1 na pren\u00e1\u0161anie a ide\u00e1lna na cesty.<\/p>\n<h4 data-start=\"2058\" data-end=\"2097\" data-immersive-translate-walked=\"b0e17a0a-9f10-41d1-9663-7925476ebcee\" data-immersive-translate-paragraph=\"1\">Z\u00e1\u017eitok z chuti \u2013 Watermelon Ice<\/h4>\n<p class=\"\" data-start=\"2099\" data-end=\"2344\" data-immersive-translate-walked=\"b0e17a0a-9f10-41d1-9663-7925476ebcee\" data-immersive-translate-paragraph=\"1\">Chu\u0165 Watermelon Ice pon\u00faka osvie\u017euj\u00facu kombin\u00e1ciu sladkej vodnej mel\u00f3nu a chladiv\u00e9ho mentolov\u00e9ho z\u00e1veru. Chu\u0165 je intenz\u00edvna a poskytuje osvie\u017euj\u00faci z\u00e1\u017eitok z parenia, ktor\u00fd je ide\u00e1lny na leto.<\/p>\n<h2 data-start=\"2346\" data-end=\"2384\" data-immersive-translate-walked=\"b0e17a0a-9f10-41d1-9663-7925476ebcee\" data-immersive-translate-paragraph=\"1\">V\u00fdhody ELF BOX Digital 12000<\/h2>\n<ul data-start=\"2386\" data-end=\"2889\">\n<li class=\"\" data-start=\"2386\" data-end=\"2548\">\n<p class=\"\" data-start=\"2388\" data-end=\"2548\" data-immersive-translate-walked=\"b0e17a0a-9f10-41d1-9663-7925476ebcee\" data-immersive-translate-paragraph=\"1\">Dlh\u00e1 \u017eivotnos\u0165: S 12 000 potiahnutiami a 25 ml e-liquidu je t\u00e1to jednorazov\u00e1 e-cigareta mimoriadne odoln\u00e1. Nemus\u00edte sa neust\u00e1le stara\u0165 o dop\u013a\u0148anie z\u00e1sob.<\/p>\n<\/li>\n<li class=\"\" data-start=\"2549\" data-end=\"2685\">\n<p class=\"\" data-start=\"2551\" data-end=\"2685\" data-immersive-translate-walked=\"b0e17a0a-9f10-41d1-9663-7925476ebcee\" data-immersive-translate-paragraph=\"1\">Prvotriedne odparovanie: Mesh cievka zabezpe\u010duje rovnomern\u00e9 odparovanie, ktor\u00e9 optimalizuje chu\u0165ov\u00fd z\u00e1\u017eitok.<\/p>\n<\/li>\n<li class=\"\" data-start=\"2686\" data-end=\"2780\">\n<p class=\"\" data-start=\"2688\" data-end=\"2780\" data-immersive-translate-walked=\"b0e17a0a-9f10-41d1-9663-7925476ebcee\">Jednoduch\u00e9 nab\u00edjanie: V\u010faka funkcii nab\u00edjania USB-C je nab\u00edjanie r\u00fdchle a pohodln\u00e9.<\/p>\n<\/li>\n<li class=\"\" data-start=\"2781\" data-end=\"2889\">\n<p class=\"\" data-start=\"2783\" data-end=\"2889\" data-immersive-translate-walked=\"b0e17a0a-9f10-41d1-9663-7925476ebcee\">Coln\u00e1 vo\u013enos\u0165: Doprava je bez cla, \u010do rob\u00ed medzin\u00e1rodn\u00fd n\u00e1kup obzvl\u00e1\u0161\u0165 atrakt\u00edvnym.<\/p>\n<\/li>\n<\/ul>\n<h4 data-start=\"2891\" data-end=\"2921\" data-immersive-translate-walked=\"b0e17a0a-9f10-41d1-9663-7925476ebcee\">Detaily doru\u010denia a odoslania<\/h4>\n<ul data-start=\"2923\" data-end=\"3261\">\n<li class=\"\" data-start=\"2923\" data-end=\"3016\">\n<p class=\"\" data-start=\"2925\" data-end=\"3016\" data-immersive-translate-walked=\"b0e17a0a-9f10-41d1-9663-7925476ebcee\">Webov\u00e1 str\u00e1nka: Nav\u0161t\u00edvte vapingnet.de, aby ste si objednali svoju ELF BOX Digital 12000.<\/p>\n<\/li>\n<li class=\"\" data-start=\"3017\" data-end=\"3147\">\n<p class=\"\" data-start=\"3019\" data-end=\"3147\" data-immersive-translate-walked=\"b0e17a0a-9f10-41d1-9663-7925476ebcee\">Doba doru\u010denia: Doba odoslania je medzi 7-15 pracovn\u00fdmi d\u0148ami, tak\u017ee nebudete musie\u0165 dlho \u010daka\u0165 na svoju objedn\u00e1vku.<\/p>\n<\/li>\n<li class=\"\" data-start=\"3148\" data-end=\"3261\">\n<p class=\"\" data-start=\"3150\" data-end=\"3261\" data-immersive-translate-walked=\"b0e17a0a-9f10-41d1-9663-7925476ebcee\">V\u00fdhoda: Doprava bez cla u\u013eah\u010duje medzin\u00e1rodn\u00fd n\u00e1kup a \u0161etr\u00ed v\u00e1m \u010fal\u0161ie n\u00e1klady.<\/p>\n<\/li>\n<\/ul>\n<h4>Pre\u010do je ELF BOX Digital 12000 pre v\u00e1s tou spr\u00e1vnou vo\u013ebou<\/h4>\n<p class=\"\" data-start=\"3274\" data-end=\"3809\" data-immersive-translate-walked=\"b0e17a0a-9f10-41d1-9663-7925476ebcee\">ELF BOX Digital 12000 je \u0161pi\u010dkov\u00e1 jednorazov\u00e1 e-cigareta, ktor\u00e1 v\u00e1s presved\u010d\u00ed svojou vysokou kapacitou, dlhou \u017eivotnos\u0165ou a intenz\u00edvnou chu\u0165ou. Varianta Watermelon Ice je obzvl\u00e1\u0161\u0165 osvie\u017euj\u00faca a pon\u00faka chladn\u00fd z\u00e1\u017eitok z vapovania. V\u010faka praktick\u00e9mu digit\u00e1lnemu displeju a jednoduch\u00e9mu nab\u00edjaniu je t\u00e1to e-cigareta tie\u017e ve\u013emi pou\u017e\u00edvate\u013esky pr\u00edvetiv\u00e1. Ak h\u013ead\u00e1te spo\u013eahliv\u00fa a v\u00fdkonn\u00fa e-cigaretu, ELF BOX Digital 12000 je ur\u010dite spr\u00e1vnou vo\u013ebou pre v\u00e1s.<\/p>","protected":false},"excerpt":{"rendered":"<p>Die ELF BOX Digital 12000 ist eine fortschrittliche Einweg-E-Zigarette, die ideal f\u00fcr alle Dampfer ist, die sowohl auf Leistung als auch auf Benutzerfreundlichkeit Wert legen&#8230;.<\/p>","protected":false},"featured_media":6382,"template":"","meta":[],"etheme_brands":[],"product_brand":[100],"product_cat":[88,49,61],"product_tag":[],"class_list":{"0":"post-6377","1":"product","2":"type-product","3":"status-publish","4":"has-post-thumbnail","6":"product_brand-elf-box-vape","7":"product_cat-12k-vape","8":"product_cat-einweg-e-zigarette","9":"product_cat-f","11":"first","12":"instock","13":"shipping-taxable","14":"purchasable","15":"product-type-simple"},"yoast_head":"<!-- This site is optimized with the Yoast SEO plugin v26.5 - https:\/\/yoast.com\/wordpress\/plugins\/seo\/ -->\n<title>ELF BOX Digital 12000 Erleben Sie Den Erfrischenden Watermelon Ice Geschmack | Vapingnet.de<\/title>\n<meta name=\"description\" content=\"Entdecke ELF BOX Digital 12000 Erleben Sie Den Erfrischenden Watermelon Ice Geschmack bei vapingnet.de, \u25ba Gro\u00dfe Auswahl an Geschmacksrichtungen &amp; super g\u00fcnstig!\" \/>\n<meta name=\"robots\" content=\"index, follow, max-snippet:-1, max-image-preview:large, max-video-preview:-1\" \/>\n<link rel=\"canonical\" href=\"https:\/\/vapingnet.de\/sk\/vape\/elf-box-digital-12000-erleben-sie-den-erfrischenden-watermelon-ice-geschmack\/\" \/>\n<meta property=\"og:locale\" content=\"sk_SK\" \/>\n<meta property=\"og:type\" content=\"article\" \/>\n<meta property=\"og:title\" content=\"ELF BOX Digital 12000 Erleben Sie Den Erfrischenden Watermelon Ice Geschmack | Vapingnet.de\" \/>\n<meta property=\"og:description\" content=\"Entdecke ELF BOX Digital 12000 Erleben Sie Den Erfrischenden Watermelon Ice Geschmack bei vapingnet.de, \u25ba Gro\u00dfe Auswahl an Geschmacksrichtungen &amp; super g\u00fcnstig!\" \/>\n<meta property=\"og:url\" content=\"https:\/\/vapingnet.de\/sk\/vape\/elf-box-digital-12000-erleben-sie-den-erfrischenden-watermelon-ice-geschmack\/\" \/>\n<meta property=\"og:site_name\" content=\"Vapingnet.de\" \/>\n<meta property=\"article:publisher\" content=\"https:\/\/www.facebook.com\/vapingnetde\/\" \/>\n<meta property=\"article:modified_time\" content=\"2025-06-19T03:42:57+00:00\" \/>\n<meta property=\"og:image\" content=\"https:\/\/vapingnet.de\/wp-content\/uploads\/2025\/04\/Watermelon-ice.webp\" \/>\n\t<meta property=\"og:image:width\" content=\"1000\" \/>\n\t<meta property=\"og:image:height\" content=\"1000\" \/>\n\t<meta property=\"og:image:type\" content=\"image\/webp\" \/>\n<meta name=\"twitter:card\" content=\"summary_large_image\" \/>\n<meta name=\"twitter:label1\" content=\"Est. reading time\" \/>\n\t<meta name=\"twitter:data1\" content=\"4 minutes\" \/>\n<script type=\"application\/ld+json\" class=\"yoast-schema-graph\">{\"@context\":\"https:\/\/schema.org\",\"@graph\":[{\"@type\":\"WebPage\",\"@id\":\"https:\/\/vapingnet.de\/vape\/elf-box-digital-12000-erleben-sie-den-erfrischenden-watermelon-ice-geschmack\/\",\"url\":\"https:\/\/vapingnet.de\/vape\/elf-box-digital-12000-erleben-sie-den-erfrischenden-watermelon-ice-geschmack\/\",\"name\":\"ELF BOX Digital 12000 Erleben Sie Den Erfrischenden Watermelon Ice Geschmack | Vapingnet.de\",\"isPartOf\":{\"@id\":\"https:\/\/vapingnet.de\/#website\"},\"primaryImageOfPage\":{\"@id\":\"https:\/\/vapingnet.de\/vape\/elf-box-digital-12000-erleben-sie-den-erfrischenden-watermelon-ice-geschmack\/#primaryimage\"},\"image\":{\"@id\":\"https:\/\/vapingnet.de\/vape\/elf-box-digital-12000-erleben-sie-den-erfrischenden-watermelon-ice-geschmack\/#primaryimage\"},\"thumbnailUrl\":\"https:\/\/vapingnet.de\/wp-content\/uploads\/2025\/04\/Watermelon-ice.webp\",\"datePublished\":\"2025-04-15T07:11:29+00:00\",\"dateModified\":\"2025-06-19T03:42:57+00:00\",\"description\":\"Entdecke ELF BOX Digital 12000 Erleben Sie Den Erfrischenden Watermelon Ice Geschmack bei vapingnet.de, \u25ba Gro\u00dfe Auswahl an Geschmacksrichtungen & super g\u00fcnstig!\",\"breadcrumb\":{\"@id\":\"https:\/\/vapingnet.de\/vape\/elf-box-digital-12000-erleben-sie-den-erfrischenden-watermelon-ice-geschmack\/#breadcrumb\"},\"inLanguage\":\"sk-SK\",\"potentialAction\":[{\"@type\":\"ReadAction\",\"target\":[\"https:\/\/vapingnet.de\/vape\/elf-box-digital-12000-erleben-sie-den-erfrischenden-watermelon-ice-geschmack\/\"]}]},{\"@type\":\"ImageObject\",\"inLanguage\":\"sk-SK\",\"@id\":\"https:\/\/vapingnet.de\/vape\/elf-box-digital-12000-erleben-sie-den-erfrischenden-watermelon-ice-geschmack\/#primaryimage\",\"url\":\"https:\/\/vapingnet.de\/wp-content\/uploads\/2025\/04\/Watermelon-ice.webp\",\"contentUrl\":\"https:\/\/vapingnet.de\/wp-content\/uploads\/2025\/04\/Watermelon-ice.webp\",\"width\":1000,\"height\":1000},{\"@type\":\"BreadcrumbList\",\"@id\":\"https:\/\/vapingnet.de\/vape\/elf-box-digital-12000-erleben-sie-den-erfrischenden-watermelon-ice-geschmack\/#breadcrumb\",\"itemListElement\":[{\"@type\":\"ListItem\",\"position\":1,\"name\":\"Home\",\"item\":\"https:\/\/vapingnet.de\/\"},{\"@type\":\"ListItem\",\"position\":2,\"name\":\"Shop\",\"item\":\"https:\/\/vapingnet.de\/vape\/\"},{\"@type\":\"ListItem\",\"position\":3,\"name\":\"ELF BOX Digital 12000 Erleben Sie Den Erfrischenden Watermelon Ice Geschmack\"}]},{\"@type\":\"WebSite\",\"@id\":\"https:\/\/vapingnet.de\/#website\",\"url\":\"https:\/\/vapingnet.de\/\",\"name\":\"Vapingnet.de\",\"description\":\"\",\"publisher\":{\"@id\":\"https:\/\/vapingnet.de\/#organization\"},\"potentialAction\":[{\"@type\":\"SearchAction\",\"target\":{\"@type\":\"EntryPoint\",\"urlTemplate\":\"https:\/\/vapingnet.de\/?s={search_term_string}\"},\"query-input\":{\"@type\":\"PropertyValueSpecification\",\"valueRequired\":true,\"valueName\":\"search_term_string\"}}],\"inLanguage\":\"sk-SK\"},{\"@type\":\"Organization\",\"@id\":\"https:\/\/vapingnet.de\/#organization\",\"name\":\"Vapingnet.de\",\"url\":\"https:\/\/vapingnet.de\/\",\"logo\":{\"@type\":\"ImageObject\",\"inLanguage\":\"sk-SK\",\"@id\":\"https:\/\/vapingnet.de\/#\/schema\/logo\/image\/\",\"url\":\"https:\/\/vapingnet.de\/wp-content\/uploads\/2025\/03\/cropped-vapingnet.de_.jpg\",\"contentUrl\":\"https:\/\/vapingnet.de\/wp-content\/uploads\/2025\/03\/cropped-vapingnet.de_.jpg\",\"width\":512,\"height\":512,\"caption\":\"Vapingnet.de\"},\"image\":{\"@id\":\"https:\/\/vapingnet.de\/#\/schema\/logo\/image\/\"},\"sameAs\":[\"https:\/\/www.facebook.com\/vapingnetde\/\"]}]}<\/script>\n<!-- \/ Yoast SEO plugin. -->","yoast_head_json":{"title":"ELF BOX Digital 12000 Erleben Sie Den Erfrischenden Watermelon Ice Geschmack | Vapingnet.de","description":"Entdecke ELF BOX Digital 12000 Erleben Sie Den Erfrischenden Watermelon Ice Geschmack bei vapingnet.de, \u25ba Gro\u00dfe Auswahl an Geschmacksrichtungen & super g\u00fcnstig!","robots":{"index":"index","follow":"follow","max-snippet":"max-snippet:-1","max-image-preview":"max-image-preview:large","max-video-preview":"max-video-preview:-1"},"canonical":"https:\/\/vapingnet.de\/sk\/vape\/elf-box-digital-12000-erleben-sie-den-erfrischenden-watermelon-ice-geschmack\/","og_locale":"sk_SK","og_type":"article","og_title":"ELF BOX Digital 12000 Erleben Sie Den Erfrischenden Watermelon Ice Geschmack | Vapingnet.de","og_description":"Entdecke ELF BOX Digital 12000 Erleben Sie Den Erfrischenden Watermelon Ice Geschmack bei vapingnet.de, \u25ba Gro\u00dfe Auswahl an Geschmacksrichtungen & super g\u00fcnstig!","og_url":"https:\/\/vapingnet.de\/sk\/vape\/elf-box-digital-12000-erleben-sie-den-erfrischenden-watermelon-ice-geschmack\/","og_site_name":"Vapingnet.de","article_publisher":"https:\/\/www.facebook.com\/vapingnetde\/","article_modified_time":"2025-06-19T03:42:57+00:00","og_image":[{"width":1000,"height":1000,"url":"https:\/\/vapingnet.de\/wp-content\/uploads\/2025\/04\/Watermelon-ice.webp","type":"image\/webp"}],"twitter_card":"summary_large_image","twitter_misc":{"Est. reading time":"4 minutes"},"schema":{"@context":"https:\/\/schema.org","@graph":[{"@type":"WebPage","@id":"https:\/\/vapingnet.de\/vape\/elf-box-digital-12000-erleben-sie-den-erfrischenden-watermelon-ice-geschmack\/","url":"https:\/\/vapingnet.de\/vape\/elf-box-digital-12000-erleben-sie-den-erfrischenden-watermelon-ice-geschmack\/","name":"ELF BOX Digital 12000 Erleben Sie Den Erfrischenden Watermelon Ice Geschmack | Vapingnet.de","isPartOf":{"@id":"https:\/\/vapingnet.de\/#website"},"primaryImageOfPage":{"@id":"https:\/\/vapingnet.de\/vape\/elf-box-digital-12000-erleben-sie-den-erfrischenden-watermelon-ice-geschmack\/#primaryimage"},"image":{"@id":"https:\/\/vapingnet.de\/vape\/elf-box-digital-12000-erleben-sie-den-erfrischenden-watermelon-ice-geschmack\/#primaryimage"},"thumbnailUrl":"https:\/\/vapingnet.de\/wp-content\/uploads\/2025\/04\/Watermelon-ice.webp","datePublished":"2025-04-15T07:11:29+00:00","dateModified":"2025-06-19T03:42:57+00:00","description":"Entdecke ELF BOX Digital 12000 Erleben Sie Den Erfrischenden Watermelon Ice Geschmack bei vapingnet.de, \u25ba Gro\u00dfe Auswahl an Geschmacksrichtungen & super g\u00fcnstig!","breadcrumb":{"@id":"https:\/\/vapingnet.de\/vape\/elf-box-digital-12000-erleben-sie-den-erfrischenden-watermelon-ice-geschmack\/#breadcrumb"},"inLanguage":"sk-SK","potentialAction":[{"@type":"ReadAction","target":["https:\/\/vapingnet.de\/vape\/elf-box-digital-12000-erleben-sie-den-erfrischenden-watermelon-ice-geschmack\/"]}]},{"@type":"ImageObject","inLanguage":"sk-SK","@id":"https:\/\/vapingnet.de\/vape\/elf-box-digital-12000-erleben-sie-den-erfrischenden-watermelon-ice-geschmack\/#primaryimage","url":"https:\/\/vapingnet.de\/wp-content\/uploads\/2025\/04\/Watermelon-ice.webp","contentUrl":"https:\/\/vapingnet.de\/wp-content\/uploads\/2025\/04\/Watermelon-ice.webp","width":1000,"height":1000},{"@type":"BreadcrumbList","@id":"https:\/\/vapingnet.de\/vape\/elf-box-digital-12000-erleben-sie-den-erfrischenden-watermelon-ice-geschmack\/#breadcrumb","itemListElement":[{"@type":"ListItem","position":1,"name":"Home","item":"https:\/\/vapingnet.de\/"},{"@type":"ListItem","position":2,"name":"Shop","item":"https:\/\/vapingnet.de\/vape\/"},{"@type":"ListItem","position":3,"name":"ELF BOX Digital 12000 Erleben Sie Den Erfrischenden Watermelon Ice Geschmack"}]},{"@type":"WebSite","@id":"https:\/\/vapingnet.de\/#website","url":"https:\/\/vapingnet.de\/","name":"Vapingnet.de","description":"","publisher":{"@id":"https:\/\/vapingnet.de\/#organization"},"potentialAction":[{"@type":"SearchAction","target":{"@type":"EntryPoint","urlTemplate":"https:\/\/vapingnet.de\/?s={search_term_string}"},"query-input":{"@type":"PropertyValueSpecification","valueRequired":true,"valueName":"search_term_string"}}],"inLanguage":"sk-SK"},{"@type":"Organization","@id":"https:\/\/vapingnet.de\/#organization","name":"Vapingnet.de","url":"https:\/\/vapingnet.de\/","logo":{"@type":"ImageObject","inLanguage":"sk-SK","@id":"https:\/\/vapingnet.de\/#\/schema\/logo\/image\/","url":"https:\/\/vapingnet.de\/wp-content\/uploads\/2025\/03\/cropped-vapingnet.de_.jpg","contentUrl":"https:\/\/vapingnet.de\/wp-content\/uploads\/2025\/03\/cropped-vapingnet.de_.jpg","width":512,"height":512,"caption":"Vapingnet.de"},"image":{"@id":"https:\/\/vapingnet.de\/#\/schema\/logo\/image\/"},"sameAs":["https:\/\/www.facebook.com\/vapingnetde\/"]}]}},"tiered_pricing_type":"fixed","tiered_pricing_fixed_rules":{"10":"7.78","60":"7.00","110":"6.22","200":"5.45"},"tiered_pricing_product_settings":{"layout":"default","base_unit_name":{"singular":null,"plural":null},"default_variation":null},"tiered_pricing_minimum_quantity":null,"tiered_pricing_roles_data":[],"tiered_pricing_percentage_rules":[],"_links":{"self":[{"href":"https:\/\/vapingnet.de\/sk\/wp-json\/wp\/v2\/product\/6377","targetHints":{"allow":["GET"]}}],"collection":[{"href":"https:\/\/vapingnet.de\/sk\/wp-json\/wp\/v2\/product"}],"about":[{"href":"https:\/\/vapingnet.de\/sk\/wp-json\/wp\/v2\/types\/product"}],"version-history":[{"count":1,"href":"https:\/\/vapingnet.de\/sk\/wp-json\/wp\/v2\/product\/6377\/revisions"}],"predecessor-version":[{"id":6390,"href":"https:\/\/vapingnet.de\/sk\/wp-json\/wp\/v2\/product\/6377\/revisions\/6390"}],"wp:featuredmedia":[{"embeddable":true,"href":"https:\/\/vapingnet.de\/sk\/wp-json\/wp\/v2\/media\/6382"}],"wp:attachment":[{"href":"https:\/\/vapingnet.de\/sk\/wp-json\/wp\/v2\/media?parent=6377"}],"wp:term":[{"taxonomy":"brand","embeddable":true,"href":"https:\/\/vapingnet.de\/sk\/wp-json\/wp\/v2\/etheme_brands?post=6377"},{"taxonomy":"product_brand","embeddable":true,"href":"https:\/\/vapingnet.de\/sk\/wp-json\/wp\/v2\/product_brand?post=6377"},{"taxonomy":"product_cat","embeddable":true,"href":"https:\/\/vapingnet.de\/sk\/wp-json\/wp\/v2\/product_cat?post=6377"},{"taxonomy":"product_tag","embeddable":true,"href":"https:\/\/vapingnet.de\/sk\/wp-json\/wp\/v2\/product_tag?post=6377"}],"curies":[{"name":"wp","href":"https:\/\/api.w.org\/{rel}","templated":true}]}}