{"id":6379,"date":"2025-04-15T07:11:33","date_gmt":"2025-04-15T07:11:33","guid":{"rendered":"https:\/\/vapingnet.de\/?post_type=product&#038;p=6379"},"modified":"2025-06-19T03:42:56","modified_gmt":"2025-06-19T03:42:56","slug":"coconut-melon-geschmack-mit-der-elf-box-digital-12000-wartungsfrei-und-stylisch","status":"publish","type":"product","link":"https:\/\/vapingnet.de\/sk\/vape\/coconut-melon-geschmack-mit-der-elf-box-digital-12000-wartungsfrei-und-stylisch\/","title":{"rendered":"Chu\u0165 kokosov\u00e9ho mel\u00f3nu s ELF BOX Digital 12000 bez \u00fadr\u017eby a \u0161t\u00fdlov\u00fd"},"content":{"rendered":"<h2 data-start=\"0\" data-end=\"71\" data-immersive-translate-walked=\"d84c5749-1589-431b-b41c-18f584339fde\">ELF BOX Digital 12000: Inovat\u00edvny jednorazov\u00fd z\u00e1\u017eitok z elektronickej cigarety<\/h2>\n<p class=\"\" data-start=\"73\" data-end=\"497\" data-immersive-translate-walked=\"d84c5749-1589-431b-b41c-18f584339fde\" data-immersive-translate-paragraph=\"1\">ELF BOX Digital 12000 je najnov\u0161ou inov\u00e1ciou v oblasti jednorazov\u00fdch elektronick\u00fdch cigariet. S p\u00f4sobiv\u00fdm po\u010dtom 12000 \u0165ahov pon\u00faka tento model v\u00fdnimo\u010dn\u00fd v\u00fdkon, ktor\u00fd vyhovie aj t\u00fdm najn\u00e1ro\u010dnej\u0161\u00edm vapovan\u00edm. Ide\u00e1lny pre pou\u017e\u00edvate\u013eov, ktor\u00ed h\u013eadaj\u00fa dlhodob\u00fd a chutn\u00fd z\u00e1\u017eitok z vapovania, ELF BOX Digital 12000 prich\u00e1dza v modernom, praktickom dizajne s mno\u017estvom funkci\u00ed.<\/p>\n<h4 data-start=\"499\" data-end=\"555\" data-immersive-translate-walked=\"d84c5749-1589-431b-b41c-18f584339fde\">Technick\u00e9 \u0161pecifik\u00e1cie ELF BOX Digital 12000<\/h4>\n<p class=\"\" data-start=\"557\" data-end=\"1032\" data-immersive-translate-walked=\"d84c5749-1589-431b-b41c-18f584339fde\" data-immersive-translate-paragraph=\"1\">ELF BOX Digital 12000 je vybaven\u00e1 mesh cievkou s odporom 0,8 Ohm, ktor\u00e1 zabezpe\u010duje rovnomern\u00e9 a tepl\u00e9 tvorenie pary. S objemom e-liquidu 25 ml si m\u00f4\u017eete vychutna\u0165 a\u017e 12000 \u0165ahov, \u010do rob\u00ed tento pr\u00edstroj vynikaj\u00facim spolo\u010dn\u00edkom na dlh\u0161ie vapovacie seansy. Pre pou\u017e\u00edvate\u013eov, ktor\u00ed chc\u00fa vynecha\u0165 nikot\u00edn, je ELF BOX dostupn\u00e1 aj s beznikot\u00ednovou mo\u017enos\u0165ou. M\u00f4\u017eete si vybra\u0165 medzi nikot\u00ednmi 0%, 2%, 3% alebo 5%, pod\u013ea preferenci\u00ed.<\/p>\n<p class=\"\" data-start=\"1034\" data-end=\"1355\" data-immersive-translate-walked=\"d84c5749-1589-431b-b41c-18f584339fde\" data-immersive-translate-paragraph=\"1\">Vn\u00fatorn\u00e1 bat\u00e9ria s kapacitou 13350-500mAh zabezpe\u010duje dlh\u00fa v\u00fddr\u017e a d\u00e1 sa \u013eahko nab\u00edja\u0165 cez port Type-C. Digit\u00e1lny displej zariadenia zobrazuje hladinu tekutiny aj stav bat\u00e9rie, aby ste v\u017edy vedeli, kedy je potrebn\u00e9 doplni\u0165 alebo nabi\u0165.<\/p>\n<h4 data-start=\"1357\" data-end=\"1394\" data-immersive-translate-walked=\"d84c5749-1589-431b-b41c-18f584339fde\">Chutov\u00fd z\u00e1\u017eitok: Coconut Melon<\/h4>\n<p class=\"\" data-start=\"1396\" data-end=\"1666\" data-immersive-translate-walked=\"d84c5749-1589-431b-b41c-18f584339fde\" data-immersive-translate-paragraph=\"1\">ELF BOX Digital 12000 je dostupn\u00e1 v osvie\u017euj\u00facej pr\u00edchuti Coconut Melon. T\u00e1to kombin\u00e1cia tropickej kokosu a \u0161\u0165avnat\u00e9ho mel\u00f3nu pon\u00faka jedine\u010dn\u00fd, ovocno-sladk\u00fd z\u00e1\u017eitok z vapovania, ktor\u00fd si m\u00f4\u017eete vychutn\u00e1va\u0165 cel\u00fd de\u0148.<\/p>\n<h3 data-start=\"1668\" data-end=\"1706\" data-immersive-translate-walked=\"d84c5749-1589-431b-b41c-18f584339fde\">V\u00fdhody ELF BOX Digital 12000<\/h3>\n<p class=\"\" data-start=\"1708\" data-end=\"1985\" data-immersive-translate-walked=\"d84c5749-1589-431b-b41c-18f584339fde\" data-immersive-translate-paragraph=\"1\">V\u00fdnimo\u010dnou vlastnos\u0165ou ELF BOX Digital 12000 je oslobodenie od coln\u00fdch poplatkov. To znamen\u00e1, \u017ee pri k\u00fape tohto produktu nebudete plati\u0165 \u017eiadne dodato\u010dn\u00e9 n\u00e1klady na clo alebo dane, \u010do ho rob\u00ed cenovo dostupnou vo\u013ebou pre vapovanie v Slovensku a Eur\u00f3pe.<\/p>\n<p class=\"\" data-start=\"1987\" data-end=\"2268\" data-immersive-translate-walked=\"d84c5749-1589-431b-b41c-18f584339fde\" data-immersive-translate-paragraph=\"1\">Okrem toho profitujete z praktick\u00e9ho a jednoduch\u00e9ho pou\u017e\u00edvania. ELF BOX Digital 12000 je jednorazov\u00e9 zariadenie, ktor\u00e9 nevy\u017eaduje n\u00e1ro\u010dn\u00fa \u00fadr\u017ebu alebo \u010distenie. Sta\u010d\u00ed ho vybra\u0165 z balenia, u\u017e\u00edva\u0165 si a po pou\u017eit\u00ed vyhodi\u0165 \u2013 tak jednoduch\u00e9 je vapovanie s ELF BOX.<\/p>\n<h4 data-start=\"2270\" data-end=\"2301\" data-immersive-translate-walked=\"d84c5749-1589-431b-b41c-18f584339fde\">Doru\u010denie a dostupnos\u0165<\/h4>\n<p class=\"\" data-start=\"2303\" data-end=\"2595\" data-immersive-translate-walked=\"d84c5749-1589-431b-b41c-18f584339fde\" data-immersive-translate-paragraph=\"1\">Doru\u010denie ELF BOX Digital 12000 prebieha do 7-15 pracovn\u00fdch dn\u00ed, tak\u017ee nebudete dlho \u010daka\u0165 na svoj nov\u00fd vapovac\u00ed z\u00e1\u017eitok. M\u00f4\u017eete si ho objedna\u0165 priamo na vapingnet.de, d\u00f4veryhodnej platforme, ktor\u00e1 pon\u00faka r\u00fdchle a spo\u013eahliv\u00e9 doru\u010denie.<\/p>\n<h4 data-start=\"2597\" data-end=\"2606\" data-immersive-translate-walked=\"d84c5749-1589-431b-b41c-18f584339fde\">ELF BOX Digital 12000 \u2013 V\u00e1\u0161 dokonal\u00fd spolo\u010dn\u00edk pre vapovanie<\/h4>\n<p class=\"\" data-start=\"2608\" data-end=\"3087\" data-immersive-translate-walked=\"d84c5749-1589-431b-b41c-18f584339fde\" data-immersive-translate-paragraph=\"1\">ELF BOX Digital 12000 je vynikaj\u00facou vo\u013ebou pre vapovanie, ak h\u013ead\u00e1te vysok\u00fd po\u010det \u0165ahov a nezamenite\u013en\u00fd chu\u0165ov\u00fd z\u00e1\u017eitok. S najmodernej\u0161ou technol\u00f3giou, praktick\u00fdm digit\u00e1lnym displejom a \u0161irokou \u0161k\u00e1lou nikot\u00ednov\u00fdch mo\u017enost\u00ed sp\u013a\u0148a toto jednorazov\u00e9 zariadenie v\u0161etky po\u017eiadavky vapovania, ktor\u00e9 klad\u00fa na kvalitu a pou\u017e\u00edvate\u013esk\u00fa pr\u00edvetivos\u0165. Rozhodnite sa e\u0161te dnes pre ELF BOX Digital 12000 a za\u017eite \u00faplne nov\u00fd z\u00e1\u017eitok z vapovania.<\/p>","protected":false},"excerpt":{"rendered":"<p>ELF BOX Digital 12000: Inovat\u00edvny z\u00e1\u017eitok z jednorazov\u00fdch elektronick\u00fdch cigariet ELF BOX Digital 12000 je najnov\u0161ia inov\u00e1cia v oblasti jednorazov\u00fdch elektronick\u00fdch cigariet. S p\u00f4sobiv\u00fdmi 12000 \u0165ahmi pon\u00faka...<\/p>","protected":false},"featured_media":6384,"template":"","meta":[],"etheme_brands":[],"product_brand":[100],"product_cat":[88,49,61],"product_tag":[],"class_list":{"0":"post-6379","1":"product","2":"type-product","3":"status-publish","4":"has-post-thumbnail","6":"product_brand-elf-box-vape","7":"product_cat-12k-vape","8":"product_cat-einweg-e-zigarette","9":"product_cat-f","11":"first","12":"instock","13":"shipping-taxable","14":"purchasable","15":"product-type-simple"},"yoast_head":"<!-- This site is optimized with the Yoast SEO plugin v26.5 - https:\/\/yoast.com\/wordpress\/plugins\/seo\/ -->\n<title>Coconut Melon Geschmack Mit Der ELF BOX Digital 12000 Wartungsfrei Und Stylisch | Vapingnet.de<\/title>\n<meta name=\"description\" content=\"Entdecke Coconut Melon Geschmack Mit Der ELF BOX Digital 12000 Wartungsfrei Und Stylisch bei vapingnet.de, \u25ba Gro\u00dfe Auswahl an Geschmacksrichtungen &amp; super g\u00fcnstig!\" \/>\n<meta name=\"robots\" content=\"index, follow, max-snippet:-1, max-image-preview:large, max-video-preview:-1\" \/>\n<link rel=\"canonical\" href=\"https:\/\/vapingnet.de\/sk\/vape\/coconut-melon-geschmack-mit-der-elf-box-digital-12000-wartungsfrei-und-stylisch\/\" \/>\n<meta property=\"og:locale\" content=\"sk_SK\" \/>\n<meta property=\"og:type\" content=\"article\" \/>\n<meta property=\"og:title\" content=\"Coconut Melon Geschmack Mit Der ELF BOX Digital 12000 Wartungsfrei Und Stylisch | Vapingnet.de\" \/>\n<meta property=\"og:description\" content=\"Entdecke Coconut Melon Geschmack Mit Der ELF BOX Digital 12000 Wartungsfrei Und Stylisch bei vapingnet.de, \u25ba Gro\u00dfe Auswahl an Geschmacksrichtungen &amp; super g\u00fcnstig!\" \/>\n<meta property=\"og:url\" content=\"https:\/\/vapingnet.de\/sk\/vape\/coconut-melon-geschmack-mit-der-elf-box-digital-12000-wartungsfrei-und-stylisch\/\" \/>\n<meta property=\"og:site_name\" content=\"Vapingnet.de\" \/>\n<meta property=\"article:publisher\" content=\"https:\/\/www.facebook.com\/vapingnetde\/\" \/>\n<meta property=\"article:modified_time\" content=\"2025-06-19T03:42:56+00:00\" \/>\n<meta property=\"og:image\" content=\"https:\/\/vapingnet.de\/wp-content\/uploads\/2025\/04\/Coconut-Melon.webp\" \/>\n\t<meta property=\"og:image:width\" content=\"1000\" \/>\n\t<meta property=\"og:image:height\" content=\"1000\" \/>\n\t<meta property=\"og:image:type\" content=\"image\/webp\" \/>\n<meta name=\"twitter:card\" content=\"summary_large_image\" \/>\n<meta name=\"twitter:label1\" content=\"Est. reading time\" \/>\n\t<meta name=\"twitter:data1\" content=\"3 minutes\" \/>\n<script type=\"application\/ld+json\" class=\"yoast-schema-graph\">{\"@context\":\"https:\/\/schema.org\",\"@graph\":[{\"@type\":\"WebPage\",\"@id\":\"https:\/\/vapingnet.de\/vape\/coconut-melon-geschmack-mit-der-elf-box-digital-12000-wartungsfrei-und-stylisch\/\",\"url\":\"https:\/\/vapingnet.de\/vape\/coconut-melon-geschmack-mit-der-elf-box-digital-12000-wartungsfrei-und-stylisch\/\",\"name\":\"Coconut Melon Geschmack Mit Der ELF BOX Digital 12000 Wartungsfrei Und Stylisch | Vapingnet.de\",\"isPartOf\":{\"@id\":\"https:\/\/vapingnet.de\/#website\"},\"primaryImageOfPage\":{\"@id\":\"https:\/\/vapingnet.de\/vape\/coconut-melon-geschmack-mit-der-elf-box-digital-12000-wartungsfrei-und-stylisch\/#primaryimage\"},\"image\":{\"@id\":\"https:\/\/vapingnet.de\/vape\/coconut-melon-geschmack-mit-der-elf-box-digital-12000-wartungsfrei-und-stylisch\/#primaryimage\"},\"thumbnailUrl\":\"https:\/\/vapingnet.de\/wp-content\/uploads\/2025\/04\/Coconut-Melon.webp\",\"datePublished\":\"2025-04-15T07:11:33+00:00\",\"dateModified\":\"2025-06-19T03:42:56+00:00\",\"description\":\"Entdecke Coconut Melon Geschmack Mit Der ELF BOX Digital 12000 Wartungsfrei Und Stylisch bei vapingnet.de, \u25ba Gro\u00dfe Auswahl an Geschmacksrichtungen & super g\u00fcnstig!\",\"breadcrumb\":{\"@id\":\"https:\/\/vapingnet.de\/vape\/coconut-melon-geschmack-mit-der-elf-box-digital-12000-wartungsfrei-und-stylisch\/#breadcrumb\"},\"inLanguage\":\"sk-SK\",\"potentialAction\":[{\"@type\":\"ReadAction\",\"target\":[\"https:\/\/vapingnet.de\/vape\/coconut-melon-geschmack-mit-der-elf-box-digital-12000-wartungsfrei-und-stylisch\/\"]}]},{\"@type\":\"ImageObject\",\"inLanguage\":\"sk-SK\",\"@id\":\"https:\/\/vapingnet.de\/vape\/coconut-melon-geschmack-mit-der-elf-box-digital-12000-wartungsfrei-und-stylisch\/#primaryimage\",\"url\":\"https:\/\/vapingnet.de\/wp-content\/uploads\/2025\/04\/Coconut-Melon.webp\",\"contentUrl\":\"https:\/\/vapingnet.de\/wp-content\/uploads\/2025\/04\/Coconut-Melon.webp\",\"width\":1000,\"height\":1000},{\"@type\":\"BreadcrumbList\",\"@id\":\"https:\/\/vapingnet.de\/vape\/coconut-melon-geschmack-mit-der-elf-box-digital-12000-wartungsfrei-und-stylisch\/#breadcrumb\",\"itemListElement\":[{\"@type\":\"ListItem\",\"position\":1,\"name\":\"Home\",\"item\":\"https:\/\/vapingnet.de\/\"},{\"@type\":\"ListItem\",\"position\":2,\"name\":\"Shop\",\"item\":\"https:\/\/vapingnet.de\/vape\/\"},{\"@type\":\"ListItem\",\"position\":3,\"name\":\"Coconut Melon Geschmack Mit Der ELF BOX Digital 12000 Wartungsfrei Und Stylisch\"}]},{\"@type\":\"WebSite\",\"@id\":\"https:\/\/vapingnet.de\/#website\",\"url\":\"https:\/\/vapingnet.de\/\",\"name\":\"Vapingnet.de\",\"description\":\"\",\"publisher\":{\"@id\":\"https:\/\/vapingnet.de\/#organization\"},\"potentialAction\":[{\"@type\":\"SearchAction\",\"target\":{\"@type\":\"EntryPoint\",\"urlTemplate\":\"https:\/\/vapingnet.de\/?s={search_term_string}\"},\"query-input\":{\"@type\":\"PropertyValueSpecification\",\"valueRequired\":true,\"valueName\":\"search_term_string\"}}],\"inLanguage\":\"sk-SK\"},{\"@type\":\"Organization\",\"@id\":\"https:\/\/vapingnet.de\/#organization\",\"name\":\"Vapingnet.de\",\"url\":\"https:\/\/vapingnet.de\/\",\"logo\":{\"@type\":\"ImageObject\",\"inLanguage\":\"sk-SK\",\"@id\":\"https:\/\/vapingnet.de\/#\/schema\/logo\/image\/\",\"url\":\"https:\/\/vapingnet.de\/wp-content\/uploads\/2025\/03\/cropped-vapingnet.de_.jpg\",\"contentUrl\":\"https:\/\/vapingnet.de\/wp-content\/uploads\/2025\/03\/cropped-vapingnet.de_.jpg\",\"width\":512,\"height\":512,\"caption\":\"Vapingnet.de\"},\"image\":{\"@id\":\"https:\/\/vapingnet.de\/#\/schema\/logo\/image\/\"},\"sameAs\":[\"https:\/\/www.facebook.com\/vapingnetde\/\"]}]}<\/script>\n<!-- \/ Yoast SEO plugin. -->","yoast_head_json":{"title":"Coconut Melon Geschmack Mit Der ELF BOX Digital 12000 Wartungsfrei Und Stylisch | Vapingnet.de","description":"Entdecke Coconut Melon Geschmack Mit Der ELF BOX Digital 12000 Wartungsfrei Und Stylisch bei vapingnet.de, \u25ba Gro\u00dfe Auswahl an Geschmacksrichtungen & super g\u00fcnstig!","robots":{"index":"index","follow":"follow","max-snippet":"max-snippet:-1","max-image-preview":"max-image-preview:large","max-video-preview":"max-video-preview:-1"},"canonical":"https:\/\/vapingnet.de\/sk\/vape\/coconut-melon-geschmack-mit-der-elf-box-digital-12000-wartungsfrei-und-stylisch\/","og_locale":"sk_SK","og_type":"article","og_title":"Coconut Melon Geschmack Mit Der ELF BOX Digital 12000 Wartungsfrei Und Stylisch | Vapingnet.de","og_description":"Entdecke Coconut Melon Geschmack Mit Der ELF BOX Digital 12000 Wartungsfrei Und Stylisch bei vapingnet.de, \u25ba Gro\u00dfe Auswahl an Geschmacksrichtungen & super g\u00fcnstig!","og_url":"https:\/\/vapingnet.de\/sk\/vape\/coconut-melon-geschmack-mit-der-elf-box-digital-12000-wartungsfrei-und-stylisch\/","og_site_name":"Vapingnet.de","article_publisher":"https:\/\/www.facebook.com\/vapingnetde\/","article_modified_time":"2025-06-19T03:42:56+00:00","og_image":[{"width":1000,"height":1000,"url":"https:\/\/vapingnet.de\/wp-content\/uploads\/2025\/04\/Coconut-Melon.webp","type":"image\/webp"}],"twitter_card":"summary_large_image","twitter_misc":{"Est. reading time":"3 minutes"},"schema":{"@context":"https:\/\/schema.org","@graph":[{"@type":"WebPage","@id":"https:\/\/vapingnet.de\/vape\/coconut-melon-geschmack-mit-der-elf-box-digital-12000-wartungsfrei-und-stylisch\/","url":"https:\/\/vapingnet.de\/vape\/coconut-melon-geschmack-mit-der-elf-box-digital-12000-wartungsfrei-und-stylisch\/","name":"Coconut Melon Geschmack Mit Der ELF BOX Digital 12000 Wartungsfrei Und Stylisch | Vapingnet.de","isPartOf":{"@id":"https:\/\/vapingnet.de\/#website"},"primaryImageOfPage":{"@id":"https:\/\/vapingnet.de\/vape\/coconut-melon-geschmack-mit-der-elf-box-digital-12000-wartungsfrei-und-stylisch\/#primaryimage"},"image":{"@id":"https:\/\/vapingnet.de\/vape\/coconut-melon-geschmack-mit-der-elf-box-digital-12000-wartungsfrei-und-stylisch\/#primaryimage"},"thumbnailUrl":"https:\/\/vapingnet.de\/wp-content\/uploads\/2025\/04\/Coconut-Melon.webp","datePublished":"2025-04-15T07:11:33+00:00","dateModified":"2025-06-19T03:42:56+00:00","description":"Entdecke Coconut Melon Geschmack Mit Der ELF BOX Digital 12000 Wartungsfrei Und Stylisch bei vapingnet.de, \u25ba Gro\u00dfe Auswahl an Geschmacksrichtungen & super g\u00fcnstig!","breadcrumb":{"@id":"https:\/\/vapingnet.de\/vape\/coconut-melon-geschmack-mit-der-elf-box-digital-12000-wartungsfrei-und-stylisch\/#breadcrumb"},"inLanguage":"sk-SK","potentialAction":[{"@type":"ReadAction","target":["https:\/\/vapingnet.de\/vape\/coconut-melon-geschmack-mit-der-elf-box-digital-12000-wartungsfrei-und-stylisch\/"]}]},{"@type":"ImageObject","inLanguage":"sk-SK","@id":"https:\/\/vapingnet.de\/vape\/coconut-melon-geschmack-mit-der-elf-box-digital-12000-wartungsfrei-und-stylisch\/#primaryimage","url":"https:\/\/vapingnet.de\/wp-content\/uploads\/2025\/04\/Coconut-Melon.webp","contentUrl":"https:\/\/vapingnet.de\/wp-content\/uploads\/2025\/04\/Coconut-Melon.webp","width":1000,"height":1000},{"@type":"BreadcrumbList","@id":"https:\/\/vapingnet.de\/vape\/coconut-melon-geschmack-mit-der-elf-box-digital-12000-wartungsfrei-und-stylisch\/#breadcrumb","itemListElement":[{"@type":"ListItem","position":1,"name":"Home","item":"https:\/\/vapingnet.de\/"},{"@type":"ListItem","position":2,"name":"Shop","item":"https:\/\/vapingnet.de\/vape\/"},{"@type":"ListItem","position":3,"name":"Coconut Melon Geschmack Mit Der ELF BOX Digital 12000 Wartungsfrei Und Stylisch"}]},{"@type":"WebSite","@id":"https:\/\/vapingnet.de\/#website","url":"https:\/\/vapingnet.de\/","name":"Vapingnet.de","description":"","publisher":{"@id":"https:\/\/vapingnet.de\/#organization"},"potentialAction":[{"@type":"SearchAction","target":{"@type":"EntryPoint","urlTemplate":"https:\/\/vapingnet.de\/?s={search_term_string}"},"query-input":{"@type":"PropertyValueSpecification","valueRequired":true,"valueName":"search_term_string"}}],"inLanguage":"sk-SK"},{"@type":"Organization","@id":"https:\/\/vapingnet.de\/#organization","name":"Vapingnet.de","url":"https:\/\/vapingnet.de\/","logo":{"@type":"ImageObject","inLanguage":"sk-SK","@id":"https:\/\/vapingnet.de\/#\/schema\/logo\/image\/","url":"https:\/\/vapingnet.de\/wp-content\/uploads\/2025\/03\/cropped-vapingnet.de_.jpg","contentUrl":"https:\/\/vapingnet.de\/wp-content\/uploads\/2025\/03\/cropped-vapingnet.de_.jpg","width":512,"height":512,"caption":"Vapingnet.de"},"image":{"@id":"https:\/\/vapingnet.de\/#\/schema\/logo\/image\/"},"sameAs":["https:\/\/www.facebook.com\/vapingnetde\/"]}]}},"tiered_pricing_type":"fixed","tiered_pricing_fixed_rules":{"10":"7.78","60":"7.00","110":"6.22","200":"5.45"},"tiered_pricing_product_settings":{"layout":"default","base_unit_name":{"singular":null,"plural":null},"default_variation":null},"tiered_pricing_minimum_quantity":null,"tiered_pricing_roles_data":[],"tiered_pricing_percentage_rules":[],"_links":{"self":[{"href":"https:\/\/vapingnet.de\/sk\/wp-json\/wp\/v2\/product\/6379","targetHints":{"allow":["GET"]}}],"collection":[{"href":"https:\/\/vapingnet.de\/sk\/wp-json\/wp\/v2\/product"}],"about":[{"href":"https:\/\/vapingnet.de\/sk\/wp-json\/wp\/v2\/types\/product"}],"version-history":[{"count":2,"href":"https:\/\/vapingnet.de\/sk\/wp-json\/wp\/v2\/product\/6379\/revisions"}],"predecessor-version":[{"id":6393,"href":"https:\/\/vapingnet.de\/sk\/wp-json\/wp\/v2\/product\/6379\/revisions\/6393"}],"wp:featuredmedia":[{"embeddable":true,"href":"https:\/\/vapingnet.de\/sk\/wp-json\/wp\/v2\/media\/6384"}],"wp:attachment":[{"href":"https:\/\/vapingnet.de\/sk\/wp-json\/wp\/v2\/media?parent=6379"}],"wp:term":[{"taxonomy":"brand","embeddable":true,"href":"https:\/\/vapingnet.de\/sk\/wp-json\/wp\/v2\/etheme_brands?post=6379"},{"taxonomy":"product_brand","embeddable":true,"href":"https:\/\/vapingnet.de\/sk\/wp-json\/wp\/v2\/product_brand?post=6379"},{"taxonomy":"product_cat","embeddable":true,"href":"https:\/\/vapingnet.de\/sk\/wp-json\/wp\/v2\/product_cat?post=6379"},{"taxonomy":"product_tag","embeddable":true,"href":"https:\/\/vapingnet.de\/sk\/wp-json\/wp\/v2\/product_tag?post=6379"}],"curies":[{"name":"wp","href":"https:\/\/api.w.org\/{rel}","templated":true}]}}