{"id":6404,"date":"2025-04-21T06:44:54","date_gmt":"2025-04-21T06:44:54","guid":{"rendered":"https:\/\/vapingnet.de\/?post_type=product&#038;p=6404"},"modified":"2025-06-19T03:42:56","modified_gmt":"2025-06-19T03:42:56","slug":"blackberry-ice-macht-suechtig-elf-box-ls15000-jetzt-ohne-zoll-sichern","status":"publish","type":"product","link":"https:\/\/vapingnet.de\/sk\/vape\/blackberry-ice-macht-suechtig-elf-box-ls15000-jetzt-ohne-zoll-sichern\/","title":{"rendered":"Blackberry Ice z\u00e1vislos\u0165 ELF BOX LS15000 teraz bez coln\u00e9ho zaistenia"},"content":{"rendered":"<h2 data-start=\"32\" data-end=\"85\">ELF BOX LS15000 \u2013 V\u00fdkon, chu\u0165 a sloboda<\/h2>\n<p class=\"\" data-start=\"138\" data-end=\"502\" data-immersive-translate-walked=\"4bf47006-4c3a-48a5-ae85-1d3227c8063d\" data-immersive-translate-paragraph=\"1\">ELF BOX LS15000 nastavuje nov\u00e9 \u0161tandardy v oblasti jednorazov\u00fdch e-cigariet. S kapacitou a\u017e 15 000 potiahnut\u00ed pon\u00faka tento model mimoriadnu v\u00fddr\u017e, ktor\u00e1 zabezpe\u010duje dlh\u00e9 a nep\u0159eru\u0161ovan\u00e9 pote\u0161enie. V\u010faka mesh cievke s 0,6 Ohmom sa para rovnomerne zahrieva, \u010do vedie k mimoriadne intenz\u00edvnej chu\u0165ovej sk\u00fasenosti.<\/p>\n<h4 data-start=\"504\" data-end=\"545\" data-immersive-translate-walked=\"4bf47006-4c3a-48a5-ae85-1d3227c8063d\">Ovocn\u00e1 chu\u0165 \u2013 Blackberry Ice<\/h4>\n<p class=\"\" data-start=\"547\" data-end=\"890\" data-immersive-translate-walked=\"4bf47006-4c3a-48a5-ae85-1d3227c8063d\" data-immersive-translate-paragraph=\"1\">Vo vn\u00fatri ELF BOX LS15000 sa nach\u00e1dza 26 ml e-liquidu v lahodnej pr\u00edchuti Blackberry Ice. Kombin\u00e1cia sladk\u00fdch \u010dern\u00edc a osvie\u017euj\u00faceho chladiv\u00e9ho efektu pon\u00faka jedine\u010dn\u00fd z\u00e1\u017eitok z vapovania, ktor\u00fd je ovocn\u00fd aj chladiv\u00fd. Ide\u00e1lne pre t\u00fdch, ktor\u00ed h\u013eadaj\u00fa vyv\u00e1\u017een\u00fd a osvie\u017euj\u00faci chu\u0165ov\u00fd z\u00e1\u017eitok.<\/p>\n<h4 data-start=\"892\" data-end=\"945\" data-immersive-translate-walked=\"4bf47006-4c3a-48a5-ae85-1d3227c8063d\">Prisp\u00f4sobite\u013en\u00e9 mo\u017enosti nikot\u00ednu pre ka\u017ed\u00e9 potreby<\/h4>\n<p class=\"\" data-start=\"947\" data-end=\"1261\" data-immersive-translate-walked=\"4bf47006-4c3a-48a5-ae85-1d3227c8063d\" data-immersive-translate-paragraph=\"1\">Ve\u013ekou v\u00fdhodou ELF BOX LS15000 je v\u00fdber r\u00f4znych \u00farovn\u00ed nikot\u00ednu. M\u00f4\u017eete si vybra\u0165 medzi 0, %, 2, % alebo 5, % nikot\u00ednu \u2013 pod\u013ea svojich osobn\u00fdch preferenci\u00ed. T\u00e1to flexibilita ju rob\u00ed ide\u00e1lnou pre prechody z klasick\u00fdch cigariet aj pre sk\u00fasen\u00fdch vapera, ktor\u00ed chc\u00fa individu\u00e1lne riadi\u0165 svoj pr\u00edjem nikot\u00ednu.<\/p>\n<h3 data-start=\"1263\" data-end=\"1304\" data-immersive-translate-walked=\"4bf47006-4c3a-48a5-ae85-1d3227c8063d\">Pohodln\u00e1 a pou\u017e\u00edvate\u013esky pr\u00edvetiv\u00e1<\/h3>\n<p class=\"\" data-start=\"1306\" data-end=\"1640\" data-immersive-translate-walked=\"4bf47006-4c3a-48a5-ae85-1d3227c8063d\" data-immersive-translate-paragraph=\"1\">ELF BOX LS15000 presvied\u010da nielen v\u00fdkonom, ale aj jednoduchou obsluhou. Bat\u00e9ria s kapacitou 600 mAh sa r\u00fdchlo nab\u00edja cez modern\u00fd Type-C port. S hmotnos\u0165ou len 91 g je \u013eahk\u00e1 a kompaktn\u00e1 \u2013 ide\u00e1lna na ka\u017edodenn\u00e9 pou\u017eitie, doma aj na cest\u00e1ch.<\/p>\n<p class=\"\" data-start=\"1642\" data-end=\"1831\" data-immersive-translate-walked=\"4bf47006-4c3a-48a5-ae85-1d3227c8063d\" data-immersive-translate-paragraph=\"1\">Objedna\u0165 si ELF BOX LS15000 je mo\u017en\u00e9 priamo cez vapingnet.de, s bezcolnou dopravou. Va\u0161a objedn\u00e1vka bude doru\u010den\u00e1 do 7 a\u017e 15 pracovn\u00fdch dn\u00ed \u2013 r\u00fdchlo a pohodlne.<\/p>\n<p class=\"\" data-start=\"1833\" data-end=\"1968\" data-immersive-translate-walked=\"4bf47006-4c3a-48a5-ae85-1d3227c8063d\" data-immersive-translate-paragraph=\"1\">Kto h\u013ead\u00e1 kvalitn\u00fd, praktick\u00fd a chu\u0165ovo intenz\u00edvny z\u00e1\u017eitok z vapovania, bude s ELF BOX LS15000 ur\u010dite spokojn\u00fd.<\/p>","protected":false},"excerpt":{"rendered":"<p>ELF BOX LS15000 \u2013 V\u00fdkon, chu\u0165 a sloboda ELF BOX LS15000 nastavuje nov\u00e9 \u0161tandardy v oblasti jednorazov\u00fdch elektronick\u00fdch cigariet. S kapacitou a\u017e do...<\/p>","protected":false},"featured_media":6405,"template":"","meta":[],"etheme_brands":[],"product_brand":[100],"product_cat":[53,49,61],"product_tag":[],"class_list":{"0":"post-6404","1":"product","2":"type-product","3":"status-publish","4":"has-post-thumbnail","6":"product_brand-elf-box-vape","7":"product_cat-vape-15000-zuege","8":"product_cat-einweg-e-zigarette","9":"product_cat-f","11":"first","12":"instock","13":"shipping-taxable","14":"purchasable","15":"product-type-simple"},"yoast_head":"<!-- This site is optimized with the Yoast SEO plugin v26.5 - https:\/\/yoast.com\/wordpress\/plugins\/seo\/ -->\n<title>Blackberry Ice Macht S\u00fcchtig ELF BOX LS15000 Jetzt Ohne Zoll Sichern | Vapingnet.de<\/title>\n<meta name=\"description\" content=\"Entdecke Blackberry Ice Macht S\u00fcchtig ELF BOX LS15000 Jetzt Ohne Zoll Sichern bei vapingnet.de, \u25ba Gro\u00dfe Auswahl an Geschmacksrichtungen &amp; super g\u00fcnstig!\" \/>\n<meta name=\"robots\" content=\"index, follow, max-snippet:-1, max-image-preview:large, max-video-preview:-1\" \/>\n<link rel=\"canonical\" href=\"https:\/\/vapingnet.de\/sk\/vape\/blackberry-ice-macht-suechtig-elf-box-ls15000-jetzt-ohne-zoll-sichern\/\" \/>\n<meta property=\"og:locale\" content=\"sk_SK\" \/>\n<meta property=\"og:type\" content=\"article\" \/>\n<meta property=\"og:title\" content=\"Blackberry Ice Macht S\u00fcchtig ELF BOX LS15000 Jetzt Ohne Zoll Sichern | Vapingnet.de\" \/>\n<meta property=\"og:description\" content=\"Entdecke Blackberry Ice Macht S\u00fcchtig ELF BOX LS15000 Jetzt Ohne Zoll Sichern bei vapingnet.de, \u25ba Gro\u00dfe Auswahl an Geschmacksrichtungen &amp; super g\u00fcnstig!\" \/>\n<meta property=\"og:url\" content=\"https:\/\/vapingnet.de\/sk\/vape\/blackberry-ice-macht-suechtig-elf-box-ls15000-jetzt-ohne-zoll-sichern\/\" \/>\n<meta property=\"og:site_name\" content=\"Vapingnet.de\" \/>\n<meta property=\"article:publisher\" content=\"https:\/\/www.facebook.com\/vapingnetde\/\" \/>\n<meta property=\"article:modified_time\" content=\"2025-06-19T03:42:56+00:00\" \/>\n<meta property=\"og:image\" content=\"https:\/\/vapingnet.de\/wp-content\/uploads\/2025\/04\/Blackberry-Ice.webp\" \/>\n\t<meta property=\"og:image:width\" content=\"1000\" \/>\n\t<meta property=\"og:image:height\" content=\"1000\" \/>\n\t<meta property=\"og:image:type\" content=\"image\/webp\" \/>\n<meta name=\"twitter:card\" content=\"summary_large_image\" \/>\n<meta name=\"twitter:label1\" content=\"Est. reading time\" \/>\n\t<meta name=\"twitter:data1\" content=\"2 minutes\" \/>\n<script type=\"application\/ld+json\" class=\"yoast-schema-graph\">{\"@context\":\"https:\/\/schema.org\",\"@graph\":[{\"@type\":\"WebPage\",\"@id\":\"https:\/\/vapingnet.de\/vape\/blackberry-ice-macht-suechtig-elf-box-ls15000-jetzt-ohne-zoll-sichern\/\",\"url\":\"https:\/\/vapingnet.de\/vape\/blackberry-ice-macht-suechtig-elf-box-ls15000-jetzt-ohne-zoll-sichern\/\",\"name\":\"Blackberry Ice Macht S\u00fcchtig ELF BOX LS15000 Jetzt Ohne Zoll Sichern | Vapingnet.de\",\"isPartOf\":{\"@id\":\"https:\/\/vapingnet.de\/#website\"},\"primaryImageOfPage\":{\"@id\":\"https:\/\/vapingnet.de\/vape\/blackberry-ice-macht-suechtig-elf-box-ls15000-jetzt-ohne-zoll-sichern\/#primaryimage\"},\"image\":{\"@id\":\"https:\/\/vapingnet.de\/vape\/blackberry-ice-macht-suechtig-elf-box-ls15000-jetzt-ohne-zoll-sichern\/#primaryimage\"},\"thumbnailUrl\":\"https:\/\/vapingnet.de\/wp-content\/uploads\/2025\/04\/Blackberry-Ice.webp\",\"datePublished\":\"2025-04-21T06:44:54+00:00\",\"dateModified\":\"2025-06-19T03:42:56+00:00\",\"description\":\"Entdecke Blackberry Ice Macht S\u00fcchtig ELF BOX LS15000 Jetzt Ohne Zoll Sichern bei vapingnet.de, \u25ba Gro\u00dfe Auswahl an Geschmacksrichtungen & super g\u00fcnstig!\",\"breadcrumb\":{\"@id\":\"https:\/\/vapingnet.de\/vape\/blackberry-ice-macht-suechtig-elf-box-ls15000-jetzt-ohne-zoll-sichern\/#breadcrumb\"},\"inLanguage\":\"sk-SK\",\"potentialAction\":[{\"@type\":\"ReadAction\",\"target\":[\"https:\/\/vapingnet.de\/vape\/blackberry-ice-macht-suechtig-elf-box-ls15000-jetzt-ohne-zoll-sichern\/\"]}]},{\"@type\":\"ImageObject\",\"inLanguage\":\"sk-SK\",\"@id\":\"https:\/\/vapingnet.de\/vape\/blackberry-ice-macht-suechtig-elf-box-ls15000-jetzt-ohne-zoll-sichern\/#primaryimage\",\"url\":\"https:\/\/vapingnet.de\/wp-content\/uploads\/2025\/04\/Blackberry-Ice.webp\",\"contentUrl\":\"https:\/\/vapingnet.de\/wp-content\/uploads\/2025\/04\/Blackberry-Ice.webp\",\"width\":1000,\"height\":1000},{\"@type\":\"BreadcrumbList\",\"@id\":\"https:\/\/vapingnet.de\/vape\/blackberry-ice-macht-suechtig-elf-box-ls15000-jetzt-ohne-zoll-sichern\/#breadcrumb\",\"itemListElement\":[{\"@type\":\"ListItem\",\"position\":1,\"name\":\"Home\",\"item\":\"https:\/\/vapingnet.de\/\"},{\"@type\":\"ListItem\",\"position\":2,\"name\":\"Shop\",\"item\":\"https:\/\/vapingnet.de\/vape\/\"},{\"@type\":\"ListItem\",\"position\":3,\"name\":\"Blackberry Ice Macht S\u00fcchtig ELF BOX LS15000 Jetzt Ohne Zoll Sichern\"}]},{\"@type\":\"WebSite\",\"@id\":\"https:\/\/vapingnet.de\/#website\",\"url\":\"https:\/\/vapingnet.de\/\",\"name\":\"Vapingnet.de\",\"description\":\"\",\"publisher\":{\"@id\":\"https:\/\/vapingnet.de\/#organization\"},\"potentialAction\":[{\"@type\":\"SearchAction\",\"target\":{\"@type\":\"EntryPoint\",\"urlTemplate\":\"https:\/\/vapingnet.de\/?s={search_term_string}\"},\"query-input\":{\"@type\":\"PropertyValueSpecification\",\"valueRequired\":true,\"valueName\":\"search_term_string\"}}],\"inLanguage\":\"sk-SK\"},{\"@type\":\"Organization\",\"@id\":\"https:\/\/vapingnet.de\/#organization\",\"name\":\"Vapingnet.de\",\"url\":\"https:\/\/vapingnet.de\/\",\"logo\":{\"@type\":\"ImageObject\",\"inLanguage\":\"sk-SK\",\"@id\":\"https:\/\/vapingnet.de\/#\/schema\/logo\/image\/\",\"url\":\"https:\/\/vapingnet.de\/wp-content\/uploads\/2025\/03\/cropped-vapingnet.de_.jpg\",\"contentUrl\":\"https:\/\/vapingnet.de\/wp-content\/uploads\/2025\/03\/cropped-vapingnet.de_.jpg\",\"width\":512,\"height\":512,\"caption\":\"Vapingnet.de\"},\"image\":{\"@id\":\"https:\/\/vapingnet.de\/#\/schema\/logo\/image\/\"},\"sameAs\":[\"https:\/\/www.facebook.com\/vapingnetde\/\"]}]}<\/script>\n<!-- \/ Yoast SEO plugin. -->","yoast_head_json":{"title":"Blackberry Ice Macht S\u00fcchtig ELF BOX LS15000 Jetzt Ohne Zoll Sichern | Vapingnet.de","description":"Entdecke Blackberry Ice Macht S\u00fcchtig ELF BOX LS15000 Jetzt Ohne Zoll Sichern bei vapingnet.de, \u25ba Gro\u00dfe Auswahl an Geschmacksrichtungen & super g\u00fcnstig!","robots":{"index":"index","follow":"follow","max-snippet":"max-snippet:-1","max-image-preview":"max-image-preview:large","max-video-preview":"max-video-preview:-1"},"canonical":"https:\/\/vapingnet.de\/sk\/vape\/blackberry-ice-macht-suechtig-elf-box-ls15000-jetzt-ohne-zoll-sichern\/","og_locale":"sk_SK","og_type":"article","og_title":"Blackberry Ice Macht S\u00fcchtig ELF BOX LS15000 Jetzt Ohne Zoll Sichern | Vapingnet.de","og_description":"Entdecke Blackberry Ice Macht S\u00fcchtig ELF BOX LS15000 Jetzt Ohne Zoll Sichern bei vapingnet.de, \u25ba Gro\u00dfe Auswahl an Geschmacksrichtungen & super g\u00fcnstig!","og_url":"https:\/\/vapingnet.de\/sk\/vape\/blackberry-ice-macht-suechtig-elf-box-ls15000-jetzt-ohne-zoll-sichern\/","og_site_name":"Vapingnet.de","article_publisher":"https:\/\/www.facebook.com\/vapingnetde\/","article_modified_time":"2025-06-19T03:42:56+00:00","og_image":[{"width":1000,"height":1000,"url":"https:\/\/vapingnet.de\/wp-content\/uploads\/2025\/04\/Blackberry-Ice.webp","type":"image\/webp"}],"twitter_card":"summary_large_image","twitter_misc":{"Est. reading time":"2 minutes"},"schema":{"@context":"https:\/\/schema.org","@graph":[{"@type":"WebPage","@id":"https:\/\/vapingnet.de\/vape\/blackberry-ice-macht-suechtig-elf-box-ls15000-jetzt-ohne-zoll-sichern\/","url":"https:\/\/vapingnet.de\/vape\/blackberry-ice-macht-suechtig-elf-box-ls15000-jetzt-ohne-zoll-sichern\/","name":"Blackberry Ice Macht S\u00fcchtig ELF BOX LS15000 Jetzt Ohne Zoll Sichern | Vapingnet.de","isPartOf":{"@id":"https:\/\/vapingnet.de\/#website"},"primaryImageOfPage":{"@id":"https:\/\/vapingnet.de\/vape\/blackberry-ice-macht-suechtig-elf-box-ls15000-jetzt-ohne-zoll-sichern\/#primaryimage"},"image":{"@id":"https:\/\/vapingnet.de\/vape\/blackberry-ice-macht-suechtig-elf-box-ls15000-jetzt-ohne-zoll-sichern\/#primaryimage"},"thumbnailUrl":"https:\/\/vapingnet.de\/wp-content\/uploads\/2025\/04\/Blackberry-Ice.webp","datePublished":"2025-04-21T06:44:54+00:00","dateModified":"2025-06-19T03:42:56+00:00","description":"Entdecke Blackberry Ice Macht S\u00fcchtig ELF BOX LS15000 Jetzt Ohne Zoll Sichern bei vapingnet.de, \u25ba Gro\u00dfe Auswahl an Geschmacksrichtungen & super g\u00fcnstig!","breadcrumb":{"@id":"https:\/\/vapingnet.de\/vape\/blackberry-ice-macht-suechtig-elf-box-ls15000-jetzt-ohne-zoll-sichern\/#breadcrumb"},"inLanguage":"sk-SK","potentialAction":[{"@type":"ReadAction","target":["https:\/\/vapingnet.de\/vape\/blackberry-ice-macht-suechtig-elf-box-ls15000-jetzt-ohne-zoll-sichern\/"]}]},{"@type":"ImageObject","inLanguage":"sk-SK","@id":"https:\/\/vapingnet.de\/vape\/blackberry-ice-macht-suechtig-elf-box-ls15000-jetzt-ohne-zoll-sichern\/#primaryimage","url":"https:\/\/vapingnet.de\/wp-content\/uploads\/2025\/04\/Blackberry-Ice.webp","contentUrl":"https:\/\/vapingnet.de\/wp-content\/uploads\/2025\/04\/Blackberry-Ice.webp","width":1000,"height":1000},{"@type":"BreadcrumbList","@id":"https:\/\/vapingnet.de\/vape\/blackberry-ice-macht-suechtig-elf-box-ls15000-jetzt-ohne-zoll-sichern\/#breadcrumb","itemListElement":[{"@type":"ListItem","position":1,"name":"Home","item":"https:\/\/vapingnet.de\/"},{"@type":"ListItem","position":2,"name":"Shop","item":"https:\/\/vapingnet.de\/vape\/"},{"@type":"ListItem","position":3,"name":"Blackberry Ice Macht S\u00fcchtig ELF BOX LS15000 Jetzt Ohne Zoll Sichern"}]},{"@type":"WebSite","@id":"https:\/\/vapingnet.de\/#website","url":"https:\/\/vapingnet.de\/","name":"Vapingnet.de","description":"","publisher":{"@id":"https:\/\/vapingnet.de\/#organization"},"potentialAction":[{"@type":"SearchAction","target":{"@type":"EntryPoint","urlTemplate":"https:\/\/vapingnet.de\/?s={search_term_string}"},"query-input":{"@type":"PropertyValueSpecification","valueRequired":true,"valueName":"search_term_string"}}],"inLanguage":"sk-SK"},{"@type":"Organization","@id":"https:\/\/vapingnet.de\/#organization","name":"Vapingnet.de","url":"https:\/\/vapingnet.de\/","logo":{"@type":"ImageObject","inLanguage":"sk-SK","@id":"https:\/\/vapingnet.de\/#\/schema\/logo\/image\/","url":"https:\/\/vapingnet.de\/wp-content\/uploads\/2025\/03\/cropped-vapingnet.de_.jpg","contentUrl":"https:\/\/vapingnet.de\/wp-content\/uploads\/2025\/03\/cropped-vapingnet.de_.jpg","width":512,"height":512,"caption":"Vapingnet.de"},"image":{"@id":"https:\/\/vapingnet.de\/#\/schema\/logo\/image\/"},"sameAs":["https:\/\/www.facebook.com\/vapingnetde\/"]}]}},"tiered_pricing_type":"fixed","tiered_pricing_fixed_rules":{"10":"8.35","60":"7.54","110":"6.68","200":"5.85"},"tiered_pricing_product_settings":{"layout":"default","base_unit_name":{"singular":null,"plural":null},"default_variation":null},"tiered_pricing_minimum_quantity":null,"tiered_pricing_roles_data":[],"tiered_pricing_percentage_rules":[],"_links":{"self":[{"href":"https:\/\/vapingnet.de\/sk\/wp-json\/wp\/v2\/product\/6404","targetHints":{"allow":["GET"]}}],"collection":[{"href":"https:\/\/vapingnet.de\/sk\/wp-json\/wp\/v2\/product"}],"about":[{"href":"https:\/\/vapingnet.de\/sk\/wp-json\/wp\/v2\/types\/product"}],"version-history":[{"count":3,"href":"https:\/\/vapingnet.de\/sk\/wp-json\/wp\/v2\/product\/6404\/revisions"}],"predecessor-version":[{"id":6422,"href":"https:\/\/vapingnet.de\/sk\/wp-json\/wp\/v2\/product\/6404\/revisions\/6422"}],"wp:featuredmedia":[{"embeddable":true,"href":"https:\/\/vapingnet.de\/sk\/wp-json\/wp\/v2\/media\/6405"}],"wp:attachment":[{"href":"https:\/\/vapingnet.de\/sk\/wp-json\/wp\/v2\/media?parent=6404"}],"wp:term":[{"taxonomy":"brand","embeddable":true,"href":"https:\/\/vapingnet.de\/sk\/wp-json\/wp\/v2\/etheme_brands?post=6404"},{"taxonomy":"product_brand","embeddable":true,"href":"https:\/\/vapingnet.de\/sk\/wp-json\/wp\/v2\/product_brand?post=6404"},{"taxonomy":"product_cat","embeddable":true,"href":"https:\/\/vapingnet.de\/sk\/wp-json\/wp\/v2\/product_cat?post=6404"},{"taxonomy":"product_tag","embeddable":true,"href":"https:\/\/vapingnet.de\/sk\/wp-json\/wp\/v2\/product_tag?post=6404"}],"curies":[{"name":"wp","href":"https:\/\/api.w.org\/{rel}","templated":true}]}}