{"id":6409,"date":"2025-04-21T06:59:44","date_gmt":"2025-04-21T06:59:44","guid":{"rendered":"https:\/\/vapingnet.de\/?post_type=product&#038;p=6409"},"modified":"2025-06-19T03:42:54","modified_gmt":"2025-06-19T03:42:54","slug":"elf-box-ls15000-hochwertig-langanhaltend-strawberry-kiwi-im-trend","status":"publish","type":"product","link":"https:\/\/vapingnet.de\/sk\/vape\/elf-box-ls15000-hochwertig-langanhaltend-strawberry-kiwi-im-trend\/","title":{"rendered":"ELF BOX LS15000 kvalitn\u00fd a dlhotrvaj\u00faci Strawberry Kiwi v trende"},"content":{"rendered":"<h2 data-start=\"0\" data-end=\"69\" data-immersive-translate-walked=\"ae5f9cdc-8663-43c4-a880-bfd30efa7dc1\">ELF BOX LS15000: Odoln\u00e1 chu\u0165 pre vap\u00e9rov s chu\u0165ou<\/h2>\n<p class=\"\" data-start=\"71\" data-end=\"387\" data-immersive-translate-walked=\"ae5f9cdc-8663-43c4-a880-bfd30efa7dc1\" data-immersive-translate-paragraph=\"1\">Ak h\u013ead\u00e1te jednorazov\u00fa e-cigaretu, ktor\u00e1 vydr\u017e\u00ed dlho, dobre chut\u00ed a je pohodln\u00e1 na pou\u017e\u00edvanie, potom je ELF BOX LS15000 ide\u00e1lnou vo\u013ebou. T\u00e1to e-cigareta kombinuje ve\u013ek\u00e9 mno\u017estvo \u0165ahov s prvotriednym z\u00e1\u017eitkom z chuti a praktickou, dob\u00edjate\u013enou funkciou.<\/p>\n<h4 data-start=\"389\" data-end=\"409\" data-immersive-translate-walked=\"ae5f9cdc-8663-43c4-a880-bfd30efa7dc1\">Technick\u00e9 \u00fadaje<\/h4>\n<ul data-start=\"411\" data-end=\"601\" data-immersive-translate-walked=\"ae5f9cdc-8663-43c4-a880-bfd30efa7dc1\">\n<li class=\"\" data-start=\"411\" data-end=\"430\" data-immersive-translate-walked=\"ae5f9cdc-8663-43c4-a880-bfd30efa7dc1\">\n<p class=\"\" data-start=\"413\" data-end=\"430\" data-immersive-translate-walked=\"ae5f9cdc-8663-43c4-a880-bfd30efa7dc1\" data-immersive-translate-paragraph=\"1\">Potiahnutia: 15 000<\/p>\n<\/li>\n<li class=\"\" data-start=\"431\" data-end=\"462\" data-immersive-translate-walked=\"ae5f9cdc-8663-43c4-a880-bfd30efa7dc1\">\n<p class=\"\" data-start=\"433\" data-end=\"462\" data-immersive-translate-walked=\"ae5f9cdc-8663-43c4-a880-bfd30efa7dc1\" data-immersive-translate-paragraph=\"1\">Jadro: Mesh-Coil (0,6 Ohm)<\/p>\n<\/li>\n<li class=\"\" data-start=\"463\" data-end=\"483\" data-immersive-translate-walked=\"ae5f9cdc-8663-43c4-a880-bfd30efa7dc1\">\n<p class=\"\" data-start=\"465\" data-end=\"483\" data-immersive-translate-walked=\"ae5f9cdc-8663-43c4-a880-bfd30efa7dc1\" data-immersive-translate-paragraph=\"1\">E-Liquid: 26ml<\/p>\n<\/li>\n<li class=\"\" data-start=\"484\" data-end=\"509\" data-immersive-translate-walked=\"ae5f9cdc-8663-43c4-a880-bfd30efa7dc1\">\n<p class=\"\" data-start=\"486\" data-end=\"509\" data-immersive-translate-walked=\"ae5f9cdc-8663-43c4-a880-bfd30efa7dc1\" data-immersive-translate-paragraph=\"1\">Nikot\u00edn: 0%, 2%, 5%<\/p>\n<\/li>\n<li class=\"\" data-start=\"510\" data-end=\"532\" data-immersive-translate-walked=\"ae5f9cdc-8663-43c4-a880-bfd30efa7dc1\">\n<p class=\"\" data-start=\"512\" data-end=\"532\" data-immersive-translate-walked=\"ae5f9cdc-8663-43c4-a880-bfd30efa7dc1\" data-immersive-translate-paragraph=\"1\">Bat\u00e9ria: 600mAh<\/p>\n<\/li>\n<li class=\"\" data-start=\"533\" data-end=\"575\" data-immersive-translate-walked=\"ae5f9cdc-8663-43c4-a880-bfd30efa7dc1\">\n<p class=\"\" data-start=\"535\" data-end=\"575\" data-immersive-translate-walked=\"ae5f9cdc-8663-43c4-a880-bfd30efa7dc1\" data-immersive-translate-paragraph=\"1\">Dob\u00edjate\u013en\u00e9: \u00c1no, cez USB Type-C<\/p>\n<\/li>\n<li class=\"\" data-start=\"576\" data-end=\"601\" data-immersive-translate-walked=\"ae5f9cdc-8663-43c4-a880-bfd30efa7dc1\">\n<p class=\"\" data-start=\"578\" data-end=\"601\" data-immersive-translate-walked=\"ae5f9cdc-8663-43c4-a880-bfd30efa7dc1\" data-immersive-translate-paragraph=\"1\">Hmotnos\u0165 produktu: 91g<\/p>\n<\/li>\n<\/ul>\n<h4 data-start=\"603\" data-end=\"655\" data-immersive-translate-walked=\"ae5f9cdc-8663-43c4-a880-bfd30efa7dc1\">Exotick\u00e1 kombin\u00e1cia chut\u00ed: Jahoda Kiwi<\/h4>\n<p class=\"\" data-start=\"657\" data-end=\"1068\" data-immersive-translate-walked=\"ae5f9cdc-8663-43c4-a880-bfd30efa7dc1\" data-immersive-translate-paragraph=\"1\">ELF BOX LS15000 pon\u00faka lahodn\u00fa chu\u0165, ktor\u00e1 sp\u00e1ja sladkos\u0165 \u010derstv\u00fdch jah\u00f4d s tropickou ovocnos\u0165ou kiwi. Chu\u0165 \u201eJahoda Kiwi\u201c je dokonalou zmesou ovocnej sladkosti a osvie\u017euj\u00facej svie\u017eosti, ide\u00e1lna pre vap\u00e9rov, ktor\u00ed preferuj\u00fa ovocn\u00e9 a chutn\u00e9 ar\u00f3my. T\u00e1to chu\u0165 zabezpe\u010duje pr\u00edjemn\u00fd z\u00e1\u017eitok s paren\u00edm a dlho zost\u00e1va v pam\u00e4ti.<\/p>\n<h4 data-start=\"1070\" data-end=\"1114\" data-immersive-translate-walked=\"ae5f9cdc-8663-43c4-a880-bfd30efa7dc1\">Dlh\u00e1 \u017eivotnos\u0165 a praktick\u00e9 pou\u017eitie<\/h4>\n<p class=\"\" data-start=\"1116\" data-end=\"1439\" data-immersive-translate-walked=\"ae5f9cdc-8663-43c4-a880-bfd30efa7dc1\" data-immersive-translate-paragraph=\"1\">S p\u00f4sobivou kapacitou <a href=\"https:\/\/vapingnet.de\/sk\/k\/vape-15000-zuege\/\" target=\"_blank\" rel=\"noopener\"><strong>15 000 \u0165ahmi<\/strong><\/a> a 26 ml e-liquidu ELF BOX LS15000 pon\u00faka mimoriadnu \u017eivotnos\u0165, tak\u017ee si m\u00f4\u017eete t\u00fato e-cigaretu u\u017e\u00edva\u0165 dlh\u00fd \u010das, bez toho, aby sa r\u00fdchlo vypr\u00e1zdnila. Mesh-\u017ehavi\u010d s 0,6 Ohm zabezpe\u010duje rovnomern\u00e9 odparovanie a intenz\u00edvnu chu\u0165 pri ka\u017edom \u0165ahu.<\/p>\n<p class=\"\" data-start=\"1441\" data-end=\"1702\" data-immersive-translate-walked=\"ae5f9cdc-8663-43c4-a880-bfd30efa7dc1\" data-immersive-translate-paragraph=\"1\">V\u010faka dob\u00edjate\u013enej funkcii cez USB Type-C m\u00f4\u017eete ELF BOX LS15000 jednoducho nabi\u0165, ke\u010f sa bat\u00e9ria vybije. Kompaktn\u00fd dizajn a n\u00edzka hmotnos\u0165 len 91 g ju robia mimoriadne praktickou a ide\u00e1lnou na mobiln\u00e9 pou\u017eitie.<\/p>\n<h3 data-start=\"1704\" data-end=\"1752\" data-immersive-translate-walked=\"ae5f9cdc-8663-43c4-a880-bfd30efa7dc1\">V\u00fdhody ELF BOX LS15000 na jeden poh\u013ead<\/h3>\n<ul data-start=\"1754\" data-end=\"2304\" data-immersive-translate-walked=\"ae5f9cdc-8663-43c4-a880-bfd30efa7dc1\">\n<li class=\"\" data-start=\"1754\" data-end=\"1825\" data-immersive-translate-walked=\"ae5f9cdc-8663-43c4-a880-bfd30efa7dc1\">\n<p class=\"\" data-start=\"1756\" data-end=\"1825\" data-immersive-translate-walked=\"ae5f9cdc-8663-43c4-a880-bfd30efa7dc1\" data-immersive-translate-paragraph=\"1\">15 000 \u0165ahov: Dlh\u00e1 \u017eivotnos\u0165 pre roz\u0161\u00edren\u00e9 parenie.<\/p>\n<\/li>\n<li class=\"\" data-start=\"1826\" data-end=\"1935\" data-immersive-translate-walked=\"ae5f9cdc-8663-43c4-a880-bfd30efa7dc1\">\n<p class=\"\" data-start=\"1828\" data-end=\"1935\" data-immersive-translate-walked=\"ae5f9cdc-8663-43c4-a880-bfd30efa7dc1\" data-immersive-translate-paragraph=\"1\">Osvie\u017euj\u00faca chu\u0165: Zmes \u201eJahoda Kiwi\u201c pon\u00faka ovocn\u00fd a pr\u00edjemn\u00fd z\u00e1\u017eitok z parenia.<\/p>\n<\/li>\n<li class=\"\" data-start=\"1936\" data-end=\"2006\" data-immersive-translate-walked=\"ae5f9cdc-8663-43c4-a880-bfd30efa7dc1\">\n<p class=\"\" data-start=\"1938\" data-end=\"2006\" data-immersive-translate-walked=\"ae5f9cdc-8663-43c4-a880-bfd30efa7dc1\" data-immersive-translate-paragraph=\"1\">R\u00f4zne \u00farovne nikot\u00ednu: Dostupn\u00e9 v 0%, 2% a 5% nikot\u00edne.<\/p>\n<\/li>\n<li class=\"\" data-start=\"2007\" data-end=\"2126\" data-immersive-translate-walked=\"ae5f9cdc-8663-43c4-a880-bfd30efa7dc1\">\n<p class=\"\" data-start=\"2009\" data-end=\"2126\" data-immersive-translate-walked=\"ae5f9cdc-8663-43c4-a880-bfd30efa7dc1\" data-immersive-translate-paragraph=\"1\">Pohodln\u00e1 a \u013eahk\u00e1: S hmotnos\u0165ou len 91 g a kompaktn\u00fdm rozmerom je ELF BOX LS15000 mimoriadne praktick\u00e1.<\/p>\n<\/li>\n<li class=\"\" data-start=\"2127\" data-end=\"2203\" data-immersive-translate-walked=\"ae5f9cdc-8663-43c4-a880-bfd30efa7dc1\">\n<p class=\"\" data-start=\"2129\" data-end=\"2203\" data-immersive-translate-walked=\"ae5f9cdc-8663-43c4-a880-bfd30efa7dc1\" data-immersive-translate-paragraph=\"1\">Dob\u00edjate\u013en\u00e1: Jednoduch\u00e9 nab\u00edjanie cez USB Type-C pre dlh\u00e9 pou\u017e\u00edvanie.<\/p>\n<\/li>\n<li class=\"\" data-start=\"2204\" data-end=\"2304\" data-immersive-translate-walked=\"ae5f9cdc-8663-43c4-a880-bfd30efa7dc1\">\n<p class=\"\" data-start=\"2206\" data-end=\"2304\" data-immersive-translate-walked=\"ae5f9cdc-8663-43c4-a880-bfd30efa7dc1\" data-immersive-translate-paragraph=\"1\">\u017diadne clo: Pri n\u00e1kupe nad vapingnet.de sa ne\u00fa\u010dtuj\u00fa \u017eiadne dodato\u010dn\u00e9 clo poplatky.<\/p>\n<\/li>\n<\/ul>\n<h4 data-start=\"2306\" data-end=\"2337\" data-immersive-translate-walked=\"ae5f9cdc-8663-43c4-a880-bfd30efa7dc1\">Doru\u010denie a dostupnos\u0165<\/h4>\n<p class=\"\" data-start=\"2339\" data-end=\"2534\" data-immersive-translate-walked=\"ae5f9cdc-8663-43c4-a880-bfd30efa7dc1\" data-immersive-translate-paragraph=\"1\">ELF BOX LS15000 je dostupn\u00e1 na vapingnet.de a dod\u00e1va sa do 7-15 pracovn\u00fdch dn\u00ed. V\u010faka r\u00fdchlemu doru\u010deniu si m\u00f4\u017eete vychutna\u0165 svoj nov\u00fd z\u00e1\u017eitok s paren\u00edm v kr\u00e1tkom \u010dase.<\/p>\n<h4 data-start=\"2536\" data-end=\"2545\" data-immersive-translate-walked=\"ae5f9cdc-8663-43c4-a880-bfd30efa7dc1\">ELF BOX LS15000 \u2013 Perfektn\u00e1 vo\u013eba pre odoln\u00fd p\u00f4\u017eitok a ovocn\u00fa chu\u0165<\/h4>\n<p class=\"\" data-start=\"2547\" data-end=\"3022\" data-immersive-translate-walked=\"ae5f9cdc-8663-43c4-a880-bfd30efa7dc1\" data-immersive-translate-paragraph=\"1\">ELF BOX LS15000 pon\u00faka nielen vynikaj\u00facu chu\u0165, ale aj dlh\u00fa \u017eivotnos\u0165 a pou\u017e\u00edvate\u013esky pr\u00edvetiv\u00e9 ovl\u00e1danie. Kombin\u00e1cia \u201eJahoda Kiwi\u201c a praktickej, dob\u00edjate\u013enej funkcie z nej rob\u00ed ide\u00e1lnu vo\u013ebu pre vap\u00e9rov, ktor\u00ed h\u013eadaj\u00fa spo\u013eahliv\u00fa a kvalitn\u00fa e-cigaretu. Nav\u0161t\u00edvte vapingnet.de, aby ste si objednali svoju ELF BOX LS15000 a za\u017eili nezamenite\u013en\u00fd z\u00e1\u017eitok s paren\u00edm.<\/p>","protected":false},"excerpt":{"rendered":"<p>Die ELF BOX LS15000: Langlebiger Genuss f\u00fcr Dampfer mit Geschmack Wenn Sie auf der Suche nach einer Einweg-E-Zigarette sind, die lange h\u00e4lt, gut schmeckt und&#8230;<\/p>","protected":false},"featured_media":6418,"template":"","meta":[],"etheme_brands":[],"product_brand":[100],"product_cat":[53,49,61],"product_tag":[],"class_list":{"0":"post-6409","1":"product","2":"type-product","3":"status-publish","4":"has-post-thumbnail","6":"product_brand-elf-box-vape","7":"product_cat-vape-15000-zuege","8":"product_cat-einweg-e-zigarette","9":"product_cat-f","11":"first","12":"instock","13":"shipping-taxable","14":"purchasable","15":"product-type-simple"},"yoast_head":"<!-- This site is optimized with the Yoast SEO plugin v26.5 - https:\/\/yoast.com\/wordpress\/plugins\/seo\/ -->\n<title>ELF BOX LS15000 Hochwertig Langanhaltend Strawberry Kiwi Im Trend | Vapingnet.de<\/title>\n<meta name=\"description\" content=\"Entdecke ELF BOX LS15000 Hochwertig Langanhaltend Strawberry Kiwi Im Trend bei vapingnet.de, \u25ba Gro\u00dfe Auswahl an Geschmacksrichtungen &amp; super g\u00fcnstig!\" \/>\n<meta name=\"robots\" content=\"index, follow, max-snippet:-1, max-image-preview:large, max-video-preview:-1\" \/>\n<link rel=\"canonical\" href=\"https:\/\/vapingnet.de\/sk\/vape\/elf-box-ls15000-hochwertig-langanhaltend-strawberry-kiwi-im-trend\/\" \/>\n<meta property=\"og:locale\" content=\"sk_SK\" \/>\n<meta property=\"og:type\" content=\"article\" \/>\n<meta property=\"og:title\" content=\"ELF BOX LS15000 Hochwertig Langanhaltend Strawberry Kiwi Im Trend | Vapingnet.de\" \/>\n<meta property=\"og:description\" content=\"Entdecke ELF BOX LS15000 Hochwertig Langanhaltend Strawberry Kiwi Im Trend bei vapingnet.de, \u25ba Gro\u00dfe Auswahl an Geschmacksrichtungen &amp; super g\u00fcnstig!\" \/>\n<meta property=\"og:url\" content=\"https:\/\/vapingnet.de\/sk\/vape\/elf-box-ls15000-hochwertig-langanhaltend-strawberry-kiwi-im-trend\/\" \/>\n<meta property=\"og:site_name\" content=\"Vapingnet.de\" \/>\n<meta property=\"article:publisher\" content=\"https:\/\/www.facebook.com\/vapingnetde\/\" \/>\n<meta property=\"article:modified_time\" content=\"2025-06-19T03:42:54+00:00\" \/>\n<meta property=\"og:image\" content=\"https:\/\/vapingnet.de\/wp-content\/uploads\/2025\/04\/Strawberry-Kiwi.webp\" \/>\n\t<meta property=\"og:image:width\" content=\"1000\" \/>\n\t<meta property=\"og:image:height\" content=\"1000\" \/>\n\t<meta property=\"og:image:type\" content=\"image\/webp\" \/>\n<meta name=\"twitter:card\" content=\"summary_large_image\" \/>\n<meta name=\"twitter:label1\" content=\"Est. reading time\" \/>\n\t<meta name=\"twitter:data1\" content=\"3 minutes\" \/>\n<script type=\"application\/ld+json\" class=\"yoast-schema-graph\">{\"@context\":\"https:\/\/schema.org\",\"@graph\":[{\"@type\":\"WebPage\",\"@id\":\"https:\/\/vapingnet.de\/vape\/elf-box-ls15000-hochwertig-langanhaltend-strawberry-kiwi-im-trend\/\",\"url\":\"https:\/\/vapingnet.de\/vape\/elf-box-ls15000-hochwertig-langanhaltend-strawberry-kiwi-im-trend\/\",\"name\":\"ELF BOX LS15000 Hochwertig Langanhaltend Strawberry Kiwi Im Trend | Vapingnet.de\",\"isPartOf\":{\"@id\":\"https:\/\/vapingnet.de\/#website\"},\"primaryImageOfPage\":{\"@id\":\"https:\/\/vapingnet.de\/vape\/elf-box-ls15000-hochwertig-langanhaltend-strawberry-kiwi-im-trend\/#primaryimage\"},\"image\":{\"@id\":\"https:\/\/vapingnet.de\/vape\/elf-box-ls15000-hochwertig-langanhaltend-strawberry-kiwi-im-trend\/#primaryimage\"},\"thumbnailUrl\":\"https:\/\/vapingnet.de\/wp-content\/uploads\/2025\/04\/Strawberry-Kiwi.webp\",\"datePublished\":\"2025-04-21T06:59:44+00:00\",\"dateModified\":\"2025-06-19T03:42:54+00:00\",\"description\":\"Entdecke ELF BOX LS15000 Hochwertig Langanhaltend Strawberry Kiwi Im Trend bei vapingnet.de, \u25ba Gro\u00dfe Auswahl an Geschmacksrichtungen & super g\u00fcnstig!\",\"breadcrumb\":{\"@id\":\"https:\/\/vapingnet.de\/vape\/elf-box-ls15000-hochwertig-langanhaltend-strawberry-kiwi-im-trend\/#breadcrumb\"},\"inLanguage\":\"sk-SK\",\"potentialAction\":[{\"@type\":\"ReadAction\",\"target\":[\"https:\/\/vapingnet.de\/vape\/elf-box-ls15000-hochwertig-langanhaltend-strawberry-kiwi-im-trend\/\"]}]},{\"@type\":\"ImageObject\",\"inLanguage\":\"sk-SK\",\"@id\":\"https:\/\/vapingnet.de\/vape\/elf-box-ls15000-hochwertig-langanhaltend-strawberry-kiwi-im-trend\/#primaryimage\",\"url\":\"https:\/\/vapingnet.de\/wp-content\/uploads\/2025\/04\/Strawberry-Kiwi.webp\",\"contentUrl\":\"https:\/\/vapingnet.de\/wp-content\/uploads\/2025\/04\/Strawberry-Kiwi.webp\",\"width\":1000,\"height\":1000},{\"@type\":\"BreadcrumbList\",\"@id\":\"https:\/\/vapingnet.de\/vape\/elf-box-ls15000-hochwertig-langanhaltend-strawberry-kiwi-im-trend\/#breadcrumb\",\"itemListElement\":[{\"@type\":\"ListItem\",\"position\":1,\"name\":\"Home\",\"item\":\"https:\/\/vapingnet.de\/\"},{\"@type\":\"ListItem\",\"position\":2,\"name\":\"Shop\",\"item\":\"https:\/\/vapingnet.de\/vape\/\"},{\"@type\":\"ListItem\",\"position\":3,\"name\":\"ELF BOX LS15000 Hochwertig Langanhaltend Strawberry Kiwi Im Trend\"}]},{\"@type\":\"WebSite\",\"@id\":\"https:\/\/vapingnet.de\/#website\",\"url\":\"https:\/\/vapingnet.de\/\",\"name\":\"Vapingnet.de\",\"description\":\"\",\"publisher\":{\"@id\":\"https:\/\/vapingnet.de\/#organization\"},\"potentialAction\":[{\"@type\":\"SearchAction\",\"target\":{\"@type\":\"EntryPoint\",\"urlTemplate\":\"https:\/\/vapingnet.de\/?s={search_term_string}\"},\"query-input\":{\"@type\":\"PropertyValueSpecification\",\"valueRequired\":true,\"valueName\":\"search_term_string\"}}],\"inLanguage\":\"sk-SK\"},{\"@type\":\"Organization\",\"@id\":\"https:\/\/vapingnet.de\/#organization\",\"name\":\"Vapingnet.de\",\"url\":\"https:\/\/vapingnet.de\/\",\"logo\":{\"@type\":\"ImageObject\",\"inLanguage\":\"sk-SK\",\"@id\":\"https:\/\/vapingnet.de\/#\/schema\/logo\/image\/\",\"url\":\"https:\/\/vapingnet.de\/wp-content\/uploads\/2025\/03\/cropped-vapingnet.de_.jpg\",\"contentUrl\":\"https:\/\/vapingnet.de\/wp-content\/uploads\/2025\/03\/cropped-vapingnet.de_.jpg\",\"width\":512,\"height\":512,\"caption\":\"Vapingnet.de\"},\"image\":{\"@id\":\"https:\/\/vapingnet.de\/#\/schema\/logo\/image\/\"},\"sameAs\":[\"https:\/\/www.facebook.com\/vapingnetde\/\"]}]}<\/script>\n<!-- \/ Yoast SEO plugin. -->","yoast_head_json":{"title":"ELF BOX LS15000 Hochwertig Langanhaltend Strawberry Kiwi Im Trend | Vapingnet.de","description":"Entdecke ELF BOX LS15000 Hochwertig Langanhaltend Strawberry Kiwi Im Trend bei vapingnet.de, \u25ba Gro\u00dfe Auswahl an Geschmacksrichtungen & super g\u00fcnstig!","robots":{"index":"index","follow":"follow","max-snippet":"max-snippet:-1","max-image-preview":"max-image-preview:large","max-video-preview":"max-video-preview:-1"},"canonical":"https:\/\/vapingnet.de\/sk\/vape\/elf-box-ls15000-hochwertig-langanhaltend-strawberry-kiwi-im-trend\/","og_locale":"sk_SK","og_type":"article","og_title":"ELF BOX LS15000 Hochwertig Langanhaltend Strawberry Kiwi Im Trend | Vapingnet.de","og_description":"Entdecke ELF BOX LS15000 Hochwertig Langanhaltend Strawberry Kiwi Im Trend bei vapingnet.de, \u25ba Gro\u00dfe Auswahl an Geschmacksrichtungen & super g\u00fcnstig!","og_url":"https:\/\/vapingnet.de\/sk\/vape\/elf-box-ls15000-hochwertig-langanhaltend-strawberry-kiwi-im-trend\/","og_site_name":"Vapingnet.de","article_publisher":"https:\/\/www.facebook.com\/vapingnetde\/","article_modified_time":"2025-06-19T03:42:54+00:00","og_image":[{"width":1000,"height":1000,"url":"https:\/\/vapingnet.de\/wp-content\/uploads\/2025\/04\/Strawberry-Kiwi.webp","type":"image\/webp"}],"twitter_card":"summary_large_image","twitter_misc":{"Est. reading time":"3 minutes"},"schema":{"@context":"https:\/\/schema.org","@graph":[{"@type":"WebPage","@id":"https:\/\/vapingnet.de\/vape\/elf-box-ls15000-hochwertig-langanhaltend-strawberry-kiwi-im-trend\/","url":"https:\/\/vapingnet.de\/vape\/elf-box-ls15000-hochwertig-langanhaltend-strawberry-kiwi-im-trend\/","name":"ELF BOX LS15000 Hochwertig Langanhaltend Strawberry Kiwi Im Trend | Vapingnet.de","isPartOf":{"@id":"https:\/\/vapingnet.de\/#website"},"primaryImageOfPage":{"@id":"https:\/\/vapingnet.de\/vape\/elf-box-ls15000-hochwertig-langanhaltend-strawberry-kiwi-im-trend\/#primaryimage"},"image":{"@id":"https:\/\/vapingnet.de\/vape\/elf-box-ls15000-hochwertig-langanhaltend-strawberry-kiwi-im-trend\/#primaryimage"},"thumbnailUrl":"https:\/\/vapingnet.de\/wp-content\/uploads\/2025\/04\/Strawberry-Kiwi.webp","datePublished":"2025-04-21T06:59:44+00:00","dateModified":"2025-06-19T03:42:54+00:00","description":"Entdecke ELF BOX LS15000 Hochwertig Langanhaltend Strawberry Kiwi Im Trend bei vapingnet.de, \u25ba Gro\u00dfe Auswahl an Geschmacksrichtungen & super g\u00fcnstig!","breadcrumb":{"@id":"https:\/\/vapingnet.de\/vape\/elf-box-ls15000-hochwertig-langanhaltend-strawberry-kiwi-im-trend\/#breadcrumb"},"inLanguage":"sk-SK","potentialAction":[{"@type":"ReadAction","target":["https:\/\/vapingnet.de\/vape\/elf-box-ls15000-hochwertig-langanhaltend-strawberry-kiwi-im-trend\/"]}]},{"@type":"ImageObject","inLanguage":"sk-SK","@id":"https:\/\/vapingnet.de\/vape\/elf-box-ls15000-hochwertig-langanhaltend-strawberry-kiwi-im-trend\/#primaryimage","url":"https:\/\/vapingnet.de\/wp-content\/uploads\/2025\/04\/Strawberry-Kiwi.webp","contentUrl":"https:\/\/vapingnet.de\/wp-content\/uploads\/2025\/04\/Strawberry-Kiwi.webp","width":1000,"height":1000},{"@type":"BreadcrumbList","@id":"https:\/\/vapingnet.de\/vape\/elf-box-ls15000-hochwertig-langanhaltend-strawberry-kiwi-im-trend\/#breadcrumb","itemListElement":[{"@type":"ListItem","position":1,"name":"Home","item":"https:\/\/vapingnet.de\/"},{"@type":"ListItem","position":2,"name":"Shop","item":"https:\/\/vapingnet.de\/vape\/"},{"@type":"ListItem","position":3,"name":"ELF BOX LS15000 Hochwertig Langanhaltend Strawberry Kiwi Im Trend"}]},{"@type":"WebSite","@id":"https:\/\/vapingnet.de\/#website","url":"https:\/\/vapingnet.de\/","name":"Vapingnet.de","description":"","publisher":{"@id":"https:\/\/vapingnet.de\/#organization"},"potentialAction":[{"@type":"SearchAction","target":{"@type":"EntryPoint","urlTemplate":"https:\/\/vapingnet.de\/?s={search_term_string}"},"query-input":{"@type":"PropertyValueSpecification","valueRequired":true,"valueName":"search_term_string"}}],"inLanguage":"sk-SK"},{"@type":"Organization","@id":"https:\/\/vapingnet.de\/#organization","name":"Vapingnet.de","url":"https:\/\/vapingnet.de\/","logo":{"@type":"ImageObject","inLanguage":"sk-SK","@id":"https:\/\/vapingnet.de\/#\/schema\/logo\/image\/","url":"https:\/\/vapingnet.de\/wp-content\/uploads\/2025\/03\/cropped-vapingnet.de_.jpg","contentUrl":"https:\/\/vapingnet.de\/wp-content\/uploads\/2025\/03\/cropped-vapingnet.de_.jpg","width":512,"height":512,"caption":"Vapingnet.de"},"image":{"@id":"https:\/\/vapingnet.de\/#\/schema\/logo\/image\/"},"sameAs":["https:\/\/www.facebook.com\/vapingnetde\/"]}]}},"tiered_pricing_type":"fixed","tiered_pricing_fixed_rules":{"10":"8.35","60":"7.54","110":"6.68","200":"5.85"},"tiered_pricing_product_settings":{"layout":"default","base_unit_name":{"singular":null,"plural":null},"default_variation":null},"tiered_pricing_minimum_quantity":null,"tiered_pricing_roles_data":[],"tiered_pricing_percentage_rules":[],"_links":{"self":[{"href":"https:\/\/vapingnet.de\/sk\/wp-json\/wp\/v2\/product\/6409","targetHints":{"allow":["GET"]}}],"collection":[{"href":"https:\/\/vapingnet.de\/sk\/wp-json\/wp\/v2\/product"}],"about":[{"href":"https:\/\/vapingnet.de\/sk\/wp-json\/wp\/v2\/types\/product"}],"version-history":[{"count":1,"href":"https:\/\/vapingnet.de\/sk\/wp-json\/wp\/v2\/product\/6409\/revisions"}],"predecessor-version":[{"id":6425,"href":"https:\/\/vapingnet.de\/sk\/wp-json\/wp\/v2\/product\/6409\/revisions\/6425"}],"wp:featuredmedia":[{"embeddable":true,"href":"https:\/\/vapingnet.de\/sk\/wp-json\/wp\/v2\/media\/6418"}],"wp:attachment":[{"href":"https:\/\/vapingnet.de\/sk\/wp-json\/wp\/v2\/media?parent=6409"}],"wp:term":[{"taxonomy":"brand","embeddable":true,"href":"https:\/\/vapingnet.de\/sk\/wp-json\/wp\/v2\/etheme_brands?post=6409"},{"taxonomy":"product_brand","embeddable":true,"href":"https:\/\/vapingnet.de\/sk\/wp-json\/wp\/v2\/product_brand?post=6409"},{"taxonomy":"product_cat","embeddable":true,"href":"https:\/\/vapingnet.de\/sk\/wp-json\/wp\/v2\/product_cat?post=6409"},{"taxonomy":"product_tag","embeddable":true,"href":"https:\/\/vapingnet.de\/sk\/wp-json\/wp\/v2\/product_tag?post=6409"}],"curies":[{"name":"wp","href":"https:\/\/api.w.org\/{rel}","templated":true}]}}