{"id":6429,"date":"2025-04-21T07:29:45","date_gmt":"2025-04-21T07:29:45","guid":{"rendered":"https:\/\/vapingnet.de\/?post_type=product&#038;p=6429"},"modified":"2025-06-19T03:42:53","modified_gmt":"2025-06-19T03:42:53","slug":"strawberry-watermelon-in-der-elf-box-ls15000-top-qualitaet-direkt-vom","status":"publish","type":"product","link":"https:\/\/vapingnet.de\/sk\/vape\/strawberry-watermelon-in-der-elf-box-ls15000-top-qualitaet-direkt-vom\/","title":{"rendered":"Strawberry Watermelon v ELF BOX LS15000 \u0161pi\u010dkov\u00e1 kvalita priamo od"},"content":{"rendered":"<h2 data-start=\"0\" data-end=\"72\" data-immersive-translate-walked=\"391464d2-6753-4c13-8179-848e3dd2b8dc\">ELF BOX LS15000: Dokonal\u00e1 jednorazov\u00e1 e-cigareta pre milovn\u00edkov ovocia<\/h2>\n<p class=\"\" data-start=\"74\" data-end=\"315\" data-immersive-translate-walked=\"391464d2-6753-4c13-8179-848e3dd2b8dc\" data-immersive-translate-paragraph=\"1\">ELF BOX LS15000 stanovuje nov\u00e9 \u0161tandardy v oblasti jednorazov\u00fdch e-cigariet. S ve\u013ekorytou kapacitou e-liquidu, pokro\u010dilou technol\u00f3giou mesh-\u0161pir\u00e1lky a osvie\u017euj\u00facou pr\u00edchu\u0165ou sa st\u00e1va nevyhnutnos\u0165ou pre v\u0161etk\u00fdch vapera.<\/p>\n<h4 data-start=\"317\" data-end=\"351\" data-immersive-translate-walked=\"391464d2-6753-4c13-8179-848e3dd2b8dc\">Technick\u00e9 \u0161pecifik\u00e1cie<\/h4>\n<p class=\"\" data-start=\"353\" data-end=\"827\" data-immersive-translate-walked=\"391464d2-6753-4c13-8179-848e3dd2b8dc\" data-immersive-translate-paragraph=\"1\">ELF BOX LS15000 je vybaven\u00e1 mesh-\u0161pir\u00e1lkou s odporom 0,6 Ohm, ktor\u00e1 zabezpe\u010duje rovnomern\u00e9 a efekt\u00edvne odparovanie. 26 ml e-liquidu vydr\u017e\u00ed a\u017e 15 000 potiahnut\u00ed, \u010do z nej rob\u00ed jednu z najdlh\u0161ie vydr\u017eiavaj\u00facich jednorazov\u00fdch e-cigariet na trhu. Bat\u00e9ria s kapacitou 600 mAh zabezpe\u010duje dlhodob\u00e9 pote\u0161enie a d\u00e1 sa pohodlne nab\u00edja\u0165 cez Type-C port. S hmotnos\u0165ou len 91 g je zariadenie \u013eahk\u00e9 a \u013eahko ovl\u00e1date\u013en\u00e9.<\/p>\n<h4 data-start=\"829\" data-end=\"877\" data-immersive-translate-walked=\"391464d2-6753-4c13-8179-848e3dd2b8dc\">Ovocn\u00e1 chu\u0165: Jahoda Mel\u00f3n<\/h4>\n<p class=\"\" data-start=\"879\" data-end=\"1241\" data-immersive-translate-walked=\"391464d2-6753-4c13-8179-848e3dd2b8dc\" data-immersive-translate-paragraph=\"1\">Pr\u00edchu\u0165 Jahoda Mel\u00f3n pon\u00faka osvie\u017euj\u00facu zmes sladk\u00fdch jah\u00f4d a \u0161\u0165avnat\u00e9ho mel\u00f3nu. Ide\u00e1lna pre vapera, ktor\u00fd h\u013ead\u00e1 ovocn\u00fa, ale nie pr\u00edli\u0161 intenz\u00edvnu chu\u0165. T\u00e1to pr\u00edchu\u0165 zost\u00e1va aj pri dlh\u0161om pou\u017e\u00edvan\u00ed \u010derstv\u00e1 a jasn\u00e1, \u010d\u00edm zabezpe\u010duje nezamenite\u013en\u00fd z\u00e1\u017eitok z vapovania.<\/p>\n<h4 data-start=\"1243\" data-end=\"1274\" data-immersive-translate-walked=\"391464d2-6753-4c13-8179-848e3dd2b8dc\">Flexibiln\u00e9 nikot\u00ednov\u00e9 koncentr\u00e1cie<\/h4>\n<p class=\"\" data-start=\"1276\" data-end=\"1561\" data-immersive-translate-paragraph=\"1\" data-immersive-translate-walked=\"391464d2-6753-4c13-8179-848e3dd2b8dc\">ELF BOX LS15000 je dostupn\u00e1 v nikot\u00ednov\u00fdch sil\u00e1ch 0%, 2% a 5%, tak\u017ee ka\u017ed\u00fd vaper si m\u00f4\u017ee vybra\u0165 t\u00fa spr\u00e1vnu silu pre seba. \u010ci ste za\u010diato\u010dn\u00edk alebo sk\u00fasen\u00fd vap\u00e9r \u2013 t\u00e1to e-cigareta sa d\u00e1 dokonale prisp\u00f4sobi\u0165 va\u0161im potreb\u00e1m.<\/p>\n<h4 data-start=\"1563\" data-end=\"1595\" data-immersive-translate-walked=\"391464d2-6753-4c13-8179-848e3dd2b8dc\">V\u00fdhody na prv\u00fd poh\u013ead<\/h4>\n<ul data-start=\"1597\" data-end=\"2068\" data-immersive-translate-walked=\"391464d2-6753-4c13-8179-848e3dd2b8dc\">\n<li class=\"\" data-start=\"1597\" data-end=\"1690\" data-immersive-translate-walked=\"391464d2-6753-4c13-8179-848e3dd2b8dc\">\n<p class=\"\" data-start=\"1599\" data-end=\"1690\" data-immersive-translate-walked=\"391464d2-6753-4c13-8179-848e3dd2b8dc\" data-immersive-translate-paragraph=\"1\">Doprava zdarma: \u017diadne dodato\u010dn\u00e9 n\u00e1klady pri objedn\u00e1vke ELF BOX LS15000.<\/p>\n<\/li>\n<li class=\"\" data-start=\"1691\" data-end=\"1782\" data-immersive-translate-walked=\"391464d2-6753-4c13-8179-848e3dd2b8dc\">\n<p class=\"\" data-start=\"1693\" data-end=\"1782\" data-immersive-translate-walked=\"391464d2-6753-4c13-8179-848e3dd2b8dc\" data-immersive-translate-paragraph=\"1\">Dlh\u00e1 v\u00fddr\u017e: A\u017e 15 000 potiahnut\u00ed v\u010faka ve\u013ekej kapacite e-liquidu 26 ml.<\/p>\n<\/li>\n<li class=\"\" data-start=\"1783\" data-end=\"1850\" data-immersive-translate-walked=\"391464d2-6753-4c13-8179-848e3dd2b8dc\">\n<p class=\"\" data-start=\"1785\" data-end=\"1850\" data-immersive-translate-walked=\"391464d2-6753-4c13-8179-848e3dd2b8dc\" data-immersive-translate-paragraph=\"1\">R\u00fdchle doru\u010denie: Doba dodania je len 7-15 pracovn\u00fdch dn\u00ed.<\/p>\n<\/li>\n<li class=\"\" data-start=\"1851\" data-end=\"1951\" data-immersive-translate-walked=\"391464d2-6753-4c13-8179-848e3dd2b8dc\">\n<p class=\"\" data-start=\"1853\" data-end=\"1951\" data-immersive-translate-walked=\"391464d2-6753-4c13-8179-848e3dd2b8dc\" data-immersive-translate-paragraph=\"1\">R\u00fdchle nab\u00edjanie: S portom Type-C je nab\u00edjanie bat\u00e9rie obzvl\u00e1\u0161\u0165 pohodln\u00e9.<\/p>\n<\/li>\n<li class=\"\" data-start=\"1952\" data-end=\"2068\" data-immersive-translate-walked=\"391464d2-6753-4c13-8179-848e3dd2b8dc\">\n<p class=\"\" data-start=\"1954\" data-end=\"2068\" data-immersive-translate-walked=\"391464d2-6753-4c13-8179-848e3dd2b8dc\" data-immersive-translate-paragraph=\"1\">Osvie\u017euj\u00faca chu\u0165: Kombin\u00e1cia jahody a mel\u00f3nu zabezpe\u010duje ovocn\u00fd z\u00e1\u017eitok z vapovania.<\/p>\n<\/li>\n<\/ul>\n<h3>Pre\u010do si vybra\u0165 ELF BOX LS15000?<\/h3>\n<p class=\"\" data-start=\"2113\" data-end=\"2539\" data-immersive-translate-walked=\"391464d2-6753-4c13-8179-848e3dd2b8dc\" data-immersive-translate-paragraph=\"1\">ELF BOX LS15000 presvied\u010da vysok\u00fdm v\u00fdkonom, jednoduch\u00fdm ovl\u00e1dan\u00edm a osvie\u017euj\u00facou pr\u00edchu\u0165ou Jahoda Mel\u00f3n. S mno\u017estvom v\u00fdhod, vr\u00e1tane dopravy zadarmo a r\u00fdchleho doru\u010denia, je ide\u00e1lnou vo\u013ebou pre v\u0161etk\u00fdch, ktor\u00ed h\u013eadaj\u00fa kvalitn\u00fa jednorazov\u00fa e-cigaretu. Objednajte e\u0161te dnes na vapingnet.de a vychutnajte si dlhodob\u00fd a \u010derstv\u00fd z\u00e1\u017eitok z vapovania.<\/p>","protected":false},"excerpt":{"rendered":"<p>ELF BOX LS15000: Ide\u00e1lna jednorazov\u00e1 e-cigareta pre milovn\u00edkov ovocia ELF BOX LS15000 nastavuje nov\u00e9 \u0161tandardy v oblasti jednorazov\u00fdch e cigariet. S ve\u013ekorytou kapacitou e-liquidu, pokro\u010dilou technol\u00f3giou mesh-coil...<\/p>","protected":false},"featured_media":6419,"template":"","meta":[],"etheme_brands":[],"product_brand":[100],"product_cat":[53,49,61],"product_tag":[],"class_list":{"0":"post-6429","1":"product","2":"type-product","3":"status-publish","4":"has-post-thumbnail","6":"product_brand-elf-box-vape","7":"product_cat-vape-15000-zuege","8":"product_cat-einweg-e-zigarette","9":"product_cat-f","11":"first","12":"instock","13":"shipping-taxable","14":"purchasable","15":"product-type-simple"},"yoast_head":"<!-- This site is optimized with the Yoast SEO plugin v26.5 - https:\/\/yoast.com\/wordpress\/plugins\/seo\/ -->\n<title>Strawberry Watermelon In Der ELF BOX LS15000 Top Qualit\u00e4t Direkt Vom | Vapingnet.de<\/title>\n<meta name=\"description\" content=\"Entdecke Strawberry Watermelon In Der ELF BOX LS15000 Top Qualit\u00e4t Direkt Vom bei vapingnet.de, \u25ba Gro\u00dfe Auswahl an Geschmacksrichtungen &amp; super g\u00fcnstig!\" \/>\n<meta name=\"robots\" content=\"index, follow, max-snippet:-1, max-image-preview:large, max-video-preview:-1\" \/>\n<link rel=\"canonical\" href=\"https:\/\/vapingnet.de\/sk\/vape\/strawberry-watermelon-in-der-elf-box-ls15000-top-qualitaet-direkt-vom\/\" \/>\n<meta property=\"og:locale\" content=\"sk_SK\" \/>\n<meta property=\"og:type\" content=\"article\" \/>\n<meta property=\"og:title\" content=\"Strawberry Watermelon In Der ELF BOX LS15000 Top Qualit\u00e4t Direkt Vom | Vapingnet.de\" \/>\n<meta property=\"og:description\" content=\"Entdecke Strawberry Watermelon In Der ELF BOX LS15000 Top Qualit\u00e4t Direkt Vom bei vapingnet.de, \u25ba Gro\u00dfe Auswahl an Geschmacksrichtungen &amp; super g\u00fcnstig!\" \/>\n<meta property=\"og:url\" content=\"https:\/\/vapingnet.de\/sk\/vape\/strawberry-watermelon-in-der-elf-box-ls15000-top-qualitaet-direkt-vom\/\" \/>\n<meta property=\"og:site_name\" content=\"Vapingnet.de\" \/>\n<meta property=\"article:publisher\" content=\"https:\/\/www.facebook.com\/vapingnetde\/\" \/>\n<meta property=\"article:modified_time\" content=\"2025-06-19T03:42:53+00:00\" \/>\n<meta property=\"og:image\" content=\"https:\/\/vapingnet.de\/wp-content\/uploads\/2025\/04\/Strawberry-Watermelon-2.webp\" \/>\n\t<meta property=\"og:image:width\" content=\"1000\" \/>\n\t<meta property=\"og:image:height\" content=\"1000\" \/>\n\t<meta property=\"og:image:type\" content=\"image\/webp\" \/>\n<meta name=\"twitter:card\" content=\"summary_large_image\" \/>\n<meta name=\"twitter:label1\" content=\"Est. reading time\" \/>\n\t<meta name=\"twitter:data1\" content=\"3 minutes\" \/>\n<script type=\"application\/ld+json\" class=\"yoast-schema-graph\">{\"@context\":\"https:\/\/schema.org\",\"@graph\":[{\"@type\":\"WebPage\",\"@id\":\"https:\/\/vapingnet.de\/vape\/strawberry-watermelon-in-der-elf-box-ls15000-top-qualitaet-direkt-vom\/\",\"url\":\"https:\/\/vapingnet.de\/vape\/strawberry-watermelon-in-der-elf-box-ls15000-top-qualitaet-direkt-vom\/\",\"name\":\"Strawberry Watermelon In Der ELF BOX LS15000 Top Qualit\u00e4t Direkt Vom | Vapingnet.de\",\"isPartOf\":{\"@id\":\"https:\/\/vapingnet.de\/#website\"},\"primaryImageOfPage\":{\"@id\":\"https:\/\/vapingnet.de\/vape\/strawberry-watermelon-in-der-elf-box-ls15000-top-qualitaet-direkt-vom\/#primaryimage\"},\"image\":{\"@id\":\"https:\/\/vapingnet.de\/vape\/strawberry-watermelon-in-der-elf-box-ls15000-top-qualitaet-direkt-vom\/#primaryimage\"},\"thumbnailUrl\":\"https:\/\/vapingnet.de\/wp-content\/uploads\/2025\/04\/Strawberry-Watermelon-2.webp\",\"datePublished\":\"2025-04-21T07:29:45+00:00\",\"dateModified\":\"2025-06-19T03:42:53+00:00\",\"description\":\"Entdecke Strawberry Watermelon In Der ELF BOX LS15000 Top Qualit\u00e4t Direkt Vom bei vapingnet.de, \u25ba Gro\u00dfe Auswahl an Geschmacksrichtungen & super g\u00fcnstig!\",\"breadcrumb\":{\"@id\":\"https:\/\/vapingnet.de\/vape\/strawberry-watermelon-in-der-elf-box-ls15000-top-qualitaet-direkt-vom\/#breadcrumb\"},\"inLanguage\":\"sk-SK\",\"potentialAction\":[{\"@type\":\"ReadAction\",\"target\":[\"https:\/\/vapingnet.de\/vape\/strawberry-watermelon-in-der-elf-box-ls15000-top-qualitaet-direkt-vom\/\"]}]},{\"@type\":\"ImageObject\",\"inLanguage\":\"sk-SK\",\"@id\":\"https:\/\/vapingnet.de\/vape\/strawberry-watermelon-in-der-elf-box-ls15000-top-qualitaet-direkt-vom\/#primaryimage\",\"url\":\"https:\/\/vapingnet.de\/wp-content\/uploads\/2025\/04\/Strawberry-Watermelon-2.webp\",\"contentUrl\":\"https:\/\/vapingnet.de\/wp-content\/uploads\/2025\/04\/Strawberry-Watermelon-2.webp\",\"width\":1000,\"height\":1000},{\"@type\":\"BreadcrumbList\",\"@id\":\"https:\/\/vapingnet.de\/vape\/strawberry-watermelon-in-der-elf-box-ls15000-top-qualitaet-direkt-vom\/#breadcrumb\",\"itemListElement\":[{\"@type\":\"ListItem\",\"position\":1,\"name\":\"Home\",\"item\":\"https:\/\/vapingnet.de\/\"},{\"@type\":\"ListItem\",\"position\":2,\"name\":\"Shop\",\"item\":\"https:\/\/vapingnet.de\/vape\/\"},{\"@type\":\"ListItem\",\"position\":3,\"name\":\"Strawberry Watermelon In Der ELF BOX LS15000 Top Qualit\u00e4t Direkt Vom\"}]},{\"@type\":\"WebSite\",\"@id\":\"https:\/\/vapingnet.de\/#website\",\"url\":\"https:\/\/vapingnet.de\/\",\"name\":\"Vapingnet.de\",\"description\":\"\",\"publisher\":{\"@id\":\"https:\/\/vapingnet.de\/#organization\"},\"potentialAction\":[{\"@type\":\"SearchAction\",\"target\":{\"@type\":\"EntryPoint\",\"urlTemplate\":\"https:\/\/vapingnet.de\/?s={search_term_string}\"},\"query-input\":{\"@type\":\"PropertyValueSpecification\",\"valueRequired\":true,\"valueName\":\"search_term_string\"}}],\"inLanguage\":\"sk-SK\"},{\"@type\":\"Organization\",\"@id\":\"https:\/\/vapingnet.de\/#organization\",\"name\":\"Vapingnet.de\",\"url\":\"https:\/\/vapingnet.de\/\",\"logo\":{\"@type\":\"ImageObject\",\"inLanguage\":\"sk-SK\",\"@id\":\"https:\/\/vapingnet.de\/#\/schema\/logo\/image\/\",\"url\":\"https:\/\/vapingnet.de\/wp-content\/uploads\/2025\/03\/cropped-vapingnet.de_.jpg\",\"contentUrl\":\"https:\/\/vapingnet.de\/wp-content\/uploads\/2025\/03\/cropped-vapingnet.de_.jpg\",\"width\":512,\"height\":512,\"caption\":\"Vapingnet.de\"},\"image\":{\"@id\":\"https:\/\/vapingnet.de\/#\/schema\/logo\/image\/\"},\"sameAs\":[\"https:\/\/www.facebook.com\/vapingnetde\/\"]}]}<\/script>\n<!-- \/ Yoast SEO plugin. -->","yoast_head_json":{"title":"Strawberry Watermelon In Der ELF BOX LS15000 Top Qualit\u00e4t Direkt Vom | Vapingnet.de","description":"Entdecke Strawberry Watermelon In Der ELF BOX LS15000 Top Qualit\u00e4t Direkt Vom bei vapingnet.de, \u25ba Gro\u00dfe Auswahl an Geschmacksrichtungen & super g\u00fcnstig!","robots":{"index":"index","follow":"follow","max-snippet":"max-snippet:-1","max-image-preview":"max-image-preview:large","max-video-preview":"max-video-preview:-1"},"canonical":"https:\/\/vapingnet.de\/sk\/vape\/strawberry-watermelon-in-der-elf-box-ls15000-top-qualitaet-direkt-vom\/","og_locale":"sk_SK","og_type":"article","og_title":"Strawberry Watermelon In Der ELF BOX LS15000 Top Qualit\u00e4t Direkt Vom | Vapingnet.de","og_description":"Entdecke Strawberry Watermelon In Der ELF BOX LS15000 Top Qualit\u00e4t Direkt Vom bei vapingnet.de, \u25ba Gro\u00dfe Auswahl an Geschmacksrichtungen & super g\u00fcnstig!","og_url":"https:\/\/vapingnet.de\/sk\/vape\/strawberry-watermelon-in-der-elf-box-ls15000-top-qualitaet-direkt-vom\/","og_site_name":"Vapingnet.de","article_publisher":"https:\/\/www.facebook.com\/vapingnetde\/","article_modified_time":"2025-06-19T03:42:53+00:00","og_image":[{"width":1000,"height":1000,"url":"https:\/\/vapingnet.de\/wp-content\/uploads\/2025\/04\/Strawberry-Watermelon-2.webp","type":"image\/webp"}],"twitter_card":"summary_large_image","twitter_misc":{"Est. reading time":"3 minutes"},"schema":{"@context":"https:\/\/schema.org","@graph":[{"@type":"WebPage","@id":"https:\/\/vapingnet.de\/vape\/strawberry-watermelon-in-der-elf-box-ls15000-top-qualitaet-direkt-vom\/","url":"https:\/\/vapingnet.de\/vape\/strawberry-watermelon-in-der-elf-box-ls15000-top-qualitaet-direkt-vom\/","name":"Strawberry Watermelon In Der ELF BOX LS15000 Top Qualit\u00e4t Direkt Vom | Vapingnet.de","isPartOf":{"@id":"https:\/\/vapingnet.de\/#website"},"primaryImageOfPage":{"@id":"https:\/\/vapingnet.de\/vape\/strawberry-watermelon-in-der-elf-box-ls15000-top-qualitaet-direkt-vom\/#primaryimage"},"image":{"@id":"https:\/\/vapingnet.de\/vape\/strawberry-watermelon-in-der-elf-box-ls15000-top-qualitaet-direkt-vom\/#primaryimage"},"thumbnailUrl":"https:\/\/vapingnet.de\/wp-content\/uploads\/2025\/04\/Strawberry-Watermelon-2.webp","datePublished":"2025-04-21T07:29:45+00:00","dateModified":"2025-06-19T03:42:53+00:00","description":"Entdecke Strawberry Watermelon In Der ELF BOX LS15000 Top Qualit\u00e4t Direkt Vom bei vapingnet.de, \u25ba Gro\u00dfe Auswahl an Geschmacksrichtungen & super g\u00fcnstig!","breadcrumb":{"@id":"https:\/\/vapingnet.de\/vape\/strawberry-watermelon-in-der-elf-box-ls15000-top-qualitaet-direkt-vom\/#breadcrumb"},"inLanguage":"sk-SK","potentialAction":[{"@type":"ReadAction","target":["https:\/\/vapingnet.de\/vape\/strawberry-watermelon-in-der-elf-box-ls15000-top-qualitaet-direkt-vom\/"]}]},{"@type":"ImageObject","inLanguage":"sk-SK","@id":"https:\/\/vapingnet.de\/vape\/strawberry-watermelon-in-der-elf-box-ls15000-top-qualitaet-direkt-vom\/#primaryimage","url":"https:\/\/vapingnet.de\/wp-content\/uploads\/2025\/04\/Strawberry-Watermelon-2.webp","contentUrl":"https:\/\/vapingnet.de\/wp-content\/uploads\/2025\/04\/Strawberry-Watermelon-2.webp","width":1000,"height":1000},{"@type":"BreadcrumbList","@id":"https:\/\/vapingnet.de\/vape\/strawberry-watermelon-in-der-elf-box-ls15000-top-qualitaet-direkt-vom\/#breadcrumb","itemListElement":[{"@type":"ListItem","position":1,"name":"Home","item":"https:\/\/vapingnet.de\/"},{"@type":"ListItem","position":2,"name":"Shop","item":"https:\/\/vapingnet.de\/vape\/"},{"@type":"ListItem","position":3,"name":"Strawberry Watermelon In Der ELF BOX LS15000 Top Qualit\u00e4t Direkt Vom"}]},{"@type":"WebSite","@id":"https:\/\/vapingnet.de\/#website","url":"https:\/\/vapingnet.de\/","name":"Vapingnet.de","description":"","publisher":{"@id":"https:\/\/vapingnet.de\/#organization"},"potentialAction":[{"@type":"SearchAction","target":{"@type":"EntryPoint","urlTemplate":"https:\/\/vapingnet.de\/?s={search_term_string}"},"query-input":{"@type":"PropertyValueSpecification","valueRequired":true,"valueName":"search_term_string"}}],"inLanguage":"sk-SK"},{"@type":"Organization","@id":"https:\/\/vapingnet.de\/#organization","name":"Vapingnet.de","url":"https:\/\/vapingnet.de\/","logo":{"@type":"ImageObject","inLanguage":"sk-SK","@id":"https:\/\/vapingnet.de\/#\/schema\/logo\/image\/","url":"https:\/\/vapingnet.de\/wp-content\/uploads\/2025\/03\/cropped-vapingnet.de_.jpg","contentUrl":"https:\/\/vapingnet.de\/wp-content\/uploads\/2025\/03\/cropped-vapingnet.de_.jpg","width":512,"height":512,"caption":"Vapingnet.de"},"image":{"@id":"https:\/\/vapingnet.de\/#\/schema\/logo\/image\/"},"sameAs":["https:\/\/www.facebook.com\/vapingnetde\/"]}]}},"tiered_pricing_type":"fixed","tiered_pricing_fixed_rules":{"10":"8.35","60":"7.54","110":"6.68","200":"5.85"},"tiered_pricing_product_settings":{"layout":"default","base_unit_name":{"singular":null,"plural":null},"default_variation":null},"tiered_pricing_minimum_quantity":null,"tiered_pricing_roles_data":[],"tiered_pricing_percentage_rules":[],"_links":{"self":[{"href":"https:\/\/vapingnet.de\/sk\/wp-json\/wp\/v2\/product\/6429","targetHints":{"allow":["GET"]}}],"collection":[{"href":"https:\/\/vapingnet.de\/sk\/wp-json\/wp\/v2\/product"}],"about":[{"href":"https:\/\/vapingnet.de\/sk\/wp-json\/wp\/v2\/types\/product"}],"version-history":[{"count":1,"href":"https:\/\/vapingnet.de\/sk\/wp-json\/wp\/v2\/product\/6429\/revisions"}],"predecessor-version":[{"id":6437,"href":"https:\/\/vapingnet.de\/sk\/wp-json\/wp\/v2\/product\/6429\/revisions\/6437"}],"wp:featuredmedia":[{"embeddable":true,"href":"https:\/\/vapingnet.de\/sk\/wp-json\/wp\/v2\/media\/6419"}],"wp:attachment":[{"href":"https:\/\/vapingnet.de\/sk\/wp-json\/wp\/v2\/media?parent=6429"}],"wp:term":[{"taxonomy":"brand","embeddable":true,"href":"https:\/\/vapingnet.de\/sk\/wp-json\/wp\/v2\/etheme_brands?post=6429"},{"taxonomy":"product_brand","embeddable":true,"href":"https:\/\/vapingnet.de\/sk\/wp-json\/wp\/v2\/product_brand?post=6429"},{"taxonomy":"product_cat","embeddable":true,"href":"https:\/\/vapingnet.de\/sk\/wp-json\/wp\/v2\/product_cat?post=6429"},{"taxonomy":"product_tag","embeddable":true,"href":"https:\/\/vapingnet.de\/sk\/wp-json\/wp\/v2\/product_tag?post=6429"}],"curies":[{"name":"wp","href":"https:\/\/api.w.org\/{rel}","templated":true}]}}