{"id":6431,"date":"2025-04-21T07:29:48","date_gmt":"2025-04-21T07:29:48","guid":{"rendered":"https:\/\/vapingnet.de\/?post_type=product&#038;p=6431"},"modified":"2025-06-19T03:42:52","modified_gmt":"2025-06-19T03:42:52","slug":"erlebe-peach-mango-pineapple-mit-elf-box-ls15000-guenstig-und-direkt-ab-werk","status":"publish","type":"product","link":"https:\/\/vapingnet.de\/sk\/vape\/erlebe-peach-mango-pineapple-mit-elf-box-ls15000-guenstig-und-direkt-ab-werk\/","title":{"rendered":"Za\u017eite Peach Mango Pineapple s ELF BOX LS15000 lacno a priamo z v\u00fdrobn\u00e9ho z\u00e1vodu"},"content":{"rendered":"<h2 data-start=\"0\" data-end=\"71\" data-immersive-translate-walked=\"10cfca06-867b-45c4-a480-b634a2d673e1\">ELF BOX LS15000: V\u00fdkonn\u00fd z\u00e1\u017eitok z vapingu s 15000 potiahnutiami<\/h2>\n<p class=\"\" data-start=\"73\" data-end=\"384\" data-immersive-translate-walked=\"10cfca06-867b-45c4-a480-b634a2d673e1\" data-immersive-translate-paragraph=\"1\">ELF BOX LS15000 je vynikaj\u00facou vo\u013ebou pre nad\u0161encov vapingu, ktor\u00ed h\u013eadaj\u00fa odoln\u00fd, v\u00fdkonn\u00fd a chu\u0165ovo intenz\u00edvny jednorazov\u00fd vaporiz\u00e9r. S impozantn\u00fdm po\u010dtom 15000 potiahnut\u00ed a prepracovan\u00fdm dizajnom pon\u00faka tento model jedine\u010dn\u00fd z\u00e1\u017eitok s parou.<\/p>\n<h3 data-start=\"386\" data-end=\"405\" data-immersive-translate-walked=\"10cfca06-867b-45c4-a480-b634a2d673e1\">Produktov\u00e9 vlastnosti<\/h3>\n<p class=\"\" data-start=\"407\" data-end=\"692\" data-immersive-translate-walked=\"10cfca06-867b-45c4-a480-b634a2d673e1\" data-immersive-translate-paragraph=\"1\">ELF BOX LS15000 je vybaven\u00fd mesh-\u0161pir\u00e1lou s odporom 0,6 Ohmu, \u010do zaru\u010duje rovnomern\u00e9 a bohat\u00e9 tvorenie pary. T\u00e1to technol\u00f3gia zabezpe\u010duje rovnomern\u00e9 zahrievanie e-liquidu a prispieva k intenz\u00edvnej chuti.<\/p>\n<p class=\"\" data-start=\"694\" data-end=\"1053\" data-immersive-translate-walked=\"10cfca06-867b-45c4-a480-b634a2d673e1\" data-immersive-translate-paragraph=\"1\">Pr\u00edstroj obsahuje celkovo 26 ml e-liquidu, dostupn\u00e9ho v r\u00f4znych koncentr\u00e1ci\u00e1ch nikot\u00ednu: 0, %, 2 % alebo 5 %. Pou\u017e\u00edvatelia si tak m\u00f4\u017eu vybra\u0165 ide\u00e1lne mno\u017estvo nikot\u00ednu pod\u013ea svojich preferenci\u00ed. Z\u00e1soba e-liquidu v kombin\u00e1cii s technol\u00f3giou mesh-\u0161pir\u00e1l je z\u00e1rukou dlhodobej \u017eivotnosti a kon\u0161tantne vysok\u00e9ho z\u00e1\u017eitku s parou po\u010das celej doby pou\u017e\u00edvania.<\/p>\n<p class=\"\" data-start=\"1055\" data-end=\"1471\" data-immersive-translate-walked=\"10cfca06-867b-45c4-a480-b634a2d673e1\" data-immersive-translate-paragraph=\"1\">ELF BOX LS15000 je vybaven\u00fd 600 mAh bat\u00e9riou, ktor\u00fa je mo\u017en\u00e9 nab\u00edja\u0165 prostredn\u00edctvom praktick\u00e9ho konektora Type-C. To rob\u00ed pr\u00edstroj nielen odoln\u00fdm, ale aj ekologickej\u0161\u00edm a lacnej\u0161\u00edm, preto\u017ee bat\u00e9riu je mo\u017en\u00e9 kedyko\u013evek dobi\u0165. Napriek svojej v\u00fdkonnosti v\u00e1\u017ei len 91 g, \u010do ho rob\u00ed pohodln\u00fdm a \u013eahko ovl\u00e1date\u013en\u00fdm na ka\u017edodenn\u00e9 pou\u017eitie.<\/p>\n<h4 data-start=\"1473\" data-end=\"1518\" data-immersive-translate-walked=\"10cfca06-867b-45c4-a480-b634a2d673e1\">Chu\u0165ov\u00fd z\u00e1\u017eitok: Peach Mango Pineapple<\/h4>\n<p class=\"\" data-start=\"1520\" data-end=\"1879\" data-immersive-translate-walked=\"10cfca06-867b-45c4-a480-b634a2d673e1\" data-immersive-translate-paragraph=\"1\">V\u00fdrazn\u00fdm prvkom ELF BOX LS15000 je \u0161irok\u00fd v\u00fdber pr\u00edchut\u00ed. Obzvl\u00e1\u0161\u0165 vynik\u00e1 chu\u0165 \u201ePeach Mango Pineapple\u201c, ktor\u00e1 sp\u00e1ja tropick\u00e9 ovocie a pon\u00faka osvie\u017euj\u00facu, sladk\u00fa ar\u00f3mu. Kombin\u00e1cia \u0161\u0165avnat\u00fdch brosk\u00fd\u0148, zrel\u00fdch manga a \u0161\u0165avnatej anan\u00e1su vytv\u00e1ra chu\u0165ov\u00fd z\u00e1\u017eitok pri ka\u017edom potiahnut\u00ed.<\/p>\n<p class=\"\" data-start=\"1881\" data-end=\"1927\" data-immersive-translate-walked=\"10cfca06-867b-45c4-a480-b634a2d673e1\">Jednorazov\u00fd vaporiz\u00e9r pre jednoduch\u00e9 u\u017e\u00edvanie<\/p>\n<p class=\"\" data-start=\"1929\" data-end=\"2240\" data-immersive-translate-walked=\"10cfca06-867b-45c4-a480-b634a2d673e1\" data-immersive-translate-paragraph=\"1\">Ako mnoho in\u00fdch jednorazov\u00fdch e-cigariet, aj ELF BOX LS15000 pon\u00faka jednoduch\u00e9 pou\u017e\u00edvanie bez potreby \u010fal\u0161ej \u00fadr\u017eby alebo pr\u00edpravy. Vaporiz\u00e9r je pripraven\u00fd na pou\u017eitie hne\u010f po vybalen\u00ed a nevy\u017eaduje \u017eiadne \u0161peci\u00e1lne nastavenia alebo \u00fapravy. Sta\u010d\u00ed inhalova\u0165 a vychutn\u00e1va\u0165 si pln\u00fa chu\u0165.<\/p>\n<h4 data-start=\"2242\" data-end=\"2268\" data-immersive-translate-walked=\"10cfca06-867b-45c4-a480-b634a2d673e1\">V\u00fdhody a doprava<\/h4>\n<p class=\"\" data-start=\"2270\" data-end=\"2626\" data-immersive-translate-walked=\"10cfca06-867b-45c4-a480-b634a2d673e1\" data-immersive-translate-paragraph=\"1\">ELF BOX LS15000 sa vyzna\u010duje nielen vysok\u00fdm v\u00fdkonom a pou\u017e\u00edvate\u013eskou pr\u00edvetivos\u0165ou, ale aj v\u00fdhodnou mo\u017enos\u0165ou dopravy. Doru\u010denie je bez coln\u00fdch poplatkov, \u010do je v\u00fdhodn\u00e9 pre z\u00e1kazn\u00edkov na Slovensku. Dodacia lehota je zvy\u010dajne 7 a\u017e 15 pracovn\u00fdch dn\u00ed, \u010do zaru\u010duje r\u00fdchle doru\u010denie.<\/p>\n<h4 data-start=\"2628\" data-end=\"2637\" data-immersive-translate-walked=\"10cfca06-867b-45c4-a480-b634a2d673e1\">Pre\u010do je ELF BOX LS15000 ide\u00e1lnou vo\u013ebou pre vapistov<\/h4>\n<p class=\"\" data-start=\"2639\" data-end=\"3128\" data-immersive-translate-walked=\"10cfca06-867b-45c4-a480-b634a2d673e1\" data-immersive-translate-paragraph=\"1\">ELF BOX LS15000 predstavuje vynikaj\u00facu vo\u013ebu pre vapistov, ktor\u00ed h\u013eadaj\u00fa v\u00fdkonn\u00fd, \u013eahko pou\u017eite\u013en\u00fd a chu\u0165ovo presved\u010div\u00fd vaporiz\u00e9r. S 15000 potiahnutiami, dlhou v\u00fddr\u017eou bat\u00e9rie a p\u00f4sobivou rozmanitos\u0165ou chut\u00ed pon\u00faka tento model v\u00fdnimo\u010dn\u00fd z\u00e1\u017eitok s parou. Ak h\u013ead\u00e1te kvalitn\u00fd jednorazov\u00fd vaporiz\u00e9r, ktor\u00fd kombinuje praktick\u00e9 vlastnosti s v\u00fdnimo\u010dn\u00fdm v\u00fdkonom, ELF BOX LS15000 je ide\u00e1lnou vo\u013ebou.<\/p>\n<p class=\"\" data-start=\"3130\" data-end=\"3225\" data-immersive-translate-walked=\"10cfca06-867b-45c4-a480-b634a2d673e1\" data-immersive-translate-paragraph=\"1\">Dostupn\u00e9 na vapingnet.de, d\u00f4veryhodnom dod\u00e1vate\u013eovi pre va\u0161e potreby vapingu.<\/p>","protected":false},"excerpt":{"rendered":"<p>ELF BOX LS15000: Ein leistungsstarkes Vape-Erlebnis mit 15000 Z\u00fcgen Die ELF BOX LS15000 ist eine herausragende Wahl f\u00fcr Vaping-Enthusiasten, die auf der Suche nach einem&#8230;<\/p>","protected":false},"featured_media":6416,"template":"","meta":[],"etheme_brands":[],"product_brand":[100],"product_cat":[53,49,61],"product_tag":[],"class_list":{"0":"post-6431","1":"product","2":"type-product","3":"status-publish","4":"has-post-thumbnail","6":"product_brand-elf-box-vape","7":"product_cat-vape-15000-zuege","8":"product_cat-einweg-e-zigarette","9":"product_cat-f","11":"first","12":"instock","13":"shipping-taxable","14":"purchasable","15":"product-type-simple"},"yoast_head":"<!-- This site is optimized with the Yoast SEO plugin v26.5 - https:\/\/yoast.com\/wordpress\/plugins\/seo\/ -->\n<title>Erlebe Peach Mango Pineapple Mit ELF BOX LS15000 G\u00fcnstig Und Direkt Ab Werk | Vapingnet.de<\/title>\n<meta name=\"description\" content=\"Entdecke Erlebe Peach Mango Pineapple Mit ELF BOX LS15000 G\u00fcnstig Und Direkt Ab Werk bei vapingnet.de, \u25ba Gro\u00dfe Auswahl an Geschmacksrichtungen &amp; super g\u00fcnstig!\" \/>\n<meta name=\"robots\" content=\"index, follow, max-snippet:-1, max-image-preview:large, max-video-preview:-1\" \/>\n<link rel=\"canonical\" href=\"https:\/\/vapingnet.de\/sk\/vape\/erlebe-peach-mango-pineapple-mit-elf-box-ls15000-guenstig-und-direkt-ab-werk\/\" \/>\n<meta property=\"og:locale\" content=\"sk_SK\" \/>\n<meta property=\"og:type\" content=\"article\" \/>\n<meta property=\"og:title\" content=\"Erlebe Peach Mango Pineapple Mit ELF BOX LS15000 G\u00fcnstig Und Direkt Ab Werk | Vapingnet.de\" \/>\n<meta property=\"og:description\" content=\"Entdecke Erlebe Peach Mango Pineapple Mit ELF BOX LS15000 G\u00fcnstig Und Direkt Ab Werk bei vapingnet.de, \u25ba Gro\u00dfe Auswahl an Geschmacksrichtungen &amp; super g\u00fcnstig!\" \/>\n<meta property=\"og:url\" content=\"https:\/\/vapingnet.de\/sk\/vape\/erlebe-peach-mango-pineapple-mit-elf-box-ls15000-guenstig-und-direkt-ab-werk\/\" \/>\n<meta property=\"og:site_name\" content=\"Vapingnet.de\" \/>\n<meta property=\"article:publisher\" content=\"https:\/\/www.facebook.com\/vapingnetde\/\" \/>\n<meta property=\"article:modified_time\" content=\"2025-06-19T03:42:52+00:00\" \/>\n<meta property=\"og:image\" content=\"https:\/\/vapingnet.de\/wp-content\/uploads\/2025\/04\/Peach-Mango-Pineapple.webp\" \/>\n\t<meta property=\"og:image:width\" content=\"1000\" \/>\n\t<meta property=\"og:image:height\" content=\"1000\" \/>\n\t<meta property=\"og:image:type\" content=\"image\/webp\" \/>\n<meta name=\"twitter:card\" content=\"summary_large_image\" \/>\n<meta name=\"twitter:label1\" content=\"Est. reading time\" \/>\n\t<meta name=\"twitter:data1\" content=\"3 minutes\" \/>\n<script type=\"application\/ld+json\" class=\"yoast-schema-graph\">{\"@context\":\"https:\/\/schema.org\",\"@graph\":[{\"@type\":\"WebPage\",\"@id\":\"https:\/\/vapingnet.de\/vape\/erlebe-peach-mango-pineapple-mit-elf-box-ls15000-guenstig-und-direkt-ab-werk\/\",\"url\":\"https:\/\/vapingnet.de\/vape\/erlebe-peach-mango-pineapple-mit-elf-box-ls15000-guenstig-und-direkt-ab-werk\/\",\"name\":\"Erlebe Peach Mango Pineapple Mit ELF BOX LS15000 G\u00fcnstig Und Direkt Ab Werk | Vapingnet.de\",\"isPartOf\":{\"@id\":\"https:\/\/vapingnet.de\/#website\"},\"primaryImageOfPage\":{\"@id\":\"https:\/\/vapingnet.de\/vape\/erlebe-peach-mango-pineapple-mit-elf-box-ls15000-guenstig-und-direkt-ab-werk\/#primaryimage\"},\"image\":{\"@id\":\"https:\/\/vapingnet.de\/vape\/erlebe-peach-mango-pineapple-mit-elf-box-ls15000-guenstig-und-direkt-ab-werk\/#primaryimage\"},\"thumbnailUrl\":\"https:\/\/vapingnet.de\/wp-content\/uploads\/2025\/04\/Peach-Mango-Pineapple.webp\",\"datePublished\":\"2025-04-21T07:29:48+00:00\",\"dateModified\":\"2025-06-19T03:42:52+00:00\",\"description\":\"Entdecke Erlebe Peach Mango Pineapple Mit ELF BOX LS15000 G\u00fcnstig Und Direkt Ab Werk bei vapingnet.de, \u25ba Gro\u00dfe Auswahl an Geschmacksrichtungen & super g\u00fcnstig!\",\"breadcrumb\":{\"@id\":\"https:\/\/vapingnet.de\/vape\/erlebe-peach-mango-pineapple-mit-elf-box-ls15000-guenstig-und-direkt-ab-werk\/#breadcrumb\"},\"inLanguage\":\"sk-SK\",\"potentialAction\":[{\"@type\":\"ReadAction\",\"target\":[\"https:\/\/vapingnet.de\/vape\/erlebe-peach-mango-pineapple-mit-elf-box-ls15000-guenstig-und-direkt-ab-werk\/\"]}]},{\"@type\":\"ImageObject\",\"inLanguage\":\"sk-SK\",\"@id\":\"https:\/\/vapingnet.de\/vape\/erlebe-peach-mango-pineapple-mit-elf-box-ls15000-guenstig-und-direkt-ab-werk\/#primaryimage\",\"url\":\"https:\/\/vapingnet.de\/wp-content\/uploads\/2025\/04\/Peach-Mango-Pineapple.webp\",\"contentUrl\":\"https:\/\/vapingnet.de\/wp-content\/uploads\/2025\/04\/Peach-Mango-Pineapple.webp\",\"width\":1000,\"height\":1000},{\"@type\":\"BreadcrumbList\",\"@id\":\"https:\/\/vapingnet.de\/vape\/erlebe-peach-mango-pineapple-mit-elf-box-ls15000-guenstig-und-direkt-ab-werk\/#breadcrumb\",\"itemListElement\":[{\"@type\":\"ListItem\",\"position\":1,\"name\":\"Home\",\"item\":\"https:\/\/vapingnet.de\/\"},{\"@type\":\"ListItem\",\"position\":2,\"name\":\"Shop\",\"item\":\"https:\/\/vapingnet.de\/vape\/\"},{\"@type\":\"ListItem\",\"position\":3,\"name\":\"Erlebe Peach Mango Pineapple Mit ELF BOX LS15000 G\u00fcnstig Und Direkt Ab Werk\"}]},{\"@type\":\"WebSite\",\"@id\":\"https:\/\/vapingnet.de\/#website\",\"url\":\"https:\/\/vapingnet.de\/\",\"name\":\"Vapingnet.de\",\"description\":\"\",\"publisher\":{\"@id\":\"https:\/\/vapingnet.de\/#organization\"},\"potentialAction\":[{\"@type\":\"SearchAction\",\"target\":{\"@type\":\"EntryPoint\",\"urlTemplate\":\"https:\/\/vapingnet.de\/?s={search_term_string}\"},\"query-input\":{\"@type\":\"PropertyValueSpecification\",\"valueRequired\":true,\"valueName\":\"search_term_string\"}}],\"inLanguage\":\"sk-SK\"},{\"@type\":\"Organization\",\"@id\":\"https:\/\/vapingnet.de\/#organization\",\"name\":\"Vapingnet.de\",\"url\":\"https:\/\/vapingnet.de\/\",\"logo\":{\"@type\":\"ImageObject\",\"inLanguage\":\"sk-SK\",\"@id\":\"https:\/\/vapingnet.de\/#\/schema\/logo\/image\/\",\"url\":\"https:\/\/vapingnet.de\/wp-content\/uploads\/2025\/03\/cropped-vapingnet.de_.jpg\",\"contentUrl\":\"https:\/\/vapingnet.de\/wp-content\/uploads\/2025\/03\/cropped-vapingnet.de_.jpg\",\"width\":512,\"height\":512,\"caption\":\"Vapingnet.de\"},\"image\":{\"@id\":\"https:\/\/vapingnet.de\/#\/schema\/logo\/image\/\"},\"sameAs\":[\"https:\/\/www.facebook.com\/vapingnetde\/\"]}]}<\/script>\n<!-- \/ Yoast SEO plugin. -->","yoast_head_json":{"title":"Erlebe Peach Mango Pineapple Mit ELF BOX LS15000 G\u00fcnstig Und Direkt Ab Werk | Vapingnet.de","description":"Entdecke Erlebe Peach Mango Pineapple Mit ELF BOX LS15000 G\u00fcnstig Und Direkt Ab Werk bei vapingnet.de, \u25ba Gro\u00dfe Auswahl an Geschmacksrichtungen & super g\u00fcnstig!","robots":{"index":"index","follow":"follow","max-snippet":"max-snippet:-1","max-image-preview":"max-image-preview:large","max-video-preview":"max-video-preview:-1"},"canonical":"https:\/\/vapingnet.de\/sk\/vape\/erlebe-peach-mango-pineapple-mit-elf-box-ls15000-guenstig-und-direkt-ab-werk\/","og_locale":"sk_SK","og_type":"article","og_title":"Erlebe Peach Mango Pineapple Mit ELF BOX LS15000 G\u00fcnstig Und Direkt Ab Werk | Vapingnet.de","og_description":"Entdecke Erlebe Peach Mango Pineapple Mit ELF BOX LS15000 G\u00fcnstig Und Direkt Ab Werk bei vapingnet.de, \u25ba Gro\u00dfe Auswahl an Geschmacksrichtungen & super g\u00fcnstig!","og_url":"https:\/\/vapingnet.de\/sk\/vape\/erlebe-peach-mango-pineapple-mit-elf-box-ls15000-guenstig-und-direkt-ab-werk\/","og_site_name":"Vapingnet.de","article_publisher":"https:\/\/www.facebook.com\/vapingnetde\/","article_modified_time":"2025-06-19T03:42:52+00:00","og_image":[{"width":1000,"height":1000,"url":"https:\/\/vapingnet.de\/wp-content\/uploads\/2025\/04\/Peach-Mango-Pineapple.webp","type":"image\/webp"}],"twitter_card":"summary_large_image","twitter_misc":{"Est. reading time":"3 minutes"},"schema":{"@context":"https:\/\/schema.org","@graph":[{"@type":"WebPage","@id":"https:\/\/vapingnet.de\/vape\/erlebe-peach-mango-pineapple-mit-elf-box-ls15000-guenstig-und-direkt-ab-werk\/","url":"https:\/\/vapingnet.de\/vape\/erlebe-peach-mango-pineapple-mit-elf-box-ls15000-guenstig-und-direkt-ab-werk\/","name":"Erlebe Peach Mango Pineapple Mit ELF BOX LS15000 G\u00fcnstig Und Direkt Ab Werk | Vapingnet.de","isPartOf":{"@id":"https:\/\/vapingnet.de\/#website"},"primaryImageOfPage":{"@id":"https:\/\/vapingnet.de\/vape\/erlebe-peach-mango-pineapple-mit-elf-box-ls15000-guenstig-und-direkt-ab-werk\/#primaryimage"},"image":{"@id":"https:\/\/vapingnet.de\/vape\/erlebe-peach-mango-pineapple-mit-elf-box-ls15000-guenstig-und-direkt-ab-werk\/#primaryimage"},"thumbnailUrl":"https:\/\/vapingnet.de\/wp-content\/uploads\/2025\/04\/Peach-Mango-Pineapple.webp","datePublished":"2025-04-21T07:29:48+00:00","dateModified":"2025-06-19T03:42:52+00:00","description":"Entdecke Erlebe Peach Mango Pineapple Mit ELF BOX LS15000 G\u00fcnstig Und Direkt Ab Werk bei vapingnet.de, \u25ba Gro\u00dfe Auswahl an Geschmacksrichtungen & super g\u00fcnstig!","breadcrumb":{"@id":"https:\/\/vapingnet.de\/vape\/erlebe-peach-mango-pineapple-mit-elf-box-ls15000-guenstig-und-direkt-ab-werk\/#breadcrumb"},"inLanguage":"sk-SK","potentialAction":[{"@type":"ReadAction","target":["https:\/\/vapingnet.de\/vape\/erlebe-peach-mango-pineapple-mit-elf-box-ls15000-guenstig-und-direkt-ab-werk\/"]}]},{"@type":"ImageObject","inLanguage":"sk-SK","@id":"https:\/\/vapingnet.de\/vape\/erlebe-peach-mango-pineapple-mit-elf-box-ls15000-guenstig-und-direkt-ab-werk\/#primaryimage","url":"https:\/\/vapingnet.de\/wp-content\/uploads\/2025\/04\/Peach-Mango-Pineapple.webp","contentUrl":"https:\/\/vapingnet.de\/wp-content\/uploads\/2025\/04\/Peach-Mango-Pineapple.webp","width":1000,"height":1000},{"@type":"BreadcrumbList","@id":"https:\/\/vapingnet.de\/vape\/erlebe-peach-mango-pineapple-mit-elf-box-ls15000-guenstig-und-direkt-ab-werk\/#breadcrumb","itemListElement":[{"@type":"ListItem","position":1,"name":"Home","item":"https:\/\/vapingnet.de\/"},{"@type":"ListItem","position":2,"name":"Shop","item":"https:\/\/vapingnet.de\/vape\/"},{"@type":"ListItem","position":3,"name":"Erlebe Peach Mango Pineapple Mit ELF BOX LS15000 G\u00fcnstig Und Direkt Ab Werk"}]},{"@type":"WebSite","@id":"https:\/\/vapingnet.de\/#website","url":"https:\/\/vapingnet.de\/","name":"Vapingnet.de","description":"","publisher":{"@id":"https:\/\/vapingnet.de\/#organization"},"potentialAction":[{"@type":"SearchAction","target":{"@type":"EntryPoint","urlTemplate":"https:\/\/vapingnet.de\/?s={search_term_string}"},"query-input":{"@type":"PropertyValueSpecification","valueRequired":true,"valueName":"search_term_string"}}],"inLanguage":"sk-SK"},{"@type":"Organization","@id":"https:\/\/vapingnet.de\/#organization","name":"Vapingnet.de","url":"https:\/\/vapingnet.de\/","logo":{"@type":"ImageObject","inLanguage":"sk-SK","@id":"https:\/\/vapingnet.de\/#\/schema\/logo\/image\/","url":"https:\/\/vapingnet.de\/wp-content\/uploads\/2025\/03\/cropped-vapingnet.de_.jpg","contentUrl":"https:\/\/vapingnet.de\/wp-content\/uploads\/2025\/03\/cropped-vapingnet.de_.jpg","width":512,"height":512,"caption":"Vapingnet.de"},"image":{"@id":"https:\/\/vapingnet.de\/#\/schema\/logo\/image\/"},"sameAs":["https:\/\/www.facebook.com\/vapingnetde\/"]}]}},"tiered_pricing_type":"fixed","tiered_pricing_fixed_rules":{"10":"8.35","60":"7.54","110":"6.68","200":"5.85"},"tiered_pricing_product_settings":{"layout":"default","base_unit_name":{"singular":null,"plural":null},"default_variation":null},"tiered_pricing_minimum_quantity":null,"tiered_pricing_roles_data":[],"tiered_pricing_percentage_rules":[],"_links":{"self":[{"href":"https:\/\/vapingnet.de\/sk\/wp-json\/wp\/v2\/product\/6431","targetHints":{"allow":["GET"]}}],"collection":[{"href":"https:\/\/vapingnet.de\/sk\/wp-json\/wp\/v2\/product"}],"about":[{"href":"https:\/\/vapingnet.de\/sk\/wp-json\/wp\/v2\/types\/product"}],"version-history":[{"count":1,"href":"https:\/\/vapingnet.de\/sk\/wp-json\/wp\/v2\/product\/6431\/revisions"}],"predecessor-version":[{"id":6439,"href":"https:\/\/vapingnet.de\/sk\/wp-json\/wp\/v2\/product\/6431\/revisions\/6439"}],"wp:featuredmedia":[{"embeddable":true,"href":"https:\/\/vapingnet.de\/sk\/wp-json\/wp\/v2\/media\/6416"}],"wp:attachment":[{"href":"https:\/\/vapingnet.de\/sk\/wp-json\/wp\/v2\/media?parent=6431"}],"wp:term":[{"taxonomy":"brand","embeddable":true,"href":"https:\/\/vapingnet.de\/sk\/wp-json\/wp\/v2\/etheme_brands?post=6431"},{"taxonomy":"product_brand","embeddable":true,"href":"https:\/\/vapingnet.de\/sk\/wp-json\/wp\/v2\/product_brand?post=6431"},{"taxonomy":"product_cat","embeddable":true,"href":"https:\/\/vapingnet.de\/sk\/wp-json\/wp\/v2\/product_cat?post=6431"},{"taxonomy":"product_tag","embeddable":true,"href":"https:\/\/vapingnet.de\/sk\/wp-json\/wp\/v2\/product_tag?post=6431"}],"curies":[{"name":"wp","href":"https:\/\/api.w.org\/{rel}","templated":true}]}}