{"id":6433,"date":"2025-04-21T07:29:55","date_gmt":"2025-04-21T07:29:55","guid":{"rendered":"https:\/\/vapingnet.de\/?post_type=product&#038;p=6433"},"modified":"2025-06-19T03:42:52","modified_gmt":"2025-06-19T03:42:52","slug":"top-geschmack-mango-banana-elf-box-ls15000-jetzt-ohne-zollgebuehren","status":"publish","type":"product","link":"https:\/\/vapingnet.de\/sk\/vape\/top-geschmack-mango-banana-elf-box-ls15000-jetzt-ohne-zollgebuehren\/","title":{"rendered":"Top chu\u0165 Mango Banana ELF BOX LS15000 Teraz bez coln\u00fdch poplatkov"},"content":{"rendered":"<h2 data-start=\"0\" data-end=\"84\" data-immersive-translate-walked=\"0ee4c1cb-35a9-47db-b4f2-89f110f97503\">ELF BOX LS15000: V\u00fdkonn\u00fd z\u00e1\u017eitok z vapovania s pr\u00edchu\u0165ou manga a ban\u00e1nu<\/h2>\n<p class=\"\" data-start=\"86\" data-end=\"407\" data-immersive-translate-walked=\"0ee4c1cb-35a9-47db-b4f2-89f110f97503\" data-immersive-translate-paragraph=\"1\">ELF BOX LS15000 pon\u00faka vapova\u010dom nezabudnute\u013en\u00fd z\u00e1\u017eitok. S impozantn\u00fdm po\u010dtom 15000 potiahnut\u00ed a premyslen\u00fdm vybaven\u00edm je tento jednorazov\u00fd vaporiz\u00e9r viac ne\u017e len jednoduch\u00e1 alternat\u00edva. Sp\u00e1ja funk\u010dnos\u0165, komfort a jedine\u010dn\u00fd chu\u0165ov\u00fd z\u00e1\u017eitok \u2013 ide\u00e1lny pre modern\u00e9ho vapova\u010da.<\/p>\n<h3>Podstatn\u00e9 vlastnosti ELF BOX LS15000<\/h3>\n<ul data-start=\"464\" data-end=\"1464\" data-immersive-translate-walked=\"0ee4c1cb-35a9-47db-b4f2-89f110f97503\">\n<li class=\"\" data-start=\"464\" data-end=\"711\" data-immersive-translate-walked=\"0ee4c1cb-35a9-47db-b4f2-89f110f97503\">\n<p class=\"\" data-start=\"466\" data-end=\"711\" data-immersive-translate-walked=\"0ee4c1cb-35a9-47db-b4f2-89f110f97503\" data-immersive-translate-paragraph=\"1\">Mesh-\u0161pir\u00e1lov\u00e1 technol\u00f3gia: ELF BOX LS15000 je vybaven\u00fd mesh-\u0161pir\u00e1lou s odporom 0,6 Ohmu. T\u00e1to technol\u00f3gia zabezpe\u010duje rovnomern\u00e9 odparovanie e-liquidu a poskytuje kon\u0161tantn\u00fa, intenz\u00edvnu chu\u0165.<\/p>\n<\/li>\n<li class=\"\" data-start=\"715\" data-end=\"891\" data-immersive-translate-walked=\"0ee4c1cb-35a9-47db-b4f2-89f110f97503\">\n<p class=\"\" data-start=\"717\" data-end=\"891\" data-immersive-translate-walked=\"0ee4c1cb-35a9-47db-b4f2-89f110f97503\" data-immersive-translate-paragraph=\"1\">Kapacita e-liquidu: Pr\u00edstroj obsahuje 26 ml e-liquidu, \u010do umo\u017e\u0148uje dlh\u00e9 pou\u017e\u00edvanie bez dop\u013a\u0148ania. T\u00e1to ve\u013ekorys\u00e1 d\u00e1vka je ide\u00e1lna pre dlh\u00e9 vapovacie seansy.<\/p>\n<\/li>\n<li class=\"\" data-start=\"893\" data-end=\"1076\" data-immersive-translate-walked=\"0ee4c1cb-35a9-47db-b4f2-89f110f97503\">\n<p class=\"\" data-start=\"895\" data-end=\"1076\" data-immersive-translate-walked=\"0ee4c1cb-35a9-47db-b4f2-89f110f97503\" data-immersive-translate-paragraph=\"1\">Mo\u017enosti nikot\u00ednu: ELF BOX LS15000 je dostupn\u00fd v nikot\u00ednov\u00fdch sil\u00e1ch 0, 1, 2 a 5 mg. T\u00e1to vo\u013eba umo\u017e\u0148uje pou\u017e\u00edvate\u013eom vybra\u0165 si vhodn\u00fa d\u00e1vku nikot\u00ednu.<\/p>\n<\/li>\n<li class=\"\" data-start=\"1078\" data-end=\"1320\" data-immersive-translate-walked=\"0ee4c1cb-35a9-47db-b4f2-89f110f97503\">\n<p class=\"\" data-start=\"1080\" data-end=\"1320\" data-immersive-translate-walked=\"0ee4c1cb-35a9-47db-b4f2-89f110f97503\" data-immersive-translate-paragraph=\"1\">Bat\u00e9ria a nab\u00edjanie: S bat\u00e9riou 600 mAh zaru\u010duje zariadenie dlh\u00fa \u017eivotnos\u0165. Bat\u00e9ria sa d\u00e1 pohodlne nabi\u0165 cez Type-C port, \u010do zabezpe\u010duje r\u00fdchle a jednoduch\u00e9 dobitie.<\/p>\n<\/li>\n<li class=\"\" data-start=\"1322\" data-end=\"1464\" data-immersive-translate-walked=\"0ee4c1cb-35a9-47db-b4f2-89f110f97503\">\n<p class=\"\" data-start=\"1324\" data-end=\"1464\" data-immersive-translate-walked=\"0ee4c1cb-35a9-47db-b4f2-89f110f97503\" data-immersive-translate-paragraph=\"1\">Hmotnos\u0165 a manipul\u00e1cia: S hmotnos\u0165ou len 91 g je ELF BOX LS15000 \u013eahk\u00fd a kompaktn\u00fd, \u010do rob\u00ed vapovanie na cest\u00e1ch obzvl\u00e1\u0161\u0165 pohodln\u00fdm.<\/p>\n<\/li>\n<\/ul>\n<h4 data-start=\"1466\" data-end=\"1506\" data-immersive-translate-walked=\"0ee4c1cb-35a9-47db-b4f2-89f110f97503\">Chu\u0165ov\u00fd z\u00e1\u017eitok: Mango Banana<\/h4>\n<p class=\"\" data-start=\"1508\" data-end=\"1812\" data-immersive-translate-walked=\"0ee4c1cb-35a9-47db-b4f2-89f110f97503\" data-immersive-translate-paragraph=\"1\">ELF BOX LS15000 pon\u00faka pr\u00edchu\u0165 \u201eMango Banana\u201c, tropick\u00fa kombin\u00e1ciu zrel\u00fdch manga a sladk\u00fdch ban\u00e1nov. Ovocn\u00e1 chu\u0165 je intenz\u00edvna a z\u00e1rove\u0148 osvie\u017euj\u00faca. Tento mix je ide\u00e1lny pre vapova\u010dov, ktor\u00ed miluj\u00fa tropick\u00e9 ar\u00f3my a chc\u00fa si vychutna\u0165 sladk\u00fa, pr\u00edjemn\u00fa dobu vapovania.<\/p>\n<h3>Pre\u010do si vybra\u0165 ELF BOX LS15000?<\/h3>\n<ul data-start=\"1857\" data-end=\"2592\" data-immersive-translate-walked=\"0ee4c1cb-35a9-47db-b4f2-89f110f97503\">\n<li class=\"\" data-start=\"1857\" data-end=\"2127\" data-immersive-translate-walked=\"0ee4c1cb-35a9-47db-b4f2-89f110f97503\">\n<p class=\"\" data-start=\"1859\" data-end=\"2127\" data-immersive-translate-walked=\"0ee4c1cb-35a9-47db-b4f2-89f110f97503\" data-immersive-translate-paragraph=\"1\">Dlh\u00e1 \u017eivotnos\u0165: S 15000 potiahnutiami pon\u00faka toto zariadenie vynikaj\u00facu \u017eivotnos\u0165 v porovnan\u00ed s in\u00fdmi jednorazov\u00fdmi vaporiz\u00e9rmi na trhu. To znamen\u00e1, \u017ee budete menej \u010dasto h\u013eada\u0165 nov\u00fd vaporiz\u00e9r, \u010do je dlhodobo ekonomick\u00e9 rie\u0161enie.<\/p>\n<\/li>\n<li class=\"\" data-start=\"2129\" data-end=\"2344\" data-immersive-translate-walked=\"0ee4c1cb-35a9-47db-b4f2-89f110f97503\">\n<p class=\"\" data-start=\"2131\" data-end=\"2344\" data-immersive-translate-walked=\"0ee4c1cb-35a9-47db-b4f2-89f110f97503\" data-immersive-translate-paragraph=\"1\">Jednoduch\u00e9 pou\u017eitie: Rovnako ako mnoho in\u00fdch jednorazov\u00fdch vaporiz\u00e9rov, je ELF BOX LS15000 mimoriadne jednoduch\u00fd na pou\u017e\u00edvanie. Nevy\u017eaduje \u017eiadnu pr\u00edpravu \u2013 sta\u010d\u00ed ho vybra\u0165 z obalu a vychutna\u0165 si pln\u00fa chu\u0165.<\/p>\n<\/li>\n<li class=\"\" data-start=\"2346\" data-end=\"2592\" data-immersive-translate-walked=\"0ee4c1cb-35a9-47db-b4f2-89f110f97503\">\n<p class=\"\" data-start=\"2348\" data-end=\"2592\" data-immersive-translate-walked=\"0ee4c1cb-35a9-47db-b4f2-89f110f97503\" data-immersive-translate-paragraph=\"1\">Doru\u010denie bez cla: ELF BOX LS15000 je doru\u010dovan\u00fd bez cla, \u010do je v\u00fdhodn\u00e9 najm\u00e4 pre z\u00e1kazn\u00edkov v Eur\u00f3pe. R\u00fdchlos\u0165 dodania 7 a\u017e 15 pracovn\u00fdch dn\u00ed zabezpe\u010duje, \u017ee va\u0161a objedn\u00e1vka doraz\u00ed r\u00fdchlo a bez probl\u00e9mov.<\/p>\n<\/li>\n<\/ul>\n<h4 data-start=\"2594\" data-end=\"2615\" data-immersive-translate-walked=\"0ee4c1cb-35a9-47db-b4f2-89f110f97503\">Dostupnos\u0165<\/h4>\n<p class=\"\" data-start=\"2617\" data-end=\"2943\" data-immersive-translate-walked=\"0ee4c1cb-35a9-47db-b4f2-89f110f97503\" data-immersive-translate-paragraph=\"1\">ELF BOX LS15000 je dostupn\u00fd na vapingnet.de. Tam si m\u00f4\u017eete objedna\u0165 zariadenie v r\u00f4znych nikot\u00ednov\u00fdch sil\u00e1ch a v ob\u013e\u00fabenej pr\u00edchuti Mango Banana. Ak h\u013ead\u00e1te spo\u013eahliv\u00fd, praktick\u00fd a chu\u0165ovo intenz\u00edvny jednorazov\u00fd vaporiz\u00e9r, ELF BOX LS15000 je vynikaj\u00facou vo\u013ebou.<\/p>","protected":false},"excerpt":{"rendered":"<p>ELF BOX LS15000: V\u00fdkonn\u00fd vaping s pr\u00edchu\u0165ou manga a ban\u00e1nu ELF BOX LS15000 pon\u00faka vap\u00e9r\u016fm nezabudnute\u013en\u00fd z\u00e1\u017eitok. S impozantn\u00fdm po\u010dtom 15000 potiahnut\u00ed...<\/p>","protected":false},"featured_media":6415,"template":"","meta":[],"etheme_brands":[],"product_brand":[100],"product_cat":[53,49,61],"product_tag":[],"class_list":{"0":"post-6433","1":"product","2":"type-product","3":"status-publish","4":"has-post-thumbnail","6":"product_brand-elf-box-vape","7":"product_cat-vape-15000-zuege","8":"product_cat-einweg-e-zigarette","9":"product_cat-f","11":"first","12":"instock","13":"shipping-taxable","14":"purchasable","15":"product-type-simple"},"yoast_head":"<!-- This site is optimized with the Yoast SEO plugin v26.5 - https:\/\/yoast.com\/wordpress\/plugins\/seo\/ -->\n<title>Top Geschmack Mango Banana ELF BOX LS15000 Jetzt Ohne Zollgeb\u00fchren | Vapingnet.de<\/title>\n<meta name=\"description\" content=\"Entdecke Top Geschmack Mango Banana ELF BOX LS15000 Jetzt Ohne Zollgeb\u00fchren bei vapingnet.de, \u25ba Gro\u00dfe Auswahl an Geschmacksrichtungen &amp; super g\u00fcnstig!\" \/>\n<meta name=\"robots\" content=\"index, follow, max-snippet:-1, max-image-preview:large, max-video-preview:-1\" \/>\n<link rel=\"canonical\" href=\"https:\/\/vapingnet.de\/sk\/vape\/top-geschmack-mango-banana-elf-box-ls15000-jetzt-ohne-zollgebuehren\/\" \/>\n<meta property=\"og:locale\" content=\"sk_SK\" \/>\n<meta property=\"og:type\" content=\"article\" \/>\n<meta property=\"og:title\" content=\"Top Geschmack Mango Banana ELF BOX LS15000 Jetzt Ohne Zollgeb\u00fchren | Vapingnet.de\" \/>\n<meta property=\"og:description\" content=\"Entdecke Top Geschmack Mango Banana ELF BOX LS15000 Jetzt Ohne Zollgeb\u00fchren bei vapingnet.de, \u25ba Gro\u00dfe Auswahl an Geschmacksrichtungen &amp; super g\u00fcnstig!\" \/>\n<meta property=\"og:url\" content=\"https:\/\/vapingnet.de\/sk\/vape\/top-geschmack-mango-banana-elf-box-ls15000-jetzt-ohne-zollgebuehren\/\" \/>\n<meta property=\"og:site_name\" content=\"Vapingnet.de\" \/>\n<meta property=\"article:publisher\" content=\"https:\/\/www.facebook.com\/vapingnetde\/\" \/>\n<meta property=\"article:modified_time\" content=\"2025-06-19T03:42:52+00:00\" \/>\n<meta property=\"og:image\" content=\"https:\/\/vapingnet.de\/wp-content\/uploads\/2025\/04\/Mango-Banana.webp\" \/>\n\t<meta property=\"og:image:width\" content=\"1000\" \/>\n\t<meta property=\"og:image:height\" content=\"1000\" \/>\n\t<meta property=\"og:image:type\" content=\"image\/webp\" \/>\n<meta name=\"twitter:card\" content=\"summary_large_image\" \/>\n<meta name=\"twitter:label1\" content=\"Est. reading time\" \/>\n\t<meta name=\"twitter:data1\" content=\"3 minutes\" \/>\n<script type=\"application\/ld+json\" class=\"yoast-schema-graph\">{\"@context\":\"https:\/\/schema.org\",\"@graph\":[{\"@type\":\"WebPage\",\"@id\":\"https:\/\/vapingnet.de\/vape\/top-geschmack-mango-banana-elf-box-ls15000-jetzt-ohne-zollgebuehren\/\",\"url\":\"https:\/\/vapingnet.de\/vape\/top-geschmack-mango-banana-elf-box-ls15000-jetzt-ohne-zollgebuehren\/\",\"name\":\"Top Geschmack Mango Banana ELF BOX LS15000 Jetzt Ohne Zollgeb\u00fchren | Vapingnet.de\",\"isPartOf\":{\"@id\":\"https:\/\/vapingnet.de\/#website\"},\"primaryImageOfPage\":{\"@id\":\"https:\/\/vapingnet.de\/vape\/top-geschmack-mango-banana-elf-box-ls15000-jetzt-ohne-zollgebuehren\/#primaryimage\"},\"image\":{\"@id\":\"https:\/\/vapingnet.de\/vape\/top-geschmack-mango-banana-elf-box-ls15000-jetzt-ohne-zollgebuehren\/#primaryimage\"},\"thumbnailUrl\":\"https:\/\/vapingnet.de\/wp-content\/uploads\/2025\/04\/Mango-Banana.webp\",\"datePublished\":\"2025-04-21T07:29:55+00:00\",\"dateModified\":\"2025-06-19T03:42:52+00:00\",\"description\":\"Entdecke Top Geschmack Mango Banana ELF BOX LS15000 Jetzt Ohne Zollgeb\u00fchren bei vapingnet.de, \u25ba Gro\u00dfe Auswahl an Geschmacksrichtungen & super g\u00fcnstig!\",\"breadcrumb\":{\"@id\":\"https:\/\/vapingnet.de\/vape\/top-geschmack-mango-banana-elf-box-ls15000-jetzt-ohne-zollgebuehren\/#breadcrumb\"},\"inLanguage\":\"sk-SK\",\"potentialAction\":[{\"@type\":\"ReadAction\",\"target\":[\"https:\/\/vapingnet.de\/vape\/top-geschmack-mango-banana-elf-box-ls15000-jetzt-ohne-zollgebuehren\/\"]}]},{\"@type\":\"ImageObject\",\"inLanguage\":\"sk-SK\",\"@id\":\"https:\/\/vapingnet.de\/vape\/top-geschmack-mango-banana-elf-box-ls15000-jetzt-ohne-zollgebuehren\/#primaryimage\",\"url\":\"https:\/\/vapingnet.de\/wp-content\/uploads\/2025\/04\/Mango-Banana.webp\",\"contentUrl\":\"https:\/\/vapingnet.de\/wp-content\/uploads\/2025\/04\/Mango-Banana.webp\",\"width\":1000,\"height\":1000},{\"@type\":\"BreadcrumbList\",\"@id\":\"https:\/\/vapingnet.de\/vape\/top-geschmack-mango-banana-elf-box-ls15000-jetzt-ohne-zollgebuehren\/#breadcrumb\",\"itemListElement\":[{\"@type\":\"ListItem\",\"position\":1,\"name\":\"Home\",\"item\":\"https:\/\/vapingnet.de\/\"},{\"@type\":\"ListItem\",\"position\":2,\"name\":\"Shop\",\"item\":\"https:\/\/vapingnet.de\/vape\/\"},{\"@type\":\"ListItem\",\"position\":3,\"name\":\"Top Geschmack Mango Banana ELF BOX LS15000 Jetzt Ohne Zollgeb\u00fchren\"}]},{\"@type\":\"WebSite\",\"@id\":\"https:\/\/vapingnet.de\/#website\",\"url\":\"https:\/\/vapingnet.de\/\",\"name\":\"Vapingnet.de\",\"description\":\"\",\"publisher\":{\"@id\":\"https:\/\/vapingnet.de\/#organization\"},\"potentialAction\":[{\"@type\":\"SearchAction\",\"target\":{\"@type\":\"EntryPoint\",\"urlTemplate\":\"https:\/\/vapingnet.de\/?s={search_term_string}\"},\"query-input\":{\"@type\":\"PropertyValueSpecification\",\"valueRequired\":true,\"valueName\":\"search_term_string\"}}],\"inLanguage\":\"sk-SK\"},{\"@type\":\"Organization\",\"@id\":\"https:\/\/vapingnet.de\/#organization\",\"name\":\"Vapingnet.de\",\"url\":\"https:\/\/vapingnet.de\/\",\"logo\":{\"@type\":\"ImageObject\",\"inLanguage\":\"sk-SK\",\"@id\":\"https:\/\/vapingnet.de\/#\/schema\/logo\/image\/\",\"url\":\"https:\/\/vapingnet.de\/wp-content\/uploads\/2025\/03\/cropped-vapingnet.de_.jpg\",\"contentUrl\":\"https:\/\/vapingnet.de\/wp-content\/uploads\/2025\/03\/cropped-vapingnet.de_.jpg\",\"width\":512,\"height\":512,\"caption\":\"Vapingnet.de\"},\"image\":{\"@id\":\"https:\/\/vapingnet.de\/#\/schema\/logo\/image\/\"},\"sameAs\":[\"https:\/\/www.facebook.com\/vapingnetde\/\"]}]}<\/script>\n<!-- \/ Yoast SEO plugin. -->","yoast_head_json":{"title":"Top Geschmack Mango Banana ELF BOX LS15000 Jetzt Ohne Zollgeb\u00fchren | Vapingnet.de","description":"Entdecke Top Geschmack Mango Banana ELF BOX LS15000 Jetzt Ohne Zollgeb\u00fchren bei vapingnet.de, \u25ba Gro\u00dfe Auswahl an Geschmacksrichtungen & super g\u00fcnstig!","robots":{"index":"index","follow":"follow","max-snippet":"max-snippet:-1","max-image-preview":"max-image-preview:large","max-video-preview":"max-video-preview:-1"},"canonical":"https:\/\/vapingnet.de\/sk\/vape\/top-geschmack-mango-banana-elf-box-ls15000-jetzt-ohne-zollgebuehren\/","og_locale":"sk_SK","og_type":"article","og_title":"Top Geschmack Mango Banana ELF BOX LS15000 Jetzt Ohne Zollgeb\u00fchren | Vapingnet.de","og_description":"Entdecke Top Geschmack Mango Banana ELF BOX LS15000 Jetzt Ohne Zollgeb\u00fchren bei vapingnet.de, \u25ba Gro\u00dfe Auswahl an Geschmacksrichtungen & super g\u00fcnstig!","og_url":"https:\/\/vapingnet.de\/sk\/vape\/top-geschmack-mango-banana-elf-box-ls15000-jetzt-ohne-zollgebuehren\/","og_site_name":"Vapingnet.de","article_publisher":"https:\/\/www.facebook.com\/vapingnetde\/","article_modified_time":"2025-06-19T03:42:52+00:00","og_image":[{"width":1000,"height":1000,"url":"https:\/\/vapingnet.de\/wp-content\/uploads\/2025\/04\/Mango-Banana.webp","type":"image\/webp"}],"twitter_card":"summary_large_image","twitter_misc":{"Est. reading time":"3 minutes"},"schema":{"@context":"https:\/\/schema.org","@graph":[{"@type":"WebPage","@id":"https:\/\/vapingnet.de\/vape\/top-geschmack-mango-banana-elf-box-ls15000-jetzt-ohne-zollgebuehren\/","url":"https:\/\/vapingnet.de\/vape\/top-geschmack-mango-banana-elf-box-ls15000-jetzt-ohne-zollgebuehren\/","name":"Top Geschmack Mango Banana ELF BOX LS15000 Jetzt Ohne Zollgeb\u00fchren | Vapingnet.de","isPartOf":{"@id":"https:\/\/vapingnet.de\/#website"},"primaryImageOfPage":{"@id":"https:\/\/vapingnet.de\/vape\/top-geschmack-mango-banana-elf-box-ls15000-jetzt-ohne-zollgebuehren\/#primaryimage"},"image":{"@id":"https:\/\/vapingnet.de\/vape\/top-geschmack-mango-banana-elf-box-ls15000-jetzt-ohne-zollgebuehren\/#primaryimage"},"thumbnailUrl":"https:\/\/vapingnet.de\/wp-content\/uploads\/2025\/04\/Mango-Banana.webp","datePublished":"2025-04-21T07:29:55+00:00","dateModified":"2025-06-19T03:42:52+00:00","description":"Entdecke Top Geschmack Mango Banana ELF BOX LS15000 Jetzt Ohne Zollgeb\u00fchren bei vapingnet.de, \u25ba Gro\u00dfe Auswahl an Geschmacksrichtungen & super g\u00fcnstig!","breadcrumb":{"@id":"https:\/\/vapingnet.de\/vape\/top-geschmack-mango-banana-elf-box-ls15000-jetzt-ohne-zollgebuehren\/#breadcrumb"},"inLanguage":"sk-SK","potentialAction":[{"@type":"ReadAction","target":["https:\/\/vapingnet.de\/vape\/top-geschmack-mango-banana-elf-box-ls15000-jetzt-ohne-zollgebuehren\/"]}]},{"@type":"ImageObject","inLanguage":"sk-SK","@id":"https:\/\/vapingnet.de\/vape\/top-geschmack-mango-banana-elf-box-ls15000-jetzt-ohne-zollgebuehren\/#primaryimage","url":"https:\/\/vapingnet.de\/wp-content\/uploads\/2025\/04\/Mango-Banana.webp","contentUrl":"https:\/\/vapingnet.de\/wp-content\/uploads\/2025\/04\/Mango-Banana.webp","width":1000,"height":1000},{"@type":"BreadcrumbList","@id":"https:\/\/vapingnet.de\/vape\/top-geschmack-mango-banana-elf-box-ls15000-jetzt-ohne-zollgebuehren\/#breadcrumb","itemListElement":[{"@type":"ListItem","position":1,"name":"Home","item":"https:\/\/vapingnet.de\/"},{"@type":"ListItem","position":2,"name":"Shop","item":"https:\/\/vapingnet.de\/vape\/"},{"@type":"ListItem","position":3,"name":"Top Geschmack Mango Banana ELF BOX LS15000 Jetzt Ohne Zollgeb\u00fchren"}]},{"@type":"WebSite","@id":"https:\/\/vapingnet.de\/#website","url":"https:\/\/vapingnet.de\/","name":"Vapingnet.de","description":"","publisher":{"@id":"https:\/\/vapingnet.de\/#organization"},"potentialAction":[{"@type":"SearchAction","target":{"@type":"EntryPoint","urlTemplate":"https:\/\/vapingnet.de\/?s={search_term_string}"},"query-input":{"@type":"PropertyValueSpecification","valueRequired":true,"valueName":"search_term_string"}}],"inLanguage":"sk-SK"},{"@type":"Organization","@id":"https:\/\/vapingnet.de\/#organization","name":"Vapingnet.de","url":"https:\/\/vapingnet.de\/","logo":{"@type":"ImageObject","inLanguage":"sk-SK","@id":"https:\/\/vapingnet.de\/#\/schema\/logo\/image\/","url":"https:\/\/vapingnet.de\/wp-content\/uploads\/2025\/03\/cropped-vapingnet.de_.jpg","contentUrl":"https:\/\/vapingnet.de\/wp-content\/uploads\/2025\/03\/cropped-vapingnet.de_.jpg","width":512,"height":512,"caption":"Vapingnet.de"},"image":{"@id":"https:\/\/vapingnet.de\/#\/schema\/logo\/image\/"},"sameAs":["https:\/\/www.facebook.com\/vapingnetde\/"]}]}},"tiered_pricing_type":"fixed","tiered_pricing_fixed_rules":{"10":"8.35","60":"7.54","110":"6.68","200":"5.85"},"tiered_pricing_product_settings":{"layout":"default","base_unit_name":{"singular":null,"plural":null},"default_variation":null},"tiered_pricing_minimum_quantity":null,"tiered_pricing_roles_data":[],"tiered_pricing_percentage_rules":[],"_links":{"self":[{"href":"https:\/\/vapingnet.de\/sk\/wp-json\/wp\/v2\/product\/6433","targetHints":{"allow":["GET"]}}],"collection":[{"href":"https:\/\/vapingnet.de\/sk\/wp-json\/wp\/v2\/product"}],"about":[{"href":"https:\/\/vapingnet.de\/sk\/wp-json\/wp\/v2\/types\/product"}],"version-history":[{"count":1,"href":"https:\/\/vapingnet.de\/sk\/wp-json\/wp\/v2\/product\/6433\/revisions"}],"predecessor-version":[{"id":6441,"href":"https:\/\/vapingnet.de\/sk\/wp-json\/wp\/v2\/product\/6433\/revisions\/6441"}],"wp:featuredmedia":[{"embeddable":true,"href":"https:\/\/vapingnet.de\/sk\/wp-json\/wp\/v2\/media\/6415"}],"wp:attachment":[{"href":"https:\/\/vapingnet.de\/sk\/wp-json\/wp\/v2\/media?parent=6433"}],"wp:term":[{"taxonomy":"brand","embeddable":true,"href":"https:\/\/vapingnet.de\/sk\/wp-json\/wp\/v2\/etheme_brands?post=6433"},{"taxonomy":"product_brand","embeddable":true,"href":"https:\/\/vapingnet.de\/sk\/wp-json\/wp\/v2\/product_brand?post=6433"},{"taxonomy":"product_cat","embeddable":true,"href":"https:\/\/vapingnet.de\/sk\/wp-json\/wp\/v2\/product_cat?post=6433"},{"taxonomy":"product_tag","embeddable":true,"href":"https:\/\/vapingnet.de\/sk\/wp-json\/wp\/v2\/product_tag?post=6433"}],"curies":[{"name":"wp","href":"https:\/\/api.w.org\/{rel}","templated":true}]}}