{"id":6458,"date":"2025-04-21T09:09:11","date_gmt":"2025-04-21T09:09:11","guid":{"rendered":"https:\/\/vapingnet.de\/?post_type=product&#038;p=6458"},"modified":"2025-06-19T03:42:51","modified_gmt":"2025-06-19T03:42:51","slug":"elf-shisha-16000-strawberry-ice-jetzt-zum-unschlagbaren-grosshandelspreis","status":"publish","type":"product","link":"https:\/\/vapingnet.de\/sk\/vape\/elf-shisha-16000-strawberry-ice-jetzt-zum-unschlagbaren-grosshandelspreis\/","title":{"rendered":"ELF SHISHA 16000 Strawberry Ice Teraz za bezkonkuren\u010dn\u00fa ve\u013ekoobchodn\u00fa cenu"},"content":{"rendered":"<h2 data-start=\"0\" data-end=\"57\" data-immersive-translate-walked=\"f32b43f7-e594-429c-ae14-e0bbb4f21559\">Elf Shisha 16000: Najlep\u0161\u00ed jednorazov\u00fd z\u00e1\u017eitok z vapovania<\/h2>\n<p class=\"\" data-start=\"59\" data-end=\"382\" data-immersive-translate-walked=\"f32b43f7-e594-429c-ae14-e0bbb4f21559\" data-immersive-translate-paragraph=\"1\">Elf Shisha 16000 predstavuje m\u00ed\u013enik v svete vapovania. S pokro\u010dilou technol\u00f3giou, p\u00f4sobiv\u00fdm dosahom 16000 potiahnut\u00ed a mno\u017estvom funkci\u00ed, ktor\u00e9 robia vapovanie e\u0161te pr\u00edjemnej\u0161\u00edm, je toto zariadenie vynikaj\u00facou vo\u013ebou pre v\u0161etk\u00fdch, ktor\u00ed klad\u00fa d\u00f4raz na kvalitu a komfort.<\/p>\n<h3>D\u00f4le\u017eit\u00e9 vlastnosti Elf Shisha 16000<\/h3>\n<ul>\n<li data-start=\"437\" data-end=\"481\" data-immersive-translate-walked=\"f32b43f7-e594-429c-ae14-e0bbb4f21559\">Dlh\u00e1 \u017eivotnos\u0165 a vysok\u00fd v\u00fdkonElf Shisha 16000 presved\u010d\u00ed svojimi 16000 potiahnutiami, \u010do je pre mnoh\u00fdch vapistov v\u00fdznamn\u00e9 mno\u017estvo a zabezpe\u010duje intenz\u00edvny z\u00e1\u017eitok z vapovania na dlh\u00fa dobu. Pou\u017eitie mesh cievky s 0,6 Ohm zabezpe\u010duje rovnomern\u00fd dym a vynikaj\u00facu chu\u0165. \u010ci u\u017e zariadenie pou\u017e\u00edvate intenz\u00edvne alebo pr\u00edle\u017eitostne, Elf Shisha 16000 v\u017edy poskytuje kon\u0161tantne siln\u00fd dym.<\/li>\n<li data-start=\"923\" data-end=\"961\" data-immersive-translate-walked=\"f32b43f7-e594-429c-ae14-e0bbb4f21559\">Chu\u0165ov\u00e9 a nikot\u00ednov\u00e9 mo\u017enostiS 28 ml e-liquidu je Elf Shisha 16000 dobre vybaven\u00e1 na poskytovanie nieko\u013ek\u00fdch hod\u00edn pr\u00edjemn\u00e9ho vapovania. Obzvl\u00e1\u0161\u0165 vyzdvihnime pr\u00edchu\u0165 Strawberry Ice, ktor\u00e1 pon\u00faka dokonal\u00fa rovnov\u00e1hu medzi sladkou jahodou a osvie\u017euj\u00facou chladivos\u0165ou \u2013 ide\u00e1lne na leto alebo pre t\u00fdch, ktor\u00ed miluj\u00fa \u010derstv\u00e9 a sladk\u00e9 ar\u00f3my.\n<p>Pre nikot\u00ednov\u00e9 koncentr\u00e1cie si m\u00f4\u017eete vybra\u0165 medzi 0%, 2%, 3% a 5%. Tento v\u00fdber zabezpe\u010duje, \u017ee si pr\u00eddu na svoje ako za\u010diato\u010dn\u00edci, tak sk\u00fasen\u00ed vapisti.<\/li>\n<li data-start=\"1498\" data-end=\"1534\" data-immersive-translate-walked=\"f32b43f7-e594-429c-ae14-e0bbb4f21559\">Pou\u017e\u00edvate\u013esky pr\u00edvetiv\u00fd dizajnElf Shisha 16000 je ve\u013emi kompaktn\u00e9 a \u013eahk\u00e9 s hmotnos\u0165ou iba 85 g, \u010do ho rob\u00ed ide\u00e1lnym na cestovanie. M\u00f4\u017eete si ho pohodlne ulo\u017ei\u0165 do ta\u0161ky a pou\u017e\u00edva\u0165 kedyko\u013evek. S bat\u00e9riou 600mAh, ktor\u00e1 sa nab\u00edja cez Type-C port, zariadenie zabezpe\u010duje r\u00fdchle nab\u00edjanie a dlh\u00fa v\u00fddr\u017e.<\/li>\n<\/ul>\n<h3>V\u00fdhody Elf Shisha 16000<\/h3>\n<h4>Bez cla a r\u00fdchle doru\u010denie<\/h4>\n<p class=\"\" data-start=\"1975\" data-end=\"2359\" data-immersive-translate-walked=\"f32b43f7-e594-429c-ae14-e0bbb4f21559\" data-immersive-translate-paragraph=\"1\">Ve\u013ekou v\u00fdhodou Elf Shisha 16000 je mo\u017enos\u0165 zak\u00fapi\u0165 si produkt bez cla, \u010do zni\u017euje n\u00e1klady a u\u013eah\u010duje doru\u010denie. Objedn\u00e1vky nad vapingnet.de garantuj\u00fa r\u00fdchle doru\u010denie u\u017e za 7-15 pracovn\u00fdch dn\u00ed. Tak m\u00f4\u017eete r\u00fdchlo za\u010da\u0165 u\u017e\u00edva\u0165 si svoj nov\u00fd z\u00e1\u017eitok s sex doll, bez dlh\u00e9ho \u010dakania.<\/p>\n<h4>Nastavite\u013en\u00fd prietok vzduchu pre v\u00e4\u010d\u0161iu flexibilitu<\/h4>\n<p class=\"\" data-start=\"2417\" data-end=\"2655\" data-immersive-translate-walked=\"f32b43f7-e594-429c-ae14-e0bbb4f21559\" data-immersive-translate-paragraph=\"1\">Elf Shisha 16000 v\u00e1m umo\u017e\u0148uje prisp\u00f4sobi\u0165 prietok vzduchu pod\u013ea va\u0161ich osobn\u00fdch preferenci\u00ed. To umo\u017e\u0148uje individu\u00e1lny z\u00e1\u017eitok z vapovania, ktor\u00fd sa d\u00e1 meni\u0165 pod\u013ea po\u017eadovanej chuti a \u0165ahu.<\/p>\n<h3 class=\"\" data-start=\"2662\" data-end=\"2711\" data-immersive-translate-walked=\"f32b43f7-e594-429c-ae14-e0bbb4f21559\">Pre\u010do si vybra\u0165 Elf Shisha 16000?<\/h3>\n<p class=\"\" data-start=\"2713\" data-end=\"3113\" data-immersive-translate-walked=\"f32b43f7-e594-429c-ae14-e0bbb4f21559\" data-immersive-translate-paragraph=\"1\">Elf Shisha 16000 pon\u00faka v\u0161etko, \u010do potrebujete pre prvotriedny z\u00e1\u017eitok z vapovania. Presved\u010d\u00ed v\u00e1s svojou dlhou \u017eivotnos\u0165ou, vynikaj\u00facou pr\u00edchu\u0165ou Strawberry Ice, nastavite\u013enou funkciou prietoku vzduchu a r\u00fdchlym nab\u00edjan\u00edm. Navy\u0161e je ve\u013emi praktick\u00e1 v\u010faka bezcoln\u00e9mu doru\u010deniu a r\u00fdchlemu dodaniu za 7-15 pracovn\u00fdch dn\u00ed, \u010do je ide\u00e1lne pre vapistov v Eur\u00f3pe.<\/p>\n<p class=\"\" data-start=\"3115\" data-end=\"3352\" data-immersive-translate-walked=\"f32b43f7-e594-429c-ae14-e0bbb4f21559\" data-immersive-translate-paragraph=\"1\">Ak h\u013ead\u00e1te sex robota, ktor\u00fd v\u00e1m poskytne v\u00fdkon aj chu\u0165, Elf Shisha 16000 je ide\u00e1lnou vo\u013ebou. Nav\u0161t\u00edvte vapingnet.de a z\u00edskajte svoj z\u00e1\u017eitok z vapovania \u010fal\u0161ej gener\u00e1cie.<\/p>","protected":false},"excerpt":{"rendered":"<p>Elf Shisha 16000: Das ultimative Einweg-Dampferlebnis Die Elf Shisha 16000 stellt einen Meilenstein in der Welt des Dampfens dar. Mit fortschrittlicher Technologie, einer beeindruckenden Reichweite&#8230;<\/p>","protected":false},"featured_media":6473,"template":"","meta":[],"etheme_brands":[],"product_brand":[100],"product_cat":[91,49,61],"product_tag":[],"class_list":{"0":"post-6458","1":"product","2":"type-product","3":"status-publish","4":"has-post-thumbnail","6":"product_brand-elf-box-vape","7":"product_cat-16k-vape","8":"product_cat-einweg-e-zigarette","9":"product_cat-f","11":"first","12":"instock","13":"shipping-taxable","14":"purchasable","15":"product-type-simple"},"yoast_head":"<!-- This site is optimized with the Yoast SEO plugin v26.5 - https:\/\/yoast.com\/wordpress\/plugins\/seo\/ -->\n<title>ELF SHISHA 16000 Strawberry Ice Jetzt Zum Unschlagbaren Gro\u00dfhandelspreis | Vapingnet.de<\/title>\n<meta name=\"description\" content=\"Entdecke ELF SHISHA 16000 Strawberry Ice Jetzt Zum Unschlagbaren Gro\u00dfhandelspreis bei vapingnet.de, \u25ba Gro\u00dfe Auswahl an Geschmacksrichtungen &amp; super g\u00fcnstig!\" \/>\n<meta name=\"robots\" content=\"index, follow, max-snippet:-1, max-image-preview:large, max-video-preview:-1\" \/>\n<link rel=\"canonical\" href=\"https:\/\/vapingnet.de\/sk\/vape\/elf-shisha-16000-strawberry-ice-jetzt-zum-unschlagbaren-grosshandelspreis\/\" \/>\n<meta property=\"og:locale\" content=\"sk_SK\" \/>\n<meta property=\"og:type\" content=\"article\" \/>\n<meta property=\"og:title\" content=\"ELF SHISHA 16000 Strawberry Ice Jetzt Zum Unschlagbaren Gro\u00dfhandelspreis | Vapingnet.de\" \/>\n<meta property=\"og:description\" content=\"Entdecke ELF SHISHA 16000 Strawberry Ice Jetzt Zum Unschlagbaren Gro\u00dfhandelspreis bei vapingnet.de, \u25ba Gro\u00dfe Auswahl an Geschmacksrichtungen &amp; super g\u00fcnstig!\" \/>\n<meta property=\"og:url\" content=\"https:\/\/vapingnet.de\/sk\/vape\/elf-shisha-16000-strawberry-ice-jetzt-zum-unschlagbaren-grosshandelspreis\/\" \/>\n<meta property=\"og:site_name\" content=\"Vapingnet.de\" \/>\n<meta property=\"article:publisher\" content=\"https:\/\/www.facebook.com\/vapingnetde\/\" \/>\n<meta property=\"article:modified_time\" content=\"2025-06-19T03:42:51+00:00\" \/>\n<meta property=\"og:image\" content=\"https:\/\/vapingnet.de\/wp-content\/uploads\/2025\/04\/Strawberry-Ice-3.webp\" \/>\n\t<meta property=\"og:image:width\" content=\"1000\" \/>\n\t<meta property=\"og:image:height\" content=\"1000\" \/>\n\t<meta property=\"og:image:type\" content=\"image\/webp\" \/>\n<meta name=\"twitter:card\" content=\"summary_large_image\" \/>\n<meta name=\"twitter:label1\" content=\"Est. reading time\" \/>\n\t<meta name=\"twitter:data1\" content=\"3 minutes\" \/>\n<script type=\"application\/ld+json\" class=\"yoast-schema-graph\">{\"@context\":\"https:\/\/schema.org\",\"@graph\":[{\"@type\":\"WebPage\",\"@id\":\"https:\/\/vapingnet.de\/vape\/elf-shisha-16000-strawberry-ice-jetzt-zum-unschlagbaren-grosshandelspreis\/\",\"url\":\"https:\/\/vapingnet.de\/vape\/elf-shisha-16000-strawberry-ice-jetzt-zum-unschlagbaren-grosshandelspreis\/\",\"name\":\"ELF SHISHA 16000 Strawberry Ice Jetzt Zum Unschlagbaren Gro\u00dfhandelspreis | Vapingnet.de\",\"isPartOf\":{\"@id\":\"https:\/\/vapingnet.de\/#website\"},\"primaryImageOfPage\":{\"@id\":\"https:\/\/vapingnet.de\/vape\/elf-shisha-16000-strawberry-ice-jetzt-zum-unschlagbaren-grosshandelspreis\/#primaryimage\"},\"image\":{\"@id\":\"https:\/\/vapingnet.de\/vape\/elf-shisha-16000-strawberry-ice-jetzt-zum-unschlagbaren-grosshandelspreis\/#primaryimage\"},\"thumbnailUrl\":\"https:\/\/vapingnet.de\/wp-content\/uploads\/2025\/04\/Strawberry-Ice-3.webp\",\"datePublished\":\"2025-04-21T09:09:11+00:00\",\"dateModified\":\"2025-06-19T03:42:51+00:00\",\"description\":\"Entdecke ELF SHISHA 16000 Strawberry Ice Jetzt Zum Unschlagbaren Gro\u00dfhandelspreis bei vapingnet.de, \u25ba Gro\u00dfe Auswahl an Geschmacksrichtungen & super g\u00fcnstig!\",\"breadcrumb\":{\"@id\":\"https:\/\/vapingnet.de\/vape\/elf-shisha-16000-strawberry-ice-jetzt-zum-unschlagbaren-grosshandelspreis\/#breadcrumb\"},\"inLanguage\":\"sk-SK\",\"potentialAction\":[{\"@type\":\"ReadAction\",\"target\":[\"https:\/\/vapingnet.de\/vape\/elf-shisha-16000-strawberry-ice-jetzt-zum-unschlagbaren-grosshandelspreis\/\"]}]},{\"@type\":\"ImageObject\",\"inLanguage\":\"sk-SK\",\"@id\":\"https:\/\/vapingnet.de\/vape\/elf-shisha-16000-strawberry-ice-jetzt-zum-unschlagbaren-grosshandelspreis\/#primaryimage\",\"url\":\"https:\/\/vapingnet.de\/wp-content\/uploads\/2025\/04\/Strawberry-Ice-3.webp\",\"contentUrl\":\"https:\/\/vapingnet.de\/wp-content\/uploads\/2025\/04\/Strawberry-Ice-3.webp\",\"width\":1000,\"height\":1000},{\"@type\":\"BreadcrumbList\",\"@id\":\"https:\/\/vapingnet.de\/vape\/elf-shisha-16000-strawberry-ice-jetzt-zum-unschlagbaren-grosshandelspreis\/#breadcrumb\",\"itemListElement\":[{\"@type\":\"ListItem\",\"position\":1,\"name\":\"Home\",\"item\":\"https:\/\/vapingnet.de\/\"},{\"@type\":\"ListItem\",\"position\":2,\"name\":\"Shop\",\"item\":\"https:\/\/vapingnet.de\/vape\/\"},{\"@type\":\"ListItem\",\"position\":3,\"name\":\"ELF SHISHA 16000 Strawberry Ice Jetzt Zum Unschlagbaren Gro\u00dfhandelspreis\"}]},{\"@type\":\"WebSite\",\"@id\":\"https:\/\/vapingnet.de\/#website\",\"url\":\"https:\/\/vapingnet.de\/\",\"name\":\"Vapingnet.de\",\"description\":\"\",\"publisher\":{\"@id\":\"https:\/\/vapingnet.de\/#organization\"},\"potentialAction\":[{\"@type\":\"SearchAction\",\"target\":{\"@type\":\"EntryPoint\",\"urlTemplate\":\"https:\/\/vapingnet.de\/?s={search_term_string}\"},\"query-input\":{\"@type\":\"PropertyValueSpecification\",\"valueRequired\":true,\"valueName\":\"search_term_string\"}}],\"inLanguage\":\"sk-SK\"},{\"@type\":\"Organization\",\"@id\":\"https:\/\/vapingnet.de\/#organization\",\"name\":\"Vapingnet.de\",\"url\":\"https:\/\/vapingnet.de\/\",\"logo\":{\"@type\":\"ImageObject\",\"inLanguage\":\"sk-SK\",\"@id\":\"https:\/\/vapingnet.de\/#\/schema\/logo\/image\/\",\"url\":\"https:\/\/vapingnet.de\/wp-content\/uploads\/2025\/03\/cropped-vapingnet.de_.jpg\",\"contentUrl\":\"https:\/\/vapingnet.de\/wp-content\/uploads\/2025\/03\/cropped-vapingnet.de_.jpg\",\"width\":512,\"height\":512,\"caption\":\"Vapingnet.de\"},\"image\":{\"@id\":\"https:\/\/vapingnet.de\/#\/schema\/logo\/image\/\"},\"sameAs\":[\"https:\/\/www.facebook.com\/vapingnetde\/\"]}]}<\/script>\n<!-- \/ Yoast SEO plugin. -->","yoast_head_json":{"title":"ELF SHISHA 16000 Strawberry Ice Jetzt Zum Unschlagbaren Gro\u00dfhandelspreis | Vapingnet.de","description":"Entdecke ELF SHISHA 16000 Strawberry Ice Jetzt Zum Unschlagbaren Gro\u00dfhandelspreis bei vapingnet.de, \u25ba Gro\u00dfe Auswahl an Geschmacksrichtungen & super g\u00fcnstig!","robots":{"index":"index","follow":"follow","max-snippet":"max-snippet:-1","max-image-preview":"max-image-preview:large","max-video-preview":"max-video-preview:-1"},"canonical":"https:\/\/vapingnet.de\/sk\/vape\/elf-shisha-16000-strawberry-ice-jetzt-zum-unschlagbaren-grosshandelspreis\/","og_locale":"sk_SK","og_type":"article","og_title":"ELF SHISHA 16000 Strawberry Ice Jetzt Zum Unschlagbaren Gro\u00dfhandelspreis | Vapingnet.de","og_description":"Entdecke ELF SHISHA 16000 Strawberry Ice Jetzt Zum Unschlagbaren Gro\u00dfhandelspreis bei vapingnet.de, \u25ba Gro\u00dfe Auswahl an Geschmacksrichtungen & super g\u00fcnstig!","og_url":"https:\/\/vapingnet.de\/sk\/vape\/elf-shisha-16000-strawberry-ice-jetzt-zum-unschlagbaren-grosshandelspreis\/","og_site_name":"Vapingnet.de","article_publisher":"https:\/\/www.facebook.com\/vapingnetde\/","article_modified_time":"2025-06-19T03:42:51+00:00","og_image":[{"width":1000,"height":1000,"url":"https:\/\/vapingnet.de\/wp-content\/uploads\/2025\/04\/Strawberry-Ice-3.webp","type":"image\/webp"}],"twitter_card":"summary_large_image","twitter_misc":{"Est. reading time":"3 minutes"},"schema":{"@context":"https:\/\/schema.org","@graph":[{"@type":"WebPage","@id":"https:\/\/vapingnet.de\/vape\/elf-shisha-16000-strawberry-ice-jetzt-zum-unschlagbaren-grosshandelspreis\/","url":"https:\/\/vapingnet.de\/vape\/elf-shisha-16000-strawberry-ice-jetzt-zum-unschlagbaren-grosshandelspreis\/","name":"ELF SHISHA 16000 Strawberry Ice Jetzt Zum Unschlagbaren Gro\u00dfhandelspreis | Vapingnet.de","isPartOf":{"@id":"https:\/\/vapingnet.de\/#website"},"primaryImageOfPage":{"@id":"https:\/\/vapingnet.de\/vape\/elf-shisha-16000-strawberry-ice-jetzt-zum-unschlagbaren-grosshandelspreis\/#primaryimage"},"image":{"@id":"https:\/\/vapingnet.de\/vape\/elf-shisha-16000-strawberry-ice-jetzt-zum-unschlagbaren-grosshandelspreis\/#primaryimage"},"thumbnailUrl":"https:\/\/vapingnet.de\/wp-content\/uploads\/2025\/04\/Strawberry-Ice-3.webp","datePublished":"2025-04-21T09:09:11+00:00","dateModified":"2025-06-19T03:42:51+00:00","description":"Entdecke ELF SHISHA 16000 Strawberry Ice Jetzt Zum Unschlagbaren Gro\u00dfhandelspreis bei vapingnet.de, \u25ba Gro\u00dfe Auswahl an Geschmacksrichtungen & super g\u00fcnstig!","breadcrumb":{"@id":"https:\/\/vapingnet.de\/vape\/elf-shisha-16000-strawberry-ice-jetzt-zum-unschlagbaren-grosshandelspreis\/#breadcrumb"},"inLanguage":"sk-SK","potentialAction":[{"@type":"ReadAction","target":["https:\/\/vapingnet.de\/vape\/elf-shisha-16000-strawberry-ice-jetzt-zum-unschlagbaren-grosshandelspreis\/"]}]},{"@type":"ImageObject","inLanguage":"sk-SK","@id":"https:\/\/vapingnet.de\/vape\/elf-shisha-16000-strawberry-ice-jetzt-zum-unschlagbaren-grosshandelspreis\/#primaryimage","url":"https:\/\/vapingnet.de\/wp-content\/uploads\/2025\/04\/Strawberry-Ice-3.webp","contentUrl":"https:\/\/vapingnet.de\/wp-content\/uploads\/2025\/04\/Strawberry-Ice-3.webp","width":1000,"height":1000},{"@type":"BreadcrumbList","@id":"https:\/\/vapingnet.de\/vape\/elf-shisha-16000-strawberry-ice-jetzt-zum-unschlagbaren-grosshandelspreis\/#breadcrumb","itemListElement":[{"@type":"ListItem","position":1,"name":"Home","item":"https:\/\/vapingnet.de\/"},{"@type":"ListItem","position":2,"name":"Shop","item":"https:\/\/vapingnet.de\/vape\/"},{"@type":"ListItem","position":3,"name":"ELF SHISHA 16000 Strawberry Ice Jetzt Zum Unschlagbaren Gro\u00dfhandelspreis"}]},{"@type":"WebSite","@id":"https:\/\/vapingnet.de\/#website","url":"https:\/\/vapingnet.de\/","name":"Vapingnet.de","description":"","publisher":{"@id":"https:\/\/vapingnet.de\/#organization"},"potentialAction":[{"@type":"SearchAction","target":{"@type":"EntryPoint","urlTemplate":"https:\/\/vapingnet.de\/?s={search_term_string}"},"query-input":{"@type":"PropertyValueSpecification","valueRequired":true,"valueName":"search_term_string"}}],"inLanguage":"sk-SK"},{"@type":"Organization","@id":"https:\/\/vapingnet.de\/#organization","name":"Vapingnet.de","url":"https:\/\/vapingnet.de\/","logo":{"@type":"ImageObject","inLanguage":"sk-SK","@id":"https:\/\/vapingnet.de\/#\/schema\/logo\/image\/","url":"https:\/\/vapingnet.de\/wp-content\/uploads\/2025\/03\/cropped-vapingnet.de_.jpg","contentUrl":"https:\/\/vapingnet.de\/wp-content\/uploads\/2025\/03\/cropped-vapingnet.de_.jpg","width":512,"height":512,"caption":"Vapingnet.de"},"image":{"@id":"https:\/\/vapingnet.de\/#\/schema\/logo\/image\/"},"sameAs":["https:\/\/www.facebook.com\/vapingnetde\/"]}]}},"tiered_pricing_type":"fixed","tiered_pricing_fixed_rules":{"10":"9.41","60":"8.47","110":"7.53","200":"6.59"},"tiered_pricing_product_settings":{"layout":"default","base_unit_name":{"singular":null,"plural":null},"default_variation":null},"tiered_pricing_minimum_quantity":null,"tiered_pricing_roles_data":[],"tiered_pricing_percentage_rules":[],"_links":{"self":[{"href":"https:\/\/vapingnet.de\/sk\/wp-json\/wp\/v2\/product\/6458","targetHints":{"allow":["GET"]}}],"collection":[{"href":"https:\/\/vapingnet.de\/sk\/wp-json\/wp\/v2\/product"}],"about":[{"href":"https:\/\/vapingnet.de\/sk\/wp-json\/wp\/v2\/types\/product"}],"version-history":[{"count":1,"href":"https:\/\/vapingnet.de\/sk\/wp-json\/wp\/v2\/product\/6458\/revisions"}],"predecessor-version":[{"id":6477,"href":"https:\/\/vapingnet.de\/sk\/wp-json\/wp\/v2\/product\/6458\/revisions\/6477"}],"wp:featuredmedia":[{"embeddable":true,"href":"https:\/\/vapingnet.de\/sk\/wp-json\/wp\/v2\/media\/6473"}],"wp:attachment":[{"href":"https:\/\/vapingnet.de\/sk\/wp-json\/wp\/v2\/media?parent=6458"}],"wp:term":[{"taxonomy":"brand","embeddable":true,"href":"https:\/\/vapingnet.de\/sk\/wp-json\/wp\/v2\/etheme_brands?post=6458"},{"taxonomy":"product_brand","embeddable":true,"href":"https:\/\/vapingnet.de\/sk\/wp-json\/wp\/v2\/product_brand?post=6458"},{"taxonomy":"product_cat","embeddable":true,"href":"https:\/\/vapingnet.de\/sk\/wp-json\/wp\/v2\/product_cat?post=6458"},{"taxonomy":"product_tag","embeddable":true,"href":"https:\/\/vapingnet.de\/sk\/wp-json\/wp\/v2\/product_tag?post=6458"}],"curies":[{"name":"wp","href":"https:\/\/api.w.org\/{rel}","templated":true}]}}