{"id":6460,"date":"2025-04-21T09:09:16","date_gmt":"2025-04-21T09:09:16","guid":{"rendered":"https:\/\/vapingnet.de\/?post_type=product&#038;p=6460"},"modified":"2025-06-19T03:42:50","modified_gmt":"2025-06-19T03:42:50","slug":"elf-shisha-16000-mit-bang-king-display-bestseller-kiwi-passion-fruit-flavor","status":"publish","type":"product","link":"https:\/\/vapingnet.de\/sk\/vape\/elf-shisha-16000-mit-bang-king-display-bestseller-kiwi-passion-fruit-flavor\/","title":{"rendered":"ELF SHISHA 16000 s Bang King displejom Bestseller Kiwi Passion Fruit Flavor"},"content":{"rendered":"<h2 data-start=\"0\" data-end=\"68\" data-immersive-translate-walked=\"e9eca150-108d-48d3-9f19-f6a7a99d0077\">Elf Shisha 16000: Jednorazov\u00e1 e-cigareta s vynikaj\u00facim v\u00fdkonom<\/h2>\n<p class=\"\" data-start=\"70\" data-end=\"349\" data-immersive-translate-walked=\"e9eca150-108d-48d3-9f19-f6a7a99d0077\" data-immersive-translate-paragraph=\"1\">Elf Shisha 16000 je jednou z najpokro\u010dilej\u0161\u00edch jednorazov\u00fdch e-cigariet na trhu. S p\u00f4sobivou kapacitou a inovat\u00edvnymi funkciami je jednou z preferovan\u00fdch mo\u017enost\u00ed pre vapery, ktor\u00ed h\u013eadaj\u00fa odoln\u00fd a chutn\u00fd z\u00e1\u017eitok.<\/p>\n<h3>Vlastnosti produktu Elf Shisha 16000<\/h3>\n<p class=\"\" data-start=\"397\" data-end=\"668\" data-immersive-translate-walked=\"e9eca150-108d-48d3-9f19-f6a7a99d0077\" data-immersive-translate-paragraph=\"1\">Elf Shisha 16000 je \u0161peci\u00e1lne navrhnut\u00e1 pre vapery, ktor\u00ed klad\u00fa d\u00f4raz na v\u00fdkon a pou\u017e\u00edvate\u013esk\u00fa pr\u00edvetivos\u0165. Kombinuje mno\u017estvo modern\u00fdch technol\u00f3gi\u00ed, aby bol z\u00e1\u017eitok z vapovania e\u0161te pr\u00edjemnej\u0161\u00ed. Hlavn\u00e9 vlastnosti tejto jednorazovej e-cigarety s\u00fa:<\/p>\n<ul data-start=\"670\" data-end=\"1348\">\n<li class=\"\" data-start=\"670\" data-end=\"830\">\n<p class=\"\" data-start=\"672\" data-end=\"830\" data-immersive-translate-walked=\"e9eca150-108d-48d3-9f19-f6a7a99d0077\" data-immersive-translate-paragraph=\"1\">16000 potiahnut\u00ed: S tak\u00fdmto extr\u00e9mne vysok\u00fdm po\u010dtom potiahnut\u00ed zabezpe\u010duje Elf Shisha 16000 dlhodob\u00e9 vapovanie bez nutnosti dop\u013a\u0148ania.<\/p>\n<\/li>\n<li class=\"\" data-start=\"831\" data-end=\"1022\">\n<p class=\"\" data-start=\"833\" data-end=\"1022\" data-immersive-translate-walked=\"e9eca150-108d-48d3-9f19-f6a7a99d0077\" data-immersive-translate-paragraph=\"1\">Mesh cievka s 0,6 Ohm: Mesh cievka zabezpe\u010duje rovnomern\u00e9 odparovanie a siln\u00fa, kon\u0161tantn\u00fa chu\u0165, ktor\u00e1 rob\u00ed vapovanie obzvl\u00e1\u0161\u0165 pr\u00edjemn\u00fdm z\u00e1\u017eitkom.<\/p>\n<\/li>\n<li class=\"\" data-start=\"1023\" data-end=\"1184\">\n<p class=\"\" data-start=\"1025\" data-end=\"1184\" data-immersive-translate-walked=\"e9eca150-108d-48d3-9f19-f6a7a99d0077\" data-immersive-translate-paragraph=\"1\">E-liquid s 28 ml: Ve\u013ekorys\u00fd objem e-liquidu zaru\u010duje, \u017ee si m\u00f4\u017eete Elf Shisha 16000 u\u017e\u00edva\u0165 dlh\u0161ie, ne\u017e bude potrebn\u00e9 v\u00fdmena.<\/p>\n<\/li>\n<li class=\"\" data-start=\"1185\" data-end=\"1348\">\n<p class=\"\" data-start=\"1187\" data-end=\"1348\" data-immersive-translate-walked=\"e9eca150-108d-48d3-9f19-f6a7a99d0077\" data-immersive-translate-paragraph=\"1\">Nastavite\u013en\u00fd pr\u00fad vzduchu: Prisp\u00f4sobte pr\u00fad vzduchu pod\u013ea svojich \u017eelan\u00ed, aby ste si mohli z\u00e1\u017eitok z vapovania prisp\u00f4sobi\u0165 a n\u00e1js\u0165 ide\u00e1lny \u0165ah.<\/p>\n<\/li>\n<\/ul>\n<h4 data-start=\"1350\" data-end=\"1396\" data-immersive-translate-walked=\"e9eca150-108d-48d3-9f19-f6a7a99d0077\">Chu\u0165ov\u00fd z\u00e1\u017eitok: Kiwi Passion Fruit<\/h4>\n<p class=\"\" data-start=\"1398\" data-end=\"1691\" data-immersive-translate-walked=\"e9eca150-108d-48d3-9f19-f6a7a99d0077\" data-immersive-translate-paragraph=\"1\">S chu\u0165ou Kiwi Passion Fruit pon\u00faka Elf Shisha 16000 exotick\u00fd a osvie\u017euj\u00faci z\u00e1\u017eitok z vapovania. Sladk\u00e1 chu\u0165 kiwi v kombin\u00e1cii s ovocnou notou maracuji vytv\u00e1ra jedine\u010dn\u00fd chu\u0165ov\u00fd z\u00e1\u017eitok, ktor\u00fd si m\u00f4\u017eete vychutn\u00e1va\u0165 cel\u00fd de\u0148.<\/p>\n<h4 data-start=\"1693\" data-end=\"1727\" data-immersive-translate-walked=\"e9eca150-108d-48d3-9f19-f6a7a99d0077\">Technick\u00e9 \u0161pecifik\u00e1cie<\/h4>\n<ul data-start=\"1729\" data-end=\"2041\">\n<li class=\"\" data-start=\"1729\" data-end=\"1786\">\n<p class=\"\" data-start=\"1731\" data-end=\"1786\" data-immersive-translate-walked=\"e9eca150-108d-48d3-9f19-f6a7a99d0077\" data-immersive-translate-paragraph=\"1\">Bat\u00e9ria: 600 mAh pre dlhodob\u00fd v\u00fdkon<\/p>\n<\/li>\n<li class=\"\" data-start=\"1787\" data-end=\"1850\">\n<p class=\"\" data-start=\"1789\" data-end=\"1850\" data-immersive-translate-walked=\"e9eca150-108d-48d3-9f19-f6a7a99d0077\" data-immersive-translate-paragraph=\"1\">Nab\u00edjac\u00ed port: Typ-C pre r\u00fdchle a jednoduch\u00e9 nab\u00edjanie<\/p>\n<\/li>\n<li class=\"\" data-start=\"1851\" data-end=\"1963\">\n<p class=\"\" data-start=\"1853\" data-end=\"1963\" data-immersive-translate-walked=\"e9eca150-108d-48d3-9f19-f6a7a99d0077\" data-immersive-translate-paragraph=\"1\">LED displej: Zobrazuje aktu\u00e1lny stav bat\u00e9rie, aby ste v\u017edy vedeli, kedy je \u010das na nab\u00edjanie.<\/p>\n<\/li>\n<li class=\"\" data-start=\"1964\" data-end=\"2041\">\n<p class=\"\" data-start=\"1966\" data-end=\"2041\" data-immersive-translate-walked=\"e9eca150-108d-48d3-9f19-f6a7a99d0077\" data-immersive-translate-paragraph=\"1\">Hmotnos\u0165 produktu: 85 g, \u013eahk\u00fd a kompaktn\u00fd pre pohodln\u00e9 pou\u017e\u00edvanie.<\/p>\n<\/li>\n<\/ul>\n<h4 data-start=\"2043\" data-end=\"2080\" data-immersive-translate-walked=\"e9eca150-108d-48d3-9f19-f6a7a99d0077\">V\u00fdhody Elf Shisha 16000<\/h4>\n<p class=\"\" data-start=\"2082\" data-end=\"2516\" data-immersive-translate-walked=\"e9eca150-108d-48d3-9f19-f6a7a99d0077\" data-immersive-translate-paragraph=\"1\">Okrem v\u00fdkonn\u00fdch technick\u00fdch vlastnost\u00ed pon\u00faka Elf Shisha 16000 mnoho \u010fal\u0161\u00edch v\u00fdhod. Je to jednorazov\u00e1 e-cigareta, ktor\u00fa m\u00f4\u017eete pou\u017e\u00edva\u0165 bez \u010fal\u0161ej \u00fadr\u017eby alebo dop\u013a\u0148ania. R\u00fdchle doru\u010denie do 7-15 pracovn\u00fdch dn\u00ed a bezcoln\u00fd odoslanie rob\u00ed z Elf Shisha 16000 pohodln\u00fa vo\u013ebu pre vapery, ktor\u00ed h\u013eadaj\u00fa jednoduch\u00fd a bezstarostn\u00fd z\u00e1\u017eitok z vapovania.<\/p>\n<h4 data-start=\"2518\" data-end=\"2572\" data-immersive-translate-walked=\"e9eca150-108d-48d3-9f19-f6a7a99d0077\">Pre\u010do si vybra\u0165 Elf Shisha 16000?<\/h4>\n<p class=\"\" data-start=\"2574\" data-end=\"3012\" data-immersive-translate-walked=\"e9eca150-108d-48d3-9f19-f6a7a99d0077\" data-immersive-translate-paragraph=\"1\">Ak h\u013ead\u00e1te kvalitn\u00fa a odoln\u00fa jednorazov\u00fa e-cigaretu, Elf Shisha 16000 je ide\u00e1lnou vo\u013ebou. S vysok\u00fdm objemom e-liquidu, v\u00fdkonnou mesh cievkou, nastavite\u013enou regul\u00e1ciou pr\u00fadu vzduchu a r\u00f4znymi nikot\u00ednov\u00fdmi silami pon\u00faka v\u0161etko, \u010do potrebujete pre optim\u00e1lny z\u00e1\u017eitok z vapovania. Nav\u0161t\u00edvte vapingnet.de, aby ste sa dozvedeli viac a objednali si svoju Elf Shisha 16000.<\/p>","protected":false},"excerpt":{"rendered":"<p>Elf Shisha 16000: Einweg-E-Zigarette mit herausragender Leistung Die Elf Shisha 16000 ist eine der fortschrittlichsten Einweg-E-Zigaretten auf dem Markt. Mit einer beeindruckenden Kapazit\u00e4t und innovativen&#8230;<\/p>","protected":false},"featured_media":6468,"template":"","meta":[],"etheme_brands":[],"product_brand":[100],"product_cat":[91,49,61],"product_tag":[],"class_list":{"0":"post-6460","1":"product","2":"type-product","3":"status-publish","4":"has-post-thumbnail","6":"product_brand-elf-box-vape","7":"product_cat-16k-vape","8":"product_cat-einweg-e-zigarette","9":"product_cat-f","11":"first","12":"instock","13":"shipping-taxable","14":"purchasable","15":"product-type-simple"},"yoast_head":"<!-- This site is optimized with the Yoast SEO plugin v26.5 - https:\/\/yoast.com\/wordpress\/plugins\/seo\/ -->\n<title>ELF SHISHA 16000 mit Bang King Display Bestseller Kiwi Passion Fruit Flavor | Vapingnet.de<\/title>\n<meta name=\"description\" content=\"Entdecke ELF SHISHA 16000 mit Bang King Display Bestseller Kiwi Passion Fruit Flavor bei vapingnet.de, \u25ba Gro\u00dfe Auswahl an Geschmacksrichtungen &amp; super g\u00fcnstig!\" \/>\n<meta name=\"robots\" content=\"index, follow, max-snippet:-1, max-image-preview:large, max-video-preview:-1\" \/>\n<link rel=\"canonical\" href=\"https:\/\/vapingnet.de\/sk\/vape\/elf-shisha-16000-mit-bang-king-display-bestseller-kiwi-passion-fruit-flavor\/\" \/>\n<meta property=\"og:locale\" content=\"sk_SK\" \/>\n<meta property=\"og:type\" content=\"article\" \/>\n<meta property=\"og:title\" content=\"ELF SHISHA 16000 mit Bang King Display Bestseller Kiwi Passion Fruit Flavor | Vapingnet.de\" \/>\n<meta property=\"og:description\" content=\"Entdecke ELF SHISHA 16000 mit Bang King Display Bestseller Kiwi Passion Fruit Flavor bei vapingnet.de, \u25ba Gro\u00dfe Auswahl an Geschmacksrichtungen &amp; super g\u00fcnstig!\" \/>\n<meta property=\"og:url\" content=\"https:\/\/vapingnet.de\/sk\/vape\/elf-shisha-16000-mit-bang-king-display-bestseller-kiwi-passion-fruit-flavor\/\" \/>\n<meta property=\"og:site_name\" content=\"Vapingnet.de\" \/>\n<meta property=\"article:publisher\" content=\"https:\/\/www.facebook.com\/vapingnetde\/\" \/>\n<meta property=\"article:modified_time\" content=\"2025-06-19T03:42:50+00:00\" \/>\n<meta property=\"og:image\" content=\"https:\/\/vapingnet.de\/wp-content\/uploads\/2025\/04\/Kiwi-Passion-Fruit-3.webp\" \/>\n\t<meta property=\"og:image:width\" content=\"1000\" \/>\n\t<meta property=\"og:image:height\" content=\"1000\" \/>\n\t<meta property=\"og:image:type\" content=\"image\/webp\" \/>\n<meta name=\"twitter:card\" content=\"summary_large_image\" \/>\n<meta name=\"twitter:label1\" content=\"Est. reading time\" \/>\n\t<meta name=\"twitter:data1\" content=\"3 minutes\" \/>\n<script type=\"application\/ld+json\" class=\"yoast-schema-graph\">{\"@context\":\"https:\/\/schema.org\",\"@graph\":[{\"@type\":\"WebPage\",\"@id\":\"https:\/\/vapingnet.de\/vape\/elf-shisha-16000-mit-bang-king-display-bestseller-kiwi-passion-fruit-flavor\/\",\"url\":\"https:\/\/vapingnet.de\/vape\/elf-shisha-16000-mit-bang-king-display-bestseller-kiwi-passion-fruit-flavor\/\",\"name\":\"ELF SHISHA 16000 mit Bang King Display Bestseller Kiwi Passion Fruit Flavor | Vapingnet.de\",\"isPartOf\":{\"@id\":\"https:\/\/vapingnet.de\/#website\"},\"primaryImageOfPage\":{\"@id\":\"https:\/\/vapingnet.de\/vape\/elf-shisha-16000-mit-bang-king-display-bestseller-kiwi-passion-fruit-flavor\/#primaryimage\"},\"image\":{\"@id\":\"https:\/\/vapingnet.de\/vape\/elf-shisha-16000-mit-bang-king-display-bestseller-kiwi-passion-fruit-flavor\/#primaryimage\"},\"thumbnailUrl\":\"https:\/\/vapingnet.de\/wp-content\/uploads\/2025\/04\/Kiwi-Passion-Fruit-3.webp\",\"datePublished\":\"2025-04-21T09:09:16+00:00\",\"dateModified\":\"2025-06-19T03:42:50+00:00\",\"description\":\"Entdecke ELF SHISHA 16000 mit Bang King Display Bestseller Kiwi Passion Fruit Flavor bei vapingnet.de, \u25ba Gro\u00dfe Auswahl an Geschmacksrichtungen & super g\u00fcnstig!\",\"breadcrumb\":{\"@id\":\"https:\/\/vapingnet.de\/vape\/elf-shisha-16000-mit-bang-king-display-bestseller-kiwi-passion-fruit-flavor\/#breadcrumb\"},\"inLanguage\":\"sk-SK\",\"potentialAction\":[{\"@type\":\"ReadAction\",\"target\":[\"https:\/\/vapingnet.de\/vape\/elf-shisha-16000-mit-bang-king-display-bestseller-kiwi-passion-fruit-flavor\/\"]}]},{\"@type\":\"ImageObject\",\"inLanguage\":\"sk-SK\",\"@id\":\"https:\/\/vapingnet.de\/vape\/elf-shisha-16000-mit-bang-king-display-bestseller-kiwi-passion-fruit-flavor\/#primaryimage\",\"url\":\"https:\/\/vapingnet.de\/wp-content\/uploads\/2025\/04\/Kiwi-Passion-Fruit-3.webp\",\"contentUrl\":\"https:\/\/vapingnet.de\/wp-content\/uploads\/2025\/04\/Kiwi-Passion-Fruit-3.webp\",\"width\":1000,\"height\":1000},{\"@type\":\"BreadcrumbList\",\"@id\":\"https:\/\/vapingnet.de\/vape\/elf-shisha-16000-mit-bang-king-display-bestseller-kiwi-passion-fruit-flavor\/#breadcrumb\",\"itemListElement\":[{\"@type\":\"ListItem\",\"position\":1,\"name\":\"Home\",\"item\":\"https:\/\/vapingnet.de\/\"},{\"@type\":\"ListItem\",\"position\":2,\"name\":\"Shop\",\"item\":\"https:\/\/vapingnet.de\/vape\/\"},{\"@type\":\"ListItem\",\"position\":3,\"name\":\"ELF SHISHA 16000 mit Bang King Display Bestseller Kiwi Passion Fruit Flavor\"}]},{\"@type\":\"WebSite\",\"@id\":\"https:\/\/vapingnet.de\/#website\",\"url\":\"https:\/\/vapingnet.de\/\",\"name\":\"Vapingnet.de\",\"description\":\"\",\"publisher\":{\"@id\":\"https:\/\/vapingnet.de\/#organization\"},\"potentialAction\":[{\"@type\":\"SearchAction\",\"target\":{\"@type\":\"EntryPoint\",\"urlTemplate\":\"https:\/\/vapingnet.de\/?s={search_term_string}\"},\"query-input\":{\"@type\":\"PropertyValueSpecification\",\"valueRequired\":true,\"valueName\":\"search_term_string\"}}],\"inLanguage\":\"sk-SK\"},{\"@type\":\"Organization\",\"@id\":\"https:\/\/vapingnet.de\/#organization\",\"name\":\"Vapingnet.de\",\"url\":\"https:\/\/vapingnet.de\/\",\"logo\":{\"@type\":\"ImageObject\",\"inLanguage\":\"sk-SK\",\"@id\":\"https:\/\/vapingnet.de\/#\/schema\/logo\/image\/\",\"url\":\"https:\/\/vapingnet.de\/wp-content\/uploads\/2025\/03\/cropped-vapingnet.de_.jpg\",\"contentUrl\":\"https:\/\/vapingnet.de\/wp-content\/uploads\/2025\/03\/cropped-vapingnet.de_.jpg\",\"width\":512,\"height\":512,\"caption\":\"Vapingnet.de\"},\"image\":{\"@id\":\"https:\/\/vapingnet.de\/#\/schema\/logo\/image\/\"},\"sameAs\":[\"https:\/\/www.facebook.com\/vapingnetde\/\"]}]}<\/script>\n<!-- \/ Yoast SEO plugin. -->","yoast_head_json":{"title":"ELF SHISHA 16000 mit Bang King Display Bestseller Kiwi Passion Fruit Flavor | Vapingnet.de","description":"Entdecke ELF SHISHA 16000 mit Bang King Display Bestseller Kiwi Passion Fruit Flavor bei vapingnet.de, \u25ba Gro\u00dfe Auswahl an Geschmacksrichtungen & super g\u00fcnstig!","robots":{"index":"index","follow":"follow","max-snippet":"max-snippet:-1","max-image-preview":"max-image-preview:large","max-video-preview":"max-video-preview:-1"},"canonical":"https:\/\/vapingnet.de\/sk\/vape\/elf-shisha-16000-mit-bang-king-display-bestseller-kiwi-passion-fruit-flavor\/","og_locale":"sk_SK","og_type":"article","og_title":"ELF SHISHA 16000 mit Bang King Display Bestseller Kiwi Passion Fruit Flavor | Vapingnet.de","og_description":"Entdecke ELF SHISHA 16000 mit Bang King Display Bestseller Kiwi Passion Fruit Flavor bei vapingnet.de, \u25ba Gro\u00dfe Auswahl an Geschmacksrichtungen & super g\u00fcnstig!","og_url":"https:\/\/vapingnet.de\/sk\/vape\/elf-shisha-16000-mit-bang-king-display-bestseller-kiwi-passion-fruit-flavor\/","og_site_name":"Vapingnet.de","article_publisher":"https:\/\/www.facebook.com\/vapingnetde\/","article_modified_time":"2025-06-19T03:42:50+00:00","og_image":[{"width":1000,"height":1000,"url":"https:\/\/vapingnet.de\/wp-content\/uploads\/2025\/04\/Kiwi-Passion-Fruit-3.webp","type":"image\/webp"}],"twitter_card":"summary_large_image","twitter_misc":{"Est. reading time":"3 minutes"},"schema":{"@context":"https:\/\/schema.org","@graph":[{"@type":"WebPage","@id":"https:\/\/vapingnet.de\/vape\/elf-shisha-16000-mit-bang-king-display-bestseller-kiwi-passion-fruit-flavor\/","url":"https:\/\/vapingnet.de\/vape\/elf-shisha-16000-mit-bang-king-display-bestseller-kiwi-passion-fruit-flavor\/","name":"ELF SHISHA 16000 mit Bang King Display Bestseller Kiwi Passion Fruit Flavor | Vapingnet.de","isPartOf":{"@id":"https:\/\/vapingnet.de\/#website"},"primaryImageOfPage":{"@id":"https:\/\/vapingnet.de\/vape\/elf-shisha-16000-mit-bang-king-display-bestseller-kiwi-passion-fruit-flavor\/#primaryimage"},"image":{"@id":"https:\/\/vapingnet.de\/vape\/elf-shisha-16000-mit-bang-king-display-bestseller-kiwi-passion-fruit-flavor\/#primaryimage"},"thumbnailUrl":"https:\/\/vapingnet.de\/wp-content\/uploads\/2025\/04\/Kiwi-Passion-Fruit-3.webp","datePublished":"2025-04-21T09:09:16+00:00","dateModified":"2025-06-19T03:42:50+00:00","description":"Entdecke ELF SHISHA 16000 mit Bang King Display Bestseller Kiwi Passion Fruit Flavor bei vapingnet.de, \u25ba Gro\u00dfe Auswahl an Geschmacksrichtungen & super g\u00fcnstig!","breadcrumb":{"@id":"https:\/\/vapingnet.de\/vape\/elf-shisha-16000-mit-bang-king-display-bestseller-kiwi-passion-fruit-flavor\/#breadcrumb"},"inLanguage":"sk-SK","potentialAction":[{"@type":"ReadAction","target":["https:\/\/vapingnet.de\/vape\/elf-shisha-16000-mit-bang-king-display-bestseller-kiwi-passion-fruit-flavor\/"]}]},{"@type":"ImageObject","inLanguage":"sk-SK","@id":"https:\/\/vapingnet.de\/vape\/elf-shisha-16000-mit-bang-king-display-bestseller-kiwi-passion-fruit-flavor\/#primaryimage","url":"https:\/\/vapingnet.de\/wp-content\/uploads\/2025\/04\/Kiwi-Passion-Fruit-3.webp","contentUrl":"https:\/\/vapingnet.de\/wp-content\/uploads\/2025\/04\/Kiwi-Passion-Fruit-3.webp","width":1000,"height":1000},{"@type":"BreadcrumbList","@id":"https:\/\/vapingnet.de\/vape\/elf-shisha-16000-mit-bang-king-display-bestseller-kiwi-passion-fruit-flavor\/#breadcrumb","itemListElement":[{"@type":"ListItem","position":1,"name":"Home","item":"https:\/\/vapingnet.de\/"},{"@type":"ListItem","position":2,"name":"Shop","item":"https:\/\/vapingnet.de\/vape\/"},{"@type":"ListItem","position":3,"name":"ELF SHISHA 16000 mit Bang King Display Bestseller Kiwi Passion Fruit Flavor"}]},{"@type":"WebSite","@id":"https:\/\/vapingnet.de\/#website","url":"https:\/\/vapingnet.de\/","name":"Vapingnet.de","description":"","publisher":{"@id":"https:\/\/vapingnet.de\/#organization"},"potentialAction":[{"@type":"SearchAction","target":{"@type":"EntryPoint","urlTemplate":"https:\/\/vapingnet.de\/?s={search_term_string}"},"query-input":{"@type":"PropertyValueSpecification","valueRequired":true,"valueName":"search_term_string"}}],"inLanguage":"sk-SK"},{"@type":"Organization","@id":"https:\/\/vapingnet.de\/#organization","name":"Vapingnet.de","url":"https:\/\/vapingnet.de\/","logo":{"@type":"ImageObject","inLanguage":"sk-SK","@id":"https:\/\/vapingnet.de\/#\/schema\/logo\/image\/","url":"https:\/\/vapingnet.de\/wp-content\/uploads\/2025\/03\/cropped-vapingnet.de_.jpg","contentUrl":"https:\/\/vapingnet.de\/wp-content\/uploads\/2025\/03\/cropped-vapingnet.de_.jpg","width":512,"height":512,"caption":"Vapingnet.de"},"image":{"@id":"https:\/\/vapingnet.de\/#\/schema\/logo\/image\/"},"sameAs":["https:\/\/www.facebook.com\/vapingnetde\/"]}]}},"tiered_pricing_type":"fixed","tiered_pricing_fixed_rules":{"10":"9.41","60":"8.47","110":"7.53","200":"6.59"},"tiered_pricing_product_settings":{"layout":"default","base_unit_name":{"singular":null,"plural":null},"default_variation":null},"tiered_pricing_minimum_quantity":null,"tiered_pricing_roles_data":[],"tiered_pricing_percentage_rules":[],"_links":{"self":[{"href":"https:\/\/vapingnet.de\/sk\/wp-json\/wp\/v2\/product\/6460","targetHints":{"allow":["GET"]}}],"collection":[{"href":"https:\/\/vapingnet.de\/sk\/wp-json\/wp\/v2\/product"}],"about":[{"href":"https:\/\/vapingnet.de\/sk\/wp-json\/wp\/v2\/types\/product"}],"version-history":[{"count":1,"href":"https:\/\/vapingnet.de\/sk\/wp-json\/wp\/v2\/product\/6460\/revisions"}],"predecessor-version":[{"id":6480,"href":"https:\/\/vapingnet.de\/sk\/wp-json\/wp\/v2\/product\/6460\/revisions\/6480"}],"wp:featuredmedia":[{"embeddable":true,"href":"https:\/\/vapingnet.de\/sk\/wp-json\/wp\/v2\/media\/6468"}],"wp:attachment":[{"href":"https:\/\/vapingnet.de\/sk\/wp-json\/wp\/v2\/media?parent=6460"}],"wp:term":[{"taxonomy":"brand","embeddable":true,"href":"https:\/\/vapingnet.de\/sk\/wp-json\/wp\/v2\/etheme_brands?post=6460"},{"taxonomy":"product_brand","embeddable":true,"href":"https:\/\/vapingnet.de\/sk\/wp-json\/wp\/v2\/product_brand?post=6460"},{"taxonomy":"product_cat","embeddable":true,"href":"https:\/\/vapingnet.de\/sk\/wp-json\/wp\/v2\/product_cat?post=6460"},{"taxonomy":"product_tag","embeddable":true,"href":"https:\/\/vapingnet.de\/sk\/wp-json\/wp\/v2\/product_tag?post=6460"}],"curies":[{"name":"wp","href":"https:\/\/api.w.org\/{rel}","templated":true}]}}