{"id":6461,"date":"2025-04-21T09:09:18","date_gmt":"2025-04-21T09:09:18","guid":{"rendered":"https:\/\/vapingnet.de\/?post_type=product&#038;p=6461"},"modified":"2025-06-19T03:42:50","modified_gmt":"2025-06-19T03:42:50","slug":"blackberry-ice-von-elf-shisha-16000-der-weltweit-meistverkaufte-geschmack","status":"publish","type":"product","link":"https:\/\/vapingnet.de\/sk\/vape\/blackberry-ice-von-elf-shisha-16000-der-weltweit-meistverkaufte-geschmack\/","title":{"rendered":"Blackberry Ice od ELF SHISHA 16000 najpred\u00e1vanej\u0161ia pr\u00edchu\u0165 na svete"},"content":{"rendered":"<h2 data-start=\"0\" data-end=\"76\" data-immersive-translate-walked=\"5b6be358-5560-4dcd-a31b-af018341b01b\">Elf Shisha 16000: Perfektn\u00e1 jednorazov\u00e1 e-cigareta pre n\u00e1ro\u010dn\u00fdch<\/h2>\n<p class=\"\" data-start=\"78\" data-end=\"381\" data-immersive-translate-walked=\"5b6be358-5560-4dcd-a31b-af018341b01b\" data-immersive-translate-paragraph=\"1\">Elf Shisha 16000 je v\u00fdkonn\u00fd a praktick\u00fd spolo\u010dn\u00edk pre vapery, ktor\u00ed klad\u00fa d\u00f4raz na vysok\u00fa kvalitu a dlh\u00fa \u017eivotnos\u0165. S mno\u017estvom inovat\u00edvnych funkci\u00ed a jedine\u010dn\u00fdm z\u00e1\u017eitkom z chuti sa t\u00e1to jednorazov\u00e1 e-cigareta v\u00fdrazne odli\u0161uje od ostatn\u00fdch produktov.<\/p>\n<h3 class=\"\" data-start=\"383\" data-end=\"429\" data-immersive-translate-walked=\"5b6be358-5560-4dcd-a31b-af018341b01b\">D\u00f4le\u017eit\u00e9 vlastnosti Elf Shisha 16000<\/h3>\n<ul data-start=\"431\" data-end=\"1737\">\n<li class=\"\" data-start=\"431\" data-end=\"738\">\n<p class=\"\" data-start=\"433\" data-end=\"738\" data-immersive-translate-walked=\"5b6be358-5560-4dcd-a31b-af018341b01b\" data-immersive-translate-paragraph=\"1\">Z\u00e1bery a v\u00fdkon: S impozantn\u00fdm po\u010dtom 16 000 z\u00e1berov pon\u00faka Elf Shisha 16000 mimoriadne dlh\u00fa dobu parenia. Nemus\u00edte sa ob\u00e1va\u0165 \u010dast\u00e9ho dop\u013a\u0148ania alebo v\u00fdmeny e-cigarety. T\u00e1to jednorazov\u00e1 e-cigareta je navrhnut\u00e1 na dlhodob\u00e9 pote\u0161enie.<\/p>\n<\/li>\n<li class=\"\" data-start=\"742\" data-end=\"963\">\n<p class=\"\" data-start=\"744\" data-end=\"963\" data-immersive-translate-walked=\"5b6be358-5560-4dcd-a31b-af018341b01b\" data-immersive-translate-paragraph=\"1\">Mesh Coil technol\u00f3gia: Mesh Coil s 0,6 Ohm zabezpe\u010duje rovnomern\u00e9 odparovanie a intenz\u00edvnu chu\u0165. V\u010faka tejto technol\u00f3gii z\u00edskate pri ka\u017edom z\u00e1beru pr\u00edjemn\u00fd a stabiln\u00fd z\u00e1\u017eitok z parenia.<\/p>\n<\/li>\n<li class=\"\" data-start=\"965\" data-end=\"1137\">\n<p class=\"\" data-start=\"967\" data-end=\"1137\" data-immersive-translate-walked=\"5b6be358-5560-4dcd-a31b-af018341b01b\" data-immersive-translate-paragraph=\"1\">Kapacita e-liquidu: S 28 ml n\u00e1dr\u017eou na e-liquid pon\u00faka Elf Shisha 16000 dostatok tekutiny na cel\u00fd de\u0148 parenia bez nutnosti dop\u013a\u0148ania.<\/p>\n<\/li>\n<li class=\"\" data-start=\"1139\" data-end=\"1332\">\n<p class=\"\" data-start=\"1141\" data-end=\"1332\" data-immersive-translate-walked=\"5b6be358-5560-4dcd-a31b-af018341b01b\" data-immersive-translate-paragraph=\"1\">Nastavite\u013en\u00fd pr\u00fad vzduchu: Nastavite\u013en\u00fd pr\u00fad vzduchu v\u00e1m umo\u017e\u0148uje prisp\u00f4sobi\u0165 si z\u00e1\u017eitok z parenia pod\u013ea vlastn\u00fdch preferenci\u00ed. Vyberte si medzi jemn\u00fdm alebo intenz\u00edvnym z\u00e1berom.<\/p>\n<\/li>\n<li class=\"\" data-start=\"1334\" data-end=\"1528\">\n<p class=\"\" data-start=\"1336\" data-end=\"1528\" data-immersive-translate-walked=\"5b6be358-5560-4dcd-a31b-af018341b01b\" data-immersive-translate-paragraph=\"1\">LED displej: LED displej zobrazuje stav nabitia, tak\u017ee v\u017edy viete, kedy je \u010das nabi\u0165 bat\u00e9riu. To zabezpe\u010duje bezstresov\u00e9 parenie bez nepr\u00edjemn\u00fdch prekvapen\u00ed.<\/p>\n<\/li>\n<li class=\"\" data-start=\"1530\" data-end=\"1737\">\n<p class=\"\" data-start=\"1532\" data-end=\"1737\" data-immersive-translate-walked=\"5b6be358-5560-4dcd-a31b-af018341b01b\" data-immersive-translate-paragraph=\"1\">Bat\u00e9ria a mo\u017enosti nab\u00edjania: S bat\u00e9riou 600 mAh pon\u00faka Elf Shisha 16000 dostato\u010dn\u00fa dobu pou\u017e\u00edvania. Pripojenie Type-C zabezpe\u010duje r\u00fdchle a jednoduch\u00e9 nab\u00edjanie.<\/p>\n<\/li>\n<\/ul>\n<h4 data-start=\"1739\" data-end=\"1777\" data-immersive-translate-walked=\"5b6be358-5560-4dcd-a31b-af018341b01b\">Chu\u0165 Elf Shisha 16000<\/h4>\n<p class=\"\" data-start=\"1779\" data-end=\"2053\" data-immersive-translate-walked=\"5b6be358-5560-4dcd-a31b-af018341b01b\" data-immersive-translate-paragraph=\"1\">Chu\u0165 Elf Shisha 16000 je skuto\u010dn\u00fdm vrcholom. Blackberry Ice kombinuje \u010derstv\u00fa, sladk\u00fa chu\u0165 \u010dern\u00edc s osvie\u017euj\u00facim, \u013eadov\u00fdm zakon\u010den\u00edm. Ovocn\u00e1 poch\u00fa\u0165ka, ktor\u00e1 o\u017eiv\u00ed va\u0161e zmysly a z\u00e1rove\u0148 zabezpe\u010d\u00ed pr\u00edjemn\u00fa chladivos\u0165.<\/p>\n<h4 data-start=\"2055\" data-end=\"2079\" data-immersive-translate-walked=\"5b6be358-5560-4dcd-a31b-af018341b01b\">\u010eal\u0161ie v\u00fdhody<\/h4>\n<ul data-start=\"2081\" data-end=\"2639\">\n<li class=\"\" data-start=\"2081\" data-end=\"2253\">\n<p class=\"\" data-start=\"2083\" data-end=\"2253\" data-immersive-translate-walked=\"5b6be358-5560-4dcd-a31b-af018341b01b\" data-immersive-translate-paragraph=\"1\">R\u00fdchle doru\u010denie: Elf Shisha 16000 je doru\u010den\u00e1 v priebehu 7-15 pracovn\u00fdch dn\u00ed, tak\u017ee nebudete musie\u0165 dlho \u010daka\u0165 na svoj nov\u00fd z\u00e1\u017eitok z parenia.<\/p>\n<\/li>\n<li class=\"\" data-start=\"2257\" data-end=\"2425\">\n<p class=\"\" data-start=\"2259\" data-end=\"2425\" data-immersive-translate-walked=\"5b6be358-5560-4dcd-a31b-af018341b01b\" data-immersive-translate-paragraph=\"1\">Bez cla: \u010eal\u0161ou v\u00fdhodou je, \u017ee Elf Shisha 16000 je doru\u010den\u00e1 bez cla, \u010do u\u013eah\u010duje a zni\u017euje n\u00e1klady na n\u00e1kup pre medzin\u00e1rodn\u00fdch z\u00e1kazn\u00edkov.<\/p>\n<\/li>\n<li class=\"\" data-start=\"2427\" data-end=\"2639\">\n<p class=\"\" data-start=\"2429\" data-end=\"2639\" data-immersive-translate-walked=\"5b6be358-5560-4dcd-a31b-af018341b01b\" data-immersive-translate-paragraph=\"1\">\u013dahk\u00e1 a kompaktn\u00e1: S hmotnos\u0165ou iba 85 g je Elf Shisha 16000 mimoriadne \u013eahk\u00e1 a \u013eahko prenosn\u00e1. \u010ci u\u017e doma alebo na cest\u00e1ch \u2013 d\u00e1 sa \u013eahko vzia\u0165 kamko\u013evek.<\/p>\n<\/li>\n<\/ul>\n<h3>Pre\u010do je Elf Shisha 16000 najlep\u0161ou vo\u013ebou pre v\u00e1s<\/h3>\n<p class=\"\" data-start=\"2704\" data-end=\"3013\" data-immersive-translate-walked=\"5b6be358-5560-4dcd-a31b-af018341b01b\" data-immersive-translate-paragraph=\"1\">Elf Shisha 16000 presvied\u010da nielen svojimi p\u00f4sobiv\u00fdmi technick\u00fdmi vlastnos\u0165ami, ale aj pou\u017e\u00edvate\u013eskou pr\u00edvetivos\u0165ou a jedine\u010dnou chu\u0165ou. Ak h\u013ead\u00e1te v\u00fdkonn\u00fa, dlhotrvaj\u00facu a \u013eahko ovl\u00e1date\u013en\u00fa jednorazov\u00fa e-cigaretu, tento model je ide\u00e1lnou vo\u013ebou.<\/p>\n<p class=\"\" data-start=\"3015\" data-end=\"3113\" data-immersive-translate-walked=\"5b6be358-5560-4dcd-a31b-af018341b01b\" data-immersive-translate-paragraph=\"1\">Objednajte si Elf Shisha 16000 teraz na vapingnet.de a za\u017eite rozdiel!<\/p>","protected":false},"excerpt":{"rendered":"<p>Die Elf Shisha 16000: Die Perfekte Einweg-E-Zigarette f\u00fcr Anspruchsvolle Die Elf Shisha 16000 ist ein leistungsstarker und praktischer Begleiter f\u00fcr Dampfer, die Wert auf hohe&#8230;<\/p>","protected":false},"featured_media":6463,"template":"","meta":[],"etheme_brands":[],"product_brand":[100],"product_cat":[91,49,61],"product_tag":[],"class_list":{"0":"post-6461","1":"product","2":"type-product","3":"status-publish","4":"has-post-thumbnail","6":"product_brand-elf-box-vape","7":"product_cat-16k-vape","8":"product_cat-einweg-e-zigarette","9":"product_cat-f","11":"first","12":"instock","13":"shipping-taxable","14":"purchasable","15":"product-type-simple"},"yoast_head":"<!-- This site is optimized with the Yoast SEO plugin v26.5 - https:\/\/yoast.com\/wordpress\/plugins\/seo\/ -->\n<title>Blackberry Ice von ELF SHISHA 16000 Der Weltweit Meistverkaufte Geschmack | Vapingnet.de<\/title>\n<meta name=\"description\" content=\"Entdecke Blackberry Ice von ELF SHISHA 16000 Der Weltweit Meistverkaufte Geschmack bei vapingnet.de, \u25ba Gro\u00dfe Auswahl an Geschmacksrichtungen &amp; super g\u00fcnstig!\" \/>\n<meta name=\"robots\" content=\"index, follow, max-snippet:-1, max-image-preview:large, max-video-preview:-1\" \/>\n<link rel=\"canonical\" href=\"https:\/\/vapingnet.de\/sk\/vape\/blackberry-ice-von-elf-shisha-16000-der-weltweit-meistverkaufte-geschmack\/\" \/>\n<meta property=\"og:locale\" content=\"sk_SK\" \/>\n<meta property=\"og:type\" content=\"article\" \/>\n<meta property=\"og:title\" content=\"Blackberry Ice von ELF SHISHA 16000 Der Weltweit Meistverkaufte Geschmack | Vapingnet.de\" \/>\n<meta property=\"og:description\" content=\"Entdecke Blackberry Ice von ELF SHISHA 16000 Der Weltweit Meistverkaufte Geschmack bei vapingnet.de, \u25ba Gro\u00dfe Auswahl an Geschmacksrichtungen &amp; super g\u00fcnstig!\" \/>\n<meta property=\"og:url\" content=\"https:\/\/vapingnet.de\/sk\/vape\/blackberry-ice-von-elf-shisha-16000-der-weltweit-meistverkaufte-geschmack\/\" \/>\n<meta property=\"og:site_name\" content=\"Vapingnet.de\" \/>\n<meta property=\"article:publisher\" content=\"https:\/\/www.facebook.com\/vapingnetde\/\" \/>\n<meta property=\"article:modified_time\" content=\"2025-06-19T03:42:50+00:00\" \/>\n<meta property=\"og:image\" content=\"https:\/\/vapingnet.de\/wp-content\/uploads\/2025\/04\/Blackberry-Ice-1.webp\" \/>\n\t<meta property=\"og:image:width\" content=\"1000\" \/>\n\t<meta property=\"og:image:height\" content=\"1000\" \/>\n\t<meta property=\"og:image:type\" content=\"image\/webp\" \/>\n<meta name=\"twitter:card\" content=\"summary_large_image\" \/>\n<meta name=\"twitter:label1\" content=\"Est. reading time\" \/>\n\t<meta name=\"twitter:data1\" content=\"3 minutes\" \/>\n<script type=\"application\/ld+json\" class=\"yoast-schema-graph\">{\"@context\":\"https:\/\/schema.org\",\"@graph\":[{\"@type\":\"WebPage\",\"@id\":\"https:\/\/vapingnet.de\/vape\/blackberry-ice-von-elf-shisha-16000-der-weltweit-meistverkaufte-geschmack\/\",\"url\":\"https:\/\/vapingnet.de\/vape\/blackberry-ice-von-elf-shisha-16000-der-weltweit-meistverkaufte-geschmack\/\",\"name\":\"Blackberry Ice von ELF SHISHA 16000 Der Weltweit Meistverkaufte Geschmack | Vapingnet.de\",\"isPartOf\":{\"@id\":\"https:\/\/vapingnet.de\/#website\"},\"primaryImageOfPage\":{\"@id\":\"https:\/\/vapingnet.de\/vape\/blackberry-ice-von-elf-shisha-16000-der-weltweit-meistverkaufte-geschmack\/#primaryimage\"},\"image\":{\"@id\":\"https:\/\/vapingnet.de\/vape\/blackberry-ice-von-elf-shisha-16000-der-weltweit-meistverkaufte-geschmack\/#primaryimage\"},\"thumbnailUrl\":\"https:\/\/vapingnet.de\/wp-content\/uploads\/2025\/04\/Blackberry-Ice-1.webp\",\"datePublished\":\"2025-04-21T09:09:18+00:00\",\"dateModified\":\"2025-06-19T03:42:50+00:00\",\"description\":\"Entdecke Blackberry Ice von ELF SHISHA 16000 Der Weltweit Meistverkaufte Geschmack bei vapingnet.de, \u25ba Gro\u00dfe Auswahl an Geschmacksrichtungen & super g\u00fcnstig!\",\"breadcrumb\":{\"@id\":\"https:\/\/vapingnet.de\/vape\/blackberry-ice-von-elf-shisha-16000-der-weltweit-meistverkaufte-geschmack\/#breadcrumb\"},\"inLanguage\":\"sk-SK\",\"potentialAction\":[{\"@type\":\"ReadAction\",\"target\":[\"https:\/\/vapingnet.de\/vape\/blackberry-ice-von-elf-shisha-16000-der-weltweit-meistverkaufte-geschmack\/\"]}]},{\"@type\":\"ImageObject\",\"inLanguage\":\"sk-SK\",\"@id\":\"https:\/\/vapingnet.de\/vape\/blackberry-ice-von-elf-shisha-16000-der-weltweit-meistverkaufte-geschmack\/#primaryimage\",\"url\":\"https:\/\/vapingnet.de\/wp-content\/uploads\/2025\/04\/Blackberry-Ice-1.webp\",\"contentUrl\":\"https:\/\/vapingnet.de\/wp-content\/uploads\/2025\/04\/Blackberry-Ice-1.webp\",\"width\":1000,\"height\":1000},{\"@type\":\"BreadcrumbList\",\"@id\":\"https:\/\/vapingnet.de\/vape\/blackberry-ice-von-elf-shisha-16000-der-weltweit-meistverkaufte-geschmack\/#breadcrumb\",\"itemListElement\":[{\"@type\":\"ListItem\",\"position\":1,\"name\":\"Home\",\"item\":\"https:\/\/vapingnet.de\/\"},{\"@type\":\"ListItem\",\"position\":2,\"name\":\"Shop\",\"item\":\"https:\/\/vapingnet.de\/vape\/\"},{\"@type\":\"ListItem\",\"position\":3,\"name\":\"Blackberry Ice von ELF SHISHA 16000 Der Weltweit Meistverkaufte Geschmack\"}]},{\"@type\":\"WebSite\",\"@id\":\"https:\/\/vapingnet.de\/#website\",\"url\":\"https:\/\/vapingnet.de\/\",\"name\":\"Vapingnet.de\",\"description\":\"\",\"publisher\":{\"@id\":\"https:\/\/vapingnet.de\/#organization\"},\"potentialAction\":[{\"@type\":\"SearchAction\",\"target\":{\"@type\":\"EntryPoint\",\"urlTemplate\":\"https:\/\/vapingnet.de\/?s={search_term_string}\"},\"query-input\":{\"@type\":\"PropertyValueSpecification\",\"valueRequired\":true,\"valueName\":\"search_term_string\"}}],\"inLanguage\":\"sk-SK\"},{\"@type\":\"Organization\",\"@id\":\"https:\/\/vapingnet.de\/#organization\",\"name\":\"Vapingnet.de\",\"url\":\"https:\/\/vapingnet.de\/\",\"logo\":{\"@type\":\"ImageObject\",\"inLanguage\":\"sk-SK\",\"@id\":\"https:\/\/vapingnet.de\/#\/schema\/logo\/image\/\",\"url\":\"https:\/\/vapingnet.de\/wp-content\/uploads\/2025\/03\/cropped-vapingnet.de_.jpg\",\"contentUrl\":\"https:\/\/vapingnet.de\/wp-content\/uploads\/2025\/03\/cropped-vapingnet.de_.jpg\",\"width\":512,\"height\":512,\"caption\":\"Vapingnet.de\"},\"image\":{\"@id\":\"https:\/\/vapingnet.de\/#\/schema\/logo\/image\/\"},\"sameAs\":[\"https:\/\/www.facebook.com\/vapingnetde\/\"]}]}<\/script>\n<!-- \/ Yoast SEO plugin. -->","yoast_head_json":{"title":"Blackberry Ice von ELF SHISHA 16000 Der Weltweit Meistverkaufte Geschmack | Vapingnet.de","description":"Entdecke Blackberry Ice von ELF SHISHA 16000 Der Weltweit Meistverkaufte Geschmack bei vapingnet.de, \u25ba Gro\u00dfe Auswahl an Geschmacksrichtungen & super g\u00fcnstig!","robots":{"index":"index","follow":"follow","max-snippet":"max-snippet:-1","max-image-preview":"max-image-preview:large","max-video-preview":"max-video-preview:-1"},"canonical":"https:\/\/vapingnet.de\/sk\/vape\/blackberry-ice-von-elf-shisha-16000-der-weltweit-meistverkaufte-geschmack\/","og_locale":"sk_SK","og_type":"article","og_title":"Blackberry Ice von ELF SHISHA 16000 Der Weltweit Meistverkaufte Geschmack | Vapingnet.de","og_description":"Entdecke Blackberry Ice von ELF SHISHA 16000 Der Weltweit Meistverkaufte Geschmack bei vapingnet.de, \u25ba Gro\u00dfe Auswahl an Geschmacksrichtungen & super g\u00fcnstig!","og_url":"https:\/\/vapingnet.de\/sk\/vape\/blackberry-ice-von-elf-shisha-16000-der-weltweit-meistverkaufte-geschmack\/","og_site_name":"Vapingnet.de","article_publisher":"https:\/\/www.facebook.com\/vapingnetde\/","article_modified_time":"2025-06-19T03:42:50+00:00","og_image":[{"width":1000,"height":1000,"url":"https:\/\/vapingnet.de\/wp-content\/uploads\/2025\/04\/Blackberry-Ice-1.webp","type":"image\/webp"}],"twitter_card":"summary_large_image","twitter_misc":{"Est. reading time":"3 minutes"},"schema":{"@context":"https:\/\/schema.org","@graph":[{"@type":"WebPage","@id":"https:\/\/vapingnet.de\/vape\/blackberry-ice-von-elf-shisha-16000-der-weltweit-meistverkaufte-geschmack\/","url":"https:\/\/vapingnet.de\/vape\/blackberry-ice-von-elf-shisha-16000-der-weltweit-meistverkaufte-geschmack\/","name":"Blackberry Ice von ELF SHISHA 16000 Der Weltweit Meistverkaufte Geschmack | Vapingnet.de","isPartOf":{"@id":"https:\/\/vapingnet.de\/#website"},"primaryImageOfPage":{"@id":"https:\/\/vapingnet.de\/vape\/blackberry-ice-von-elf-shisha-16000-der-weltweit-meistverkaufte-geschmack\/#primaryimage"},"image":{"@id":"https:\/\/vapingnet.de\/vape\/blackberry-ice-von-elf-shisha-16000-der-weltweit-meistverkaufte-geschmack\/#primaryimage"},"thumbnailUrl":"https:\/\/vapingnet.de\/wp-content\/uploads\/2025\/04\/Blackberry-Ice-1.webp","datePublished":"2025-04-21T09:09:18+00:00","dateModified":"2025-06-19T03:42:50+00:00","description":"Entdecke Blackberry Ice von ELF SHISHA 16000 Der Weltweit Meistverkaufte Geschmack bei vapingnet.de, \u25ba Gro\u00dfe Auswahl an Geschmacksrichtungen & super g\u00fcnstig!","breadcrumb":{"@id":"https:\/\/vapingnet.de\/vape\/blackberry-ice-von-elf-shisha-16000-der-weltweit-meistverkaufte-geschmack\/#breadcrumb"},"inLanguage":"sk-SK","potentialAction":[{"@type":"ReadAction","target":["https:\/\/vapingnet.de\/vape\/blackberry-ice-von-elf-shisha-16000-der-weltweit-meistverkaufte-geschmack\/"]}]},{"@type":"ImageObject","inLanguage":"sk-SK","@id":"https:\/\/vapingnet.de\/vape\/blackberry-ice-von-elf-shisha-16000-der-weltweit-meistverkaufte-geschmack\/#primaryimage","url":"https:\/\/vapingnet.de\/wp-content\/uploads\/2025\/04\/Blackberry-Ice-1.webp","contentUrl":"https:\/\/vapingnet.de\/wp-content\/uploads\/2025\/04\/Blackberry-Ice-1.webp","width":1000,"height":1000},{"@type":"BreadcrumbList","@id":"https:\/\/vapingnet.de\/vape\/blackberry-ice-von-elf-shisha-16000-der-weltweit-meistverkaufte-geschmack\/#breadcrumb","itemListElement":[{"@type":"ListItem","position":1,"name":"Home","item":"https:\/\/vapingnet.de\/"},{"@type":"ListItem","position":2,"name":"Shop","item":"https:\/\/vapingnet.de\/vape\/"},{"@type":"ListItem","position":3,"name":"Blackberry Ice von ELF SHISHA 16000 Der Weltweit Meistverkaufte Geschmack"}]},{"@type":"WebSite","@id":"https:\/\/vapingnet.de\/#website","url":"https:\/\/vapingnet.de\/","name":"Vapingnet.de","description":"","publisher":{"@id":"https:\/\/vapingnet.de\/#organization"},"potentialAction":[{"@type":"SearchAction","target":{"@type":"EntryPoint","urlTemplate":"https:\/\/vapingnet.de\/?s={search_term_string}"},"query-input":{"@type":"PropertyValueSpecification","valueRequired":true,"valueName":"search_term_string"}}],"inLanguage":"sk-SK"},{"@type":"Organization","@id":"https:\/\/vapingnet.de\/#organization","name":"Vapingnet.de","url":"https:\/\/vapingnet.de\/","logo":{"@type":"ImageObject","inLanguage":"sk-SK","@id":"https:\/\/vapingnet.de\/#\/schema\/logo\/image\/","url":"https:\/\/vapingnet.de\/wp-content\/uploads\/2025\/03\/cropped-vapingnet.de_.jpg","contentUrl":"https:\/\/vapingnet.de\/wp-content\/uploads\/2025\/03\/cropped-vapingnet.de_.jpg","width":512,"height":512,"caption":"Vapingnet.de"},"image":{"@id":"https:\/\/vapingnet.de\/#\/schema\/logo\/image\/"},"sameAs":["https:\/\/www.facebook.com\/vapingnetde\/"]}]}},"tiered_pricing_type":"fixed","tiered_pricing_fixed_rules":{"10":"9.41","60":"8.47","110":"7.53","200":"6.59"},"tiered_pricing_product_settings":{"layout":"default","base_unit_name":{"singular":null,"plural":null},"default_variation":null},"tiered_pricing_minimum_quantity":null,"tiered_pricing_roles_data":[],"tiered_pricing_percentage_rules":[],"_links":{"self":[{"href":"https:\/\/vapingnet.de\/sk\/wp-json\/wp\/v2\/product\/6461","targetHints":{"allow":["GET"]}}],"collection":[{"href":"https:\/\/vapingnet.de\/sk\/wp-json\/wp\/v2\/product"}],"about":[{"href":"https:\/\/vapingnet.de\/sk\/wp-json\/wp\/v2\/types\/product"}],"version-history":[{"count":1,"href":"https:\/\/vapingnet.de\/sk\/wp-json\/wp\/v2\/product\/6461\/revisions"}],"predecessor-version":[{"id":6481,"href":"https:\/\/vapingnet.de\/sk\/wp-json\/wp\/v2\/product\/6461\/revisions\/6481"}],"wp:featuredmedia":[{"embeddable":true,"href":"https:\/\/vapingnet.de\/sk\/wp-json\/wp\/v2\/media\/6463"}],"wp:attachment":[{"href":"https:\/\/vapingnet.de\/sk\/wp-json\/wp\/v2\/media?parent=6461"}],"wp:term":[{"taxonomy":"brand","embeddable":true,"href":"https:\/\/vapingnet.de\/sk\/wp-json\/wp\/v2\/etheme_brands?post=6461"},{"taxonomy":"product_brand","embeddable":true,"href":"https:\/\/vapingnet.de\/sk\/wp-json\/wp\/v2\/product_brand?post=6461"},{"taxonomy":"product_cat","embeddable":true,"href":"https:\/\/vapingnet.de\/sk\/wp-json\/wp\/v2\/product_cat?post=6461"},{"taxonomy":"product_tag","embeddable":true,"href":"https:\/\/vapingnet.de\/sk\/wp-json\/wp\/v2\/product_tag?post=6461"}],"curies":[{"name":"wp","href":"https:\/\/api.w.org\/{rel}","templated":true}]}}