{"id":6462,"date":"2025-04-21T09:09:20","date_gmt":"2025-04-21T09:09:20","guid":{"rendered":"https:\/\/vapingnet.de\/?post_type=product&#038;p=6462"},"modified":"2025-06-19T03:42:49","modified_gmt":"2025-06-19T03:42:49","slug":"elf-shisha-16000-double-apple-hochwertig-guenstig-sofort-lieferbar","status":"publish","type":"product","link":"https:\/\/vapingnet.de\/sk\/vape\/elf-shisha-16000-double-apple-hochwertig-guenstig-sofort-lieferbar\/","title":{"rendered":"ELF SHISHA 16000 Double Apple kvalitn\u00e1, lacn\u00e1, okam\u017eite dostupn\u00e1"},"content":{"rendered":"<h2 data-start=\"105\" data-end=\"190\" data-immersive-translate-walked=\"6cc8dd26-2550-42bb-85c6-c633db04013b\">Revol\u00facia v kapse: Nov\u00e1 ELF SHISHA 16000 s pr\u00edchu\u0165ou Double Apple<\/h2>\n<p class=\"\" data-start=\"192\" data-end=\"402\" data-immersive-translate-walked=\"6cc8dd26-2550-42bb-85c6-c633db04013b\">Bratislava \u2013 V \u010dase, ke\u010f je mobilita a komfort v centre \u017eivota, prekvapuje ELF SHISHA 16000 impozantnou kombin\u00e1ciou v\u00fdkonu, chuti a technickej rafinovanosti.<\/p>\n<h4 data-start=\"404\" data-end=\"452\" data-immersive-translate-walked=\"6cc8dd26-2550-42bb-85c6-c633db04013b\">16000 potiahnut\u00ed \u2013 Maxim\u00e1lna sloboda na cest\u00e1ch<\/h4>\n<p class=\"\" data-start=\"454\" data-end=\"743\" data-immersive-translate-walked=\"6cc8dd26-2550-42bb-85c6-c633db04013b\" data-immersive-translate-paragraph=\"1\">ELF SHISHA 16000 nastavuje nov\u00e9 \u0161tandardy v oblasti jednorazov\u00fdch e-cigariet s vysokou kapacitou 16000 potiahnut\u00ed. Pou\u017e\u00edvatelia profituj\u00fa z dlhotrvaj\u00faceho z\u00e1\u017eitku bez neust\u00e1leho dop\u013a\u0148ania alebo nab\u00edjania \u2013 ide\u00e1lne na cestovanie, festivaly alebo be\u017en\u00fd de\u0148.<\/p>\n<h4 data-start=\"745\" data-end=\"798\" data-immersive-translate-walked=\"6cc8dd26-2550-42bb-85c6-c633db04013b\">Double Apple: Kultov\u00e1 chu\u0165 v novom \u0161ate<\/h4>\n<p class=\"\" data-start=\"800\" data-end=\"1138\" data-immersive-translate-walked=\"6cc8dd26-2550-42bb-85c6-c633db04013b\" data-immersive-translate-paragraph=\"1\">S ob\u013e\u00fabenou ar\u00f3mou Double Apple prin\u00e1\u0161a ELF SHISHA klasiku v modernom preveden\u00ed. Sladko-s\u00fdrov\u00e1 jablkov\u00e1 zmes sa v\u010faka mesh cievke (0,6 Ohm) prejavuje obzvl\u00e1\u0161\u0165 aromaticky a jemne v hrdle. Intenz\u00edvne tvorenie pary sa stret\u00e1va s jemnou vyv\u00e1\u017eenou chu\u0165ou \u2013 p\u00f4\u017eitok pre fan\u00fa\u0161ikov shishy a vapera rovnako.<\/p>\n<h3 data-start=\"1140\" data-end=\"1170\" data-immersive-translate-walked=\"6cc8dd26-2550-42bb-85c6-c633db04013b\">Technol\u00f3gia stret\u00e1va komfort<\/h3>\n<p class=\"\" data-start=\"1172\" data-end=\"1271\" data-immersive-translate-walked=\"6cc8dd26-2550-42bb-85c6-c633db04013b\" data-immersive-translate-paragraph=\"1\">Jednorazov\u00e1 e-cigareta presved\u010d\u00ed nielen chu\u0165ou, ale aj modernou technol\u00f3giou:<\/p>\n<ul data-start=\"1273\" data-end=\"1538\" data-immersive-translate-walked=\"6cc8dd26-2550-42bb-85c6-c633db04013b\">\n<li class=\"\" data-start=\"1273\" data-end=\"1333\" data-immersive-translate-walked=\"6cc8dd26-2550-42bb-85c6-c633db04013b\">\n<p class=\"\" data-start=\"1275\" data-end=\"1333\" data-immersive-translate-walked=\"6cc8dd26-2550-42bb-85c6-c633db04013b\" data-immersive-translate-paragraph=\"1\">LED displej na zobrazenie stavu bat\u00e9rie a hladiny tekutiny<\/p>\n<\/li>\n<li class=\"\" data-start=\"1334\" data-end=\"1392\" data-immersive-translate-walked=\"6cc8dd26-2550-42bb-85c6-c633db04013b\">\n<p class=\"\" data-start=\"1336\" data-end=\"1392\" data-immersive-translate-walked=\"6cc8dd26-2550-42bb-85c6-c633db04013b\" data-immersive-translate-paragraph=\"1\">Regulovate\u013en\u00fd prietok vzduchu pre individu\u00e1lnu silu \u0165ahu<\/p>\n<\/li>\n<li class=\"\" data-start=\"1393\" data-end=\"1471\" data-immersive-translate-walked=\"6cc8dd26-2550-42bb-85c6-c633db04013b\">\n<p class=\"\" data-start=\"1395\" data-end=\"1471\" data-immersive-translate-walked=\"6cc8dd26-2550-42bb-85c6-c633db04013b\" data-immersive-translate-paragraph=\"1\">Dob\u00edjate\u013en\u00e1 cez Type-C \u2013 udr\u017eate\u013enej\u0161ia ako be\u017en\u00e9 disposables<\/p>\n<\/li>\n<li class=\"\" data-start=\"1472\" data-end=\"1538\" data-immersive-translate-walked=\"6cc8dd26-2550-42bb-85c6-c633db04013b\">\n<p class=\"\" data-start=\"1474\" data-end=\"1538\" data-immersive-translate-walked=\"6cc8dd26-2550-42bb-85c6-c633db04013b\" data-immersive-translate-paragraph=\"1\">\u013dahk\u00e1 v\u00e1ha len 85 g \u2013 kompaktn\u00e1, \u0161t\u00fdlov\u00e1 a praktick\u00e1<\/p>\n<\/li>\n<\/ul>\n<h4 data-start=\"1540\" data-end=\"1588\" data-immersive-translate-walked=\"6cc8dd26-2550-42bb-85c6-c633db04013b\">Flexibiln\u00e1 vo\u013eba nikot\u00ednu a bezcoln\u00e1 doprava<\/h4>\n<p class=\"\" data-start=\"1590\" data-end=\"1927\" data-immersive-translate-walked=\"6cc8dd26-2550-42bb-85c6-c633db04013b\" data-immersive-translate-paragraph=\"1\">Dostupn\u00e1 s 0, %, 2, %, 3, % alebo 5, % nikot\u00ednu, ELF SHISHA 16000 sa prisp\u00f4sob\u00ed r\u00f4znym potreb\u00e1m \u2013 \u010di u\u017e na zn\u00ed\u017eenie spotreby nikot\u00ednu alebo ako siln\u00e1 alternat\u00edva ku klasickej cigarete. M\u00f4\u017ee by\u0165 objednan\u00e1 bezcolne cez vapingnet.de, s dodan\u00edm za 7\u201315 pracovn\u00fdch dn\u00ed v r\u00e1mci Eur\u00f3py.<\/p>\n<h4 data-start=\"1929\" data-end=\"1976\" data-immersive-translate-walked=\"6cc8dd26-2550-42bb-85c6-c633db04013b\">Modern\u00e9 vyhl\u00e1senie pre trh vapingu<\/h4>\n<p class=\"\" data-start=\"1978\" data-end=\"2254\" data-immersive-translate-walked=\"6cc8dd26-2550-42bb-85c6-c633db04013b\" data-immersive-translate-paragraph=\"1\">ELF SHISHA 16000 symbolizuje nov\u00fa gener\u00e1ciu jednorazov\u00fdch vaporiz\u00e9rov: v\u00fdkonn\u00fdch, \u0161t\u00fdlov\u00fdch a jednoduch\u00fdch na pou\u017e\u00edvanie. Ak chcete za\u017ei\u0165 vapovanie v najkompaktnej\u0161ej a naj\u0161t\u00fdlovej\u0161ej forme, t\u00e1to vape je spo\u013eahliv\u00fdm spolo\u010dn\u00edkom na ka\u017ed\u00fd de\u0148.<\/p>","protected":false},"excerpt":{"rendered":"<p>Revol\u00facia v kapesnom form\u00e1te: Nov\u00e1 Elf Shisha 16000 s pr\u00edchu\u0165ou Double Apple. Bratislava \u2013 V \u010dase, ke\u010f je mobilita a pohodlie na prvom mieste...<\/p>","protected":false},"featured_media":6466,"template":"","meta":[],"etheme_brands":[],"product_brand":[100],"product_cat":[91,49,61],"product_tag":[],"class_list":{"0":"post-6462","1":"product","2":"type-product","3":"status-publish","4":"has-post-thumbnail","6":"product_brand-elf-box-vape","7":"product_cat-16k-vape","8":"product_cat-einweg-e-zigarette","9":"product_cat-f","11":"first","12":"instock","13":"shipping-taxable","14":"purchasable","15":"product-type-simple"},"yoast_head":"<!-- This site is optimized with the Yoast SEO plugin v26.5 - https:\/\/yoast.com\/wordpress\/plugins\/seo\/ -->\n<title>ELF SHISHA 16000 Double Apple Hochwertig G\u00fcnstig Sofort Lieferbar | Vapingnet.de<\/title>\n<meta name=\"description\" content=\"Entdecke ELF SHISHA 16000 Double Apple Hochwertig G\u00fcnstig Sofort Lieferbar bei vapingnet.de, \u25ba Gro\u00dfe Auswahl an Geschmacksrichtungen &amp; super g\u00fcnstig!\" \/>\n<meta name=\"robots\" content=\"index, follow, max-snippet:-1, max-image-preview:large, max-video-preview:-1\" \/>\n<link rel=\"canonical\" href=\"https:\/\/vapingnet.de\/sk\/vape\/elf-shisha-16000-double-apple-hochwertig-guenstig-sofort-lieferbar\/\" \/>\n<meta property=\"og:locale\" content=\"sk_SK\" \/>\n<meta property=\"og:type\" content=\"article\" \/>\n<meta property=\"og:title\" content=\"ELF SHISHA 16000 Double Apple Hochwertig G\u00fcnstig Sofort Lieferbar | Vapingnet.de\" \/>\n<meta property=\"og:description\" content=\"Entdecke ELF SHISHA 16000 Double Apple Hochwertig G\u00fcnstig Sofort Lieferbar bei vapingnet.de, \u25ba Gro\u00dfe Auswahl an Geschmacksrichtungen &amp; super g\u00fcnstig!\" \/>\n<meta property=\"og:url\" content=\"https:\/\/vapingnet.de\/sk\/vape\/elf-shisha-16000-double-apple-hochwertig-guenstig-sofort-lieferbar\/\" \/>\n<meta property=\"og:site_name\" content=\"Vapingnet.de\" \/>\n<meta property=\"article:publisher\" content=\"https:\/\/www.facebook.com\/vapingnetde\/\" \/>\n<meta property=\"article:modified_time\" content=\"2025-06-19T03:42:49+00:00\" \/>\n<meta property=\"og:image\" content=\"https:\/\/vapingnet.de\/wp-content\/uploads\/2025\/04\/Double-Apple-1.webp\" \/>\n\t<meta property=\"og:image:width\" content=\"1000\" \/>\n\t<meta property=\"og:image:height\" content=\"1000\" \/>\n\t<meta property=\"og:image:type\" content=\"image\/webp\" \/>\n<meta name=\"twitter:card\" content=\"summary_large_image\" \/>\n<meta name=\"twitter:label1\" content=\"Est. reading time\" \/>\n\t<meta name=\"twitter:data1\" content=\"2 minutes\" \/>\n<script type=\"application\/ld+json\" class=\"yoast-schema-graph\">{\"@context\":\"https:\/\/schema.org\",\"@graph\":[{\"@type\":\"WebPage\",\"@id\":\"https:\/\/vapingnet.de\/vape\/elf-shisha-16000-double-apple-hochwertig-guenstig-sofort-lieferbar\/\",\"url\":\"https:\/\/vapingnet.de\/vape\/elf-shisha-16000-double-apple-hochwertig-guenstig-sofort-lieferbar\/\",\"name\":\"ELF SHISHA 16000 Double Apple Hochwertig G\u00fcnstig Sofort Lieferbar | Vapingnet.de\",\"isPartOf\":{\"@id\":\"https:\/\/vapingnet.de\/#website\"},\"primaryImageOfPage\":{\"@id\":\"https:\/\/vapingnet.de\/vape\/elf-shisha-16000-double-apple-hochwertig-guenstig-sofort-lieferbar\/#primaryimage\"},\"image\":{\"@id\":\"https:\/\/vapingnet.de\/vape\/elf-shisha-16000-double-apple-hochwertig-guenstig-sofort-lieferbar\/#primaryimage\"},\"thumbnailUrl\":\"https:\/\/vapingnet.de\/wp-content\/uploads\/2025\/04\/Double-Apple-1.webp\",\"datePublished\":\"2025-04-21T09:09:20+00:00\",\"dateModified\":\"2025-06-19T03:42:49+00:00\",\"description\":\"Entdecke ELF SHISHA 16000 Double Apple Hochwertig G\u00fcnstig Sofort Lieferbar bei vapingnet.de, \u25ba Gro\u00dfe Auswahl an Geschmacksrichtungen & super g\u00fcnstig!\",\"breadcrumb\":{\"@id\":\"https:\/\/vapingnet.de\/vape\/elf-shisha-16000-double-apple-hochwertig-guenstig-sofort-lieferbar\/#breadcrumb\"},\"inLanguage\":\"sk-SK\",\"potentialAction\":[{\"@type\":\"ReadAction\",\"target\":[\"https:\/\/vapingnet.de\/vape\/elf-shisha-16000-double-apple-hochwertig-guenstig-sofort-lieferbar\/\"]}]},{\"@type\":\"ImageObject\",\"inLanguage\":\"sk-SK\",\"@id\":\"https:\/\/vapingnet.de\/vape\/elf-shisha-16000-double-apple-hochwertig-guenstig-sofort-lieferbar\/#primaryimage\",\"url\":\"https:\/\/vapingnet.de\/wp-content\/uploads\/2025\/04\/Double-Apple-1.webp\",\"contentUrl\":\"https:\/\/vapingnet.de\/wp-content\/uploads\/2025\/04\/Double-Apple-1.webp\",\"width\":1000,\"height\":1000},{\"@type\":\"BreadcrumbList\",\"@id\":\"https:\/\/vapingnet.de\/vape\/elf-shisha-16000-double-apple-hochwertig-guenstig-sofort-lieferbar\/#breadcrumb\",\"itemListElement\":[{\"@type\":\"ListItem\",\"position\":1,\"name\":\"Home\",\"item\":\"https:\/\/vapingnet.de\/\"},{\"@type\":\"ListItem\",\"position\":2,\"name\":\"Shop\",\"item\":\"https:\/\/vapingnet.de\/vape\/\"},{\"@type\":\"ListItem\",\"position\":3,\"name\":\"ELF SHISHA 16000 Double Apple Hochwertig G\u00fcnstig Sofort Lieferbar\"}]},{\"@type\":\"WebSite\",\"@id\":\"https:\/\/vapingnet.de\/#website\",\"url\":\"https:\/\/vapingnet.de\/\",\"name\":\"Vapingnet.de\",\"description\":\"\",\"publisher\":{\"@id\":\"https:\/\/vapingnet.de\/#organization\"},\"potentialAction\":[{\"@type\":\"SearchAction\",\"target\":{\"@type\":\"EntryPoint\",\"urlTemplate\":\"https:\/\/vapingnet.de\/?s={search_term_string}\"},\"query-input\":{\"@type\":\"PropertyValueSpecification\",\"valueRequired\":true,\"valueName\":\"search_term_string\"}}],\"inLanguage\":\"sk-SK\"},{\"@type\":\"Organization\",\"@id\":\"https:\/\/vapingnet.de\/#organization\",\"name\":\"Vapingnet.de\",\"url\":\"https:\/\/vapingnet.de\/\",\"logo\":{\"@type\":\"ImageObject\",\"inLanguage\":\"sk-SK\",\"@id\":\"https:\/\/vapingnet.de\/#\/schema\/logo\/image\/\",\"url\":\"https:\/\/vapingnet.de\/wp-content\/uploads\/2025\/03\/cropped-vapingnet.de_.jpg\",\"contentUrl\":\"https:\/\/vapingnet.de\/wp-content\/uploads\/2025\/03\/cropped-vapingnet.de_.jpg\",\"width\":512,\"height\":512,\"caption\":\"Vapingnet.de\"},\"image\":{\"@id\":\"https:\/\/vapingnet.de\/#\/schema\/logo\/image\/\"},\"sameAs\":[\"https:\/\/www.facebook.com\/vapingnetde\/\"]}]}<\/script>\n<!-- \/ Yoast SEO plugin. -->","yoast_head_json":{"title":"ELF SHISHA 16000 Double Apple Hochwertig G\u00fcnstig Sofort Lieferbar | Vapingnet.de","description":"Entdecke ELF SHISHA 16000 Double Apple Hochwertig G\u00fcnstig Sofort Lieferbar bei vapingnet.de, \u25ba Gro\u00dfe Auswahl an Geschmacksrichtungen & super g\u00fcnstig!","robots":{"index":"index","follow":"follow","max-snippet":"max-snippet:-1","max-image-preview":"max-image-preview:large","max-video-preview":"max-video-preview:-1"},"canonical":"https:\/\/vapingnet.de\/sk\/vape\/elf-shisha-16000-double-apple-hochwertig-guenstig-sofort-lieferbar\/","og_locale":"sk_SK","og_type":"article","og_title":"ELF SHISHA 16000 Double Apple Hochwertig G\u00fcnstig Sofort Lieferbar | Vapingnet.de","og_description":"Entdecke ELF SHISHA 16000 Double Apple Hochwertig G\u00fcnstig Sofort Lieferbar bei vapingnet.de, \u25ba Gro\u00dfe Auswahl an Geschmacksrichtungen & super g\u00fcnstig!","og_url":"https:\/\/vapingnet.de\/sk\/vape\/elf-shisha-16000-double-apple-hochwertig-guenstig-sofort-lieferbar\/","og_site_name":"Vapingnet.de","article_publisher":"https:\/\/www.facebook.com\/vapingnetde\/","article_modified_time":"2025-06-19T03:42:49+00:00","og_image":[{"width":1000,"height":1000,"url":"https:\/\/vapingnet.de\/wp-content\/uploads\/2025\/04\/Double-Apple-1.webp","type":"image\/webp"}],"twitter_card":"summary_large_image","twitter_misc":{"Est. reading time":"2 minutes"},"schema":{"@context":"https:\/\/schema.org","@graph":[{"@type":"WebPage","@id":"https:\/\/vapingnet.de\/vape\/elf-shisha-16000-double-apple-hochwertig-guenstig-sofort-lieferbar\/","url":"https:\/\/vapingnet.de\/vape\/elf-shisha-16000-double-apple-hochwertig-guenstig-sofort-lieferbar\/","name":"ELF SHISHA 16000 Double Apple Hochwertig G\u00fcnstig Sofort Lieferbar | Vapingnet.de","isPartOf":{"@id":"https:\/\/vapingnet.de\/#website"},"primaryImageOfPage":{"@id":"https:\/\/vapingnet.de\/vape\/elf-shisha-16000-double-apple-hochwertig-guenstig-sofort-lieferbar\/#primaryimage"},"image":{"@id":"https:\/\/vapingnet.de\/vape\/elf-shisha-16000-double-apple-hochwertig-guenstig-sofort-lieferbar\/#primaryimage"},"thumbnailUrl":"https:\/\/vapingnet.de\/wp-content\/uploads\/2025\/04\/Double-Apple-1.webp","datePublished":"2025-04-21T09:09:20+00:00","dateModified":"2025-06-19T03:42:49+00:00","description":"Entdecke ELF SHISHA 16000 Double Apple Hochwertig G\u00fcnstig Sofort Lieferbar bei vapingnet.de, \u25ba Gro\u00dfe Auswahl an Geschmacksrichtungen & super g\u00fcnstig!","breadcrumb":{"@id":"https:\/\/vapingnet.de\/vape\/elf-shisha-16000-double-apple-hochwertig-guenstig-sofort-lieferbar\/#breadcrumb"},"inLanguage":"sk-SK","potentialAction":[{"@type":"ReadAction","target":["https:\/\/vapingnet.de\/vape\/elf-shisha-16000-double-apple-hochwertig-guenstig-sofort-lieferbar\/"]}]},{"@type":"ImageObject","inLanguage":"sk-SK","@id":"https:\/\/vapingnet.de\/vape\/elf-shisha-16000-double-apple-hochwertig-guenstig-sofort-lieferbar\/#primaryimage","url":"https:\/\/vapingnet.de\/wp-content\/uploads\/2025\/04\/Double-Apple-1.webp","contentUrl":"https:\/\/vapingnet.de\/wp-content\/uploads\/2025\/04\/Double-Apple-1.webp","width":1000,"height":1000},{"@type":"BreadcrumbList","@id":"https:\/\/vapingnet.de\/vape\/elf-shisha-16000-double-apple-hochwertig-guenstig-sofort-lieferbar\/#breadcrumb","itemListElement":[{"@type":"ListItem","position":1,"name":"Home","item":"https:\/\/vapingnet.de\/"},{"@type":"ListItem","position":2,"name":"Shop","item":"https:\/\/vapingnet.de\/vape\/"},{"@type":"ListItem","position":3,"name":"ELF SHISHA 16000 Double Apple Hochwertig G\u00fcnstig Sofort Lieferbar"}]},{"@type":"WebSite","@id":"https:\/\/vapingnet.de\/#website","url":"https:\/\/vapingnet.de\/","name":"Vapingnet.de","description":"","publisher":{"@id":"https:\/\/vapingnet.de\/#organization"},"potentialAction":[{"@type":"SearchAction","target":{"@type":"EntryPoint","urlTemplate":"https:\/\/vapingnet.de\/?s={search_term_string}"},"query-input":{"@type":"PropertyValueSpecification","valueRequired":true,"valueName":"search_term_string"}}],"inLanguage":"sk-SK"},{"@type":"Organization","@id":"https:\/\/vapingnet.de\/#organization","name":"Vapingnet.de","url":"https:\/\/vapingnet.de\/","logo":{"@type":"ImageObject","inLanguage":"sk-SK","@id":"https:\/\/vapingnet.de\/#\/schema\/logo\/image\/","url":"https:\/\/vapingnet.de\/wp-content\/uploads\/2025\/03\/cropped-vapingnet.de_.jpg","contentUrl":"https:\/\/vapingnet.de\/wp-content\/uploads\/2025\/03\/cropped-vapingnet.de_.jpg","width":512,"height":512,"caption":"Vapingnet.de"},"image":{"@id":"https:\/\/vapingnet.de\/#\/schema\/logo\/image\/"},"sameAs":["https:\/\/www.facebook.com\/vapingnetde\/"]}]}},"tiered_pricing_type":"fixed","tiered_pricing_fixed_rules":{"10":"9.41","60":"8.47","110":"7.53","200":"6.59"},"tiered_pricing_product_settings":{"layout":"default","base_unit_name":{"singular":null,"plural":null},"default_variation":null},"tiered_pricing_minimum_quantity":null,"tiered_pricing_roles_data":[],"tiered_pricing_percentage_rules":[],"_links":{"self":[{"href":"https:\/\/vapingnet.de\/sk\/wp-json\/wp\/v2\/product\/6462","targetHints":{"allow":["GET"]}}],"collection":[{"href":"https:\/\/vapingnet.de\/sk\/wp-json\/wp\/v2\/product"}],"about":[{"href":"https:\/\/vapingnet.de\/sk\/wp-json\/wp\/v2\/types\/product"}],"version-history":[{"count":1,"href":"https:\/\/vapingnet.de\/sk\/wp-json\/wp\/v2\/product\/6462\/revisions"}],"predecessor-version":[{"id":6482,"href":"https:\/\/vapingnet.de\/sk\/wp-json\/wp\/v2\/product\/6462\/revisions\/6482"}],"wp:featuredmedia":[{"embeddable":true,"href":"https:\/\/vapingnet.de\/sk\/wp-json\/wp\/v2\/media\/6466"}],"wp:attachment":[{"href":"https:\/\/vapingnet.de\/sk\/wp-json\/wp\/v2\/media?parent=6462"}],"wp:term":[{"taxonomy":"brand","embeddable":true,"href":"https:\/\/vapingnet.de\/sk\/wp-json\/wp\/v2\/etheme_brands?post=6462"},{"taxonomy":"product_brand","embeddable":true,"href":"https:\/\/vapingnet.de\/sk\/wp-json\/wp\/v2\/product_brand?post=6462"},{"taxonomy":"product_cat","embeddable":true,"href":"https:\/\/vapingnet.de\/sk\/wp-json\/wp\/v2\/product_cat?post=6462"},{"taxonomy":"product_tag","embeddable":true,"href":"https:\/\/vapingnet.de\/sk\/wp-json\/wp\/v2\/product_tag?post=6462"}],"curies":[{"name":"wp","href":"https:\/\/api.w.org\/{rel}","templated":true}]}}