{"id":6485,"date":"2025-04-21T09:59:44","date_gmt":"2025-04-21T09:59:44","guid":{"rendered":"https:\/\/vapingnet.de\/?post_type=product&#038;p=6485"},"modified":"2026-01-21T05:38:19","modified_gmt":"2026-01-21T05:38:19","slug":"jetzt-lush-ice-testen-elf-shisha-16000-zum-besten-preis-weltweit","status":"publish","type":"product","link":"https:\/\/vapingnet.de\/sk\/vape\/jetzt-lush-ice-testen-elf-shisha-16000-zum-besten-preis-weltweit\/","title":{"rendered":"Vysk\u00fa\u0161ajte Lush Ice teraz ELF SHISHA 16000 za najlep\u0161iu cenu na svete"},"content":{"rendered":"<h2 data-start=\"0\" data-end=\"67\" data-immersive-translate-walked=\"10d23f9e-2768-4151-b5c5-518e849dae15\">ELF SHISHA 16000: Jednorazov\u00e1 e-cigareta pre dlhodob\u00e9 pote\u0161enie<\/h2>\n<p class=\"\" data-start=\"69\" data-end=\"352\" data-immersive-translate-paragraph=\"1\" data-immersive-translate-walked=\"10d23f9e-2768-4151-b5c5-518e849dae15\">ELF SHISHA 16000 je revolu\u010dn\u00e1 jednorazov\u00e1 e-cigareta, ktor\u00e1 bola \u0161peci\u00e1lne navrhnut\u00e1 pre dlhodob\u00e9 a intenz\u00edvne u\u017e\u00edvanie pary. S neuverite\u013en\u00fdm po\u010dtom 16 000 \u0165ahov pon\u00faka toto zariadenie dokonal\u00fa kombin\u00e1ciu technol\u00f3gie a pou\u017e\u00edvate\u013eskej pr\u00edstupnosti.<\/p>\n<h4 data-start=\"354\" data-end=\"377\" data-immersive-translate-paragraph=\"1\" data-immersive-translate-walked=\"10d23f9e-2768-4151-b5c5-518e849dae15\">V\u00fdkon a dizajn<\/h4>\n<p class=\"\" data-start=\"379\" data-end=\"720\" data-immersive-translate-paragraph=\"1\" data-immersive-translate-walked=\"10d23f9e-2768-4151-b5c5-518e849dae15\">Zariadenie je vybaven\u00e9 mesh cievkou s odporom 0,6 Ohm, ktor\u00e1 zabezpe\u010duje rovnomern\u00e9 rozlo\u017eenie tepla a poskytuje v\u00fdnimo\u010dn\u00fd z\u00e1\u017eitok z pary. S 28 ml n\u00e1dr\u017ekou na e-liquid a mo\u017enos\u0165ou v\u00fdberu medzi r\u00f4znymi \u00farov\u0148ami nikot\u00ednu (0%, 2%, 3%, 5%) si m\u00f4\u017eu pou\u017e\u00edvatelia individu\u00e1lne prisp\u00f4sobi\u0165 intenzitu svojho pote\u0161enia.<\/p>\n<p class=\"\" data-start=\"722\" data-end=\"942\" data-immersive-translate-paragraph=\"1\" data-immersive-translate-walked=\"10d23f9e-2768-4151-b5c5-518e849dae15\">Bat\u00e9ria s kapacitou 600 mAh zabezpe\u010duje dlh\u00fa \u017eivotnos\u0165 a m\u00f4\u017ee by\u0165 r\u00fdchlo nabit\u00e1 cez Type-C port. Kompaktn\u00fd a \u013eahk\u00fd dizajn (len 85 g) ho rob\u00ed obzvl\u00e1\u0161\u0165 praktick\u00fdm a ide\u00e1lnym na cestovanie.<\/p>\n<h4 data-start=\"944\" data-end=\"978\" data-immersive-translate-paragraph=\"1\" data-immersive-translate-walked=\"10d23f9e-2768-4151-b5c5-518e849dae15\">Pou\u017e\u00edvate\u013esky pr\u00edvetiv\u00e9 funkcie<\/h4>\n<p class=\"\" data-start=\"980\" data-end=\"1356\" data-immersive-translate-paragraph=\"1\" data-immersive-translate-walked=\"10d23f9e-2768-4151-b5c5-518e849dae15\">V\u010faka LED displeju maj\u00fa pou\u017e\u00edvatelia v\u017edy kontrolu nad stavom svojej e-\u010dl\u00e1nky. \u010eal\u0161\u00edm highlightom je nastavite\u013en\u00fd pr\u00edvod vzduchu, ktor\u00fd umo\u017e\u0148uje prisp\u00f4sobi\u0165 prietok vzduchu pod\u013ea \u017eelania a personalizova\u0165 tak z\u00e1\u017eitok z pary. \u010ci u\u017e preferujete jemnej\u0161iu alebo intenz\u00edvnej\u0161iu produkciu pary, t\u00e1to funkcia zabezpe\u010duje potrebn\u00fa flexibilitu.<\/p>\n<h4 data-start=\"1358\" data-end=\"1380\" data-immersive-translate-paragraph=\"1\" data-immersive-translate-walked=\"10d23f9e-2768-4151-b5c5-518e849dae15\">Rozmanitos\u0165 pr\u00edchut\u00ed<\/h4>\n<p class=\"\" data-start=\"1382\" data-end=\"1605\" data-immersive-translate-paragraph=\"1\" data-immersive-translate-walked=\"10d23f9e-2768-4151-b5c5-518e849dae15\">Pr\u00edchu\u0165 Lush Ice poskytuje osvie\u017euj\u00faci, ovocn\u00fd z\u00e1\u017eitok s chladiv\u00fdm efektom. T\u00e1to kombin\u00e1cia chut\u00ed pon\u00faka jedine\u010dn\u00fd z\u00e1\u017eitok z pary, ktor\u00fd nezabudnete tak \u013eahko.<\/p>\n<h3>V\u00fdhody a r\u00fdchle doru\u010denie<\/h3>\n<p class=\"\" data-start=\"1644\" data-end=\"1977\" data-immersive-translate-paragraph=\"1\" data-immersive-translate-walked=\"10d23f9e-2768-4151-b5c5-518e849dae15\">ELF SHISHA 16000 je vyroben\u00e1 z kvalitn\u00fdch materi\u00e1lov a pon\u00faka bezcoln\u00fa dopravu. Doba doru\u010denia je 7 a\u017e 15 pracovn\u00fdch dn\u00ed, tak\u017ee si m\u00f4\u017eete r\u00fdchlo vychutna\u0165 jej pou\u017eitie. S vysok\u00fdm po\u010dtom \u0165ahov a stabiln\u00fdm v\u00fdkonom je t\u00e1to jednorazov\u00e1 e-cigareta vynikaj\u00facou vo\u013ebou pre v\u0161etk\u00fdch vap\u00e9rikov.<\/p>\n<p class=\"\" data-start=\"1979\" data-end=\"2083\" data-immersive-translate-paragraph=\"1\" data-immersive-translate-walked=\"10d23f9e-2768-4151-b5c5-518e849dae15\">Dostupn\u00e1 na vapingnet.de, d\u00f4veryhodnom dod\u00e1vate\u013eovi pr\u00e9miov\u00fdch e-cigariet a pr\u00edslu\u0161enstva.<\/p>","protected":false},"excerpt":{"rendered":"<p>Elf Shisha 16000: Jednorazov\u00e1 e-cigareta pre dlhodob\u00e9 pote\u0161enie. Elf Shisha 16000 je revolu\u010dn\u00e1 jednorazov\u00e1 e-cigareta, \u0161peci\u00e1lne navrhnut\u00e1 pre dlhodob\u00e9 a intenz\u00edvne z\u00e1\u017eitky z vapovania...<\/p>","protected":false},"featured_media":6469,"template":"","meta":[],"etheme_brands":[],"product_brand":[100],"product_cat":[91,49,61],"product_tag":[],"class_list":{"0":"post-6485","1":"product","2":"type-product","3":"status-publish","4":"has-post-thumbnail","6":"product_brand-elf-box-vape","7":"product_cat-16k-vape","8":"product_cat-einweg-e-zigarette","9":"product_cat-f","11":"first","12":"instock","13":"shipping-taxable","14":"purchasable","15":"product-type-simple"},"yoast_head":"<!-- This site is optimized with the Yoast SEO plugin v26.5 - https:\/\/yoast.com\/wordpress\/plugins\/seo\/ -->\n<title>ELF SHISHA 16000 Einweg E-Zigarette | Lush Ice Geschmack<\/title>\n<meta name=\"description\" content=\"Erfrischender Geschmack mit k\u00fchlem Effekt und gleichm\u00e4\u00dfigem Zug \u2013 eine moderne Einweg E-Zigarette f\u00fcr entspannten Genuss.\" \/>\n<meta name=\"robots\" content=\"index, follow, max-snippet:-1, max-image-preview:large, max-video-preview:-1\" \/>\n<link rel=\"canonical\" href=\"https:\/\/vapingnet.de\/sk\/vape\/jetzt-lush-ice-testen-elf-shisha-16000-zum-besten-preis-weltweit\/\" \/>\n<meta property=\"og:locale\" content=\"sk_SK\" \/>\n<meta property=\"og:type\" content=\"article\" \/>\n<meta property=\"og:title\" content=\"ELF SHISHA 16000 Einweg E-Zigarette | Lush Ice Geschmack\" \/>\n<meta property=\"og:description\" content=\"Erfrischender Geschmack mit k\u00fchlem Effekt und gleichm\u00e4\u00dfigem Zug \u2013 eine moderne Einweg E-Zigarette f\u00fcr entspannten Genuss.\" \/>\n<meta property=\"og:url\" content=\"https:\/\/vapingnet.de\/sk\/vape\/jetzt-lush-ice-testen-elf-shisha-16000-zum-besten-preis-weltweit\/\" \/>\n<meta property=\"og:site_name\" content=\"Vapingnet.de\" \/>\n<meta property=\"article:publisher\" content=\"https:\/\/www.facebook.com\/vapingnetde\/\" \/>\n<meta property=\"article:modified_time\" content=\"2026-01-21T05:38:19+00:00\" \/>\n<meta property=\"og:image\" content=\"https:\/\/vapingnet.de\/wp-content\/uploads\/2025\/04\/Lush-Ice-1.webp\" \/>\n\t<meta property=\"og:image:width\" content=\"1000\" \/>\n\t<meta property=\"og:image:height\" content=\"1000\" \/>\n\t<meta property=\"og:image:type\" content=\"image\/webp\" \/>\n<meta name=\"twitter:card\" content=\"summary_large_image\" \/>\n<meta name=\"twitter:label1\" content=\"Est. reading time\" \/>\n\t<meta name=\"twitter:data1\" content=\"2 minutes\" \/>\n<script type=\"application\/ld+json\" class=\"yoast-schema-graph\">{\"@context\":\"https:\/\/schema.org\",\"@graph\":[{\"@type\":\"WebPage\",\"@id\":\"https:\/\/vapingnet.de\/vape\/jetzt-lush-ice-testen-elf-shisha-16000-zum-besten-preis-weltweit\/\",\"url\":\"https:\/\/vapingnet.de\/vape\/jetzt-lush-ice-testen-elf-shisha-16000-zum-besten-preis-weltweit\/\",\"name\":\"ELF SHISHA 16000 Einweg E-Zigarette | Lush Ice Geschmack\",\"isPartOf\":{\"@id\":\"https:\/\/vapingnet.de\/#website\"},\"primaryImageOfPage\":{\"@id\":\"https:\/\/vapingnet.de\/vape\/jetzt-lush-ice-testen-elf-shisha-16000-zum-besten-preis-weltweit\/#primaryimage\"},\"image\":{\"@id\":\"https:\/\/vapingnet.de\/vape\/jetzt-lush-ice-testen-elf-shisha-16000-zum-besten-preis-weltweit\/#primaryimage\"},\"thumbnailUrl\":\"https:\/\/vapingnet.de\/wp-content\/uploads\/2025\/04\/Lush-Ice-1.webp\",\"datePublished\":\"2025-04-21T09:59:44+00:00\",\"dateModified\":\"2026-01-21T05:38:19+00:00\",\"description\":\"Erfrischender Geschmack mit k\u00fchlem Effekt und gleichm\u00e4\u00dfigem Zug \u2013 eine moderne Einweg E-Zigarette f\u00fcr entspannten Genuss.\",\"breadcrumb\":{\"@id\":\"https:\/\/vapingnet.de\/vape\/jetzt-lush-ice-testen-elf-shisha-16000-zum-besten-preis-weltweit\/#breadcrumb\"},\"inLanguage\":\"sk-SK\",\"potentialAction\":[{\"@type\":\"ReadAction\",\"target\":[\"https:\/\/vapingnet.de\/vape\/jetzt-lush-ice-testen-elf-shisha-16000-zum-besten-preis-weltweit\/\"]}]},{\"@type\":\"ImageObject\",\"inLanguage\":\"sk-SK\",\"@id\":\"https:\/\/vapingnet.de\/vape\/jetzt-lush-ice-testen-elf-shisha-16000-zum-besten-preis-weltweit\/#primaryimage\",\"url\":\"https:\/\/vapingnet.de\/wp-content\/uploads\/2025\/04\/Lush-Ice-1.webp\",\"contentUrl\":\"https:\/\/vapingnet.de\/wp-content\/uploads\/2025\/04\/Lush-Ice-1.webp\",\"width\":1000,\"height\":1000},{\"@type\":\"BreadcrumbList\",\"@id\":\"https:\/\/vapingnet.de\/vape\/jetzt-lush-ice-testen-elf-shisha-16000-zum-besten-preis-weltweit\/#breadcrumb\",\"itemListElement\":[{\"@type\":\"ListItem\",\"position\":1,\"name\":\"Home\",\"item\":\"https:\/\/vapingnet.de\/\"},{\"@type\":\"ListItem\",\"position\":2,\"name\":\"Shop\",\"item\":\"https:\/\/vapingnet.de\/vape\/\"},{\"@type\":\"ListItem\",\"position\":3,\"name\":\"Jetzt Lush Ice Testen ELF SHISHA 16000 Zum Besten Preis Weltweit\"}]},{\"@type\":\"WebSite\",\"@id\":\"https:\/\/vapingnet.de\/#website\",\"url\":\"https:\/\/vapingnet.de\/\",\"name\":\"Vapingnet.de\",\"description\":\"\",\"publisher\":{\"@id\":\"https:\/\/vapingnet.de\/#organization\"},\"potentialAction\":[{\"@type\":\"SearchAction\",\"target\":{\"@type\":\"EntryPoint\",\"urlTemplate\":\"https:\/\/vapingnet.de\/?s={search_term_string}\"},\"query-input\":{\"@type\":\"PropertyValueSpecification\",\"valueRequired\":true,\"valueName\":\"search_term_string\"}}],\"inLanguage\":\"sk-SK\"},{\"@type\":\"Organization\",\"@id\":\"https:\/\/vapingnet.de\/#organization\",\"name\":\"Vapingnet.de\",\"url\":\"https:\/\/vapingnet.de\/\",\"logo\":{\"@type\":\"ImageObject\",\"inLanguage\":\"sk-SK\",\"@id\":\"https:\/\/vapingnet.de\/#\/schema\/logo\/image\/\",\"url\":\"https:\/\/vapingnet.de\/wp-content\/uploads\/2025\/03\/cropped-vapingnet.de_.jpg\",\"contentUrl\":\"https:\/\/vapingnet.de\/wp-content\/uploads\/2025\/03\/cropped-vapingnet.de_.jpg\",\"width\":512,\"height\":512,\"caption\":\"Vapingnet.de\"},\"image\":{\"@id\":\"https:\/\/vapingnet.de\/#\/schema\/logo\/image\/\"},\"sameAs\":[\"https:\/\/www.facebook.com\/vapingnetde\/\"]}]}<\/script>\n<!-- \/ Yoast SEO plugin. -->","yoast_head_json":{"title":"ELF SHISHA 16000 Einweg E-Zigarette | Lush Ice Geschmack","description":"Erfrischender Geschmack mit k\u00fchlem Effekt und gleichm\u00e4\u00dfigem Zug \u2013 eine moderne Einweg E-Zigarette f\u00fcr entspannten Genuss.","robots":{"index":"index","follow":"follow","max-snippet":"max-snippet:-1","max-image-preview":"max-image-preview:large","max-video-preview":"max-video-preview:-1"},"canonical":"https:\/\/vapingnet.de\/sk\/vape\/jetzt-lush-ice-testen-elf-shisha-16000-zum-besten-preis-weltweit\/","og_locale":"sk_SK","og_type":"article","og_title":"ELF SHISHA 16000 Einweg E-Zigarette | Lush Ice Geschmack","og_description":"Erfrischender Geschmack mit k\u00fchlem Effekt und gleichm\u00e4\u00dfigem Zug \u2013 eine moderne Einweg E-Zigarette f\u00fcr entspannten Genuss.","og_url":"https:\/\/vapingnet.de\/sk\/vape\/jetzt-lush-ice-testen-elf-shisha-16000-zum-besten-preis-weltweit\/","og_site_name":"Vapingnet.de","article_publisher":"https:\/\/www.facebook.com\/vapingnetde\/","article_modified_time":"2026-01-21T05:38:19+00:00","og_image":[{"width":1000,"height":1000,"url":"https:\/\/vapingnet.de\/wp-content\/uploads\/2025\/04\/Lush-Ice-1.webp","type":"image\/webp"}],"twitter_card":"summary_large_image","twitter_misc":{"Est. reading time":"2 minutes"},"schema":{"@context":"https:\/\/schema.org","@graph":[{"@type":"WebPage","@id":"https:\/\/vapingnet.de\/vape\/jetzt-lush-ice-testen-elf-shisha-16000-zum-besten-preis-weltweit\/","url":"https:\/\/vapingnet.de\/vape\/jetzt-lush-ice-testen-elf-shisha-16000-zum-besten-preis-weltweit\/","name":"ELF SHISHA 16000 Einweg E-Zigarette | Lush Ice Geschmack","isPartOf":{"@id":"https:\/\/vapingnet.de\/#website"},"primaryImageOfPage":{"@id":"https:\/\/vapingnet.de\/vape\/jetzt-lush-ice-testen-elf-shisha-16000-zum-besten-preis-weltweit\/#primaryimage"},"image":{"@id":"https:\/\/vapingnet.de\/vape\/jetzt-lush-ice-testen-elf-shisha-16000-zum-besten-preis-weltweit\/#primaryimage"},"thumbnailUrl":"https:\/\/vapingnet.de\/wp-content\/uploads\/2025\/04\/Lush-Ice-1.webp","datePublished":"2025-04-21T09:59:44+00:00","dateModified":"2026-01-21T05:38:19+00:00","description":"Erfrischender Geschmack mit k\u00fchlem Effekt und gleichm\u00e4\u00dfigem Zug \u2013 eine moderne Einweg E-Zigarette f\u00fcr entspannten Genuss.","breadcrumb":{"@id":"https:\/\/vapingnet.de\/vape\/jetzt-lush-ice-testen-elf-shisha-16000-zum-besten-preis-weltweit\/#breadcrumb"},"inLanguage":"sk-SK","potentialAction":[{"@type":"ReadAction","target":["https:\/\/vapingnet.de\/vape\/jetzt-lush-ice-testen-elf-shisha-16000-zum-besten-preis-weltweit\/"]}]},{"@type":"ImageObject","inLanguage":"sk-SK","@id":"https:\/\/vapingnet.de\/vape\/jetzt-lush-ice-testen-elf-shisha-16000-zum-besten-preis-weltweit\/#primaryimage","url":"https:\/\/vapingnet.de\/wp-content\/uploads\/2025\/04\/Lush-Ice-1.webp","contentUrl":"https:\/\/vapingnet.de\/wp-content\/uploads\/2025\/04\/Lush-Ice-1.webp","width":1000,"height":1000},{"@type":"BreadcrumbList","@id":"https:\/\/vapingnet.de\/vape\/jetzt-lush-ice-testen-elf-shisha-16000-zum-besten-preis-weltweit\/#breadcrumb","itemListElement":[{"@type":"ListItem","position":1,"name":"Home","item":"https:\/\/vapingnet.de\/"},{"@type":"ListItem","position":2,"name":"Shop","item":"https:\/\/vapingnet.de\/vape\/"},{"@type":"ListItem","position":3,"name":"Jetzt Lush Ice Testen ELF SHISHA 16000 Zum Besten Preis Weltweit"}]},{"@type":"WebSite","@id":"https:\/\/vapingnet.de\/#website","url":"https:\/\/vapingnet.de\/","name":"Vapingnet.de","description":"","publisher":{"@id":"https:\/\/vapingnet.de\/#organization"},"potentialAction":[{"@type":"SearchAction","target":{"@type":"EntryPoint","urlTemplate":"https:\/\/vapingnet.de\/?s={search_term_string}"},"query-input":{"@type":"PropertyValueSpecification","valueRequired":true,"valueName":"search_term_string"}}],"inLanguage":"sk-SK"},{"@type":"Organization","@id":"https:\/\/vapingnet.de\/#organization","name":"Vapingnet.de","url":"https:\/\/vapingnet.de\/","logo":{"@type":"ImageObject","inLanguage":"sk-SK","@id":"https:\/\/vapingnet.de\/#\/schema\/logo\/image\/","url":"https:\/\/vapingnet.de\/wp-content\/uploads\/2025\/03\/cropped-vapingnet.de_.jpg","contentUrl":"https:\/\/vapingnet.de\/wp-content\/uploads\/2025\/03\/cropped-vapingnet.de_.jpg","width":512,"height":512,"caption":"Vapingnet.de"},"image":{"@id":"https:\/\/vapingnet.de\/#\/schema\/logo\/image\/"},"sameAs":["https:\/\/www.facebook.com\/vapingnetde\/"]}]}},"tiered_pricing_type":"fixed","tiered_pricing_fixed_rules":{"10":"9.41","60":"8.47","110":"7.53","200":"6.59"},"tiered_pricing_product_settings":{"layout":"default","base_unit_name":{"singular":null,"plural":null},"default_variation":null},"tiered_pricing_minimum_quantity":null,"tiered_pricing_roles_data":[],"tiered_pricing_percentage_rules":[],"_links":{"self":[{"href":"https:\/\/vapingnet.de\/sk\/wp-json\/wp\/v2\/product\/6485","targetHints":{"allow":["GET"]}}],"collection":[{"href":"https:\/\/vapingnet.de\/sk\/wp-json\/wp\/v2\/product"}],"about":[{"href":"https:\/\/vapingnet.de\/sk\/wp-json\/wp\/v2\/types\/product"}],"version-history":[{"count":1,"href":"https:\/\/vapingnet.de\/sk\/wp-json\/wp\/v2\/product\/6485\/revisions"}],"predecessor-version":[{"id":6486,"href":"https:\/\/vapingnet.de\/sk\/wp-json\/wp\/v2\/product\/6485\/revisions\/6486"}],"wp:featuredmedia":[{"embeddable":true,"href":"https:\/\/vapingnet.de\/sk\/wp-json\/wp\/v2\/media\/6469"}],"wp:attachment":[{"href":"https:\/\/vapingnet.de\/sk\/wp-json\/wp\/v2\/media?parent=6485"}],"wp:term":[{"taxonomy":"brand","embeddable":true,"href":"https:\/\/vapingnet.de\/sk\/wp-json\/wp\/v2\/etheme_brands?post=6485"},{"taxonomy":"product_brand","embeddable":true,"href":"https:\/\/vapingnet.de\/sk\/wp-json\/wp\/v2\/product_brand?post=6485"},{"taxonomy":"product_cat","embeddable":true,"href":"https:\/\/vapingnet.de\/sk\/wp-json\/wp\/v2\/product_cat?post=6485"},{"taxonomy":"product_tag","embeddable":true,"href":"https:\/\/vapingnet.de\/sk\/wp-json\/wp\/v2\/product_tag?post=6485"}],"curies":[{"name":"wp","href":"https:\/\/api.w.org\/{rel}","templated":true}]}}