{"id":6487,"date":"2025-04-21T10:02:55","date_gmt":"2025-04-21T10:02:55","guid":{"rendered":"https:\/\/vapingnet.de\/?post_type=product&#038;p=6487"},"modified":"2026-01-21T03:26:15","modified_gmt":"2026-01-21T03:26:15","slug":"jetzt-grape-ice-testen-elf-shisha-16000-zum-besten-preis-weltweit","status":"publish","type":"product","link":"https:\/\/vapingnet.de\/sk\/vape\/jetzt-grape-ice-testen-elf-shisha-16000-zum-besten-preis-weltweit\/","title":{"rendered":"Teraz vysk\u00fa\u0161ajte Grape Ice ELF SHISHA 16000 za najlep\u0161iu cenu na svete"},"content":{"rendered":"<h2 data-start=\"0\" data-end=\"68\" data-immersive-translate-walked=\"4a10e9d6-1d62-4ed5-b5e8-78f2f01c9033\">ELF SHISHA 16000 \u2013 Jednorazov\u00e1 e-cigareta pre n\u00e1ro\u010dn\u00fdch faj\u010diarov pary<\/h2>\n<p class=\"\" data-start=\"70\" data-end=\"415\" data-immersive-translate-walked=\"4a10e9d6-1d62-4ed5-b5e8-78f2f01c9033\" data-immersive-translate-paragraph=\"1\">ELF SHISHA 16000 je jednou z najpokro\u010dilej\u0161\u00edch jednorazov\u00fdch e-cigariet na trhu, ktor\u00e1 vynik\u00e1 mno\u017estvom funkci\u00ed a v\u00fdnimo\u010dn\u00fdm dizajnom. S mo\u017enos\u0165ou poskytn\u00fa\u0165 a\u017e 16 000 \u0165ahov predstavuje tento model ide\u00e1lne rie\u0161enie pre faj\u010diarov, ktor\u00ed h\u013eadaj\u00fa dlhodob\u00fd a intenz\u00edvny z\u00e1\u017eitok z vapovania.<\/p>\n<h4 data-start=\"417\" data-end=\"484\" data-immersive-translate-walked=\"4a10e9d6-1d62-4ed5-b5e8-78f2f01c9033\" data-immersive-translate-paragraph=\"1\">V\u00fdkonn\u00e9 vlastnosti pre neporovnate\u013en\u00e9 vapovanie<\/h4>\n<p class=\"\" data-start=\"486\" data-end=\"901\" data-immersive-translate-walked=\"4a10e9d6-1d62-4ed5-b5e8-78f2f01c9033\" data-immersive-translate-paragraph=\"1\">ELF SHISHA 16000 kombinuje inovat\u00edvne technol\u00f3gie a pou\u017e\u00edvate\u013esky pr\u00edvetiv\u00e9 funkcie, aby poskytla v\u00fdnimo\u010dn\u00fd z\u00e1\u017eitok z vapovania. Mesh-\u017ehavi\u010d s 0,6 Ohm zabezpe\u010duje rovnomern\u00e9 rozlo\u017eenie tepla, \u010do vedie k chutn\u00e9mu a hust\u00e9mu pareniu. S ve\u013ek\u00fdm 28 ml z\u00e1sobn\u00edkom na e-liquid je tento model ur\u010den\u00fd na dlh\u00e9 vapovacie sedenia, bez potreby neust\u00e1leho dop\u013a\u0148ania.<\/p>\n<p class=\"\" data-start=\"903\" data-end=\"1220\" data-immersive-translate-walked=\"4a10e9d6-1d62-4ed5-b5e8-78f2f01c9033\" data-immersive-translate-paragraph=\"1\">Bat\u00e9ria s kapacitou 600mAh je dostato\u010dn\u00e1 na cel\u00fd \u017eivotn\u00fd cyklus 16 000 \u0165ahov a v\u010faka USB-C nab\u00edjaciemu portu sa d\u00e1 r\u00fdchlo a pohodlne nabi\u0165. Napriek svojim v\u00fdkonn\u00fdm funkci\u00e1m v\u00e1\u017ei ELF SHISHA 16000 len 85 g, \u010do z neho rob\u00ed kompaktn\u00e9 a prenosn\u00e9 zariadenie.<\/p>\n<h4 data-start=\"1222\" data-end=\"1262\" data-immersive-translate-walked=\"4a10e9d6-1d62-4ed5-b5e8-78f2f01c9033\" data-immersive-translate-paragraph=\"1\">V\u0161estrannos\u0165 v nikot\u00ednovej sile<\/h4>\n<p class=\"\" data-start=\"1264\" data-end=\"1552\" data-immersive-translate-walked=\"4a10e9d6-1d62-4ed5-b5e8-78f2f01c9033\" data-immersive-translate-paragraph=\"1\">\u010eal\u0161ou v\u00fdhodou ELF SHISHA 16000 je mo\u017enos\u0165 prisp\u00f4sobi\u0165 obsah nikot\u00ednu pod\u013ea preferenci\u00ed. S mo\u017enos\u0165ami 0%, 2%, 3% a 5% nikot\u00ednu pon\u00faka tento model \u0161irok\u00fd v\u00fdber, ktor\u00fd vyhovuje v\u0161etk\u00fdm faj\u010diarom \u2013 od za\u010diato\u010dn\u00edkov po sk\u00fasen\u00fdch pou\u017e\u00edvate\u013eov.<\/p>\n<h4 data-start=\"1554\" data-end=\"1584\" data-immersive-translate-walked=\"4a10e9d6-1d62-4ed5-b5e8-78f2f01c9033\" data-immersive-translate-paragraph=\"1\">Prisp\u00f4sobite\u013en\u00e9 z\u00e1\u017eitky z vapovania<\/h4>\n<p class=\"\" data-start=\"1586\" data-end=\"2003\" data-immersive-translate-walked=\"4a10e9d6-1d62-4ed5-b5e8-78f2f01c9033\" data-immersive-translate-paragraph=\"1\">Zariadenie je vybaven\u00e9 LED displejom, ktor\u00fd pou\u017e\u00edvate\u013eovi poskytuje v\u017edy u\u017eito\u010dn\u00e9 inform\u00e1cie o bat\u00e9rii a stave. Okrem toho je k dispoz\u00edcii nastavite\u013en\u00fd pr\u00edvod vzduchu (Adjustable Airflow), \u010do je v\u00edtan\u00e1 funkcia na e\u0161te osobnej\u0161ie a pr\u00edjemnej\u0161ie vapovanie. M\u00f4\u017eete upravi\u0165 pr\u00edvod vzduchu a prisp\u00f4sobi\u0165 si z\u00e1\u017eitok pod\u013ea svojich predst\u00e1v \u2013 \u010di u\u017e na \u013eah\u0161\u00ed alebo intenz\u00edvnej\u0161\u00ed \u0165ah.<\/p>\n<h4 data-start=\"2005\" data-end=\"2044\" data-immersive-translate-walked=\"4a10e9d6-1d62-4ed5-b5e8-78f2f01c9033\" data-immersive-translate-paragraph=\"1\">Osvie\u017euj\u00faca chu\u0165 \u2013 Grape Ice<\/h4>\n<p class=\"\" data-start=\"2046\" data-end=\"2332\" data-immersive-translate-walked=\"4a10e9d6-1d62-4ed5-b5e8-78f2f01c9033\" data-immersive-translate-paragraph=\"1\">Chu\u0165 Grape Ice kombinuje sladk\u00fa chu\u0165 hrozna s osvie\u017euj\u00facim, \u013eadov\u00fdm dozvukom. T\u00e1to osvie\u017euj\u00faca kombin\u00e1cia chut\u00ed zabezpe\u010duje jedine\u010dn\u00fd z\u00e1\u017eitok z vapovania a je ide\u00e1lna pre t\u00fdch, ktor\u00ed h\u013eadaj\u00fa chladiv\u00fa, ale ovocn\u00fa chu\u0165ov\u00fa sk\u00fasenos\u0165.<\/p>\n<h3>R\u00fdchle doru\u010denie a v\u00fdhody<\/h3>\n<p class=\"\" data-start=\"2371\" data-end=\"2650\" data-immersive-translate-walked=\"4a10e9d6-1d62-4ed5-b5e8-78f2f01c9033\" data-immersive-translate-paragraph=\"1\">S dobou doru\u010denia 7-15 pracovn\u00fdch dn\u00ed si m\u00f4\u017eete by\u0165 ist\u00ed, \u017ee svoju ELF SHISHA 16000 obdr\u017e\u00edte r\u00fdchlo, bez dlh\u00e9ho \u010dakania na objedn\u00e1vku. V\u010faka bezcoln\u00e9mu doru\u010deniu je n\u00e1kup e\u0161te atrakt\u00edvnej\u0161\u00ed a dodato\u010dn\u00e9 n\u00e1klady odpad\u00e1vaj\u00fa.<\/p>\n<p class=\"\" data-start=\"2652\" data-end=\"2747\" data-immersive-translate-walked=\"4a10e9d6-1d62-4ed5-b5e8-78f2f01c9033\" data-immersive-translate-paragraph=\"1\">Dostupn\u00e9 na vapingnet.de, poprednom dod\u00e1vate\u013eovi kvalitn\u00fdch produktov na vapovanie.<\/p>\n<p class=\"\" data-start=\"2754\" data-end=\"3073\" data-immersive-translate-walked=\"4a10e9d6-1d62-4ed5-b5e8-78f2f01c9033\" data-immersive-translate-paragraph=\"1\">ELF SHISHA 16000 je ide\u00e1lnou vo\u013ebou pre faj\u010diarov, ktor\u00ed h\u013eadaj\u00fa v\u00fdkonn\u00fa, pou\u017e\u00edvate\u013esky pr\u00edvetiv\u00fa a chutn\u00fa jednorazov\u00fa e-cigaretu. S dlhodobou \u017eivotnos\u0165ou, flexibiln\u00fdmi nikot\u00ednov\u00fdmi silami a jedine\u010dn\u00fdm z\u00e1\u017eitkom z chuti nastavuje tento model nov\u00e9 \u0161tandardy na trhu.<\/p>","protected":false},"excerpt":{"rendered":"<p>ELF SHISHA 16000 \u2013 Einweg E-Zigarette f\u00fcr anspruchsvolle Dampfer Die ELF SHISHA 16000 ist eine der fortschrittlichsten Einweg E-Zigaretten auf dem Markt, die mit einer&#8230;<\/p>","protected":false},"featured_media":6467,"template":"","meta":[],"etheme_brands":[],"product_brand":[100],"product_cat":[91,49,61],"product_tag":[],"class_list":{"0":"post-6487","1":"product","2":"type-product","3":"status-publish","4":"has-post-thumbnail","6":"product_brand-elf-box-vape","7":"product_cat-16k-vape","8":"product_cat-einweg-e-zigarette","9":"product_cat-f","11":"first","12":"instock","13":"shipping-taxable","14":"purchasable","15":"product-type-simple"},"yoast_head":"<!-- This site is optimized with the Yoast SEO plugin v26.5 - https:\/\/yoast.com\/wordpress\/plugins\/seo\/ -->\n<title>ELF SHISHA 16000 Einweg E-Zigarette | Grape Ice Geschmack<\/title>\n<meta name=\"description\" content=\"Moderne Einweg E-Zigarette mit kraftvollem Zug und k\u00fchlem Traubengeschmack \u2013 perfekt f\u00fcr den t\u00e4glichen Genuss.\" \/>\n<meta name=\"robots\" content=\"index, follow, max-snippet:-1, max-image-preview:large, max-video-preview:-1\" \/>\n<link rel=\"canonical\" href=\"https:\/\/vapingnet.de\/sk\/vape\/jetzt-grape-ice-testen-elf-shisha-16000-zum-besten-preis-weltweit\/\" \/>\n<meta property=\"og:locale\" content=\"sk_SK\" \/>\n<meta property=\"og:type\" content=\"article\" \/>\n<meta property=\"og:title\" content=\"ELF SHISHA 16000 Einweg E-Zigarette | Grape Ice Geschmack\" \/>\n<meta property=\"og:description\" content=\"Moderne Einweg E-Zigarette mit kraftvollem Zug und k\u00fchlem Traubengeschmack \u2013 perfekt f\u00fcr den t\u00e4glichen Genuss.\" \/>\n<meta property=\"og:url\" content=\"https:\/\/vapingnet.de\/sk\/vape\/jetzt-grape-ice-testen-elf-shisha-16000-zum-besten-preis-weltweit\/\" \/>\n<meta property=\"og:site_name\" content=\"Vapingnet.de\" \/>\n<meta property=\"article:publisher\" content=\"https:\/\/www.facebook.com\/vapingnetde\/\" \/>\n<meta property=\"article:modified_time\" content=\"2026-01-21T03:26:15+00:00\" \/>\n<meta property=\"og:image\" content=\"https:\/\/vapingnet.de\/wp-content\/uploads\/2025\/04\/Grape-Ice-2.webp\" \/>\n\t<meta property=\"og:image:width\" content=\"1000\" \/>\n\t<meta property=\"og:image:height\" content=\"1000\" \/>\n\t<meta property=\"og:image:type\" content=\"image\/webp\" \/>\n<meta name=\"twitter:card\" content=\"summary_large_image\" \/>\n<meta name=\"twitter:label1\" content=\"Est. reading time\" \/>\n\t<meta name=\"twitter:data1\" content=\"3 minutes\" \/>\n<script type=\"application\/ld+json\" class=\"yoast-schema-graph\">{\"@context\":\"https:\/\/schema.org\",\"@graph\":[{\"@type\":\"WebPage\",\"@id\":\"https:\/\/vapingnet.de\/vape\/jetzt-grape-ice-testen-elf-shisha-16000-zum-besten-preis-weltweit\/\",\"url\":\"https:\/\/vapingnet.de\/vape\/jetzt-grape-ice-testen-elf-shisha-16000-zum-besten-preis-weltweit\/\",\"name\":\"ELF SHISHA 16000 Einweg E-Zigarette | Grape Ice Geschmack\",\"isPartOf\":{\"@id\":\"https:\/\/vapingnet.de\/#website\"},\"primaryImageOfPage\":{\"@id\":\"https:\/\/vapingnet.de\/vape\/jetzt-grape-ice-testen-elf-shisha-16000-zum-besten-preis-weltweit\/#primaryimage\"},\"image\":{\"@id\":\"https:\/\/vapingnet.de\/vape\/jetzt-grape-ice-testen-elf-shisha-16000-zum-besten-preis-weltweit\/#primaryimage\"},\"thumbnailUrl\":\"https:\/\/vapingnet.de\/wp-content\/uploads\/2025\/04\/Grape-Ice-2.webp\",\"datePublished\":\"2025-04-21T10:02:55+00:00\",\"dateModified\":\"2026-01-21T03:26:15+00:00\",\"description\":\"Moderne Einweg E-Zigarette mit kraftvollem Zug und k\u00fchlem Traubengeschmack \u2013 perfekt f\u00fcr den t\u00e4glichen Genuss.\",\"breadcrumb\":{\"@id\":\"https:\/\/vapingnet.de\/vape\/jetzt-grape-ice-testen-elf-shisha-16000-zum-besten-preis-weltweit\/#breadcrumb\"},\"inLanguage\":\"sk-SK\",\"potentialAction\":[{\"@type\":\"ReadAction\",\"target\":[\"https:\/\/vapingnet.de\/vape\/jetzt-grape-ice-testen-elf-shisha-16000-zum-besten-preis-weltweit\/\"]}]},{\"@type\":\"ImageObject\",\"inLanguage\":\"sk-SK\",\"@id\":\"https:\/\/vapingnet.de\/vape\/jetzt-grape-ice-testen-elf-shisha-16000-zum-besten-preis-weltweit\/#primaryimage\",\"url\":\"https:\/\/vapingnet.de\/wp-content\/uploads\/2025\/04\/Grape-Ice-2.webp\",\"contentUrl\":\"https:\/\/vapingnet.de\/wp-content\/uploads\/2025\/04\/Grape-Ice-2.webp\",\"width\":1000,\"height\":1000},{\"@type\":\"BreadcrumbList\",\"@id\":\"https:\/\/vapingnet.de\/vape\/jetzt-grape-ice-testen-elf-shisha-16000-zum-besten-preis-weltweit\/#breadcrumb\",\"itemListElement\":[{\"@type\":\"ListItem\",\"position\":1,\"name\":\"Home\",\"item\":\"https:\/\/vapingnet.de\/\"},{\"@type\":\"ListItem\",\"position\":2,\"name\":\"Shop\",\"item\":\"https:\/\/vapingnet.de\/vape\/\"},{\"@type\":\"ListItem\",\"position\":3,\"name\":\"Jetzt Grape Ice Testen ELF SHISHA 16000 Zum Besten Preis Weltweit\"}]},{\"@type\":\"WebSite\",\"@id\":\"https:\/\/vapingnet.de\/#website\",\"url\":\"https:\/\/vapingnet.de\/\",\"name\":\"Vapingnet.de\",\"description\":\"\",\"publisher\":{\"@id\":\"https:\/\/vapingnet.de\/#organization\"},\"potentialAction\":[{\"@type\":\"SearchAction\",\"target\":{\"@type\":\"EntryPoint\",\"urlTemplate\":\"https:\/\/vapingnet.de\/?s={search_term_string}\"},\"query-input\":{\"@type\":\"PropertyValueSpecification\",\"valueRequired\":true,\"valueName\":\"search_term_string\"}}],\"inLanguage\":\"sk-SK\"},{\"@type\":\"Organization\",\"@id\":\"https:\/\/vapingnet.de\/#organization\",\"name\":\"Vapingnet.de\",\"url\":\"https:\/\/vapingnet.de\/\",\"logo\":{\"@type\":\"ImageObject\",\"inLanguage\":\"sk-SK\",\"@id\":\"https:\/\/vapingnet.de\/#\/schema\/logo\/image\/\",\"url\":\"https:\/\/vapingnet.de\/wp-content\/uploads\/2025\/03\/cropped-vapingnet.de_.jpg\",\"contentUrl\":\"https:\/\/vapingnet.de\/wp-content\/uploads\/2025\/03\/cropped-vapingnet.de_.jpg\",\"width\":512,\"height\":512,\"caption\":\"Vapingnet.de\"},\"image\":{\"@id\":\"https:\/\/vapingnet.de\/#\/schema\/logo\/image\/\"},\"sameAs\":[\"https:\/\/www.facebook.com\/vapingnetde\/\"]}]}<\/script>\n<!-- \/ Yoast SEO plugin. -->","yoast_head_json":{"title":"ELF SHISHA 16000 Einweg E-Zigarette | Grape Ice Geschmack","description":"Moderne Einweg E-Zigarette mit kraftvollem Zug und k\u00fchlem Traubengeschmack \u2013 perfekt f\u00fcr den t\u00e4glichen Genuss.","robots":{"index":"index","follow":"follow","max-snippet":"max-snippet:-1","max-image-preview":"max-image-preview:large","max-video-preview":"max-video-preview:-1"},"canonical":"https:\/\/vapingnet.de\/sk\/vape\/jetzt-grape-ice-testen-elf-shisha-16000-zum-besten-preis-weltweit\/","og_locale":"sk_SK","og_type":"article","og_title":"ELF SHISHA 16000 Einweg E-Zigarette | Grape Ice Geschmack","og_description":"Moderne Einweg E-Zigarette mit kraftvollem Zug und k\u00fchlem Traubengeschmack \u2013 perfekt f\u00fcr den t\u00e4glichen Genuss.","og_url":"https:\/\/vapingnet.de\/sk\/vape\/jetzt-grape-ice-testen-elf-shisha-16000-zum-besten-preis-weltweit\/","og_site_name":"Vapingnet.de","article_publisher":"https:\/\/www.facebook.com\/vapingnetde\/","article_modified_time":"2026-01-21T03:26:15+00:00","og_image":[{"width":1000,"height":1000,"url":"https:\/\/vapingnet.de\/wp-content\/uploads\/2025\/04\/Grape-Ice-2.webp","type":"image\/webp"}],"twitter_card":"summary_large_image","twitter_misc":{"Est. reading time":"3 minutes"},"schema":{"@context":"https:\/\/schema.org","@graph":[{"@type":"WebPage","@id":"https:\/\/vapingnet.de\/vape\/jetzt-grape-ice-testen-elf-shisha-16000-zum-besten-preis-weltweit\/","url":"https:\/\/vapingnet.de\/vape\/jetzt-grape-ice-testen-elf-shisha-16000-zum-besten-preis-weltweit\/","name":"ELF SHISHA 16000 Einweg E-Zigarette | Grape Ice Geschmack","isPartOf":{"@id":"https:\/\/vapingnet.de\/#website"},"primaryImageOfPage":{"@id":"https:\/\/vapingnet.de\/vape\/jetzt-grape-ice-testen-elf-shisha-16000-zum-besten-preis-weltweit\/#primaryimage"},"image":{"@id":"https:\/\/vapingnet.de\/vape\/jetzt-grape-ice-testen-elf-shisha-16000-zum-besten-preis-weltweit\/#primaryimage"},"thumbnailUrl":"https:\/\/vapingnet.de\/wp-content\/uploads\/2025\/04\/Grape-Ice-2.webp","datePublished":"2025-04-21T10:02:55+00:00","dateModified":"2026-01-21T03:26:15+00:00","description":"Moderne Einweg E-Zigarette mit kraftvollem Zug und k\u00fchlem Traubengeschmack \u2013 perfekt f\u00fcr den t\u00e4glichen Genuss.","breadcrumb":{"@id":"https:\/\/vapingnet.de\/vape\/jetzt-grape-ice-testen-elf-shisha-16000-zum-besten-preis-weltweit\/#breadcrumb"},"inLanguage":"sk-SK","potentialAction":[{"@type":"ReadAction","target":["https:\/\/vapingnet.de\/vape\/jetzt-grape-ice-testen-elf-shisha-16000-zum-besten-preis-weltweit\/"]}]},{"@type":"ImageObject","inLanguage":"sk-SK","@id":"https:\/\/vapingnet.de\/vape\/jetzt-grape-ice-testen-elf-shisha-16000-zum-besten-preis-weltweit\/#primaryimage","url":"https:\/\/vapingnet.de\/wp-content\/uploads\/2025\/04\/Grape-Ice-2.webp","contentUrl":"https:\/\/vapingnet.de\/wp-content\/uploads\/2025\/04\/Grape-Ice-2.webp","width":1000,"height":1000},{"@type":"BreadcrumbList","@id":"https:\/\/vapingnet.de\/vape\/jetzt-grape-ice-testen-elf-shisha-16000-zum-besten-preis-weltweit\/#breadcrumb","itemListElement":[{"@type":"ListItem","position":1,"name":"Home","item":"https:\/\/vapingnet.de\/"},{"@type":"ListItem","position":2,"name":"Shop","item":"https:\/\/vapingnet.de\/vape\/"},{"@type":"ListItem","position":3,"name":"Jetzt Grape Ice Testen ELF SHISHA 16000 Zum Besten Preis Weltweit"}]},{"@type":"WebSite","@id":"https:\/\/vapingnet.de\/#website","url":"https:\/\/vapingnet.de\/","name":"Vapingnet.de","description":"","publisher":{"@id":"https:\/\/vapingnet.de\/#organization"},"potentialAction":[{"@type":"SearchAction","target":{"@type":"EntryPoint","urlTemplate":"https:\/\/vapingnet.de\/?s={search_term_string}"},"query-input":{"@type":"PropertyValueSpecification","valueRequired":true,"valueName":"search_term_string"}}],"inLanguage":"sk-SK"},{"@type":"Organization","@id":"https:\/\/vapingnet.de\/#organization","name":"Vapingnet.de","url":"https:\/\/vapingnet.de\/","logo":{"@type":"ImageObject","inLanguage":"sk-SK","@id":"https:\/\/vapingnet.de\/#\/schema\/logo\/image\/","url":"https:\/\/vapingnet.de\/wp-content\/uploads\/2025\/03\/cropped-vapingnet.de_.jpg","contentUrl":"https:\/\/vapingnet.de\/wp-content\/uploads\/2025\/03\/cropped-vapingnet.de_.jpg","width":512,"height":512,"caption":"Vapingnet.de"},"image":{"@id":"https:\/\/vapingnet.de\/#\/schema\/logo\/image\/"},"sameAs":["https:\/\/www.facebook.com\/vapingnetde\/"]}]}},"tiered_pricing_type":"fixed","tiered_pricing_fixed_rules":{"10":"9.41","60":"8.47","110":"7.53","200":"6.59"},"tiered_pricing_product_settings":{"layout":"default","base_unit_name":{"singular":null,"plural":null},"default_variation":null},"tiered_pricing_minimum_quantity":null,"tiered_pricing_roles_data":[],"tiered_pricing_percentage_rules":[],"_links":{"self":[{"href":"https:\/\/vapingnet.de\/sk\/wp-json\/wp\/v2\/product\/6487","targetHints":{"allow":["GET"]}}],"collection":[{"href":"https:\/\/vapingnet.de\/sk\/wp-json\/wp\/v2\/product"}],"about":[{"href":"https:\/\/vapingnet.de\/sk\/wp-json\/wp\/v2\/types\/product"}],"version-history":[{"count":1,"href":"https:\/\/vapingnet.de\/sk\/wp-json\/wp\/v2\/product\/6487\/revisions"}],"predecessor-version":[{"id":6488,"href":"https:\/\/vapingnet.de\/sk\/wp-json\/wp\/v2\/product\/6487\/revisions\/6488"}],"wp:featuredmedia":[{"embeddable":true,"href":"https:\/\/vapingnet.de\/sk\/wp-json\/wp\/v2\/media\/6467"}],"wp:attachment":[{"href":"https:\/\/vapingnet.de\/sk\/wp-json\/wp\/v2\/media?parent=6487"}],"wp:term":[{"taxonomy":"brand","embeddable":true,"href":"https:\/\/vapingnet.de\/sk\/wp-json\/wp\/v2\/etheme_brands?post=6487"},{"taxonomy":"product_brand","embeddable":true,"href":"https:\/\/vapingnet.de\/sk\/wp-json\/wp\/v2\/product_brand?post=6487"},{"taxonomy":"product_cat","embeddable":true,"href":"https:\/\/vapingnet.de\/sk\/wp-json\/wp\/v2\/product_cat?post=6487"},{"taxonomy":"product_tag","embeddable":true,"href":"https:\/\/vapingnet.de\/sk\/wp-json\/wp\/v2\/product_tag?post=6487"}],"curies":[{"name":"wp","href":"https:\/\/api.w.org\/{rel}","templated":true}]}}