{"id":6489,"date":"2025-04-21T10:07:20","date_gmt":"2025-04-21T10:07:20","guid":{"rendered":"https:\/\/vapingnet.de\/?post_type=product&#038;p=6489"},"modified":"2025-06-19T03:42:48","modified_gmt":"2025-06-19T03:42:48","slug":"elf-shisha-16000-cherry-raspberry-begeistert-weltweit-durch-top-qualitaet","status":"publish","type":"product","link":"https:\/\/vapingnet.de\/sk\/vape\/elf-shisha-16000-cherry-raspberry-begeistert-weltweit-durch-top-qualitaet\/","title":{"rendered":"ELF SHISHA 16000 Cherry Raspberry Nadch\u00fdna Svet svojou \u0161pi\u010dkovou kvalitou"},"content":{"rendered":"<h2 data-start=\"0\" data-end=\"59\" data-immersive-translate-walked=\"bf0ad913-41b0-41e7-8146-a0e6ff545b83\">ELF SHISHA 16000: Perfektn\u00e9 pre dlh\u0161ie vapovanie<\/h2>\n<p class=\"\" data-start=\"61\" data-end=\"463\" data-immersive-translate-walked=\"bf0ad913-41b0-41e7-8146-a0e6ff545b83\" data-immersive-translate-paragraph=\"1\">ELF SHISHA 16000 je vynikaj\u00faca jednorazov\u00e1 e-cigareta, ktor\u00e1 svojou vysokou kapacitou a v\u0161estrann\u00fdmi funkciami spln\u00ed po\u017eiadavky mnoh\u00fdch vapovac\u00edch nad\u0161encov. S v\u00fdnimo\u010dn\u00fdm po\u010dtom \u0165ahov a praktick\u00fdm dizajnom stanovuje tento model nov\u00e9 \u0161tandardy v oblasti jednorazov\u00fdch e cigariet. Po\u010fme bli\u017e\u0161ie presk\u00fama\u0165 hlavn\u00e9 vlastnosti a v\u00fdhody ELF SHISHA 16000.<\/p>\n<h3>Technick\u00e9 \u0161pecifik\u00e1cie ELF SHISHA 16000<\/h3>\n<ul data-start=\"522\" data-end=\"784\" data-immersive-translate-walked=\"bf0ad913-41b0-41e7-8146-a0e6ff545b83\">\n<li class=\"\" data-start=\"522\" data-end=\"546\" data-immersive-translate-walked=\"bf0ad913-41b0-41e7-8146-a0e6ff545b83\">\n<p class=\"\" data-start=\"524\" data-end=\"546\" data-immersive-translate-walked=\"bf0ad913-41b0-41e7-8146-a0e6ff545b83\" data-immersive-translate-paragraph=\"1\">Po\u010det \u0165ahov: 16 000 \u0165ahov<\/p>\n<\/li>\n<li class=\"\" data-start=\"547\" data-end=\"578\" data-immersive-translate-walked=\"bf0ad913-41b0-41e7-8146-a0e6ff545b83\">\n<p class=\"\" data-start=\"549\" data-end=\"578\" data-immersive-translate-walked=\"bf0ad913-41b0-41e7-8146-a0e6ff545b83\" data-immersive-translate-paragraph=\"1\">Cievka: Mesh cievka (0,6 Ohm)<\/p>\n<\/li>\n<li class=\"\" data-start=\"579\" data-end=\"610\" data-immersive-translate-walked=\"bf0ad913-41b0-41e7-8146-a0e6ff545b83\">\n<p class=\"\" data-start=\"581\" data-end=\"610\" data-immersive-translate-walked=\"bf0ad913-41b0-41e7-8146-a0e6ff545b83\" data-immersive-translate-paragraph=\"1\">Kapacita e-liquidu: 28 ml<\/p>\n<\/li>\n<li class=\"\" data-start=\"611\" data-end=\"648\" data-immersive-translate-walked=\"bf0ad913-41b0-41e7-8146-a0e6ff545b83\">\n<p class=\"\" data-start=\"613\" data-end=\"648\" data-immersive-translate-walked=\"bf0ad913-41b0-41e7-8146-a0e6ff545b83\" data-immersive-translate-paragraph=\"1\">Mo\u017enosti nikot\u00ednu: 0%, 2%, 3%, 5%<\/p>\n<\/li>\n<li class=\"\" data-start=\"649\" data-end=\"697\" data-immersive-translate-walked=\"bf0ad913-41b0-41e7-8146-a0e6ff545b83\">\n<p class=\"\" data-start=\"651\" data-end=\"697\" data-immersive-translate-walked=\"bf0ad913-41b0-41e7-8146-a0e6ff545b83\" data-immersive-translate-paragraph=\"1\">Bat\u00e9ria: 600 mAh (dob\u00edjate\u013en\u00e1 cez Type-C)<\/p>\n<\/li>\n<li class=\"\" data-start=\"698\" data-end=\"717\" data-immersive-translate-walked=\"bf0ad913-41b0-41e7-8146-a0e6ff545b83\">\n<p class=\"\" data-start=\"700\" data-end=\"717\" data-immersive-translate-walked=\"bf0ad913-41b0-41e7-8146-a0e6ff545b83\" data-immersive-translate-paragraph=\"1\">Hmotnos\u0165: 85 g<\/p>\n<\/li>\n<li class=\"\" data-start=\"718\" data-end=\"784\" data-immersive-translate-walked=\"bf0ad913-41b0-41e7-8146-a0e6ff545b83\">\n<p class=\"\" data-start=\"720\" data-end=\"784\" data-immersive-translate-walked=\"bf0ad913-41b0-41e7-8146-a0e6ff545b83\" data-immersive-translate-paragraph=\"1\">\u0160peci\u00e1lne funkcie: Nastavite\u013en\u00e1 cirkul\u00e1cia vzduchu, LED displej<\/p>\n<\/li>\n<\/ul>\n<h4 data-start=\"786\" data-end=\"828\" data-immersive-translate-walked=\"bf0ad913-41b0-41e7-8146-a0e6ff545b83\">Dlh\u00e1 \u017eivotnos\u0165 s 16 000 \u0165ahmi<\/h4>\n<p class=\"\" data-start=\"830\" data-end=\"1223\" data-immersive-translate-walked=\"bf0ad913-41b0-41e7-8146-a0e6ff545b83\" data-immersive-translate-paragraph=\"1\">S 16 000 \u0165ahmi ELF SHISHA 16000 pon\u00faka neuverite\u013ene dlh\u00fa \u017eivotnos\u0165, ktor\u00e1 v\u00fdrazne prevy\u0161uje \u0161tandardn\u00e9 modely. To znamen\u00e1 menej dop\u013a\u0148ania a viac vapovania na dlh\u00e9 obdobia \u2013 ide\u00e1lne pre vapovac\u00edch nad\u0161encov, ktor\u00ed h\u013eadaj\u00fa udr\u017eate\u013en\u00e9 rie\u0161enie. V\u010faka ve\u013ekorysej kapacite 28 ml e-liquidu m\u00f4\u017eete ELF SHISHA 16000 intenz\u00edvne vyu\u017e\u00edva\u0165 bez neust\u00e1leho dop\u013a\u0148ania.<\/p>\n<h4 data-start=\"1225\" data-end=\"1265\" data-immersive-translate-walked=\"bf0ad913-41b0-41e7-8146-a0e6ff545b83\">Mesh cievka pre lep\u0161iu chu\u0165<\/h4>\n<p class=\"\" data-start=\"1267\" data-end=\"1622\" data-immersive-translate-walked=\"bf0ad913-41b0-41e7-8146-a0e6ff545b83\" data-immersive-translate-paragraph=\"1\">Technol\u00f3gia Mesh cievky zabezpe\u010duje rovnomern\u00e9 odparovanie e-liquidu a intenz\u00edvnej\u0161iu chu\u0165ov\u00fa silu. 0,6 Ohm Mesh cievka poskytuje optim\u00e1lnu produkciu pary, ktor\u00e1 zabezpe\u010duje pln\u00fa a pr\u00edjemn\u00fa vapovaciu sk\u00fasenos\u0165. Chu\u0165 \u010dere\u0161ne s malinou tak vynikaj\u00faco vynikne a ka\u017ed\u00e9 \u0165ahanie je ve\u013emi pr\u00edjemn\u00e9.<\/p>\n<h4 data-start=\"1624\" data-end=\"1658\" data-immersive-translate-walked=\"bf0ad913-41b0-41e7-8146-a0e6ff545b83\">R\u00f4zne \u00farovne nikot\u00ednu<\/h4>\n<p class=\"\" data-start=\"1660\" data-end=\"1997\" data-immersive-translate-walked=\"bf0ad913-41b0-41e7-8146-a0e6ff545b83\" data-immersive-translate-paragraph=\"1\">ELF SHISHA 16000 je dostupn\u00e1 vo \u0161tyroch r\u00f4znych \u00farovniach nikot\u00ednu: 0%, 2%, 3% a 5%. T\u00e1to vo\u013eba umo\u017e\u0148uje pou\u017e\u00edvate\u013eom vybra\u0165 si vhodn\u00fa \u00farove\u0148 nikot\u00ednu pod\u013ea ich osobn\u00e9ho vkusu a potreby. \u010ci u\u017e pre jemn\u00e9 pote\u0161enie bez nikot\u00ednu alebo siln\u00fd z\u00e1\u017eitok s 5% \u2013 ELF SHISHA 16000 pokr\u00fdva v\u0161etko.<\/p>\n<h4 data-start=\"1999\" data-end=\"2050\" data-immersive-translate-walked=\"bf0ad913-41b0-41e7-8146-a0e6ff545b83\">Dob\u00edjate\u013en\u00e1 bat\u00e9ria a pripojenie Type-C<\/h4>\n<p class=\"\" data-start=\"2052\" data-end=\"2395\" data-immersive-translate-walked=\"bf0ad913-41b0-41e7-8146-a0e6ff545b83\" data-immersive-translate-paragraph=\"1\">ELF SHISHA 16000 je poh\u00e1\u0148an\u00e1 bat\u00e9riou s kapacitou 600 mAh, ktor\u00e1 sa d\u00e1 dob\u00edja\u0165 cez pripojenie Type-C. T\u00e1to funkcia zabezpe\u010duje r\u00fdchle a jednoduch\u00e9 dob\u00edjanie zariadenia, ke\u010f sa bat\u00e9ria vybije. Bat\u00e9ria vydr\u017e\u00ed na dlh\u0161ie pou\u017e\u00edvanie, \u010do je v\u00fdhodn\u00e9 najm\u00e4 pre \u010dast\u00fdch vapovac\u00edch nad\u0161encov.<\/p>\n<h4 data-start=\"2397\" data-end=\"2459\" data-immersive-translate-walked=\"bf0ad913-41b0-41e7-8146-a0e6ff545b83\">Nastavite\u013en\u00e1 cirkul\u00e1cia vzduchu pre individu\u00e1lne vapovanie<\/h4>\n<p class=\"\" data-start=\"2461\" data-end=\"2775\" data-immersive-translate-walked=\"bf0ad913-41b0-41e7-8146-a0e6ff545b83\" data-immersive-translate-paragraph=\"1\">V\u010faka nastavite\u013enej cirkul\u00e1cii vzduchu si m\u00f4\u017eete prisp\u00f4sobi\u0165 vapovaciu sk\u00fasenos\u0165 pod\u013ea svojich predst\u00e1v. Zmenou pr\u00edvodu vzduchu m\u00f4\u017eete ovl\u00e1da\u0165 odpor a produkciu pary, \u010di u\u017e preferujete hust\u00e9 oblaky alebo \u013eah\u0161\u00ed \u0165ah. Tak m\u00e1te pln\u00fa kontrolu nad svoj\u00edm vapovac\u00edm z\u00e1\u017eitkom.<\/p>\n<h4 data-start=\"2777\" data-end=\"2823\" data-immersive-translate-walked=\"bf0ad913-41b0-41e7-8146-a0e6ff545b83\">LED displej pre pou\u017e\u00edvate\u013esk\u00fa pr\u00edvetivos\u0165<\/h4>\n<p class=\"\" data-start=\"2825\" data-end=\"3076\" data-immersive-translate-walked=\"bf0ad913-41b0-41e7-8146-a0e6ff545b83\" data-immersive-translate-paragraph=\"1\">LED displej zobrazuje stav bat\u00e9rie, tak\u017ee presne viete, kedy je \u010das zariadenie op\u00e4\u0165 nabi\u0165. To rob\u00ed ELF SHISHA 16000 ve\u013emi pou\u017e\u00edvate\u013esky pr\u00edvetiv\u00fdm, preto\u017ee sa nemus\u00edte ob\u00e1va\u0165, \u017ee bat\u00e9ria n\u00e1hle vypne.<\/p>\n<h4 data-start=\"3078\" data-end=\"3104\" data-immersive-translate-walked=\"bf0ad913-41b0-41e7-8146-a0e6ff545b83\">\u013dahk\u00e9 a prenosn\u00e9<\/h4>\n<p class=\"\" data-start=\"3106\" data-end=\"3407\" data-immersive-translate-walked=\"bf0ad913-41b0-41e7-8146-a0e6ff545b83\" data-immersive-translate-paragraph=\"1\">S hmotnos\u0165ou iba 85 g je ELF SHISHA 16000 mimoriadne \u013eahk\u00e1 a \u013eahko prenosn\u00e1. Bez probl\u00e9mov sa zmest\u00ed do ka\u017edej ta\u0161ky a je tak ide\u00e1lna na mobiln\u00e9 pou\u017eitie. Vychutnajte si svoj vapovanie doma alebo na cest\u00e1ch bez starost\u00ed o v\u00e1hu.<\/p>\n<h4 data-start=\"3409\" data-end=\"3462\" data-immersive-translate-walked=\"bf0ad913-41b0-41e7-8146-a0e6ff545b83\">R\u00fdchle dodanie z eur\u00f3pskeho skladu<\/h4>\n<p class=\"\" data-start=\"3464\" data-end=\"3767\" data-immersive-translate-walked=\"bf0ad913-41b0-41e7-8146-a0e6ff545b83\" data-immersive-translate-paragraph=\"1\">Ve\u013ekou v\u00fdhodou ELF SHISHA 16000 je r\u00fdchle dodanie z eur\u00f3pskeho skladu. Doru\u010denie prebieha do 7-15 pracovn\u00fdch dn\u00ed a je bez cla. Tak\u017ee dostanete svoju objedn\u00e1vku r\u00fdchlo a bez dodato\u010dn\u00fdch n\u00e1kladov \u2013 neocenite\u013en\u00e1 v\u00fdhoda pre eur\u00f3pskych vapovac\u00edch nad\u0161encov.<\/p>\n<h4 data-start=\"3769\" data-end=\"3814\" data-immersive-translate-walked=\"bf0ad913-41b0-41e7-8146-a0e6ff545b83\">V\u0161estrann\u00fd z\u00e1\u017eitok z vapovania<\/h4>\n<p class=\"\" data-start=\"3816\" data-end=\"4295\" data-immersive-translate-walked=\"bf0ad913-41b0-41e7-8146-a0e6ff545b83\" data-immersive-translate-paragraph=\"1\">ELF SHISHA 16000 je vynikaj\u00facou vo\u013ebou pre vapovac\u00edch nad\u0161encov, ktor\u00ed h\u013eadaj\u00fa trv\u00e1cny a intenz\u00edvny z\u00e1\u017eitok. S p\u00f4sobivou kapacitou 16 000 \u0165ahov, kvalitnou mesh cievkou, nastavite\u013enou cirkul\u00e1ciou vzduchu a dob\u00edjate\u013enou bat\u00e9riou pon\u00faka v\u0161etko, \u010do rob\u00ed vapovanie pr\u00edjemn\u00fdm. R\u00f4zne \u00farovne nikot\u00ednu a jednoduch\u00e9 ovl\u00e1danie robia z ELF SHISHA 16000 ide\u00e1lneho spolo\u010dn\u00edka pre vapovac\u00edch nad\u0161encov na akejko\u013evek \u00farovni.<\/p>\n<p class=\"\" data-start=\"4297\" data-end=\"4407\" data-immersive-translate-walked=\"bf0ad913-41b0-41e7-8146-a0e6ff545b83\" data-immersive-translate-paragraph=\"1\">Objednajte si teraz ELF SHISHA 16000 na vapingnet.de a za\u017eite jedine\u010dn\u00fd z\u00e1\u017eitok z vapovania!<\/p>","protected":false},"excerpt":{"rendered":"<p>Elf Shisha 16000: Ide\u00e1lna pre dlh\u0161ie vapovacie seansy. Elf Shisha 16000 je v\u00fdnimo\u010dn\u00e1 jednorazov\u00e1 e-cigareta, ktor\u00e1 v\u010faka svojej vysokej kapacite a rozli\u010dn\u00fdm funkci\u00e1m zabezpe\u010duje...<\/p>","protected":false},"featured_media":6465,"template":"","meta":[],"etheme_brands":[],"product_brand":[100],"product_cat":[91,49,61],"product_tag":[],"class_list":{"0":"post-6489","1":"product","2":"type-product","3":"status-publish","4":"has-post-thumbnail","6":"product_brand-elf-box-vape","7":"product_cat-16k-vape","8":"product_cat-einweg-e-zigarette","9":"product_cat-f","11":"first","12":"instock","13":"shipping-taxable","14":"purchasable","15":"product-type-simple"},"yoast_head":"<!-- This site is optimized with the Yoast SEO plugin v26.5 - https:\/\/yoast.com\/wordpress\/plugins\/seo\/ -->\n<title>ELF SHISHA 16000 Cherry Raspberry Begeistert Weltweit Durch Top Qualit\u00e4t | Vapingnet.de<\/title>\n<meta name=\"description\" content=\"Entdecke ELF SHISHA 16000 Cherry Raspberry Begeistert Weltweit Durch Top Qualit\u00e4t bei vapingnet.de, \u25ba Gro\u00dfe Auswahl an Geschmacksrichtungen &amp; super g\u00fcnstig!\" \/>\n<meta name=\"robots\" content=\"index, follow, max-snippet:-1, max-image-preview:large, max-video-preview:-1\" \/>\n<link rel=\"canonical\" href=\"https:\/\/vapingnet.de\/sk\/vape\/elf-shisha-16000-cherry-raspberry-begeistert-weltweit-durch-top-qualitaet\/\" \/>\n<meta property=\"og:locale\" content=\"sk_SK\" \/>\n<meta property=\"og:type\" content=\"article\" \/>\n<meta property=\"og:title\" content=\"ELF SHISHA 16000 Cherry Raspberry Begeistert Weltweit Durch Top Qualit\u00e4t | Vapingnet.de\" \/>\n<meta property=\"og:description\" content=\"Entdecke ELF SHISHA 16000 Cherry Raspberry Begeistert Weltweit Durch Top Qualit\u00e4t bei vapingnet.de, \u25ba Gro\u00dfe Auswahl an Geschmacksrichtungen &amp; super g\u00fcnstig!\" \/>\n<meta property=\"og:url\" content=\"https:\/\/vapingnet.de\/sk\/vape\/elf-shisha-16000-cherry-raspberry-begeistert-weltweit-durch-top-qualitaet\/\" \/>\n<meta property=\"og:site_name\" content=\"Vapingnet.de\" \/>\n<meta property=\"article:publisher\" content=\"https:\/\/www.facebook.com\/vapingnetde\/\" \/>\n<meta property=\"article:modified_time\" content=\"2025-06-19T03:42:48+00:00\" \/>\n<meta property=\"og:image\" content=\"https:\/\/vapingnet.de\/wp-content\/uploads\/2025\/04\/Cherry-Raspberry.webp\" \/>\n\t<meta property=\"og:image:width\" content=\"1000\" \/>\n\t<meta property=\"og:image:height\" content=\"1000\" \/>\n\t<meta property=\"og:image:type\" content=\"image\/webp\" \/>\n<meta name=\"twitter:card\" content=\"summary_large_image\" \/>\n<meta name=\"twitter:label1\" content=\"Est. reading time\" \/>\n\t<meta name=\"twitter:data1\" content=\"4 minutes\" \/>\n<script type=\"application\/ld+json\" class=\"yoast-schema-graph\">{\"@context\":\"https:\/\/schema.org\",\"@graph\":[{\"@type\":\"WebPage\",\"@id\":\"https:\/\/vapingnet.de\/vape\/elf-shisha-16000-cherry-raspberry-begeistert-weltweit-durch-top-qualitaet\/\",\"url\":\"https:\/\/vapingnet.de\/vape\/elf-shisha-16000-cherry-raspberry-begeistert-weltweit-durch-top-qualitaet\/\",\"name\":\"ELF SHISHA 16000 Cherry Raspberry Begeistert Weltweit Durch Top Qualit\u00e4t | Vapingnet.de\",\"isPartOf\":{\"@id\":\"https:\/\/vapingnet.de\/#website\"},\"primaryImageOfPage\":{\"@id\":\"https:\/\/vapingnet.de\/vape\/elf-shisha-16000-cherry-raspberry-begeistert-weltweit-durch-top-qualitaet\/#primaryimage\"},\"image\":{\"@id\":\"https:\/\/vapingnet.de\/vape\/elf-shisha-16000-cherry-raspberry-begeistert-weltweit-durch-top-qualitaet\/#primaryimage\"},\"thumbnailUrl\":\"https:\/\/vapingnet.de\/wp-content\/uploads\/2025\/04\/Cherry-Raspberry.webp\",\"datePublished\":\"2025-04-21T10:07:20+00:00\",\"dateModified\":\"2025-06-19T03:42:48+00:00\",\"description\":\"Entdecke ELF SHISHA 16000 Cherry Raspberry Begeistert Weltweit Durch Top Qualit\u00e4t bei vapingnet.de, \u25ba Gro\u00dfe Auswahl an Geschmacksrichtungen & super g\u00fcnstig!\",\"breadcrumb\":{\"@id\":\"https:\/\/vapingnet.de\/vape\/elf-shisha-16000-cherry-raspberry-begeistert-weltweit-durch-top-qualitaet\/#breadcrumb\"},\"inLanguage\":\"sk-SK\",\"potentialAction\":[{\"@type\":\"ReadAction\",\"target\":[\"https:\/\/vapingnet.de\/vape\/elf-shisha-16000-cherry-raspberry-begeistert-weltweit-durch-top-qualitaet\/\"]}]},{\"@type\":\"ImageObject\",\"inLanguage\":\"sk-SK\",\"@id\":\"https:\/\/vapingnet.de\/vape\/elf-shisha-16000-cherry-raspberry-begeistert-weltweit-durch-top-qualitaet\/#primaryimage\",\"url\":\"https:\/\/vapingnet.de\/wp-content\/uploads\/2025\/04\/Cherry-Raspberry.webp\",\"contentUrl\":\"https:\/\/vapingnet.de\/wp-content\/uploads\/2025\/04\/Cherry-Raspberry.webp\",\"width\":1000,\"height\":1000},{\"@type\":\"BreadcrumbList\",\"@id\":\"https:\/\/vapingnet.de\/vape\/elf-shisha-16000-cherry-raspberry-begeistert-weltweit-durch-top-qualitaet\/#breadcrumb\",\"itemListElement\":[{\"@type\":\"ListItem\",\"position\":1,\"name\":\"Home\",\"item\":\"https:\/\/vapingnet.de\/\"},{\"@type\":\"ListItem\",\"position\":2,\"name\":\"Shop\",\"item\":\"https:\/\/vapingnet.de\/vape\/\"},{\"@type\":\"ListItem\",\"position\":3,\"name\":\"ELF SHISHA 16000 Cherry Raspberry Begeistert Weltweit Durch Top Qualit\u00e4t\"}]},{\"@type\":\"WebSite\",\"@id\":\"https:\/\/vapingnet.de\/#website\",\"url\":\"https:\/\/vapingnet.de\/\",\"name\":\"Vapingnet.de\",\"description\":\"\",\"publisher\":{\"@id\":\"https:\/\/vapingnet.de\/#organization\"},\"potentialAction\":[{\"@type\":\"SearchAction\",\"target\":{\"@type\":\"EntryPoint\",\"urlTemplate\":\"https:\/\/vapingnet.de\/?s={search_term_string}\"},\"query-input\":{\"@type\":\"PropertyValueSpecification\",\"valueRequired\":true,\"valueName\":\"search_term_string\"}}],\"inLanguage\":\"sk-SK\"},{\"@type\":\"Organization\",\"@id\":\"https:\/\/vapingnet.de\/#organization\",\"name\":\"Vapingnet.de\",\"url\":\"https:\/\/vapingnet.de\/\",\"logo\":{\"@type\":\"ImageObject\",\"inLanguage\":\"sk-SK\",\"@id\":\"https:\/\/vapingnet.de\/#\/schema\/logo\/image\/\",\"url\":\"https:\/\/vapingnet.de\/wp-content\/uploads\/2025\/03\/cropped-vapingnet.de_.jpg\",\"contentUrl\":\"https:\/\/vapingnet.de\/wp-content\/uploads\/2025\/03\/cropped-vapingnet.de_.jpg\",\"width\":512,\"height\":512,\"caption\":\"Vapingnet.de\"},\"image\":{\"@id\":\"https:\/\/vapingnet.de\/#\/schema\/logo\/image\/\"},\"sameAs\":[\"https:\/\/www.facebook.com\/vapingnetde\/\"]}]}<\/script>\n<!-- \/ Yoast SEO plugin. -->","yoast_head_json":{"title":"ELF SHISHA 16000 Cherry Raspberry Begeistert Weltweit Durch Top Qualit\u00e4t | Vapingnet.de","description":"Entdecke ELF SHISHA 16000 Cherry Raspberry Begeistert Weltweit Durch Top Qualit\u00e4t bei vapingnet.de, \u25ba Gro\u00dfe Auswahl an Geschmacksrichtungen & super g\u00fcnstig!","robots":{"index":"index","follow":"follow","max-snippet":"max-snippet:-1","max-image-preview":"max-image-preview:large","max-video-preview":"max-video-preview:-1"},"canonical":"https:\/\/vapingnet.de\/sk\/vape\/elf-shisha-16000-cherry-raspberry-begeistert-weltweit-durch-top-qualitaet\/","og_locale":"sk_SK","og_type":"article","og_title":"ELF SHISHA 16000 Cherry Raspberry Begeistert Weltweit Durch Top Qualit\u00e4t | Vapingnet.de","og_description":"Entdecke ELF SHISHA 16000 Cherry Raspberry Begeistert Weltweit Durch Top Qualit\u00e4t bei vapingnet.de, \u25ba Gro\u00dfe Auswahl an Geschmacksrichtungen & super g\u00fcnstig!","og_url":"https:\/\/vapingnet.de\/sk\/vape\/elf-shisha-16000-cherry-raspberry-begeistert-weltweit-durch-top-qualitaet\/","og_site_name":"Vapingnet.de","article_publisher":"https:\/\/www.facebook.com\/vapingnetde\/","article_modified_time":"2025-06-19T03:42:48+00:00","og_image":[{"width":1000,"height":1000,"url":"https:\/\/vapingnet.de\/wp-content\/uploads\/2025\/04\/Cherry-Raspberry.webp","type":"image\/webp"}],"twitter_card":"summary_large_image","twitter_misc":{"Est. reading time":"4 minutes"},"schema":{"@context":"https:\/\/schema.org","@graph":[{"@type":"WebPage","@id":"https:\/\/vapingnet.de\/vape\/elf-shisha-16000-cherry-raspberry-begeistert-weltweit-durch-top-qualitaet\/","url":"https:\/\/vapingnet.de\/vape\/elf-shisha-16000-cherry-raspberry-begeistert-weltweit-durch-top-qualitaet\/","name":"ELF SHISHA 16000 Cherry Raspberry Begeistert Weltweit Durch Top Qualit\u00e4t | Vapingnet.de","isPartOf":{"@id":"https:\/\/vapingnet.de\/#website"},"primaryImageOfPage":{"@id":"https:\/\/vapingnet.de\/vape\/elf-shisha-16000-cherry-raspberry-begeistert-weltweit-durch-top-qualitaet\/#primaryimage"},"image":{"@id":"https:\/\/vapingnet.de\/vape\/elf-shisha-16000-cherry-raspberry-begeistert-weltweit-durch-top-qualitaet\/#primaryimage"},"thumbnailUrl":"https:\/\/vapingnet.de\/wp-content\/uploads\/2025\/04\/Cherry-Raspberry.webp","datePublished":"2025-04-21T10:07:20+00:00","dateModified":"2025-06-19T03:42:48+00:00","description":"Entdecke ELF SHISHA 16000 Cherry Raspberry Begeistert Weltweit Durch Top Qualit\u00e4t bei vapingnet.de, \u25ba Gro\u00dfe Auswahl an Geschmacksrichtungen & super g\u00fcnstig!","breadcrumb":{"@id":"https:\/\/vapingnet.de\/vape\/elf-shisha-16000-cherry-raspberry-begeistert-weltweit-durch-top-qualitaet\/#breadcrumb"},"inLanguage":"sk-SK","potentialAction":[{"@type":"ReadAction","target":["https:\/\/vapingnet.de\/vape\/elf-shisha-16000-cherry-raspberry-begeistert-weltweit-durch-top-qualitaet\/"]}]},{"@type":"ImageObject","inLanguage":"sk-SK","@id":"https:\/\/vapingnet.de\/vape\/elf-shisha-16000-cherry-raspberry-begeistert-weltweit-durch-top-qualitaet\/#primaryimage","url":"https:\/\/vapingnet.de\/wp-content\/uploads\/2025\/04\/Cherry-Raspberry.webp","contentUrl":"https:\/\/vapingnet.de\/wp-content\/uploads\/2025\/04\/Cherry-Raspberry.webp","width":1000,"height":1000},{"@type":"BreadcrumbList","@id":"https:\/\/vapingnet.de\/vape\/elf-shisha-16000-cherry-raspberry-begeistert-weltweit-durch-top-qualitaet\/#breadcrumb","itemListElement":[{"@type":"ListItem","position":1,"name":"Home","item":"https:\/\/vapingnet.de\/"},{"@type":"ListItem","position":2,"name":"Shop","item":"https:\/\/vapingnet.de\/vape\/"},{"@type":"ListItem","position":3,"name":"ELF SHISHA 16000 Cherry Raspberry Begeistert Weltweit Durch Top Qualit\u00e4t"}]},{"@type":"WebSite","@id":"https:\/\/vapingnet.de\/#website","url":"https:\/\/vapingnet.de\/","name":"Vapingnet.de","description":"","publisher":{"@id":"https:\/\/vapingnet.de\/#organization"},"potentialAction":[{"@type":"SearchAction","target":{"@type":"EntryPoint","urlTemplate":"https:\/\/vapingnet.de\/?s={search_term_string}"},"query-input":{"@type":"PropertyValueSpecification","valueRequired":true,"valueName":"search_term_string"}}],"inLanguage":"sk-SK"},{"@type":"Organization","@id":"https:\/\/vapingnet.de\/#organization","name":"Vapingnet.de","url":"https:\/\/vapingnet.de\/","logo":{"@type":"ImageObject","inLanguage":"sk-SK","@id":"https:\/\/vapingnet.de\/#\/schema\/logo\/image\/","url":"https:\/\/vapingnet.de\/wp-content\/uploads\/2025\/03\/cropped-vapingnet.de_.jpg","contentUrl":"https:\/\/vapingnet.de\/wp-content\/uploads\/2025\/03\/cropped-vapingnet.de_.jpg","width":512,"height":512,"caption":"Vapingnet.de"},"image":{"@id":"https:\/\/vapingnet.de\/#\/schema\/logo\/image\/"},"sameAs":["https:\/\/www.facebook.com\/vapingnetde\/"]}]}},"tiered_pricing_type":"fixed","tiered_pricing_fixed_rules":{"10":"9.41","60":"8.47","110":"7.53","200":"6.59"},"tiered_pricing_product_settings":{"layout":"default","base_unit_name":{"singular":null,"plural":null},"default_variation":null},"tiered_pricing_minimum_quantity":null,"tiered_pricing_roles_data":[],"tiered_pricing_percentage_rules":[],"_links":{"self":[{"href":"https:\/\/vapingnet.de\/sk\/wp-json\/wp\/v2\/product\/6489","targetHints":{"allow":["GET"]}}],"collection":[{"href":"https:\/\/vapingnet.de\/sk\/wp-json\/wp\/v2\/product"}],"about":[{"href":"https:\/\/vapingnet.de\/sk\/wp-json\/wp\/v2\/types\/product"}],"version-history":[{"count":1,"href":"https:\/\/vapingnet.de\/sk\/wp-json\/wp\/v2\/product\/6489\/revisions"}],"predecessor-version":[{"id":6490,"href":"https:\/\/vapingnet.de\/sk\/wp-json\/wp\/v2\/product\/6489\/revisions\/6490"}],"wp:featuredmedia":[{"embeddable":true,"href":"https:\/\/vapingnet.de\/sk\/wp-json\/wp\/v2\/media\/6465"}],"wp:attachment":[{"href":"https:\/\/vapingnet.de\/sk\/wp-json\/wp\/v2\/media?parent=6489"}],"wp:term":[{"taxonomy":"brand","embeddable":true,"href":"https:\/\/vapingnet.de\/sk\/wp-json\/wp\/v2\/etheme_brands?post=6489"},{"taxonomy":"product_brand","embeddable":true,"href":"https:\/\/vapingnet.de\/sk\/wp-json\/wp\/v2\/product_brand?post=6489"},{"taxonomy":"product_cat","embeddable":true,"href":"https:\/\/vapingnet.de\/sk\/wp-json\/wp\/v2\/product_cat?post=6489"},{"taxonomy":"product_tag","embeddable":true,"href":"https:\/\/vapingnet.de\/sk\/wp-json\/wp\/v2\/product_tag?post=6489"}],"curies":[{"name":"wp","href":"https:\/\/api.w.org\/{rel}","templated":true}]}}