{"id":6559,"date":"2025-04-27T07:33:00","date_gmt":"2025-04-27T07:33:00","guid":{"rendered":"https:\/\/vapingnet.de\/?post_type=product&#038;p=6559"},"modified":"2025-06-19T03:39:26","modified_gmt":"2025-06-19T03:39:26","slug":"geniesse-watermelon-ice-in-20000-puffs-bang-tick-tock-liefert-hoechste","status":"publish","type":"product","link":"https:\/\/vapingnet.de\/sk\/vape\/geniesse-watermelon-ice-in-20000-puffs-bang-tick-tock-liefert-hoechste\/","title":{"rendered":"U\u017eite si Watermelon Ice v 20000 potiahnutiach Bang Tick Tock dod\u00e1va najvy\u0161\u0161iu kvalitu"},"content":{"rendered":"<h2 data-start=\"0\" data-end=\"87\" data-immersive-translate-walked=\"4d7cd596-ff97-49d7-b04f-d4ba56134b21\">Bang Tick Tock 20000 Puffs: Poh\u013ead na inovat\u00edvny model jednorazov\u00fdch e-cigariet<\/h2>\n<p class=\"\" data-start=\"89\" data-end=\"462\" data-immersive-translate-walked=\"4d7cd596-ff97-49d7-b04f-d4ba56134b21\" data-immersive-translate-paragraph=\"1\">Vo svete jednorazov\u00fdch e-cigariet neust\u00e1le prich\u00e1dzaj\u00fa nov\u00e9 modely s inovat\u00edvnymi funkciami a vylep\u0161en\u00fdm v\u00fdkonom. V\u00fdnimo\u010dn\u00fdm pr\u00edkladom je Bang Tick Tock 20000 Puffs. T\u00e1to e-cigareta pon\u00faka mimoriadny z\u00e1\u017eitok z parenia a p\u00f4sobiv\u00e9 \u0161pecifik\u00e1cie, ktor\u00e9 oslovia ako za\u010diato\u010dn\u00edkov, tak sk\u00fasen\u00fdch vapera.<\/p>\n<ul>\n<li data-start=\"464\" data-end=\"490\" data-immersive-translate-walked=\"4d7cd596-ff97-49d7-b04f-d4ba56134b21\">V\u00fdkon a kapacita\n<p>Jednorazov\u00e1 e-cigareta Bang Tick Tock presvied\u010da impozantn\u00fdm po\u010dtom potiahnut\u00ed a\u017e do 20 000, \u010do z nej rob\u00ed jeden z najdlh\u0161ie vydr\u017eaj\u00facich modelov na trhu. S kapacitou e-liquidu 25 ml a bat\u00e9riou 500 mAh poskytuje dostatok energie na dlh\u00e9 vapovanie. Mesh cievka s odporom 1.0 Ohm zabezpe\u010duje rovnomern\u00e9 a intenz\u00edvne odparovanie tekutiny, \u010do vedie k mimoriadne chutn\u00e9mu a uspokojiv\u00e9mu z\u00e1\u017eitku z vapovania.<\/li>\n<li data-start=\"1032\" data-end=\"1066\" data-immersive-translate-walked=\"4d7cd596-ff97-49d7-b04f-d4ba56134b21\">V\u0161estrann\u00e9 mo\u017enosti vapovania\n<p>\u0160peci\u00e1lnou vlastnos\u0165ou Bang Tick Tock e-cigarety je dynamick\u00fd displej, ktor\u00fd vizu\u00e1lne reaguje na pou\u017e\u00edvanie. Pri vapovan\u00ed v dynamickom re\u017eime sa ot\u00e1\u010daj\u00fa ozuben\u00e9 koles\u00e1, \u010d\u00edm sa vytv\u00e1ra jedine\u010dn\u00fd vizu\u00e1lny z\u00e1\u017eitok. Alternat\u00edvne m\u00f4\u017ee by\u0165 aktivovan\u00fd tich\u00fd re\u017eim, pri ktorom sa ozuben\u00e9 koles\u00e1 zastavia, ak sa urobia tri r\u00fdchle potiahnutia po\u010das dvoch sek\u00fand. T\u00e1to prisp\u00f4sobivos\u0165 zabezpe\u010duje personalizovan\u00fd z\u00e1\u017eitok z vapovania, ktor\u00fd vyhovuje individu\u00e1lnym preferenci\u00e1m.<\/li>\n<li data-start=\"1576\" data-end=\"1613\" data-immersive-translate-walked=\"4d7cd596-ff97-49d7-b04f-d4ba56134b21\">Vo\u013eba medzi dvoma \u00farov\u0148ami nikot\u00ednu\n<p>Bang Tick Tock 20000 Puffs je dostupn\u00e1 v r\u00f4znych \u00farovniach nikot\u00ednu: 0%, 2%, 3% a 5%. T\u00e1to rozmanitos\u0165 umo\u017e\u0148uje pou\u017e\u00edvate\u013eom vybra\u0165 si ide\u00e1lne mno\u017estvo nikot\u00ednu, \u010di u\u017e chc\u00fa \u00faplne presta\u0165 s nikot\u00ednom, alebo preferuj\u00fa vy\u0161\u0161iu d\u00e1vku.<\/li>\n<li data-start=\"1909\" data-end=\"1932\" data-immersive-translate-walked=\"4d7cd596-ff97-49d7-b04f-d4ba56134b21\">Chute a ar\u00f3my\n<p>Model je dostupn\u00fd v r\u00f4znych pr\u00edchutiach, pri\u010dom osvie\u017eaj\u00faca pr\u00edchu\u0165 \u201eWatermelon Ice\u201c je obzvl\u00e1\u0161\u0165 v\u00fdrazn\u00e1. S mixom sladkej vodnej mel\u00f3nu a chladiv\u00e9ho mentolu pon\u00faka t\u00e1to pr\u00edchu\u0165 osvie\u017euj\u00faci z\u00e1\u017eitok, ktor\u00fd je vhodn\u00fd pre v\u0161etky ro\u010dn\u00e9 obdobia. Chu\u0165 zost\u00e1va v\u010faka technol\u00f3gii Mesh cievky v\u017edy intenz\u00edvna a pr\u00edjemn\u00e1.<\/li>\n<li data-start=\"2311\" data-end=\"2361\" data-immersive-translate-walked=\"4d7cd596-ff97-49d7-b04f-d4ba56134b21\">Modern\u00e9 nab\u00edjacie porty a jednoduch\u00e9 pou\u017e\u00edvanie\n<p>Bang Tick Tock e-cigareta je vybaven\u00e1 modern\u00fdm nab\u00edjac\u00edm portom typu C, ktor\u00fd zabezpe\u010duje r\u00fdchlej\u0161ie a efekt\u00edvnej\u0161ie nab\u00edjanie. Ke\u010f\u017ee je e-cigareta aktivovan\u00e1 \u0165ahom, nie je potrebn\u00e1 \u017eiadna \u010fal\u0161ia tla\u010didlo na vapovanie \u2013 sta\u010d\u00ed jednoduch\u00fd \u0165ah na aktiv\u00e1ciu zariadenia.<\/li>\n<li data-start=\"2665\" data-end=\"2702\" data-immersive-translate-walked=\"4d7cd596-ff97-49d7-b04f-d4ba56134b21\">Praktick\u00e9 dodanie a v\u00fdhody\n<p>\u010eal\u0161ou v\u00fdhodou Bang Tick Tock e-cigarety je r\u00fdchle doru\u010denie, ktor\u00e9 zvy\u010dajne trv\u00e1 medzi 7-15 pracovn\u00fdmi d\u0148ami. Okrem toho z\u00e1kazn\u00edci profituj\u00fa z toho, \u017ee pri objedn\u00e1vke cez vapingnet.de neplatia \u017eiadne cl\u00e1. To rob\u00ed n\u00e1kup nielen pohodln\u00fdm, ale aj cenovo v\u00fdhodn\u00fdm.<\/li>\n<\/ul>\n<h3 data-start=\"3024\" data-end=\"3033\" data-immersive-translate-walked=\"4d7cd596-ff97-49d7-b04f-d4ba56134b21\">Jedine\u010dn\u00fd z\u00e1\u017eitok z vapovania s Bang Tick Tock 20000 Puffs<\/h3>\n<p class=\"\" data-start=\"3035\" data-end=\"3358\" data-immersive-translate-walked=\"4d7cd596-ff97-49d7-b04f-d4ba56134b21\" data-immersive-translate-paragraph=\"1\">Bang Tick Tock 20000 Puffs pon\u00faka dokonal\u00fa kombin\u00e1ciu dlhej \u017eivotnosti, inovat\u00edvnych funkci\u00ed a v\u0161estrann\u00fdch mo\u017enost\u00ed vapovania. \u010ci u\u017e na ka\u017edodenn\u00e9 pou\u017eitie alebo na \u0161peci\u00e1lne chv\u00edle, tento model vynik\u00e1 svojimi jedine\u010dn\u00fdmi vlastnos\u0165ami a zabezpe\u010duje nezabudnute\u013en\u00fd z\u00e1\u017eitok z vapovania.<\/p>","protected":false},"excerpt":{"rendered":"<p>Bang Tick Tock 20000 Puffs: Poh\u013ead na inovat\u00edvny model jednorazov\u00fdch e-cigariet Vo svete jednorazov\u00fdch e-cigariet neust\u00e1le prib\u00fadaj\u00fa nov\u00e9 modely, ktor\u00e9...<\/p>","protected":false},"featured_media":6574,"template":"","meta":[],"etheme_brands":[],"product_brand":[101],"product_cat":[54,49,61],"product_tag":[],"class_list":{"0":"post-6559","1":"product","2":"type-product","3":"status-publish","4":"has-post-thumbnail","6":"product_brand-bang-king-vape","7":"product_cat-vape-20000-zuege","8":"product_cat-einweg-e-zigarette","9":"product_cat-f","11":"first","12":"instock","13":"shipping-taxable","14":"purchasable","15":"product-type-simple"},"yoast_head":"<!-- This site is optimized with the Yoast SEO plugin v26.5 - https:\/\/yoast.com\/wordpress\/plugins\/seo\/ -->\n<title>Genie\u00dfe Watermelon Ice In 20000 Puffs Bang Tick Tock Liefert H\u00f6chste | Vapingnet.de<\/title>\n<meta name=\"description\" content=\"Entdecke Genie\u00dfe Watermelon Ice In 20000 Puffs Bang Tick Tock Liefert H\u00f6chste bei vapingnet.de, \u25ba Gro\u00dfe Auswahl an Geschmacksrichtungen &amp; super g\u00fcnstig!\" \/>\n<meta name=\"robots\" content=\"index, follow, max-snippet:-1, max-image-preview:large, max-video-preview:-1\" \/>\n<link rel=\"canonical\" href=\"https:\/\/vapingnet.de\/sk\/vape\/geniesse-watermelon-ice-in-20000-puffs-bang-tick-tock-liefert-hoechste\/\" \/>\n<meta property=\"og:locale\" content=\"sk_SK\" \/>\n<meta property=\"og:type\" content=\"article\" \/>\n<meta property=\"og:title\" content=\"Genie\u00dfe Watermelon Ice In 20000 Puffs Bang Tick Tock Liefert H\u00f6chste | Vapingnet.de\" \/>\n<meta property=\"og:description\" content=\"Entdecke Genie\u00dfe Watermelon Ice In 20000 Puffs Bang Tick Tock Liefert H\u00f6chste bei vapingnet.de, \u25ba Gro\u00dfe Auswahl an Geschmacksrichtungen &amp; super g\u00fcnstig!\" \/>\n<meta property=\"og:url\" content=\"https:\/\/vapingnet.de\/sk\/vape\/geniesse-watermelon-ice-in-20000-puffs-bang-tick-tock-liefert-hoechste\/\" \/>\n<meta property=\"og:site_name\" content=\"Vapingnet.de\" \/>\n<meta property=\"article:publisher\" content=\"https:\/\/www.facebook.com\/vapingnetde\/\" \/>\n<meta property=\"article:modified_time\" content=\"2025-06-19T03:39:26+00:00\" \/>\n<meta property=\"og:image\" content=\"https:\/\/vapingnet.de\/wp-content\/uploads\/2025\/04\/Watermelon-Ice-2.webp\" \/>\n\t<meta property=\"og:image:width\" content=\"1000\" \/>\n\t<meta property=\"og:image:height\" content=\"1000\" \/>\n\t<meta property=\"og:image:type\" content=\"image\/webp\" \/>\n<meta name=\"twitter:card\" content=\"summary_large_image\" \/>\n<meta name=\"twitter:label1\" content=\"Est. reading time\" \/>\n\t<meta name=\"twitter:data1\" content=\"3 minutes\" \/>\n<script type=\"application\/ld+json\" class=\"yoast-schema-graph\">{\"@context\":\"https:\/\/schema.org\",\"@graph\":[{\"@type\":\"WebPage\",\"@id\":\"https:\/\/vapingnet.de\/vape\/geniesse-watermelon-ice-in-20000-puffs-bang-tick-tock-liefert-hoechste\/\",\"url\":\"https:\/\/vapingnet.de\/vape\/geniesse-watermelon-ice-in-20000-puffs-bang-tick-tock-liefert-hoechste\/\",\"name\":\"Genie\u00dfe Watermelon Ice In 20000 Puffs Bang Tick Tock Liefert H\u00f6chste | Vapingnet.de\",\"isPartOf\":{\"@id\":\"https:\/\/vapingnet.de\/#website\"},\"primaryImageOfPage\":{\"@id\":\"https:\/\/vapingnet.de\/vape\/geniesse-watermelon-ice-in-20000-puffs-bang-tick-tock-liefert-hoechste\/#primaryimage\"},\"image\":{\"@id\":\"https:\/\/vapingnet.de\/vape\/geniesse-watermelon-ice-in-20000-puffs-bang-tick-tock-liefert-hoechste\/#primaryimage\"},\"thumbnailUrl\":\"https:\/\/vapingnet.de\/wp-content\/uploads\/2025\/04\/Watermelon-Ice-2.webp\",\"datePublished\":\"2025-04-27T07:33:00+00:00\",\"dateModified\":\"2025-06-19T03:39:26+00:00\",\"description\":\"Entdecke Genie\u00dfe Watermelon Ice In 20000 Puffs Bang Tick Tock Liefert H\u00f6chste bei vapingnet.de, \u25ba Gro\u00dfe Auswahl an Geschmacksrichtungen & super g\u00fcnstig!\",\"breadcrumb\":{\"@id\":\"https:\/\/vapingnet.de\/vape\/geniesse-watermelon-ice-in-20000-puffs-bang-tick-tock-liefert-hoechste\/#breadcrumb\"},\"inLanguage\":\"sk-SK\",\"potentialAction\":[{\"@type\":\"ReadAction\",\"target\":[\"https:\/\/vapingnet.de\/vape\/geniesse-watermelon-ice-in-20000-puffs-bang-tick-tock-liefert-hoechste\/\"]}]},{\"@type\":\"ImageObject\",\"inLanguage\":\"sk-SK\",\"@id\":\"https:\/\/vapingnet.de\/vape\/geniesse-watermelon-ice-in-20000-puffs-bang-tick-tock-liefert-hoechste\/#primaryimage\",\"url\":\"https:\/\/vapingnet.de\/wp-content\/uploads\/2025\/04\/Watermelon-Ice-2.webp\",\"contentUrl\":\"https:\/\/vapingnet.de\/wp-content\/uploads\/2025\/04\/Watermelon-Ice-2.webp\",\"width\":1000,\"height\":1000},{\"@type\":\"BreadcrumbList\",\"@id\":\"https:\/\/vapingnet.de\/vape\/geniesse-watermelon-ice-in-20000-puffs-bang-tick-tock-liefert-hoechste\/#breadcrumb\",\"itemListElement\":[{\"@type\":\"ListItem\",\"position\":1,\"name\":\"Home\",\"item\":\"https:\/\/vapingnet.de\/\"},{\"@type\":\"ListItem\",\"position\":2,\"name\":\"Shop\",\"item\":\"https:\/\/vapingnet.de\/vape\/\"},{\"@type\":\"ListItem\",\"position\":3,\"name\":\"Genie\u00dfe Watermelon Ice In 20000 Puffs Bang Tick Tock Liefert H\u00f6chste\"}]},{\"@type\":\"WebSite\",\"@id\":\"https:\/\/vapingnet.de\/#website\",\"url\":\"https:\/\/vapingnet.de\/\",\"name\":\"Vapingnet.de\",\"description\":\"\",\"publisher\":{\"@id\":\"https:\/\/vapingnet.de\/#organization\"},\"potentialAction\":[{\"@type\":\"SearchAction\",\"target\":{\"@type\":\"EntryPoint\",\"urlTemplate\":\"https:\/\/vapingnet.de\/?s={search_term_string}\"},\"query-input\":{\"@type\":\"PropertyValueSpecification\",\"valueRequired\":true,\"valueName\":\"search_term_string\"}}],\"inLanguage\":\"sk-SK\"},{\"@type\":\"Organization\",\"@id\":\"https:\/\/vapingnet.de\/#organization\",\"name\":\"Vapingnet.de\",\"url\":\"https:\/\/vapingnet.de\/\",\"logo\":{\"@type\":\"ImageObject\",\"inLanguage\":\"sk-SK\",\"@id\":\"https:\/\/vapingnet.de\/#\/schema\/logo\/image\/\",\"url\":\"https:\/\/vapingnet.de\/wp-content\/uploads\/2025\/03\/cropped-vapingnet.de_.jpg\",\"contentUrl\":\"https:\/\/vapingnet.de\/wp-content\/uploads\/2025\/03\/cropped-vapingnet.de_.jpg\",\"width\":512,\"height\":512,\"caption\":\"Vapingnet.de\"},\"image\":{\"@id\":\"https:\/\/vapingnet.de\/#\/schema\/logo\/image\/\"},\"sameAs\":[\"https:\/\/www.facebook.com\/vapingnetde\/\"]}]}<\/script>\n<!-- \/ Yoast SEO plugin. -->","yoast_head_json":{"title":"Genie\u00dfe Watermelon Ice In 20000 Puffs Bang Tick Tock Liefert H\u00f6chste | Vapingnet.de","description":"Entdecke Genie\u00dfe Watermelon Ice In 20000 Puffs Bang Tick Tock Liefert H\u00f6chste bei vapingnet.de, \u25ba Gro\u00dfe Auswahl an Geschmacksrichtungen & super g\u00fcnstig!","robots":{"index":"index","follow":"follow","max-snippet":"max-snippet:-1","max-image-preview":"max-image-preview:large","max-video-preview":"max-video-preview:-1"},"canonical":"https:\/\/vapingnet.de\/sk\/vape\/geniesse-watermelon-ice-in-20000-puffs-bang-tick-tock-liefert-hoechste\/","og_locale":"sk_SK","og_type":"article","og_title":"Genie\u00dfe Watermelon Ice In 20000 Puffs Bang Tick Tock Liefert H\u00f6chste | Vapingnet.de","og_description":"Entdecke Genie\u00dfe Watermelon Ice In 20000 Puffs Bang Tick Tock Liefert H\u00f6chste bei vapingnet.de, \u25ba Gro\u00dfe Auswahl an Geschmacksrichtungen & super g\u00fcnstig!","og_url":"https:\/\/vapingnet.de\/sk\/vape\/geniesse-watermelon-ice-in-20000-puffs-bang-tick-tock-liefert-hoechste\/","og_site_name":"Vapingnet.de","article_publisher":"https:\/\/www.facebook.com\/vapingnetde\/","article_modified_time":"2025-06-19T03:39:26+00:00","og_image":[{"width":1000,"height":1000,"url":"https:\/\/vapingnet.de\/wp-content\/uploads\/2025\/04\/Watermelon-Ice-2.webp","type":"image\/webp"}],"twitter_card":"summary_large_image","twitter_misc":{"Est. reading time":"3 minutes"},"schema":{"@context":"https:\/\/schema.org","@graph":[{"@type":"WebPage","@id":"https:\/\/vapingnet.de\/vape\/geniesse-watermelon-ice-in-20000-puffs-bang-tick-tock-liefert-hoechste\/","url":"https:\/\/vapingnet.de\/vape\/geniesse-watermelon-ice-in-20000-puffs-bang-tick-tock-liefert-hoechste\/","name":"Genie\u00dfe Watermelon Ice In 20000 Puffs Bang Tick Tock Liefert H\u00f6chste | Vapingnet.de","isPartOf":{"@id":"https:\/\/vapingnet.de\/#website"},"primaryImageOfPage":{"@id":"https:\/\/vapingnet.de\/vape\/geniesse-watermelon-ice-in-20000-puffs-bang-tick-tock-liefert-hoechste\/#primaryimage"},"image":{"@id":"https:\/\/vapingnet.de\/vape\/geniesse-watermelon-ice-in-20000-puffs-bang-tick-tock-liefert-hoechste\/#primaryimage"},"thumbnailUrl":"https:\/\/vapingnet.de\/wp-content\/uploads\/2025\/04\/Watermelon-Ice-2.webp","datePublished":"2025-04-27T07:33:00+00:00","dateModified":"2025-06-19T03:39:26+00:00","description":"Entdecke Genie\u00dfe Watermelon Ice In 20000 Puffs Bang Tick Tock Liefert H\u00f6chste bei vapingnet.de, \u25ba Gro\u00dfe Auswahl an Geschmacksrichtungen & super g\u00fcnstig!","breadcrumb":{"@id":"https:\/\/vapingnet.de\/vape\/geniesse-watermelon-ice-in-20000-puffs-bang-tick-tock-liefert-hoechste\/#breadcrumb"},"inLanguage":"sk-SK","potentialAction":[{"@type":"ReadAction","target":["https:\/\/vapingnet.de\/vape\/geniesse-watermelon-ice-in-20000-puffs-bang-tick-tock-liefert-hoechste\/"]}]},{"@type":"ImageObject","inLanguage":"sk-SK","@id":"https:\/\/vapingnet.de\/vape\/geniesse-watermelon-ice-in-20000-puffs-bang-tick-tock-liefert-hoechste\/#primaryimage","url":"https:\/\/vapingnet.de\/wp-content\/uploads\/2025\/04\/Watermelon-Ice-2.webp","contentUrl":"https:\/\/vapingnet.de\/wp-content\/uploads\/2025\/04\/Watermelon-Ice-2.webp","width":1000,"height":1000},{"@type":"BreadcrumbList","@id":"https:\/\/vapingnet.de\/vape\/geniesse-watermelon-ice-in-20000-puffs-bang-tick-tock-liefert-hoechste\/#breadcrumb","itemListElement":[{"@type":"ListItem","position":1,"name":"Home","item":"https:\/\/vapingnet.de\/"},{"@type":"ListItem","position":2,"name":"Shop","item":"https:\/\/vapingnet.de\/vape\/"},{"@type":"ListItem","position":3,"name":"Genie\u00dfe Watermelon Ice In 20000 Puffs Bang Tick Tock Liefert H\u00f6chste"}]},{"@type":"WebSite","@id":"https:\/\/vapingnet.de\/#website","url":"https:\/\/vapingnet.de\/","name":"Vapingnet.de","description":"","publisher":{"@id":"https:\/\/vapingnet.de\/#organization"},"potentialAction":[{"@type":"SearchAction","target":{"@type":"EntryPoint","urlTemplate":"https:\/\/vapingnet.de\/?s={search_term_string}"},"query-input":{"@type":"PropertyValueSpecification","valueRequired":true,"valueName":"search_term_string"}}],"inLanguage":"sk-SK"},{"@type":"Organization","@id":"https:\/\/vapingnet.de\/#organization","name":"Vapingnet.de","url":"https:\/\/vapingnet.de\/","logo":{"@type":"ImageObject","inLanguage":"sk-SK","@id":"https:\/\/vapingnet.de\/#\/schema\/logo\/image\/","url":"https:\/\/vapingnet.de\/wp-content\/uploads\/2025\/03\/cropped-vapingnet.de_.jpg","contentUrl":"https:\/\/vapingnet.de\/wp-content\/uploads\/2025\/03\/cropped-vapingnet.de_.jpg","width":512,"height":512,"caption":"Vapingnet.de"},"image":{"@id":"https:\/\/vapingnet.de\/#\/schema\/logo\/image\/"},"sameAs":["https:\/\/www.facebook.com\/vapingnetde\/"]}]}},"tiered_pricing_type":"fixed","tiered_pricing_fixed_rules":{"10":"10.44","60":"9.4","110":"8.35","200":"7.31"},"tiered_pricing_product_settings":{"layout":"default","base_unit_name":{"singular":null,"plural":null},"default_variation":null},"tiered_pricing_minimum_quantity":null,"tiered_pricing_roles_data":[],"tiered_pricing_percentage_rules":[],"_links":{"self":[{"href":"https:\/\/vapingnet.de\/sk\/wp-json\/wp\/v2\/product\/6559","targetHints":{"allow":["GET"]}}],"collection":[{"href":"https:\/\/vapingnet.de\/sk\/wp-json\/wp\/v2\/product"}],"about":[{"href":"https:\/\/vapingnet.de\/sk\/wp-json\/wp\/v2\/types\/product"}],"version-history":[{"count":1,"href":"https:\/\/vapingnet.de\/sk\/wp-json\/wp\/v2\/product\/6559\/revisions"}],"predecessor-version":[{"id":6577,"href":"https:\/\/vapingnet.de\/sk\/wp-json\/wp\/v2\/product\/6559\/revisions\/6577"}],"wp:featuredmedia":[{"embeddable":true,"href":"https:\/\/vapingnet.de\/sk\/wp-json\/wp\/v2\/media\/6574"}],"wp:attachment":[{"href":"https:\/\/vapingnet.de\/sk\/wp-json\/wp\/v2\/media?parent=6559"}],"wp:term":[{"taxonomy":"brand","embeddable":true,"href":"https:\/\/vapingnet.de\/sk\/wp-json\/wp\/v2\/etheme_brands?post=6559"},{"taxonomy":"product_brand","embeddable":true,"href":"https:\/\/vapingnet.de\/sk\/wp-json\/wp\/v2\/product_brand?post=6559"},{"taxonomy":"product_cat","embeddable":true,"href":"https:\/\/vapingnet.de\/sk\/wp-json\/wp\/v2\/product_cat?post=6559"},{"taxonomy":"product_tag","embeddable":true,"href":"https:\/\/vapingnet.de\/sk\/wp-json\/wp\/v2\/product_tag?post=6559"}],"curies":[{"name":"wp","href":"https:\/\/api.w.org\/{rel}","templated":true}]}}