{"id":6561,"date":"2025-04-27T07:33:07","date_gmt":"2025-04-27T07:33:07","guid":{"rendered":"https:\/\/vapingnet.de\/?post_type=product&#038;p=6561"},"modified":"2025-06-19T03:39:25","modified_gmt":"2025-06-19T03:39:25","slug":"hol-dir-den-bestseller-bang-tick-tock-20000-puffs-strawberry-watermelon-top-qualitaet","status":"publish","type":"product","link":"https:\/\/vapingnet.de\/sk\/vape\/hol-dir-den-bestseller-bang-tick-tock-20000-puffs-strawberry-watermelon-top-qualitaet\/","title":{"rendered":"Z\u00edskajte bestseller Bang Tick Tock 20000 Puffs Strawberry Watermelon v najvy\u0161\u0161ej kvalite"},"content":{"rendered":"<h2 data-start=\"0\" data-end=\"63\">Bang Tick Tock 20000 Puffs: Za\u017eite bud\u00facnos\u0165 vapovania<\/h2>\n<p class=\"\" data-start=\"65\" data-end=\"427\">Bang Tick Tock 20000 Puffs je ove\u013ea viac ne\u017e len be\u017en\u00e1 jednorazov\u00e1 e-cigareta. Sp\u00e1ja pokro\u010dil\u00fa technol\u00f3giu, dlhodob\u00fd z\u00e1\u017eitok z parenia a jedine\u010dn\u00fd dizajn, ktor\u00fd zabezpe\u010duje \u00faplne nov\u00fd z\u00e1\u017eitok z vapovania. Ak h\u013ead\u00e1te spo\u013eahliv\u00e9 a chutn\u00e9 zariadenie, Bang Tick Tock je ide\u00e1lnou vo\u013ebou.<\/p>\n<h3>Hlavn\u00e9 vlastnosti a body zv\u00fdraznenia<\/h3>\n<ul data-start=\"466\" data-end=\"674\">\n<li class=\"\" data-start=\"466\" data-end=\"496\">\n<p class=\"\" data-start=\"468\" data-end=\"496\">Kapacita e-liquidu: 25ml<\/p>\n<\/li>\n<li class=\"\" data-start=\"497\" data-end=\"534\">\n<p class=\"\" data-start=\"499\" data-end=\"534\">Mo\u017enosti nikot\u00ednu: 0%, 2%, 3%, 5%<\/p>\n<\/li>\n<li class=\"\" data-start=\"535\" data-end=\"564\">\n<p class=\"\" data-start=\"537\" data-end=\"564\">Cievka: Mesh cievka 1.0 Ohm<\/p>\n<\/li>\n<li class=\"\" data-start=\"565\" data-end=\"618\">\n<p class=\"\" data-start=\"567\" data-end=\"618\">Bat\u00e9ria: 500 mAh, zabezpe\u010duje a\u017e 20 000 potiahnut\u00ed<\/p>\n<\/li>\n<li class=\"\" data-start=\"619\" data-end=\"647\">\n<p class=\"\" data-start=\"621\" data-end=\"647\">Hmotnos\u0165: 91g na kus<\/p>\n<\/li>\n<li class=\"\" data-start=\"648\" data-end=\"674\">\n<p class=\"\" data-start=\"650\" data-end=\"674\">Nab\u00edjac\u00ed port: Typ-C<\/p>\n<\/li>\n<\/ul>\n<h4 data-start=\"676\" data-end=\"720\">Dva jedine\u010dn\u00e9 mo\u017enosti vapovania<\/h4>\n<p class=\"\" data-start=\"722\" data-end=\"843\">V\u00fdnimo\u010dnou vlastnos\u0165ou Bang Tick Tock 20000 Puffs je vo\u013eba medzi Dynamic Mode a Silent Mode:<\/p>\n<ol data-start=\"845\" data-end=\"1283\">\n<li class=\"\" data-start=\"845\" data-end=\"1022\">\n<p class=\"\" data-start=\"848\" data-end=\"1022\">Dynamic Mode: Pri ka\u017edom potiahnut\u00ed sa vizu\u00e1lne ot\u00e1\u010da ozuben\u00e9 koleso. To prid\u00e1va \u0161peci\u00e1lnu dynamiku a rob\u00ed z\u00e1\u017eitok e\u0161te z\u00e1bavnej\u0161\u00edm.<\/p>\n<\/li>\n<li class=\"\" data-start=\"1027\" data-end=\"1283\">\n<p class=\"\" data-start=\"1030\" data-end=\"1283\">Silent Mode: Pre t\u00fdch, ktor\u00ed preferuj\u00fa tich\u00e9 a nen\u00e1padn\u00e9 vapovanie, je mo\u017en\u00e9 deaktivova\u0165 Dynamic Mode tromi r\u00fdchlymi potiahnutiami do dvoch sek\u00fand. T\u00fdm si u\u017eijete \u00faplne diskr\u00e9tne vapovanie bez vizu\u00e1lnych ru\u0161en\u00ed.<\/p>\n<\/li>\n<\/ol>\n<h4 data-start=\"1285\" data-end=\"1340\">Ovocn\u00e9 a osvie\u017euj\u00face: Jahodov\u00e1 Mel\u00f3n<\/h4>\n<p class=\"\" data-start=\"1342\" data-end=\"1659\">S pr\u00edchu\u0165ou Jahodov\u00e1 Mel\u00f3n sp\u00e1ja sladkos\u0165 s \u010derstvos\u0165ou. Kombin\u00e1cia \u0161\u0165avnat\u00fdch jah\u00f4d a osvie\u017euj\u00faceho mel\u00f3nu zabezpe\u010duje ovocn\u00fa chu\u0165, ktor\u00e1 zost\u00e1va pr\u00edjemn\u00e1 cel\u00fd de\u0148. T\u00e1to pr\u00edchu\u0165 je obzvl\u00e1\u0161\u0165 vhodn\u00e1 pre vapovanie milovn\u00edkov ovocn\u00fdch a \u017eiv\u00fdch ar\u00f3m.<\/p>\n<h4 data-start=\"1661\" data-end=\"1706\">Pou\u017e\u00edvate\u013esk\u00e1 pr\u00edvetivos\u0165 a obsluha<\/h4>\n<p class=\"\" data-start=\"1708\" data-end=\"1946\">Bang Tick Tock bola vyvinut\u00e1 s technol\u00f3giou aktivovanou \u0165ahom, ktor\u00e1 zvy\u0161uje komfort vapovania. Sta\u010d\u00ed \u0165aha\u0165 z e-cigarety, aby ste za\u010dali vapova\u0165 \u2013 nie s\u00fa potrebn\u00e9 \u017eiadne tla\u010didl\u00e1 ani nastavenia.<\/p>\n<p class=\"\" data-start=\"1948\" data-end=\"2113\">Okrem toho je konektor typu C cennou funkciou, ktor\u00e1 umo\u017e\u0148uje r\u00fdchle a efekt\u00edvne nab\u00edjanie. Bang Tick Tock je tak v\u017edy pripraven\u00e1, ke\u010f ju potrebujete.<\/p>\n<h4 data-start=\"2115\" data-end=\"2142\">Pre\u010do vapingnet.de?<\/h4>\n<p class=\"\" data-start=\"2144\" data-end=\"2366\">Objedn\u00e1vka cez vapingnet.de m\u00e1 nielen v\u00fdhodu r\u00fdchleho dodania do 7-15 pracovn\u00fdch dn\u00ed, ale aj \u010fal\u0161iu v\u00fdhodu bezcolnej dod\u00e1vky, \u010do rob\u00ed cenu e\u0161te atrakt\u00edvnej\u0161ou.<\/p>\n<h4 data-start=\"2368\" data-end=\"2422\">Zhrnutie Bang Tick Tock 20000 Puffs<\/h4>\n<p class=\"\" data-start=\"2424\" data-end=\"2856\">S Bang Tick Tock 20000 Puffs z\u00edskate v\u0161estrann\u00e9 a odoln\u00e9 zariadenie, ktor\u00e9 v oblasti v\u00fdkonu a dizajnu nerob\u00ed kompromisy. \u010cerstv\u00e1 chu\u0165 Jahodov\u00e1 Mel\u00f3n v kombin\u00e1cii s praktick\u00fdmi funkciami ako Dynamic Mode a Silent Mode rob\u00ed z tejto jednorazovej e-cigarety vynikaj\u00facu vo\u013ebu pre v\u0161etk\u00fdch vapovac\u00edch nad\u0161encov, ktor\u00ed klad\u00fa d\u00f4raz na kvalitu, inov\u00e1cie a pou\u017e\u00edvate\u013esk\u00fa priate\u013eskos\u0165.<\/p>","protected":false},"excerpt":{"rendered":"<p>Bang Tick Tock 20000 Puffs: Za\u017eite bud\u00facnos\u0165 vapovania Bang Tick Tock 20000 Puffs je ove\u013ea viac ne\u017e oby\u010dajn\u00e1 jednorazov\u00e1 e-cigareta. T\u00e1to...<\/p>","protected":false},"featured_media":6573,"template":"","meta":[],"etheme_brands":[],"product_brand":[101],"product_cat":[54,49,61],"product_tag":[],"class_list":{"0":"post-6561","1":"product","2":"type-product","3":"status-publish","4":"has-post-thumbnail","6":"product_brand-bang-king-vape","7":"product_cat-vape-20000-zuege","8":"product_cat-einweg-e-zigarette","9":"product_cat-f","11":"first","12":"instock","13":"shipping-taxable","14":"purchasable","15":"product-type-simple"},"yoast_head":"<!-- This site is optimized with the Yoast SEO plugin v26.5 - https:\/\/yoast.com\/wordpress\/plugins\/seo\/ -->\n<title>Hol Dir Den Bestseller Bang Tick Tock 20000 Puffs Strawberry Watermelon Top Qualit\u00e4t | Vapingnet.de<\/title>\n<meta name=\"description\" content=\"Entdecke Hol Dir Den Bestseller Bang Tick Tock 20000 Puffs Strawberry Watermelon Top Qualit\u00e4t bei vapingnet.de, \u25ba Gro\u00dfe Auswahl an Geschmacksrichtungen &amp; super g\u00fcnstig!\" \/>\n<meta name=\"robots\" content=\"index, follow, max-snippet:-1, max-image-preview:large, max-video-preview:-1\" \/>\n<link rel=\"canonical\" href=\"https:\/\/vapingnet.de\/sk\/vape\/hol-dir-den-bestseller-bang-tick-tock-20000-puffs-strawberry-watermelon-top-qualitaet\/\" \/>\n<meta property=\"og:locale\" content=\"sk_SK\" \/>\n<meta property=\"og:type\" content=\"article\" \/>\n<meta property=\"og:title\" content=\"Hol Dir Den Bestseller Bang Tick Tock 20000 Puffs Strawberry Watermelon Top Qualit\u00e4t | Vapingnet.de\" \/>\n<meta property=\"og:description\" content=\"Entdecke Hol Dir Den Bestseller Bang Tick Tock 20000 Puffs Strawberry Watermelon Top Qualit\u00e4t bei vapingnet.de, \u25ba Gro\u00dfe Auswahl an Geschmacksrichtungen &amp; super g\u00fcnstig!\" \/>\n<meta property=\"og:url\" content=\"https:\/\/vapingnet.de\/sk\/vape\/hol-dir-den-bestseller-bang-tick-tock-20000-puffs-strawberry-watermelon-top-qualitaet\/\" \/>\n<meta property=\"og:site_name\" content=\"Vapingnet.de\" \/>\n<meta property=\"article:publisher\" content=\"https:\/\/www.facebook.com\/vapingnetde\/\" \/>\n<meta property=\"article:modified_time\" content=\"2025-06-19T03:39:25+00:00\" \/>\n<meta property=\"og:image\" content=\"https:\/\/vapingnet.de\/wp-content\/uploads\/2025\/04\/Strawberry-Watermelon-4.webp\" \/>\n\t<meta property=\"og:image:width\" content=\"1000\" \/>\n\t<meta property=\"og:image:height\" content=\"1000\" \/>\n\t<meta property=\"og:image:type\" content=\"image\/webp\" \/>\n<meta name=\"twitter:card\" content=\"summary_large_image\" \/>\n<meta name=\"twitter:label1\" content=\"Est. reading time\" \/>\n\t<meta name=\"twitter:data1\" content=\"3 minutes\" \/>\n<script type=\"application\/ld+json\" class=\"yoast-schema-graph\">{\"@context\":\"https:\/\/schema.org\",\"@graph\":[{\"@type\":\"WebPage\",\"@id\":\"https:\/\/vapingnet.de\/vape\/hol-dir-den-bestseller-bang-tick-tock-20000-puffs-strawberry-watermelon-top-qualitaet\/\",\"url\":\"https:\/\/vapingnet.de\/vape\/hol-dir-den-bestseller-bang-tick-tock-20000-puffs-strawberry-watermelon-top-qualitaet\/\",\"name\":\"Hol Dir Den Bestseller Bang Tick Tock 20000 Puffs Strawberry Watermelon Top Qualit\u00e4t | Vapingnet.de\",\"isPartOf\":{\"@id\":\"https:\/\/vapingnet.de\/#website\"},\"primaryImageOfPage\":{\"@id\":\"https:\/\/vapingnet.de\/vape\/hol-dir-den-bestseller-bang-tick-tock-20000-puffs-strawberry-watermelon-top-qualitaet\/#primaryimage\"},\"image\":{\"@id\":\"https:\/\/vapingnet.de\/vape\/hol-dir-den-bestseller-bang-tick-tock-20000-puffs-strawberry-watermelon-top-qualitaet\/#primaryimage\"},\"thumbnailUrl\":\"https:\/\/vapingnet.de\/wp-content\/uploads\/2025\/04\/Strawberry-Watermelon-4.webp\",\"datePublished\":\"2025-04-27T07:33:07+00:00\",\"dateModified\":\"2025-06-19T03:39:25+00:00\",\"description\":\"Entdecke Hol Dir Den Bestseller Bang Tick Tock 20000 Puffs Strawberry Watermelon Top Qualit\u00e4t bei vapingnet.de, \u25ba Gro\u00dfe Auswahl an Geschmacksrichtungen & super g\u00fcnstig!\",\"breadcrumb\":{\"@id\":\"https:\/\/vapingnet.de\/vape\/hol-dir-den-bestseller-bang-tick-tock-20000-puffs-strawberry-watermelon-top-qualitaet\/#breadcrumb\"},\"inLanguage\":\"sk-SK\",\"potentialAction\":[{\"@type\":\"ReadAction\",\"target\":[\"https:\/\/vapingnet.de\/vape\/hol-dir-den-bestseller-bang-tick-tock-20000-puffs-strawberry-watermelon-top-qualitaet\/\"]}]},{\"@type\":\"ImageObject\",\"inLanguage\":\"sk-SK\",\"@id\":\"https:\/\/vapingnet.de\/vape\/hol-dir-den-bestseller-bang-tick-tock-20000-puffs-strawberry-watermelon-top-qualitaet\/#primaryimage\",\"url\":\"https:\/\/vapingnet.de\/wp-content\/uploads\/2025\/04\/Strawberry-Watermelon-4.webp\",\"contentUrl\":\"https:\/\/vapingnet.de\/wp-content\/uploads\/2025\/04\/Strawberry-Watermelon-4.webp\",\"width\":1000,\"height\":1000},{\"@type\":\"BreadcrumbList\",\"@id\":\"https:\/\/vapingnet.de\/vape\/hol-dir-den-bestseller-bang-tick-tock-20000-puffs-strawberry-watermelon-top-qualitaet\/#breadcrumb\",\"itemListElement\":[{\"@type\":\"ListItem\",\"position\":1,\"name\":\"Home\",\"item\":\"https:\/\/vapingnet.de\/\"},{\"@type\":\"ListItem\",\"position\":2,\"name\":\"Shop\",\"item\":\"https:\/\/vapingnet.de\/vape\/\"},{\"@type\":\"ListItem\",\"position\":3,\"name\":\"Hol Dir Den Bestseller Bang Tick Tock 20000 Puffs Strawberry Watermelon Top Qualit\u00e4t\"}]},{\"@type\":\"WebSite\",\"@id\":\"https:\/\/vapingnet.de\/#website\",\"url\":\"https:\/\/vapingnet.de\/\",\"name\":\"Vapingnet.de\",\"description\":\"\",\"publisher\":{\"@id\":\"https:\/\/vapingnet.de\/#organization\"},\"potentialAction\":[{\"@type\":\"SearchAction\",\"target\":{\"@type\":\"EntryPoint\",\"urlTemplate\":\"https:\/\/vapingnet.de\/?s={search_term_string}\"},\"query-input\":{\"@type\":\"PropertyValueSpecification\",\"valueRequired\":true,\"valueName\":\"search_term_string\"}}],\"inLanguage\":\"sk-SK\"},{\"@type\":\"Organization\",\"@id\":\"https:\/\/vapingnet.de\/#organization\",\"name\":\"Vapingnet.de\",\"url\":\"https:\/\/vapingnet.de\/\",\"logo\":{\"@type\":\"ImageObject\",\"inLanguage\":\"sk-SK\",\"@id\":\"https:\/\/vapingnet.de\/#\/schema\/logo\/image\/\",\"url\":\"https:\/\/vapingnet.de\/wp-content\/uploads\/2025\/03\/cropped-vapingnet.de_.jpg\",\"contentUrl\":\"https:\/\/vapingnet.de\/wp-content\/uploads\/2025\/03\/cropped-vapingnet.de_.jpg\",\"width\":512,\"height\":512,\"caption\":\"Vapingnet.de\"},\"image\":{\"@id\":\"https:\/\/vapingnet.de\/#\/schema\/logo\/image\/\"},\"sameAs\":[\"https:\/\/www.facebook.com\/vapingnetde\/\"]}]}<\/script>\n<!-- \/ Yoast SEO plugin. -->","yoast_head_json":{"title":"Hol Dir Den Bestseller Bang Tick Tock 20000 Puffs Strawberry Watermelon Top Qualit\u00e4t | Vapingnet.de","description":"Entdecke Hol Dir Den Bestseller Bang Tick Tock 20000 Puffs Strawberry Watermelon Top Qualit\u00e4t bei vapingnet.de, \u25ba Gro\u00dfe Auswahl an Geschmacksrichtungen & super g\u00fcnstig!","robots":{"index":"index","follow":"follow","max-snippet":"max-snippet:-1","max-image-preview":"max-image-preview:large","max-video-preview":"max-video-preview:-1"},"canonical":"https:\/\/vapingnet.de\/sk\/vape\/hol-dir-den-bestseller-bang-tick-tock-20000-puffs-strawberry-watermelon-top-qualitaet\/","og_locale":"sk_SK","og_type":"article","og_title":"Hol Dir Den Bestseller Bang Tick Tock 20000 Puffs Strawberry Watermelon Top Qualit\u00e4t | Vapingnet.de","og_description":"Entdecke Hol Dir Den Bestseller Bang Tick Tock 20000 Puffs Strawberry Watermelon Top Qualit\u00e4t bei vapingnet.de, \u25ba Gro\u00dfe Auswahl an Geschmacksrichtungen & super g\u00fcnstig!","og_url":"https:\/\/vapingnet.de\/sk\/vape\/hol-dir-den-bestseller-bang-tick-tock-20000-puffs-strawberry-watermelon-top-qualitaet\/","og_site_name":"Vapingnet.de","article_publisher":"https:\/\/www.facebook.com\/vapingnetde\/","article_modified_time":"2025-06-19T03:39:25+00:00","og_image":[{"width":1000,"height":1000,"url":"https:\/\/vapingnet.de\/wp-content\/uploads\/2025\/04\/Strawberry-Watermelon-4.webp","type":"image\/webp"}],"twitter_card":"summary_large_image","twitter_misc":{"Est. reading time":"3 minutes"},"schema":{"@context":"https:\/\/schema.org","@graph":[{"@type":"WebPage","@id":"https:\/\/vapingnet.de\/vape\/hol-dir-den-bestseller-bang-tick-tock-20000-puffs-strawberry-watermelon-top-qualitaet\/","url":"https:\/\/vapingnet.de\/vape\/hol-dir-den-bestseller-bang-tick-tock-20000-puffs-strawberry-watermelon-top-qualitaet\/","name":"Hol Dir Den Bestseller Bang Tick Tock 20000 Puffs Strawberry Watermelon Top Qualit\u00e4t | Vapingnet.de","isPartOf":{"@id":"https:\/\/vapingnet.de\/#website"},"primaryImageOfPage":{"@id":"https:\/\/vapingnet.de\/vape\/hol-dir-den-bestseller-bang-tick-tock-20000-puffs-strawberry-watermelon-top-qualitaet\/#primaryimage"},"image":{"@id":"https:\/\/vapingnet.de\/vape\/hol-dir-den-bestseller-bang-tick-tock-20000-puffs-strawberry-watermelon-top-qualitaet\/#primaryimage"},"thumbnailUrl":"https:\/\/vapingnet.de\/wp-content\/uploads\/2025\/04\/Strawberry-Watermelon-4.webp","datePublished":"2025-04-27T07:33:07+00:00","dateModified":"2025-06-19T03:39:25+00:00","description":"Entdecke Hol Dir Den Bestseller Bang Tick Tock 20000 Puffs Strawberry Watermelon Top Qualit\u00e4t bei vapingnet.de, \u25ba Gro\u00dfe Auswahl an Geschmacksrichtungen & super g\u00fcnstig!","breadcrumb":{"@id":"https:\/\/vapingnet.de\/vape\/hol-dir-den-bestseller-bang-tick-tock-20000-puffs-strawberry-watermelon-top-qualitaet\/#breadcrumb"},"inLanguage":"sk-SK","potentialAction":[{"@type":"ReadAction","target":["https:\/\/vapingnet.de\/vape\/hol-dir-den-bestseller-bang-tick-tock-20000-puffs-strawberry-watermelon-top-qualitaet\/"]}]},{"@type":"ImageObject","inLanguage":"sk-SK","@id":"https:\/\/vapingnet.de\/vape\/hol-dir-den-bestseller-bang-tick-tock-20000-puffs-strawberry-watermelon-top-qualitaet\/#primaryimage","url":"https:\/\/vapingnet.de\/wp-content\/uploads\/2025\/04\/Strawberry-Watermelon-4.webp","contentUrl":"https:\/\/vapingnet.de\/wp-content\/uploads\/2025\/04\/Strawberry-Watermelon-4.webp","width":1000,"height":1000},{"@type":"BreadcrumbList","@id":"https:\/\/vapingnet.de\/vape\/hol-dir-den-bestseller-bang-tick-tock-20000-puffs-strawberry-watermelon-top-qualitaet\/#breadcrumb","itemListElement":[{"@type":"ListItem","position":1,"name":"Home","item":"https:\/\/vapingnet.de\/"},{"@type":"ListItem","position":2,"name":"Shop","item":"https:\/\/vapingnet.de\/vape\/"},{"@type":"ListItem","position":3,"name":"Hol Dir Den Bestseller Bang Tick Tock 20000 Puffs Strawberry Watermelon Top Qualit\u00e4t"}]},{"@type":"WebSite","@id":"https:\/\/vapingnet.de\/#website","url":"https:\/\/vapingnet.de\/","name":"Vapingnet.de","description":"","publisher":{"@id":"https:\/\/vapingnet.de\/#organization"},"potentialAction":[{"@type":"SearchAction","target":{"@type":"EntryPoint","urlTemplate":"https:\/\/vapingnet.de\/?s={search_term_string}"},"query-input":{"@type":"PropertyValueSpecification","valueRequired":true,"valueName":"search_term_string"}}],"inLanguage":"sk-SK"},{"@type":"Organization","@id":"https:\/\/vapingnet.de\/#organization","name":"Vapingnet.de","url":"https:\/\/vapingnet.de\/","logo":{"@type":"ImageObject","inLanguage":"sk-SK","@id":"https:\/\/vapingnet.de\/#\/schema\/logo\/image\/","url":"https:\/\/vapingnet.de\/wp-content\/uploads\/2025\/03\/cropped-vapingnet.de_.jpg","contentUrl":"https:\/\/vapingnet.de\/wp-content\/uploads\/2025\/03\/cropped-vapingnet.de_.jpg","width":512,"height":512,"caption":"Vapingnet.de"},"image":{"@id":"https:\/\/vapingnet.de\/#\/schema\/logo\/image\/"},"sameAs":["https:\/\/www.facebook.com\/vapingnetde\/"]}]}},"tiered_pricing_type":"fixed","tiered_pricing_fixed_rules":{"10":"10.44","60":"9.4","110":"8.35","200":"7.31"},"tiered_pricing_product_settings":{"layout":"default","base_unit_name":{"singular":null,"plural":null},"default_variation":null},"tiered_pricing_minimum_quantity":null,"tiered_pricing_roles_data":[],"tiered_pricing_percentage_rules":[],"_links":{"self":[{"href":"https:\/\/vapingnet.de\/sk\/wp-json\/wp\/v2\/product\/6561","targetHints":{"allow":["GET"]}}],"collection":[{"href":"https:\/\/vapingnet.de\/sk\/wp-json\/wp\/v2\/product"}],"about":[{"href":"https:\/\/vapingnet.de\/sk\/wp-json\/wp\/v2\/types\/product"}],"version-history":[{"count":1,"href":"https:\/\/vapingnet.de\/sk\/wp-json\/wp\/v2\/product\/6561\/revisions"}],"predecessor-version":[{"id":6579,"href":"https:\/\/vapingnet.de\/sk\/wp-json\/wp\/v2\/product\/6561\/revisions\/6579"}],"wp:featuredmedia":[{"embeddable":true,"href":"https:\/\/vapingnet.de\/sk\/wp-json\/wp\/v2\/media\/6573"}],"wp:attachment":[{"href":"https:\/\/vapingnet.de\/sk\/wp-json\/wp\/v2\/media?parent=6561"}],"wp:term":[{"taxonomy":"brand","embeddable":true,"href":"https:\/\/vapingnet.de\/sk\/wp-json\/wp\/v2\/etheme_brands?post=6561"},{"taxonomy":"product_brand","embeddable":true,"href":"https:\/\/vapingnet.de\/sk\/wp-json\/wp\/v2\/product_brand?post=6561"},{"taxonomy":"product_cat","embeddable":true,"href":"https:\/\/vapingnet.de\/sk\/wp-json\/wp\/v2\/product_cat?post=6561"},{"taxonomy":"product_tag","embeddable":true,"href":"https:\/\/vapingnet.de\/sk\/wp-json\/wp\/v2\/product_tag?post=6561"}],"curies":[{"name":"wp","href":"https:\/\/api.w.org\/{rel}","templated":true}]}}