{"id":6562,"date":"2025-04-27T07:33:09","date_gmt":"2025-04-27T07:33:09","guid":{"rendered":"https:\/\/vapingnet.de\/?post_type=product&#038;p=6562"},"modified":"2025-06-19T03:39:25","modified_gmt":"2025-06-19T03:39:25","slug":"strawberry-mango-in-bang-tick-tock-20000-puffs-der-perfekte-genuss-fuer-dich","status":"publish","type":"product","link":"https:\/\/vapingnet.de\/sk\/vape\/strawberry-mango-in-bang-tick-tock-20000-puffs-der-perfekte-genuss-fuer-dich\/","title":{"rendered":"Strawberry Mango v Bang Tick Tock 20000 puffs \u2013 dokonal\u00fd p\u00f4\u017eitok pre v\u00e1s"},"content":{"rendered":"<h2 data-start=\"0\" data-end=\"73\" data-immersive-translate-walked=\"f86bfdd0-e028-44d7-96d5-bb429d300d32\">Bang Tick Tock 20000 Puffs: Z\u00e1\u017eitok z vapovania bud\u00facnosti<\/h2>\n<p class=\"\" data-start=\"75\" data-end=\"426\" data-immersive-translate-walked=\"f86bfdd0-e028-44d7-96d5-bb429d300d32\" data-immersive-translate-paragraph=\"1\">Bang Tick Tock 20000 Puffs je jednorazov\u00e1 e-cigareta, ktor\u00e1 sa vyzna\u010duje inovat\u00edvnou technol\u00f3giou a osobitn\u00fdm d\u00f4razom na pou\u017e\u00edvate\u013esk\u00fa jednoduchos\u0165. S mno\u017estvom funkci\u00ed a jedine\u010dnou chu\u0165ou pon\u00faka z\u00e1\u017eitok z vapovania, ktor\u00fd je obohaten\u00edm pre za\u010diato\u010dn\u00edkov aj sk\u00fasen\u00fdch vap\u00e9rikov.<\/p>\n<h3>Technick\u00e9 vlastnosti Bang Tick Tock 20000 Puffs<\/h3>\n<p class=\"\" data-start=\"488\" data-end=\"568\" data-immersive-translate-walked=\"f86bfdd0-e028-44d7-96d5-bb429d300d32\" data-immersive-translate-paragraph=\"1\">Bang Tick Tock 20000 Puffs presved\u010d\u00ed svoj\u00edm v\u00fdkonn\u00fdm vybaven\u00edm:<\/p>\n<ul data-start=\"570\" data-end=\"1021\" data-immersive-translate-walked=\"f86bfdd0-e028-44d7-96d5-bb429d300d32\">\n<li class=\"\" data-start=\"570\" data-end=\"681\" data-immersive-translate-walked=\"f86bfdd0-e028-44d7-96d5-bb429d300d32\">\n<p class=\"\" data-start=\"572\" data-end=\"681\" data-immersive-translate-walked=\"f86bfdd0-e028-44d7-96d5-bb429d300d32\" data-immersive-translate-paragraph=\"1\">Mesh Cievka 1.0ohm: Mesh cievka 1.0 ohm zabezpe\u010duje rovnomern\u00e9 odparovanie a intenz\u00edvnu chu\u0165.<\/p>\n<\/li>\n<li class=\"\" data-start=\"682\" data-end=\"792\" data-immersive-translate-walked=\"f86bfdd0-e028-44d7-96d5-bb429d300d32\">\n<p class=\"\" data-start=\"684\" data-end=\"792\" data-immersive-translate-walked=\"f86bfdd0-e028-44d7-96d5-bb429d300d32\" data-immersive-translate-paragraph=\"1\">Kapacita e-liquidu: S 25 ml e-liquidu poskytuje zariadenie dostato\u010dn\u00fa kapacitu na dlhodob\u00e9 u\u017e\u00edvanie.<\/p>\n<\/li>\n<li class=\"\" data-start=\"793\" data-end=\"918\" data-immersive-translate-walked=\"f86bfdd0-e028-44d7-96d5-bb429d300d32\">\n<p class=\"\" data-start=\"795\" data-end=\"918\" data-immersive-translate-walked=\"f86bfdd0-e028-44d7-96d5-bb429d300d32\" data-immersive-translate-paragraph=\"1\">Bat\u00e9ria: Integrovan\u00e1 bat\u00e9ria 500mAh umo\u017e\u0148uje a\u017e 20 000 potiahnut\u00ed, \u010do rob\u00ed Bang Tick Tock mimoriadne odolnou.<\/p>\n<\/li>\n<li class=\"\" data-start=\"919\" data-end=\"1021\" data-immersive-translate-walked=\"f86bfdd0-e028-44d7-96d5-bb429d300d32\">\n<p class=\"\" data-start=\"921\" data-end=\"1021\" data-immersive-translate-walked=\"f86bfdd0-e028-44d7-96d5-bb429d300d32\" data-immersive-translate-paragraph=\"1\">Typ-C nab\u00edjac\u00ed port: Modern\u00fd port Typ-C umo\u017e\u0148uje r\u00fdchle a pohodln\u00e9 nab\u00edjanie.<\/p>\n<\/li>\n<\/ul>\n<h4 data-start=\"1023\" data-end=\"1062\" data-immersive-translate-walked=\"f86bfdd0-e028-44d7-96d5-bb429d300d32\">Vaping s dvoma re\u017eimami<\/h4>\n<p class=\"\" data-start=\"1064\" data-end=\"1127\" data-immersive-translate-walked=\"f86bfdd0-e028-44d7-96d5-bb429d300d32\" data-immersive-translate-paragraph=\"1\">Bang Tick Tock pon\u00faka dve r\u00f4zne mo\u017enosti vapovania:<\/p>\n<ol data-start=\"1129\" data-end=\"1498\" data-immersive-translate-walked=\"f86bfdd0-e028-44d7-96d5-bb429d300d32\">\n<li class=\"\" data-start=\"1129\" data-end=\"1285\" data-immersive-translate-walked=\"f86bfdd0-e028-44d7-96d5-bb429d300d32\">\n<p class=\"\" data-start=\"1132\" data-end=\"1285\" data-immersive-translate-walked=\"f86bfdd0-e028-44d7-96d5-bb429d300d32\" data-immersive-translate-paragraph=\"1\">Dynamick\u00fd re\u017eim: Pri vapovan\u00ed sa ot\u00e1\u010da ozuben\u00e9 koleso, \u010d\u00edm vytv\u00e1ra vizu\u00e1lny, dynamick\u00fd z\u00e1\u017eitok, ktor\u00fd pos\u00fava vapovanie na nov\u00fa \u00farove\u0148.<\/p>\n<\/li>\n<li class=\"\" data-start=\"1286\" data-end=\"1498\" data-immersive-translate-walked=\"f86bfdd0-e028-44d7-96d5-bb429d300d32\">\n<p class=\"\" data-start=\"1289\" data-end=\"1498\" data-immersive-translate-walked=\"f86bfdd0-e028-44d7-96d5-bb429d300d32\" data-immersive-translate-paragraph=\"1\">Tich\u00fd re\u017eim: Ak preferujete ticho a nen\u00e1padnos\u0165, m\u00f4\u017eete aktivova\u0165 tich\u00fd re\u017eim. Pri troch r\u00fdchlych potiahnutiach do dvoch sek\u00fand sa ozuben\u00e9 koleso zastav\u00ed, \u010d\u00edm sa vapovanie st\u00e1va nen\u00e1padn\u00fdm.<\/p>\n<\/li>\n<\/ol>\n<h4 data-start=\"1500\" data-end=\"1535\" data-immersive-translate-walked=\"f86bfdd0-e028-44d7-96d5-bb429d300d32\">Chu\u0165: Jahoda Mango<\/h4>\n<p class=\"\" data-start=\"1537\" data-end=\"1896\" data-immersive-translate-walked=\"f86bfdd0-e028-44d7-96d5-bb429d300d32\" data-immersive-translate-paragraph=\"1\">Kombin\u00e1cia Jahoda Mango prin\u00e1\u0161a osvie\u017euj\u00faci a exotick\u00fd chu\u0165ov\u00fd z\u00e1\u017eitok. Sladk\u00e1 jahoda a tropick\u00e9 mango dokonale harmonizuj\u00fa a pon\u00fakaj\u00fa chutn\u00fd, osvie\u017euj\u00faci z\u00e1\u017eitok z parenia, ktor\u00fd vydr\u017e\u00ed cel\u00fd de\u0148. T\u00e1to zmes chut\u00ed je vhodn\u00e1 najm\u00e4 pre vap\u00e9rikov, ktor\u00ed preferuj\u00fa ovocn\u00e9 a sladk\u00e9 ar\u00f3my.<\/p>\n<h4 data-start=\"1898\" data-end=\"1940\" data-immersive-translate-walked=\"f86bfdd0-e028-44d7-96d5-bb429d300d32\">Pou\u017e\u00edvate\u013esk\u00e1 jednoduchos\u0165 a komfort<\/h4>\n<p class=\"\" data-start=\"1942\" data-end=\"2224\" data-immersive-translate-walked=\"f86bfdd0-e028-44d7-96d5-bb429d300d32\" data-immersive-translate-paragraph=\"1\">V\u010faka technol\u00f3gii aktivovanej \u0165ahom je Bang Tick Tock mimoriadne pou\u017e\u00edvate\u013esky pr\u00edvetiv\u00e1. Sta\u010d\u00ed len \u0165aha\u0165 za e-cigaretu, \u010d\u00edm sa aktivuje v\u00fdstup pary. To rob\u00ed vapovanie ve\u013emi pohodln\u00fdm, preto\u017ee nie s\u00fa potrebn\u00e9 \u017eiadne tla\u010didl\u00e1 ani \u010fal\u0161ie nastavenia.<\/p>\n<h4 data-start=\"2226\" data-end=\"2279\" data-immersive-translate-walked=\"f86bfdd0-e028-44d7-96d5-bb429d300d32\">R\u00fdchle doru\u010denie a bezcoln\u00e1 objedn\u00e1vka<\/h4>\n<p class=\"\" data-start=\"2281\" data-end=\"2530\" data-immersive-translate-walked=\"f86bfdd0-e028-44d7-96d5-bb429d300d32\" data-immersive-translate-paragraph=\"1\">Bang Tick Tock 20000 Puffs je dostupn\u00e1 na vapingnet.de a z\u00e1kazn\u00edci m\u00f4\u017eu vyu\u017ei\u0165 r\u00fdchle doru\u010denie do 7 a\u017e 15 pracovn\u00fdch dn\u00ed. Okrem toho sa neplatia \u017eiadne cl\u00e1, \u010do rob\u00ed objedn\u00e1vku e\u0161te atrakt\u00edvnej\u0161ou.<\/p>\n<h4 data-start=\"2532\" data-end=\"2566\" data-immersive-translate-walked=\"f86bfdd0-e028-44d7-96d5-bb429d300d32\">R\u00f4zne \u00farovne nikot\u00ednu<\/h4>\n<p class=\"\" data-start=\"2568\" data-end=\"2775\" data-immersive-translate-walked=\"f86bfdd0-e028-44d7-96d5-bb429d300d32\" data-immersive-translate-paragraph=\"1\">Pre vap\u00e9rikov, ktor\u00ed si chc\u00fa prisp\u00f4sobi\u0165 pr\u00edjem nikot\u00ednu, pon\u00faka Bang Tick Tock r\u00f4zne nikot\u00ednov\u00e9 koncentr\u00e1cie: 0%, 2%, 3%, 5%. Tak si ka\u017ed\u00fd pou\u017e\u00edvate\u013e m\u00f4\u017ee vybra\u0165 z\u00e1\u017eitok z vapovania, ktor\u00fd mu najviac vyhovuje.<\/p>\n<p class=\"\" data-start=\"2792\" data-end=\"3216\" data-immersive-translate-walked=\"f86bfdd0-e028-44d7-96d5-bb429d300d32\" data-immersive-translate-paragraph=\"1\">S Bang Tick Tock 20000 Puffs z\u00edskavaj\u00fa vap\u00e9riky modern\u00e9, pou\u017e\u00edvate\u013esky pr\u00edvetiv\u00e9 zariadenie, ktor\u00e9 presved\u010d\u00ed nielen technol\u00f3giou, ale aj chu\u0165ou. Kombin\u00e1cia inovat\u00edvnych funkci\u00ed, ako je Dynamick\u00fd re\u017eim a Tich\u00fd re\u017eim, spolu s lahodnou chu\u0165ou Jahoda Mango rob\u00ed t\u00fato jednorazov\u00fa e-cigaretu vynikaj\u00facou vo\u013ebou pre v\u0161etk\u00fdch, ktor\u00ed h\u013eadaj\u00fa v\u00fdnimo\u010dn\u00fd z\u00e1\u017eitok z vapovania.<\/p>","protected":false},"excerpt":{"rendered":"<p>Bang Tick Tock 20000 Puffs: Z\u00e1\u017eitok z vapovania novej gener\u00e1cie Bang Tick Tock 20000 Puffs je jednorazov\u00e1 e-\u017euva\u010dka, ktor\u00e1 sa vyzna\u010duje svojou inovat\u00edvnou technol\u00f3giou...<\/p>","protected":false},"featured_media":6572,"template":"","meta":[],"etheme_brands":[],"product_brand":[101],"product_cat":[54,49,61],"product_tag":[],"class_list":{"0":"post-6562","1":"product","2":"type-product","3":"status-publish","4":"has-post-thumbnail","6":"product_brand-bang-king-vape","7":"product_cat-vape-20000-zuege","8":"product_cat-einweg-e-zigarette","9":"product_cat-f","11":"first","12":"instock","13":"shipping-taxable","14":"purchasable","15":"product-type-simple"},"yoast_head":"<!-- This site is optimized with the Yoast SEO plugin v26.5 - https:\/\/yoast.com\/wordpress\/plugins\/seo\/ -->\n<title>Strawberry Mango In Bang Tick Tock 20000 Puffs Der Perfekte Genuss F\u00fcr Dich | Vapingnet.de<\/title>\n<meta name=\"description\" content=\"Entdecke Strawberry Mango In Bang Tick Tock 20000 Puffs Der Perfekte Genuss F\u00fcr Dich bei vapingnet.de, \u25ba Gro\u00dfe Auswahl an Geschmacksrichtungen &amp; super g\u00fcnstig!\" \/>\n<meta name=\"robots\" content=\"index, follow, max-snippet:-1, max-image-preview:large, max-video-preview:-1\" \/>\n<link rel=\"canonical\" href=\"https:\/\/vapingnet.de\/sk\/vape\/strawberry-mango-in-bang-tick-tock-20000-puffs-der-perfekte-genuss-fuer-dich\/\" \/>\n<meta property=\"og:locale\" content=\"sk_SK\" \/>\n<meta property=\"og:type\" content=\"article\" \/>\n<meta property=\"og:title\" content=\"Strawberry Mango In Bang Tick Tock 20000 Puffs Der Perfekte Genuss F\u00fcr Dich | Vapingnet.de\" \/>\n<meta property=\"og:description\" content=\"Entdecke Strawberry Mango In Bang Tick Tock 20000 Puffs Der Perfekte Genuss F\u00fcr Dich bei vapingnet.de, \u25ba Gro\u00dfe Auswahl an Geschmacksrichtungen &amp; super g\u00fcnstig!\" \/>\n<meta property=\"og:url\" content=\"https:\/\/vapingnet.de\/sk\/vape\/strawberry-mango-in-bang-tick-tock-20000-puffs-der-perfekte-genuss-fuer-dich\/\" \/>\n<meta property=\"og:site_name\" content=\"Vapingnet.de\" \/>\n<meta property=\"article:publisher\" content=\"https:\/\/www.facebook.com\/vapingnetde\/\" \/>\n<meta property=\"article:modified_time\" content=\"2025-06-19T03:39:25+00:00\" \/>\n<meta property=\"og:image\" content=\"https:\/\/vapingnet.de\/wp-content\/uploads\/2025\/04\/Strawberry-Mango.webp\" \/>\n\t<meta property=\"og:image:width\" content=\"1000\" \/>\n\t<meta property=\"og:image:height\" content=\"1000\" \/>\n\t<meta property=\"og:image:type\" content=\"image\/webp\" \/>\n<meta name=\"twitter:card\" content=\"summary_large_image\" \/>\n<meta name=\"twitter:label1\" content=\"Est. reading time\" \/>\n\t<meta name=\"twitter:data1\" content=\"3 minutes\" \/>\n<script type=\"application\/ld+json\" class=\"yoast-schema-graph\">{\"@context\":\"https:\/\/schema.org\",\"@graph\":[{\"@type\":\"WebPage\",\"@id\":\"https:\/\/vapingnet.de\/vape\/strawberry-mango-in-bang-tick-tock-20000-puffs-der-perfekte-genuss-fuer-dich\/\",\"url\":\"https:\/\/vapingnet.de\/vape\/strawberry-mango-in-bang-tick-tock-20000-puffs-der-perfekte-genuss-fuer-dich\/\",\"name\":\"Strawberry Mango In Bang Tick Tock 20000 Puffs Der Perfekte Genuss F\u00fcr Dich | Vapingnet.de\",\"isPartOf\":{\"@id\":\"https:\/\/vapingnet.de\/#website\"},\"primaryImageOfPage\":{\"@id\":\"https:\/\/vapingnet.de\/vape\/strawberry-mango-in-bang-tick-tock-20000-puffs-der-perfekte-genuss-fuer-dich\/#primaryimage\"},\"image\":{\"@id\":\"https:\/\/vapingnet.de\/vape\/strawberry-mango-in-bang-tick-tock-20000-puffs-der-perfekte-genuss-fuer-dich\/#primaryimage\"},\"thumbnailUrl\":\"https:\/\/vapingnet.de\/wp-content\/uploads\/2025\/04\/Strawberry-Mango.webp\",\"datePublished\":\"2025-04-27T07:33:09+00:00\",\"dateModified\":\"2025-06-19T03:39:25+00:00\",\"description\":\"Entdecke Strawberry Mango In Bang Tick Tock 20000 Puffs Der Perfekte Genuss F\u00fcr Dich bei vapingnet.de, \u25ba Gro\u00dfe Auswahl an Geschmacksrichtungen & super g\u00fcnstig!\",\"breadcrumb\":{\"@id\":\"https:\/\/vapingnet.de\/vape\/strawberry-mango-in-bang-tick-tock-20000-puffs-der-perfekte-genuss-fuer-dich\/#breadcrumb\"},\"inLanguage\":\"sk-SK\",\"potentialAction\":[{\"@type\":\"ReadAction\",\"target\":[\"https:\/\/vapingnet.de\/vape\/strawberry-mango-in-bang-tick-tock-20000-puffs-der-perfekte-genuss-fuer-dich\/\"]}]},{\"@type\":\"ImageObject\",\"inLanguage\":\"sk-SK\",\"@id\":\"https:\/\/vapingnet.de\/vape\/strawberry-mango-in-bang-tick-tock-20000-puffs-der-perfekte-genuss-fuer-dich\/#primaryimage\",\"url\":\"https:\/\/vapingnet.de\/wp-content\/uploads\/2025\/04\/Strawberry-Mango.webp\",\"contentUrl\":\"https:\/\/vapingnet.de\/wp-content\/uploads\/2025\/04\/Strawberry-Mango.webp\",\"width\":1000,\"height\":1000},{\"@type\":\"BreadcrumbList\",\"@id\":\"https:\/\/vapingnet.de\/vape\/strawberry-mango-in-bang-tick-tock-20000-puffs-der-perfekte-genuss-fuer-dich\/#breadcrumb\",\"itemListElement\":[{\"@type\":\"ListItem\",\"position\":1,\"name\":\"Home\",\"item\":\"https:\/\/vapingnet.de\/\"},{\"@type\":\"ListItem\",\"position\":2,\"name\":\"Shop\",\"item\":\"https:\/\/vapingnet.de\/vape\/\"},{\"@type\":\"ListItem\",\"position\":3,\"name\":\"Strawberry Mango In Bang Tick Tock 20000 Puffs Der Perfekte Genuss F\u00fcr Dich\"}]},{\"@type\":\"WebSite\",\"@id\":\"https:\/\/vapingnet.de\/#website\",\"url\":\"https:\/\/vapingnet.de\/\",\"name\":\"Vapingnet.de\",\"description\":\"\",\"publisher\":{\"@id\":\"https:\/\/vapingnet.de\/#organization\"},\"potentialAction\":[{\"@type\":\"SearchAction\",\"target\":{\"@type\":\"EntryPoint\",\"urlTemplate\":\"https:\/\/vapingnet.de\/?s={search_term_string}\"},\"query-input\":{\"@type\":\"PropertyValueSpecification\",\"valueRequired\":true,\"valueName\":\"search_term_string\"}}],\"inLanguage\":\"sk-SK\"},{\"@type\":\"Organization\",\"@id\":\"https:\/\/vapingnet.de\/#organization\",\"name\":\"Vapingnet.de\",\"url\":\"https:\/\/vapingnet.de\/\",\"logo\":{\"@type\":\"ImageObject\",\"inLanguage\":\"sk-SK\",\"@id\":\"https:\/\/vapingnet.de\/#\/schema\/logo\/image\/\",\"url\":\"https:\/\/vapingnet.de\/wp-content\/uploads\/2025\/03\/cropped-vapingnet.de_.jpg\",\"contentUrl\":\"https:\/\/vapingnet.de\/wp-content\/uploads\/2025\/03\/cropped-vapingnet.de_.jpg\",\"width\":512,\"height\":512,\"caption\":\"Vapingnet.de\"},\"image\":{\"@id\":\"https:\/\/vapingnet.de\/#\/schema\/logo\/image\/\"},\"sameAs\":[\"https:\/\/www.facebook.com\/vapingnetde\/\"]}]}<\/script>\n<!-- \/ Yoast SEO plugin. -->","yoast_head_json":{"title":"Strawberry Mango In Bang Tick Tock 20000 Puffs Der Perfekte Genuss F\u00fcr Dich | Vapingnet.de","description":"Entdecke Strawberry Mango In Bang Tick Tock 20000 Puffs Der Perfekte Genuss F\u00fcr Dich bei vapingnet.de, \u25ba Gro\u00dfe Auswahl an Geschmacksrichtungen & super g\u00fcnstig!","robots":{"index":"index","follow":"follow","max-snippet":"max-snippet:-1","max-image-preview":"max-image-preview:large","max-video-preview":"max-video-preview:-1"},"canonical":"https:\/\/vapingnet.de\/sk\/vape\/strawberry-mango-in-bang-tick-tock-20000-puffs-der-perfekte-genuss-fuer-dich\/","og_locale":"sk_SK","og_type":"article","og_title":"Strawberry Mango In Bang Tick Tock 20000 Puffs Der Perfekte Genuss F\u00fcr Dich | Vapingnet.de","og_description":"Entdecke Strawberry Mango In Bang Tick Tock 20000 Puffs Der Perfekte Genuss F\u00fcr Dich bei vapingnet.de, \u25ba Gro\u00dfe Auswahl an Geschmacksrichtungen & super g\u00fcnstig!","og_url":"https:\/\/vapingnet.de\/sk\/vape\/strawberry-mango-in-bang-tick-tock-20000-puffs-der-perfekte-genuss-fuer-dich\/","og_site_name":"Vapingnet.de","article_publisher":"https:\/\/www.facebook.com\/vapingnetde\/","article_modified_time":"2025-06-19T03:39:25+00:00","og_image":[{"width":1000,"height":1000,"url":"https:\/\/vapingnet.de\/wp-content\/uploads\/2025\/04\/Strawberry-Mango.webp","type":"image\/webp"}],"twitter_card":"summary_large_image","twitter_misc":{"Est. reading time":"3 minutes"},"schema":{"@context":"https:\/\/schema.org","@graph":[{"@type":"WebPage","@id":"https:\/\/vapingnet.de\/vape\/strawberry-mango-in-bang-tick-tock-20000-puffs-der-perfekte-genuss-fuer-dich\/","url":"https:\/\/vapingnet.de\/vape\/strawberry-mango-in-bang-tick-tock-20000-puffs-der-perfekte-genuss-fuer-dich\/","name":"Strawberry Mango In Bang Tick Tock 20000 Puffs Der Perfekte Genuss F\u00fcr Dich | Vapingnet.de","isPartOf":{"@id":"https:\/\/vapingnet.de\/#website"},"primaryImageOfPage":{"@id":"https:\/\/vapingnet.de\/vape\/strawberry-mango-in-bang-tick-tock-20000-puffs-der-perfekte-genuss-fuer-dich\/#primaryimage"},"image":{"@id":"https:\/\/vapingnet.de\/vape\/strawberry-mango-in-bang-tick-tock-20000-puffs-der-perfekte-genuss-fuer-dich\/#primaryimage"},"thumbnailUrl":"https:\/\/vapingnet.de\/wp-content\/uploads\/2025\/04\/Strawberry-Mango.webp","datePublished":"2025-04-27T07:33:09+00:00","dateModified":"2025-06-19T03:39:25+00:00","description":"Entdecke Strawberry Mango In Bang Tick Tock 20000 Puffs Der Perfekte Genuss F\u00fcr Dich bei vapingnet.de, \u25ba Gro\u00dfe Auswahl an Geschmacksrichtungen & super g\u00fcnstig!","breadcrumb":{"@id":"https:\/\/vapingnet.de\/vape\/strawberry-mango-in-bang-tick-tock-20000-puffs-der-perfekte-genuss-fuer-dich\/#breadcrumb"},"inLanguage":"sk-SK","potentialAction":[{"@type":"ReadAction","target":["https:\/\/vapingnet.de\/vape\/strawberry-mango-in-bang-tick-tock-20000-puffs-der-perfekte-genuss-fuer-dich\/"]}]},{"@type":"ImageObject","inLanguage":"sk-SK","@id":"https:\/\/vapingnet.de\/vape\/strawberry-mango-in-bang-tick-tock-20000-puffs-der-perfekte-genuss-fuer-dich\/#primaryimage","url":"https:\/\/vapingnet.de\/wp-content\/uploads\/2025\/04\/Strawberry-Mango.webp","contentUrl":"https:\/\/vapingnet.de\/wp-content\/uploads\/2025\/04\/Strawberry-Mango.webp","width":1000,"height":1000},{"@type":"BreadcrumbList","@id":"https:\/\/vapingnet.de\/vape\/strawberry-mango-in-bang-tick-tock-20000-puffs-der-perfekte-genuss-fuer-dich\/#breadcrumb","itemListElement":[{"@type":"ListItem","position":1,"name":"Home","item":"https:\/\/vapingnet.de\/"},{"@type":"ListItem","position":2,"name":"Shop","item":"https:\/\/vapingnet.de\/vape\/"},{"@type":"ListItem","position":3,"name":"Strawberry Mango In Bang Tick Tock 20000 Puffs Der Perfekte Genuss F\u00fcr Dich"}]},{"@type":"WebSite","@id":"https:\/\/vapingnet.de\/#website","url":"https:\/\/vapingnet.de\/","name":"Vapingnet.de","description":"","publisher":{"@id":"https:\/\/vapingnet.de\/#organization"},"potentialAction":[{"@type":"SearchAction","target":{"@type":"EntryPoint","urlTemplate":"https:\/\/vapingnet.de\/?s={search_term_string}"},"query-input":{"@type":"PropertyValueSpecification","valueRequired":true,"valueName":"search_term_string"}}],"inLanguage":"sk-SK"},{"@type":"Organization","@id":"https:\/\/vapingnet.de\/#organization","name":"Vapingnet.de","url":"https:\/\/vapingnet.de\/","logo":{"@type":"ImageObject","inLanguage":"sk-SK","@id":"https:\/\/vapingnet.de\/#\/schema\/logo\/image\/","url":"https:\/\/vapingnet.de\/wp-content\/uploads\/2025\/03\/cropped-vapingnet.de_.jpg","contentUrl":"https:\/\/vapingnet.de\/wp-content\/uploads\/2025\/03\/cropped-vapingnet.de_.jpg","width":512,"height":512,"caption":"Vapingnet.de"},"image":{"@id":"https:\/\/vapingnet.de\/#\/schema\/logo\/image\/"},"sameAs":["https:\/\/www.facebook.com\/vapingnetde\/"]}]}},"tiered_pricing_type":"fixed","tiered_pricing_fixed_rules":{"10":"10.44","60":"9.4","110":"8.35","200":"7.31"},"tiered_pricing_product_settings":{"layout":"default","base_unit_name":{"singular":null,"plural":null},"default_variation":null},"tiered_pricing_minimum_quantity":null,"tiered_pricing_roles_data":[],"tiered_pricing_percentage_rules":[],"_links":{"self":[{"href":"https:\/\/vapingnet.de\/sk\/wp-json\/wp\/v2\/product\/6562","targetHints":{"allow":["GET"]}}],"collection":[{"href":"https:\/\/vapingnet.de\/sk\/wp-json\/wp\/v2\/product"}],"about":[{"href":"https:\/\/vapingnet.de\/sk\/wp-json\/wp\/v2\/types\/product"}],"version-history":[{"count":1,"href":"https:\/\/vapingnet.de\/sk\/wp-json\/wp\/v2\/product\/6562\/revisions"}],"predecessor-version":[{"id":6580,"href":"https:\/\/vapingnet.de\/sk\/wp-json\/wp\/v2\/product\/6562\/revisions\/6580"}],"wp:featuredmedia":[{"embeddable":true,"href":"https:\/\/vapingnet.de\/sk\/wp-json\/wp\/v2\/media\/6572"}],"wp:attachment":[{"href":"https:\/\/vapingnet.de\/sk\/wp-json\/wp\/v2\/media?parent=6562"}],"wp:term":[{"taxonomy":"brand","embeddable":true,"href":"https:\/\/vapingnet.de\/sk\/wp-json\/wp\/v2\/etheme_brands?post=6562"},{"taxonomy":"product_brand","embeddable":true,"href":"https:\/\/vapingnet.de\/sk\/wp-json\/wp\/v2\/product_brand?post=6562"},{"taxonomy":"product_cat","embeddable":true,"href":"https:\/\/vapingnet.de\/sk\/wp-json\/wp\/v2\/product_cat?post=6562"},{"taxonomy":"product_tag","embeddable":true,"href":"https:\/\/vapingnet.de\/sk\/wp-json\/wp\/v2\/product_tag?post=6562"}],"curies":[{"name":"wp","href":"https:\/\/api.w.org\/{rel}","templated":true}]}}