{"id":6582,"date":"2025-04-27T08:00:09","date_gmt":"2025-04-27T08:00:09","guid":{"rendered":"https:\/\/vapingnet.de\/?post_type=product&#038;p=6582"},"modified":"2025-06-19T03:39:24","modified_gmt":"2025-06-19T03:39:24","slug":"bang-tick-tock-20000-puffs-blueberry-cherry-lemonade-fuer-deinen-fruchtigen-genuss","status":"publish","type":"product","link":"https:\/\/vapingnet.de\/sk\/vape\/bang-tick-tock-20000-puffs-blueberry-cherry-lemonade-fuer-deinen-fruchtigen-genuss\/","title":{"rendered":"Bang Tick Tock 20000 Pufov Blueberry Cherry Lemonade pre v\u00e1\u0161 ovocn\u00fd p\u00f4\u017eitok"},"content":{"rendered":"<h2 data-start=\"0\" data-end=\"85\" data-immersive-translate-walked=\"ff1c01a9-ea4f-49e3-a434-e5cf60d72783\">Bang Tick Tock 20000 Puffs: Najnov\u0161ia inov\u00e1cia v oblasti jednorazov\u00fdch e-cigariet<\/h2>\n<p class=\"\" data-start=\"87\" data-end=\"408\" data-immersive-translate-walked=\"ff1c01a9-ea4f-49e3-a434-e5cf60d72783\" data-immersive-translate-paragraph=\"1\">Bang Tick Tock 20000 Puffs je pokro\u010dil\u00e1 <a href=\"https:\/\/vapingnet.de\/sk\/k\/einweg-e-zigarette\/\" target=\"_blank\" rel=\"noopener\"><strong>Jednorazov\u00e1 elektronick\u00e1 cigareta<\/strong><\/a>, ktor\u00e1 vynik\u00e1 najm\u00e4 svojou inovat\u00edvnou technol\u00f3giou a vysokou pou\u017e\u00edvate\u013eskou priate\u013eskos\u0165ou. S mno\u017estvom funkci\u00ed pon\u00faka vapera jedine\u010dn\u00fd z\u00e1\u017eitok. Tu sa dozviete, \u010do rob\u00ed t\u00fato e-cigaretu tak v\u00fdnimo\u010dnou.<\/p>\n<h3>Vlastnosti produktu Bang Tick Tock 20000 Puffs<\/h3>\n<ul data-start=\"466\" data-end=\"1467\" data-immersive-translate-walked=\"ff1c01a9-ea4f-49e3-a434-e5cf60d72783\">\n<li class=\"\" data-start=\"466\" data-end=\"591\" data-immersive-translate-walked=\"ff1c01a9-ea4f-49e3-a434-e5cf60d72783\">\n<p class=\"\" data-start=\"468\" data-end=\"591\" data-immersive-translate-walked=\"ff1c01a9-ea4f-49e3-a434-e5cf60d72783\" data-immersive-translate-paragraph=\"1\">Mesh Cievka: S 1.0 Ohm Mesh Cievkou zabezpe\u010duje Bang Tick Tock rovnomern\u00e9 a intenz\u00edvne tvorenie pary.<\/p>\n<\/li>\n<li class=\"\" data-start=\"592\" data-end=\"743\" data-immersive-translate-walked=\"ff1c01a9-ea4f-49e3-a434-e5cf60d72783\">\n<p class=\"\" data-start=\"594\" data-end=\"743\" data-immersive-translate-walked=\"ff1c01a9-ea4f-49e3-a434-e5cf60d72783\" data-immersive-translate-paragraph=\"1\">Kapacita E-Liquidu: S ve\u013ekorysou kapacitou 25 ml E-Liquidu pon\u00faka dlh\u00fa dobu pou\u017e\u00edvania pred nutnos\u0165ou v\u00fdmeny.<\/p>\n<\/li>\n<li class=\"\" data-start=\"744\" data-end=\"900\" data-immersive-translate-walked=\"ff1c01a9-ea4f-49e3-a434-e5cf60d72783\">\n<p class=\"\" data-start=\"746\" data-end=\"900\" data-immersive-translate-walked=\"ff1c01a9-ea4f-49e3-a434-e5cf60d72783\" data-immersive-translate-paragraph=\"1\">Bat\u00e9ria: Bat\u00e9ria s kapacitou 500 mAh zabezpe\u010duje dostato\u010dn\u00fd v\u00fdkon a dlh\u00e9 pou\u017e\u00edvanie bez \u010dast\u00e9ho nab\u00edjania.<\/p>\n<\/li>\n<li class=\"\" data-start=\"901\" data-end=\"1021\" data-immersive-translate-walked=\"ff1c01a9-ea4f-49e3-a434-e5cf60d72783\">\n<p class=\"\" data-start=\"903\" data-end=\"1021\" data-immersive-translate-walked=\"ff1c01a9-ea4f-49e3-a434-e5cf60d72783\" data-immersive-translate-paragraph=\"1\">Nab\u00edjac\u00ed port: V\u010faka modern\u00e9mu USB-C portu je nab\u00edjanie e-cigarety r\u00fdchle a jednoduch\u00e9.<\/p>\n<\/li>\n<li class=\"\" data-start=\"1022\" data-end=\"1323\" data-immersive-translate-walked=\"ff1c01a9-ea4f-49e3-a434-e5cf60d72783\">\n<p class=\"\" data-start=\"1024\" data-end=\"1323\" data-immersive-translate-walked=\"ff1c01a9-ea4f-49e3-a434-e5cf60d72783\" data-immersive-translate-paragraph=\"1\">Dynamick\u00fd displej: Dynamick\u00fd displej zobrazuje vizu\u00e1lne efekty, ktor\u00e9 sa aktivuj\u00fa pri vapovan\u00ed. M\u00f4\u017ee by\u0165 ovl\u00e1dan\u00fd prostredn\u00edctvom dynamick\u00e9ho re\u017eimu (kde sa ot\u00e1\u010daj\u00fa ozuben\u00e9 kolieska) alebo tich\u00e9ho re\u017eimu (s tromi r\u00fdchlymi \u0165ahmi za dva sekundy na zastavenie ozuben\u00fdch kolies).<\/p>\n<\/li>\n<li class=\"\" data-start=\"1324\" data-end=\"1467\" data-immersive-translate-walked=\"ff1c01a9-ea4f-49e3-a434-e5cf60d72783\">\n<p class=\"\" data-start=\"1326\" data-end=\"1467\" data-immersive-translate-walked=\"ff1c01a9-ea4f-49e3-a434-e5cf60d72783\" data-immersive-translate-paragraph=\"1\">MTL Vaping: E-cigareta pon\u00faka z\u00e1\u017eitok z MTL (Mouth-to-Lung) vapovania, ktor\u00fd rob\u00ed vapovanie pre pou\u017e\u00edvate\u013eov pr\u00edjemn\u00fdm a zn\u00e1my.<\/p>\n<\/li>\n<\/ul>\n<h4 data-start=\"1469\" data-end=\"1495\" data-immersive-translate-walked=\"ff1c01a9-ea4f-49e3-a434-e5cf60d72783\">z\u00e1\u017eitok z chuti<\/h4>\n<p class=\"\" data-start=\"1497\" data-end=\"1810\" data-immersive-translate-walked=\"ff1c01a9-ea4f-49e3-a434-e5cf60d72783\" data-immersive-translate-paragraph=\"1\">Bang Tick Tock 20000 Puffs je dod\u00e1van\u00e1 s osvie\u017euj\u00facou a jedine\u010dnou chu\u0165ou Blueberry Cherry Lemonade. T\u00e1to chu\u0165 je dokonalou zmesou sladk\u00fdch \u010du\u010doriedok, \u010derstv\u00fdch \u010dere\u0161n\u00ed a \u0161\u0165avnatej citr\u00f3novo-limon\u00e1dovej ar\u00f3my, ktor\u00e1 ka\u017ed\u00fd \u0165ah rob\u00ed osvie\u017euj\u00facim z\u00e1\u017eitkom.<\/p>\n<h3>V\u00fdhody Bang Tick Tock 20000 Puffs<\/h3>\n<ul data-start=\"1861\" data-end=\"2382\" data-immersive-translate-walked=\"ff1c01a9-ea4f-49e3-a434-e5cf60d72783\">\n<li class=\"\" data-start=\"1861\" data-end=\"2054\" data-immersive-translate-walked=\"ff1c01a9-ea4f-49e3-a434-e5cf60d72783\">\n<p class=\"\" data-start=\"1863\" data-end=\"2054\" data-immersive-translate-walked=\"ff1c01a9-ea4f-49e3-a434-e5cf60d72783\" data-immersive-translate-paragraph=\"1\">Obsah nikot\u00ednu: M\u00f4\u017eete si vybra\u0165 medzi r\u00f4znymi \u00farov\u0148ami nikot\u00ednu, vr\u00e1tane 0%, 2%, 3% a 5% nikot\u00ednu, aby ste si prisp\u00f4sobili svoj z\u00e1\u017eitok z vapovania pod\u013ea svojich preferenci\u00ed.<\/p>\n<\/li>\n<li class=\"\" data-start=\"2055\" data-end=\"2231\" data-immersive-translate-walked=\"ff1c01a9-ea4f-49e3-a434-e5cf60d72783\">\n<p class=\"\" data-start=\"2057\" data-end=\"2231\" data-immersive-translate-walked=\"ff1c01a9-ea4f-49e3-a434-e5cf60d72783\" data-immersive-translate-paragraph=\"1\">Funkcia aktivovan\u00e1 \u0165ahom: Technol\u00f3gia aktivovan\u00e1 \u0165ahom rob\u00ed pou\u017e\u00edvanie e-cigarety ve\u013emi jednoduch\u00fdm \u2013 automaticky sa aktivuje, ke\u010f \u0165ah\u00e1te.<\/p>\n<\/li>\n<li class=\"\" data-start=\"2232\" data-end=\"2379\" data-immersive-translate-walked=\"ff1c01a9-ea4f-49e3-a434-e5cf60d72783\">\n<p class=\"\" data-start=\"2234\" data-end=\"2379\" data-immersive-translate-walked=\"ff1c01a9-ea4f-49e3-a434-e5cf60d72783\" data-immersive-translate-paragraph=\"1\">Pou\u017e\u00edvate\u013esk\u00e1 priate\u013eskos\u0165: Bang Tick Tock pon\u00faka jednoduch\u00e9 a pou\u017e\u00edvate\u013esky pr\u00edvetiv\u00e9 ovl\u00e1danie, ide\u00e1lne pre vapera v\u0161etk\u00fdch \u00farovn\u00ed sk\u00fasenost\u00ed.<\/p>\n<\/li>\n<\/ul>\n<h4 data-start=\"2383\" data-end=\"2409\" data-immersive-translate-walked=\"ff1c01a9-ea4f-49e3-a434-e5cf60d72783\">Praktick\u00e9 pou\u017eitie<\/h4>\n<p class=\"\" data-start=\"2411\" data-end=\"2928\" data-immersive-translate-walked=\"ff1c01a9-ea4f-49e3-a434-e5cf60d72783\" data-immersive-translate-paragraph=\"1\">Bang Tick Tock 20000 Puffs je ur\u010den\u00e1 pre t\u00fdch, ktor\u00ed h\u013eadaj\u00fa v\u00fdkonn\u00fa, pou\u017e\u00edvate\u013esky priate\u013esk\u00fa a \u0161t\u00fdlov\u00fa jednorazov\u00fa e-cigaretu. S ve\u013ekou kapacitou E-Liquidu a dlhou \u017eivotnos\u0165ou je ide\u00e1lna na ka\u017edodenn\u00e9 pou\u017eitie. USB-C nab\u00edjac\u00ed port zabezpe\u010duje r\u00fdchle a bezprobl\u00e9mov\u00e9 nab\u00edjanie. Okrem toho pon\u00faka e-cigareta prostredn\u00edctvom dvoch re\u017eimov vapovania individu\u00e1lne prisp\u00f4sobenie spr\u00e1vania pary pod\u013ea preferenci\u00ed pou\u017e\u00edvate\u013ea.<\/p>\n<p class=\"\" data-start=\"2945\" data-end=\"3317\" data-immersive-translate-walked=\"ff1c01a9-ea4f-49e3-a434-e5cf60d72783\" data-immersive-translate-paragraph=\"1\">Bang Tick Tock 20000 Puffs je viac ne\u017e len oby\u010dajn\u00e1 jednorazov\u00e1 e-cigareta. So svoj\u00edm inovat\u00edvnym dizajnom, r\u00f4znymi funkciami a skvelou chu\u0165ou Blueberry Cherry Lemonade sa odli\u0161uje od in\u00fdch produktov. Je ide\u00e1lna pre vapera, ktor\u00ed h\u013eadaj\u00fa v\u0161estrann\u00e9 a jednoduch\u00e9 rie\u0161enie pre svoje vapovacie z\u00e1\u017eitky.<\/p>","protected":false},"excerpt":{"rendered":"<p>Bang Tick Tock 20000 Puffs: Najnov\u0161ia inov\u00e1cia v oblasti jednorazov\u00fdch e-cigariet Bang Tick Tock 20000 Puffs je pokro\u010dil\u00e1 jednorazov\u00e1 e-cigareta, ktor\u00e1 vynik\u00e1 svojimi...<\/p>","protected":false},"featured_media":6565,"template":"","meta":[],"etheme_brands":[],"product_brand":[101],"product_cat":[54,49,61],"product_tag":[],"class_list":{"0":"post-6582","1":"product","2":"type-product","3":"status-publish","4":"has-post-thumbnail","6":"product_brand-bang-king-vape","7":"product_cat-vape-20000-zuege","8":"product_cat-einweg-e-zigarette","9":"product_cat-f","11":"first","12":"instock","13":"shipping-taxable","14":"purchasable","15":"product-type-simple"},"yoast_head":"<!-- This site is optimized with the Yoast SEO plugin v26.5 - https:\/\/yoast.com\/wordpress\/plugins\/seo\/ -->\n<title>Bang Tick Tock 20000 Puffs Blueberry Cherry Lemonade F\u00fcr Deinen Fruchtigen Genuss | Vapingnet.de<\/title>\n<meta name=\"description\" content=\"Entdecke Bang Tick Tock 20000 Puffs Blueberry Cherry Lemonade F\u00fcr Deinen Fruchtigen Genuss bei vapingnet.de, \u25ba Gro\u00dfe Auswahl an Geschmacksrichtungen &amp; super g\u00fcnstig!\" \/>\n<meta name=\"robots\" content=\"index, follow, max-snippet:-1, max-image-preview:large, max-video-preview:-1\" \/>\n<link rel=\"canonical\" href=\"https:\/\/vapingnet.de\/sk\/vape\/bang-tick-tock-20000-puffs-blueberry-cherry-lemonade-fuer-deinen-fruchtigen-genuss\/\" \/>\n<meta property=\"og:locale\" content=\"sk_SK\" \/>\n<meta property=\"og:type\" content=\"article\" \/>\n<meta property=\"og:title\" content=\"Bang Tick Tock 20000 Puffs Blueberry Cherry Lemonade F\u00fcr Deinen Fruchtigen Genuss | Vapingnet.de\" \/>\n<meta property=\"og:description\" content=\"Entdecke Bang Tick Tock 20000 Puffs Blueberry Cherry Lemonade F\u00fcr Deinen Fruchtigen Genuss bei vapingnet.de, \u25ba Gro\u00dfe Auswahl an Geschmacksrichtungen &amp; super g\u00fcnstig!\" \/>\n<meta property=\"og:url\" content=\"https:\/\/vapingnet.de\/sk\/vape\/bang-tick-tock-20000-puffs-blueberry-cherry-lemonade-fuer-deinen-fruchtigen-genuss\/\" \/>\n<meta property=\"og:site_name\" content=\"Vapingnet.de\" \/>\n<meta property=\"article:publisher\" content=\"https:\/\/www.facebook.com\/vapingnetde\/\" \/>\n<meta property=\"article:modified_time\" content=\"2025-06-19T03:39:24+00:00\" \/>\n<meta property=\"og:image\" content=\"https:\/\/vapingnet.de\/wp-content\/uploads\/2025\/04\/Blueberry-Cherry-Lemonade.webp\" \/>\n\t<meta property=\"og:image:width\" content=\"1000\" \/>\n\t<meta property=\"og:image:height\" content=\"1000\" \/>\n\t<meta property=\"og:image:type\" content=\"image\/webp\" \/>\n<meta name=\"twitter:card\" content=\"summary_large_image\" \/>\n<meta name=\"twitter:label1\" content=\"Est. reading time\" \/>\n\t<meta name=\"twitter:data1\" content=\"3 minutes\" \/>\n<script type=\"application\/ld+json\" class=\"yoast-schema-graph\">{\"@context\":\"https:\/\/schema.org\",\"@graph\":[{\"@type\":\"WebPage\",\"@id\":\"https:\/\/vapingnet.de\/vape\/bang-tick-tock-20000-puffs-blueberry-cherry-lemonade-fuer-deinen-fruchtigen-genuss\/\",\"url\":\"https:\/\/vapingnet.de\/vape\/bang-tick-tock-20000-puffs-blueberry-cherry-lemonade-fuer-deinen-fruchtigen-genuss\/\",\"name\":\"Bang Tick Tock 20000 Puffs Blueberry Cherry Lemonade F\u00fcr Deinen Fruchtigen Genuss | Vapingnet.de\",\"isPartOf\":{\"@id\":\"https:\/\/vapingnet.de\/#website\"},\"primaryImageOfPage\":{\"@id\":\"https:\/\/vapingnet.de\/vape\/bang-tick-tock-20000-puffs-blueberry-cherry-lemonade-fuer-deinen-fruchtigen-genuss\/#primaryimage\"},\"image\":{\"@id\":\"https:\/\/vapingnet.de\/vape\/bang-tick-tock-20000-puffs-blueberry-cherry-lemonade-fuer-deinen-fruchtigen-genuss\/#primaryimage\"},\"thumbnailUrl\":\"https:\/\/vapingnet.de\/wp-content\/uploads\/2025\/04\/Blueberry-Cherry-Lemonade.webp\",\"datePublished\":\"2025-04-27T08:00:09+00:00\",\"dateModified\":\"2025-06-19T03:39:24+00:00\",\"description\":\"Entdecke Bang Tick Tock 20000 Puffs Blueberry Cherry Lemonade F\u00fcr Deinen Fruchtigen Genuss bei vapingnet.de, \u25ba Gro\u00dfe Auswahl an Geschmacksrichtungen & super g\u00fcnstig!\",\"breadcrumb\":{\"@id\":\"https:\/\/vapingnet.de\/vape\/bang-tick-tock-20000-puffs-blueberry-cherry-lemonade-fuer-deinen-fruchtigen-genuss\/#breadcrumb\"},\"inLanguage\":\"sk-SK\",\"potentialAction\":[{\"@type\":\"ReadAction\",\"target\":[\"https:\/\/vapingnet.de\/vape\/bang-tick-tock-20000-puffs-blueberry-cherry-lemonade-fuer-deinen-fruchtigen-genuss\/\"]}]},{\"@type\":\"ImageObject\",\"inLanguage\":\"sk-SK\",\"@id\":\"https:\/\/vapingnet.de\/vape\/bang-tick-tock-20000-puffs-blueberry-cherry-lemonade-fuer-deinen-fruchtigen-genuss\/#primaryimage\",\"url\":\"https:\/\/vapingnet.de\/wp-content\/uploads\/2025\/04\/Blueberry-Cherry-Lemonade.webp\",\"contentUrl\":\"https:\/\/vapingnet.de\/wp-content\/uploads\/2025\/04\/Blueberry-Cherry-Lemonade.webp\",\"width\":1000,\"height\":1000},{\"@type\":\"BreadcrumbList\",\"@id\":\"https:\/\/vapingnet.de\/vape\/bang-tick-tock-20000-puffs-blueberry-cherry-lemonade-fuer-deinen-fruchtigen-genuss\/#breadcrumb\",\"itemListElement\":[{\"@type\":\"ListItem\",\"position\":1,\"name\":\"Home\",\"item\":\"https:\/\/vapingnet.de\/\"},{\"@type\":\"ListItem\",\"position\":2,\"name\":\"Shop\",\"item\":\"https:\/\/vapingnet.de\/vape\/\"},{\"@type\":\"ListItem\",\"position\":3,\"name\":\"Bang Tick Tock 20000 Puffs Blueberry Cherry Lemonade F\u00fcr Deinen Fruchtigen Genuss\"}]},{\"@type\":\"WebSite\",\"@id\":\"https:\/\/vapingnet.de\/#website\",\"url\":\"https:\/\/vapingnet.de\/\",\"name\":\"Vapingnet.de\",\"description\":\"\",\"publisher\":{\"@id\":\"https:\/\/vapingnet.de\/#organization\"},\"potentialAction\":[{\"@type\":\"SearchAction\",\"target\":{\"@type\":\"EntryPoint\",\"urlTemplate\":\"https:\/\/vapingnet.de\/?s={search_term_string}\"},\"query-input\":{\"@type\":\"PropertyValueSpecification\",\"valueRequired\":true,\"valueName\":\"search_term_string\"}}],\"inLanguage\":\"sk-SK\"},{\"@type\":\"Organization\",\"@id\":\"https:\/\/vapingnet.de\/#organization\",\"name\":\"Vapingnet.de\",\"url\":\"https:\/\/vapingnet.de\/\",\"logo\":{\"@type\":\"ImageObject\",\"inLanguage\":\"sk-SK\",\"@id\":\"https:\/\/vapingnet.de\/#\/schema\/logo\/image\/\",\"url\":\"https:\/\/vapingnet.de\/wp-content\/uploads\/2025\/03\/cropped-vapingnet.de_.jpg\",\"contentUrl\":\"https:\/\/vapingnet.de\/wp-content\/uploads\/2025\/03\/cropped-vapingnet.de_.jpg\",\"width\":512,\"height\":512,\"caption\":\"Vapingnet.de\"},\"image\":{\"@id\":\"https:\/\/vapingnet.de\/#\/schema\/logo\/image\/\"},\"sameAs\":[\"https:\/\/www.facebook.com\/vapingnetde\/\"]}]}<\/script>\n<!-- \/ Yoast SEO plugin. -->","yoast_head_json":{"title":"Bang Tick Tock 20000 Puffs Blueberry Cherry Lemonade F\u00fcr Deinen Fruchtigen Genuss | Vapingnet.de","description":"Entdecke Bang Tick Tock 20000 Puffs Blueberry Cherry Lemonade F\u00fcr Deinen Fruchtigen Genuss bei vapingnet.de, \u25ba Gro\u00dfe Auswahl an Geschmacksrichtungen & super g\u00fcnstig!","robots":{"index":"index","follow":"follow","max-snippet":"max-snippet:-1","max-image-preview":"max-image-preview:large","max-video-preview":"max-video-preview:-1"},"canonical":"https:\/\/vapingnet.de\/sk\/vape\/bang-tick-tock-20000-puffs-blueberry-cherry-lemonade-fuer-deinen-fruchtigen-genuss\/","og_locale":"sk_SK","og_type":"article","og_title":"Bang Tick Tock 20000 Puffs Blueberry Cherry Lemonade F\u00fcr Deinen Fruchtigen Genuss | Vapingnet.de","og_description":"Entdecke Bang Tick Tock 20000 Puffs Blueberry Cherry Lemonade F\u00fcr Deinen Fruchtigen Genuss bei vapingnet.de, \u25ba Gro\u00dfe Auswahl an Geschmacksrichtungen & super g\u00fcnstig!","og_url":"https:\/\/vapingnet.de\/sk\/vape\/bang-tick-tock-20000-puffs-blueberry-cherry-lemonade-fuer-deinen-fruchtigen-genuss\/","og_site_name":"Vapingnet.de","article_publisher":"https:\/\/www.facebook.com\/vapingnetde\/","article_modified_time":"2025-06-19T03:39:24+00:00","og_image":[{"width":1000,"height":1000,"url":"https:\/\/vapingnet.de\/wp-content\/uploads\/2025\/04\/Blueberry-Cherry-Lemonade.webp","type":"image\/webp"}],"twitter_card":"summary_large_image","twitter_misc":{"Est. reading time":"3 minutes"},"schema":{"@context":"https:\/\/schema.org","@graph":[{"@type":"WebPage","@id":"https:\/\/vapingnet.de\/vape\/bang-tick-tock-20000-puffs-blueberry-cherry-lemonade-fuer-deinen-fruchtigen-genuss\/","url":"https:\/\/vapingnet.de\/vape\/bang-tick-tock-20000-puffs-blueberry-cherry-lemonade-fuer-deinen-fruchtigen-genuss\/","name":"Bang Tick Tock 20000 Puffs Blueberry Cherry Lemonade F\u00fcr Deinen Fruchtigen Genuss | Vapingnet.de","isPartOf":{"@id":"https:\/\/vapingnet.de\/#website"},"primaryImageOfPage":{"@id":"https:\/\/vapingnet.de\/vape\/bang-tick-tock-20000-puffs-blueberry-cherry-lemonade-fuer-deinen-fruchtigen-genuss\/#primaryimage"},"image":{"@id":"https:\/\/vapingnet.de\/vape\/bang-tick-tock-20000-puffs-blueberry-cherry-lemonade-fuer-deinen-fruchtigen-genuss\/#primaryimage"},"thumbnailUrl":"https:\/\/vapingnet.de\/wp-content\/uploads\/2025\/04\/Blueberry-Cherry-Lemonade.webp","datePublished":"2025-04-27T08:00:09+00:00","dateModified":"2025-06-19T03:39:24+00:00","description":"Entdecke Bang Tick Tock 20000 Puffs Blueberry Cherry Lemonade F\u00fcr Deinen Fruchtigen Genuss bei vapingnet.de, \u25ba Gro\u00dfe Auswahl an Geschmacksrichtungen & super g\u00fcnstig!","breadcrumb":{"@id":"https:\/\/vapingnet.de\/vape\/bang-tick-tock-20000-puffs-blueberry-cherry-lemonade-fuer-deinen-fruchtigen-genuss\/#breadcrumb"},"inLanguage":"sk-SK","potentialAction":[{"@type":"ReadAction","target":["https:\/\/vapingnet.de\/vape\/bang-tick-tock-20000-puffs-blueberry-cherry-lemonade-fuer-deinen-fruchtigen-genuss\/"]}]},{"@type":"ImageObject","inLanguage":"sk-SK","@id":"https:\/\/vapingnet.de\/vape\/bang-tick-tock-20000-puffs-blueberry-cherry-lemonade-fuer-deinen-fruchtigen-genuss\/#primaryimage","url":"https:\/\/vapingnet.de\/wp-content\/uploads\/2025\/04\/Blueberry-Cherry-Lemonade.webp","contentUrl":"https:\/\/vapingnet.de\/wp-content\/uploads\/2025\/04\/Blueberry-Cherry-Lemonade.webp","width":1000,"height":1000},{"@type":"BreadcrumbList","@id":"https:\/\/vapingnet.de\/vape\/bang-tick-tock-20000-puffs-blueberry-cherry-lemonade-fuer-deinen-fruchtigen-genuss\/#breadcrumb","itemListElement":[{"@type":"ListItem","position":1,"name":"Home","item":"https:\/\/vapingnet.de\/"},{"@type":"ListItem","position":2,"name":"Shop","item":"https:\/\/vapingnet.de\/vape\/"},{"@type":"ListItem","position":3,"name":"Bang Tick Tock 20000 Puffs Blueberry Cherry Lemonade F\u00fcr Deinen Fruchtigen Genuss"}]},{"@type":"WebSite","@id":"https:\/\/vapingnet.de\/#website","url":"https:\/\/vapingnet.de\/","name":"Vapingnet.de","description":"","publisher":{"@id":"https:\/\/vapingnet.de\/#organization"},"potentialAction":[{"@type":"SearchAction","target":{"@type":"EntryPoint","urlTemplate":"https:\/\/vapingnet.de\/?s={search_term_string}"},"query-input":{"@type":"PropertyValueSpecification","valueRequired":true,"valueName":"search_term_string"}}],"inLanguage":"sk-SK"},{"@type":"Organization","@id":"https:\/\/vapingnet.de\/#organization","name":"Vapingnet.de","url":"https:\/\/vapingnet.de\/","logo":{"@type":"ImageObject","inLanguage":"sk-SK","@id":"https:\/\/vapingnet.de\/#\/schema\/logo\/image\/","url":"https:\/\/vapingnet.de\/wp-content\/uploads\/2025\/03\/cropped-vapingnet.de_.jpg","contentUrl":"https:\/\/vapingnet.de\/wp-content\/uploads\/2025\/03\/cropped-vapingnet.de_.jpg","width":512,"height":512,"caption":"Vapingnet.de"},"image":{"@id":"https:\/\/vapingnet.de\/#\/schema\/logo\/image\/"},"sameAs":["https:\/\/www.facebook.com\/vapingnetde\/"]}]}},"tiered_pricing_type":"fixed","tiered_pricing_fixed_rules":{"10":"10.44","60":"9.4","110":"8.35","200":"7.31"},"tiered_pricing_product_settings":{"layout":"default","base_unit_name":{"singular":null,"plural":null},"default_variation":null},"tiered_pricing_minimum_quantity":null,"tiered_pricing_roles_data":[],"tiered_pricing_percentage_rules":[],"_links":{"self":[{"href":"https:\/\/vapingnet.de\/sk\/wp-json\/wp\/v2\/product\/6582","targetHints":{"allow":["GET"]}}],"collection":[{"href":"https:\/\/vapingnet.de\/sk\/wp-json\/wp\/v2\/product"}],"about":[{"href":"https:\/\/vapingnet.de\/sk\/wp-json\/wp\/v2\/types\/product"}],"version-history":[{"count":3,"href":"https:\/\/vapingnet.de\/sk\/wp-json\/wp\/v2\/product\/6582\/revisions"}],"predecessor-version":[{"id":6590,"href":"https:\/\/vapingnet.de\/sk\/wp-json\/wp\/v2\/product\/6582\/revisions\/6590"}],"wp:featuredmedia":[{"embeddable":true,"href":"https:\/\/vapingnet.de\/sk\/wp-json\/wp\/v2\/media\/6565"}],"wp:attachment":[{"href":"https:\/\/vapingnet.de\/sk\/wp-json\/wp\/v2\/media?parent=6582"}],"wp:term":[{"taxonomy":"brand","embeddable":true,"href":"https:\/\/vapingnet.de\/sk\/wp-json\/wp\/v2\/etheme_brands?post=6582"},{"taxonomy":"product_brand","embeddable":true,"href":"https:\/\/vapingnet.de\/sk\/wp-json\/wp\/v2\/product_brand?post=6582"},{"taxonomy":"product_cat","embeddable":true,"href":"https:\/\/vapingnet.de\/sk\/wp-json\/wp\/v2\/product_cat?post=6582"},{"taxonomy":"product_tag","embeddable":true,"href":"https:\/\/vapingnet.de\/sk\/wp-json\/wp\/v2\/product_tag?post=6582"}],"curies":[{"name":"wp","href":"https:\/\/api.w.org\/{rel}","templated":true}]}}