{"id":6585,"date":"2025-04-27T08:01:54","date_gmt":"2025-04-27T08:01:54","guid":{"rendered":"https:\/\/vapingnet.de\/?post_type=product&#038;p=6585"},"modified":"2025-06-19T03:39:23","modified_gmt":"2025-06-19T03:39:23","slug":"geniesse-den-frischen-geschmack-von-peach-ice-in-20000-puffs","status":"publish","type":"product","link":"https:\/\/vapingnet.de\/sk\/vape\/geniesse-den-frischen-geschmack-von-peach-ice-in-20000-puffs\/","title":{"rendered":"U\u017eite si svie\u017eu chu\u0165 Peach Ice v 20000 puffs"},"content":{"rendered":"<h2 data-start=\"0\" data-end=\"65\" data-immersive-translate-walked=\"ce7f7216-1711-433b-b569-9b63081b6a7e\">Bang Tick Tock 20000 Pufov \u2013 Va\u0161a dokonal\u00e1 jednorazov\u00e1 e-cigareta<\/h2>\n<p class=\"\" data-start=\"67\" data-end=\"406\" data-immersive-translate-walked=\"ce7f7216-1711-433b-b569-9b63081b6a7e\" data-immersive-translate-paragraph=\"1\">Bang Tick Tock 20000 Pufov je jednorazov\u00e1 e-cigareta, ktor\u00e1 ohromuje pokro\u010dilou technol\u00f3giou a vynikaj\u00facim parn\u00fdm v\u00fdkonom. Pon\u00faka dlhotrvaj\u00face rie\u0161enie pre vapery, ktor\u00ed h\u013eadaj\u00fa modern\u00fd a osvie\u017euj\u00faci z\u00e1\u017eitok. Ni\u017e\u0161ie sa dozviete, \u010do rob\u00ed tento model v\u00fdnimo\u010dn\u00fdm.<\/p>\n<h3>Hlavn\u00e9 vlastnosti Bang Tick Tock 20000 Pufov<\/h3>\n<ul data-start=\"462\" data-end=\"1554\" data-immersive-translate-walked=\"ce7f7216-1711-433b-b569-9b63081b6a7e\">\n<li class=\"\" data-start=\"462\" data-end=\"693\" data-immersive-translate-walked=\"ce7f7216-1711-433b-b569-9b63081b6a7e\">\n<p class=\"\" data-start=\"464\" data-end=\"693\" data-immersive-translate-walked=\"ce7f7216-1711-433b-b569-9b63081b6a7e\" data-immersive-translate-paragraph=\"1\">Mesh Cievka: S 1,0 Ohmovou mesh cievkou zabezpe\u010duje Bang Tick Tock 20000 Pufov rovnomern\u00e9 a intenz\u00edvne parenie. Mesh technol\u00f3gia zabezpe\u010duje lep\u0161ie rozlo\u017eenie tepla a vylep\u0161en\u00fd z\u00e1\u017eitok z parenia.<\/p>\n<\/li>\n<li class=\"\" data-start=\"697\" data-end=\"904\" data-immersive-translate-walked=\"ce7f7216-1711-433b-b569-9b63081b6a7e\">\n<p class=\"\" data-start=\"699\" data-end=\"904\" data-immersive-translate-walked=\"ce7f7216-1711-433b-b569-9b63081b6a7e\" data-immersive-translate-paragraph=\"1\">Kapacita E-Liquidu: E-cigareta pojme 25 ml E-liquidu, \u010do zabezpe\u010duje dlh\u00fa dobu pou\u017e\u00edvania a rob\u00ed ju praktickou vo\u013ebou pre vapery, ktor\u00ed nechc\u00fa neust\u00e1le h\u013eada\u0165 n\u00e1hradn\u00e9 z\u00e1soby.<\/p>\n<\/li>\n<li class=\"\" data-start=\"906\" data-end=\"1139\" data-immersive-translate-walked=\"ce7f7216-1711-433b-b569-9b63081b6a7e\">\n<p class=\"\" data-start=\"908\" data-end=\"1139\" data-immersive-translate-walked=\"ce7f7216-1711-433b-b569-9b63081b6a7e\" data-immersive-translate-paragraph=\"1\">Varianty nikot\u00ednu: Dostupn\u00e9 v nikot\u00ednov\u00fdch sil\u00e1ch 0%, 2%, 3% a 5%, tento model pon\u00faka flexibiln\u00e9 mo\u017enosti v z\u00e1vislosti od preferovanej sily. Tak si m\u00f4\u017eete prisp\u00f4sobi\u0165 z\u00e1\u017eitok z parenia presne pod\u013ea svojich potrieb.<\/p>\n<\/li>\n<li class=\"\" data-start=\"1141\" data-end=\"1380\" data-immersive-translate-walked=\"ce7f7216-1711-433b-b569-9b63081b6a7e\">\n<p class=\"\" data-start=\"1143\" data-end=\"1380\" data-immersive-translate-walked=\"ce7f7216-1711-433b-b569-9b63081b6a7e\" data-immersive-translate-paragraph=\"1\">Bat\u00e9ria: Vybaven\u00e1 500mAh bat\u00e9riou, ktor\u00e1 poskytuje dostatok v\u00fdkonu na a\u017e 20 000 \u0165ahov, garantuje Bang Tick Tock 20000 Pufov dlh\u00fa \u017eivotnos\u0165. Nemus\u00edte sa ob\u00e1va\u0165 \u010dast\u00e9ho nab\u00edjania.<\/p>\n<\/li>\n<li class=\"\" data-start=\"1382\" data-end=\"1554\" data-immersive-translate-walked=\"ce7f7216-1711-433b-b569-9b63081b6a7e\">\n<p class=\"\" data-start=\"1384\" data-end=\"1554\" data-immersive-translate-walked=\"ce7f7216-1711-433b-b569-9b63081b6a7e\" data-immersive-translate-paragraph=\"1\">Nab\u00edjac\u00ed port: Typ-C nab\u00edjac\u00ed port zabezpe\u010duje r\u00fdchle a jednoduch\u00e9 nab\u00edjanie, aby ste sa mohli r\u00fdchlo vr\u00e1ti\u0165 k svojmu z\u00e1\u017eitku z parenia.<\/p>\n<\/li>\n<\/ul>\n<h4 data-start=\"1556\" data-end=\"1593\" data-immersive-translate-walked=\"ce7f7216-1711-433b-b569-9b63081b6a7e\">\u0160peci\u00e1lne funkcie a re\u017eimy<\/h4>\n<ul data-start=\"1595\" data-end=\"2402\" data-immersive-translate-walked=\"ce7f7216-1711-433b-b569-9b63081b6a7e\">\n<li class=\"\" data-start=\"1595\" data-end=\"1888\" data-immersive-translate-walked=\"ce7f7216-1711-433b-b569-9b63081b6a7e\">\n<p class=\"\" data-start=\"1597\" data-end=\"1888\" data-immersive-translate-walked=\"ce7f7216-1711-433b-b569-9b63081b6a7e\" data-immersive-translate-paragraph=\"1\">Dynamick\u00fd displej: Jednou z najinovat\u00edvnej\u0161\u00edch vlastnost\u00ed tejto e-cigarety je dynamick\u00fd displej, ktor\u00fd po\u010das parenia zobrazuje vizu\u00e1lne efekty. Pri pou\u017e\u00edvan\u00ed zariadenia sa pohybuje ozuben\u00e9 koleso, \u010do rob\u00ed parenie z\u00e1bavn\u00fdm a interakt\u00edvnym z\u00e1\u017eitkom.<\/p>\n<\/li>\n<li class=\"\" data-start=\"1890\" data-end=\"2231\" data-immersive-translate-walked=\"ce7f7216-1711-433b-b569-9b63081b6a7e\">\n<p class=\"\" data-start=\"1892\" data-end=\"2231\" data-immersive-translate-walked=\"ce7f7216-1711-433b-b569-9b63081b6a7e\" data-immersive-translate-paragraph=\"1\">Dva re\u017eimy parenia: Bang Tick Tock 20000 Pufov pon\u00faka dva re\u017eimy parenia: dynamick\u00fd re\u017eim, pri ktorom sa ozuben\u00e9 koles\u00e1 ot\u00e1\u010daj\u00fa po\u010das parenia, a tich\u00fd re\u017eim, ktor\u00fd sa aktivuje tromi r\u00fdchlymi \u0165ahmi do dvoch sek\u00fand, \u010d\u00edm sa ozuben\u00e9 koles\u00e1 zastavia. Tak si m\u00f4\u017eete prisp\u00f4sobi\u0165 parenie pod\u013ea svojich \u017eelan\u00ed.<\/p>\n<\/li>\n<li class=\"\" data-start=\"2233\" data-end=\"2402\" data-immersive-translate-walked=\"ce7f7216-1711-433b-b569-9b63081b6a7e\">\n<p class=\"\" data-start=\"2235\" data-end=\"2402\" data-immersive-translate-walked=\"ce7f7216-1711-433b-b569-9b63081b6a7e\" data-immersive-translate-paragraph=\"1\">MTL Vapovanie: Zariadenie je navrhnut\u00e9 pre MTL (Mouth to Lung) parenie, \u010do ho rob\u00ed ide\u00e1lnym pre pou\u017e\u00edvate\u013eov, ktor\u00ed preferuj\u00fa tradi\u010dn\u00fd \u0161t\u00fdl faj\u010denia.<\/p>\n<\/li>\n<\/ul>\n<h4 data-start=\"2404\" data-end=\"2432\" data-immersive-translate-walked=\"ce7f7216-1711-433b-b569-9b63081b6a7e\">Chu\u0165: Peach Ice<\/h4>\n<p class=\"\" data-start=\"2434\" data-end=\"2768\" data-immersive-translate-walked=\"ce7f7216-1711-433b-b569-9b63081b6a7e\" data-immersive-translate-paragraph=\"1\">Chu\u0165 Bang Tick Tock 20000 Pufov je zmesou broskyne a \u013eadu. Sladk\u00e1, ovocn\u00e1 chu\u0165 broskyne je doplnen\u00e1 chladivou m\u00e4tovou pozn\u00e1mkou, \u010do zabezpe\u010duje osvie\u017euj\u00face a pr\u00edjemn\u00e9 parenie \u2013 ide\u00e1lne pre vapery, ktor\u00ed h\u013eadaj\u00fa ovocn\u00fa a z\u00e1rove\u0148 chladiv\u00fa sk\u00fasenos\u0165 s paren\u00edm.<\/p>\n<h4 data-start=\"2770\" data-end=\"2799\" data-immersive-translate-walked=\"ce7f7216-1711-433b-b569-9b63081b6a7e\">Preh\u013ead v\u00fdhod<\/h4>\n<ul data-start=\"2801\" data-end=\"3325\" data-immersive-translate-walked=\"ce7f7216-1711-433b-b569-9b63081b6a7e\">\n<li class=\"\" data-start=\"2801\" data-end=\"2990\" data-immersive-translate-walked=\"ce7f7216-1711-433b-b569-9b63081b6a7e\">\n<p class=\"\" data-start=\"2803\" data-end=\"2990\" data-immersive-translate-walked=\"ce7f7216-1711-433b-b569-9b63081b6a7e\" data-immersive-translate-paragraph=\"1\">Dlh\u00e1 \u017eivotnos\u0165: S kapacitou E-liquidu 25 ml a bat\u00e9riou 500mAh je Bang Tick Tock 20000 Pufov navrhnut\u00e1 tak, aby poskytla a\u017e 20 000 \u0165ahov.<\/p>\n<\/li>\n<li class=\"\" data-start=\"2991\" data-end=\"3174\" data-immersive-translate-walked=\"ce7f7216-1711-433b-b569-9b63081b6a7e\">\n<p class=\"\" data-start=\"2993\" data-end=\"3174\" data-immersive-translate-walked=\"ce7f7216-1711-433b-b569-9b63081b6a7e\" data-immersive-translate-paragraph=\"1\">Jednoduch\u00e9 ovl\u00e1danie: Syst\u00e9m aktivovan\u00fd \u0165ahom zabezpe\u010duje, \u017ee zariadenie sa automaticky aktivuje pri \u0165ahu. U\u017e nemus\u00edte ni\u010d stl\u00e1\u010da\u0165 alebo prep\u00edna\u0165.<\/p>\n<\/li>\n<li class=\"\" data-start=\"3175\" data-end=\"3325\" data-immersive-translate-walked=\"ce7f7216-1711-433b-b569-9b63081b6a7e\">\n<p class=\"\" data-start=\"3177\" data-end=\"3325\" data-immersive-translate-walked=\"ce7f7216-1711-433b-b569-9b63081b6a7e\" data-immersive-translate-paragraph=\"1\">Pohodln\u00e9 pou\u017e\u00edvanie: Typ-C nab\u00edjac\u00ed port umo\u017e\u0148uje r\u00fdchle a jednoduch\u00e9 nab\u00edjanie, tak\u017ee ste v\u017edy pripraven\u00ed na \u010fal\u0161ie parenie.<\/p>\n<\/li>\n<\/ul>\n<p class=\"\" data-start=\"3342\" data-end=\"3835\" data-immersive-translate-walked=\"ce7f7216-1711-433b-b569-9b63081b6a7e\" data-immersive-translate-paragraph=\"1\">Bang Tick Tock 20000 Pufov je vynikaj\u00faca jednorazov\u00e1 e-cigareta, ktor\u00e1 v\u00e1s nielen ohrom\u00ed svojou inovat\u00edvnou technol\u00f3giou, ale aj pr\u00edjemnou chu\u0165ou a pou\u017e\u00edvate\u013eskou pr\u00edstupnos\u0165ou. Ak h\u013ead\u00e1te dlhotrvaj\u00facu a prisp\u00f4sobite\u013en\u00fa e-cigaretu, ktor\u00e1 pon\u00faka interakt\u00edvny z\u00e1\u017eitok z parenia, tento model je presne pre v\u00e1s. Nav\u0161t\u00edvte vapingnet.de, aby ste sa dozvedeli viac a objednali si svoju Bang Tick Tock 20000 Pufov.<\/p>\n<p>&nbsp;<\/p>","protected":false},"excerpt":{"rendered":"<p>Bang Tick Tock 20000 Puffs \u2013 Va\u0161a dokonal\u00e1 jednorazov\u00e1 e-cigareta Bang Tick Tock 20000 Puffs je jednorazov\u00e1 e-cigareta, ktor\u00e1 vyu\u017e\u00edva pokro\u010dil\u00fa technol\u00f3giu a vynikaj\u00facu...<\/p>","protected":false},"featured_media":6570,"template":"","meta":[],"etheme_brands":[],"product_brand":[101],"product_cat":[54,49,61],"product_tag":[],"class_list":{"0":"post-6585","1":"product","2":"type-product","3":"status-publish","4":"has-post-thumbnail","6":"product_brand-bang-king-vape","7":"product_cat-vape-20000-zuege","8":"product_cat-einweg-e-zigarette","9":"product_cat-f","11":"first","12":"instock","13":"shipping-taxable","14":"purchasable","15":"product-type-simple"},"yoast_head":"<!-- This site is optimized with the Yoast SEO plugin v26.5 - https:\/\/yoast.com\/wordpress\/plugins\/seo\/ -->\n<title>Genie\u00dfe Den Frischen Geschmack Von Peach Ice In 20000 Puffs | Vapingnet.de<\/title>\n<meta name=\"description\" content=\"Entdecke Genie\u00dfe Den Frischen Geschmack Von Peach Ice In 20000 Puffs bei vapingnet.de, \u25ba Gro\u00dfe Auswahl an Geschmacksrichtungen &amp; super g\u00fcnstig!\" \/>\n<meta name=\"robots\" content=\"index, follow, max-snippet:-1, max-image-preview:large, max-video-preview:-1\" \/>\n<link rel=\"canonical\" href=\"https:\/\/vapingnet.de\/sk\/vape\/geniesse-den-frischen-geschmack-von-peach-ice-in-20000-puffs\/\" \/>\n<meta property=\"og:locale\" content=\"sk_SK\" \/>\n<meta property=\"og:type\" content=\"article\" \/>\n<meta property=\"og:title\" content=\"Genie\u00dfe Den Frischen Geschmack Von Peach Ice In 20000 Puffs | Vapingnet.de\" \/>\n<meta property=\"og:description\" content=\"Entdecke Genie\u00dfe Den Frischen Geschmack Von Peach Ice In 20000 Puffs bei vapingnet.de, \u25ba Gro\u00dfe Auswahl an Geschmacksrichtungen &amp; super g\u00fcnstig!\" \/>\n<meta property=\"og:url\" content=\"https:\/\/vapingnet.de\/sk\/vape\/geniesse-den-frischen-geschmack-von-peach-ice-in-20000-puffs\/\" \/>\n<meta property=\"og:site_name\" content=\"Vapingnet.de\" \/>\n<meta property=\"article:publisher\" content=\"https:\/\/www.facebook.com\/vapingnetde\/\" \/>\n<meta property=\"article:modified_time\" content=\"2025-06-19T03:39:23+00:00\" \/>\n<meta property=\"og:image\" content=\"https:\/\/vapingnet.de\/wp-content\/uploads\/2025\/04\/Peach-Ice-2.webp\" \/>\n\t<meta property=\"og:image:width\" content=\"1000\" \/>\n\t<meta property=\"og:image:height\" content=\"1000\" \/>\n\t<meta property=\"og:image:type\" content=\"image\/webp\" \/>\n<meta name=\"twitter:card\" content=\"summary_large_image\" \/>\n<meta name=\"twitter:label1\" content=\"Est. reading time\" \/>\n\t<meta name=\"twitter:data1\" content=\"4 minutes\" \/>\n<script type=\"application\/ld+json\" class=\"yoast-schema-graph\">{\"@context\":\"https:\/\/schema.org\",\"@graph\":[{\"@type\":\"WebPage\",\"@id\":\"https:\/\/vapingnet.de\/vape\/geniesse-den-frischen-geschmack-von-peach-ice-in-20000-puffs\/\",\"url\":\"https:\/\/vapingnet.de\/vape\/geniesse-den-frischen-geschmack-von-peach-ice-in-20000-puffs\/\",\"name\":\"Genie\u00dfe Den Frischen Geschmack Von Peach Ice In 20000 Puffs | Vapingnet.de\",\"isPartOf\":{\"@id\":\"https:\/\/vapingnet.de\/#website\"},\"primaryImageOfPage\":{\"@id\":\"https:\/\/vapingnet.de\/vape\/geniesse-den-frischen-geschmack-von-peach-ice-in-20000-puffs\/#primaryimage\"},\"image\":{\"@id\":\"https:\/\/vapingnet.de\/vape\/geniesse-den-frischen-geschmack-von-peach-ice-in-20000-puffs\/#primaryimage\"},\"thumbnailUrl\":\"https:\/\/vapingnet.de\/wp-content\/uploads\/2025\/04\/Peach-Ice-2.webp\",\"datePublished\":\"2025-04-27T08:01:54+00:00\",\"dateModified\":\"2025-06-19T03:39:23+00:00\",\"description\":\"Entdecke Genie\u00dfe Den Frischen Geschmack Von Peach Ice In 20000 Puffs bei vapingnet.de, \u25ba Gro\u00dfe Auswahl an Geschmacksrichtungen & super g\u00fcnstig!\",\"breadcrumb\":{\"@id\":\"https:\/\/vapingnet.de\/vape\/geniesse-den-frischen-geschmack-von-peach-ice-in-20000-puffs\/#breadcrumb\"},\"inLanguage\":\"sk-SK\",\"potentialAction\":[{\"@type\":\"ReadAction\",\"target\":[\"https:\/\/vapingnet.de\/vape\/geniesse-den-frischen-geschmack-von-peach-ice-in-20000-puffs\/\"]}]},{\"@type\":\"ImageObject\",\"inLanguage\":\"sk-SK\",\"@id\":\"https:\/\/vapingnet.de\/vape\/geniesse-den-frischen-geschmack-von-peach-ice-in-20000-puffs\/#primaryimage\",\"url\":\"https:\/\/vapingnet.de\/wp-content\/uploads\/2025\/04\/Peach-Ice-2.webp\",\"contentUrl\":\"https:\/\/vapingnet.de\/wp-content\/uploads\/2025\/04\/Peach-Ice-2.webp\",\"width\":1000,\"height\":1000},{\"@type\":\"BreadcrumbList\",\"@id\":\"https:\/\/vapingnet.de\/vape\/geniesse-den-frischen-geschmack-von-peach-ice-in-20000-puffs\/#breadcrumb\",\"itemListElement\":[{\"@type\":\"ListItem\",\"position\":1,\"name\":\"Home\",\"item\":\"https:\/\/vapingnet.de\/\"},{\"@type\":\"ListItem\",\"position\":2,\"name\":\"Shop\",\"item\":\"https:\/\/vapingnet.de\/vape\/\"},{\"@type\":\"ListItem\",\"position\":3,\"name\":\"Genie\u00dfe Den Frischen Geschmack Von Peach Ice In 20000 Puffs\"}]},{\"@type\":\"WebSite\",\"@id\":\"https:\/\/vapingnet.de\/#website\",\"url\":\"https:\/\/vapingnet.de\/\",\"name\":\"Vapingnet.de\",\"description\":\"\",\"publisher\":{\"@id\":\"https:\/\/vapingnet.de\/#organization\"},\"potentialAction\":[{\"@type\":\"SearchAction\",\"target\":{\"@type\":\"EntryPoint\",\"urlTemplate\":\"https:\/\/vapingnet.de\/?s={search_term_string}\"},\"query-input\":{\"@type\":\"PropertyValueSpecification\",\"valueRequired\":true,\"valueName\":\"search_term_string\"}}],\"inLanguage\":\"sk-SK\"},{\"@type\":\"Organization\",\"@id\":\"https:\/\/vapingnet.de\/#organization\",\"name\":\"Vapingnet.de\",\"url\":\"https:\/\/vapingnet.de\/\",\"logo\":{\"@type\":\"ImageObject\",\"inLanguage\":\"sk-SK\",\"@id\":\"https:\/\/vapingnet.de\/#\/schema\/logo\/image\/\",\"url\":\"https:\/\/vapingnet.de\/wp-content\/uploads\/2025\/03\/cropped-vapingnet.de_.jpg\",\"contentUrl\":\"https:\/\/vapingnet.de\/wp-content\/uploads\/2025\/03\/cropped-vapingnet.de_.jpg\",\"width\":512,\"height\":512,\"caption\":\"Vapingnet.de\"},\"image\":{\"@id\":\"https:\/\/vapingnet.de\/#\/schema\/logo\/image\/\"},\"sameAs\":[\"https:\/\/www.facebook.com\/vapingnetde\/\"]}]}<\/script>\n<!-- \/ Yoast SEO plugin. -->","yoast_head_json":{"title":"Genie\u00dfe Den Frischen Geschmack Von Peach Ice In 20000 Puffs | Vapingnet.de","description":"Entdecke Genie\u00dfe Den Frischen Geschmack Von Peach Ice In 20000 Puffs bei vapingnet.de, \u25ba Gro\u00dfe Auswahl an Geschmacksrichtungen & super g\u00fcnstig!","robots":{"index":"index","follow":"follow","max-snippet":"max-snippet:-1","max-image-preview":"max-image-preview:large","max-video-preview":"max-video-preview:-1"},"canonical":"https:\/\/vapingnet.de\/sk\/vape\/geniesse-den-frischen-geschmack-von-peach-ice-in-20000-puffs\/","og_locale":"sk_SK","og_type":"article","og_title":"Genie\u00dfe Den Frischen Geschmack Von Peach Ice In 20000 Puffs | Vapingnet.de","og_description":"Entdecke Genie\u00dfe Den Frischen Geschmack Von Peach Ice In 20000 Puffs bei vapingnet.de, \u25ba Gro\u00dfe Auswahl an Geschmacksrichtungen & super g\u00fcnstig!","og_url":"https:\/\/vapingnet.de\/sk\/vape\/geniesse-den-frischen-geschmack-von-peach-ice-in-20000-puffs\/","og_site_name":"Vapingnet.de","article_publisher":"https:\/\/www.facebook.com\/vapingnetde\/","article_modified_time":"2025-06-19T03:39:23+00:00","og_image":[{"width":1000,"height":1000,"url":"https:\/\/vapingnet.de\/wp-content\/uploads\/2025\/04\/Peach-Ice-2.webp","type":"image\/webp"}],"twitter_card":"summary_large_image","twitter_misc":{"Est. reading time":"4 minutes"},"schema":{"@context":"https:\/\/schema.org","@graph":[{"@type":"WebPage","@id":"https:\/\/vapingnet.de\/vape\/geniesse-den-frischen-geschmack-von-peach-ice-in-20000-puffs\/","url":"https:\/\/vapingnet.de\/vape\/geniesse-den-frischen-geschmack-von-peach-ice-in-20000-puffs\/","name":"Genie\u00dfe Den Frischen Geschmack Von Peach Ice In 20000 Puffs | Vapingnet.de","isPartOf":{"@id":"https:\/\/vapingnet.de\/#website"},"primaryImageOfPage":{"@id":"https:\/\/vapingnet.de\/vape\/geniesse-den-frischen-geschmack-von-peach-ice-in-20000-puffs\/#primaryimage"},"image":{"@id":"https:\/\/vapingnet.de\/vape\/geniesse-den-frischen-geschmack-von-peach-ice-in-20000-puffs\/#primaryimage"},"thumbnailUrl":"https:\/\/vapingnet.de\/wp-content\/uploads\/2025\/04\/Peach-Ice-2.webp","datePublished":"2025-04-27T08:01:54+00:00","dateModified":"2025-06-19T03:39:23+00:00","description":"Entdecke Genie\u00dfe Den Frischen Geschmack Von Peach Ice In 20000 Puffs bei vapingnet.de, \u25ba Gro\u00dfe Auswahl an Geschmacksrichtungen & super g\u00fcnstig!","breadcrumb":{"@id":"https:\/\/vapingnet.de\/vape\/geniesse-den-frischen-geschmack-von-peach-ice-in-20000-puffs\/#breadcrumb"},"inLanguage":"sk-SK","potentialAction":[{"@type":"ReadAction","target":["https:\/\/vapingnet.de\/vape\/geniesse-den-frischen-geschmack-von-peach-ice-in-20000-puffs\/"]}]},{"@type":"ImageObject","inLanguage":"sk-SK","@id":"https:\/\/vapingnet.de\/vape\/geniesse-den-frischen-geschmack-von-peach-ice-in-20000-puffs\/#primaryimage","url":"https:\/\/vapingnet.de\/wp-content\/uploads\/2025\/04\/Peach-Ice-2.webp","contentUrl":"https:\/\/vapingnet.de\/wp-content\/uploads\/2025\/04\/Peach-Ice-2.webp","width":1000,"height":1000},{"@type":"BreadcrumbList","@id":"https:\/\/vapingnet.de\/vape\/geniesse-den-frischen-geschmack-von-peach-ice-in-20000-puffs\/#breadcrumb","itemListElement":[{"@type":"ListItem","position":1,"name":"Home","item":"https:\/\/vapingnet.de\/"},{"@type":"ListItem","position":2,"name":"Shop","item":"https:\/\/vapingnet.de\/vape\/"},{"@type":"ListItem","position":3,"name":"Genie\u00dfe Den Frischen Geschmack Von Peach Ice In 20000 Puffs"}]},{"@type":"WebSite","@id":"https:\/\/vapingnet.de\/#website","url":"https:\/\/vapingnet.de\/","name":"Vapingnet.de","description":"","publisher":{"@id":"https:\/\/vapingnet.de\/#organization"},"potentialAction":[{"@type":"SearchAction","target":{"@type":"EntryPoint","urlTemplate":"https:\/\/vapingnet.de\/?s={search_term_string}"},"query-input":{"@type":"PropertyValueSpecification","valueRequired":true,"valueName":"search_term_string"}}],"inLanguage":"sk-SK"},{"@type":"Organization","@id":"https:\/\/vapingnet.de\/#organization","name":"Vapingnet.de","url":"https:\/\/vapingnet.de\/","logo":{"@type":"ImageObject","inLanguage":"sk-SK","@id":"https:\/\/vapingnet.de\/#\/schema\/logo\/image\/","url":"https:\/\/vapingnet.de\/wp-content\/uploads\/2025\/03\/cropped-vapingnet.de_.jpg","contentUrl":"https:\/\/vapingnet.de\/wp-content\/uploads\/2025\/03\/cropped-vapingnet.de_.jpg","width":512,"height":512,"caption":"Vapingnet.de"},"image":{"@id":"https:\/\/vapingnet.de\/#\/schema\/logo\/image\/"},"sameAs":["https:\/\/www.facebook.com\/vapingnetde\/"]}]}},"tiered_pricing_type":"fixed","tiered_pricing_fixed_rules":{"10":"10.44","60":"9.4","110":"8.35","200":"7.31"},"tiered_pricing_product_settings":{"layout":"default","base_unit_name":{"singular":null,"plural":null},"default_variation":null},"tiered_pricing_minimum_quantity":null,"tiered_pricing_roles_data":[],"tiered_pricing_percentage_rules":[],"_links":{"self":[{"href":"https:\/\/vapingnet.de\/sk\/wp-json\/wp\/v2\/product\/6585","targetHints":{"allow":["GET"]}}],"collection":[{"href":"https:\/\/vapingnet.de\/sk\/wp-json\/wp\/v2\/product"}],"about":[{"href":"https:\/\/vapingnet.de\/sk\/wp-json\/wp\/v2\/types\/product"}],"version-history":[{"count":1,"href":"https:\/\/vapingnet.de\/sk\/wp-json\/wp\/v2\/product\/6585\/revisions"}],"predecessor-version":[{"id":6592,"href":"https:\/\/vapingnet.de\/sk\/wp-json\/wp\/v2\/product\/6585\/revisions\/6592"}],"wp:featuredmedia":[{"embeddable":true,"href":"https:\/\/vapingnet.de\/sk\/wp-json\/wp\/v2\/media\/6570"}],"wp:attachment":[{"href":"https:\/\/vapingnet.de\/sk\/wp-json\/wp\/v2\/media?parent=6585"}],"wp:term":[{"taxonomy":"brand","embeddable":true,"href":"https:\/\/vapingnet.de\/sk\/wp-json\/wp\/v2\/etheme_brands?post=6585"},{"taxonomy":"product_brand","embeddable":true,"href":"https:\/\/vapingnet.de\/sk\/wp-json\/wp\/v2\/product_brand?post=6585"},{"taxonomy":"product_cat","embeddable":true,"href":"https:\/\/vapingnet.de\/sk\/wp-json\/wp\/v2\/product_cat?post=6585"},{"taxonomy":"product_tag","embeddable":true,"href":"https:\/\/vapingnet.de\/sk\/wp-json\/wp\/v2\/product_tag?post=6585"}],"curies":[{"name":"wp","href":"https:\/\/api.w.org\/{rel}","templated":true}]}}