{"id":6586,"date":"2025-04-27T08:01:55","date_gmt":"2025-04-27T08:01:55","guid":{"rendered":"https:\/\/vapingnet.de\/?post_type=product&#038;p=6586"},"modified":"2025-06-19T03:39:23","modified_gmt":"2025-06-19T03:39:23","slug":"bang-tick-tock-20000-puffs-strawberry-banana-zollerfrei-und-global-beliebt","status":"publish","type":"product","link":"https:\/\/vapingnet.de\/sk\/vape\/bang-tick-tock-20000-puffs-strawberry-banana-zollerfrei-und-global-beliebt\/","title":{"rendered":"Bang Tick Tock 20000 Puffs Jahoda Ban\u00e1n Zollerfrei a Glob\u00e1lne ob\u013e\u00faben\u00e9"},"content":{"rendered":"<h2 data-start=\"0\" data-end=\"77\" data-immersive-translate-walked=\"fada701a-64dc-4ccc-ba77-6035154f42a2\">Bang Tick Tock 20000 Puffs: Jedine\u010dn\u00e9 vapovanie s inov\u00e1ciou a \u0161t\u00fdlom<\/h2>\n<p class=\"\" data-start=\"79\" data-end=\"488\" data-immersive-translate-walked=\"fada701a-64dc-4ccc-ba77-6035154f42a2\" data-immersive-translate-paragraph=\"1\">Bang Tick Tock 20000 Puffs predstavuje p\u00f4sobiv\u00fd pokrok v oblasti jednorazov\u00fdch e-cigariet. S mno\u017estvom inovat\u00edvnych funkci\u00ed, modern\u00fdm dizajnom a v\u00fdberom pr\u00edchut\u00ed sa tento model odli\u0161uje od ostatn\u00fdch. V tomto \u010dl\u00e1nku sa podrobne pozrieme na vynikaj\u00face vlastnosti tohto produktu a na to, \u010do ho rob\u00ed tak v\u00fdnimo\u010dn\u00fdm pre vapovanie.<\/p>\n<p class=\"\" data-start=\"519\" data-end=\"913\" data-immersive-translate-walked=\"fada701a-64dc-4ccc-ba77-6035154f42a2\" data-immersive-translate-paragraph=\"1\">Bang Tick Tock 20000 Puffs nie je len oby\u010dajn\u00e1 jednorazov\u00e1 e-cigareta. Kombinuje kvalitn\u00fa technol\u00f3giu s premyslen\u00fdm dizajnom a pon\u00faka mno\u017estvo v\u00fdhod, v\u010faka ktor\u00fdm je ob\u013e\u00fabenou vo\u013ebou pre vapovanie. Je ide\u00e1lna pre t\u00fdch, ktor\u00ed h\u013eadaj\u00fa dlh\u00e9, pr\u00edjemn\u00e9 vapovanie a nechc\u00fa pri tom robi\u0165 kompromisy v kvalite a inov\u00e1ci\u00e1ch.<\/p>\n<h4 class=\"\" data-start=\"915\" data-end=\"938\" data-immersive-translate-walked=\"fada701a-64dc-4ccc-ba77-6035154f42a2\">Hlavn\u00e9 vlastnosti:<\/h4>\n<ul data-start=\"940\" data-end=\"2257\" data-immersive-translate-walked=\"fada701a-64dc-4ccc-ba77-6035154f42a2\">\n<li class=\"\" data-start=\"940\" data-end=\"1119\" data-immersive-translate-walked=\"fada701a-64dc-4ccc-ba77-6035154f42a2\">\n<p class=\"\" data-start=\"942\" data-end=\"1119\" data-immersive-translate-walked=\"fada701a-64dc-4ccc-ba77-6035154f42a2\" data-immersive-translate-paragraph=\"1\">Kapacita e-liquidu: S 25 ml e-liquidu si pou\u017e\u00edvatelia m\u00f4\u017eu u\u017e\u00edva\u0165 dlh\u0161iu dobu bez neust\u00e1leho dop\u013a\u0148ania. To zabezpe\u010duje plynul\u00fd z\u00e1\u017eitok.<\/p>\n<\/li>\n<li class=\"\" data-start=\"1123\" data-end=\"1299\" data-immersive-translate-walked=\"fada701a-64dc-4ccc-ba77-6035154f42a2\">\n<p class=\"\" data-start=\"1125\" data-end=\"1299\" data-immersive-translate-walked=\"fada701a-64dc-4ccc-ba77-6035154f42a2\" data-immersive-translate-paragraph=\"1\">Mo\u017enosti nikot\u00ednu: Bang Tick Tock 20000 Puffs pon\u00faka v\u00fdber medzi nikot\u00ednmi 0%, 2%, 3% a 5%, tak\u017ee vap\u00e9ri si m\u00f4\u017eu vybra\u0165 svoju preferovan\u00fa silu nikot\u00ednu.<\/p>\n<\/li>\n<li class=\"\" data-start=\"1301\" data-end=\"1496\" data-immersive-translate-walked=\"fada701a-64dc-4ccc-ba77-6035154f42a2\">\n<p class=\"\" data-start=\"1303\" data-end=\"1496\" data-immersive-translate-walked=\"fada701a-64dc-4ccc-ba77-6035154f42a2\" data-immersive-translate-paragraph=\"1\">Mesh cievka (1.0 Ohm): Mesh cievka zabezpe\u010duje rovnomern\u00e9 odparovanie a intenz\u00edvnu chu\u0165 pri ka\u017edom \u0165ahu. To garantuje optim\u00e1lnu produkciu pary a pr\u00edjemn\u00fd z\u00e1\u017eitok.<\/p>\n<\/li>\n<li class=\"\" data-start=\"1498\" data-end=\"1653\" data-immersive-translate-walked=\"fada701a-64dc-4ccc-ba77-6035154f42a2\">\n<p class=\"\" data-start=\"1500\" data-end=\"1653\" data-immersive-translate-walked=\"fada701a-64dc-4ccc-ba77-6035154f42a2\" data-immersive-translate-paragraph=\"1\">Bat\u00e9ria: S bat\u00e9riou 500mAh poskytuje e-cigareta dostatok energie na dlh\u00fa \u017eivotnos\u0165 a umo\u017e\u0148uje a\u017e 20 000 \u0165ahov.<\/p>\n<\/li>\n<li class=\"\" data-start=\"1655\" data-end=\"1782\" data-immersive-translate-walked=\"fada701a-64dc-4ccc-ba77-6035154f42a2\">\n<p class=\"\" data-start=\"1657\" data-end=\"1782\" data-immersive-translate-walked=\"fada701a-64dc-4ccc-ba77-6035154f42a2\" data-immersive-translate-paragraph=\"1\">Typ-C nab\u00edjac\u00ed port: Modern\u00fd nab\u00edjac\u00ed port typu C umo\u017e\u0148uje r\u00fdchle a jednoduch\u00e9 nab\u00edjanie e-cigarety.<\/p>\n<\/li>\n<li class=\"\" data-start=\"1784\" data-end=\"2118\" data-immersive-translate-walked=\"fada701a-64dc-4ccc-ba77-6035154f42a2\">\n<p class=\"\" data-start=\"1786\" data-end=\"1866\" data-immersive-translate-walked=\"fada701a-64dc-4ccc-ba77-6035154f42a2\" data-immersive-translate-paragraph=\"1\">Re\u017eimy vapovania: Bang Tick Tock 20000 Puffs m\u00e1 dva re\u017eimy vapovania:<\/p>\n<ul data-start=\"1869\" data-end=\"2118\" data-immersive-translate-walked=\"fada701a-64dc-4ccc-ba77-6035154f42a2\">\n<li class=\"\" data-start=\"1869\" data-end=\"1991\" data-immersive-translate-walked=\"fada701a-64dc-4ccc-ba77-6035154f42a2\">\n<p class=\"\" data-start=\"1871\" data-end=\"1991\" data-immersive-translate-walked=\"fada701a-64dc-4ccc-ba77-6035154f42a2\" data-immersive-translate-paragraph=\"1\">Dynamick\u00fd re\u017eim: Po\u010das vapovania sa ot\u00e1\u010daj\u00fa ozuben\u00e9 koles\u00e1, \u010do vytv\u00e1ra jedine\u010dn\u00fd vizu\u00e1lny efekt.<\/p>\n<\/li>\n<li class=\"\" data-start=\"1994\" data-end=\"2118\" data-immersive-translate-walked=\"fada701a-64dc-4ccc-ba77-6035154f42a2\">\n<p class=\"\" data-start=\"1996\" data-end=\"2118\" data-immersive-translate-walked=\"fada701a-64dc-4ccc-ba77-6035154f42a2\" data-immersive-translate-paragraph=\"1\">Tich\u00fd re\u017eim: Tri r\u00fdchle \u0165ahy do dvoch sek\u00fand zastavia ozuben\u00e9 koles\u00e1 a umo\u017enia tich\u00e9 vapovanie.<\/p>\n<\/li>\n<\/ul>\n<\/li>\n<li class=\"\" data-start=\"2120\" data-end=\"2257\" data-immersive-translate-walked=\"fada701a-64dc-4ccc-ba77-6035154f42a2\">\n<p class=\"\" data-start=\"2122\" data-end=\"2257\" data-immersive-translate-walked=\"fada701a-64dc-4ccc-ba77-6035154f42a2\" data-immersive-translate-paragraph=\"1\">Aktiv\u00e1cia \u0165ahom: Pr\u00edstroj sa automaticky aktivuje pri \u0165ahu, \u010do umo\u017e\u0148uje jednoduch\u00e9 ovl\u00e1danie bez tla\u010didiel.<\/p>\n<\/li>\n<\/ul>\n<h4>Pr\u00edchu\u0165: Jahoda Ban\u00e1n<\/h4>\n<p class=\"\" data-start=\"2298\" data-end=\"2619\" data-immersive-translate-walked=\"fada701a-64dc-4ccc-ba77-6035154f42a2\" data-immersive-translate-paragraph=\"1\">Bang Tick Tock 20000 Puffs pon\u00faka lahodn\u00fa pr\u00edchu\u0165 Jahoda Ban\u00e1n, ktor\u00e1 sp\u00e1ja sladk\u00fa a svie\u017eu kombin\u00e1ciu jah\u00f4d a ban\u00e1nov. T\u00e1to pr\u00edchu\u0165 je ob\u013e\u00faben\u00e1 najm\u00e4 u vap\u00e9rov, ktor\u00ed preferuj\u00fa ovocn\u00e9, sladk\u00e9 ar\u00f3my. Chu\u0165 zost\u00e1va intenz\u00edvna a pr\u00edjemn\u00e1 aj po mnoh\u00fdch \u0165ahoch.<\/p>\n<h3>V\u00fdhody Bang Tick Tock 20000 Puffs<\/h3>\n<p class=\"\" data-start=\"2670\" data-end=\"2781\" data-immersive-translate-walked=\"fada701a-64dc-4ccc-ba77-6035154f42a2\" data-immersive-translate-paragraph=\"1\">Bang Tick Tock 20000 Puffs m\u00e1 mnoho v\u00fdhod, ktor\u00e9 ju robia vynikaj\u00facou vo\u013ebou pre vapovanie:<\/p>\n<ul data-start=\"2783\" data-end=\"3615\" data-immersive-translate-walked=\"fada701a-64dc-4ccc-ba77-6035154f42a2\">\n<li class=\"\" data-start=\"2783\" data-end=\"2967\" data-immersive-translate-walked=\"fada701a-64dc-4ccc-ba77-6035154f42a2\">\n<p class=\"\" data-start=\"2785\" data-end=\"2967\" data-immersive-translate-walked=\"fada701a-64dc-4ccc-ba77-6035154f42a2\" data-immersive-translate-paragraph=\"1\">Dlh\u00e1 \u017eivotnos\u0165: V\u010faka bat\u00e9rii 500mAh a kapacite e-liquidu 25 ml je e-cigareta ide\u00e1lna na dlh\u0161ie pou\u017e\u00edvanie bez nutnosti dop\u013a\u0148ania.<\/p>\n<\/li>\n<li class=\"\" data-start=\"2971\" data-end=\"3139\" data-immersive-translate-walked=\"fada701a-64dc-4ccc-ba77-6035154f42a2\">\n<p class=\"\" data-start=\"2973\" data-end=\"3139\" data-immersive-translate-walked=\"fada701a-64dc-4ccc-ba77-6035154f42a2\" data-immersive-translate-paragraph=\"1\">Flexibilita v mo\u017enostiach nikot\u00ednu: Vap\u00e9ri si m\u00f4\u017eu pod\u013ea preferenci\u00ed vybra\u0165 medzi \u0161tyrmi r\u00f4znymi silami nikot\u00ednu a prisp\u00f4sobi\u0165 si tak svoje vapovanie.<\/p>\n<\/li>\n<li class=\"\" data-start=\"3141\" data-end=\"3283\" data-immersive-translate-walked=\"fada701a-64dc-4ccc-ba77-6035154f42a2\">\n<p class=\"\" data-start=\"3143\" data-end=\"3283\" data-immersive-translate-walked=\"fada701a-64dc-4ccc-ba77-6035154f42a2\" data-immersive-translate-paragraph=\"1\">Jednoduch\u00e9 ovl\u00e1danie: Funkcia aktiv\u00e1cie \u0165ahom zabezpe\u010duje, \u017ee pr\u00edstroj je pripraven\u00fd na pou\u017eitie okam\u017eite, bez tla\u010didiel.<\/p>\n<\/li>\n<li class=\"\" data-start=\"3285\" data-end=\"3453\" data-immersive-translate-walked=\"fada701a-64dc-4ccc-ba77-6035154f42a2\">\n<p class=\"\" data-start=\"3287\" data-end=\"3453\" data-immersive-translate-walked=\"fada701a-64dc-4ccc-ba77-6035154f42a2\" data-immersive-translate-paragraph=\"1\">Dva re\u017eimy vapovania: Dynamick\u00fd re\u017eim a tich\u00fd re\u017eim pon\u00fakaj\u00fa r\u00f4znorod\u00fd z\u00e1\u017eitok a m\u00f4\u017eu sa pou\u017e\u00edva\u0165 pod\u013ea preferenci\u00ed a potrieb.<\/p>\n<\/li>\n<li class=\"\" data-start=\"3455\" data-end=\"3615\" data-immersive-translate-walked=\"fada701a-64dc-4ccc-ba77-6035154f42a2\">\n<p class=\"\" data-start=\"3457\" data-end=\"3615\" data-immersive-translate-walked=\"fada701a-64dc-4ccc-ba77-6035154f42a2\" data-immersive-translate-paragraph=\"1\">Rozmanitos\u0165 chut\u00ed: S pr\u00edchu\u0165ou jahoda-ban\u00e1n sa ka\u017ed\u00e1 prest\u00e1vka na vapovanie st\u00e1va ovocn\u00fdm z\u00e1\u017eitkom, ktor\u00fd prin\u00e1\u0161a p\u00f4\u017eitok po\u010das cel\u00e9ho d\u0148a.<\/p>\n<\/li>\n<\/ul>\n<p class=\"\" data-start=\"3632\" data-end=\"4108\" data-immersive-translate-walked=\"fada701a-64dc-4ccc-ba77-6035154f42a2\" data-immersive-translate-paragraph=\"1\">Bang Tick Tock 20000 Puffs je vynikaj\u00facou vo\u013ebou pre vapovanie, ktor\u00ed h\u013eadaj\u00fa inovat\u00edvnu, pou\u017e\u00edvate\u013esky pr\u00edvetiv\u00fa a v\u00fdkonn\u00fa jednorazov\u00fa e-cigaretu. S dlhodobou \u017eivotnos\u0165ou, r\u00f4znymi \u00farov\u0148ami nikot\u00ednu a v\u00fdberom pr\u00edchut\u00ed pon\u00faka v\u0161etko, \u010do je potrebn\u00e9 pre optim\u00e1lny z\u00e1\u017eitok z vapovania. Nav\u0161t\u00edvte vapingnet.de a za\u017eite jedine\u010dn\u00fa chu\u0165 a modern\u00e9 funkcie Bang Tick Tock 20000 Puffs.<\/p>","protected":false},"excerpt":{"rendered":"<p>Bang Tick Tock 20000 Puffs: Jedine\u010dn\u00e9 parenie s inov\u00e1ciou a \u0161t\u00fdlom Bang Tick Tock 20000 Puffs predstavuje p\u00f4sobiv\u00fd pokrok v oblasti jednorazov\u00fdch e-cigariet...<\/p>","protected":false},"featured_media":6571,"template":"","meta":[],"etheme_brands":[],"product_brand":[101],"product_cat":[54,49,61],"product_tag":[],"class_list":{"0":"post-6586","1":"product","2":"type-product","3":"status-publish","4":"has-post-thumbnail","6":"product_brand-bang-king-vape","7":"product_cat-vape-20000-zuege","8":"product_cat-einweg-e-zigarette","9":"product_cat-f","11":"first","12":"instock","13":"shipping-taxable","14":"purchasable","15":"product-type-simple"},"yoast_head":"<!-- This site is optimized with the Yoast SEO plugin v26.5 - https:\/\/yoast.com\/wordpress\/plugins\/seo\/ -->\n<title>Bang Tick Tock 20000 Puffs Strawberry Banana Zollerfrei Und Global Beliebt | Vapingnet.de<\/title>\n<meta name=\"description\" content=\"Entdecke Bang Tick Tock 20000 Puffs Strawberry Banana Zollerfrei Und Global Beliebt bei vapingnet.de, \u25ba Gro\u00dfe Auswahl an Geschmacksrichtungen &amp; super g\u00fcnstig!\" \/>\n<meta name=\"robots\" content=\"index, follow, max-snippet:-1, max-image-preview:large, max-video-preview:-1\" \/>\n<link rel=\"canonical\" href=\"https:\/\/vapingnet.de\/sk\/vape\/bang-tick-tock-20000-puffs-strawberry-banana-zollerfrei-und-global-beliebt\/\" \/>\n<meta property=\"og:locale\" content=\"sk_SK\" \/>\n<meta property=\"og:type\" content=\"article\" \/>\n<meta property=\"og:title\" content=\"Bang Tick Tock 20000 Puffs Strawberry Banana Zollerfrei Und Global Beliebt | Vapingnet.de\" \/>\n<meta property=\"og:description\" content=\"Entdecke Bang Tick Tock 20000 Puffs Strawberry Banana Zollerfrei Und Global Beliebt bei vapingnet.de, \u25ba Gro\u00dfe Auswahl an Geschmacksrichtungen &amp; super g\u00fcnstig!\" \/>\n<meta property=\"og:url\" content=\"https:\/\/vapingnet.de\/sk\/vape\/bang-tick-tock-20000-puffs-strawberry-banana-zollerfrei-und-global-beliebt\/\" \/>\n<meta property=\"og:site_name\" content=\"Vapingnet.de\" \/>\n<meta property=\"article:publisher\" content=\"https:\/\/www.facebook.com\/vapingnetde\/\" \/>\n<meta property=\"article:modified_time\" content=\"2025-06-19T03:39:23+00:00\" \/>\n<meta property=\"og:image\" content=\"https:\/\/vapingnet.de\/wp-content\/uploads\/2025\/04\/Strawberry-Banana-1.webp\" \/>\n\t<meta property=\"og:image:width\" content=\"1000\" \/>\n\t<meta property=\"og:image:height\" content=\"1000\" \/>\n\t<meta property=\"og:image:type\" content=\"image\/webp\" \/>\n<meta name=\"twitter:card\" content=\"summary_large_image\" \/>\n<meta name=\"twitter:label1\" content=\"Est. reading time\" \/>\n\t<meta name=\"twitter:data1\" content=\"4 minutes\" \/>\n<script type=\"application\/ld+json\" class=\"yoast-schema-graph\">{\"@context\":\"https:\/\/schema.org\",\"@graph\":[{\"@type\":\"WebPage\",\"@id\":\"https:\/\/vapingnet.de\/vape\/bang-tick-tock-20000-puffs-strawberry-banana-zollerfrei-und-global-beliebt\/\",\"url\":\"https:\/\/vapingnet.de\/vape\/bang-tick-tock-20000-puffs-strawberry-banana-zollerfrei-und-global-beliebt\/\",\"name\":\"Bang Tick Tock 20000 Puffs Strawberry Banana Zollerfrei Und Global Beliebt | Vapingnet.de\",\"isPartOf\":{\"@id\":\"https:\/\/vapingnet.de\/#website\"},\"primaryImageOfPage\":{\"@id\":\"https:\/\/vapingnet.de\/vape\/bang-tick-tock-20000-puffs-strawberry-banana-zollerfrei-und-global-beliebt\/#primaryimage\"},\"image\":{\"@id\":\"https:\/\/vapingnet.de\/vape\/bang-tick-tock-20000-puffs-strawberry-banana-zollerfrei-und-global-beliebt\/#primaryimage\"},\"thumbnailUrl\":\"https:\/\/vapingnet.de\/wp-content\/uploads\/2025\/04\/Strawberry-Banana-1.webp\",\"datePublished\":\"2025-04-27T08:01:55+00:00\",\"dateModified\":\"2025-06-19T03:39:23+00:00\",\"description\":\"Entdecke Bang Tick Tock 20000 Puffs Strawberry Banana Zollerfrei Und Global Beliebt bei vapingnet.de, \u25ba Gro\u00dfe Auswahl an Geschmacksrichtungen & super g\u00fcnstig!\",\"breadcrumb\":{\"@id\":\"https:\/\/vapingnet.de\/vape\/bang-tick-tock-20000-puffs-strawberry-banana-zollerfrei-und-global-beliebt\/#breadcrumb\"},\"inLanguage\":\"sk-SK\",\"potentialAction\":[{\"@type\":\"ReadAction\",\"target\":[\"https:\/\/vapingnet.de\/vape\/bang-tick-tock-20000-puffs-strawberry-banana-zollerfrei-und-global-beliebt\/\"]}]},{\"@type\":\"ImageObject\",\"inLanguage\":\"sk-SK\",\"@id\":\"https:\/\/vapingnet.de\/vape\/bang-tick-tock-20000-puffs-strawberry-banana-zollerfrei-und-global-beliebt\/#primaryimage\",\"url\":\"https:\/\/vapingnet.de\/wp-content\/uploads\/2025\/04\/Strawberry-Banana-1.webp\",\"contentUrl\":\"https:\/\/vapingnet.de\/wp-content\/uploads\/2025\/04\/Strawberry-Banana-1.webp\",\"width\":1000,\"height\":1000},{\"@type\":\"BreadcrumbList\",\"@id\":\"https:\/\/vapingnet.de\/vape\/bang-tick-tock-20000-puffs-strawberry-banana-zollerfrei-und-global-beliebt\/#breadcrumb\",\"itemListElement\":[{\"@type\":\"ListItem\",\"position\":1,\"name\":\"Home\",\"item\":\"https:\/\/vapingnet.de\/\"},{\"@type\":\"ListItem\",\"position\":2,\"name\":\"Shop\",\"item\":\"https:\/\/vapingnet.de\/vape\/\"},{\"@type\":\"ListItem\",\"position\":3,\"name\":\"Bang Tick Tock 20000 Puffs Strawberry Banana Zollerfrei Und Global Beliebt\"}]},{\"@type\":\"WebSite\",\"@id\":\"https:\/\/vapingnet.de\/#website\",\"url\":\"https:\/\/vapingnet.de\/\",\"name\":\"Vapingnet.de\",\"description\":\"\",\"publisher\":{\"@id\":\"https:\/\/vapingnet.de\/#organization\"},\"potentialAction\":[{\"@type\":\"SearchAction\",\"target\":{\"@type\":\"EntryPoint\",\"urlTemplate\":\"https:\/\/vapingnet.de\/?s={search_term_string}\"},\"query-input\":{\"@type\":\"PropertyValueSpecification\",\"valueRequired\":true,\"valueName\":\"search_term_string\"}}],\"inLanguage\":\"sk-SK\"},{\"@type\":\"Organization\",\"@id\":\"https:\/\/vapingnet.de\/#organization\",\"name\":\"Vapingnet.de\",\"url\":\"https:\/\/vapingnet.de\/\",\"logo\":{\"@type\":\"ImageObject\",\"inLanguage\":\"sk-SK\",\"@id\":\"https:\/\/vapingnet.de\/#\/schema\/logo\/image\/\",\"url\":\"https:\/\/vapingnet.de\/wp-content\/uploads\/2025\/03\/cropped-vapingnet.de_.jpg\",\"contentUrl\":\"https:\/\/vapingnet.de\/wp-content\/uploads\/2025\/03\/cropped-vapingnet.de_.jpg\",\"width\":512,\"height\":512,\"caption\":\"Vapingnet.de\"},\"image\":{\"@id\":\"https:\/\/vapingnet.de\/#\/schema\/logo\/image\/\"},\"sameAs\":[\"https:\/\/www.facebook.com\/vapingnetde\/\"]}]}<\/script>\n<!-- \/ Yoast SEO plugin. -->","yoast_head_json":{"title":"Bang Tick Tock 20000 Puffs Strawberry Banana Zollerfrei Und Global Beliebt | Vapingnet.de","description":"Entdecke Bang Tick Tock 20000 Puffs Strawberry Banana Zollerfrei Und Global Beliebt bei vapingnet.de, \u25ba Gro\u00dfe Auswahl an Geschmacksrichtungen & super g\u00fcnstig!","robots":{"index":"index","follow":"follow","max-snippet":"max-snippet:-1","max-image-preview":"max-image-preview:large","max-video-preview":"max-video-preview:-1"},"canonical":"https:\/\/vapingnet.de\/sk\/vape\/bang-tick-tock-20000-puffs-strawberry-banana-zollerfrei-und-global-beliebt\/","og_locale":"sk_SK","og_type":"article","og_title":"Bang Tick Tock 20000 Puffs Strawberry Banana Zollerfrei Und Global Beliebt | Vapingnet.de","og_description":"Entdecke Bang Tick Tock 20000 Puffs Strawberry Banana Zollerfrei Und Global Beliebt bei vapingnet.de, \u25ba Gro\u00dfe Auswahl an Geschmacksrichtungen & super g\u00fcnstig!","og_url":"https:\/\/vapingnet.de\/sk\/vape\/bang-tick-tock-20000-puffs-strawberry-banana-zollerfrei-und-global-beliebt\/","og_site_name":"Vapingnet.de","article_publisher":"https:\/\/www.facebook.com\/vapingnetde\/","article_modified_time":"2025-06-19T03:39:23+00:00","og_image":[{"width":1000,"height":1000,"url":"https:\/\/vapingnet.de\/wp-content\/uploads\/2025\/04\/Strawberry-Banana-1.webp","type":"image\/webp"}],"twitter_card":"summary_large_image","twitter_misc":{"Est. reading time":"4 minutes"},"schema":{"@context":"https:\/\/schema.org","@graph":[{"@type":"WebPage","@id":"https:\/\/vapingnet.de\/vape\/bang-tick-tock-20000-puffs-strawberry-banana-zollerfrei-und-global-beliebt\/","url":"https:\/\/vapingnet.de\/vape\/bang-tick-tock-20000-puffs-strawberry-banana-zollerfrei-und-global-beliebt\/","name":"Bang Tick Tock 20000 Puffs Strawberry Banana Zollerfrei Und Global Beliebt | Vapingnet.de","isPartOf":{"@id":"https:\/\/vapingnet.de\/#website"},"primaryImageOfPage":{"@id":"https:\/\/vapingnet.de\/vape\/bang-tick-tock-20000-puffs-strawberry-banana-zollerfrei-und-global-beliebt\/#primaryimage"},"image":{"@id":"https:\/\/vapingnet.de\/vape\/bang-tick-tock-20000-puffs-strawberry-banana-zollerfrei-und-global-beliebt\/#primaryimage"},"thumbnailUrl":"https:\/\/vapingnet.de\/wp-content\/uploads\/2025\/04\/Strawberry-Banana-1.webp","datePublished":"2025-04-27T08:01:55+00:00","dateModified":"2025-06-19T03:39:23+00:00","description":"Entdecke Bang Tick Tock 20000 Puffs Strawberry Banana Zollerfrei Und Global Beliebt bei vapingnet.de, \u25ba Gro\u00dfe Auswahl an Geschmacksrichtungen & super g\u00fcnstig!","breadcrumb":{"@id":"https:\/\/vapingnet.de\/vape\/bang-tick-tock-20000-puffs-strawberry-banana-zollerfrei-und-global-beliebt\/#breadcrumb"},"inLanguage":"sk-SK","potentialAction":[{"@type":"ReadAction","target":["https:\/\/vapingnet.de\/vape\/bang-tick-tock-20000-puffs-strawberry-banana-zollerfrei-und-global-beliebt\/"]}]},{"@type":"ImageObject","inLanguage":"sk-SK","@id":"https:\/\/vapingnet.de\/vape\/bang-tick-tock-20000-puffs-strawberry-banana-zollerfrei-und-global-beliebt\/#primaryimage","url":"https:\/\/vapingnet.de\/wp-content\/uploads\/2025\/04\/Strawberry-Banana-1.webp","contentUrl":"https:\/\/vapingnet.de\/wp-content\/uploads\/2025\/04\/Strawberry-Banana-1.webp","width":1000,"height":1000},{"@type":"BreadcrumbList","@id":"https:\/\/vapingnet.de\/vape\/bang-tick-tock-20000-puffs-strawberry-banana-zollerfrei-und-global-beliebt\/#breadcrumb","itemListElement":[{"@type":"ListItem","position":1,"name":"Home","item":"https:\/\/vapingnet.de\/"},{"@type":"ListItem","position":2,"name":"Shop","item":"https:\/\/vapingnet.de\/vape\/"},{"@type":"ListItem","position":3,"name":"Bang Tick Tock 20000 Puffs Strawberry Banana Zollerfrei Und Global Beliebt"}]},{"@type":"WebSite","@id":"https:\/\/vapingnet.de\/#website","url":"https:\/\/vapingnet.de\/","name":"Vapingnet.de","description":"","publisher":{"@id":"https:\/\/vapingnet.de\/#organization"},"potentialAction":[{"@type":"SearchAction","target":{"@type":"EntryPoint","urlTemplate":"https:\/\/vapingnet.de\/?s={search_term_string}"},"query-input":{"@type":"PropertyValueSpecification","valueRequired":true,"valueName":"search_term_string"}}],"inLanguage":"sk-SK"},{"@type":"Organization","@id":"https:\/\/vapingnet.de\/#organization","name":"Vapingnet.de","url":"https:\/\/vapingnet.de\/","logo":{"@type":"ImageObject","inLanguage":"sk-SK","@id":"https:\/\/vapingnet.de\/#\/schema\/logo\/image\/","url":"https:\/\/vapingnet.de\/wp-content\/uploads\/2025\/03\/cropped-vapingnet.de_.jpg","contentUrl":"https:\/\/vapingnet.de\/wp-content\/uploads\/2025\/03\/cropped-vapingnet.de_.jpg","width":512,"height":512,"caption":"Vapingnet.de"},"image":{"@id":"https:\/\/vapingnet.de\/#\/schema\/logo\/image\/"},"sameAs":["https:\/\/www.facebook.com\/vapingnetde\/"]}]}},"tiered_pricing_type":"fixed","tiered_pricing_fixed_rules":{"10":"10.44","60":"9.4","110":"8.35","200":"7.31"},"tiered_pricing_product_settings":{"layout":"default","base_unit_name":{"singular":null,"plural":null},"default_variation":null},"tiered_pricing_minimum_quantity":null,"tiered_pricing_roles_data":[],"tiered_pricing_percentage_rules":[],"_links":{"self":[{"href":"https:\/\/vapingnet.de\/sk\/wp-json\/wp\/v2\/product\/6586","targetHints":{"allow":["GET"]}}],"collection":[{"href":"https:\/\/vapingnet.de\/sk\/wp-json\/wp\/v2\/product"}],"about":[{"href":"https:\/\/vapingnet.de\/sk\/wp-json\/wp\/v2\/types\/product"}],"version-history":[{"count":1,"href":"https:\/\/vapingnet.de\/sk\/wp-json\/wp\/v2\/product\/6586\/revisions"}],"predecessor-version":[{"id":6593,"href":"https:\/\/vapingnet.de\/sk\/wp-json\/wp\/v2\/product\/6586\/revisions\/6593"}],"wp:featuredmedia":[{"embeddable":true,"href":"https:\/\/vapingnet.de\/sk\/wp-json\/wp\/v2\/media\/6571"}],"wp:attachment":[{"href":"https:\/\/vapingnet.de\/sk\/wp-json\/wp\/v2\/media?parent=6586"}],"wp:term":[{"taxonomy":"brand","embeddable":true,"href":"https:\/\/vapingnet.de\/sk\/wp-json\/wp\/v2\/etheme_brands?post=6586"},{"taxonomy":"product_brand","embeddable":true,"href":"https:\/\/vapingnet.de\/sk\/wp-json\/wp\/v2\/product_brand?post=6586"},{"taxonomy":"product_cat","embeddable":true,"href":"https:\/\/vapingnet.de\/sk\/wp-json\/wp\/v2\/product_cat?post=6586"},{"taxonomy":"product_tag","embeddable":true,"href":"https:\/\/vapingnet.de\/sk\/wp-json\/wp\/v2\/product_tag?post=6586"}],"curies":[{"name":"wp","href":"https:\/\/api.w.org\/{rel}","templated":true}]}}