{"id":6587,"date":"2025-04-27T08:01:57","date_gmt":"2025-04-27T08:01:57","guid":{"rendered":"https:\/\/vapingnet.de\/?post_type=product&#038;p=6587"},"modified":"2025-06-19T03:39:22","modified_gmt":"2025-06-19T03:39:22","slug":"mix-fruit-in-bang-tick-tock-20000-puffs-hohe-qualitaet-guenstiger-preis","status":"publish","type":"product","link":"https:\/\/vapingnet.de\/sk\/vape\/mix-fruit-in-bang-tick-tock-20000-puffs-hohe-qualitaet-guenstiger-preis\/","title":{"rendered":"Mix Fruit In Bang Tick Tock 20000 Puffs Vysok\u00e1 kvalita, lacnej\u0161ia cena"},"content":{"rendered":"<h2 data-start=\"0\" data-end=\"63\" data-immersive-translate-walked=\"64872b6c-5c31-4eba-b48d-fef384ed5eed\">Bang Tick Tock 20000 Puffs: Nov\u00e1 dimenzia vapovania<\/h2>\n<p class=\"\" data-start=\"65\" data-end=\"393\" data-immersive-translate-walked=\"64872b6c-5c31-4eba-b48d-fef384ed5eed\" data-immersive-translate-paragraph=\"1\">Bang Tick Tock 20000 Puffs nastavuje nov\u00e9 \u0161tandardy pre jedine\u010dn\u00e9 e-cigarety a nadchne modern\u00fdmi funkciami a vynikaj\u00facim v\u00fdkonom. T\u00e1to e-cigareta pon\u00faka v\u0161etko, \u010do sa o\u010dak\u00e1va od pokro\u010dil\u00e9ho modelu: dlh\u00fa \u017eivotnos\u0165, inovat\u00edvnu technol\u00f3giu a v\u00fdnimo\u010dn\u00fd z\u00e1\u017eitok pou\u017e\u00edvate\u013ea.<\/p>\n<h3>Vlastnosti Bang Tick Tock 20000 Puffs<\/h3>\n<ul data-start=\"440\" data-end=\"1025\" data-immersive-translate-walked=\"64872b6c-5c31-4eba-b48d-fef384ed5eed\">\n<li class=\"\" data-start=\"440\" data-end=\"575\" data-immersive-translate-walked=\"64872b6c-5c31-4eba-b48d-fef384ed5eed\">\n<p class=\"\" data-start=\"442\" data-end=\"575\" data-immersive-translate-walked=\"64872b6c-5c31-4eba-b48d-fef384ed5eed\" data-immersive-translate-paragraph=\"1\">Mesh Cievka: 1,0 Ohm Mesh cievka zabezpe\u010duje rovnomern\u00e9 a intenz\u00edvne vapovanie, ktor\u00e9 dokonale zv\u00fdraz\u0148uje ar\u00f3my.<\/p>\n<\/li>\n<li class=\"\" data-start=\"576\" data-end=\"763\" data-immersive-translate-walked=\"64872b6c-5c31-4eba-b48d-fef384ed5eed\">\n<p class=\"\" data-start=\"578\" data-end=\"763\" data-immersive-translate-walked=\"64872b6c-5c31-4eba-b48d-fef384ed5eed\" data-immersive-translate-paragraph=\"1\">Kapacita E-Liquidu: S 25 ml E-Liquidu pon\u00faka Bang Tick Tock 20000 Puffs mimoriadne dlh\u00e9 obdobie vapovania, \u010do ju rob\u00ed ide\u00e1lnou vo\u013ebou pre ka\u017edodenn\u00e9 pou\u017eitie.<\/p>\n<\/li>\n<li class=\"\" data-start=\"764\" data-end=\"904\" data-immersive-translate-walked=\"64872b6c-5c31-4eba-b48d-fef384ed5eed\">\n<p class=\"\" data-start=\"766\" data-end=\"904\" data-immersive-translate-walked=\"64872b6c-5c31-4eba-b48d-fef384ed5eed\" data-immersive-translate-paragraph=\"1\">Bat\u00e9ria: 500 mAh bat\u00e9ria zaru\u010duje spo\u013eahliv\u00fd v\u00fdkon a v\u010faka modern\u00e9mu konektoru typu C sa d\u00e1 r\u00fdchlo nabi\u0165.<\/p>\n<\/li>\n<li class=\"\" data-start=\"905\" data-end=\"1025\" data-immersive-translate-walked=\"64872b6c-5c31-4eba-b48d-fef384ed5eed\">\n<p class=\"\" data-start=\"907\" data-end=\"1025\" data-immersive-translate-walked=\"64872b6c-5c31-4eba-b48d-fef384ed5eed\" data-immersive-translate-paragraph=\"1\">Mo\u017enosti nikot\u00ednu: Vyberte si medzi nikot\u00ednmi 0%, 2%, 3% alebo 5%, aby ste si prisp\u00f4sobili vapovanie pod\u013ea svojich preferenci\u00ed.<\/p>\n<\/li>\n<\/ul>\n<h4 data-start=\"1027\" data-end=\"1065\" data-immersive-translate-walked=\"64872b6c-5c31-4eba-b48d-fef384ed5eed\" data-immersive-translate-paragraph=\"1\">Unik\u00e1tne funkcie a dizajn<\/h4>\n<ul data-start=\"1067\" data-end=\"1642\" data-immersive-translate-walked=\"64872b6c-5c31-4eba-b48d-fef384ed5eed\">\n<li class=\"\" data-start=\"1067\" data-end=\"1344\" data-immersive-translate-walked=\"64872b6c-5c31-4eba-b48d-fef384ed5eed\">\n<p class=\"\" data-start=\"1069\" data-end=\"1344\" data-immersive-translate-walked=\"64872b6c-5c31-4eba-b48d-fef384ed5eed\" data-immersive-translate-paragraph=\"1\">Dynamick\u00fd displej: Bang Tick Tock 20000 Puffs sa odli\u0161uje svoj\u00edm inovat\u00edvnym dynamick\u00fdm displejom. Tento displej nielen\u017ee ukazuje stav bat\u00e9rie, ale aj vytv\u00e1ra vizu\u00e1lnu \u0161peci\u00e1lnos\u0165 \u2013 ozuben\u00e9 koles\u00e1 sa pri vapovan\u00ed ot\u00e1\u010daj\u00fa v dynamickom re\u017eime.<\/p>\n<\/li>\n<li class=\"\" data-start=\"1345\" data-end=\"1642\" data-immersive-translate-walked=\"64872b6c-5c31-4eba-b48d-fef384ed5eed\">\n<p class=\"\" data-start=\"1347\" data-end=\"1642\" data-immersive-translate-walked=\"64872b6c-5c31-4eba-b48d-fef384ed5eed\" data-immersive-translate-paragraph=\"1\">Dva re\u017eimy vapovania: Pou\u017e\u00edvatelia si m\u00f4\u017eu vybra\u0165 medzi dvoma re\u017eimami vapovania. V dynamickom re\u017eime sa ozuben\u00e9 koles\u00e1 ot\u00e1\u010daj\u00fa po\u010das vapovania, zatia\u013e \u010do tich\u00fd re\u017eim sa aktivuje trojit\u00fdm f\u00faknut\u00edm do 2 sek\u00fand. Tieto funkcie poskytuj\u00fa prisp\u00f4soben\u00fd z\u00e1\u017eitok z vapovania.<\/p>\n<\/li>\n<\/ul>\n<h4 data-start=\"1644\" data-end=\"1677\" data-immersive-translate-walked=\"64872b6c-5c31-4eba-b48d-fef384ed5eed\" data-immersive-translate-paragraph=\"1\">Chute a z\u00e1\u017eitok z vapovania<\/h4>\n<ul data-start=\"1679\" data-end=\"2107\" data-immersive-translate-walked=\"64872b6c-5c31-4eba-b48d-fef384ed5eed\">\n<li class=\"\" data-start=\"1679\" data-end=\"1881\" data-immersive-translate-walked=\"64872b6c-5c31-4eba-b48d-fef384ed5eed\">\n<p class=\"\" data-start=\"1681\" data-end=\"1881\" data-immersive-translate-walked=\"64872b6c-5c31-4eba-b48d-fef384ed5eed\" data-immersive-translate-paragraph=\"1\">MTL vapovanie: Bang Tick Tock 20000 Puffs bola \u0161peci\u00e1lne navrhnut\u00e1 pre MTL vapovanie (\u00fastami do p\u013e\u00fac), \u010do umo\u017e\u0148uje pr\u00edjemn\u00e9 a jemn\u00e9 inhalovanie \u2013 ide\u00e1lne pre tradi\u010dn\u00fd \u0161t\u00fdl vapovania.<\/p>\n<\/li>\n<li class=\"\" data-start=\"1882\" data-end=\"2107\" data-immersive-translate-walked=\"64872b6c-5c31-4eba-b48d-fef384ed5eed\">\n<p class=\"\" data-start=\"1884\" data-end=\"2107\" data-immersive-translate-walked=\"64872b6c-5c31-4eba-b48d-fef384ed5eed\" data-immersive-translate-paragraph=\"1\">Pr\u00edchu\u0165 Mix Fruit: Pr\u00edchu\u0165 Mix Fruit pon\u00faka osvie\u017euj\u00facu a ovocn\u00fa note, ktor\u00e1 zabezpe\u010duje pr\u00edjemn\u00fd z\u00e1\u017eitok z vapovania na cel\u00e9 hodiny. Ide\u00e1lne pre t\u00fdch, ktor\u00ed h\u013eadaj\u00fa ovocn\u00fa expl\u00f3ziu chut\u00ed.<\/p>\n<\/li>\n<\/ul>\n<h4 data-start=\"2109\" data-end=\"2134\" data-immersive-translate-walked=\"64872b6c-5c31-4eba-b48d-fef384ed5eed\" data-immersive-translate-paragraph=\"1\">Doru\u010denie a dodanie<\/h4>\n<p class=\"\" data-start=\"2136\" data-end=\"2415\" data-immersive-translate-walked=\"64872b6c-5c31-4eba-b48d-fef384ed5eed\" data-immersive-translate-paragraph=\"1\">\u010eal\u0161ou v\u00fdhodou Bang Tick Tock 20000 Puffs je jednoduch\u00e9 doru\u010denie do Deutschland. Z\u00e1kazn\u00edci sa m\u00f4\u017eu te\u0161i\u0165 na r\u00fdchle dodanie do 7-15 pracovn\u00fdch dn\u00ed. Navy\u0161e profituj\u00fa z bezcoln\u00e9ho doru\u010denia, \u010do n\u00e1kup e\u0161te spr\u00edjem\u0148uje.<\/p>\n<h4 data-start=\"2417\" data-end=\"2458\" data-immersive-translate-walked=\"64872b6c-5c31-4eba-b48d-fef384ed5eed\" data-immersive-translate-paragraph=\"1\">Pre\u010do si vybra\u0165 Bang Tick Tock 20000 Puffs?<\/h4>\n<p class=\"\" data-start=\"2460\" data-end=\"2976\" data-immersive-translate-walked=\"64872b6c-5c31-4eba-b48d-fef384ed5eed\" data-immersive-translate-paragraph=\"1\">Bang Tick Tock 20000 Puffs je ide\u00e1lnou vo\u013ebou pre vapovan\u00ed, ktor\u00ed h\u013eadaj\u00fa odoln\u00fa, v\u00fdkonn\u00fa a pou\u017e\u00edvate\u013esky pr\u00edvetiv\u00fa e-cigaretu. S ve\u013ekou kapacitou E-Liquidu, efekt\u00edvnou bat\u00e9riou a inovat\u00edvnymi funkciami ako dynamick\u00fd displej a r\u00f4zne re\u017eimy vapovania pon\u00faka t\u00e1to e-cigareta vynikaj\u00faci z\u00e1\u017eitok z vapovania. \u010ci u\u017e h\u013ead\u00e1te ovocn\u00fa chu\u0165 alebo v\u00fdnimo\u010dn\u00fa technol\u00f3giu, Bang Tick Tock 20000 Puffs v\u00e1s nesklame.<\/p>\n<p>&nbsp;<\/p>","protected":false},"excerpt":{"rendered":"<p>Bang Tick Tock 20000 Puffs: Nov\u00e1 dimenzia vapovania Bang Tick Tock 20000 Puffs nastavuje nov\u00e9 \u0161tandardy pre jednorazov\u00e9 e-cigarety a nadchne v\u00e1s svojou...<\/p>","protected":false},"featured_media":6569,"template":"","meta":[],"etheme_brands":[],"product_brand":[101],"product_cat":[54,49,61],"product_tag":[],"class_list":{"0":"post-6587","1":"product","2":"type-product","3":"status-publish","4":"has-post-thumbnail","6":"product_brand-bang-king-vape","7":"product_cat-vape-20000-zuege","8":"product_cat-einweg-e-zigarette","9":"product_cat-f","11":"first","12":"instock","13":"shipping-taxable","14":"purchasable","15":"product-type-simple"},"yoast_head":"<!-- This site is optimized with the Yoast SEO plugin v26.5 - https:\/\/yoast.com\/wordpress\/plugins\/seo\/ -->\n<title>Mix Fruit In Bang Tick Tock 20000 Puffs Hohe Qualit\u00e4t G\u00fcnstiger Preis | Vapingnet.de<\/title>\n<meta name=\"description\" content=\"Entdecke Mix Fruit In Bang Tick Tock 20000 Puffs Hohe Qualit\u00e4t G\u00fcnstiger Preis bei vapingnet.de, \u25ba Gro\u00dfe Auswahl an Geschmacksrichtungen &amp; super g\u00fcnstig!\" \/>\n<meta name=\"robots\" content=\"index, follow, max-snippet:-1, max-image-preview:large, max-video-preview:-1\" \/>\n<link rel=\"canonical\" href=\"https:\/\/vapingnet.de\/sk\/vape\/mix-fruit-in-bang-tick-tock-20000-puffs-hohe-qualitaet-guenstiger-preis\/\" \/>\n<meta property=\"og:locale\" content=\"sk_SK\" \/>\n<meta property=\"og:type\" content=\"article\" \/>\n<meta property=\"og:title\" content=\"Mix Fruit In Bang Tick Tock 20000 Puffs Hohe Qualit\u00e4t G\u00fcnstiger Preis | Vapingnet.de\" \/>\n<meta property=\"og:description\" content=\"Entdecke Mix Fruit In Bang Tick Tock 20000 Puffs Hohe Qualit\u00e4t G\u00fcnstiger Preis bei vapingnet.de, \u25ba Gro\u00dfe Auswahl an Geschmacksrichtungen &amp; super g\u00fcnstig!\" \/>\n<meta property=\"og:url\" content=\"https:\/\/vapingnet.de\/sk\/vape\/mix-fruit-in-bang-tick-tock-20000-puffs-hohe-qualitaet-guenstiger-preis\/\" \/>\n<meta property=\"og:site_name\" content=\"Vapingnet.de\" \/>\n<meta property=\"article:publisher\" content=\"https:\/\/www.facebook.com\/vapingnetde\/\" \/>\n<meta property=\"article:modified_time\" content=\"2025-06-19T03:39:22+00:00\" \/>\n<meta property=\"og:image\" content=\"https:\/\/vapingnet.de\/wp-content\/uploads\/2025\/04\/Mix-Fruit.webp\" \/>\n\t<meta property=\"og:image:width\" content=\"1000\" \/>\n\t<meta property=\"og:image:height\" content=\"1000\" \/>\n\t<meta property=\"og:image:type\" content=\"image\/webp\" \/>\n<meta name=\"twitter:card\" content=\"summary_large_image\" \/>\n<meta name=\"twitter:label1\" content=\"Est. reading time\" \/>\n\t<meta name=\"twitter:data1\" content=\"3 minutes\" \/>\n<script type=\"application\/ld+json\" class=\"yoast-schema-graph\">{\"@context\":\"https:\/\/schema.org\",\"@graph\":[{\"@type\":\"WebPage\",\"@id\":\"https:\/\/vapingnet.de\/vape\/mix-fruit-in-bang-tick-tock-20000-puffs-hohe-qualitaet-guenstiger-preis\/\",\"url\":\"https:\/\/vapingnet.de\/vape\/mix-fruit-in-bang-tick-tock-20000-puffs-hohe-qualitaet-guenstiger-preis\/\",\"name\":\"Mix Fruit In Bang Tick Tock 20000 Puffs Hohe Qualit\u00e4t G\u00fcnstiger Preis | Vapingnet.de\",\"isPartOf\":{\"@id\":\"https:\/\/vapingnet.de\/#website\"},\"primaryImageOfPage\":{\"@id\":\"https:\/\/vapingnet.de\/vape\/mix-fruit-in-bang-tick-tock-20000-puffs-hohe-qualitaet-guenstiger-preis\/#primaryimage\"},\"image\":{\"@id\":\"https:\/\/vapingnet.de\/vape\/mix-fruit-in-bang-tick-tock-20000-puffs-hohe-qualitaet-guenstiger-preis\/#primaryimage\"},\"thumbnailUrl\":\"https:\/\/vapingnet.de\/wp-content\/uploads\/2025\/04\/Mix-Fruit.webp\",\"datePublished\":\"2025-04-27T08:01:57+00:00\",\"dateModified\":\"2025-06-19T03:39:22+00:00\",\"description\":\"Entdecke Mix Fruit In Bang Tick Tock 20000 Puffs Hohe Qualit\u00e4t G\u00fcnstiger Preis bei vapingnet.de, \u25ba Gro\u00dfe Auswahl an Geschmacksrichtungen & super g\u00fcnstig!\",\"breadcrumb\":{\"@id\":\"https:\/\/vapingnet.de\/vape\/mix-fruit-in-bang-tick-tock-20000-puffs-hohe-qualitaet-guenstiger-preis\/#breadcrumb\"},\"inLanguage\":\"sk-SK\",\"potentialAction\":[{\"@type\":\"ReadAction\",\"target\":[\"https:\/\/vapingnet.de\/vape\/mix-fruit-in-bang-tick-tock-20000-puffs-hohe-qualitaet-guenstiger-preis\/\"]}]},{\"@type\":\"ImageObject\",\"inLanguage\":\"sk-SK\",\"@id\":\"https:\/\/vapingnet.de\/vape\/mix-fruit-in-bang-tick-tock-20000-puffs-hohe-qualitaet-guenstiger-preis\/#primaryimage\",\"url\":\"https:\/\/vapingnet.de\/wp-content\/uploads\/2025\/04\/Mix-Fruit.webp\",\"contentUrl\":\"https:\/\/vapingnet.de\/wp-content\/uploads\/2025\/04\/Mix-Fruit.webp\",\"width\":1000,\"height\":1000},{\"@type\":\"BreadcrumbList\",\"@id\":\"https:\/\/vapingnet.de\/vape\/mix-fruit-in-bang-tick-tock-20000-puffs-hohe-qualitaet-guenstiger-preis\/#breadcrumb\",\"itemListElement\":[{\"@type\":\"ListItem\",\"position\":1,\"name\":\"Home\",\"item\":\"https:\/\/vapingnet.de\/\"},{\"@type\":\"ListItem\",\"position\":2,\"name\":\"Shop\",\"item\":\"https:\/\/vapingnet.de\/vape\/\"},{\"@type\":\"ListItem\",\"position\":3,\"name\":\"Mix Fruit In Bang Tick Tock 20000 Puffs Hohe Qualit\u00e4t G\u00fcnstiger Preis\"}]},{\"@type\":\"WebSite\",\"@id\":\"https:\/\/vapingnet.de\/#website\",\"url\":\"https:\/\/vapingnet.de\/\",\"name\":\"Vapingnet.de\",\"description\":\"\",\"publisher\":{\"@id\":\"https:\/\/vapingnet.de\/#organization\"},\"potentialAction\":[{\"@type\":\"SearchAction\",\"target\":{\"@type\":\"EntryPoint\",\"urlTemplate\":\"https:\/\/vapingnet.de\/?s={search_term_string}\"},\"query-input\":{\"@type\":\"PropertyValueSpecification\",\"valueRequired\":true,\"valueName\":\"search_term_string\"}}],\"inLanguage\":\"sk-SK\"},{\"@type\":\"Organization\",\"@id\":\"https:\/\/vapingnet.de\/#organization\",\"name\":\"Vapingnet.de\",\"url\":\"https:\/\/vapingnet.de\/\",\"logo\":{\"@type\":\"ImageObject\",\"inLanguage\":\"sk-SK\",\"@id\":\"https:\/\/vapingnet.de\/#\/schema\/logo\/image\/\",\"url\":\"https:\/\/vapingnet.de\/wp-content\/uploads\/2025\/03\/cropped-vapingnet.de_.jpg\",\"contentUrl\":\"https:\/\/vapingnet.de\/wp-content\/uploads\/2025\/03\/cropped-vapingnet.de_.jpg\",\"width\":512,\"height\":512,\"caption\":\"Vapingnet.de\"},\"image\":{\"@id\":\"https:\/\/vapingnet.de\/#\/schema\/logo\/image\/\"},\"sameAs\":[\"https:\/\/www.facebook.com\/vapingnetde\/\"]}]}<\/script>\n<!-- \/ Yoast SEO plugin. -->","yoast_head_json":{"title":"Mix Fruit In Bang Tick Tock 20000 Puffs Hohe Qualit\u00e4t G\u00fcnstiger Preis | Vapingnet.de","description":"Entdecke Mix Fruit In Bang Tick Tock 20000 Puffs Hohe Qualit\u00e4t G\u00fcnstiger Preis bei vapingnet.de, \u25ba Gro\u00dfe Auswahl an Geschmacksrichtungen & super g\u00fcnstig!","robots":{"index":"index","follow":"follow","max-snippet":"max-snippet:-1","max-image-preview":"max-image-preview:large","max-video-preview":"max-video-preview:-1"},"canonical":"https:\/\/vapingnet.de\/sk\/vape\/mix-fruit-in-bang-tick-tock-20000-puffs-hohe-qualitaet-guenstiger-preis\/","og_locale":"sk_SK","og_type":"article","og_title":"Mix Fruit In Bang Tick Tock 20000 Puffs Hohe Qualit\u00e4t G\u00fcnstiger Preis | Vapingnet.de","og_description":"Entdecke Mix Fruit In Bang Tick Tock 20000 Puffs Hohe Qualit\u00e4t G\u00fcnstiger Preis bei vapingnet.de, \u25ba Gro\u00dfe Auswahl an Geschmacksrichtungen & super g\u00fcnstig!","og_url":"https:\/\/vapingnet.de\/sk\/vape\/mix-fruit-in-bang-tick-tock-20000-puffs-hohe-qualitaet-guenstiger-preis\/","og_site_name":"Vapingnet.de","article_publisher":"https:\/\/www.facebook.com\/vapingnetde\/","article_modified_time":"2025-06-19T03:39:22+00:00","og_image":[{"width":1000,"height":1000,"url":"https:\/\/vapingnet.de\/wp-content\/uploads\/2025\/04\/Mix-Fruit.webp","type":"image\/webp"}],"twitter_card":"summary_large_image","twitter_misc":{"Est. reading time":"3 minutes"},"schema":{"@context":"https:\/\/schema.org","@graph":[{"@type":"WebPage","@id":"https:\/\/vapingnet.de\/vape\/mix-fruit-in-bang-tick-tock-20000-puffs-hohe-qualitaet-guenstiger-preis\/","url":"https:\/\/vapingnet.de\/vape\/mix-fruit-in-bang-tick-tock-20000-puffs-hohe-qualitaet-guenstiger-preis\/","name":"Mix Fruit In Bang Tick Tock 20000 Puffs Hohe Qualit\u00e4t G\u00fcnstiger Preis | Vapingnet.de","isPartOf":{"@id":"https:\/\/vapingnet.de\/#website"},"primaryImageOfPage":{"@id":"https:\/\/vapingnet.de\/vape\/mix-fruit-in-bang-tick-tock-20000-puffs-hohe-qualitaet-guenstiger-preis\/#primaryimage"},"image":{"@id":"https:\/\/vapingnet.de\/vape\/mix-fruit-in-bang-tick-tock-20000-puffs-hohe-qualitaet-guenstiger-preis\/#primaryimage"},"thumbnailUrl":"https:\/\/vapingnet.de\/wp-content\/uploads\/2025\/04\/Mix-Fruit.webp","datePublished":"2025-04-27T08:01:57+00:00","dateModified":"2025-06-19T03:39:22+00:00","description":"Entdecke Mix Fruit In Bang Tick Tock 20000 Puffs Hohe Qualit\u00e4t G\u00fcnstiger Preis bei vapingnet.de, \u25ba Gro\u00dfe Auswahl an Geschmacksrichtungen & super g\u00fcnstig!","breadcrumb":{"@id":"https:\/\/vapingnet.de\/vape\/mix-fruit-in-bang-tick-tock-20000-puffs-hohe-qualitaet-guenstiger-preis\/#breadcrumb"},"inLanguage":"sk-SK","potentialAction":[{"@type":"ReadAction","target":["https:\/\/vapingnet.de\/vape\/mix-fruit-in-bang-tick-tock-20000-puffs-hohe-qualitaet-guenstiger-preis\/"]}]},{"@type":"ImageObject","inLanguage":"sk-SK","@id":"https:\/\/vapingnet.de\/vape\/mix-fruit-in-bang-tick-tock-20000-puffs-hohe-qualitaet-guenstiger-preis\/#primaryimage","url":"https:\/\/vapingnet.de\/wp-content\/uploads\/2025\/04\/Mix-Fruit.webp","contentUrl":"https:\/\/vapingnet.de\/wp-content\/uploads\/2025\/04\/Mix-Fruit.webp","width":1000,"height":1000},{"@type":"BreadcrumbList","@id":"https:\/\/vapingnet.de\/vape\/mix-fruit-in-bang-tick-tock-20000-puffs-hohe-qualitaet-guenstiger-preis\/#breadcrumb","itemListElement":[{"@type":"ListItem","position":1,"name":"Home","item":"https:\/\/vapingnet.de\/"},{"@type":"ListItem","position":2,"name":"Shop","item":"https:\/\/vapingnet.de\/vape\/"},{"@type":"ListItem","position":3,"name":"Mix Fruit In Bang Tick Tock 20000 Puffs Hohe Qualit\u00e4t G\u00fcnstiger Preis"}]},{"@type":"WebSite","@id":"https:\/\/vapingnet.de\/#website","url":"https:\/\/vapingnet.de\/","name":"Vapingnet.de","description":"","publisher":{"@id":"https:\/\/vapingnet.de\/#organization"},"potentialAction":[{"@type":"SearchAction","target":{"@type":"EntryPoint","urlTemplate":"https:\/\/vapingnet.de\/?s={search_term_string}"},"query-input":{"@type":"PropertyValueSpecification","valueRequired":true,"valueName":"search_term_string"}}],"inLanguage":"sk-SK"},{"@type":"Organization","@id":"https:\/\/vapingnet.de\/#organization","name":"Vapingnet.de","url":"https:\/\/vapingnet.de\/","logo":{"@type":"ImageObject","inLanguage":"sk-SK","@id":"https:\/\/vapingnet.de\/#\/schema\/logo\/image\/","url":"https:\/\/vapingnet.de\/wp-content\/uploads\/2025\/03\/cropped-vapingnet.de_.jpg","contentUrl":"https:\/\/vapingnet.de\/wp-content\/uploads\/2025\/03\/cropped-vapingnet.de_.jpg","width":512,"height":512,"caption":"Vapingnet.de"},"image":{"@id":"https:\/\/vapingnet.de\/#\/schema\/logo\/image\/"},"sameAs":["https:\/\/www.facebook.com\/vapingnetde\/"]}]}},"tiered_pricing_type":"fixed","tiered_pricing_fixed_rules":{"10":"10.44","60":"9.4","110":"8.35","200":"7.31"},"tiered_pricing_product_settings":{"layout":"default","base_unit_name":{"singular":null,"plural":null},"default_variation":null},"tiered_pricing_minimum_quantity":null,"tiered_pricing_roles_data":[],"tiered_pricing_percentage_rules":[],"_links":{"self":[{"href":"https:\/\/vapingnet.de\/sk\/wp-json\/wp\/v2\/product\/6587","targetHints":{"allow":["GET"]}}],"collection":[{"href":"https:\/\/vapingnet.de\/sk\/wp-json\/wp\/v2\/product"}],"about":[{"href":"https:\/\/vapingnet.de\/sk\/wp-json\/wp\/v2\/types\/product"}],"version-history":[{"count":1,"href":"https:\/\/vapingnet.de\/sk\/wp-json\/wp\/v2\/product\/6587\/revisions"}],"predecessor-version":[{"id":6594,"href":"https:\/\/vapingnet.de\/sk\/wp-json\/wp\/v2\/product\/6587\/revisions\/6594"}],"wp:featuredmedia":[{"embeddable":true,"href":"https:\/\/vapingnet.de\/sk\/wp-json\/wp\/v2\/media\/6569"}],"wp:attachment":[{"href":"https:\/\/vapingnet.de\/sk\/wp-json\/wp\/v2\/media?parent=6587"}],"wp:term":[{"taxonomy":"brand","embeddable":true,"href":"https:\/\/vapingnet.de\/sk\/wp-json\/wp\/v2\/etheme_brands?post=6587"},{"taxonomy":"product_brand","embeddable":true,"href":"https:\/\/vapingnet.de\/sk\/wp-json\/wp\/v2\/product_brand?post=6587"},{"taxonomy":"product_cat","embeddable":true,"href":"https:\/\/vapingnet.de\/sk\/wp-json\/wp\/v2\/product_cat?post=6587"},{"taxonomy":"product_tag","embeddable":true,"href":"https:\/\/vapingnet.de\/sk\/wp-json\/wp\/v2\/product_tag?post=6587"}],"curies":[{"name":"wp","href":"https:\/\/api.w.org\/{rel}","templated":true}]}}