{"id":6599,"date":"2025-04-29T02:30:41","date_gmt":"2025-04-29T02:30:41","guid":{"rendered":"https:\/\/vapingnet.de\/?post_type=product&#038;p=6599"},"modified":"2026-04-15T09:18:38","modified_gmt":"2026-04-15T09:18:38","slug":"juicy-peach-pineapple-trifft-auf-waspe-12000-puffs-der-geschmack-den-sie-nicht-mehr-missen-wollen","status":"publish","type":"product","link":"https:\/\/vapingnet.de\/sk\/vape\/juicy-peach-pineapple-trifft-auf-waspe-12000-puffs-der-geschmack-den-sie-nicht-mehr-missen-wollen\/","title":{"rendered":"Juicy Peach Pineapple Spojenie s WASPE 12000 Puffs Chu\u0165, ktor\u00fa u\u017e nechcete strati\u0165"},"content":{"rendered":"<h2 data-start=\"0\" data-end=\"98\" data-immersive-translate-walked=\"150360de-7453-456b-934b-590706895042\">WASPE 12000 potiahnut\u00ed jednorazov\u00e1 e-cigareta: Nezrovnate\u013en\u00fd z\u00e1\u017eitok z vapovania v kompaktnom zariaden\u00ed<\/h2>\n<p class=\"\" data-start=\"100\" data-end=\"522\" data-immersive-translate-walked=\"150360de-7453-456b-934b-590706895042\" data-immersive-translate-paragraph=\"1\">WASPE 12000 potiahnut\u00ed jednorazov\u00e1 e-cigareta pon\u00faka v\u00fdnimo\u010dn\u00fa kombin\u00e1ciu vysokej v\u00fdkonnosti, \u0161t\u00fdlov\u00e9ho dizajnu a intenz\u00edvneho chu\u0165ov\u00e9ho z\u00e1\u017eitku. S inovat\u00edvnymi funkciami a pou\u017e\u00edvate\u013esky pr\u00edvetiv\u00fdm ovl\u00e1dan\u00edm je ide\u00e1lnou vo\u013ebou pre vapovanie, ktor\u00ed h\u013eadaj\u00fa v\u00fdkonn\u00e9, prenosn\u00e9 zariadenie. Tu sa dozviete viac o v\u00fdnimo\u010dn\u00fdch vlastnostiach a v\u00fdhod\u00e1ch tohto produktu.<\/p>\n<div style=\"width: 1170px;\" class=\"wp-video\"><!--[if lt IE 9]><script>document.createElement('video');<\/script><![endif]-->\n<video class=\"wp-video-shortcode\" id=\"video-6599-1\" width=\"1170\" height=\"658\" preload=\"metadata\" controls=\"controls\"><source type=\"video\/mp4\" src=\"https:\/\/vapingnet.de\/wp-content\/uploads\/2025\/04\/12000Puffs.mp4?_=1\" \/><a href=\"https:\/\/vapingnet.de\/wp-content\/uploads\/2025\/04\/12000Puffs.mp4\">https:\/\/vapingnet.de\/wp-content\/uploads\/2025\/04\/12000Puffs.mp4<\/a><\/video><\/div>\n<h3 class=\"\" data-start=\"524\" data-end=\"567\" data-immersive-translate-walked=\"150360de-7453-456b-934b-590706895042\">Hlavn\u00e9 vlastnosti WASPE 12000 Puffs<\/h3>\n<ul data-start=\"569\" data-end=\"2571\" data-immersive-translate-walked=\"150360de-7453-456b-934b-590706895042\">\n<li class=\"\" data-start=\"569\" data-end=\"884\" data-immersive-translate-walked=\"150360de-7453-456b-934b-590706895042\">\n<p class=\"\" data-start=\"571\" data-end=\"884\" data-immersive-translate-walked=\"150360de-7453-456b-934b-590706895042\" data-immersive-translate-paragraph=\"1\">Odoln\u00e1 bat\u00e9ria a r\u00fdchle mo\u017enosti nab\u00edjania<br data-start=\"617\" data-end=\"620\" data-immersive-translate-walked=\"150360de-7453-456b-934b-590706895042\" \/>Bat\u00e9ria s kapacitou 650mAh v WASPE 12000 potiahnut\u00ed zabezpe\u010duje a\u017e 12000 potiahnut\u00ed. S nab\u00edjac\u00edm portom Type-C m\u00f4\u017eete zariadenie r\u00fdchlo a jednoducho nabi\u0165, tak\u017ee je v\u017edy pripraven\u00e9 na pou\u017eitie. Dlh\u00e1 \u017eivotnos\u0165 bat\u00e9rie poskytuje vynikaj\u00faci pou\u017e\u00edvate\u013esk\u00fd z\u00e1\u017eitok.<\/p>\n<\/li>\n<li class=\"\" data-start=\"886\" data-end=\"1255\" data-immersive-translate-walked=\"150360de-7453-456b-934b-590706895042\">\n<p class=\"\" data-start=\"888\" data-end=\"1255\" data-immersive-translate-walked=\"150360de-7453-456b-934b-590706895042\" data-immersive-translate-paragraph=\"1\">Mesh-\u017ehaviaca technol\u00f3gia pre intenz\u00edvny dym<br data-start=\"934\" data-end=\"937\" data-immersive-translate-walked=\"150360de-7453-456b-934b-590706895042\" \/>Mesh-\u017ehaviaca \u0161pir\u00e1lka s odporom 0,8 Ohm zabezpe\u010duje rovnomern\u00e9 odparovanie a intenz\u00edvnu chu\u0165. Mesh technol\u00f3gia zabezpe\u010duje, \u017ee ka\u017ed\u00fd potiahnut\u00ed je optim\u00e1lne a rovnomern\u00e9, \u010do rob\u00ed vapovanie v\u00fdnimo\u010dn\u00fdm z\u00e1\u017eitkom. Odpor ohybu 1,0\u03a9 zaru\u010duje jemn\u00e9 a z\u00e1rove\u0148 siln\u00e9 vapovanie.<\/p>\n<\/li>\n<li class=\"\" data-start=\"1257\" data-end=\"1589\" data-immersive-translate-walked=\"150360de-7453-456b-934b-590706895042\">\n<p class=\"\" data-start=\"1259\" data-end=\"1589\" data-immersive-translate-walked=\"150360de-7453-456b-934b-590706895042\" data-immersive-translate-paragraph=\"1\">Ovocn\u00e1 ar\u00f3ma: \u0160\u0165avnat\u00fd brosky\u0148a s anan\u00e1som<br data-start=\"1302\" data-end=\"1305\" data-immersive-translate-walked=\"150360de-7453-456b-934b-590706895042\" \/>WASPE 12000 potiahnut\u00ed dod\u00e1va osvie\u017euj\u00facu ar\u00f3mu \u201eJuicy Peach Pineapple\u201c, ktor\u00e1 predstavuje dokonal\u00fa kombin\u00e1ciu \u0161\u0165avnat\u00e9 broskyne a sladk\u00e9ho anan\u00e1su. Chu\u0165 je pln\u00e1 a pr\u00edjemne sladk\u00e1, \u010do rob\u00ed vapovanie p\u00f4\u017eitkom, ktor\u00fd pri ka\u017edom potiahnut\u00ed prin\u00e1\u0161a rados\u0165.<\/p>\n<\/li>\n<li class=\"\" data-start=\"1591\" data-end=\"1924\" data-immersive-translate-walked=\"150360de-7453-456b-934b-590706895042\">\n<p class=\"\" data-start=\"1593\" data-end=\"1924\" data-immersive-translate-walked=\"150360de-7453-456b-934b-590706895042\" data-immersive-translate-paragraph=\"1\">Jednoduch\u00e9 pou\u017e\u00edvanie aktiv\u00e1ciou potiahnut\u00edm<br data-start=\"1636\" data-end=\"1639\" data-immersive-translate-walked=\"150360de-7453-456b-934b-590706895042\" \/>Aktiv\u00e1cia potiahnut\u00edm zabezpe\u010duje, \u017ee zariadenie m\u00f4\u017eete jednoducho aktivova\u0165 \u0165ahan\u00edm. Nie je potrebn\u00e9 stl\u00e1\u010da\u0165 tla\u010didlo \u2013 zariadenie za\u010dne automaticky vapova\u0165, akon\u00e1hle \u0165ah\u00e1te. T\u00e1to pou\u017e\u00edvate\u013esk\u00e1 priate\u013eskos\u0165 ho rob\u00ed ide\u00e1lnym pre za\u010diato\u010dn\u00edkov aj sk\u00fasen\u00fdch vapova\u010dov.<\/p>\n<\/li>\n<li class=\"\" data-start=\"1926\" data-end=\"2251\" data-immersive-translate-walked=\"150360de-7453-456b-934b-590706895042\">\n<p class=\"\" data-start=\"1928\" data-end=\"2251\" data-immersive-translate-walked=\"150360de-7453-456b-934b-590706895042\" data-immersive-translate-paragraph=\"1\">Pohodln\u00fd dizajn s RGB osvetlen\u00edm<br data-start=\"1971\" data-end=\"1974\" data-immersive-translate-walked=\"150360de-7453-456b-934b-590706895042\" \/>Dizajn WASPE 12000 potiahnut\u00ed je nielen funk\u010dn\u00fd, ale aj vizu\u00e1lne atrakt\u00edvny. S hmotnos\u0165ou iba 82g je zariadenie \u013eahk\u00e9 a kompaktn\u00e9, zatia\u013e \u010do RGB osvetlenie vizu\u00e1lne zv\u00fdraz\u0148uje vapovanie. Je ide\u00e1lne na mobiln\u00e9 pou\u017eitie a \u013eahko sa pren\u00e1\u0161a.<\/p>\n<\/li>\n<li class=\"\" data-start=\"2253\" data-end=\"2571\" data-immersive-translate-walked=\"150360de-7453-456b-934b-590706895042\">\n<p class=\"\" data-start=\"2255\" data-end=\"2571\" data-immersive-translate-walked=\"150360de-7453-456b-934b-590706895042\" data-immersive-translate-paragraph=\"1\">Optimalizovan\u00e9 pre MTL vapovanie<br data-start=\"2284\" data-end=\"2287\" data-immersive-translate-walked=\"150360de-7453-456b-934b-590706895042\" \/>WASPE 12000 potiahnut\u00ed je navrhnut\u00e9 pre techniku vapovania MTL (Mouth-to-Lung), pri ktorej sa dym najsk\u00f4r vdychuje do \u00fast a potom do p\u013e\u00fac. T\u00e1to technika zabezpe\u010duje intenz\u00edvnej\u0161\u00ed a autentickej\u0161\u00ed z\u00e1\u017eitok z vapovania, ktor\u00fd je obzvl\u00e1\u0161\u0165 ob\u013e\u00faben\u00fd medzi b\u00fdval\u00fdmi faj\u010diarmi.<\/p>\n<\/li>\n<\/ul>\n<h3 class=\"\" data-start=\"2573\" data-end=\"2611\" data-immersive-translate-walked=\"150360de-7453-456b-934b-590706895042\">V\u00fdhody WASPE 12000 potiahnut\u00ed<\/h3>\n<ul data-start=\"2613\" data-end=\"3545\" data-immersive-translate-walked=\"150360de-7453-456b-934b-590706895042\">\n<li class=\"\" data-start=\"2613\" data-end=\"2916\" data-immersive-translate-walked=\"150360de-7453-456b-934b-590706895042\">\n<p class=\"\" data-start=\"2615\" data-end=\"2916\" data-immersive-translate-walked=\"150360de-7453-456b-934b-590706895042\" data-immersive-translate-paragraph=\"1\">Prvotriedna v\u00fddr\u017e bat\u00e9rie<br data-start=\"2644\" data-end=\"2647\" data-immersive-translate-walked=\"150360de-7453-456b-934b-590706895042\" \/>V\u00fdkonn\u00e1 bat\u00e9ria pon\u00faka dlh\u00e9 pou\u017e\u00edvanie s a\u017e 12000 potiahnutiami, \u010do rob\u00ed WASPE 12000 potiahnut\u00ed jednou z najv\u00fdkonnej\u0161\u00edch jednorazov\u00fdch zariaden\u00ed. Nemus\u00edte sa ob\u00e1va\u0165 \u010dast\u00e9ho dob\u00edjania a m\u00f4\u017eete zariadenie pou\u017e\u00edva\u0165 dlhodobo.<\/p>\n<\/li>\n<li class=\"\" data-start=\"2918\" data-end=\"3217\" data-immersive-translate-walked=\"150360de-7453-456b-934b-590706895042\">\n<p class=\"\" data-start=\"2920\" data-end=\"3217\" data-immersive-translate-walked=\"150360de-7453-456b-934b-590706895042\" data-immersive-translate-paragraph=\"1\">Jednoduch\u00e9 ovl\u00e1danie a v\u017edy pripraven\u00e9 na pou\u017eitie<br data-start=\"2967\" data-end=\"2970\" data-immersive-translate-walked=\"150360de-7453-456b-934b-590706895042\" \/>Jednoduch\u00e1 aktiv\u00e1cia potiahnut\u00edm a pohodln\u00e9 ovl\u00e1danie robia z WASPE 12000 potiahnut\u00ed praktick\u00e9ho spolo\u010dn\u00edka pre v\u0161etk\u00fdch vapova\u010dov. Nemus\u00edte stl\u00e1\u010da\u0165 \u017eiadne tla\u010didlo a m\u00f4\u017eete si kedyko\u013evek vychutna\u0165 intenz\u00edvny z\u00e1\u017eitok z vapovania.<\/p>\n<\/li>\n<li class=\"\" data-start=\"3219\" data-end=\"3545\" data-immersive-translate-walked=\"150360de-7453-456b-934b-590706895042\">\n<p class=\"\" data-start=\"3221\" data-end=\"3545\" data-immersive-translate-walked=\"150360de-7453-456b-934b-590706895042\" data-immersive-translate-paragraph=\"1\">Ide\u00e1lne pre za\u010diato\u010dn\u00edkov aj sk\u00fasen\u00fdch vapova\u010dov<br data-start=\"3265\" data-end=\"3268\" data-immersive-translate-walked=\"150360de-7453-456b-934b-590706895042\" \/>V\u010faka pou\u017e\u00edvate\u013esky pr\u00edvetiv\u00e9mu ovl\u00e1daniu je zariadenie vhodn\u00e9 pre za\u010diato\u010dn\u00edkov aj sk\u00fasen\u00fdch vapova\u010dov. \u010ci u\u017e za\u010d\u00ednate alebo m\u00e1te u\u017e ve\u013ea sk\u00fasenost\u00ed, WASPE 12000 potiahnut\u00ed pon\u00faka jednoduch\u00e9 rie\u0161enie pre v\u0161etky potreby.<\/p>\n<\/li>\n<\/ul>\n<p class=\"\" data-start=\"3562\" data-end=\"4022\" data-immersive-translate-walked=\"150360de-7453-456b-934b-590706895042\" data-immersive-translate-paragraph=\"1\">Jednorazov\u00e1 e-cigareta WASPE 12000 potiahnut\u00ed kombinuje inovat\u00edvnu technol\u00f3giu, pou\u017e\u00edvate\u013esky pr\u00edvetiv\u00e9 funkcie a intenz\u00edvnu chu\u0165, aby poskytla vapova\u010dom jedine\u010dn\u00fd z\u00e1\u017eitok. S jej odolnou bat\u00e9riou, mesh-\u017ehaviacou technol\u00f3giou a ovocnou chu\u0165ou je ide\u00e1lnou vo\u013ebou pre v\u0161etk\u00fdch, ktor\u00ed h\u013eadaj\u00fa spo\u013eahliv\u00fa a v\u00fdkonn\u00fa jednorazov\u00fa e-cigaretu. Z\u00edskajte WASPE 12000 potiahnut\u00ed a vychutnajte si ultim\u00e1tny z\u00e1\u017eitok z vapovania!<\/p>","protected":false},"excerpt":{"rendered":"<p>WASPE 12000 Puffs Einweg E-Zigarette: Unvergleichliches Dampferlebnis in einem kompakten Ger\u00e4t Die WASPE 12000 Puffs Einweg E-Zigarette bietet eine au\u00dfergew\u00f6hnliche Kombination aus hoher Leistung, stilvollem&#8230;<\/p>","protected":false},"featured_media":6604,"template":"","meta":[],"etheme_brands":[],"product_brand":[98],"product_cat":[88,49,61],"product_tag":[],"class_list":{"0":"post-6599","1":"product","2":"type-product","3":"status-publish","4":"has-post-thumbnail","6":"product_brand-waspe-vape","7":"product_cat-12k-vape","8":"product_cat-einweg-e-zigarette","9":"product_cat-f","11":"first","12":"instock","13":"shipping-taxable","14":"purchasable","15":"product-type-variable"},"yoast_head":"<!-- This site is optimized with the Yoast SEO plugin v26.5 - https:\/\/yoast.com\/wordpress\/plugins\/seo\/ -->\n<title>Juicy Peach Pineapple Trifft Auf WASPE 12000 Puffs Der Geschmack Den Sie Nicht Mehr Missen Wollen | Vapingnet.de<\/title>\n<meta name=\"description\" content=\"Entdecke Juicy Peach Pineapple Trifft Auf WASPE 12000 Puffs Der Geschmack Den Sie Nicht Mehr Missen Wollen bei vapingnet.de, \u25ba Gro\u00dfe Auswahl an Geschmacksrichtungen &amp; super g\u00fcnstig!\" \/>\n<meta name=\"robots\" content=\"index, follow, max-snippet:-1, max-image-preview:large, max-video-preview:-1\" \/>\n<link rel=\"canonical\" href=\"https:\/\/vapingnet.de\/sk\/vape\/juicy-peach-pineapple-trifft-auf-waspe-12000-puffs-der-geschmack-den-sie-nicht-mehr-missen-wollen\/\" \/>\n<meta property=\"og:locale\" content=\"sk_SK\" \/>\n<meta property=\"og:type\" content=\"article\" \/>\n<meta property=\"og:title\" content=\"Juicy Peach Pineapple Trifft Auf WASPE 12000 Puffs Der Geschmack Den Sie Nicht Mehr Missen Wollen | Vapingnet.de\" \/>\n<meta property=\"og:description\" content=\"Entdecke Juicy Peach Pineapple Trifft Auf WASPE 12000 Puffs Der Geschmack Den Sie Nicht Mehr Missen Wollen bei vapingnet.de, \u25ba Gro\u00dfe Auswahl an Geschmacksrichtungen &amp; super g\u00fcnstig!\" \/>\n<meta property=\"og:url\" content=\"https:\/\/vapingnet.de\/sk\/vape\/juicy-peach-pineapple-trifft-auf-waspe-12000-puffs-der-geschmack-den-sie-nicht-mehr-missen-wollen\/\" \/>\n<meta property=\"og:site_name\" content=\"Vapingnet.de\" \/>\n<meta property=\"article:publisher\" content=\"https:\/\/www.facebook.com\/vapingnetde\/\" \/>\n<meta property=\"article:modified_time\" content=\"2026-04-15T09:18:38+00:00\" \/>\n<meta property=\"og:image\" content=\"https:\/\/vapingnet.de\/wp-content\/uploads\/2025\/04\/Juicy-Peach-Pineapple_980.webp\" \/>\n\t<meta property=\"og:image:width\" content=\"1000\" \/>\n\t<meta property=\"og:image:height\" content=\"1000\" \/>\n\t<meta property=\"og:image:type\" content=\"image\/webp\" \/>\n<meta name=\"twitter:card\" content=\"summary_large_image\" \/>\n<meta name=\"twitter:label1\" content=\"Est. reading time\" \/>\n\t<meta name=\"twitter:data1\" content=\"4 minutes\" \/>\n<script type=\"application\/ld+json\" class=\"yoast-schema-graph\">{\"@context\":\"https:\/\/schema.org\",\"@graph\":[{\"@type\":\"WebPage\",\"@id\":\"https:\/\/vapingnet.de\/vape\/juicy-peach-pineapple-trifft-auf-waspe-12000-puffs-der-geschmack-den-sie-nicht-mehr-missen-wollen\/\",\"url\":\"https:\/\/vapingnet.de\/vape\/juicy-peach-pineapple-trifft-auf-waspe-12000-puffs-der-geschmack-den-sie-nicht-mehr-missen-wollen\/\",\"name\":\"Juicy Peach Pineapple Trifft Auf WASPE 12000 Puffs Der Geschmack Den Sie Nicht Mehr Missen Wollen | Vapingnet.de\",\"isPartOf\":{\"@id\":\"https:\/\/vapingnet.de\/#website\"},\"primaryImageOfPage\":{\"@id\":\"https:\/\/vapingnet.de\/vape\/juicy-peach-pineapple-trifft-auf-waspe-12000-puffs-der-geschmack-den-sie-nicht-mehr-missen-wollen\/#primaryimage\"},\"image\":{\"@id\":\"https:\/\/vapingnet.de\/vape\/juicy-peach-pineapple-trifft-auf-waspe-12000-puffs-der-geschmack-den-sie-nicht-mehr-missen-wollen\/#primaryimage\"},\"thumbnailUrl\":\"https:\/\/vapingnet.de\/wp-content\/uploads\/2025\/04\/Juicy-Peach-Pineapple_980.webp\",\"datePublished\":\"2025-04-29T02:30:41+00:00\",\"dateModified\":\"2026-04-15T09:18:38+00:00\",\"description\":\"Entdecke Juicy Peach Pineapple Trifft Auf WASPE 12000 Puffs Der Geschmack Den Sie Nicht Mehr Missen Wollen bei vapingnet.de, \u25ba Gro\u00dfe Auswahl an Geschmacksrichtungen & super g\u00fcnstig!\",\"breadcrumb\":{\"@id\":\"https:\/\/vapingnet.de\/vape\/juicy-peach-pineapple-trifft-auf-waspe-12000-puffs-der-geschmack-den-sie-nicht-mehr-missen-wollen\/#breadcrumb\"},\"inLanguage\":\"sk-SK\",\"potentialAction\":[{\"@type\":\"ReadAction\",\"target\":[\"https:\/\/vapingnet.de\/vape\/juicy-peach-pineapple-trifft-auf-waspe-12000-puffs-der-geschmack-den-sie-nicht-mehr-missen-wollen\/\"]}]},{\"@type\":\"ImageObject\",\"inLanguage\":\"sk-SK\",\"@id\":\"https:\/\/vapingnet.de\/vape\/juicy-peach-pineapple-trifft-auf-waspe-12000-puffs-der-geschmack-den-sie-nicht-mehr-missen-wollen\/#primaryimage\",\"url\":\"https:\/\/vapingnet.de\/wp-content\/uploads\/2025\/04\/Juicy-Peach-Pineapple_980.webp\",\"contentUrl\":\"https:\/\/vapingnet.de\/wp-content\/uploads\/2025\/04\/Juicy-Peach-Pineapple_980.webp\",\"width\":1000,\"height\":1000},{\"@type\":\"BreadcrumbList\",\"@id\":\"https:\/\/vapingnet.de\/vape\/juicy-peach-pineapple-trifft-auf-waspe-12000-puffs-der-geschmack-den-sie-nicht-mehr-missen-wollen\/#breadcrumb\",\"itemListElement\":[{\"@type\":\"ListItem\",\"position\":1,\"name\":\"Home\",\"item\":\"https:\/\/vapingnet.de\/\"},{\"@type\":\"ListItem\",\"position\":2,\"name\":\"Shop\",\"item\":\"https:\/\/vapingnet.de\/vape\/\"},{\"@type\":\"ListItem\",\"position\":3,\"name\":\"Juicy Peach Pineapple Trifft Auf WASPE 12000 Puffs Der Geschmack Den Sie Nicht Mehr Missen Wollen\"}]},{\"@type\":\"WebSite\",\"@id\":\"https:\/\/vapingnet.de\/#website\",\"url\":\"https:\/\/vapingnet.de\/\",\"name\":\"Vapingnet.de\",\"description\":\"\",\"publisher\":{\"@id\":\"https:\/\/vapingnet.de\/#organization\"},\"potentialAction\":[{\"@type\":\"SearchAction\",\"target\":{\"@type\":\"EntryPoint\",\"urlTemplate\":\"https:\/\/vapingnet.de\/?s={search_term_string}\"},\"query-input\":{\"@type\":\"PropertyValueSpecification\",\"valueRequired\":true,\"valueName\":\"search_term_string\"}}],\"inLanguage\":\"sk-SK\"},{\"@type\":\"Organization\",\"@id\":\"https:\/\/vapingnet.de\/#organization\",\"name\":\"Vapingnet.de\",\"url\":\"https:\/\/vapingnet.de\/\",\"logo\":{\"@type\":\"ImageObject\",\"inLanguage\":\"sk-SK\",\"@id\":\"https:\/\/vapingnet.de\/#\/schema\/logo\/image\/\",\"url\":\"https:\/\/vapingnet.de\/wp-content\/uploads\/2025\/03\/cropped-vapingnet.de_.jpg\",\"contentUrl\":\"https:\/\/vapingnet.de\/wp-content\/uploads\/2025\/03\/cropped-vapingnet.de_.jpg\",\"width\":512,\"height\":512,\"caption\":\"Vapingnet.de\"},\"image\":{\"@id\":\"https:\/\/vapingnet.de\/#\/schema\/logo\/image\/\"},\"sameAs\":[\"https:\/\/www.facebook.com\/vapingnetde\/\"]}]}<\/script>\n<!-- \/ Yoast SEO plugin. -->","yoast_head_json":{"title":"Juicy Peach Pineapple Trifft Auf WASPE 12000 Puffs Der Geschmack Den Sie Nicht Mehr Missen Wollen | Vapingnet.de","description":"Entdecke Juicy Peach Pineapple Trifft Auf WASPE 12000 Puffs Der Geschmack Den Sie Nicht Mehr Missen Wollen bei vapingnet.de, \u25ba Gro\u00dfe Auswahl an Geschmacksrichtungen & super g\u00fcnstig!","robots":{"index":"index","follow":"follow","max-snippet":"max-snippet:-1","max-image-preview":"max-image-preview:large","max-video-preview":"max-video-preview:-1"},"canonical":"https:\/\/vapingnet.de\/sk\/vape\/juicy-peach-pineapple-trifft-auf-waspe-12000-puffs-der-geschmack-den-sie-nicht-mehr-missen-wollen\/","og_locale":"sk_SK","og_type":"article","og_title":"Juicy Peach Pineapple Trifft Auf WASPE 12000 Puffs Der Geschmack Den Sie Nicht Mehr Missen Wollen | Vapingnet.de","og_description":"Entdecke Juicy Peach Pineapple Trifft Auf WASPE 12000 Puffs Der Geschmack Den Sie Nicht Mehr Missen Wollen bei vapingnet.de, \u25ba Gro\u00dfe Auswahl an Geschmacksrichtungen & super g\u00fcnstig!","og_url":"https:\/\/vapingnet.de\/sk\/vape\/juicy-peach-pineapple-trifft-auf-waspe-12000-puffs-der-geschmack-den-sie-nicht-mehr-missen-wollen\/","og_site_name":"Vapingnet.de","article_publisher":"https:\/\/www.facebook.com\/vapingnetde\/","article_modified_time":"2026-04-15T09:18:38+00:00","og_image":[{"width":1000,"height":1000,"url":"https:\/\/vapingnet.de\/wp-content\/uploads\/2025\/04\/Juicy-Peach-Pineapple_980.webp","type":"image\/webp"}],"twitter_card":"summary_large_image","twitter_misc":{"Est. reading time":"4 minutes"},"schema":{"@context":"https:\/\/schema.org","@graph":[{"@type":"WebPage","@id":"https:\/\/vapingnet.de\/vape\/juicy-peach-pineapple-trifft-auf-waspe-12000-puffs-der-geschmack-den-sie-nicht-mehr-missen-wollen\/","url":"https:\/\/vapingnet.de\/vape\/juicy-peach-pineapple-trifft-auf-waspe-12000-puffs-der-geschmack-den-sie-nicht-mehr-missen-wollen\/","name":"Juicy Peach Pineapple Trifft Auf WASPE 12000 Puffs Der Geschmack Den Sie Nicht Mehr Missen Wollen | Vapingnet.de","isPartOf":{"@id":"https:\/\/vapingnet.de\/#website"},"primaryImageOfPage":{"@id":"https:\/\/vapingnet.de\/vape\/juicy-peach-pineapple-trifft-auf-waspe-12000-puffs-der-geschmack-den-sie-nicht-mehr-missen-wollen\/#primaryimage"},"image":{"@id":"https:\/\/vapingnet.de\/vape\/juicy-peach-pineapple-trifft-auf-waspe-12000-puffs-der-geschmack-den-sie-nicht-mehr-missen-wollen\/#primaryimage"},"thumbnailUrl":"https:\/\/vapingnet.de\/wp-content\/uploads\/2025\/04\/Juicy-Peach-Pineapple_980.webp","datePublished":"2025-04-29T02:30:41+00:00","dateModified":"2026-04-15T09:18:38+00:00","description":"Entdecke Juicy Peach Pineapple Trifft Auf WASPE 12000 Puffs Der Geschmack Den Sie Nicht Mehr Missen Wollen bei vapingnet.de, \u25ba Gro\u00dfe Auswahl an Geschmacksrichtungen & super g\u00fcnstig!","breadcrumb":{"@id":"https:\/\/vapingnet.de\/vape\/juicy-peach-pineapple-trifft-auf-waspe-12000-puffs-der-geschmack-den-sie-nicht-mehr-missen-wollen\/#breadcrumb"},"inLanguage":"sk-SK","potentialAction":[{"@type":"ReadAction","target":["https:\/\/vapingnet.de\/vape\/juicy-peach-pineapple-trifft-auf-waspe-12000-puffs-der-geschmack-den-sie-nicht-mehr-missen-wollen\/"]}]},{"@type":"ImageObject","inLanguage":"sk-SK","@id":"https:\/\/vapingnet.de\/vape\/juicy-peach-pineapple-trifft-auf-waspe-12000-puffs-der-geschmack-den-sie-nicht-mehr-missen-wollen\/#primaryimage","url":"https:\/\/vapingnet.de\/wp-content\/uploads\/2025\/04\/Juicy-Peach-Pineapple_980.webp","contentUrl":"https:\/\/vapingnet.de\/wp-content\/uploads\/2025\/04\/Juicy-Peach-Pineapple_980.webp","width":1000,"height":1000},{"@type":"BreadcrumbList","@id":"https:\/\/vapingnet.de\/vape\/juicy-peach-pineapple-trifft-auf-waspe-12000-puffs-der-geschmack-den-sie-nicht-mehr-missen-wollen\/#breadcrumb","itemListElement":[{"@type":"ListItem","position":1,"name":"Home","item":"https:\/\/vapingnet.de\/"},{"@type":"ListItem","position":2,"name":"Shop","item":"https:\/\/vapingnet.de\/vape\/"},{"@type":"ListItem","position":3,"name":"Juicy Peach Pineapple Trifft Auf WASPE 12000 Puffs Der Geschmack Den Sie Nicht Mehr Missen Wollen"}]},{"@type":"WebSite","@id":"https:\/\/vapingnet.de\/#website","url":"https:\/\/vapingnet.de\/","name":"Vapingnet.de","description":"","publisher":{"@id":"https:\/\/vapingnet.de\/#organization"},"potentialAction":[{"@type":"SearchAction","target":{"@type":"EntryPoint","urlTemplate":"https:\/\/vapingnet.de\/?s={search_term_string}"},"query-input":{"@type":"PropertyValueSpecification","valueRequired":true,"valueName":"search_term_string"}}],"inLanguage":"sk-SK"},{"@type":"Organization","@id":"https:\/\/vapingnet.de\/#organization","name":"Vapingnet.de","url":"https:\/\/vapingnet.de\/","logo":{"@type":"ImageObject","inLanguage":"sk-SK","@id":"https:\/\/vapingnet.de\/#\/schema\/logo\/image\/","url":"https:\/\/vapingnet.de\/wp-content\/uploads\/2025\/03\/cropped-vapingnet.de_.jpg","contentUrl":"https:\/\/vapingnet.de\/wp-content\/uploads\/2025\/03\/cropped-vapingnet.de_.jpg","width":512,"height":512,"caption":"Vapingnet.de"},"image":{"@id":"https:\/\/vapingnet.de\/#\/schema\/logo\/image\/"},"sameAs":["https:\/\/www.facebook.com\/vapingnetde\/"]}]}},"tiered_pricing_type":"fixed","tiered_pricing_fixed_rules":[],"tiered_pricing_product_settings":{"layout":"default","base_unit_name":{"singular":null,"plural":null},"default_variation":null},"tiered_pricing_minimum_quantity":null,"tiered_pricing_roles_data":[],"tiered_pricing_percentage_rules":[],"_links":{"self":[{"href":"https:\/\/vapingnet.de\/sk\/wp-json\/wp\/v2\/product\/6599","targetHints":{"allow":["GET"]}}],"collection":[{"href":"https:\/\/vapingnet.de\/sk\/wp-json\/wp\/v2\/product"}],"about":[{"href":"https:\/\/vapingnet.de\/sk\/wp-json\/wp\/v2\/types\/product"}],"version-history":[{"count":4,"href":"https:\/\/vapingnet.de\/sk\/wp-json\/wp\/v2\/product\/6599\/revisions"}],"predecessor-version":[{"id":6878,"href":"https:\/\/vapingnet.de\/sk\/wp-json\/wp\/v2\/product\/6599\/revisions\/6878"}],"wp:featuredmedia":[{"embeddable":true,"href":"https:\/\/vapingnet.de\/sk\/wp-json\/wp\/v2\/media\/6604"}],"wp:attachment":[{"href":"https:\/\/vapingnet.de\/sk\/wp-json\/wp\/v2\/media?parent=6599"}],"wp:term":[{"taxonomy":"brand","embeddable":true,"href":"https:\/\/vapingnet.de\/sk\/wp-json\/wp\/v2\/etheme_brands?post=6599"},{"taxonomy":"product_brand","embeddable":true,"href":"https:\/\/vapingnet.de\/sk\/wp-json\/wp\/v2\/product_brand?post=6599"},{"taxonomy":"product_cat","embeddable":true,"href":"https:\/\/vapingnet.de\/sk\/wp-json\/wp\/v2\/product_cat?post=6599"},{"taxonomy":"product_tag","embeddable":true,"href":"https:\/\/vapingnet.de\/sk\/wp-json\/wp\/v2\/product_tag?post=6599"}],"curies":[{"name":"wp","href":"https:\/\/api.w.org\/{rel}","templated":true}]}}