{"id":6615,"date":"2025-04-29T02:53:16","date_gmt":"2025-04-29T02:53:16","guid":{"rendered":"https:\/\/vapingnet.de\/?post_type=product&#038;p=6615"},"modified":"2025-06-19T03:45:16","modified_gmt":"2025-06-19T03:45:16","slug":"kiwi-lime-der-geschmack-von-waspe-12000-puffs-jetzt-auch-zollfrei-und-direkt-verfuegbar","status":"publish","type":"product","link":"https:\/\/vapingnet.de\/sk\/vape\/kiwi-lime-der-geschmack-von-waspe-12000-puffs-jetzt-auch-zollfrei-und-direkt-verfuegbar\/","title":{"rendered":"Kiwi Lime Chu\u0165 WASPE 12000 Puffs teraz aj bezclov\u00e1 a priamo dostupn\u00e1"},"content":{"rendered":"<h2 data-start=\"0\" data-end=\"62\" data-immersive-translate-walked=\"96d77bb5-9971-4916-b8ce-688930dc4726\">WASPE 12000 potiahnut\u00ed jednorazov\u00e1 e-cigareta \u2013 pr\u00edchu\u0165 kiwi limetka<\/h2>\n<p class=\"\" data-start=\"64\" data-end=\"350\" data-immersive-translate-walked=\"96d77bb5-9971-4916-b8ce-688930dc4726\" data-immersive-translate-paragraph=\"1\">WASPE 12000 potiahnut\u00ed jednorazov\u00e1 e-cigareta prin\u00e1\u0161a \u010fal\u0161iu \u00farove\u0148 z\u00e1\u017eitku z vapovania. S jej ovocnou pr\u00edchu\u0165ou kiwi limetka a modern\u00fdmi technol\u00f3giami je ide\u00e1lna pre vapovanie, ktor\u00e9 h\u013ead\u00e1 vysok\u00fd v\u00fdkon, komfort a chu\u0165. Objavte, \u010do tento inovat\u00edvny produkt pon\u00faka.<\/p>\n<h3>Preh\u013ead produktu<\/h3>\n<p class=\"\" data-start=\"378\" data-end=\"669\" data-immersive-translate-walked=\"96d77bb5-9971-4916-b8ce-688930dc4726\" data-immersive-translate-paragraph=\"1\">WASPE 12000 potiahnut\u00ed je vysoko kvalitn\u00e1 jednorazov\u00e1 e-cigareta, ktor\u00e1 sa vyzna\u010duje dlh\u00fdmi \u010dasmi vapovania a pou\u017e\u00edvate\u013esky pr\u00edvetivou technol\u00f3giou. Je obzvl\u00e1\u0161\u0165 vhodn\u00e1 pre t\u00fdch, ktor\u00ed si chc\u00fa vychutna\u0165 chu\u0165 kiwi a limetky v intenz\u00edvnej a dlhotrvaj\u00facej forme.<\/p>\n<ul data-start=\"671\" data-end=\"1032\" data-immersive-translate-walked=\"96d77bb5-9971-4916-b8ce-688930dc4726\">\n<li class=\"\" data-start=\"671\" data-end=\"706\" data-immersive-translate-walked=\"96d77bb5-9971-4916-b8ce-688930dc4726\">\n<p class=\"\" data-start=\"673\" data-end=\"706\" data-immersive-translate-walked=\"96d77bb5-9971-4916-b8ce-688930dc4726\" data-immersive-translate-paragraph=\"1\">Obsah nikot\u00ednu: 0%, 2%, 3%, 5%<\/p>\n<\/li>\n<li class=\"\" data-start=\"707\" data-end=\"737\" data-immersive-translate-walked=\"96d77bb5-9971-4916-b8ce-688930dc4726\">\n<p class=\"\" data-start=\"709\" data-end=\"737\" data-immersive-translate-walked=\"96d77bb5-9971-4916-b8ce-688930dc4726\" data-immersive-translate-paragraph=\"1\">Kapacita e-liquidu: 20ml<\/p>\n<\/li>\n<li class=\"\" data-start=\"738\" data-end=\"768\" data-immersive-translate-walked=\"96d77bb5-9971-4916-b8ce-688930dc4726\">\n<p class=\"\" data-start=\"740\" data-end=\"768\" data-immersive-translate-walked=\"96d77bb5-9971-4916-b8ce-688930dc4726\" data-immersive-translate-paragraph=\"1\">Potiahnutia: A\u017e 12000 potiahnut\u00ed<\/p>\n<\/li>\n<li class=\"\" data-start=\"769\" data-end=\"787\" data-immersive-translate-walked=\"96d77bb5-9971-4916-b8ce-688930dc4726\">\n<p class=\"\" data-start=\"771\" data-end=\"787\" data-immersive-translate-walked=\"96d77bb5-9971-4916-b8ce-688930dc4726\" data-immersive-translate-paragraph=\"1\">Bat\u00e9ria: 650mAh<\/p>\n<\/li>\n<li class=\"\" data-start=\"788\" data-end=\"815\" data-immersive-translate-walked=\"96d77bb5-9971-4916-b8ce-688930dc4726\">\n<p class=\"\" data-start=\"790\" data-end=\"815\" data-immersive-translate-walked=\"96d77bb5-9971-4916-b8ce-688930dc4726\" data-immersive-translate-paragraph=\"1\">Nab\u00edjac\u00ed port: Type-C<\/p>\n<\/li>\n<li class=\"\" data-start=\"816\" data-end=\"840\" data-immersive-translate-walked=\"96d77bb5-9971-4916-b8ce-688930dc4726\">\n<p class=\"\" data-start=\"818\" data-end=\"840\" data-immersive-translate-walked=\"96d77bb5-9971-4916-b8ce-688930dc4726\" data-immersive-translate-paragraph=\"1\">Cievka: 0,8 Ohm Mesh<\/p>\n<\/li>\n<li class=\"\" data-start=\"841\" data-end=\"876\" data-immersive-translate-walked=\"96d77bb5-9971-4916-b8ce-688930dc4726\">\n<p class=\"\" data-start=\"843\" data-end=\"876\" data-immersive-translate-walked=\"96d77bb5-9971-4916-b8ce-688930dc4726\" data-immersive-translate-paragraph=\"1\">Aktiv\u00e1cia: Aktiv\u00e1cia potiahnut\u00edm<\/p>\n<\/li>\n<li class=\"\" data-start=\"877\" data-end=\"919\" data-immersive-translate-walked=\"96d77bb5-9971-4916-b8ce-688930dc4726\">\n<p class=\"\" data-start=\"879\" data-end=\"919\" data-immersive-translate-walked=\"96d77bb5-9971-4916-b8ce-688930dc4726\" data-immersive-translate-paragraph=\"1\">Odpor vykurovacieho dr\u00f4tu: 1,0\u03a9 Mesh jadro<\/p>\n<\/li>\n<li class=\"\" data-start=\"920\" data-end=\"949\" data-immersive-translate-walked=\"96d77bb5-9971-4916-b8ce-688930dc4726\">\n<p class=\"\" data-start=\"922\" data-end=\"949\" data-immersive-translate-walked=\"96d77bb5-9971-4916-b8ce-688930dc4726\" data-immersive-translate-paragraph=\"1\">Dizajn: RGB osvetlenie<\/p>\n<\/li>\n<li class=\"\" data-start=\"950\" data-end=\"968\" data-immersive-translate-walked=\"96d77bb5-9971-4916-b8ce-688930dc4726\">\n<p class=\"\" data-start=\"952\" data-end=\"968\" data-immersive-translate-walked=\"96d77bb5-9971-4916-b8ce-688930dc4726\" data-immersive-translate-paragraph=\"1\">Hmotnos\u0165: 82g<\/p>\n<\/li>\n<li class=\"\" data-start=\"969\" data-end=\"1005\" data-immersive-translate-walked=\"96d77bb5-9971-4916-b8ce-688930dc4726\">\n<p class=\"\" data-start=\"971\" data-end=\"1005\" data-immersive-translate-walked=\"96d77bb5-9971-4916-b8ce-688930dc4726\" data-immersive-translate-paragraph=\"1\">Typ produktu: Jednorazov\u00e1 e-cigareta<\/p>\n<\/li>\n<li class=\"\" data-start=\"1006\" data-end=\"1032\" data-immersive-translate-walked=\"96d77bb5-9971-4916-b8ce-688930dc4726\">\n<p class=\"\" data-start=\"1008\" data-end=\"1032\" data-immersive-translate-walked=\"96d77bb5-9971-4916-b8ce-688930dc4726\" data-immersive-translate-paragraph=\"1\">Pr\u00edchu\u0165: Kiwi Limetka<\/p>\n<\/li>\n<\/ul>\n<h4 data-start=\"1034\" data-end=\"1072\" data-immersive-translate-walked=\"96d77bb5-9971-4916-b8ce-688930dc4726\">Z\u00e1\u017eitok z chuti \u2013 Kiwi Limetka<\/h4>\n<p class=\"\" data-start=\"1074\" data-end=\"1416\" data-immersive-translate-walked=\"96d77bb5-9971-4916-b8ce-688930dc4726\" data-immersive-translate-paragraph=\"1\">\u010cerstv\u00e1 a ovocn\u00e1 ar\u00f3ma WASPE 12000 potiahnut\u00ed pon\u00faka pr\u00edjemn\u00fa zmes sladk\u00e9ho kiwi a \u0161\u0165avnatej limetky. T\u00e1to kombin\u00e1cia zabezpe\u010duje osvie\u017euj\u00faci z\u00e1\u017eitok z vapovania, ktor\u00fd je obzvl\u00e1\u0161\u0165 vhodn\u00fd v hor\u00facich d\u0148och alebo po jedle. Chu\u0165 nie je pr\u00edli\u0161 sladk\u00e1, ale presne tak\u00e1, ak\u00fa si vy\u017eaduje ka\u017edodenn\u00e9 u\u017e\u00edvanie.<\/p>\n<h3>Technol\u00f3gia a v\u00fdkon<\/h3>\n<h4>Dlh\u00e1 \u017eivotnos\u0165 a vysok\u00fd v\u00fdkon<\/h4>\n<p class=\"\" data-start=\"1497\" data-end=\"1799\" data-immersive-translate-walked=\"96d77bb5-9971-4916-b8ce-688930dc4726\" data-immersive-translate-paragraph=\"1\">WASPE 12000 potiahnut\u00ed je vybaven\u00e1 bat\u00e9riou s kapacitou 650mAh, ktor\u00e1 poskytuje mimoriadny v\u00fdkon. S a\u017e 12000 potiahnutiami m\u00f4\u017eete vapova\u0165 dlho, bez toho, aby sa bat\u00e9ria vybila. Ak sa bat\u00e9ria predsa len vybije, Type-C nab\u00edjac\u00ed port zabezpe\u010duje r\u00fdchle a jednoduch\u00e9 nab\u00edjanie.<\/p>\n<h4>Mesh cievka pre intenz\u00edvnu chu\u0165<\/h4>\n<p class=\"\" data-start=\"1845\" data-end=\"2109\" data-immersive-translate-walked=\"96d77bb5-9971-4916-b8ce-688930dc4726\" data-immersive-translate-paragraph=\"1\">V\u010faka inovat\u00edvnej mesh cievke s odporom 0,8 ohmov si m\u00f4\u017eete by\u0165 ist\u00ed, \u017ee ka\u017ed\u00fd potiahnutie je rovnomern\u00e9 a chu\u0165ovo intenz\u00edvne. Mesh cievky pon\u00fakaj\u00fa v\u00e4\u010d\u0161iu povrchov\u00fa plochu, \u010do vedie k lep\u0161ej paren\u00ed e-liquidu a t\u00fdm aj k lep\u0161ej chuti.<\/p>\n<h4>Jednoduch\u00e9 ovl\u00e1danie s aktiv\u00e1ciou puffu<\/h4>\n<p class=\"\" data-start=\"2160\" data-end=\"2418\" data-immersive-translate-walked=\"96d77bb5-9971-4916-b8ce-688930dc4726\" data-immersive-translate-paragraph=\"1\">WASPE 12000 puffov funguje s aktiv\u00e1ciou puffu. To znamen\u00e1, \u017ee sta\u010d\u00ed \u0165aha\u0165 z \u00fastnika, aby sa zariadenie aktivovalo. Nie s\u00fa potrebn\u00e9 \u017eiadne tla\u010didl\u00e1 alebo zlo\u017eit\u00e9 nastavenia, \u010do rob\u00ed vapovanie obzvl\u00e1\u0161\u0165 jednoduch\u00fdm a pohodln\u00fdm.<\/p>\n<h4 data-start=\"2420\" data-end=\"2447\" data-immersive-translate-walked=\"96d77bb5-9971-4916-b8ce-688930dc4726\">Design a estetika<\/h4>\n<p class=\"\" data-start=\"2449\" data-end=\"2757\" data-immersive-translate-walked=\"96d77bb5-9971-4916-b8ce-688930dc4726\" data-immersive-translate-paragraph=\"1\">Okrem vynikaj\u00faceho v\u00fdkonu presved\u010d\u00ed WASPE 12000 puffov aj svoj\u00edm modern\u00fdm dizajnom. RGB osvetlenie d\u00e1va e-cigarete futuristick\u00fd vzh\u013ead, ktor\u00fd v ka\u017edom prostred\u00ed up\u00fata pozornos\u0165. To rob\u00ed WASPE nielen praktick\u00fdm, ale aj \u0161t\u00fdlov\u00fdm doplnkom pre vapistov.<\/p>\n<p class=\"\" data-start=\"2774\" data-end=\"3261\" data-immersive-translate-walked=\"96d77bb5-9971-4916-b8ce-688930dc4726\" data-immersive-translate-paragraph=\"1\">Jednorazov\u00e1 e-cigareta WASPE 12000 puffov je vynikaj\u00facim produktom pre vapistov, ktor\u00ed h\u013eadaj\u00fa dlh\u00fa \u017eivotnos\u0165, intenz\u00edvnu chu\u0165 a pou\u017e\u00edvate\u013esky pr\u00edvetiv\u00fa technol\u00f3giu. S ar\u00f3mou Kiwi Lime, ktor\u00e1 pon\u00faka svie\u017eu ovocnos\u0165, a mesh cievkou pre optim\u00e1lny dym a chu\u0165, nastavuje WASPE 12000 puffov nov\u00e9 \u0161tandardy v oblasti jednorazov\u00fdch e cigariet. V\u010faka aktiv\u00e1cii puffu a r\u00fdchlemu nab\u00edjaniu je praktick\u00fdm spolo\u010dn\u00edkom na ka\u017edodenn\u00e9 pou\u017eitie.<\/p>","protected":false},"excerpt":{"rendered":"<p>WASPE 12000 potiahnut\u00ed Jednorazov\u00e1 elektronick\u00e1 cigareta \u2013 Chu\u0165 kiwi-limetka. WASPE 12000 potiahnut\u00ed Jednorazov\u00e1 elektronick\u00e1 cigareta pos\u00fava z\u00e1\u017eitok z faj\u010denia na \u010fal\u0161iu \u00farove\u0148. S ovocnou chu\u0165ou kiwi...<\/p>","protected":false},"featured_media":6605,"template":"","meta":[],"etheme_brands":[],"product_brand":[98],"product_cat":[88,49,61],"product_tag":[],"class_list":{"0":"post-6615","1":"product","2":"type-product","3":"status-publish","4":"has-post-thumbnail","6":"product_brand-waspe-vape","7":"product_cat-12k-vape","8":"product_cat-einweg-e-zigarette","9":"product_cat-f","11":"first","12":"instock","13":"shipping-taxable","14":"purchasable","15":"product-type-simple"},"yoast_head":"<!-- This site is optimized with the Yoast SEO plugin v26.5 - https:\/\/yoast.com\/wordpress\/plugins\/seo\/ -->\n<title>Kiwi Lime Der Geschmack Von WASPE 12000 Puffs Jetzt Auch Zollfrei Und Direkt Verf\u00fcgbar | Vapingnet.de<\/title>\n<meta name=\"description\" content=\"Entdecke Kiwi Lime Der Geschmack Von WASPE 12000 Puffs Jetzt Auch Zollfrei Und Direkt Verf\u00fcgbar bei vapingnet.de, \u25ba Gro\u00dfe Auswahl an Geschmacksrichtungen &amp; super g\u00fcnstig!\" \/>\n<meta name=\"robots\" content=\"index, follow, max-snippet:-1, max-image-preview:large, max-video-preview:-1\" \/>\n<link rel=\"canonical\" href=\"https:\/\/vapingnet.de\/sk\/vape\/kiwi-lime-der-geschmack-von-waspe-12000-puffs-jetzt-auch-zollfrei-und-direkt-verfuegbar\/\" \/>\n<meta property=\"og:locale\" content=\"sk_SK\" \/>\n<meta property=\"og:type\" content=\"article\" \/>\n<meta property=\"og:title\" content=\"Kiwi Lime Der Geschmack Von WASPE 12000 Puffs Jetzt Auch Zollfrei Und Direkt Verf\u00fcgbar | Vapingnet.de\" \/>\n<meta property=\"og:description\" content=\"Entdecke Kiwi Lime Der Geschmack Von WASPE 12000 Puffs Jetzt Auch Zollfrei Und Direkt Verf\u00fcgbar bei vapingnet.de, \u25ba Gro\u00dfe Auswahl an Geschmacksrichtungen &amp; super g\u00fcnstig!\" \/>\n<meta property=\"og:url\" content=\"https:\/\/vapingnet.de\/sk\/vape\/kiwi-lime-der-geschmack-von-waspe-12000-puffs-jetzt-auch-zollfrei-und-direkt-verfuegbar\/\" \/>\n<meta property=\"og:site_name\" content=\"Vapingnet.de\" \/>\n<meta property=\"article:publisher\" content=\"https:\/\/www.facebook.com\/vapingnetde\/\" \/>\n<meta property=\"article:modified_time\" content=\"2025-06-19T03:45:16+00:00\" \/>\n<meta property=\"og:image\" content=\"https:\/\/vapingnet.de\/wp-content\/uploads\/2025\/04\/Kiwi-lime.webp\" \/>\n\t<meta property=\"og:image:width\" content=\"1000\" \/>\n\t<meta property=\"og:image:height\" content=\"1000\" \/>\n\t<meta property=\"og:image:type\" content=\"image\/webp\" \/>\n<meta name=\"twitter:card\" content=\"summary_large_image\" \/>\n<meta name=\"twitter:label1\" content=\"Est. reading time\" \/>\n\t<meta name=\"twitter:data1\" content=\"3 minutes\" \/>\n<script type=\"application\/ld+json\" class=\"yoast-schema-graph\">{\"@context\":\"https:\/\/schema.org\",\"@graph\":[{\"@type\":\"WebPage\",\"@id\":\"https:\/\/vapingnet.de\/vape\/kiwi-lime-der-geschmack-von-waspe-12000-puffs-jetzt-auch-zollfrei-und-direkt-verfuegbar\/\",\"url\":\"https:\/\/vapingnet.de\/vape\/kiwi-lime-der-geschmack-von-waspe-12000-puffs-jetzt-auch-zollfrei-und-direkt-verfuegbar\/\",\"name\":\"Kiwi Lime Der Geschmack Von WASPE 12000 Puffs Jetzt Auch Zollfrei Und Direkt Verf\u00fcgbar | Vapingnet.de\",\"isPartOf\":{\"@id\":\"https:\/\/vapingnet.de\/#website\"},\"primaryImageOfPage\":{\"@id\":\"https:\/\/vapingnet.de\/vape\/kiwi-lime-der-geschmack-von-waspe-12000-puffs-jetzt-auch-zollfrei-und-direkt-verfuegbar\/#primaryimage\"},\"image\":{\"@id\":\"https:\/\/vapingnet.de\/vape\/kiwi-lime-der-geschmack-von-waspe-12000-puffs-jetzt-auch-zollfrei-und-direkt-verfuegbar\/#primaryimage\"},\"thumbnailUrl\":\"https:\/\/vapingnet.de\/wp-content\/uploads\/2025\/04\/Kiwi-lime.webp\",\"datePublished\":\"2025-04-29T02:53:16+00:00\",\"dateModified\":\"2025-06-19T03:45:16+00:00\",\"description\":\"Entdecke Kiwi Lime Der Geschmack Von WASPE 12000 Puffs Jetzt Auch Zollfrei Und Direkt Verf\u00fcgbar bei vapingnet.de, \u25ba Gro\u00dfe Auswahl an Geschmacksrichtungen & super g\u00fcnstig!\",\"breadcrumb\":{\"@id\":\"https:\/\/vapingnet.de\/vape\/kiwi-lime-der-geschmack-von-waspe-12000-puffs-jetzt-auch-zollfrei-und-direkt-verfuegbar\/#breadcrumb\"},\"inLanguage\":\"sk-SK\",\"potentialAction\":[{\"@type\":\"ReadAction\",\"target\":[\"https:\/\/vapingnet.de\/vape\/kiwi-lime-der-geschmack-von-waspe-12000-puffs-jetzt-auch-zollfrei-und-direkt-verfuegbar\/\"]}]},{\"@type\":\"ImageObject\",\"inLanguage\":\"sk-SK\",\"@id\":\"https:\/\/vapingnet.de\/vape\/kiwi-lime-der-geschmack-von-waspe-12000-puffs-jetzt-auch-zollfrei-und-direkt-verfuegbar\/#primaryimage\",\"url\":\"https:\/\/vapingnet.de\/wp-content\/uploads\/2025\/04\/Kiwi-lime.webp\",\"contentUrl\":\"https:\/\/vapingnet.de\/wp-content\/uploads\/2025\/04\/Kiwi-lime.webp\",\"width\":1000,\"height\":1000},{\"@type\":\"BreadcrumbList\",\"@id\":\"https:\/\/vapingnet.de\/vape\/kiwi-lime-der-geschmack-von-waspe-12000-puffs-jetzt-auch-zollfrei-und-direkt-verfuegbar\/#breadcrumb\",\"itemListElement\":[{\"@type\":\"ListItem\",\"position\":1,\"name\":\"Home\",\"item\":\"https:\/\/vapingnet.de\/\"},{\"@type\":\"ListItem\",\"position\":2,\"name\":\"Shop\",\"item\":\"https:\/\/vapingnet.de\/vape\/\"},{\"@type\":\"ListItem\",\"position\":3,\"name\":\"Kiwi Lime Der Geschmack Von WASPE 12000 Puffs Jetzt Auch Zollfrei Und Direkt Verf\u00fcgbar\"}]},{\"@type\":\"WebSite\",\"@id\":\"https:\/\/vapingnet.de\/#website\",\"url\":\"https:\/\/vapingnet.de\/\",\"name\":\"Vapingnet.de\",\"description\":\"\",\"publisher\":{\"@id\":\"https:\/\/vapingnet.de\/#organization\"},\"potentialAction\":[{\"@type\":\"SearchAction\",\"target\":{\"@type\":\"EntryPoint\",\"urlTemplate\":\"https:\/\/vapingnet.de\/?s={search_term_string}\"},\"query-input\":{\"@type\":\"PropertyValueSpecification\",\"valueRequired\":true,\"valueName\":\"search_term_string\"}}],\"inLanguage\":\"sk-SK\"},{\"@type\":\"Organization\",\"@id\":\"https:\/\/vapingnet.de\/#organization\",\"name\":\"Vapingnet.de\",\"url\":\"https:\/\/vapingnet.de\/\",\"logo\":{\"@type\":\"ImageObject\",\"inLanguage\":\"sk-SK\",\"@id\":\"https:\/\/vapingnet.de\/#\/schema\/logo\/image\/\",\"url\":\"https:\/\/vapingnet.de\/wp-content\/uploads\/2025\/03\/cropped-vapingnet.de_.jpg\",\"contentUrl\":\"https:\/\/vapingnet.de\/wp-content\/uploads\/2025\/03\/cropped-vapingnet.de_.jpg\",\"width\":512,\"height\":512,\"caption\":\"Vapingnet.de\"},\"image\":{\"@id\":\"https:\/\/vapingnet.de\/#\/schema\/logo\/image\/\"},\"sameAs\":[\"https:\/\/www.facebook.com\/vapingnetde\/\"]}]}<\/script>\n<!-- \/ Yoast SEO plugin. -->","yoast_head_json":{"title":"Kiwi Lime Der Geschmack Von WASPE 12000 Puffs Jetzt Auch Zollfrei Und Direkt Verf\u00fcgbar | Vapingnet.de","description":"Entdecke Kiwi Lime Der Geschmack Von WASPE 12000 Puffs Jetzt Auch Zollfrei Und Direkt Verf\u00fcgbar bei vapingnet.de, \u25ba Gro\u00dfe Auswahl an Geschmacksrichtungen & super g\u00fcnstig!","robots":{"index":"index","follow":"follow","max-snippet":"max-snippet:-1","max-image-preview":"max-image-preview:large","max-video-preview":"max-video-preview:-1"},"canonical":"https:\/\/vapingnet.de\/sk\/vape\/kiwi-lime-der-geschmack-von-waspe-12000-puffs-jetzt-auch-zollfrei-und-direkt-verfuegbar\/","og_locale":"sk_SK","og_type":"article","og_title":"Kiwi Lime Der Geschmack Von WASPE 12000 Puffs Jetzt Auch Zollfrei Und Direkt Verf\u00fcgbar | Vapingnet.de","og_description":"Entdecke Kiwi Lime Der Geschmack Von WASPE 12000 Puffs Jetzt Auch Zollfrei Und Direkt Verf\u00fcgbar bei vapingnet.de, \u25ba Gro\u00dfe Auswahl an Geschmacksrichtungen & super g\u00fcnstig!","og_url":"https:\/\/vapingnet.de\/sk\/vape\/kiwi-lime-der-geschmack-von-waspe-12000-puffs-jetzt-auch-zollfrei-und-direkt-verfuegbar\/","og_site_name":"Vapingnet.de","article_publisher":"https:\/\/www.facebook.com\/vapingnetde\/","article_modified_time":"2025-06-19T03:45:16+00:00","og_image":[{"width":1000,"height":1000,"url":"https:\/\/vapingnet.de\/wp-content\/uploads\/2025\/04\/Kiwi-lime.webp","type":"image\/webp"}],"twitter_card":"summary_large_image","twitter_misc":{"Est. reading time":"3 minutes"},"schema":{"@context":"https:\/\/schema.org","@graph":[{"@type":"WebPage","@id":"https:\/\/vapingnet.de\/vape\/kiwi-lime-der-geschmack-von-waspe-12000-puffs-jetzt-auch-zollfrei-und-direkt-verfuegbar\/","url":"https:\/\/vapingnet.de\/vape\/kiwi-lime-der-geschmack-von-waspe-12000-puffs-jetzt-auch-zollfrei-und-direkt-verfuegbar\/","name":"Kiwi Lime Der Geschmack Von WASPE 12000 Puffs Jetzt Auch Zollfrei Und Direkt Verf\u00fcgbar | Vapingnet.de","isPartOf":{"@id":"https:\/\/vapingnet.de\/#website"},"primaryImageOfPage":{"@id":"https:\/\/vapingnet.de\/vape\/kiwi-lime-der-geschmack-von-waspe-12000-puffs-jetzt-auch-zollfrei-und-direkt-verfuegbar\/#primaryimage"},"image":{"@id":"https:\/\/vapingnet.de\/vape\/kiwi-lime-der-geschmack-von-waspe-12000-puffs-jetzt-auch-zollfrei-und-direkt-verfuegbar\/#primaryimage"},"thumbnailUrl":"https:\/\/vapingnet.de\/wp-content\/uploads\/2025\/04\/Kiwi-lime.webp","datePublished":"2025-04-29T02:53:16+00:00","dateModified":"2025-06-19T03:45:16+00:00","description":"Entdecke Kiwi Lime Der Geschmack Von WASPE 12000 Puffs Jetzt Auch Zollfrei Und Direkt Verf\u00fcgbar bei vapingnet.de, \u25ba Gro\u00dfe Auswahl an Geschmacksrichtungen & super g\u00fcnstig!","breadcrumb":{"@id":"https:\/\/vapingnet.de\/vape\/kiwi-lime-der-geschmack-von-waspe-12000-puffs-jetzt-auch-zollfrei-und-direkt-verfuegbar\/#breadcrumb"},"inLanguage":"sk-SK","potentialAction":[{"@type":"ReadAction","target":["https:\/\/vapingnet.de\/vape\/kiwi-lime-der-geschmack-von-waspe-12000-puffs-jetzt-auch-zollfrei-und-direkt-verfuegbar\/"]}]},{"@type":"ImageObject","inLanguage":"sk-SK","@id":"https:\/\/vapingnet.de\/vape\/kiwi-lime-der-geschmack-von-waspe-12000-puffs-jetzt-auch-zollfrei-und-direkt-verfuegbar\/#primaryimage","url":"https:\/\/vapingnet.de\/wp-content\/uploads\/2025\/04\/Kiwi-lime.webp","contentUrl":"https:\/\/vapingnet.de\/wp-content\/uploads\/2025\/04\/Kiwi-lime.webp","width":1000,"height":1000},{"@type":"BreadcrumbList","@id":"https:\/\/vapingnet.de\/vape\/kiwi-lime-der-geschmack-von-waspe-12000-puffs-jetzt-auch-zollfrei-und-direkt-verfuegbar\/#breadcrumb","itemListElement":[{"@type":"ListItem","position":1,"name":"Home","item":"https:\/\/vapingnet.de\/"},{"@type":"ListItem","position":2,"name":"Shop","item":"https:\/\/vapingnet.de\/vape\/"},{"@type":"ListItem","position":3,"name":"Kiwi Lime Der Geschmack Von WASPE 12000 Puffs Jetzt Auch Zollfrei Und Direkt Verf\u00fcgbar"}]},{"@type":"WebSite","@id":"https:\/\/vapingnet.de\/#website","url":"https:\/\/vapingnet.de\/","name":"Vapingnet.de","description":"","publisher":{"@id":"https:\/\/vapingnet.de\/#organization"},"potentialAction":[{"@type":"SearchAction","target":{"@type":"EntryPoint","urlTemplate":"https:\/\/vapingnet.de\/?s={search_term_string}"},"query-input":{"@type":"PropertyValueSpecification","valueRequired":true,"valueName":"search_term_string"}}],"inLanguage":"sk-SK"},{"@type":"Organization","@id":"https:\/\/vapingnet.de\/#organization","name":"Vapingnet.de","url":"https:\/\/vapingnet.de\/","logo":{"@type":"ImageObject","inLanguage":"sk-SK","@id":"https:\/\/vapingnet.de\/#\/schema\/logo\/image\/","url":"https:\/\/vapingnet.de\/wp-content\/uploads\/2025\/03\/cropped-vapingnet.de_.jpg","contentUrl":"https:\/\/vapingnet.de\/wp-content\/uploads\/2025\/03\/cropped-vapingnet.de_.jpg","width":512,"height":512,"caption":"Vapingnet.de"},"image":{"@id":"https:\/\/vapingnet.de\/#\/schema\/logo\/image\/"},"sameAs":["https:\/\/www.facebook.com\/vapingnetde\/"]}]}},"tiered_pricing_type":"fixed","tiered_pricing_fixed_rules":{"10":"7.50","60":"6.75","110":"6.00","200":"5.25"},"tiered_pricing_product_settings":{"layout":"default","base_unit_name":{"singular":null,"plural":null},"default_variation":null},"tiered_pricing_minimum_quantity":null,"tiered_pricing_roles_data":[],"tiered_pricing_percentage_rules":[],"_links":{"self":[{"href":"https:\/\/vapingnet.de\/sk\/wp-json\/wp\/v2\/product\/6615","targetHints":{"allow":["GET"]}}],"collection":[{"href":"https:\/\/vapingnet.de\/sk\/wp-json\/wp\/v2\/product"}],"about":[{"href":"https:\/\/vapingnet.de\/sk\/wp-json\/wp\/v2\/types\/product"}],"version-history":[{"count":1,"href":"https:\/\/vapingnet.de\/sk\/wp-json\/wp\/v2\/product\/6615\/revisions"}],"predecessor-version":[{"id":6625,"href":"https:\/\/vapingnet.de\/sk\/wp-json\/wp\/v2\/product\/6615\/revisions\/6625"}],"wp:featuredmedia":[{"embeddable":true,"href":"https:\/\/vapingnet.de\/sk\/wp-json\/wp\/v2\/media\/6605"}],"wp:attachment":[{"href":"https:\/\/vapingnet.de\/sk\/wp-json\/wp\/v2\/media?parent=6615"}],"wp:term":[{"taxonomy":"brand","embeddable":true,"href":"https:\/\/vapingnet.de\/sk\/wp-json\/wp\/v2\/etheme_brands?post=6615"},{"taxonomy":"product_brand","embeddable":true,"href":"https:\/\/vapingnet.de\/sk\/wp-json\/wp\/v2\/product_brand?post=6615"},{"taxonomy":"product_cat","embeddable":true,"href":"https:\/\/vapingnet.de\/sk\/wp-json\/wp\/v2\/product_cat?post=6615"},{"taxonomy":"product_tag","embeddable":true,"href":"https:\/\/vapingnet.de\/sk\/wp-json\/wp\/v2\/product_tag?post=6615"}],"curies":[{"name":"wp","href":"https:\/\/api.w.org\/{rel}","templated":true}]}}