{"id":6616,"date":"2025-04-29T02:53:18","date_gmt":"2025-04-29T02:53:18","guid":{"rendered":"https:\/\/vapingnet.de\/?post_type=product&#038;p=6616"},"modified":"2026-04-15T09:57:54","modified_gmt":"2026-04-15T09:57:54","slug":"watermelon-ice-der-perfekte-geschmack-in-jedem-zug-mit-waspe-12000-puffs","status":"publish","type":"product","link":"https:\/\/vapingnet.de\/sk\/vape\/watermelon-ice-der-perfekte-geschmack-in-jedem-zug-mit-waspe-12000-puffs\/","title":{"rendered":"Watermelon Ice Perfektn\u00e1 chu\u0165 v ka\u017edom \u0165ahu s WASPE 12000 Puffs"},"content":{"rendered":"<h2 data-start=\"169\" data-end=\"232\">WASPE 12000 Puffs: Maxim\u00e1lny z\u00e1\u017eitok z vapovania pre n\u00e1ro\u010dn\u00fdch<\/h2>\n<p class=\"\" data-start=\"268\" data-end=\"678\" data-immersive-translate-walked=\"e08a77f8-9de6-4b55-b248-ac9393c50450\" data-immersive-translate-paragraph=\"1\">WASPE 12000 Puffs bol navrhnut\u00fd pre vap\u00e9rov, ktor\u00ed klad\u00fa d\u00f4raz na odolnos\u0165 a v\u00fdkon. S p\u00f4sobiv\u00fdm objemom n\u00e1plne 20 ml umo\u017e\u0148uje toto zariadenie a\u017e 12000 potiahnut\u00ed \u2013 ide\u00e1lne pre v\u0161etk\u00fdch, ktor\u00ed h\u013eadaj\u00fa intenz\u00edvny a dlhodob\u00fd z\u00e1\u017eitok z vapovania. Dostupn\u00e1 ponuka nikot\u00ednov\u00fdch s\u00edl (0%, 2%, 3% a 5%) umo\u017e\u0148uje ka\u017ed\u00e9mu pou\u017e\u00edvate\u013eovi vybra\u0165 si svoj individu\u00e1lny stupe\u0148 vapovania.<\/p>\n<p class=\"\" data-start=\"680\" data-end=\"881\" data-immersive-translate-walked=\"e08a77f8-9de6-4b55-b248-ac9393c50450\" data-immersive-translate-paragraph=\"1\">Vybaven\u00e9 robustnou bat\u00e9riou 650mAh a praktickou nab\u00edjacou funkciou Type-C zost\u00e1va zariadenie spo\u013eahlivo pripraven\u00e9 na pou\u017eitie. Aj na cest\u00e1ch sa nemus\u00ed obetova\u0165 kon\u0161tantn\u00fd v\u00fdkon.<\/p>\n<h3 data-start=\"883\" data-end=\"931\" data-immersive-translate-walked=\"e08a77f8-9de6-4b55-b248-ac9393c50450\" data-immersive-translate-paragraph=\"1\">Modern\u00fd dizajn spojen\u00fd s inovat\u00edvnou technol\u00f3giou<\/h3>\n<p class=\"\" data-start=\"933\" data-end=\"1328\" data-immersive-translate-walked=\"e08a77f8-9de6-4b55-b248-ac9393c50450\" data-immersive-translate-paragraph=\"1\">RGB sveteln\u00fd dizajn WASPE 12000 Puffs vytv\u00e1ra vizu\u00e1lne akcenty a rob\u00ed ka\u017ed\u00fa vapovaciu rel\u00e1ciu \u0161t\u00fdlov\u00fdm z\u00e1\u017eitkom. Vo vn\u00fatri zabezpe\u010duje rovnomern\u00e9 odparovanie 0,8 Ohm Mesh cievka v kombin\u00e1cii s odporom ohrevu 1,0\u03a9 pre rovnomern\u00e9 odparovanie a intenz\u00edvne rozv\u00edjanie ar\u00f3m. Aktiv\u00e1cia potiahnut\u00edm umo\u017e\u0148uje intuit\u00edvne ovl\u00e1danie: jednoducho potiahnite a vychutnajte si to, bez tla\u010didla.<\/p>\n<p class=\"\" data-start=\"1330\" data-end=\"1511\" data-immersive-translate-walked=\"e08a77f8-9de6-4b55-b248-ac9393c50450\" data-immersive-translate-paragraph=\"1\">S hmotnos\u0165ou iba 82 g je WASPE 12000 Puffs pr\u00edjemne \u013eahk\u00e9 a dobre padne do ruky. Perfektn\u00e9 na cest\u00e1ch, na relaxa\u010dn\u00e9 chv\u00edle alebo na ka\u017edodenn\u00e9 pou\u017eitie.<\/p>\n<h3 data-start=\"1513\" data-end=\"1550\" data-immersive-translate-walked=\"e08a77f8-9de6-4b55-b248-ac9393c50450\" data-immersive-translate-paragraph=\"1\">Z\u00e1\u017eitok z chuti: Watermelon Ice<\/h3>\n<p class=\"\" data-start=\"1552\" data-end=\"1808\" data-immersive-translate-walked=\"e08a77f8-9de6-4b55-b248-ac9393c50450\" data-immersive-translate-paragraph=\"1\">WASPE 12000 Puffs pote\u0161\u00ed pr\u00edchu\u0165ou Watermelon Ice. \u0160\u0165avnat\u00e1 sladkos\u0165 mel\u00f3nu v kombin\u00e1cii s chladivou svie\u017eos\u0165ou pon\u00faka vyv\u00e1\u017een\u00fd z\u00e1\u017eitok z chuti, ktor\u00fd presved\u010d\u00ed nielen v hor\u00facich d\u0148och, ale aj v chladnej\u0161\u00edch momentoch.<\/p>\n<p class=\"\" data-start=\"1810\" data-end=\"1924\" data-immersive-translate-walked=\"e08a77f8-9de6-4b55-b248-ac9393c50450\" data-immersive-translate-paragraph=\"1\">T\u00e1to kompoz\u00edcia rob\u00ed ka\u017ed\u00e9 inhalovanie osvie\u017euj\u00facim p\u00f4\u017eitkom a prin\u00e1\u0161a rozmanitos\u0165 do ka\u017edodenn\u00e9ho vapovania.<\/p>\n<h3 data-start=\"1926\" data-end=\"1973\" data-immersive-translate-walked=\"e08a77f8-9de6-4b55-b248-ac9393c50450\" data-immersive-translate-paragraph=\"1\">Pohodln\u00e9 doru\u010denie bez \u010fal\u0161\u00edch n\u00e1kladov<\/h3>\n<p class=\"\" data-start=\"1975\" data-end=\"2258\" data-immersive-translate-walked=\"e08a77f8-9de6-4b55-b248-ac9393c50450\" data-immersive-translate-paragraph=\"1\">WASPE 12000 Puffs je mo\u017en\u00e9 pohodlne objedna\u0165 cez vapingnet.de. Ve\u013ekou v\u00fdhodou je, \u017ee doru\u010denie je bez cla, \u010d\u00edm sa eliminuj\u00fa dodato\u010dn\u00e9 poplatky. Doba dodania je pribli\u017ene 7 a\u017e 15 pracovn\u00fdch dn\u00ed, tak\u017ee produkt r\u00fdchlo a jednoducho doraz\u00ed k z\u00e1kazn\u00edkovi.<\/p>","protected":false},"excerpt":{"rendered":"<p>WASPE 12000 Puffs: Maximales Dampferlebnis f\u00fcr Anspruchsvolle Der WASPE 12000 Puffs wurde f\u00fcr Dampfer entwickelt, die Wert auf Langlebigkeit und Leistung legen. Mit einer beachtlichen&#8230;<\/p>","protected":false},"featured_media":6613,"template":"","meta":[],"etheme_brands":[],"product_brand":[98],"product_cat":[88,49,61],"product_tag":[],"class_list":{"0":"post-6616","1":"product","2":"type-product","3":"status-publish","4":"has-post-thumbnail","6":"product_brand-waspe-vape","7":"product_cat-12k-vape","8":"product_cat-einweg-e-zigarette","9":"product_cat-f","11":"first","12":"instock","13":"shipping-taxable","14":"purchasable","15":"product-type-variable"},"yoast_head":"<!-- This site is optimized with the Yoast SEO plugin v26.5 - https:\/\/yoast.com\/wordpress\/plugins\/seo\/ -->\n<title>Watermelon Ice Der Perfekte Geschmack In Jedem Zug Mit WASPE 12000 Puffs | Vapingnet.de<\/title>\n<meta name=\"description\" content=\"Entdecke Watermelon Ice Der Perfekte Geschmack In Jedem Zug Mit WASPE 12000 Puffs bei vapingnet.de, \u25ba Gro\u00dfe Auswahl an Geschmacksrichtungen &amp; super g\u00fcnstig!\" \/>\n<meta name=\"robots\" content=\"index, follow, max-snippet:-1, max-image-preview:large, max-video-preview:-1\" \/>\n<link rel=\"canonical\" href=\"https:\/\/vapingnet.de\/sk\/vape\/watermelon-ice-der-perfekte-geschmack-in-jedem-zug-mit-waspe-12000-puffs\/\" \/>\n<meta property=\"og:locale\" content=\"sk_SK\" \/>\n<meta property=\"og:type\" content=\"article\" \/>\n<meta property=\"og:title\" content=\"Watermelon Ice Der Perfekte Geschmack In Jedem Zug Mit WASPE 12000 Puffs | Vapingnet.de\" \/>\n<meta property=\"og:description\" content=\"Entdecke Watermelon Ice Der Perfekte Geschmack In Jedem Zug Mit WASPE 12000 Puffs bei vapingnet.de, \u25ba Gro\u00dfe Auswahl an Geschmacksrichtungen &amp; super g\u00fcnstig!\" \/>\n<meta property=\"og:url\" content=\"https:\/\/vapingnet.de\/sk\/vape\/watermelon-ice-der-perfekte-geschmack-in-jedem-zug-mit-waspe-12000-puffs\/\" \/>\n<meta property=\"og:site_name\" content=\"Vapingnet.de\" \/>\n<meta property=\"article:publisher\" content=\"https:\/\/www.facebook.com\/vapingnetde\/\" \/>\n<meta property=\"article:modified_time\" content=\"2026-04-15T09:57:54+00:00\" \/>\n<meta property=\"og:image\" content=\"https:\/\/vapingnet.de\/wp-content\/uploads\/2025\/04\/Watermelon-Ice-3.webp\" \/>\n\t<meta property=\"og:image:width\" content=\"1000\" \/>\n\t<meta property=\"og:image:height\" content=\"1000\" \/>\n\t<meta property=\"og:image:type\" content=\"image\/webp\" \/>\n<meta name=\"twitter:card\" content=\"summary_large_image\" \/>\n<meta name=\"twitter:label1\" content=\"Est. reading time\" \/>\n\t<meta name=\"twitter:data1\" content=\"2 minutes\" \/>\n<script type=\"application\/ld+json\" class=\"yoast-schema-graph\">{\"@context\":\"https:\/\/schema.org\",\"@graph\":[{\"@type\":\"WebPage\",\"@id\":\"https:\/\/vapingnet.de\/vape\/watermelon-ice-der-perfekte-geschmack-in-jedem-zug-mit-waspe-12000-puffs\/\",\"url\":\"https:\/\/vapingnet.de\/vape\/watermelon-ice-der-perfekte-geschmack-in-jedem-zug-mit-waspe-12000-puffs\/\",\"name\":\"Watermelon Ice Der Perfekte Geschmack In Jedem Zug Mit WASPE 12000 Puffs | Vapingnet.de\",\"isPartOf\":{\"@id\":\"https:\/\/vapingnet.de\/#website\"},\"primaryImageOfPage\":{\"@id\":\"https:\/\/vapingnet.de\/vape\/watermelon-ice-der-perfekte-geschmack-in-jedem-zug-mit-waspe-12000-puffs\/#primaryimage\"},\"image\":{\"@id\":\"https:\/\/vapingnet.de\/vape\/watermelon-ice-der-perfekte-geschmack-in-jedem-zug-mit-waspe-12000-puffs\/#primaryimage\"},\"thumbnailUrl\":\"https:\/\/vapingnet.de\/wp-content\/uploads\/2025\/04\/Watermelon-Ice-3.webp\",\"datePublished\":\"2025-04-29T02:53:18+00:00\",\"dateModified\":\"2026-04-15T09:57:54+00:00\",\"description\":\"Entdecke Watermelon Ice Der Perfekte Geschmack In Jedem Zug Mit WASPE 12000 Puffs bei vapingnet.de, \u25ba Gro\u00dfe Auswahl an Geschmacksrichtungen & super g\u00fcnstig!\",\"breadcrumb\":{\"@id\":\"https:\/\/vapingnet.de\/vape\/watermelon-ice-der-perfekte-geschmack-in-jedem-zug-mit-waspe-12000-puffs\/#breadcrumb\"},\"inLanguage\":\"sk-SK\",\"potentialAction\":[{\"@type\":\"ReadAction\",\"target\":[\"https:\/\/vapingnet.de\/vape\/watermelon-ice-der-perfekte-geschmack-in-jedem-zug-mit-waspe-12000-puffs\/\"]}]},{\"@type\":\"ImageObject\",\"inLanguage\":\"sk-SK\",\"@id\":\"https:\/\/vapingnet.de\/vape\/watermelon-ice-der-perfekte-geschmack-in-jedem-zug-mit-waspe-12000-puffs\/#primaryimage\",\"url\":\"https:\/\/vapingnet.de\/wp-content\/uploads\/2025\/04\/Watermelon-Ice-3.webp\",\"contentUrl\":\"https:\/\/vapingnet.de\/wp-content\/uploads\/2025\/04\/Watermelon-Ice-3.webp\",\"width\":1000,\"height\":1000},{\"@type\":\"BreadcrumbList\",\"@id\":\"https:\/\/vapingnet.de\/vape\/watermelon-ice-der-perfekte-geschmack-in-jedem-zug-mit-waspe-12000-puffs\/#breadcrumb\",\"itemListElement\":[{\"@type\":\"ListItem\",\"position\":1,\"name\":\"Home\",\"item\":\"https:\/\/vapingnet.de\/\"},{\"@type\":\"ListItem\",\"position\":2,\"name\":\"Shop\",\"item\":\"https:\/\/vapingnet.de\/vape\/\"},{\"@type\":\"ListItem\",\"position\":3,\"name\":\"Watermelon Ice Der Perfekte Geschmack In Jedem Zug Mit WASPE 12000 Puffs\"}]},{\"@type\":\"WebSite\",\"@id\":\"https:\/\/vapingnet.de\/#website\",\"url\":\"https:\/\/vapingnet.de\/\",\"name\":\"Vapingnet.de\",\"description\":\"\",\"publisher\":{\"@id\":\"https:\/\/vapingnet.de\/#organization\"},\"potentialAction\":[{\"@type\":\"SearchAction\",\"target\":{\"@type\":\"EntryPoint\",\"urlTemplate\":\"https:\/\/vapingnet.de\/?s={search_term_string}\"},\"query-input\":{\"@type\":\"PropertyValueSpecification\",\"valueRequired\":true,\"valueName\":\"search_term_string\"}}],\"inLanguage\":\"sk-SK\"},{\"@type\":\"Organization\",\"@id\":\"https:\/\/vapingnet.de\/#organization\",\"name\":\"Vapingnet.de\",\"url\":\"https:\/\/vapingnet.de\/\",\"logo\":{\"@type\":\"ImageObject\",\"inLanguage\":\"sk-SK\",\"@id\":\"https:\/\/vapingnet.de\/#\/schema\/logo\/image\/\",\"url\":\"https:\/\/vapingnet.de\/wp-content\/uploads\/2025\/03\/cropped-vapingnet.de_.jpg\",\"contentUrl\":\"https:\/\/vapingnet.de\/wp-content\/uploads\/2025\/03\/cropped-vapingnet.de_.jpg\",\"width\":512,\"height\":512,\"caption\":\"Vapingnet.de\"},\"image\":{\"@id\":\"https:\/\/vapingnet.de\/#\/schema\/logo\/image\/\"},\"sameAs\":[\"https:\/\/www.facebook.com\/vapingnetde\/\"]}]}<\/script>\n<!-- \/ Yoast SEO plugin. -->","yoast_head_json":{"title":"Watermelon Ice Der Perfekte Geschmack In Jedem Zug Mit WASPE 12000 Puffs | Vapingnet.de","description":"Entdecke Watermelon Ice Der Perfekte Geschmack In Jedem Zug Mit WASPE 12000 Puffs bei vapingnet.de, \u25ba Gro\u00dfe Auswahl an Geschmacksrichtungen & super g\u00fcnstig!","robots":{"index":"index","follow":"follow","max-snippet":"max-snippet:-1","max-image-preview":"max-image-preview:large","max-video-preview":"max-video-preview:-1"},"canonical":"https:\/\/vapingnet.de\/sk\/vape\/watermelon-ice-der-perfekte-geschmack-in-jedem-zug-mit-waspe-12000-puffs\/","og_locale":"sk_SK","og_type":"article","og_title":"Watermelon Ice Der Perfekte Geschmack In Jedem Zug Mit WASPE 12000 Puffs | Vapingnet.de","og_description":"Entdecke Watermelon Ice Der Perfekte Geschmack In Jedem Zug Mit WASPE 12000 Puffs bei vapingnet.de, \u25ba Gro\u00dfe Auswahl an Geschmacksrichtungen & super g\u00fcnstig!","og_url":"https:\/\/vapingnet.de\/sk\/vape\/watermelon-ice-der-perfekte-geschmack-in-jedem-zug-mit-waspe-12000-puffs\/","og_site_name":"Vapingnet.de","article_publisher":"https:\/\/www.facebook.com\/vapingnetde\/","article_modified_time":"2026-04-15T09:57:54+00:00","og_image":[{"width":1000,"height":1000,"url":"https:\/\/vapingnet.de\/wp-content\/uploads\/2025\/04\/Watermelon-Ice-3.webp","type":"image\/webp"}],"twitter_card":"summary_large_image","twitter_misc":{"Est. reading time":"2 minutes"},"schema":{"@context":"https:\/\/schema.org","@graph":[{"@type":"WebPage","@id":"https:\/\/vapingnet.de\/vape\/watermelon-ice-der-perfekte-geschmack-in-jedem-zug-mit-waspe-12000-puffs\/","url":"https:\/\/vapingnet.de\/vape\/watermelon-ice-der-perfekte-geschmack-in-jedem-zug-mit-waspe-12000-puffs\/","name":"Watermelon Ice Der Perfekte Geschmack In Jedem Zug Mit WASPE 12000 Puffs | Vapingnet.de","isPartOf":{"@id":"https:\/\/vapingnet.de\/#website"},"primaryImageOfPage":{"@id":"https:\/\/vapingnet.de\/vape\/watermelon-ice-der-perfekte-geschmack-in-jedem-zug-mit-waspe-12000-puffs\/#primaryimage"},"image":{"@id":"https:\/\/vapingnet.de\/vape\/watermelon-ice-der-perfekte-geschmack-in-jedem-zug-mit-waspe-12000-puffs\/#primaryimage"},"thumbnailUrl":"https:\/\/vapingnet.de\/wp-content\/uploads\/2025\/04\/Watermelon-Ice-3.webp","datePublished":"2025-04-29T02:53:18+00:00","dateModified":"2026-04-15T09:57:54+00:00","description":"Entdecke Watermelon Ice Der Perfekte Geschmack In Jedem Zug Mit WASPE 12000 Puffs bei vapingnet.de, \u25ba Gro\u00dfe Auswahl an Geschmacksrichtungen & super g\u00fcnstig!","breadcrumb":{"@id":"https:\/\/vapingnet.de\/vape\/watermelon-ice-der-perfekte-geschmack-in-jedem-zug-mit-waspe-12000-puffs\/#breadcrumb"},"inLanguage":"sk-SK","potentialAction":[{"@type":"ReadAction","target":["https:\/\/vapingnet.de\/vape\/watermelon-ice-der-perfekte-geschmack-in-jedem-zug-mit-waspe-12000-puffs\/"]}]},{"@type":"ImageObject","inLanguage":"sk-SK","@id":"https:\/\/vapingnet.de\/vape\/watermelon-ice-der-perfekte-geschmack-in-jedem-zug-mit-waspe-12000-puffs\/#primaryimage","url":"https:\/\/vapingnet.de\/wp-content\/uploads\/2025\/04\/Watermelon-Ice-3.webp","contentUrl":"https:\/\/vapingnet.de\/wp-content\/uploads\/2025\/04\/Watermelon-Ice-3.webp","width":1000,"height":1000},{"@type":"BreadcrumbList","@id":"https:\/\/vapingnet.de\/vape\/watermelon-ice-der-perfekte-geschmack-in-jedem-zug-mit-waspe-12000-puffs\/#breadcrumb","itemListElement":[{"@type":"ListItem","position":1,"name":"Home","item":"https:\/\/vapingnet.de\/"},{"@type":"ListItem","position":2,"name":"Shop","item":"https:\/\/vapingnet.de\/vape\/"},{"@type":"ListItem","position":3,"name":"Watermelon Ice Der Perfekte Geschmack In Jedem Zug Mit WASPE 12000 Puffs"}]},{"@type":"WebSite","@id":"https:\/\/vapingnet.de\/#website","url":"https:\/\/vapingnet.de\/","name":"Vapingnet.de","description":"","publisher":{"@id":"https:\/\/vapingnet.de\/#organization"},"potentialAction":[{"@type":"SearchAction","target":{"@type":"EntryPoint","urlTemplate":"https:\/\/vapingnet.de\/?s={search_term_string}"},"query-input":{"@type":"PropertyValueSpecification","valueRequired":true,"valueName":"search_term_string"}}],"inLanguage":"sk-SK"},{"@type":"Organization","@id":"https:\/\/vapingnet.de\/#organization","name":"Vapingnet.de","url":"https:\/\/vapingnet.de\/","logo":{"@type":"ImageObject","inLanguage":"sk-SK","@id":"https:\/\/vapingnet.de\/#\/schema\/logo\/image\/","url":"https:\/\/vapingnet.de\/wp-content\/uploads\/2025\/03\/cropped-vapingnet.de_.jpg","contentUrl":"https:\/\/vapingnet.de\/wp-content\/uploads\/2025\/03\/cropped-vapingnet.de_.jpg","width":512,"height":512,"caption":"Vapingnet.de"},"image":{"@id":"https:\/\/vapingnet.de\/#\/schema\/logo\/image\/"},"sameAs":["https:\/\/www.facebook.com\/vapingnetde\/"]}]}},"tiered_pricing_type":"fixed","tiered_pricing_fixed_rules":[],"tiered_pricing_product_settings":{"layout":"default","base_unit_name":{"singular":null,"plural":null},"default_variation":null},"tiered_pricing_minimum_quantity":null,"tiered_pricing_roles_data":[],"tiered_pricing_percentage_rules":[],"_links":{"self":[{"href":"https:\/\/vapingnet.de\/sk\/wp-json\/wp\/v2\/product\/6616","targetHints":{"allow":["GET"]}}],"collection":[{"href":"https:\/\/vapingnet.de\/sk\/wp-json\/wp\/v2\/product"}],"about":[{"href":"https:\/\/vapingnet.de\/sk\/wp-json\/wp\/v2\/types\/product"}],"version-history":[{"count":2,"href":"https:\/\/vapingnet.de\/sk\/wp-json\/wp\/v2\/product\/6616\/revisions"}],"predecessor-version":[{"id":6630,"href":"https:\/\/vapingnet.de\/sk\/wp-json\/wp\/v2\/product\/6616\/revisions\/6630"}],"wp:featuredmedia":[{"embeddable":true,"href":"https:\/\/vapingnet.de\/sk\/wp-json\/wp\/v2\/media\/6613"}],"wp:attachment":[{"href":"https:\/\/vapingnet.de\/sk\/wp-json\/wp\/v2\/media?parent=6616"}],"wp:term":[{"taxonomy":"brand","embeddable":true,"href":"https:\/\/vapingnet.de\/sk\/wp-json\/wp\/v2\/etheme_brands?post=6616"},{"taxonomy":"product_brand","embeddable":true,"href":"https:\/\/vapingnet.de\/sk\/wp-json\/wp\/v2\/product_brand?post=6616"},{"taxonomy":"product_cat","embeddable":true,"href":"https:\/\/vapingnet.de\/sk\/wp-json\/wp\/v2\/product_cat?post=6616"},{"taxonomy":"product_tag","embeddable":true,"href":"https:\/\/vapingnet.de\/sk\/wp-json\/wp\/v2\/product_tag?post=6616"}],"curies":[{"name":"wp","href":"https:\/\/api.w.org\/{rel}","templated":true}]}}