{"id":6617,"date":"2025-04-29T02:53:22","date_gmt":"2025-04-29T02:53:22","guid":{"rendered":"https:\/\/vapingnet.de\/?post_type=product&#038;p=6617"},"modified":"2026-04-15T09:17:35","modified_gmt":"2026-04-15T09:17:35","slug":"geniessen-sie-den-besten-geschmack-von-strawberry-watermelon-waspe-12000-puffs-fuer-echte-kenner","status":"publish","type":"product","link":"https:\/\/vapingnet.de\/sk\/vape\/geniessen-sie-den-besten-geschmack-von-strawberry-watermelon-waspe-12000-puffs-fuer-echte-kenner\/","title":{"rendered":"U\u017eite si najlep\u0161\u00ed chu\u0165 Strawberry Watermelon WASPE 12000 Puffs pre skuto\u010dn\u00fdch znalcov"},"content":{"rendered":"<h2 data-start=\"0\" data-end=\"56\" data-immersive-translate-walked=\"0dd68124-1e78-44ba-8a41-e0fbddfba72a\">WASPE 12000 potiahnut\u00ed: Dokonal\u00e1 jednorazov\u00e1 e-cigareta<\/h2>\n<p class=\"\" data-start=\"58\" data-end=\"346\" data-immersive-translate-walked=\"0dd68124-1e78-44ba-8a41-e0fbddfba72a\" data-immersive-translate-paragraph=\"1\">WASPE 12000 potiahnut\u00ed predstavuje nov\u00fd \u0161tandard v svete jednorazov\u00fdch e-cigariet. S vynikaj\u00facimi vlastnos\u0165ami a inovat\u00edvnym dizajnom je ide\u00e1lnou vo\u013ebou pre vapery, ktor\u00ed h\u013eadaj\u00fa dlhodob\u00fd, pou\u017e\u00edvate\u013esky pr\u00edvetiv\u00fd a kvalitn\u00fd z\u00e1\u017eitok z vapovania.<\/p>\n<h3 class=\"\" data-start=\"348\" data-end=\"376\" data-immersive-translate-walked=\"0dd68124-1e78-44ba-8a41-e0fbddfba72a\" data-immersive-translate-paragraph=\"1\">Hlavn\u00e9 vlastnosti produktu:<\/h3>\n<ul data-start=\"378\" data-end=\"1044\" data-immersive-translate-walked=\"0dd68124-1e78-44ba-8a41-e0fbddfba72a\">\n<li class=\"\" data-start=\"378\" data-end=\"461\" data-immersive-translate-walked=\"0dd68124-1e78-44ba-8a41-e0fbddfba72a\">\n<p class=\"\" data-start=\"380\" data-end=\"461\" data-immersive-translate-walked=\"0dd68124-1e78-44ba-8a41-e0fbddfba72a\" data-immersive-translate-paragraph=\"1\">12000 potiahnut\u00ed \u2013 Pre mimoriadne dlh\u00e9 u\u017e\u00edvanie bez \u010dast\u00e9ho dop\u013a\u0148ania.<\/p>\n<\/li>\n<li class=\"\" data-start=\"462\" data-end=\"557\" data-immersive-translate-walked=\"0dd68124-1e78-44ba-8a41-e0fbddfba72a\">\n<p class=\"\" data-start=\"464\" data-end=\"557\" data-immersive-translate-walked=\"0dd68124-1e78-44ba-8a41-e0fbddfba72a\" data-immersive-translate-paragraph=\"1\">Stupne nikot\u00ednu \u2013 Dostupn\u00e9 v 0%, 2%, 3% a 5%, pod\u013ea va\u0161ich osobn\u00fdch preferenci\u00ed.<\/p>\n<\/li>\n<li class=\"\" data-start=\"558\" data-end=\"653\" data-immersive-translate-walked=\"0dd68124-1e78-44ba-8a41-e0fbddfba72a\">\n<p class=\"\" data-start=\"560\" data-end=\"653\" data-immersive-translate-walked=\"0dd68124-1e78-44ba-8a41-e0fbddfba72a\" data-immersive-translate-paragraph=\"1\">V\u00fdkonn\u00e1 bat\u00e9ria 650mAh \u2013 Pomaly sa vyb\u00edja, zabezpe\u010duje kontinu\u00e1lne vapovanie.<\/p>\n<\/li>\n<li class=\"\" data-start=\"654\" data-end=\"740\" data-immersive-translate-walked=\"0dd68124-1e78-44ba-8a41-e0fbddfba72a\">\n<p class=\"\" data-start=\"656\" data-end=\"740\" data-immersive-translate-walked=\"0dd68124-1e78-44ba-8a41-e0fbddfba72a\" data-immersive-translate-paragraph=\"1\">Type-C nab\u00edjanie \u2013 R\u00fdchle a praktick\u00e9 nab\u00edjanie, aby ste boli v\u017edy pripraven\u00ed.<\/p>\n<\/li>\n<li class=\"\" data-start=\"741\" data-end=\"844\" data-immersive-translate-walked=\"0dd68124-1e78-44ba-8a41-e0fbddfba72a\">\n<p class=\"\" data-start=\"743\" data-end=\"844\" data-immersive-translate-walked=\"0dd68124-1e78-44ba-8a41-e0fbddfba72a\" data-immersive-translate-paragraph=\"1\">RGB osvetlenie \u2013 Vizu\u00e1lny prvok, ktor\u00fd rob\u00ed vapovanie jedine\u010dn\u00fdm z\u00e1\u017eitkom.<\/p>\n<\/li>\n<li class=\"\" data-start=\"845\" data-end=\"943\" data-immersive-translate-walked=\"0dd68124-1e78-44ba-8a41-e0fbddfba72a\">\n<p class=\"\" data-start=\"847\" data-end=\"943\" data-immersive-translate-walked=\"0dd68124-1e78-44ba-8a41-e0fbddfba72a\" data-immersive-translate-paragraph=\"1\">0,8 Ohm mesh cievka \u2013 Zabezpe\u010duje rovnomern\u00fa produkciu pary a intenz\u00edvnej\u0161iu chu\u0165.<\/p>\n<\/li>\n<li class=\"\" data-start=\"944\" data-end=\"1044\" data-immersive-translate-walked=\"0dd68124-1e78-44ba-8a41-e0fbddfba72a\">\n<p class=\"\" data-start=\"946\" data-end=\"1044\" data-immersive-translate-walked=\"0dd68124-1e78-44ba-8a41-e0fbddfba72a\" data-immersive-translate-paragraph=\"1\">MTL vapovanie \u2013 Ide\u00e1lne pre vapery, ktor\u00ed preferuj\u00fa autentick\u00fd, cigaret\u00e1m podobn\u00fd z\u00e1\u017eitok.<\/p>\n<\/li>\n<\/ul>\n<h4 data-start=\"1046\" data-end=\"1082\" data-immersive-translate-walked=\"0dd68124-1e78-44ba-8a41-e0fbddfba72a\" data-immersive-translate-paragraph=\"1\">Pr\u00edchu\u0165: Jahoda Mel\u00f3n<\/h4>\n<p class=\"\" data-start=\"1084\" data-end=\"1355\" data-immersive-translate-walked=\"0dd68124-1e78-44ba-8a41-e0fbddfba72a\" data-immersive-translate-paragraph=\"1\">U\u017eite si sladk\u00fa kombin\u00e1ciu \u010derstv\u00fdch jah\u00f4d a osvie\u017euj\u00facej vodnej mel\u00f3nu. Chu\u0165 jahodovej vodnej mel\u00f3nu zabezpe\u010duje pr\u00edjemn\u00fa ovocn\u00fa svie\u017eos\u0165 pri ka\u017edom potiahnut\u00ed \u2013 ide\u00e1lne pre vapery, ktor\u00ed h\u013eadaj\u00fa sladk\u00fd a osvie\u017euj\u00faci z\u00e1\u017eitok.<\/p>\n<div style=\"width: 1170px;\" class=\"wp-video\"><!--[if lt IE 9]><script>document.createElement('video');<\/script><![endif]-->\n<video class=\"wp-video-shortcode\" id=\"video-6617-1\" width=\"1170\" height=\"658\" preload=\"metadata\" controls=\"controls\"><source type=\"video\/mp4\" src=\"https:\/\/vapingnet.de\/wp-content\/uploads\/2025\/04\/12000Puffs.mp4?_=1\" \/><a href=\"https:\/\/vapingnet.de\/wp-content\/uploads\/2025\/04\/12000Puffs.mp4\">https:\/\/vapingnet.de\/wp-content\/uploads\/2025\/04\/12000Puffs.mp4<\/a><\/video><\/div>\n<h4 data-start=\"1357\" data-end=\"1393\" data-immersive-translate-walked=\"0dd68124-1e78-44ba-8a41-e0fbddfba72a\" data-immersive-translate-paragraph=\"1\">Praktick\u00e9 a pou\u017e\u00edvate\u013esky pr\u00edvetiv\u00e9<\/h4>\n<p class=\"\" data-start=\"1395\" data-end=\"1669\" data-immersive-translate-walked=\"0dd68124-1e78-44ba-8a41-e0fbddfba72a\" data-immersive-translate-paragraph=\"1\">S hmotnos\u0165ou len 82g a praktickou aktiv\u00e1ciou potiahnut\u00edm sa WASPE 12000 potiahnut\u00ed \u013eahko pou\u017e\u00edva. \u017diadne tla\u010didl\u00e1, len \u0165ahajte z zariadenia a okam\u017eite vapujte. Ide\u00e1lne pre vapery, ktor\u00ed s\u00fa \u010dasto na cest\u00e1ch a h\u013eadaj\u00fa jednoduch\u00e9 rie\u0161enie.<\/p>\n<h4 data-start=\"1671\" data-end=\"1701\" data-immersive-translate-walked=\"0dd68124-1e78-44ba-8a41-e0fbddfba72a\" data-immersive-translate-paragraph=\"1\">Doprava a da\u0148ov\u00e9 v\u00fdhody<\/h4>\n<p class=\"\" data-start=\"1703\" data-end=\"1956\" data-immersive-translate-walked=\"0dd68124-1e78-44ba-8a41-e0fbddfba72a\" data-immersive-translate-paragraph=\"1\">\u010eal\u0161\u00edm praktick\u00fdm prvkom je bezcoln\u00e1 dod\u00e1vka. Objednajte pohodlne na vapingnet.de a vyu\u017eite r\u00fdchle dodanie do 7-15 pracovn\u00fdch dn\u00ed. Takto dostanete svoj produkt r\u00fdchlo a bez dodato\u010dn\u00fdch coln\u00fdch poplatkov.<\/p>\n<h4 data-start=\"1958\" data-end=\"1994\" data-immersive-translate-walked=\"0dd68124-1e78-44ba-8a41-e0fbddfba72a\" data-immersive-translate-paragraph=\"1\">Ide\u00e1lna vo\u013eba pre v\u0161etk\u00fdch vapery<\/h4>\n<p class=\"\" data-start=\"1996\" data-end=\"2266\" data-immersive-translate-walked=\"0dd68124-1e78-44ba-8a41-e0fbddfba72a\" data-immersive-translate-paragraph=\"1\">WASPE 12000 potiahnut\u00ed je ur\u010den\u00e1 pre t\u00fdch, ktor\u00ed chc\u00fa dlh\u00e9 a intenz\u00edvne vapovanie bez neust\u00e1leho kupovania nov\u00e9ho zariadenia. Pon\u00faka dokonal\u00fa rovnov\u00e1hu medzi v\u00fdkonom, chu\u0165ou a pou\u017e\u00edvate\u013eskou priate\u013eskos\u0165ou \u2013 a to v\u0161etko v praktickom a kompaktnom form\u00e1te.<\/p>\n<p class=\"\" data-start=\"2268\" data-end=\"2298\" data-immersive-translate-walked=\"0dd68124-1e78-44ba-8a41-e0fbddfba72a\">Dostupn\u00e9 na vapingnet.de<\/p>\n<p class=\"\" data-start=\"2300\" data-end=\"2416\" data-immersive-translate-walked=\"0dd68124-1e78-44ba-8a41-e0fbddfba72a\" data-immersive-translate-paragraph=\"1\">Nav\u0161t\u00edvte teraz vapingnet.de a zabezpe\u010dte si svoju WASPE 12000 potiahnut\u00ed pre nezabudnute\u013en\u00fd z\u00e1\u017eitok z vapovania.<\/p>","protected":false},"excerpt":{"rendered":"<p>WASPE 12000 potiahnut\u00ed: Kone\u010dn\u00e1 jednorazov\u00e1 elektronick\u00e1 cigareta. WASPE 12000 potiahnut\u00ed predstavuje nov\u00fd \u0161tandard v svete jednorazov\u00fdch elektronick\u00fdch cigariet. S vynikaj\u00facimi vlastnos\u0165ami a...<\/p>","protected":false},"featured_media":6612,"template":"","meta":[],"etheme_brands":[],"product_brand":[98],"product_cat":[88,49,61],"product_tag":[],"class_list":{"0":"post-6617","1":"product","2":"type-product","3":"status-publish","4":"has-post-thumbnail","6":"product_brand-waspe-vape","7":"product_cat-12k-vape","8":"product_cat-einweg-e-zigarette","9":"product_cat-f","11":"first","12":"instock","13":"shipping-taxable","14":"purchasable","15":"product-type-variable"},"yoast_head":"<!-- This site is optimized with the Yoast SEO plugin v26.5 - https:\/\/yoast.com\/wordpress\/plugins\/seo\/ -->\n<title>Genie\u00dfen Sie Den Besten Geschmack Von Strawberry Watermelon WASPE 12000 Puffs F\u00fcr Echte Kenner | Vapingnet.de<\/title>\n<meta name=\"description\" content=\"Entdecke Genie\u00dfen Sie Den Besten Geschmack Von Strawberry Watermelon WASPE 12000 Puffs F\u00fcr Echte Kenner bei vapingnet.de, \u25ba Gro\u00dfe Auswahl an Geschmacksrichtungen &amp; super g\u00fcnstig!\" \/>\n<meta name=\"robots\" content=\"index, follow, max-snippet:-1, max-image-preview:large, max-video-preview:-1\" \/>\n<link rel=\"canonical\" href=\"https:\/\/vapingnet.de\/sk\/vape\/geniessen-sie-den-besten-geschmack-von-strawberry-watermelon-waspe-12000-puffs-fuer-echte-kenner\/\" \/>\n<meta property=\"og:locale\" content=\"sk_SK\" \/>\n<meta property=\"og:type\" content=\"article\" \/>\n<meta property=\"og:title\" content=\"Genie\u00dfen Sie Den Besten Geschmack Von Strawberry Watermelon WASPE 12000 Puffs F\u00fcr Echte Kenner | Vapingnet.de\" \/>\n<meta property=\"og:description\" content=\"Entdecke Genie\u00dfen Sie Den Besten Geschmack Von Strawberry Watermelon WASPE 12000 Puffs F\u00fcr Echte Kenner bei vapingnet.de, \u25ba Gro\u00dfe Auswahl an Geschmacksrichtungen &amp; super g\u00fcnstig!\" \/>\n<meta property=\"og:url\" content=\"https:\/\/vapingnet.de\/sk\/vape\/geniessen-sie-den-besten-geschmack-von-strawberry-watermelon-waspe-12000-puffs-fuer-echte-kenner\/\" \/>\n<meta property=\"og:site_name\" content=\"Vapingnet.de\" \/>\n<meta property=\"article:publisher\" content=\"https:\/\/www.facebook.com\/vapingnetde\/\" \/>\n<meta property=\"article:modified_time\" content=\"2026-04-15T09:17:35+00:00\" \/>\n<meta property=\"og:image\" content=\"https:\/\/vapingnet.de\/wp-content\/uploads\/2025\/04\/strawberry-watermelon-5.webp\" \/>\n\t<meta property=\"og:image:width\" content=\"1000\" \/>\n\t<meta property=\"og:image:height\" content=\"1000\" \/>\n\t<meta property=\"og:image:type\" content=\"image\/webp\" \/>\n<meta name=\"twitter:card\" content=\"summary_large_image\" \/>\n<meta name=\"twitter:label1\" content=\"Est. reading time\" \/>\n\t<meta name=\"twitter:data1\" content=\"2 minutes\" \/>\n<script type=\"application\/ld+json\" class=\"yoast-schema-graph\">{\"@context\":\"https:\/\/schema.org\",\"@graph\":[{\"@type\":\"WebPage\",\"@id\":\"https:\/\/vapingnet.de\/vape\/geniessen-sie-den-besten-geschmack-von-strawberry-watermelon-waspe-12000-puffs-fuer-echte-kenner\/\",\"url\":\"https:\/\/vapingnet.de\/vape\/geniessen-sie-den-besten-geschmack-von-strawberry-watermelon-waspe-12000-puffs-fuer-echte-kenner\/\",\"name\":\"Genie\u00dfen Sie Den Besten Geschmack Von Strawberry Watermelon WASPE 12000 Puffs F\u00fcr Echte Kenner | Vapingnet.de\",\"isPartOf\":{\"@id\":\"https:\/\/vapingnet.de\/#website\"},\"primaryImageOfPage\":{\"@id\":\"https:\/\/vapingnet.de\/vape\/geniessen-sie-den-besten-geschmack-von-strawberry-watermelon-waspe-12000-puffs-fuer-echte-kenner\/#primaryimage\"},\"image\":{\"@id\":\"https:\/\/vapingnet.de\/vape\/geniessen-sie-den-besten-geschmack-von-strawberry-watermelon-waspe-12000-puffs-fuer-echte-kenner\/#primaryimage\"},\"thumbnailUrl\":\"https:\/\/vapingnet.de\/wp-content\/uploads\/2025\/04\/strawberry-watermelon-5.webp\",\"datePublished\":\"2025-04-29T02:53:22+00:00\",\"dateModified\":\"2026-04-15T09:17:35+00:00\",\"description\":\"Entdecke Genie\u00dfen Sie Den Besten Geschmack Von Strawberry Watermelon WASPE 12000 Puffs F\u00fcr Echte Kenner bei vapingnet.de, \u25ba Gro\u00dfe Auswahl an Geschmacksrichtungen & super g\u00fcnstig!\",\"breadcrumb\":{\"@id\":\"https:\/\/vapingnet.de\/vape\/geniessen-sie-den-besten-geschmack-von-strawberry-watermelon-waspe-12000-puffs-fuer-echte-kenner\/#breadcrumb\"},\"inLanguage\":\"sk-SK\",\"potentialAction\":[{\"@type\":\"ReadAction\",\"target\":[\"https:\/\/vapingnet.de\/vape\/geniessen-sie-den-besten-geschmack-von-strawberry-watermelon-waspe-12000-puffs-fuer-echte-kenner\/\"]}]},{\"@type\":\"ImageObject\",\"inLanguage\":\"sk-SK\",\"@id\":\"https:\/\/vapingnet.de\/vape\/geniessen-sie-den-besten-geschmack-von-strawberry-watermelon-waspe-12000-puffs-fuer-echte-kenner\/#primaryimage\",\"url\":\"https:\/\/vapingnet.de\/wp-content\/uploads\/2025\/04\/strawberry-watermelon-5.webp\",\"contentUrl\":\"https:\/\/vapingnet.de\/wp-content\/uploads\/2025\/04\/strawberry-watermelon-5.webp\",\"width\":1000,\"height\":1000},{\"@type\":\"BreadcrumbList\",\"@id\":\"https:\/\/vapingnet.de\/vape\/geniessen-sie-den-besten-geschmack-von-strawberry-watermelon-waspe-12000-puffs-fuer-echte-kenner\/#breadcrumb\",\"itemListElement\":[{\"@type\":\"ListItem\",\"position\":1,\"name\":\"Home\",\"item\":\"https:\/\/vapingnet.de\/\"},{\"@type\":\"ListItem\",\"position\":2,\"name\":\"Shop\",\"item\":\"https:\/\/vapingnet.de\/vape\/\"},{\"@type\":\"ListItem\",\"position\":3,\"name\":\"Genie\u00dfen Sie Den Besten Geschmack Von Strawberry Watermelon WASPE 12000 Puffs F\u00fcr Echte Kenner\"}]},{\"@type\":\"WebSite\",\"@id\":\"https:\/\/vapingnet.de\/#website\",\"url\":\"https:\/\/vapingnet.de\/\",\"name\":\"Vapingnet.de\",\"description\":\"\",\"publisher\":{\"@id\":\"https:\/\/vapingnet.de\/#organization\"},\"potentialAction\":[{\"@type\":\"SearchAction\",\"target\":{\"@type\":\"EntryPoint\",\"urlTemplate\":\"https:\/\/vapingnet.de\/?s={search_term_string}\"},\"query-input\":{\"@type\":\"PropertyValueSpecification\",\"valueRequired\":true,\"valueName\":\"search_term_string\"}}],\"inLanguage\":\"sk-SK\"},{\"@type\":\"Organization\",\"@id\":\"https:\/\/vapingnet.de\/#organization\",\"name\":\"Vapingnet.de\",\"url\":\"https:\/\/vapingnet.de\/\",\"logo\":{\"@type\":\"ImageObject\",\"inLanguage\":\"sk-SK\",\"@id\":\"https:\/\/vapingnet.de\/#\/schema\/logo\/image\/\",\"url\":\"https:\/\/vapingnet.de\/wp-content\/uploads\/2025\/03\/cropped-vapingnet.de_.jpg\",\"contentUrl\":\"https:\/\/vapingnet.de\/wp-content\/uploads\/2025\/03\/cropped-vapingnet.de_.jpg\",\"width\":512,\"height\":512,\"caption\":\"Vapingnet.de\"},\"image\":{\"@id\":\"https:\/\/vapingnet.de\/#\/schema\/logo\/image\/\"},\"sameAs\":[\"https:\/\/www.facebook.com\/vapingnetde\/\"]}]}<\/script>\n<!-- \/ Yoast SEO plugin. -->","yoast_head_json":{"title":"Genie\u00dfen Sie Den Besten Geschmack Von Strawberry Watermelon WASPE 12000 Puffs F\u00fcr Echte Kenner | Vapingnet.de","description":"Entdecke Genie\u00dfen Sie Den Besten Geschmack Von Strawberry Watermelon WASPE 12000 Puffs F\u00fcr Echte Kenner bei vapingnet.de, \u25ba Gro\u00dfe Auswahl an Geschmacksrichtungen & super g\u00fcnstig!","robots":{"index":"index","follow":"follow","max-snippet":"max-snippet:-1","max-image-preview":"max-image-preview:large","max-video-preview":"max-video-preview:-1"},"canonical":"https:\/\/vapingnet.de\/sk\/vape\/geniessen-sie-den-besten-geschmack-von-strawberry-watermelon-waspe-12000-puffs-fuer-echte-kenner\/","og_locale":"sk_SK","og_type":"article","og_title":"Genie\u00dfen Sie Den Besten Geschmack Von Strawberry Watermelon WASPE 12000 Puffs F\u00fcr Echte Kenner | Vapingnet.de","og_description":"Entdecke Genie\u00dfen Sie Den Besten Geschmack Von Strawberry Watermelon WASPE 12000 Puffs F\u00fcr Echte Kenner bei vapingnet.de, \u25ba Gro\u00dfe Auswahl an Geschmacksrichtungen & super g\u00fcnstig!","og_url":"https:\/\/vapingnet.de\/sk\/vape\/geniessen-sie-den-besten-geschmack-von-strawberry-watermelon-waspe-12000-puffs-fuer-echte-kenner\/","og_site_name":"Vapingnet.de","article_publisher":"https:\/\/www.facebook.com\/vapingnetde\/","article_modified_time":"2026-04-15T09:17:35+00:00","og_image":[{"width":1000,"height":1000,"url":"https:\/\/vapingnet.de\/wp-content\/uploads\/2025\/04\/strawberry-watermelon-5.webp","type":"image\/webp"}],"twitter_card":"summary_large_image","twitter_misc":{"Est. reading time":"2 minutes"},"schema":{"@context":"https:\/\/schema.org","@graph":[{"@type":"WebPage","@id":"https:\/\/vapingnet.de\/vape\/geniessen-sie-den-besten-geschmack-von-strawberry-watermelon-waspe-12000-puffs-fuer-echte-kenner\/","url":"https:\/\/vapingnet.de\/vape\/geniessen-sie-den-besten-geschmack-von-strawberry-watermelon-waspe-12000-puffs-fuer-echte-kenner\/","name":"Genie\u00dfen Sie Den Besten Geschmack Von Strawberry Watermelon WASPE 12000 Puffs F\u00fcr Echte Kenner | Vapingnet.de","isPartOf":{"@id":"https:\/\/vapingnet.de\/#website"},"primaryImageOfPage":{"@id":"https:\/\/vapingnet.de\/vape\/geniessen-sie-den-besten-geschmack-von-strawberry-watermelon-waspe-12000-puffs-fuer-echte-kenner\/#primaryimage"},"image":{"@id":"https:\/\/vapingnet.de\/vape\/geniessen-sie-den-besten-geschmack-von-strawberry-watermelon-waspe-12000-puffs-fuer-echte-kenner\/#primaryimage"},"thumbnailUrl":"https:\/\/vapingnet.de\/wp-content\/uploads\/2025\/04\/strawberry-watermelon-5.webp","datePublished":"2025-04-29T02:53:22+00:00","dateModified":"2026-04-15T09:17:35+00:00","description":"Entdecke Genie\u00dfen Sie Den Besten Geschmack Von Strawberry Watermelon WASPE 12000 Puffs F\u00fcr Echte Kenner bei vapingnet.de, \u25ba Gro\u00dfe Auswahl an Geschmacksrichtungen & super g\u00fcnstig!","breadcrumb":{"@id":"https:\/\/vapingnet.de\/vape\/geniessen-sie-den-besten-geschmack-von-strawberry-watermelon-waspe-12000-puffs-fuer-echte-kenner\/#breadcrumb"},"inLanguage":"sk-SK","potentialAction":[{"@type":"ReadAction","target":["https:\/\/vapingnet.de\/vape\/geniessen-sie-den-besten-geschmack-von-strawberry-watermelon-waspe-12000-puffs-fuer-echte-kenner\/"]}]},{"@type":"ImageObject","inLanguage":"sk-SK","@id":"https:\/\/vapingnet.de\/vape\/geniessen-sie-den-besten-geschmack-von-strawberry-watermelon-waspe-12000-puffs-fuer-echte-kenner\/#primaryimage","url":"https:\/\/vapingnet.de\/wp-content\/uploads\/2025\/04\/strawberry-watermelon-5.webp","contentUrl":"https:\/\/vapingnet.de\/wp-content\/uploads\/2025\/04\/strawberry-watermelon-5.webp","width":1000,"height":1000},{"@type":"BreadcrumbList","@id":"https:\/\/vapingnet.de\/vape\/geniessen-sie-den-besten-geschmack-von-strawberry-watermelon-waspe-12000-puffs-fuer-echte-kenner\/#breadcrumb","itemListElement":[{"@type":"ListItem","position":1,"name":"Home","item":"https:\/\/vapingnet.de\/"},{"@type":"ListItem","position":2,"name":"Shop","item":"https:\/\/vapingnet.de\/vape\/"},{"@type":"ListItem","position":3,"name":"Genie\u00dfen Sie Den Besten Geschmack Von Strawberry Watermelon WASPE 12000 Puffs F\u00fcr Echte Kenner"}]},{"@type":"WebSite","@id":"https:\/\/vapingnet.de\/#website","url":"https:\/\/vapingnet.de\/","name":"Vapingnet.de","description":"","publisher":{"@id":"https:\/\/vapingnet.de\/#organization"},"potentialAction":[{"@type":"SearchAction","target":{"@type":"EntryPoint","urlTemplate":"https:\/\/vapingnet.de\/?s={search_term_string}"},"query-input":{"@type":"PropertyValueSpecification","valueRequired":true,"valueName":"search_term_string"}}],"inLanguage":"sk-SK"},{"@type":"Organization","@id":"https:\/\/vapingnet.de\/#organization","name":"Vapingnet.de","url":"https:\/\/vapingnet.de\/","logo":{"@type":"ImageObject","inLanguage":"sk-SK","@id":"https:\/\/vapingnet.de\/#\/schema\/logo\/image\/","url":"https:\/\/vapingnet.de\/wp-content\/uploads\/2025\/03\/cropped-vapingnet.de_.jpg","contentUrl":"https:\/\/vapingnet.de\/wp-content\/uploads\/2025\/03\/cropped-vapingnet.de_.jpg","width":512,"height":512,"caption":"Vapingnet.de"},"image":{"@id":"https:\/\/vapingnet.de\/#\/schema\/logo\/image\/"},"sameAs":["https:\/\/www.facebook.com\/vapingnetde\/"]}]}},"tiered_pricing_type":"fixed","tiered_pricing_fixed_rules":[],"tiered_pricing_product_settings":{"layout":"default","base_unit_name":{"singular":null,"plural":null},"default_variation":null},"tiered_pricing_minimum_quantity":null,"tiered_pricing_roles_data":[],"tiered_pricing_percentage_rules":[],"_links":{"self":[{"href":"https:\/\/vapingnet.de\/sk\/wp-json\/wp\/v2\/product\/6617","targetHints":{"allow":["GET"]}}],"collection":[{"href":"https:\/\/vapingnet.de\/sk\/wp-json\/wp\/v2\/product"}],"about":[{"href":"https:\/\/vapingnet.de\/sk\/wp-json\/wp\/v2\/types\/product"}],"version-history":[{"count":4,"href":"https:\/\/vapingnet.de\/sk\/wp-json\/wp\/v2\/product\/6617\/revisions"}],"predecessor-version":[{"id":6879,"href":"https:\/\/vapingnet.de\/sk\/wp-json\/wp\/v2\/product\/6617\/revisions\/6879"}],"wp:featuredmedia":[{"embeddable":true,"href":"https:\/\/vapingnet.de\/sk\/wp-json\/wp\/v2\/media\/6612"}],"wp:attachment":[{"href":"https:\/\/vapingnet.de\/sk\/wp-json\/wp\/v2\/media?parent=6617"}],"wp:term":[{"taxonomy":"brand","embeddable":true,"href":"https:\/\/vapingnet.de\/sk\/wp-json\/wp\/v2\/etheme_brands?post=6617"},{"taxonomy":"product_brand","embeddable":true,"href":"https:\/\/vapingnet.de\/sk\/wp-json\/wp\/v2\/product_brand?post=6617"},{"taxonomy":"product_cat","embeddable":true,"href":"https:\/\/vapingnet.de\/sk\/wp-json\/wp\/v2\/product_cat?post=6617"},{"taxonomy":"product_tag","embeddable":true,"href":"https:\/\/vapingnet.de\/sk\/wp-json\/wp\/v2\/product_tag?post=6617"}],"curies":[{"name":"wp","href":"https:\/\/api.w.org\/{rel}","templated":true}]}}