{"id":6618,"date":"2025-04-29T02:53:25","date_gmt":"2025-04-29T02:53:25","guid":{"rendered":"https:\/\/vapingnet.de\/?post_type=product&#038;p=6618"},"modified":"2026-04-15T09:17:06","modified_gmt":"2026-04-15T09:17:06","slug":"entdecken-sie-den-einmaligen-strawberry-mango-geschmack-mit-waspe-12000-puffs-topqualitaet-jetzt-bestellen","status":"publish","type":"product","link":"https:\/\/vapingnet.de\/sk\/vape\/entdecken-sie-den-einmaligen-strawberry-mango-geschmack-mit-waspe-12000-puffs-topqualitaet-jetzt-bestellen\/","title":{"rendered":"Objavte jedine\u010dn\u00fa chu\u0165 Strawberry Mango s WASPE 12000 Puffs Najvy\u0161\u0161ej kvality, objednajte teraz"},"content":{"rendered":"<h2 data-start=\"0\" data-end=\"70\" data-immersive-translate-walked=\"fc234c5d-dea7-4f23-b578-5136c32b6017\">WASPE 12000 Puffs: Dlhodob\u00e9 vapovanie pre n\u00e1ro\u010dn\u00fdch pou\u017e\u00edvate\u013eov<\/h2>\n<p class=\"\" data-start=\"72\" data-end=\"409\" data-immersive-translate-walked=\"fc234c5d-dea7-4f23-b578-5136c32b6017\" data-immersive-translate-paragraph=\"1\">WASPE 12000 Puffs je viac ne\u017e len oby\u010dajn\u00e1 jednorazov\u00e1 e-cigareta. Sp\u00e1ja pokro\u010dil\u00fa technol\u00f3giu, v\u00fdnimo\u010dn\u00fd v\u00fdkon a \u0161t\u00fdlov\u00fd dizajn, aby posunula vapovanie na nov\u00fa \u00farove\u0148. S mno\u017estvom funkci\u00ed je tento model ur\u010den\u00fd pre vap\u00e9rov, ktor\u00ed h\u013eadaj\u00fa vysok\u00fd v\u00fdkon aj dlh\u00fd p\u00f4\u017eitok.<\/p>\n<h3 class=\"\" data-start=\"411\" data-end=\"454\" data-immersive-translate-walked=\"fc234c5d-dea7-4f23-b578-5136c32b6017\">Najdlh\u0161ie pou\u017e\u00edvanie \u2013 A\u017e 12000 potiahnut\u00ed<\/h3>\n<p class=\"\" data-start=\"456\" data-end=\"812\" data-immersive-translate-walked=\"fc234c5d-dea7-4f23-b578-5136c32b6017\" data-immersive-translate-paragraph=\"1\">S neuverite\u013en\u00fdm po\u010dtom 12000 potiahnut\u00ed je WASPE 12000 Puffs skuto\u010dn\u00fdm pracovn\u00fdm zviera\u0165om medzi jednorazov\u00fdmi e-cigaretami. \u010ci ju pou\u017e\u00edvate na cest\u00e1ch alebo v be\u017enom \u017eivote, dlh\u00e1 v\u00fddr\u017e zabezpe\u010duje, \u017ee nebudete potrebova\u0165 neust\u00e1le dop\u013a\u0148anie alebo v\u00fdmenu zariadenia. U\u017e\u00edvajte si hodiny nep\u0159eru\u0161ovan\u00e9ho vapovania s jedin\u00fdm zariaden\u00edm.<\/p>\n<ul data-start=\"814\" data-end=\"910\" data-immersive-translate-walked=\"fc234c5d-dea7-4f23-b578-5136c32b6017\">\n<li class=\"\" data-start=\"814\" data-end=\"849\" data-immersive-translate-walked=\"fc234c5d-dea7-4f23-b578-5136c32b6017\">\n<p class=\"\" data-start=\"816\" data-end=\"849\" data-immersive-translate-walked=\"fc234c5d-dea7-4f23-b578-5136c32b6017\" data-immersive-translate-paragraph=\"1\">Dlh\u00e1 v\u00fddr\u017e: 12000 potiahnut\u00ed<\/p>\n<\/li>\n<li class=\"\" data-start=\"850\" data-end=\"910\" data-immersive-translate-walked=\"fc234c5d-dea7-4f23-b578-5136c32b6017\">\n<p class=\"\" data-start=\"852\" data-end=\"910\" data-immersive-translate-walked=\"fc234c5d-dea7-4f23-b578-5136c32b6017\" data-immersive-translate-paragraph=\"1\">Praktick\u00e9: Jednorazov\u00e1 e-cigareta pre bezstresov\u00e9 vapovanie<\/p>\n<\/li>\n<\/ul>\n<h4 data-start=\"912\" data-end=\"966\" data-immersive-translate-walked=\"fc234c5d-dea7-4f23-b578-5136c32b6017\">V\u0161estrann\u00e9 nikot\u00ednov\u00e9 koncentr\u00e1cie pre ka\u017ed\u00fa chu\u0165<\/h4>\n<p class=\"\" data-start=\"968\" data-end=\"1304\" data-immersive-translate-walked=\"fc234c5d-dea7-4f23-b578-5136c32b6017\" data-immersive-translate-paragraph=\"1\">WASPE 12000 Puffs pon\u00faka \u0161irok\u00fa \u0161k\u00e1lu nikot\u00ednov\u00fdch koncentr\u00e1ci\u00ed, ktor\u00e9 vyhovuj\u00fa v\u0161etk\u00fdm preferenci\u00e1m. Vyberte si z mo\u017enost\u00ed 0%, 2%, 3% a 5%, aby ste si prisp\u00f4sobili svoj z\u00e1\u017eitok z vapovania pod\u013ea svojich \u017eelan\u00ed. \u010ci u\u017e preferujete nikot\u00ednovo vo\u013en\u00fd p\u00e1r, alebo silnej\u0161\u00ed z\u00e1\u017eitok, t\u00e1to jednorazov\u00e1 e-cigareta pon\u00faka presne to spr\u00e1vne rie\u0161enie.<\/p>\n<ul data-start=\"1306\" data-end=\"1353\" data-immersive-translate-walked=\"fc234c5d-dea7-4f23-b578-5136c32b6017\">\n<li class=\"\" data-start=\"1306\" data-end=\"1353\" data-immersive-translate-walked=\"fc234c5d-dea7-4f23-b578-5136c32b6017\">\n<p class=\"\" data-start=\"1308\" data-end=\"1353\" data-immersive-translate-walked=\"fc234c5d-dea7-4f23-b578-5136c32b6017\" data-immersive-translate-paragraph=\"1\">Dostupn\u00e9 nikot\u00ednov\u00e9 koncentr\u00e1cie: 0%, 2%, 3%, 5%<\/p>\n<\/li>\n<\/ul>\n<h4 data-start=\"1355\" data-end=\"1398\" data-immersive-translate-walked=\"fc234c5d-dea7-4f23-b578-5136c32b6017\">Ovocn\u00fd p\u00f4\u017eitok: Strawberry Mango<\/h4>\n<p class=\"\" data-start=\"1400\" data-end=\"1676\" data-immersive-translate-walked=\"fc234c5d-dea7-4f23-b578-5136c32b6017\" data-immersive-translate-paragraph=\"1\">Chu\u0165ov\u00e1 kombin\u00e1cia jahody a manga je tropick\u00fdm poku\u0161en\u00edm. Sladk\u00e1 a z\u00e1rove\u0148 osvie\u017euj\u00faca chu\u0165 zabezpe\u010duje pr\u00edjemn\u00e9 vapovanie, ktor\u00e9 budete chcie\u0165 opakova\u0165. T\u00e1to chu\u0165 je ide\u00e1lna pre t\u00fdch, ktor\u00ed maj\u00fa radi ovocn\u00e9 a sladk\u00e9 ar\u00f3my.<\/p>\n<ul data-start=\"1678\" data-end=\"1743\" data-immersive-translate-walked=\"fc234c5d-dea7-4f23-b578-5136c32b6017\">\n<li class=\"\" data-start=\"1678\" data-end=\"1743\" data-immersive-translate-walked=\"fc234c5d-dea7-4f23-b578-5136c32b6017\">\n<p class=\"\" data-start=\"1680\" data-end=\"1743\" data-immersive-translate-walked=\"fc234c5d-dea7-4f23-b578-5136c32b6017\" data-immersive-translate-paragraph=\"1\">Chu\u0165: Strawberry Mango \u2013 ovocn\u00e1, sladk\u00e1 a osvie\u017euj\u00faca<\/p>\n<\/li>\n<\/ul>\n<h4 data-start=\"1745\" data-end=\"1796\" data-immersive-translate-walked=\"fc234c5d-dea7-4f23-b578-5136c32b6017\">Technol\u00f3gia pre optim\u00e1lny z\u00e1\u017eitok z vapovania<\/h4>\n<p class=\"\" data-start=\"1798\" data-end=\"2136\" data-immersive-translate-walked=\"fc234c5d-dea7-4f23-b578-5136c32b6017\" data-immersive-translate-paragraph=\"1\">WASPE 12000 Puffs m\u00e1 bat\u00e9riu s kapacitou 650mAh, ktor\u00e1 zabezpe\u010duje dlh\u00e9 pou\u017e\u00edvanie. S modern\u00fdm nab\u00edjac\u00edm portom Type-C m\u00f4\u017eete bat\u00e9riu r\u00fdchlo nabi\u0165 a ma\u0165 tak v\u017edy plne nabit\u00e9 zariadenie. Mesh cievka s odporom 0,8 Ohm zabezpe\u010duje rovnomern\u00e9 parenie a intenz\u00edvnu chu\u0165, tak\u017ee ka\u017ed\u00e9 vdychovanie je p\u00f4\u017eitkom.<\/p>\n<ul data-start=\"2138\" data-end=\"2300\" data-immersive-translate-walked=\"fc234c5d-dea7-4f23-b578-5136c32b6017\">\n<li class=\"\" data-start=\"2138\" data-end=\"2192\" data-immersive-translate-walked=\"fc234c5d-dea7-4f23-b578-5136c32b6017\">\n<p class=\"\" data-start=\"2140\" data-end=\"2192\" data-immersive-translate-walked=\"fc234c5d-dea7-4f23-b578-5136c32b6017\" data-immersive-translate-paragraph=\"1\">Kapacita bat\u00e9rie: 650mAh pre dlh\u00e9 pou\u017e\u00edvanie<\/p>\n<\/li>\n<li class=\"\" data-start=\"2193\" data-end=\"2236\" data-immersive-translate-walked=\"fc234c5d-dea7-4f23-b578-5136c32b6017\">\n<p class=\"\" data-start=\"2195\" data-end=\"2236\" data-immersive-translate-walked=\"fc234c5d-dea7-4f23-b578-5136c32b6017\" data-immersive-translate-paragraph=\"1\">R\u00fdchle nab\u00edjanie: nab\u00edjac\u00ed port Type-C<\/p>\n<\/li>\n<li class=\"\" data-start=\"2237\" data-end=\"2300\" data-immersive-translate-walked=\"fc234c5d-dea7-4f23-b578-5136c32b6017\">\n<p class=\"\" data-start=\"2239\" data-end=\"2300\" data-immersive-translate-walked=\"fc234c5d-dea7-4f23-b578-5136c32b6017\" data-immersive-translate-paragraph=\"1\">Mesh cievka: 0,8 Ohm pre rovnomern\u00fa chu\u0165 a paru<\/p>\n<\/li>\n<\/ul>\n<h4 data-start=\"2302\" data-end=\"2352\" data-immersive-translate-walked=\"fc234c5d-dea7-4f23-b578-5136c32b6017\">Jednoduch\u00e9 ovl\u00e1danie aktiv\u00e1ciou potiahnut\u00edm<\/h4>\n<p class=\"\" data-start=\"2354\" data-end=\"2685\" data-immersive-translate-walked=\"fc234c5d-dea7-4f23-b578-5136c32b6017\" data-immersive-translate-paragraph=\"1\">WASPE 12000 Puffs je mimoriadne pou\u017e\u00edvate\u013esky pr\u00edvetiv\u00e1. M\u00e1 aktiv\u00e1ciu potiahnut\u00edm, \u010do znamen\u00e1, \u017ee sta\u010d\u00ed \u0165aha\u0165 z e-cigarety, aby ste aktivovali paru \u2013 bez tla\u010didiel alebo zlo\u017eit\u00fdch nastaven\u00ed. T\u00e1to funkcia rob\u00ed WASPE praktickou vo\u013ebou pre vap\u00e9rov, ktor\u00ed chc\u00fa jednoduch\u00e9 a pohodln\u00e9 u\u017e\u00edvanie.<\/p>\n<ul data-start=\"2687\" data-end=\"2824\" data-immersive-translate-walked=\"fc234c5d-dea7-4f23-b578-5136c32b6017\">\n<li class=\"\" data-start=\"2687\" data-end=\"2730\" data-immersive-translate-walked=\"fc234c5d-dea7-4f23-b578-5136c32b6017\">\n<p class=\"\" data-start=\"2689\" data-end=\"2730\" data-immersive-translate-walked=\"fc234c5d-dea7-4f23-b578-5136c32b6017\" data-immersive-translate-paragraph=\"1\">Aktiv\u00e1cia potiahnut\u00edm: \u0165ahajte a u\u017e\u00edvajte si<\/p>\n<\/li>\n<li class=\"\" data-start=\"2731\" data-end=\"2824\" data-immersive-translate-walked=\"fc234c5d-dea7-4f23-b578-5136c32b6017\">\n<p class=\"\" data-start=\"2733\" data-end=\"2824\" data-immersive-translate-walked=\"fc234c5d-dea7-4f23-b578-5136c32b6017\" data-immersive-translate-paragraph=\"1\">MTL z\u00e1\u017eitok: Ide\u00e1lne pre vap\u00e9rov, ktor\u00ed preferuj\u00fa tradi\u010dn\u00e9 \u00fasta-pl\u00faca vapovanie<\/p>\n<\/li>\n<\/ul>\n<h4 data-start=\"2826\" data-end=\"2877\" data-immersive-translate-walked=\"fc234c5d-dea7-4f23-b578-5136c32b6017\">RGB osvetlenie: \u0160t\u00fdl stret\u00e1va funk\u010dnos\u0165<\/h4>\n<p class=\"\" data-start=\"2879\" data-end=\"3166\" data-immersive-translate-walked=\"fc234c5d-dea7-4f23-b578-5136c32b6017\" data-immersive-translate-paragraph=\"1\">Modern\u00fd dizajn WASPE 12000 Puffs je doplnen\u00fd o integrovan\u00e9 RGB osvetlenie. To vytv\u00e1ra vizu\u00e1lny efekt, ktor\u00fd je obzvl\u00e1\u0161\u0165 v\u00fdrazn\u00fd v tme. Osvetlenie rob\u00ed vapovanie \u0161t\u00fdlov\u00fdm z\u00e1\u017eitkom, ktor\u00fd e\u0161te viac zv\u00fdraz\u0148uje technol\u00f3giu.<\/p>\n<ul data-start=\"3168\" data-end=\"3230\" data-immersive-translate-walked=\"fc234c5d-dea7-4f23-b578-5136c32b6017\">\n<li class=\"\" data-start=\"3168\" data-end=\"3230\" data-immersive-translate-walked=\"fc234c5d-dea7-4f23-b578-5136c32b6017\">\n<p class=\"\" data-start=\"3170\" data-end=\"3230\" data-immersive-translate-walked=\"fc234c5d-dea7-4f23-b578-5136c32b6017\" data-immersive-translate-paragraph=\"1\">RGB osvetlenie: Pre modern\u00fd a n\u00e1padn\u00fd vzh\u013ead<\/p>\n<\/li>\n<\/ul>\n<h4 data-start=\"3232\" data-end=\"3288\" data-immersive-translate-walked=\"fc234c5d-dea7-4f23-b578-5136c32b6017\">Doru\u010denie bez cla priamo k v\u00e1m domov<\/h4>\n<p class=\"\" data-start=\"3290\" data-end=\"3556\" data-immersive-translate-walked=\"fc234c5d-dea7-4f23-b578-5136c32b6017\" data-immersive-translate-paragraph=\"1\">WASPE 12000 Puffs je dostupn\u00fd u vapingnet.de, kde m\u00f4\u017eete vyu\u017ei\u0165 r\u00fdchle a bezcoln\u00e9 doru\u010denie. Nemus\u00edte sa ob\u00e1va\u0165 coln\u00fdch poplatkov a va\u0161a objedn\u00e1vka v\u00e1m bude doru\u010den\u00e1 priamo do 7-15 pracovn\u00fdch dn\u00ed.<\/p>\n<ul data-start=\"3558\" data-end=\"3635\" data-immersive-translate-walked=\"fc234c5d-dea7-4f23-b578-5136c32b6017\">\n<li class=\"\" data-start=\"3558\" data-end=\"3589\" data-immersive-translate-walked=\"fc234c5d-dea7-4f23-b578-5136c32b6017\">\n<p class=\"\" data-start=\"3560\" data-end=\"3589\" data-immersive-translate-walked=\"fc234c5d-dea7-4f23-b578-5136c32b6017\" data-immersive-translate-paragraph=\"1\">Doba dodania: 7-15 pracovn\u00fdch dn\u00ed<\/p>\n<\/li>\n<li class=\"\" data-start=\"3590\" data-end=\"3635\" data-immersive-translate-walked=\"fc234c5d-dea7-4f23-b578-5136c32b6017\">\n<p class=\"\" data-start=\"3592\" data-end=\"3635\" data-immersive-translate-walked=\"fc234c5d-dea7-4f23-b578-5136c32b6017\" data-immersive-translate-paragraph=\"1\">Bez cla: \u017diadne \u010fal\u0161ie poplatky<\/p>\n<\/li>\n<\/ul>","protected":false},"excerpt":{"rendered":"<p>WASPE 12000 Puffs: Langfristiger Dampfen f\u00fcr anspruchsvolle Nutzer Die WASPE 12000 Puffs ist mehr als nur eine gew\u00f6hnliche Einweg-E-Zigarette. Sie vereint fortschrittliche Technik, au\u00dfergew\u00f6hnliche Leistung&#8230;<\/p>","protected":false},"featured_media":6609,"template":"","meta":[],"etheme_brands":[],"product_brand":[98],"product_cat":[88,49,61],"product_tag":[],"class_list":{"0":"post-6618","1":"product","2":"type-product","3":"status-publish","4":"has-post-thumbnail","6":"product_brand-waspe-vape","7":"product_cat-12k-vape","8":"product_cat-einweg-e-zigarette","9":"product_cat-f","11":"first","12":"instock","13":"shipping-taxable","14":"purchasable","15":"product-type-variable"},"yoast_head":"<!-- This site is optimized with the Yoast SEO plugin v26.5 - https:\/\/yoast.com\/wordpress\/plugins\/seo\/ -->\n<title>Entdecken Sie Den Einmaligen Strawberry Mango Geschmack Mit WASPE 12000 Puffs Topqualit\u00e4t Jetzt Bestellen | Vapingnet.de<\/title>\n<meta name=\"description\" content=\"Entdecke Entdecken Sie Den Einmaligen Strawberry Mango Geschmack Mit WASPE 12000 Puffs Topqualit\u00e4t Jetzt Bestellen bei vapingnet.de, \u25ba Gro\u00dfe Auswahl an Geschmacksrichtungen &amp; super g\u00fcnstig!\" \/>\n<meta name=\"robots\" content=\"index, follow, max-snippet:-1, max-image-preview:large, max-video-preview:-1\" \/>\n<link rel=\"canonical\" href=\"https:\/\/vapingnet.de\/sk\/vape\/entdecken-sie-den-einmaligen-strawberry-mango-geschmack-mit-waspe-12000-puffs-topqualitaet-jetzt-bestellen\/\" \/>\n<meta property=\"og:locale\" content=\"sk_SK\" \/>\n<meta property=\"og:type\" content=\"article\" \/>\n<meta property=\"og:title\" content=\"Entdecken Sie Den Einmaligen Strawberry Mango Geschmack Mit WASPE 12000 Puffs Topqualit\u00e4t Jetzt Bestellen | Vapingnet.de\" \/>\n<meta property=\"og:description\" content=\"Entdecke Entdecken Sie Den Einmaligen Strawberry Mango Geschmack Mit WASPE 12000 Puffs Topqualit\u00e4t Jetzt Bestellen bei vapingnet.de, \u25ba Gro\u00dfe Auswahl an Geschmacksrichtungen &amp; super g\u00fcnstig!\" \/>\n<meta property=\"og:url\" content=\"https:\/\/vapingnet.de\/sk\/vape\/entdecken-sie-den-einmaligen-strawberry-mango-geschmack-mit-waspe-12000-puffs-topqualitaet-jetzt-bestellen\/\" \/>\n<meta property=\"og:site_name\" content=\"Vapingnet.de\" \/>\n<meta property=\"article:publisher\" content=\"https:\/\/www.facebook.com\/vapingnetde\/\" \/>\n<meta property=\"article:modified_time\" content=\"2026-04-15T09:17:06+00:00\" \/>\n<meta property=\"og:image\" content=\"https:\/\/vapingnet.de\/wp-content\/uploads\/2025\/04\/Strawberry-Mango-1.webp\" \/>\n\t<meta property=\"og:image:width\" content=\"1000\" \/>\n\t<meta property=\"og:image:height\" content=\"1000\" \/>\n\t<meta property=\"og:image:type\" content=\"image\/webp\" \/>\n<meta name=\"twitter:card\" content=\"summary_large_image\" \/>\n<meta name=\"twitter:label1\" content=\"Est. reading time\" \/>\n\t<meta name=\"twitter:data1\" content=\"3 minutes\" \/>\n<script type=\"application\/ld+json\" class=\"yoast-schema-graph\">{\"@context\":\"https:\/\/schema.org\",\"@graph\":[{\"@type\":\"WebPage\",\"@id\":\"https:\/\/vapingnet.de\/vape\/entdecken-sie-den-einmaligen-strawberry-mango-geschmack-mit-waspe-12000-puffs-topqualitaet-jetzt-bestellen\/\",\"url\":\"https:\/\/vapingnet.de\/vape\/entdecken-sie-den-einmaligen-strawberry-mango-geschmack-mit-waspe-12000-puffs-topqualitaet-jetzt-bestellen\/\",\"name\":\"Entdecken Sie Den Einmaligen Strawberry Mango Geschmack Mit WASPE 12000 Puffs Topqualit\u00e4t Jetzt Bestellen | Vapingnet.de\",\"isPartOf\":{\"@id\":\"https:\/\/vapingnet.de\/#website\"},\"primaryImageOfPage\":{\"@id\":\"https:\/\/vapingnet.de\/vape\/entdecken-sie-den-einmaligen-strawberry-mango-geschmack-mit-waspe-12000-puffs-topqualitaet-jetzt-bestellen\/#primaryimage\"},\"image\":{\"@id\":\"https:\/\/vapingnet.de\/vape\/entdecken-sie-den-einmaligen-strawberry-mango-geschmack-mit-waspe-12000-puffs-topqualitaet-jetzt-bestellen\/#primaryimage\"},\"thumbnailUrl\":\"https:\/\/vapingnet.de\/wp-content\/uploads\/2025\/04\/Strawberry-Mango-1.webp\",\"datePublished\":\"2025-04-29T02:53:25+00:00\",\"dateModified\":\"2026-04-15T09:17:06+00:00\",\"description\":\"Entdecke Entdecken Sie Den Einmaligen Strawberry Mango Geschmack Mit WASPE 12000 Puffs Topqualit\u00e4t Jetzt Bestellen bei vapingnet.de, \u25ba Gro\u00dfe Auswahl an Geschmacksrichtungen & super g\u00fcnstig!\",\"breadcrumb\":{\"@id\":\"https:\/\/vapingnet.de\/vape\/entdecken-sie-den-einmaligen-strawberry-mango-geschmack-mit-waspe-12000-puffs-topqualitaet-jetzt-bestellen\/#breadcrumb\"},\"inLanguage\":\"sk-SK\",\"potentialAction\":[{\"@type\":\"ReadAction\",\"target\":[\"https:\/\/vapingnet.de\/vape\/entdecken-sie-den-einmaligen-strawberry-mango-geschmack-mit-waspe-12000-puffs-topqualitaet-jetzt-bestellen\/\"]}]},{\"@type\":\"ImageObject\",\"inLanguage\":\"sk-SK\",\"@id\":\"https:\/\/vapingnet.de\/vape\/entdecken-sie-den-einmaligen-strawberry-mango-geschmack-mit-waspe-12000-puffs-topqualitaet-jetzt-bestellen\/#primaryimage\",\"url\":\"https:\/\/vapingnet.de\/wp-content\/uploads\/2025\/04\/Strawberry-Mango-1.webp\",\"contentUrl\":\"https:\/\/vapingnet.de\/wp-content\/uploads\/2025\/04\/Strawberry-Mango-1.webp\",\"width\":1000,\"height\":1000},{\"@type\":\"BreadcrumbList\",\"@id\":\"https:\/\/vapingnet.de\/vape\/entdecken-sie-den-einmaligen-strawberry-mango-geschmack-mit-waspe-12000-puffs-topqualitaet-jetzt-bestellen\/#breadcrumb\",\"itemListElement\":[{\"@type\":\"ListItem\",\"position\":1,\"name\":\"Home\",\"item\":\"https:\/\/vapingnet.de\/\"},{\"@type\":\"ListItem\",\"position\":2,\"name\":\"Shop\",\"item\":\"https:\/\/vapingnet.de\/vape\/\"},{\"@type\":\"ListItem\",\"position\":3,\"name\":\"Entdecken Sie Den Einmaligen Strawberry Mango Geschmack Mit WASPE 12000 Puffs Topqualit\u00e4t Jetzt Bestellen\"}]},{\"@type\":\"WebSite\",\"@id\":\"https:\/\/vapingnet.de\/#website\",\"url\":\"https:\/\/vapingnet.de\/\",\"name\":\"Vapingnet.de\",\"description\":\"\",\"publisher\":{\"@id\":\"https:\/\/vapingnet.de\/#organization\"},\"potentialAction\":[{\"@type\":\"SearchAction\",\"target\":{\"@type\":\"EntryPoint\",\"urlTemplate\":\"https:\/\/vapingnet.de\/?s={search_term_string}\"},\"query-input\":{\"@type\":\"PropertyValueSpecification\",\"valueRequired\":true,\"valueName\":\"search_term_string\"}}],\"inLanguage\":\"sk-SK\"},{\"@type\":\"Organization\",\"@id\":\"https:\/\/vapingnet.de\/#organization\",\"name\":\"Vapingnet.de\",\"url\":\"https:\/\/vapingnet.de\/\",\"logo\":{\"@type\":\"ImageObject\",\"inLanguage\":\"sk-SK\",\"@id\":\"https:\/\/vapingnet.de\/#\/schema\/logo\/image\/\",\"url\":\"https:\/\/vapingnet.de\/wp-content\/uploads\/2025\/03\/cropped-vapingnet.de_.jpg\",\"contentUrl\":\"https:\/\/vapingnet.de\/wp-content\/uploads\/2025\/03\/cropped-vapingnet.de_.jpg\",\"width\":512,\"height\":512,\"caption\":\"Vapingnet.de\"},\"image\":{\"@id\":\"https:\/\/vapingnet.de\/#\/schema\/logo\/image\/\"},\"sameAs\":[\"https:\/\/www.facebook.com\/vapingnetde\/\"]}]}<\/script>\n<!-- \/ Yoast SEO plugin. -->","yoast_head_json":{"title":"Entdecken Sie Den Einmaligen Strawberry Mango Geschmack Mit WASPE 12000 Puffs Topqualit\u00e4t Jetzt Bestellen | Vapingnet.de","description":"Entdecke Entdecken Sie Den Einmaligen Strawberry Mango Geschmack Mit WASPE 12000 Puffs Topqualit\u00e4t Jetzt Bestellen bei vapingnet.de, \u25ba Gro\u00dfe Auswahl an Geschmacksrichtungen & super g\u00fcnstig!","robots":{"index":"index","follow":"follow","max-snippet":"max-snippet:-1","max-image-preview":"max-image-preview:large","max-video-preview":"max-video-preview:-1"},"canonical":"https:\/\/vapingnet.de\/sk\/vape\/entdecken-sie-den-einmaligen-strawberry-mango-geschmack-mit-waspe-12000-puffs-topqualitaet-jetzt-bestellen\/","og_locale":"sk_SK","og_type":"article","og_title":"Entdecken Sie Den Einmaligen Strawberry Mango Geschmack Mit WASPE 12000 Puffs Topqualit\u00e4t Jetzt Bestellen | Vapingnet.de","og_description":"Entdecke Entdecken Sie Den Einmaligen Strawberry Mango Geschmack Mit WASPE 12000 Puffs Topqualit\u00e4t Jetzt Bestellen bei vapingnet.de, \u25ba Gro\u00dfe Auswahl an Geschmacksrichtungen & super g\u00fcnstig!","og_url":"https:\/\/vapingnet.de\/sk\/vape\/entdecken-sie-den-einmaligen-strawberry-mango-geschmack-mit-waspe-12000-puffs-topqualitaet-jetzt-bestellen\/","og_site_name":"Vapingnet.de","article_publisher":"https:\/\/www.facebook.com\/vapingnetde\/","article_modified_time":"2026-04-15T09:17:06+00:00","og_image":[{"width":1000,"height":1000,"url":"https:\/\/vapingnet.de\/wp-content\/uploads\/2025\/04\/Strawberry-Mango-1.webp","type":"image\/webp"}],"twitter_card":"summary_large_image","twitter_misc":{"Est. reading time":"3 minutes"},"schema":{"@context":"https:\/\/schema.org","@graph":[{"@type":"WebPage","@id":"https:\/\/vapingnet.de\/vape\/entdecken-sie-den-einmaligen-strawberry-mango-geschmack-mit-waspe-12000-puffs-topqualitaet-jetzt-bestellen\/","url":"https:\/\/vapingnet.de\/vape\/entdecken-sie-den-einmaligen-strawberry-mango-geschmack-mit-waspe-12000-puffs-topqualitaet-jetzt-bestellen\/","name":"Entdecken Sie Den Einmaligen Strawberry Mango Geschmack Mit WASPE 12000 Puffs Topqualit\u00e4t Jetzt Bestellen | Vapingnet.de","isPartOf":{"@id":"https:\/\/vapingnet.de\/#website"},"primaryImageOfPage":{"@id":"https:\/\/vapingnet.de\/vape\/entdecken-sie-den-einmaligen-strawberry-mango-geschmack-mit-waspe-12000-puffs-topqualitaet-jetzt-bestellen\/#primaryimage"},"image":{"@id":"https:\/\/vapingnet.de\/vape\/entdecken-sie-den-einmaligen-strawberry-mango-geschmack-mit-waspe-12000-puffs-topqualitaet-jetzt-bestellen\/#primaryimage"},"thumbnailUrl":"https:\/\/vapingnet.de\/wp-content\/uploads\/2025\/04\/Strawberry-Mango-1.webp","datePublished":"2025-04-29T02:53:25+00:00","dateModified":"2026-04-15T09:17:06+00:00","description":"Entdecke Entdecken Sie Den Einmaligen Strawberry Mango Geschmack Mit WASPE 12000 Puffs Topqualit\u00e4t Jetzt Bestellen bei vapingnet.de, \u25ba Gro\u00dfe Auswahl an Geschmacksrichtungen & super g\u00fcnstig!","breadcrumb":{"@id":"https:\/\/vapingnet.de\/vape\/entdecken-sie-den-einmaligen-strawberry-mango-geschmack-mit-waspe-12000-puffs-topqualitaet-jetzt-bestellen\/#breadcrumb"},"inLanguage":"sk-SK","potentialAction":[{"@type":"ReadAction","target":["https:\/\/vapingnet.de\/vape\/entdecken-sie-den-einmaligen-strawberry-mango-geschmack-mit-waspe-12000-puffs-topqualitaet-jetzt-bestellen\/"]}]},{"@type":"ImageObject","inLanguage":"sk-SK","@id":"https:\/\/vapingnet.de\/vape\/entdecken-sie-den-einmaligen-strawberry-mango-geschmack-mit-waspe-12000-puffs-topqualitaet-jetzt-bestellen\/#primaryimage","url":"https:\/\/vapingnet.de\/wp-content\/uploads\/2025\/04\/Strawberry-Mango-1.webp","contentUrl":"https:\/\/vapingnet.de\/wp-content\/uploads\/2025\/04\/Strawberry-Mango-1.webp","width":1000,"height":1000},{"@type":"BreadcrumbList","@id":"https:\/\/vapingnet.de\/vape\/entdecken-sie-den-einmaligen-strawberry-mango-geschmack-mit-waspe-12000-puffs-topqualitaet-jetzt-bestellen\/#breadcrumb","itemListElement":[{"@type":"ListItem","position":1,"name":"Home","item":"https:\/\/vapingnet.de\/"},{"@type":"ListItem","position":2,"name":"Shop","item":"https:\/\/vapingnet.de\/vape\/"},{"@type":"ListItem","position":3,"name":"Entdecken Sie Den Einmaligen Strawberry Mango Geschmack Mit WASPE 12000 Puffs Topqualit\u00e4t Jetzt Bestellen"}]},{"@type":"WebSite","@id":"https:\/\/vapingnet.de\/#website","url":"https:\/\/vapingnet.de\/","name":"Vapingnet.de","description":"","publisher":{"@id":"https:\/\/vapingnet.de\/#organization"},"potentialAction":[{"@type":"SearchAction","target":{"@type":"EntryPoint","urlTemplate":"https:\/\/vapingnet.de\/?s={search_term_string}"},"query-input":{"@type":"PropertyValueSpecification","valueRequired":true,"valueName":"search_term_string"}}],"inLanguage":"sk-SK"},{"@type":"Organization","@id":"https:\/\/vapingnet.de\/#organization","name":"Vapingnet.de","url":"https:\/\/vapingnet.de\/","logo":{"@type":"ImageObject","inLanguage":"sk-SK","@id":"https:\/\/vapingnet.de\/#\/schema\/logo\/image\/","url":"https:\/\/vapingnet.de\/wp-content\/uploads\/2025\/03\/cropped-vapingnet.de_.jpg","contentUrl":"https:\/\/vapingnet.de\/wp-content\/uploads\/2025\/03\/cropped-vapingnet.de_.jpg","width":512,"height":512,"caption":"Vapingnet.de"},"image":{"@id":"https:\/\/vapingnet.de\/#\/schema\/logo\/image\/"},"sameAs":["https:\/\/www.facebook.com\/vapingnetde\/"]}]}},"tiered_pricing_type":"fixed","tiered_pricing_fixed_rules":[],"tiered_pricing_product_settings":{"layout":"default","base_unit_name":{"singular":null,"plural":null},"default_variation":null},"tiered_pricing_minimum_quantity":null,"tiered_pricing_roles_data":[],"tiered_pricing_percentage_rules":[],"_links":{"self":[{"href":"https:\/\/vapingnet.de\/sk\/wp-json\/wp\/v2\/product\/6618","targetHints":{"allow":["GET"]}}],"collection":[{"href":"https:\/\/vapingnet.de\/sk\/wp-json\/wp\/v2\/product"}],"about":[{"href":"https:\/\/vapingnet.de\/sk\/wp-json\/wp\/v2\/types\/product"}],"version-history":[{"count":4,"href":"https:\/\/vapingnet.de\/sk\/wp-json\/wp\/v2\/product\/6618\/revisions"}],"predecessor-version":[{"id":6635,"href":"https:\/\/vapingnet.de\/sk\/wp-json\/wp\/v2\/product\/6618\/revisions\/6635"}],"wp:featuredmedia":[{"embeddable":true,"href":"https:\/\/vapingnet.de\/sk\/wp-json\/wp\/v2\/media\/6609"}],"wp:attachment":[{"href":"https:\/\/vapingnet.de\/sk\/wp-json\/wp\/v2\/media?parent=6618"}],"wp:term":[{"taxonomy":"brand","embeddable":true,"href":"https:\/\/vapingnet.de\/sk\/wp-json\/wp\/v2\/etheme_brands?post=6618"},{"taxonomy":"product_brand","embeddable":true,"href":"https:\/\/vapingnet.de\/sk\/wp-json\/wp\/v2\/product_brand?post=6618"},{"taxonomy":"product_cat","embeddable":true,"href":"https:\/\/vapingnet.de\/sk\/wp-json\/wp\/v2\/product_cat?post=6618"},{"taxonomy":"product_tag","embeddable":true,"href":"https:\/\/vapingnet.de\/sk\/wp-json\/wp\/v2\/product_tag?post=6618"}],"curies":[{"name":"wp","href":"https:\/\/api.w.org\/{rel}","templated":true}]}}