{"id":6619,"date":"2025-04-29T02:53:35","date_gmt":"2025-04-29T02:53:35","guid":{"rendered":"https:\/\/vapingnet.de\/?post_type=product&#038;p=6619"},"modified":"2026-04-15T09:16:39","modified_gmt":"2026-04-15T09:16:39","slug":"der-saftig-suesse-geschmack-von-strawberry-raspberry-cherry-in-jedem-zug-waspe-12000-puffs","status":"publish","type":"product","link":"https:\/\/vapingnet.de\/sk\/vape\/der-saftig-suesse-geschmack-von-strawberry-raspberry-cherry-in-jedem-zug-waspe-12000-puffs\/","title":{"rendered":"\u0160\u0165avnat\u00e1 sladk\u00e1 chu\u0165 jahody, maliny a \u010dere\u0161ne v ka\u017edom \u0165ahu WASPE 12000 puffov"},"content":{"rendered":"<h2 data-start=\"0\" data-end=\"75\">WASPE 12000 potiahnut\u00ed na jedno pou\u017eitie e-cigareta: Ovocn\u00e1 poch\u00fa\u0165ka pre vapery<\/h2>\n<p class=\"\" data-start=\"77\" data-end=\"510\">WASPE 12000 potiahnut\u00ed na jedno pou\u017eitie e-cigareta pon\u00faka v\u0161etko, \u010do vapery po\u017eaduj\u00fa: v\u00fdkonn\u00fa bat\u00e9riu, vysokokvalitn\u00fa mesh-\u0161pir\u00e1lku a nezamenite\u013en\u00fa ovocn\u00fa ar\u00f3mu. Je ide\u00e1lnou vo\u013ebou pre t\u00fdch, ktor\u00ed h\u013eadaj\u00fa jednoduch\u00fd, ale intenz\u00edvny z\u00e1\u017eitok z vapovania, bez nutnosti zlo\u017eit\u00fdch nastaven\u00ed alebo \u00fadr\u017eby. V tomto \u010dl\u00e1nku sa zameriame na \u0161peci\u00e1lne vlastnosti a v\u00fdhody WASPE 12000 potiahnut\u00ed.<\/p>\n<h4 data-start=\"512\" data-end=\"568\">V\u00fdkonn\u00e1 bat\u00e9ria pre dlhodob\u00fd p\u00f4\u017eitok<\/h4>\n<p class=\"\" data-start=\"570\" data-end=\"980\">WASPE 12000 potiahnut\u00ed m\u00e1 odoln\u00fa bat\u00e9riu 650mAh, ktor\u00e1 umo\u017e\u0148uje vychutna\u0165 si a\u017e 12000 potiahnut\u00ed. T\u00e1to p\u00f4sobiv\u00e1 kapacita zabezpe\u010duje, \u017ee zariadenie je mo\u017en\u00e9 pou\u017e\u00edva\u0165 dlh\u00fa dobu bez \u010dast\u00e9ho dob\u00edjania. Navy\u0161e, r\u00fdchle a efekt\u00edvne nab\u00edjanie cez Type-C port zabezpe\u010duje, \u017ee ste v\u017edy r\u00fdchlo pripraven\u00ed na \u010fal\u0161ie pou\u017eitie.<\/p>\n<h4 data-start=\"982\" data-end=\"1035\">Inovat\u00edvna mesh-\u0161pir\u00e1lka pre intenz\u00edvnu chu\u0165<\/h4>\n<p class=\"\" data-start=\"1037\" data-end=\"1406\">Vybaven\u00e1 0,8 Ohm mesh-\u0161pir\u00e1lkou, WASPE 12000 potiahnut\u00ed zabezpe\u010duje rovnomern\u00e9 odparovanie e-liquidu. Mesh technol\u00f3gia poskytuje vynikaj\u00facu reprodukciu chuti, preto\u017ee v\u00e4\u010d\u0161ia plocha oh\u00fdbacieho dr\u00f4tu rovnomerne a intenz\u00edvne rozde\u013euje paru. V\u00fdsledkom je intenz\u00edvna chu\u0165 pri ka\u017edom potiahnut\u00ed, \u010do rob\u00ed vapovanie p\u00f4\u017eitkom.<\/p>\n<h4 data-start=\"1408\" data-end=\"1461\">Ovocn\u00e1 ar\u00f3ma: Jahoda, Malina, \u010cere\u0161\u0148a<\/h4>\n<p class=\"\" data-start=\"1463\" data-end=\"1819\">WASPE 12000 potiahnut\u00ed v\u00e1s presved\u010d\u00ed lahodnou chu\u0165ou, ktor\u00e1 predstavuje dokonal\u00fa zmes jahody, maliny a \u010dere\u0161ne. T\u00e1to kombin\u00e1cia sladk\u00fdch a \u010derstv\u00fdch ovocn\u00fdch ar\u00f3m zabezpe\u010duje osvie\u017euj\u00faci z\u00e1\u017eitok z vapovania, ktor\u00fd rozmazn\u00e1va zmysly. Je to chu\u0165, ktor\u00e1 je ide\u00e1lna pre za\u010diato\u010dn\u00edkov aj sk\u00fasen\u00fdch vapery.<\/p>\n<h4 data-start=\"1821\" data-end=\"1865\">Pou\u017e\u00edvate\u013esky jednoduch\u00e1 aktiv\u00e1cia potiahnut\u00edm<\/h4>\n<p class=\"\" data-start=\"1867\" data-end=\"2225\">WASPE 12000 potiahnut\u00ed vyu\u017e\u00edva aktiv\u00e1ciu potiahnut\u00edm, \u010do rob\u00ed vapovanie mimoriadne jednoduch\u00fdm. Sta\u010d\u00ed \u0165aha\u0165 za e-cigaretu, aby sa zariadenie aktivovalo. Nie s\u00fa potrebn\u00e9 \u017eiadne tla\u010didl\u00e1, \u010do zais\u0165uje intuit\u00edvne a pohodln\u00e9 ovl\u00e1danie. T\u00e1to jednoduch\u00e1 obsluha rob\u00ed zariadenie ve\u013emi pou\u017e\u00edvate\u013esky priate\u013esk\u00fdm a vhodn\u00fdm pre v\u0161etk\u00fdch vapery.<\/p>\n<h4 data-start=\"2227\" data-end=\"2277\">MTL vapovanie pre autentick\u00fd z\u00e1\u017eitok<\/h4>\n<p class=\"\" data-start=\"2279\" data-end=\"2672\">Zariadenie je optimalizovan\u00e9 pre techniku MTL (Mouth-to-Lung), pri ktorej sa para najsk\u00f4r vdychuje do \u00fast a potom do p\u013e\u00fac. T\u00e1to technika zabezpe\u010duje realistick\u00fd z\u00e1\u017eitok z vapovania, \u010do je atrakt\u00edvne najm\u00e4 pre b\u00fdval\u00fdch faj\u010diarov. Jemn\u00fd pr\u00fad vzduchu a vynikaj\u00faca rozvinutie chuti robia vapovanie s WASPE 12000 potiahnut\u00ed nezabudnute\u013en\u00fdm z\u00e1\u017eitkom.<\/p>\n<h4 data-start=\"2674\" data-end=\"2716\">Kompaktn\u00e9 rozmery a RGB osvetlenie<\/h4>\n<p class=\"\" data-start=\"2718\" data-end=\"3035\">WASPE 12000 potiahnut\u00ed je nielen v\u00fdkonn\u00e9, ale aj kompaktn\u00e9 a \u013eahk\u00e9. S hmotnos\u0165ou iba 82 g a elegantn\u00fdm dizajnom je mo\u017en\u00e9 zariadenie pohodlne nosi\u0165 v\u0161ade. RGB osvetlenie zabezpe\u010duje modern\u00fd, vizu\u00e1lne atrakt\u00edvny z\u00e1\u017eitok z vapovania, ktor\u00fd zariadeniu dod\u00e1va \u0161peci\u00e1lny n\u00e1dych.<\/p>\n<h3>V\u00fdhody WASPE 12000 potiahnut\u00ed<\/h3>\n<ul data-start=\"3077\" data-end=\"3797\">\n<li class=\"\" data-start=\"3077\" data-end=\"3268\">\n<p class=\"\" data-start=\"3079\" data-end=\"3268\">Odoln\u00e1 bat\u00e9ria a ve\u013ek\u00fd po\u010det potiahnut\u00ed<br data-start=\"3125\" data-end=\"3128\" \/>S kapacitou 12000 potiahnut\u00ed pon\u00faka zariadenie mimoriadne dlh\u00fa dobu pou\u017e\u00edvania, \u010do v\u00e1m zabezpe\u010d\u00ed mno\u017estvo vapovac\u00edch chv\u00ed\u013e.<\/p>\n<\/li>\n<li class=\"\" data-start=\"3270\" data-end=\"3475\">\n<p class=\"\" data-start=\"3272\" data-end=\"3475\">Jednoduch\u00e9 ovl\u00e1danie aktiv\u00e1ciou potiahnut\u00edm<br data-start=\"3317\" data-end=\"3320\" \/>Zariadenie nevy\u017eaduje \u017eiadne tla\u010didl\u00e1 \u2013 sta\u010d\u00ed \u0165aha\u0165 za e-cigaretu a u\u017e\u00edva\u0165 si. T\u00e1to funkcia rob\u00ed pou\u017e\u00edvanie mimoriadne jednoduch\u00fdm a pohodln\u00fdm.<\/p>\n<\/li>\n<li class=\"\" data-start=\"3477\" data-end=\"3628\">\n<p class=\"\" data-start=\"3479\" data-end=\"3628\">R\u00fdchle nab\u00edjanie cez Type-C<br data-start=\"3512\" data-end=\"3515\" \/>V\u010faka nab\u00edjaciemu portu Type-C m\u00f4\u017eete zariadenie r\u00fdchlo nabi\u0165 a ma\u0165 ho pripraven\u00e9 na pou\u017eitie kedyko\u013evek.<\/p>\n<\/li>\n<li class=\"\" data-start=\"3630\" data-end=\"3797\">\n<p class=\"\" data-start=\"3632\" data-end=\"3797\">Ovocn\u00fd z\u00e1\u017eitok z chuti<br data-start=\"3665\" data-end=\"3668\" \/>Aromat z jahody, maliny a \u010dere\u0161ne pon\u00faka lahodn\u00fa, ovocn\u00fa chu\u0165, ktor\u00e1 v\u00e1s bude bavi\u0165 cel\u00fd de\u0148.<\/p>\n<\/li>\n<\/ul>\n<p class=\"\" data-start=\"3814\" data-end=\"4315\">Jednorazov\u00e1 e-cigareta WASPE 12000 Puffs pon\u00faka nielen intenz\u00edvny z\u00e1\u017eitok z parenia, ale aj pou\u017e\u00edvate\u013esky pr\u00edvetiv\u00e9 ovl\u00e1danie a vysokokvalitn\u00fa technol\u00f3giu. S jej ovocnou ar\u00f3mou, dlhotrvaj\u00facou kapacitou bat\u00e9rie a technol\u00f3giou mesh-coil je ide\u00e1lnou vo\u013ebou pre parn\u00edkov, ktor\u00ed klad\u00fa d\u00f4raz na kvalitu a jednoduchos\u0165. Ak h\u013ead\u00e1te v\u00fdkonn\u00fa a chu\u0165ovo presved\u010div\u00fa jednorazov\u00fa e-cigaretu, WASPE 12000 Puffs ur\u010dite stoj\u00ed za odpor\u00fa\u010danie.<\/p>","protected":false},"excerpt":{"rendered":"<p>WASPE 12000 Puffs Einweg E-Zigarette: Ein Fruchtiger Genuss f\u00fcr Dampfer Die WASPE 12000 Puffs Einweg E-Zigarette bietet alles, was Dampfer sich w\u00fcnschen: Ein leistungsstarker Akku,&#8230;<\/p>","protected":false},"featured_media":6611,"template":"","meta":[],"etheme_brands":[],"product_brand":[98],"product_cat":[88,49,61],"product_tag":[],"class_list":{"0":"post-6619","1":"product","2":"type-product","3":"status-publish","4":"has-post-thumbnail","6":"product_brand-waspe-vape","7":"product_cat-12k-vape","8":"product_cat-einweg-e-zigarette","9":"product_cat-f","11":"first","12":"instock","13":"shipping-taxable","14":"purchasable","15":"product-type-variable"},"yoast_head":"<!-- This site is optimized with the Yoast SEO plugin v26.5 - https:\/\/yoast.com\/wordpress\/plugins\/seo\/ -->\n<title>Der Saftig-S\u00fc\u00dfe Geschmack Von Strawberry Raspberry Cherry In Jedem Zug WASPE 12000 Puffs | Vapingnet.de<\/title>\n<meta name=\"description\" content=\"Entdecke Der Saftig-S\u00fc\u00dfe Geschmack Von Strawberry Raspberry Cherry In Jedem Zug WASPE 12000 Puffs bei vapingnet.de, \u25ba Gro\u00dfe Auswahl an Geschmacksrichtungen &amp; super g\u00fcnstig!\" \/>\n<meta name=\"robots\" content=\"index, follow, max-snippet:-1, max-image-preview:large, max-video-preview:-1\" \/>\n<link rel=\"canonical\" href=\"https:\/\/vapingnet.de\/sk\/vape\/der-saftig-suesse-geschmack-von-strawberry-raspberry-cherry-in-jedem-zug-waspe-12000-puffs\/\" \/>\n<meta property=\"og:locale\" content=\"sk_SK\" \/>\n<meta property=\"og:type\" content=\"article\" \/>\n<meta property=\"og:title\" content=\"Der Saftig-S\u00fc\u00dfe Geschmack Von Strawberry Raspberry Cherry In Jedem Zug WASPE 12000 Puffs | Vapingnet.de\" \/>\n<meta property=\"og:description\" content=\"Entdecke Der Saftig-S\u00fc\u00dfe Geschmack Von Strawberry Raspberry Cherry In Jedem Zug WASPE 12000 Puffs bei vapingnet.de, \u25ba Gro\u00dfe Auswahl an Geschmacksrichtungen &amp; super g\u00fcnstig!\" \/>\n<meta property=\"og:url\" content=\"https:\/\/vapingnet.de\/sk\/vape\/der-saftig-suesse-geschmack-von-strawberry-raspberry-cherry-in-jedem-zug-waspe-12000-puffs\/\" \/>\n<meta property=\"og:site_name\" content=\"Vapingnet.de\" \/>\n<meta property=\"article:publisher\" content=\"https:\/\/www.facebook.com\/vapingnetde\/\" \/>\n<meta property=\"article:modified_time\" content=\"2026-04-15T09:16:39+00:00\" \/>\n<meta property=\"og:image\" content=\"https:\/\/vapingnet.de\/wp-content\/uploads\/2025\/04\/Strawberry-raspberry-cherry_980.webp\" \/>\n\t<meta property=\"og:image:width\" content=\"1000\" \/>\n\t<meta property=\"og:image:height\" content=\"1000\" \/>\n\t<meta property=\"og:image:type\" content=\"image\/webp\" \/>\n<meta name=\"twitter:card\" content=\"summary_large_image\" \/>\n<meta name=\"twitter:label1\" content=\"Est. reading time\" \/>\n\t<meta name=\"twitter:data1\" content=\"4 minutes\" \/>\n<script type=\"application\/ld+json\" class=\"yoast-schema-graph\">{\"@context\":\"https:\/\/schema.org\",\"@graph\":[{\"@type\":\"WebPage\",\"@id\":\"https:\/\/vapingnet.de\/vape\/der-saftig-suesse-geschmack-von-strawberry-raspberry-cherry-in-jedem-zug-waspe-12000-puffs\/\",\"url\":\"https:\/\/vapingnet.de\/vape\/der-saftig-suesse-geschmack-von-strawberry-raspberry-cherry-in-jedem-zug-waspe-12000-puffs\/\",\"name\":\"Der Saftig-S\u00fc\u00dfe Geschmack Von Strawberry Raspberry Cherry In Jedem Zug WASPE 12000 Puffs | Vapingnet.de\",\"isPartOf\":{\"@id\":\"https:\/\/vapingnet.de\/#website\"},\"primaryImageOfPage\":{\"@id\":\"https:\/\/vapingnet.de\/vape\/der-saftig-suesse-geschmack-von-strawberry-raspberry-cherry-in-jedem-zug-waspe-12000-puffs\/#primaryimage\"},\"image\":{\"@id\":\"https:\/\/vapingnet.de\/vape\/der-saftig-suesse-geschmack-von-strawberry-raspberry-cherry-in-jedem-zug-waspe-12000-puffs\/#primaryimage\"},\"thumbnailUrl\":\"https:\/\/vapingnet.de\/wp-content\/uploads\/2025\/04\/Strawberry-raspberry-cherry_980.webp\",\"datePublished\":\"2025-04-29T02:53:35+00:00\",\"dateModified\":\"2026-04-15T09:16:39+00:00\",\"description\":\"Entdecke Der Saftig-S\u00fc\u00dfe Geschmack Von Strawberry Raspberry Cherry In Jedem Zug WASPE 12000 Puffs bei vapingnet.de, \u25ba Gro\u00dfe Auswahl an Geschmacksrichtungen & super g\u00fcnstig!\",\"breadcrumb\":{\"@id\":\"https:\/\/vapingnet.de\/vape\/der-saftig-suesse-geschmack-von-strawberry-raspberry-cherry-in-jedem-zug-waspe-12000-puffs\/#breadcrumb\"},\"inLanguage\":\"sk-SK\",\"potentialAction\":[{\"@type\":\"ReadAction\",\"target\":[\"https:\/\/vapingnet.de\/vape\/der-saftig-suesse-geschmack-von-strawberry-raspberry-cherry-in-jedem-zug-waspe-12000-puffs\/\"]}]},{\"@type\":\"ImageObject\",\"inLanguage\":\"sk-SK\",\"@id\":\"https:\/\/vapingnet.de\/vape\/der-saftig-suesse-geschmack-von-strawberry-raspberry-cherry-in-jedem-zug-waspe-12000-puffs\/#primaryimage\",\"url\":\"https:\/\/vapingnet.de\/wp-content\/uploads\/2025\/04\/Strawberry-raspberry-cherry_980.webp\",\"contentUrl\":\"https:\/\/vapingnet.de\/wp-content\/uploads\/2025\/04\/Strawberry-raspberry-cherry_980.webp\",\"width\":1000,\"height\":1000},{\"@type\":\"BreadcrumbList\",\"@id\":\"https:\/\/vapingnet.de\/vape\/der-saftig-suesse-geschmack-von-strawberry-raspberry-cherry-in-jedem-zug-waspe-12000-puffs\/#breadcrumb\",\"itemListElement\":[{\"@type\":\"ListItem\",\"position\":1,\"name\":\"Home\",\"item\":\"https:\/\/vapingnet.de\/\"},{\"@type\":\"ListItem\",\"position\":2,\"name\":\"Shop\",\"item\":\"https:\/\/vapingnet.de\/vape\/\"},{\"@type\":\"ListItem\",\"position\":3,\"name\":\"Der Saftig-S\u00fc\u00dfe Geschmack Von Strawberry Raspberry Cherry In Jedem Zug WASPE 12000 Puffs\"}]},{\"@type\":\"WebSite\",\"@id\":\"https:\/\/vapingnet.de\/#website\",\"url\":\"https:\/\/vapingnet.de\/\",\"name\":\"Vapingnet.de\",\"description\":\"\",\"publisher\":{\"@id\":\"https:\/\/vapingnet.de\/#organization\"},\"potentialAction\":[{\"@type\":\"SearchAction\",\"target\":{\"@type\":\"EntryPoint\",\"urlTemplate\":\"https:\/\/vapingnet.de\/?s={search_term_string}\"},\"query-input\":{\"@type\":\"PropertyValueSpecification\",\"valueRequired\":true,\"valueName\":\"search_term_string\"}}],\"inLanguage\":\"sk-SK\"},{\"@type\":\"Organization\",\"@id\":\"https:\/\/vapingnet.de\/#organization\",\"name\":\"Vapingnet.de\",\"url\":\"https:\/\/vapingnet.de\/\",\"logo\":{\"@type\":\"ImageObject\",\"inLanguage\":\"sk-SK\",\"@id\":\"https:\/\/vapingnet.de\/#\/schema\/logo\/image\/\",\"url\":\"https:\/\/vapingnet.de\/wp-content\/uploads\/2025\/03\/cropped-vapingnet.de_.jpg\",\"contentUrl\":\"https:\/\/vapingnet.de\/wp-content\/uploads\/2025\/03\/cropped-vapingnet.de_.jpg\",\"width\":512,\"height\":512,\"caption\":\"Vapingnet.de\"},\"image\":{\"@id\":\"https:\/\/vapingnet.de\/#\/schema\/logo\/image\/\"},\"sameAs\":[\"https:\/\/www.facebook.com\/vapingnetde\/\"]}]}<\/script>\n<!-- \/ Yoast SEO plugin. -->","yoast_head_json":{"title":"Der Saftig-S\u00fc\u00dfe Geschmack Von Strawberry Raspberry Cherry In Jedem Zug WASPE 12000 Puffs | Vapingnet.de","description":"Entdecke Der Saftig-S\u00fc\u00dfe Geschmack Von Strawberry Raspberry Cherry In Jedem Zug WASPE 12000 Puffs bei vapingnet.de, \u25ba Gro\u00dfe Auswahl an Geschmacksrichtungen & super g\u00fcnstig!","robots":{"index":"index","follow":"follow","max-snippet":"max-snippet:-1","max-image-preview":"max-image-preview:large","max-video-preview":"max-video-preview:-1"},"canonical":"https:\/\/vapingnet.de\/sk\/vape\/der-saftig-suesse-geschmack-von-strawberry-raspberry-cherry-in-jedem-zug-waspe-12000-puffs\/","og_locale":"sk_SK","og_type":"article","og_title":"Der Saftig-S\u00fc\u00dfe Geschmack Von Strawberry Raspberry Cherry In Jedem Zug WASPE 12000 Puffs | Vapingnet.de","og_description":"Entdecke Der Saftig-S\u00fc\u00dfe Geschmack Von Strawberry Raspberry Cherry In Jedem Zug WASPE 12000 Puffs bei vapingnet.de, \u25ba Gro\u00dfe Auswahl an Geschmacksrichtungen & super g\u00fcnstig!","og_url":"https:\/\/vapingnet.de\/sk\/vape\/der-saftig-suesse-geschmack-von-strawberry-raspberry-cherry-in-jedem-zug-waspe-12000-puffs\/","og_site_name":"Vapingnet.de","article_publisher":"https:\/\/www.facebook.com\/vapingnetde\/","article_modified_time":"2026-04-15T09:16:39+00:00","og_image":[{"width":1000,"height":1000,"url":"https:\/\/vapingnet.de\/wp-content\/uploads\/2025\/04\/Strawberry-raspberry-cherry_980.webp","type":"image\/webp"}],"twitter_card":"summary_large_image","twitter_misc":{"Est. reading time":"4 minutes"},"schema":{"@context":"https:\/\/schema.org","@graph":[{"@type":"WebPage","@id":"https:\/\/vapingnet.de\/vape\/der-saftig-suesse-geschmack-von-strawberry-raspberry-cherry-in-jedem-zug-waspe-12000-puffs\/","url":"https:\/\/vapingnet.de\/vape\/der-saftig-suesse-geschmack-von-strawberry-raspberry-cherry-in-jedem-zug-waspe-12000-puffs\/","name":"Der Saftig-S\u00fc\u00dfe Geschmack Von Strawberry Raspberry Cherry In Jedem Zug WASPE 12000 Puffs | Vapingnet.de","isPartOf":{"@id":"https:\/\/vapingnet.de\/#website"},"primaryImageOfPage":{"@id":"https:\/\/vapingnet.de\/vape\/der-saftig-suesse-geschmack-von-strawberry-raspberry-cherry-in-jedem-zug-waspe-12000-puffs\/#primaryimage"},"image":{"@id":"https:\/\/vapingnet.de\/vape\/der-saftig-suesse-geschmack-von-strawberry-raspberry-cherry-in-jedem-zug-waspe-12000-puffs\/#primaryimage"},"thumbnailUrl":"https:\/\/vapingnet.de\/wp-content\/uploads\/2025\/04\/Strawberry-raspberry-cherry_980.webp","datePublished":"2025-04-29T02:53:35+00:00","dateModified":"2026-04-15T09:16:39+00:00","description":"Entdecke Der Saftig-S\u00fc\u00dfe Geschmack Von Strawberry Raspberry Cherry In Jedem Zug WASPE 12000 Puffs bei vapingnet.de, \u25ba Gro\u00dfe Auswahl an Geschmacksrichtungen & super g\u00fcnstig!","breadcrumb":{"@id":"https:\/\/vapingnet.de\/vape\/der-saftig-suesse-geschmack-von-strawberry-raspberry-cherry-in-jedem-zug-waspe-12000-puffs\/#breadcrumb"},"inLanguage":"sk-SK","potentialAction":[{"@type":"ReadAction","target":["https:\/\/vapingnet.de\/vape\/der-saftig-suesse-geschmack-von-strawberry-raspberry-cherry-in-jedem-zug-waspe-12000-puffs\/"]}]},{"@type":"ImageObject","inLanguage":"sk-SK","@id":"https:\/\/vapingnet.de\/vape\/der-saftig-suesse-geschmack-von-strawberry-raspberry-cherry-in-jedem-zug-waspe-12000-puffs\/#primaryimage","url":"https:\/\/vapingnet.de\/wp-content\/uploads\/2025\/04\/Strawberry-raspberry-cherry_980.webp","contentUrl":"https:\/\/vapingnet.de\/wp-content\/uploads\/2025\/04\/Strawberry-raspberry-cherry_980.webp","width":1000,"height":1000},{"@type":"BreadcrumbList","@id":"https:\/\/vapingnet.de\/vape\/der-saftig-suesse-geschmack-von-strawberry-raspberry-cherry-in-jedem-zug-waspe-12000-puffs\/#breadcrumb","itemListElement":[{"@type":"ListItem","position":1,"name":"Home","item":"https:\/\/vapingnet.de\/"},{"@type":"ListItem","position":2,"name":"Shop","item":"https:\/\/vapingnet.de\/vape\/"},{"@type":"ListItem","position":3,"name":"Der Saftig-S\u00fc\u00dfe Geschmack Von Strawberry Raspberry Cherry In Jedem Zug WASPE 12000 Puffs"}]},{"@type":"WebSite","@id":"https:\/\/vapingnet.de\/#website","url":"https:\/\/vapingnet.de\/","name":"Vapingnet.de","description":"","publisher":{"@id":"https:\/\/vapingnet.de\/#organization"},"potentialAction":[{"@type":"SearchAction","target":{"@type":"EntryPoint","urlTemplate":"https:\/\/vapingnet.de\/?s={search_term_string}"},"query-input":{"@type":"PropertyValueSpecification","valueRequired":true,"valueName":"search_term_string"}}],"inLanguage":"sk-SK"},{"@type":"Organization","@id":"https:\/\/vapingnet.de\/#organization","name":"Vapingnet.de","url":"https:\/\/vapingnet.de\/","logo":{"@type":"ImageObject","inLanguage":"sk-SK","@id":"https:\/\/vapingnet.de\/#\/schema\/logo\/image\/","url":"https:\/\/vapingnet.de\/wp-content\/uploads\/2025\/03\/cropped-vapingnet.de_.jpg","contentUrl":"https:\/\/vapingnet.de\/wp-content\/uploads\/2025\/03\/cropped-vapingnet.de_.jpg","width":512,"height":512,"caption":"Vapingnet.de"},"image":{"@id":"https:\/\/vapingnet.de\/#\/schema\/logo\/image\/"},"sameAs":["https:\/\/www.facebook.com\/vapingnetde\/"]}]}},"tiered_pricing_type":"fixed","tiered_pricing_fixed_rules":[],"tiered_pricing_product_settings":{"layout":"default","base_unit_name":{"singular":null,"plural":null},"default_variation":null},"tiered_pricing_minimum_quantity":null,"tiered_pricing_roles_data":[],"tiered_pricing_percentage_rules":[],"_links":{"self":[{"href":"https:\/\/vapingnet.de\/sk\/wp-json\/wp\/v2\/product\/6619","targetHints":{"allow":["GET"]}}],"collection":[{"href":"https:\/\/vapingnet.de\/sk\/wp-json\/wp\/v2\/product"}],"about":[{"href":"https:\/\/vapingnet.de\/sk\/wp-json\/wp\/v2\/types\/product"}],"version-history":[{"count":1,"href":"https:\/\/vapingnet.de\/sk\/wp-json\/wp\/v2\/product\/6619\/revisions"}],"predecessor-version":[{"id":6623,"href":"https:\/\/vapingnet.de\/sk\/wp-json\/wp\/v2\/product\/6619\/revisions\/6623"}],"wp:featuredmedia":[{"embeddable":true,"href":"https:\/\/vapingnet.de\/sk\/wp-json\/wp\/v2\/media\/6611"}],"wp:attachment":[{"href":"https:\/\/vapingnet.de\/sk\/wp-json\/wp\/v2\/media?parent=6619"}],"wp:term":[{"taxonomy":"brand","embeddable":true,"href":"https:\/\/vapingnet.de\/sk\/wp-json\/wp\/v2\/etheme_brands?post=6619"},{"taxonomy":"product_brand","embeddable":true,"href":"https:\/\/vapingnet.de\/sk\/wp-json\/wp\/v2\/product_brand?post=6619"},{"taxonomy":"product_cat","embeddable":true,"href":"https:\/\/vapingnet.de\/sk\/wp-json\/wp\/v2\/product_cat?post=6619"},{"taxonomy":"product_tag","embeddable":true,"href":"https:\/\/vapingnet.de\/sk\/wp-json\/wp\/v2\/product_tag?post=6619"}],"curies":[{"name":"wp","href":"https:\/\/api.w.org\/{rel}","templated":true}]}}