{"id":6636,"date":"2025-04-29T06:04:33","date_gmt":"2025-04-29T06:04:33","guid":{"rendered":"https:\/\/vapingnet.de\/?post_type=product&#038;p=6636"},"modified":"2026-04-15T09:15:42","modified_gmt":"2026-04-15T09:15:42","slug":"geniessen-sie-cool-mint-in-jedem-zug-waspe-12000-puffs-die-frische-wahl-ohne-zollgebuehren","status":"publish","type":"product","link":"https:\/\/vapingnet.de\/sk\/vape\/geniessen-sie-cool-mint-in-jedem-zug-waspe-12000-puffs-die-frische-wahl-ohne-zollgebuehren\/","title":{"rendered":"U\u017eite si Cool Mint pri ka\u017edom \u0165ahu WASPE 12000 puffov, \u010derstv\u00e1 vo\u013eba bez coln\u00fdch poplatkov"},"content":{"rendered":"<h2 data-start=\"72\" data-end=\"140\" data-immersive-translate-walked=\"d5c9712f-9cd7-4109-a216-533aa97bb721\">WASPE 12000 Puffs: Technick\u00e1 dokonalos\u0165 a \u0161t\u00fdl v jednom zariaden\u00ed<\/h2>\n<p class=\"\" data-start=\"167\" data-end=\"497\" data-immersive-translate-walked=\"d5c9712f-9cd7-4109-a216-533aa97bb721\" data-immersive-translate-paragraph=\"1\">WASPE 12000 Puffs je modern\u00e1 jednorazov\u00e1 e-cigareta, navrhnut\u00e1 pre vapery, ktor\u00ed klad\u00fa d\u00f4raz na vysok\u00fa kapacitu, pohodlie a \u0161t\u00fdlov\u00fd dizajn. Vybaven\u00e1 ve\u013ek\u00fdm 20 ml z\u00e1sobn\u00edkom na e-liquid a p\u00f4sobiv\u00fdm v\u00fdkonom 12000 \u0165ahov, sp\u013a\u0148a najvy\u0161\u0161ie n\u00e1roky na v\u00fddr\u017e a kvalitu.<\/p>\n<p class=\"\" data-start=\"543\" data-end=\"1015\" data-immersive-translate-walked=\"d5c9712f-9cd7-4109-a216-533aa97bb721\" data-immersive-translate-paragraph=\"1\">S mo\u017enos\u0165ami v\u00fdberu medzi 0%, 2%, 3% a 5% nikot\u00ednu sa WASPE obracia na \u0161irok\u00e9 publikum, od pr\u00edle\u017eitostn\u00fdch vapera a\u017e po sk\u00fasen\u00fdch pou\u017e\u00edvate\u013eov. Chu\u0165 Cool Mint pon\u00faka intenz\u00edvny, chladiv\u00fd mentolov\u00fd z\u00e1\u017eitok, ktor\u00fd pri ka\u017edom \u0165ahu zabezpe\u010duje svie\u017eos\u0165 a osvie\u017euj\u00facu jasnos\u0165. Obzvl\u00e1\u0161\u0165 v spojen\u00ed s presnou reprodukciou chuti technol\u00f3gie Mesh-Coil vynik\u00e1 svie\u017eos\u0165 Cool Mint.<\/p>\n<h3 data-start=\"1017\" data-end=\"1042\">Technick\u00e9 \u0161pecifik\u00e1cie<\/h3>\n<ul data-start=\"1044\" data-end=\"1405\">\n<li class=\"\" data-start=\"1044\" data-end=\"1118\">\n<p class=\"\" data-start=\"1046\" data-end=\"1118\" data-immersive-translate-walked=\"d5c9712f-9cd7-4109-a216-533aa97bb721\" data-immersive-translate-paragraph=\"1\">Kapacita bat\u00e9rie: 650mAh, dob\u00edjate\u013en\u00e1 cez Type-C konektor<\/p>\n<\/li>\n<li class=\"\" data-start=\"1119\" data-end=\"1189\">\n<p class=\"\" data-start=\"1121\" data-end=\"1189\" data-immersive-translate-walked=\"d5c9712f-9cd7-4109-a216-533aa97bb721\" data-immersive-translate-paragraph=\"1\">Technol\u00f3gia cievky: 0,8\u03a9 Mesh cievka pre hust\u00fd, aromatick\u00fd dym<\/p>\n<\/li>\n<li class=\"\" data-start=\"1190\" data-end=\"1231\">\n<p class=\"\" data-start=\"1192\" data-end=\"1231\" data-immersive-translate-walked=\"d5c9712f-9cd7-4109-a216-533aa97bb721\" data-immersive-translate-paragraph=\"1\">Odpor ohybu: 1,0\u03a9 Mesh jadro<\/p>\n<\/li>\n<li class=\"\" data-start=\"1232\" data-end=\"1299\">\n<p class=\"\" data-start=\"1234\" data-end=\"1299\" data-immersive-translate-walked=\"d5c9712f-9cd7-4109-a216-533aa97bb721\" data-immersive-translate-paragraph=\"1\">Aktiv\u00e1cia: Automatick\u00e1 aktiv\u00e1cia \u0165ahom bez tla\u010didla<\/p>\n<\/li>\n<li class=\"\" data-start=\"1300\" data-end=\"1328\">\n<p class=\"\" data-start=\"1302\" data-end=\"1328\" data-immersive-translate-walked=\"d5c9712f-9cd7-4109-a216-533aa97bb721\" data-immersive-translate-paragraph=\"1\">Hmotnos\u0165: 82g na kus<\/p>\n<\/li>\n<li class=\"\" data-start=\"1329\" data-end=\"1405\">\n<p class=\"\" data-start=\"1331\" data-end=\"1405\" data-immersive-translate-walked=\"d5c9712f-9cd7-4109-a216-533aa97bb721\" data-immersive-translate-paragraph=\"1\">Dizajn: RGB sveteln\u00fd dizajn pre modern\u00fd, n\u00e1padn\u00fd vzh\u013ead<\/p>\n<\/li>\n<\/ul>\n<h4 data-start=\"1407\" data-end=\"1427\" data-immersive-translate-walked=\"d5c9712f-9cd7-4109-a216-533aa97bb721\">Pou\u017e\u00edvate\u013esk\u00fd z\u00e1\u017eitok<\/h4>\n<p class=\"\" data-start=\"1429\" data-end=\"1849\" data-immersive-translate-walked=\"d5c9712f-9cd7-4109-a216-533aa97bb721\" data-immersive-translate-paragraph=\"1\">Ovl\u00e1danie WASPE 12000 Puffs je intuit\u00edvne: v\u010faka technol\u00f3gii aktiv\u00e1cie \u0165ahom nie je potrebn\u00e9 \u017eiadne tla\u010didlo. Sta\u010d\u00ed \u0165aha\u0165 a okam\u017eite si vychutna\u0165. Jemn\u00fd odpor pri vdychovan\u00ed poskytuje autentick\u00fd MTL z\u00e1\u017eitok (mouth-to-lung), podobn\u00fd ako pri klasickom faj\u010den\u00ed. Ergonomick\u00e9 puzdro sa pohodlne dr\u017e\u00ed v ruke a podporuje relaxa\u010dn\u00e9 vapovanie po\u010das cel\u00e9ho d\u0148a.<\/p>\n<h4 data-start=\"1851\" data-end=\"1886\" data-immersive-translate-walked=\"d5c9712f-9cd7-4109-a216-533aa97bb721\">Kvalita materi\u00e1lu a manipul\u00e1cia<\/h4>\n<p class=\"\" data-start=\"1888\" data-end=\"2157\" data-immersive-translate-walked=\"d5c9712f-9cd7-4109-a216-533aa97bb721\" data-immersive-translate-paragraph=\"1\">Puzdro WASPE 12000 Puffs je vyroben\u00e9 z kvalitn\u00fdch materi\u00e1lov, ktor\u00e9 sp\u00e1jaj\u00fa odolnos\u0165 a pr\u00edjemn\u00fd pocit v ruke. Inteligentn\u00fd RGB dizajn zabezpe\u010duje nielen vizu\u00e1lne vylep\u0161enie, ale aj decentn\u00e9 osvetlenie po\u010das vapovania.<\/p>\n<h4 data-start=\"2159\" data-end=\"2181\" data-immersive-translate-walked=\"d5c9712f-9cd7-4109-a216-533aa97bb721\">\u0160peci\u00e1lne v\u00fdhody<\/h4>\n<p class=\"\" data-start=\"2183\" data-end=\"2395\" data-immersive-translate-walked=\"d5c9712f-9cd7-4109-a216-533aa97bb721\" data-immersive-translate-paragraph=\"1\">Doru\u010denie WASPE 12000 Puffs prebieha do 7-15 pracovn\u00fdch dn\u00ed. Navy\u0161e, kupuj\u00faci profituj\u00fa z toho, \u017ee neplatia \u017eiadne dodato\u010dn\u00e9 cl\u00e1, \u010do rob\u00ed objedn\u00e1vku ve\u013emi atrakt\u00edvnou.<\/p>\n<h4 data-start=\"2397\" data-end=\"2430\" data-immersive-translate-walked=\"d5c9712f-9cd7-4109-a216-533aa97bb721\">Za\u010dlenenie do produktov\u00e9ho sveta<\/h4>\n<p class=\"\" data-start=\"2432\" data-end=\"2853\" data-immersive-translate-walked=\"d5c9712f-9cd7-4109-a216-533aa97bb721\">WASPE 12000 Puffs patr\u00ed k novej gener\u00e1cii TPE sex doll, prep\u00e1\u010dte, spr\u00e1vne: TPE jednorazov\u00fdch e-cigariet (\u017eiadne b\u00e1biky), ktor\u00e9 sp\u00e1jaj\u00fa technick\u00e9 inov\u00e1cie a pou\u017e\u00edvate\u013esk\u00fa priate\u013eskos\u0165. Stoj\u00ed v rovnakej lige s modern\u00fdmi pojmami ako realistic sex doll a sex robot \u2013 v tomto pr\u00edpade prenesen\u00e9 do oblasti vapovania: dokonal\u00e9, realistick\u00e9 vapovacie z\u00e1\u017eitky bez kompromisov.<\/p>","protected":false},"excerpt":{"rendered":"<p>WASPE 12000 Puffs: Technische Perfektion und Stil in einem Ger\u00e4t Die WASPE 12000 Puffs ist eine moderne Disposable E-Cigarette, entwickelt f\u00fcr Dampfer, die Wert auf&#8230;<\/p>","protected":false},"featured_media":6602,"template":"","meta":[],"etheme_brands":[],"product_brand":[98],"product_cat":[88,49,61],"product_tag":[],"class_list":{"0":"post-6636","1":"product","2":"type-product","3":"status-publish","4":"has-post-thumbnail","6":"product_brand-waspe-vape","7":"product_cat-12k-vape","8":"product_cat-einweg-e-zigarette","9":"product_cat-f","11":"first","12":"instock","13":"shipping-taxable","14":"purchasable","15":"product-type-variable"},"yoast_head":"<!-- This site is optimized with the Yoast SEO plugin v26.5 - https:\/\/yoast.com\/wordpress\/plugins\/seo\/ -->\n<title>Genie\u00dfen Sie Cool Mint In Jedem Zug WASPE 12000 Puffs Die Frische Wahl Ohne Zollgeb\u00fchren | Vapingnet.de<\/title>\n<meta name=\"description\" content=\"Entdecke Genie\u00dfen Sie Cool Mint In Jedem Zug WASPE 12000 Puffs Die Frische Wahl Ohne Zollgeb\u00fchren bei vapingnet.de, \u25ba Gro\u00dfe Auswahl an Geschmacksrichtungen &amp; super g\u00fcnstig!\" \/>\n<meta name=\"robots\" content=\"index, follow, max-snippet:-1, max-image-preview:large, max-video-preview:-1\" \/>\n<link rel=\"canonical\" href=\"https:\/\/vapingnet.de\/sk\/vape\/geniessen-sie-cool-mint-in-jedem-zug-waspe-12000-puffs-die-frische-wahl-ohne-zollgebuehren\/\" \/>\n<meta property=\"og:locale\" content=\"sk_SK\" \/>\n<meta property=\"og:type\" content=\"article\" \/>\n<meta property=\"og:title\" content=\"Genie\u00dfen Sie Cool Mint In Jedem Zug WASPE 12000 Puffs Die Frische Wahl Ohne Zollgeb\u00fchren | Vapingnet.de\" \/>\n<meta property=\"og:description\" content=\"Entdecke Genie\u00dfen Sie Cool Mint In Jedem Zug WASPE 12000 Puffs Die Frische Wahl Ohne Zollgeb\u00fchren bei vapingnet.de, \u25ba Gro\u00dfe Auswahl an Geschmacksrichtungen &amp; super g\u00fcnstig!\" \/>\n<meta property=\"og:url\" content=\"https:\/\/vapingnet.de\/sk\/vape\/geniessen-sie-cool-mint-in-jedem-zug-waspe-12000-puffs-die-frische-wahl-ohne-zollgebuehren\/\" \/>\n<meta property=\"og:site_name\" content=\"Vapingnet.de\" \/>\n<meta property=\"article:publisher\" content=\"https:\/\/www.facebook.com\/vapingnetde\/\" \/>\n<meta property=\"article:modified_time\" content=\"2026-04-15T09:15:42+00:00\" \/>\n<meta property=\"og:image\" content=\"https:\/\/vapingnet.de\/wp-content\/uploads\/2025\/04\/Cool-Mint.webp\" \/>\n\t<meta property=\"og:image:width\" content=\"1000\" \/>\n\t<meta property=\"og:image:height\" content=\"1000\" \/>\n\t<meta property=\"og:image:type\" content=\"image\/webp\" \/>\n<meta name=\"twitter:card\" content=\"summary_large_image\" \/>\n<meta name=\"twitter:label1\" content=\"Est. reading time\" \/>\n\t<meta name=\"twitter:data1\" content=\"3 minutes\" \/>\n<script type=\"application\/ld+json\" class=\"yoast-schema-graph\">{\"@context\":\"https:\/\/schema.org\",\"@graph\":[{\"@type\":\"WebPage\",\"@id\":\"https:\/\/vapingnet.de\/vape\/geniessen-sie-cool-mint-in-jedem-zug-waspe-12000-puffs-die-frische-wahl-ohne-zollgebuehren\/\",\"url\":\"https:\/\/vapingnet.de\/vape\/geniessen-sie-cool-mint-in-jedem-zug-waspe-12000-puffs-die-frische-wahl-ohne-zollgebuehren\/\",\"name\":\"Genie\u00dfen Sie Cool Mint In Jedem Zug WASPE 12000 Puffs Die Frische Wahl Ohne Zollgeb\u00fchren | Vapingnet.de\",\"isPartOf\":{\"@id\":\"https:\/\/vapingnet.de\/#website\"},\"primaryImageOfPage\":{\"@id\":\"https:\/\/vapingnet.de\/vape\/geniessen-sie-cool-mint-in-jedem-zug-waspe-12000-puffs-die-frische-wahl-ohne-zollgebuehren\/#primaryimage\"},\"image\":{\"@id\":\"https:\/\/vapingnet.de\/vape\/geniessen-sie-cool-mint-in-jedem-zug-waspe-12000-puffs-die-frische-wahl-ohne-zollgebuehren\/#primaryimage\"},\"thumbnailUrl\":\"https:\/\/vapingnet.de\/wp-content\/uploads\/2025\/04\/Cool-Mint.webp\",\"datePublished\":\"2025-04-29T06:04:33+00:00\",\"dateModified\":\"2026-04-15T09:15:42+00:00\",\"description\":\"Entdecke Genie\u00dfen Sie Cool Mint In Jedem Zug WASPE 12000 Puffs Die Frische Wahl Ohne Zollgeb\u00fchren bei vapingnet.de, \u25ba Gro\u00dfe Auswahl an Geschmacksrichtungen & super g\u00fcnstig!\",\"breadcrumb\":{\"@id\":\"https:\/\/vapingnet.de\/vape\/geniessen-sie-cool-mint-in-jedem-zug-waspe-12000-puffs-die-frische-wahl-ohne-zollgebuehren\/#breadcrumb\"},\"inLanguage\":\"sk-SK\",\"potentialAction\":[{\"@type\":\"ReadAction\",\"target\":[\"https:\/\/vapingnet.de\/vape\/geniessen-sie-cool-mint-in-jedem-zug-waspe-12000-puffs-die-frische-wahl-ohne-zollgebuehren\/\"]}]},{\"@type\":\"ImageObject\",\"inLanguage\":\"sk-SK\",\"@id\":\"https:\/\/vapingnet.de\/vape\/geniessen-sie-cool-mint-in-jedem-zug-waspe-12000-puffs-die-frische-wahl-ohne-zollgebuehren\/#primaryimage\",\"url\":\"https:\/\/vapingnet.de\/wp-content\/uploads\/2025\/04\/Cool-Mint.webp\",\"contentUrl\":\"https:\/\/vapingnet.de\/wp-content\/uploads\/2025\/04\/Cool-Mint.webp\",\"width\":1000,\"height\":1000},{\"@type\":\"BreadcrumbList\",\"@id\":\"https:\/\/vapingnet.de\/vape\/geniessen-sie-cool-mint-in-jedem-zug-waspe-12000-puffs-die-frische-wahl-ohne-zollgebuehren\/#breadcrumb\",\"itemListElement\":[{\"@type\":\"ListItem\",\"position\":1,\"name\":\"Home\",\"item\":\"https:\/\/vapingnet.de\/\"},{\"@type\":\"ListItem\",\"position\":2,\"name\":\"Shop\",\"item\":\"https:\/\/vapingnet.de\/vape\/\"},{\"@type\":\"ListItem\",\"position\":3,\"name\":\"Genie\u00dfen Sie Cool Mint In Jedem Zug WASPE 12000 Puffs Die Frische Wahl Ohne Zollgeb\u00fchren\"}]},{\"@type\":\"WebSite\",\"@id\":\"https:\/\/vapingnet.de\/#website\",\"url\":\"https:\/\/vapingnet.de\/\",\"name\":\"Vapingnet.de\",\"description\":\"\",\"publisher\":{\"@id\":\"https:\/\/vapingnet.de\/#organization\"},\"potentialAction\":[{\"@type\":\"SearchAction\",\"target\":{\"@type\":\"EntryPoint\",\"urlTemplate\":\"https:\/\/vapingnet.de\/?s={search_term_string}\"},\"query-input\":{\"@type\":\"PropertyValueSpecification\",\"valueRequired\":true,\"valueName\":\"search_term_string\"}}],\"inLanguage\":\"sk-SK\"},{\"@type\":\"Organization\",\"@id\":\"https:\/\/vapingnet.de\/#organization\",\"name\":\"Vapingnet.de\",\"url\":\"https:\/\/vapingnet.de\/\",\"logo\":{\"@type\":\"ImageObject\",\"inLanguage\":\"sk-SK\",\"@id\":\"https:\/\/vapingnet.de\/#\/schema\/logo\/image\/\",\"url\":\"https:\/\/vapingnet.de\/wp-content\/uploads\/2025\/03\/cropped-vapingnet.de_.jpg\",\"contentUrl\":\"https:\/\/vapingnet.de\/wp-content\/uploads\/2025\/03\/cropped-vapingnet.de_.jpg\",\"width\":512,\"height\":512,\"caption\":\"Vapingnet.de\"},\"image\":{\"@id\":\"https:\/\/vapingnet.de\/#\/schema\/logo\/image\/\"},\"sameAs\":[\"https:\/\/www.facebook.com\/vapingnetde\/\"]}]}<\/script>\n<!-- \/ Yoast SEO plugin. -->","yoast_head_json":{"title":"Genie\u00dfen Sie Cool Mint In Jedem Zug WASPE 12000 Puffs Die Frische Wahl Ohne Zollgeb\u00fchren | Vapingnet.de","description":"Entdecke Genie\u00dfen Sie Cool Mint In Jedem Zug WASPE 12000 Puffs Die Frische Wahl Ohne Zollgeb\u00fchren bei vapingnet.de, \u25ba Gro\u00dfe Auswahl an Geschmacksrichtungen & super g\u00fcnstig!","robots":{"index":"index","follow":"follow","max-snippet":"max-snippet:-1","max-image-preview":"max-image-preview:large","max-video-preview":"max-video-preview:-1"},"canonical":"https:\/\/vapingnet.de\/sk\/vape\/geniessen-sie-cool-mint-in-jedem-zug-waspe-12000-puffs-die-frische-wahl-ohne-zollgebuehren\/","og_locale":"sk_SK","og_type":"article","og_title":"Genie\u00dfen Sie Cool Mint In Jedem Zug WASPE 12000 Puffs Die Frische Wahl Ohne Zollgeb\u00fchren | Vapingnet.de","og_description":"Entdecke Genie\u00dfen Sie Cool Mint In Jedem Zug WASPE 12000 Puffs Die Frische Wahl Ohne Zollgeb\u00fchren bei vapingnet.de, \u25ba Gro\u00dfe Auswahl an Geschmacksrichtungen & super g\u00fcnstig!","og_url":"https:\/\/vapingnet.de\/sk\/vape\/geniessen-sie-cool-mint-in-jedem-zug-waspe-12000-puffs-die-frische-wahl-ohne-zollgebuehren\/","og_site_name":"Vapingnet.de","article_publisher":"https:\/\/www.facebook.com\/vapingnetde\/","article_modified_time":"2026-04-15T09:15:42+00:00","og_image":[{"width":1000,"height":1000,"url":"https:\/\/vapingnet.de\/wp-content\/uploads\/2025\/04\/Cool-Mint.webp","type":"image\/webp"}],"twitter_card":"summary_large_image","twitter_misc":{"Est. reading time":"3 minutes"},"schema":{"@context":"https:\/\/schema.org","@graph":[{"@type":"WebPage","@id":"https:\/\/vapingnet.de\/vape\/geniessen-sie-cool-mint-in-jedem-zug-waspe-12000-puffs-die-frische-wahl-ohne-zollgebuehren\/","url":"https:\/\/vapingnet.de\/vape\/geniessen-sie-cool-mint-in-jedem-zug-waspe-12000-puffs-die-frische-wahl-ohne-zollgebuehren\/","name":"Genie\u00dfen Sie Cool Mint In Jedem Zug WASPE 12000 Puffs Die Frische Wahl Ohne Zollgeb\u00fchren | Vapingnet.de","isPartOf":{"@id":"https:\/\/vapingnet.de\/#website"},"primaryImageOfPage":{"@id":"https:\/\/vapingnet.de\/vape\/geniessen-sie-cool-mint-in-jedem-zug-waspe-12000-puffs-die-frische-wahl-ohne-zollgebuehren\/#primaryimage"},"image":{"@id":"https:\/\/vapingnet.de\/vape\/geniessen-sie-cool-mint-in-jedem-zug-waspe-12000-puffs-die-frische-wahl-ohne-zollgebuehren\/#primaryimage"},"thumbnailUrl":"https:\/\/vapingnet.de\/wp-content\/uploads\/2025\/04\/Cool-Mint.webp","datePublished":"2025-04-29T06:04:33+00:00","dateModified":"2026-04-15T09:15:42+00:00","description":"Entdecke Genie\u00dfen Sie Cool Mint In Jedem Zug WASPE 12000 Puffs Die Frische Wahl Ohne Zollgeb\u00fchren bei vapingnet.de, \u25ba Gro\u00dfe Auswahl an Geschmacksrichtungen & super g\u00fcnstig!","breadcrumb":{"@id":"https:\/\/vapingnet.de\/vape\/geniessen-sie-cool-mint-in-jedem-zug-waspe-12000-puffs-die-frische-wahl-ohne-zollgebuehren\/#breadcrumb"},"inLanguage":"sk-SK","potentialAction":[{"@type":"ReadAction","target":["https:\/\/vapingnet.de\/vape\/geniessen-sie-cool-mint-in-jedem-zug-waspe-12000-puffs-die-frische-wahl-ohne-zollgebuehren\/"]}]},{"@type":"ImageObject","inLanguage":"sk-SK","@id":"https:\/\/vapingnet.de\/vape\/geniessen-sie-cool-mint-in-jedem-zug-waspe-12000-puffs-die-frische-wahl-ohne-zollgebuehren\/#primaryimage","url":"https:\/\/vapingnet.de\/wp-content\/uploads\/2025\/04\/Cool-Mint.webp","contentUrl":"https:\/\/vapingnet.de\/wp-content\/uploads\/2025\/04\/Cool-Mint.webp","width":1000,"height":1000},{"@type":"BreadcrumbList","@id":"https:\/\/vapingnet.de\/vape\/geniessen-sie-cool-mint-in-jedem-zug-waspe-12000-puffs-die-frische-wahl-ohne-zollgebuehren\/#breadcrumb","itemListElement":[{"@type":"ListItem","position":1,"name":"Home","item":"https:\/\/vapingnet.de\/"},{"@type":"ListItem","position":2,"name":"Shop","item":"https:\/\/vapingnet.de\/vape\/"},{"@type":"ListItem","position":3,"name":"Genie\u00dfen Sie Cool Mint In Jedem Zug WASPE 12000 Puffs Die Frische Wahl Ohne Zollgeb\u00fchren"}]},{"@type":"WebSite","@id":"https:\/\/vapingnet.de\/#website","url":"https:\/\/vapingnet.de\/","name":"Vapingnet.de","description":"","publisher":{"@id":"https:\/\/vapingnet.de\/#organization"},"potentialAction":[{"@type":"SearchAction","target":{"@type":"EntryPoint","urlTemplate":"https:\/\/vapingnet.de\/?s={search_term_string}"},"query-input":{"@type":"PropertyValueSpecification","valueRequired":true,"valueName":"search_term_string"}}],"inLanguage":"sk-SK"},{"@type":"Organization","@id":"https:\/\/vapingnet.de\/#organization","name":"Vapingnet.de","url":"https:\/\/vapingnet.de\/","logo":{"@type":"ImageObject","inLanguage":"sk-SK","@id":"https:\/\/vapingnet.de\/#\/schema\/logo\/image\/","url":"https:\/\/vapingnet.de\/wp-content\/uploads\/2025\/03\/cropped-vapingnet.de_.jpg","contentUrl":"https:\/\/vapingnet.de\/wp-content\/uploads\/2025\/03\/cropped-vapingnet.de_.jpg","width":512,"height":512,"caption":"Vapingnet.de"},"image":{"@id":"https:\/\/vapingnet.de\/#\/schema\/logo\/image\/"},"sameAs":["https:\/\/www.facebook.com\/vapingnetde\/"]}]}},"tiered_pricing_type":"fixed","tiered_pricing_fixed_rules":[],"tiered_pricing_product_settings":{"layout":"default","base_unit_name":{"singular":null,"plural":null},"default_variation":null},"tiered_pricing_minimum_quantity":null,"tiered_pricing_roles_data":[],"tiered_pricing_percentage_rules":[],"_links":{"self":[{"href":"https:\/\/vapingnet.de\/sk\/wp-json\/wp\/v2\/product\/6636","targetHints":{"allow":["GET"]}}],"collection":[{"href":"https:\/\/vapingnet.de\/sk\/wp-json\/wp\/v2\/product"}],"about":[{"href":"https:\/\/vapingnet.de\/sk\/wp-json\/wp\/v2\/types\/product"}],"version-history":[{"count":3,"href":"https:\/\/vapingnet.de\/sk\/wp-json\/wp\/v2\/product\/6636\/revisions"}],"predecessor-version":[{"id":6645,"href":"https:\/\/vapingnet.de\/sk\/wp-json\/wp\/v2\/product\/6636\/revisions\/6645"}],"wp:featuredmedia":[{"embeddable":true,"href":"https:\/\/vapingnet.de\/sk\/wp-json\/wp\/v2\/media\/6602"}],"wp:attachment":[{"href":"https:\/\/vapingnet.de\/sk\/wp-json\/wp\/v2\/media?parent=6636"}],"wp:term":[{"taxonomy":"brand","embeddable":true,"href":"https:\/\/vapingnet.de\/sk\/wp-json\/wp\/v2\/etheme_brands?post=6636"},{"taxonomy":"product_brand","embeddable":true,"href":"https:\/\/vapingnet.de\/sk\/wp-json\/wp\/v2\/product_brand?post=6636"},{"taxonomy":"product_cat","embeddable":true,"href":"https:\/\/vapingnet.de\/sk\/wp-json\/wp\/v2\/product_cat?post=6636"},{"taxonomy":"product_tag","embeddable":true,"href":"https:\/\/vapingnet.de\/sk\/wp-json\/wp\/v2\/product_tag?post=6636"}],"curies":[{"name":"wp","href":"https:\/\/api.w.org\/{rel}","templated":true}]}}