{"id":6638,"date":"2025-04-29T06:29:09","date_gmt":"2025-04-29T06:29:09","guid":{"rendered":"https:\/\/vapingnet.de\/?post_type=product&#038;p=6638"},"modified":"2026-04-15T09:14:30","modified_gmt":"2026-04-15T09:14:30","slug":"geniessen-sie-grape-ice-in-waspe-12000-puffs-der-beste-geschmack-weltweit-beliebt","status":"publish","type":"product","link":"https:\/\/vapingnet.de\/sk\/vape\/geniessen-sie-grape-ice-in-waspe-12000-puffs-der-beste-geschmack-weltweit-beliebt\/","title":{"rendered":"U\u017eite si Grape Ice v WASPE 12000 Puffs Najlep\u0161ia chu\u0165 na svete Ob\u013e\u00faben\u00e1"},"content":{"rendered":"<h2 data-start=\"121\" data-end=\"186\">WASPE 12000 potiahnut\u00ed: Maxim\u00e1lny z\u00e1\u017eitok z vapovania v kompaktnom form\u00e1te<\/h2>\n<p class=\"\" data-start=\"239\" data-end=\"497\" data-immersive-translate-walked=\"1b67dc7c-c80b-4db4-a221-269969f5dd0f\" data-immersive-translate-paragraph=\"1\">Jednorazov\u00fd vaporiz\u00e9r WASPE 12000 potiahnut\u00ed v\u00e1s presved\u010d\u00ed svojou obrovskou kapacitou 12000 \u0165ahov a ve\u013ek\u00fdm 20 ml z\u00e1sobn\u00edkom e-liquidu. \u010ci u\u017e ste na cest\u00e1ch alebo doma \u2013 tento model pon\u00faka vytrval\u00fd z\u00e1\u017eitok z vapovania, \u00faplne bez dop\u013a\u0148ania alebo v\u00fdmeny.<\/p>\n<p class=\"\" data-start=\"499\" data-end=\"713\" data-immersive-translate-walked=\"1b67dc7c-c80b-4db4-a221-269969f5dd0f\" data-immersive-translate-paragraph=\"1\">Integrovan\u00e1 bat\u00e9ria s kapacitou 650 mAh zabezpe\u010duje spo\u013eahliv\u00fa energiu a v\u010faka USB-C portu sa d\u00e1 r\u00fdchlo nabi\u0165. Aktiv\u00e1cia \u0165ahom rob\u00ed vapovanie obzvl\u00e1\u0161\u0165 jednoduch\u00fdm a pohodln\u00fdm.<\/p>\n<h3 data-start=\"715\" data-end=\"759\" data-immersive-translate-walked=\"1b67dc7c-c80b-4db4-a221-269969f5dd0f\" data-immersive-translate-paragraph=\"1\">Chute a technol\u00f3gia na najvy\u0161\u0161ej \u00farovni<\/h3>\n<p class=\"\" data-start=\"761\" data-end=\"1021\" data-immersive-translate-walked=\"1b67dc7c-c80b-4db4-a221-269969f5dd0f\" data-immersive-translate-paragraph=\"1\">Vybaven\u00fd mesh cievkou s odporom 0,8 ohmu, WASPE 12000 potiahnut\u00ed poskytuje intenz\u00edvnu ar\u00f3mu a rovnomern\u00fa produkciu pary. Navy\u0161e, mo\u017enos\u0165 s ohmom 1,0\u03a9 umo\u017e\u0148uje jemn\u00e9 \u00fapravy spr\u00e1vania sa \u0165ahu pre e\u0161te osobnej\u0161\u00ed z\u00e1\u017eitok z vapovania.<\/p>\n<p class=\"\" data-start=\"1023\" data-end=\"1185\" data-immersive-translate-walked=\"1b67dc7c-c80b-4db4-a221-269969f5dd0f\" data-immersive-translate-paragraph=\"1\">Obzvl\u00e1\u0161\u0165 ob\u013e\u00faben\u00e1 je varianta Grape Ice, ktor\u00e1 kombinuje chu\u0165 zrel\u00fdch hrozna s pr\u00edjemnou chladivos\u0165ou \u2013 ide\u00e1lna pre milovn\u00edkov \u010derstv\u00fdch ovocn\u00fdch t\u00f3nov.<\/p>\n<div style=\"width: 1170px;\" class=\"wp-video\"><!--[if lt IE 9]><script>document.createElement('video');<\/script><![endif]-->\n<video class=\"wp-video-shortcode\" id=\"video-6638-1\" width=\"1170\" height=\"658\" preload=\"metadata\" controls=\"controls\"><source type=\"video\/mp4\" src=\"https:\/\/vapingnet.de\/wp-content\/uploads\/2025\/04\/12000Puffs.mp4?_=1\" \/><a href=\"https:\/\/vapingnet.de\/wp-content\/uploads\/2025\/04\/12000Puffs.mp4\">https:\/\/vapingnet.de\/wp-content\/uploads\/2025\/04\/12000Puffs.mp4<\/a><\/video><\/div>\n<h3 data-start=\"1187\" data-end=\"1232\" data-immersive-translate-walked=\"1b67dc7c-c80b-4db4-a221-269969f5dd0f\" data-immersive-translate-paragraph=\"1\">Elegantn\u00fd dizajn a praktick\u00e9 ovl\u00e1danie<\/h3>\n<p class=\"\" data-start=\"1234\" data-end=\"1435\" data-immersive-translate-walked=\"1b67dc7c-c80b-4db4-a221-269969f5dd0f\" data-immersive-translate-paragraph=\"1\">Modern\u00fd RGB sveteln\u00fd dizajn rob\u00ed z WASPE 12000 potiahnut\u00ed skuto\u010dn\u00fd vizu\u00e1lny p\u00fata\u010d. Napriek svojej v\u00fdkonnosti je zariadenie s hmotnos\u0165ou len 82 g pr\u00edjemne \u013eahk\u00e9 a kompaktn\u00e9.<\/p>\n<p class=\"\" data-start=\"1437\" data-end=\"1738\" data-immersive-translate-walked=\"1b67dc7c-c80b-4db4-a221-269969f5dd0f\" data-immersive-translate-paragraph=\"1\">MTL dizajn (\u00fastami k p\u013e\u00facam) zabezpe\u010duje autentick\u00fd pocit \u0165ahu, ktor\u00fd je \u0161peci\u00e1lne navrhnut\u00fd pre prech\u00e1dzaj\u00facich z klasick\u00e9ho vapovania a milovn\u00edkov tradi\u010dn\u00e9ho \u0161t\u00fdlu vapovania. K dispoz\u00edcii s\u00fa r\u00f4zne nikot\u00ednov\u00e9 koncentr\u00e1cie: 0, 1, 2, 3 a 5 mg\/ml, tak\u017ee ka\u017ed\u00fd pou\u017e\u00edvate\u013e si m\u00f4\u017ee vybra\u0165 svoju ide\u00e1lnu vo\u013ebu.<\/p>\n<h3 data-start=\"1740\" data-end=\"1784\" data-immersive-translate-walked=\"1b67dc7c-c80b-4db4-a221-269969f5dd0f\" data-immersive-translate-paragraph=\"1\">R\u00fdchle doru\u010denie a coln\u00e9 vo\u013en\u00fd odoslanie<\/h3>\n<p class=\"\" data-start=\"1786\" data-end=\"1990\" data-immersive-translate-walked=\"1b67dc7c-c80b-4db4-a221-269969f5dd0f\" data-immersive-translate-paragraph=\"1\">WASPE 12000 potiahnut\u00ed je mo\u017en\u00e9 objedna\u0165 priamo cez vapingnet.de. Doba dodania je pribli\u017ene 7 a\u017e 15 pracovn\u00fdch dn\u00ed a v\u010faka coln\u00e9mu vo\u013en\u00e9mu odoslaniu nevznikaj\u00fa \u017eiadne dodato\u010dn\u00e9 n\u00e1klady pre z\u00e1kazn\u00edka.<\/p>\n<p class=\"\" data-start=\"1992\" data-end=\"2122\" data-immersive-translate-walked=\"1b67dc7c-c80b-4db4-a221-269969f5dd0f\" data-immersive-translate-paragraph=\"1\">Ak h\u013ead\u00e1te spo\u013eahliv\u00fa, chutn\u00fa a technicky prepracovan\u00fa jednorazov\u00fa e-cigaretu, tento model je pre v\u00e1s ide\u00e1lny.<\/p>","protected":false},"excerpt":{"rendered":"<p>WASPE 12000 Puffs: Maximales Dampferlebnis im handlichen Format Der WASPE 12000 Puffs Einweg-Vape \u00fcberzeugt mit einer enormen Kapazit\u00e4t von 12000 Z\u00fcgen und einem gro\u00dfz\u00fcgigen 20-ml-E-Liquid-Reservoir&#8230;.<\/p>","protected":false},"featured_media":6603,"template":"","meta":[],"etheme_brands":[],"product_brand":[98],"product_cat":[88,49,61],"product_tag":[],"class_list":{"0":"post-6638","1":"product","2":"type-product","3":"status-publish","4":"has-post-thumbnail","6":"product_brand-waspe-vape","7":"product_cat-12k-vape","8":"product_cat-einweg-e-zigarette","9":"product_cat-f","11":"first","12":"instock","13":"shipping-taxable","14":"purchasable","15":"product-type-variable"},"yoast_head":"<!-- This site is optimized with the Yoast SEO plugin v26.5 - https:\/\/yoast.com\/wordpress\/plugins\/seo\/ -->\n<title>Genie\u00dfen Sie Grape Ice In WASPE 12000 Puffs Der Beste Geschmack Weltweit Beliebt | Vapingnet.de<\/title>\n<meta name=\"description\" content=\"Entdecke Genie\u00dfen Sie Grape Ice In WASPE 12000 Puffs Der Beste Geschmack Weltweit Beliebt bei vapingnet.de, \u25ba Gro\u00dfe Auswahl an Geschmacksrichtungen &amp; super g\u00fcnstig!\" \/>\n<meta name=\"robots\" content=\"index, follow, max-snippet:-1, max-image-preview:large, max-video-preview:-1\" \/>\n<link rel=\"canonical\" href=\"https:\/\/vapingnet.de\/sk\/vape\/geniessen-sie-grape-ice-in-waspe-12000-puffs-der-beste-geschmack-weltweit-beliebt\/\" \/>\n<meta property=\"og:locale\" content=\"sk_SK\" \/>\n<meta property=\"og:type\" content=\"article\" \/>\n<meta property=\"og:title\" content=\"Genie\u00dfen Sie Grape Ice In WASPE 12000 Puffs Der Beste Geschmack Weltweit Beliebt | Vapingnet.de\" \/>\n<meta property=\"og:description\" content=\"Entdecke Genie\u00dfen Sie Grape Ice In WASPE 12000 Puffs Der Beste Geschmack Weltweit Beliebt bei vapingnet.de, \u25ba Gro\u00dfe Auswahl an Geschmacksrichtungen &amp; super g\u00fcnstig!\" \/>\n<meta property=\"og:url\" content=\"https:\/\/vapingnet.de\/sk\/vape\/geniessen-sie-grape-ice-in-waspe-12000-puffs-der-beste-geschmack-weltweit-beliebt\/\" \/>\n<meta property=\"og:site_name\" content=\"Vapingnet.de\" \/>\n<meta property=\"article:publisher\" content=\"https:\/\/www.facebook.com\/vapingnetde\/\" \/>\n<meta property=\"article:modified_time\" content=\"2026-04-15T09:14:30+00:00\" \/>\n<meta property=\"og:image\" content=\"https:\/\/vapingnet.de\/wp-content\/uploads\/2025\/04\/Grape-Ice-3.webp\" \/>\n\t<meta property=\"og:image:width\" content=\"1000\" \/>\n\t<meta property=\"og:image:height\" content=\"1000\" \/>\n\t<meta property=\"og:image:type\" content=\"image\/webp\" \/>\n<meta name=\"twitter:card\" content=\"summary_large_image\" \/>\n<meta name=\"twitter:label1\" content=\"Est. reading time\" \/>\n\t<meta name=\"twitter:data1\" content=\"2 minutes\" \/>\n<script type=\"application\/ld+json\" class=\"yoast-schema-graph\">{\"@context\":\"https:\/\/schema.org\",\"@graph\":[{\"@type\":\"WebPage\",\"@id\":\"https:\/\/vapingnet.de\/vape\/geniessen-sie-grape-ice-in-waspe-12000-puffs-der-beste-geschmack-weltweit-beliebt\/\",\"url\":\"https:\/\/vapingnet.de\/vape\/geniessen-sie-grape-ice-in-waspe-12000-puffs-der-beste-geschmack-weltweit-beliebt\/\",\"name\":\"Genie\u00dfen Sie Grape Ice In WASPE 12000 Puffs Der Beste Geschmack Weltweit Beliebt | Vapingnet.de\",\"isPartOf\":{\"@id\":\"https:\/\/vapingnet.de\/#website\"},\"primaryImageOfPage\":{\"@id\":\"https:\/\/vapingnet.de\/vape\/geniessen-sie-grape-ice-in-waspe-12000-puffs-der-beste-geschmack-weltweit-beliebt\/#primaryimage\"},\"image\":{\"@id\":\"https:\/\/vapingnet.de\/vape\/geniessen-sie-grape-ice-in-waspe-12000-puffs-der-beste-geschmack-weltweit-beliebt\/#primaryimage\"},\"thumbnailUrl\":\"https:\/\/vapingnet.de\/wp-content\/uploads\/2025\/04\/Grape-Ice-3.webp\",\"datePublished\":\"2025-04-29T06:29:09+00:00\",\"dateModified\":\"2026-04-15T09:14:30+00:00\",\"description\":\"Entdecke Genie\u00dfen Sie Grape Ice In WASPE 12000 Puffs Der Beste Geschmack Weltweit Beliebt bei vapingnet.de, \u25ba Gro\u00dfe Auswahl an Geschmacksrichtungen & super g\u00fcnstig!\",\"breadcrumb\":{\"@id\":\"https:\/\/vapingnet.de\/vape\/geniessen-sie-grape-ice-in-waspe-12000-puffs-der-beste-geschmack-weltweit-beliebt\/#breadcrumb\"},\"inLanguage\":\"sk-SK\",\"potentialAction\":[{\"@type\":\"ReadAction\",\"target\":[\"https:\/\/vapingnet.de\/vape\/geniessen-sie-grape-ice-in-waspe-12000-puffs-der-beste-geschmack-weltweit-beliebt\/\"]}]},{\"@type\":\"ImageObject\",\"inLanguage\":\"sk-SK\",\"@id\":\"https:\/\/vapingnet.de\/vape\/geniessen-sie-grape-ice-in-waspe-12000-puffs-der-beste-geschmack-weltweit-beliebt\/#primaryimage\",\"url\":\"https:\/\/vapingnet.de\/wp-content\/uploads\/2025\/04\/Grape-Ice-3.webp\",\"contentUrl\":\"https:\/\/vapingnet.de\/wp-content\/uploads\/2025\/04\/Grape-Ice-3.webp\",\"width\":1000,\"height\":1000},{\"@type\":\"BreadcrumbList\",\"@id\":\"https:\/\/vapingnet.de\/vape\/geniessen-sie-grape-ice-in-waspe-12000-puffs-der-beste-geschmack-weltweit-beliebt\/#breadcrumb\",\"itemListElement\":[{\"@type\":\"ListItem\",\"position\":1,\"name\":\"Home\",\"item\":\"https:\/\/vapingnet.de\/\"},{\"@type\":\"ListItem\",\"position\":2,\"name\":\"Shop\",\"item\":\"https:\/\/vapingnet.de\/vape\/\"},{\"@type\":\"ListItem\",\"position\":3,\"name\":\"Genie\u00dfen Sie Grape Ice In WASPE 12000 Puffs Der Beste Geschmack Weltweit Beliebt\"}]},{\"@type\":\"WebSite\",\"@id\":\"https:\/\/vapingnet.de\/#website\",\"url\":\"https:\/\/vapingnet.de\/\",\"name\":\"Vapingnet.de\",\"description\":\"\",\"publisher\":{\"@id\":\"https:\/\/vapingnet.de\/#organization\"},\"potentialAction\":[{\"@type\":\"SearchAction\",\"target\":{\"@type\":\"EntryPoint\",\"urlTemplate\":\"https:\/\/vapingnet.de\/?s={search_term_string}\"},\"query-input\":{\"@type\":\"PropertyValueSpecification\",\"valueRequired\":true,\"valueName\":\"search_term_string\"}}],\"inLanguage\":\"sk-SK\"},{\"@type\":\"Organization\",\"@id\":\"https:\/\/vapingnet.de\/#organization\",\"name\":\"Vapingnet.de\",\"url\":\"https:\/\/vapingnet.de\/\",\"logo\":{\"@type\":\"ImageObject\",\"inLanguage\":\"sk-SK\",\"@id\":\"https:\/\/vapingnet.de\/#\/schema\/logo\/image\/\",\"url\":\"https:\/\/vapingnet.de\/wp-content\/uploads\/2025\/03\/cropped-vapingnet.de_.jpg\",\"contentUrl\":\"https:\/\/vapingnet.de\/wp-content\/uploads\/2025\/03\/cropped-vapingnet.de_.jpg\",\"width\":512,\"height\":512,\"caption\":\"Vapingnet.de\"},\"image\":{\"@id\":\"https:\/\/vapingnet.de\/#\/schema\/logo\/image\/\"},\"sameAs\":[\"https:\/\/www.facebook.com\/vapingnetde\/\"]}]}<\/script>\n<!-- \/ Yoast SEO plugin. -->","yoast_head_json":{"title":"Genie\u00dfen Sie Grape Ice In WASPE 12000 Puffs Der Beste Geschmack Weltweit Beliebt | Vapingnet.de","description":"Entdecke Genie\u00dfen Sie Grape Ice In WASPE 12000 Puffs Der Beste Geschmack Weltweit Beliebt bei vapingnet.de, \u25ba Gro\u00dfe Auswahl an Geschmacksrichtungen & super g\u00fcnstig!","robots":{"index":"index","follow":"follow","max-snippet":"max-snippet:-1","max-image-preview":"max-image-preview:large","max-video-preview":"max-video-preview:-1"},"canonical":"https:\/\/vapingnet.de\/sk\/vape\/geniessen-sie-grape-ice-in-waspe-12000-puffs-der-beste-geschmack-weltweit-beliebt\/","og_locale":"sk_SK","og_type":"article","og_title":"Genie\u00dfen Sie Grape Ice In WASPE 12000 Puffs Der Beste Geschmack Weltweit Beliebt | Vapingnet.de","og_description":"Entdecke Genie\u00dfen Sie Grape Ice In WASPE 12000 Puffs Der Beste Geschmack Weltweit Beliebt bei vapingnet.de, \u25ba Gro\u00dfe Auswahl an Geschmacksrichtungen & super g\u00fcnstig!","og_url":"https:\/\/vapingnet.de\/sk\/vape\/geniessen-sie-grape-ice-in-waspe-12000-puffs-der-beste-geschmack-weltweit-beliebt\/","og_site_name":"Vapingnet.de","article_publisher":"https:\/\/www.facebook.com\/vapingnetde\/","article_modified_time":"2026-04-15T09:14:30+00:00","og_image":[{"width":1000,"height":1000,"url":"https:\/\/vapingnet.de\/wp-content\/uploads\/2025\/04\/Grape-Ice-3.webp","type":"image\/webp"}],"twitter_card":"summary_large_image","twitter_misc":{"Est. reading time":"2 minutes"},"schema":{"@context":"https:\/\/schema.org","@graph":[{"@type":"WebPage","@id":"https:\/\/vapingnet.de\/vape\/geniessen-sie-grape-ice-in-waspe-12000-puffs-der-beste-geschmack-weltweit-beliebt\/","url":"https:\/\/vapingnet.de\/vape\/geniessen-sie-grape-ice-in-waspe-12000-puffs-der-beste-geschmack-weltweit-beliebt\/","name":"Genie\u00dfen Sie Grape Ice In WASPE 12000 Puffs Der Beste Geschmack Weltweit Beliebt | Vapingnet.de","isPartOf":{"@id":"https:\/\/vapingnet.de\/#website"},"primaryImageOfPage":{"@id":"https:\/\/vapingnet.de\/vape\/geniessen-sie-grape-ice-in-waspe-12000-puffs-der-beste-geschmack-weltweit-beliebt\/#primaryimage"},"image":{"@id":"https:\/\/vapingnet.de\/vape\/geniessen-sie-grape-ice-in-waspe-12000-puffs-der-beste-geschmack-weltweit-beliebt\/#primaryimage"},"thumbnailUrl":"https:\/\/vapingnet.de\/wp-content\/uploads\/2025\/04\/Grape-Ice-3.webp","datePublished":"2025-04-29T06:29:09+00:00","dateModified":"2026-04-15T09:14:30+00:00","description":"Entdecke Genie\u00dfen Sie Grape Ice In WASPE 12000 Puffs Der Beste Geschmack Weltweit Beliebt bei vapingnet.de, \u25ba Gro\u00dfe Auswahl an Geschmacksrichtungen & super g\u00fcnstig!","breadcrumb":{"@id":"https:\/\/vapingnet.de\/vape\/geniessen-sie-grape-ice-in-waspe-12000-puffs-der-beste-geschmack-weltweit-beliebt\/#breadcrumb"},"inLanguage":"sk-SK","potentialAction":[{"@type":"ReadAction","target":["https:\/\/vapingnet.de\/vape\/geniessen-sie-grape-ice-in-waspe-12000-puffs-der-beste-geschmack-weltweit-beliebt\/"]}]},{"@type":"ImageObject","inLanguage":"sk-SK","@id":"https:\/\/vapingnet.de\/vape\/geniessen-sie-grape-ice-in-waspe-12000-puffs-der-beste-geschmack-weltweit-beliebt\/#primaryimage","url":"https:\/\/vapingnet.de\/wp-content\/uploads\/2025\/04\/Grape-Ice-3.webp","contentUrl":"https:\/\/vapingnet.de\/wp-content\/uploads\/2025\/04\/Grape-Ice-3.webp","width":1000,"height":1000},{"@type":"BreadcrumbList","@id":"https:\/\/vapingnet.de\/vape\/geniessen-sie-grape-ice-in-waspe-12000-puffs-der-beste-geschmack-weltweit-beliebt\/#breadcrumb","itemListElement":[{"@type":"ListItem","position":1,"name":"Home","item":"https:\/\/vapingnet.de\/"},{"@type":"ListItem","position":2,"name":"Shop","item":"https:\/\/vapingnet.de\/vape\/"},{"@type":"ListItem","position":3,"name":"Genie\u00dfen Sie Grape Ice In WASPE 12000 Puffs Der Beste Geschmack Weltweit Beliebt"}]},{"@type":"WebSite","@id":"https:\/\/vapingnet.de\/#website","url":"https:\/\/vapingnet.de\/","name":"Vapingnet.de","description":"","publisher":{"@id":"https:\/\/vapingnet.de\/#organization"},"potentialAction":[{"@type":"SearchAction","target":{"@type":"EntryPoint","urlTemplate":"https:\/\/vapingnet.de\/?s={search_term_string}"},"query-input":{"@type":"PropertyValueSpecification","valueRequired":true,"valueName":"search_term_string"}}],"inLanguage":"sk-SK"},{"@type":"Organization","@id":"https:\/\/vapingnet.de\/#organization","name":"Vapingnet.de","url":"https:\/\/vapingnet.de\/","logo":{"@type":"ImageObject","inLanguage":"sk-SK","@id":"https:\/\/vapingnet.de\/#\/schema\/logo\/image\/","url":"https:\/\/vapingnet.de\/wp-content\/uploads\/2025\/03\/cropped-vapingnet.de_.jpg","contentUrl":"https:\/\/vapingnet.de\/wp-content\/uploads\/2025\/03\/cropped-vapingnet.de_.jpg","width":512,"height":512,"caption":"Vapingnet.de"},"image":{"@id":"https:\/\/vapingnet.de\/#\/schema\/logo\/image\/"},"sameAs":["https:\/\/www.facebook.com\/vapingnetde\/"]}]}},"tiered_pricing_type":"fixed","tiered_pricing_fixed_rules":[],"tiered_pricing_product_settings":{"layout":"default","base_unit_name":{"singular":null,"plural":null},"default_variation":null},"tiered_pricing_minimum_quantity":null,"tiered_pricing_roles_data":[],"tiered_pricing_percentage_rules":[],"_links":{"self":[{"href":"https:\/\/vapingnet.de\/sk\/wp-json\/wp\/v2\/product\/6638","targetHints":{"allow":["GET"]}}],"collection":[{"href":"https:\/\/vapingnet.de\/sk\/wp-json\/wp\/v2\/product"}],"about":[{"href":"https:\/\/vapingnet.de\/sk\/wp-json\/wp\/v2\/types\/product"}],"version-history":[{"count":2,"href":"https:\/\/vapingnet.de\/sk\/wp-json\/wp\/v2\/product\/6638\/revisions"}],"predecessor-version":[{"id":6880,"href":"https:\/\/vapingnet.de\/sk\/wp-json\/wp\/v2\/product\/6638\/revisions\/6880"}],"wp:featuredmedia":[{"embeddable":true,"href":"https:\/\/vapingnet.de\/sk\/wp-json\/wp\/v2\/media\/6603"}],"wp:attachment":[{"href":"https:\/\/vapingnet.de\/sk\/wp-json\/wp\/v2\/media?parent=6638"}],"wp:term":[{"taxonomy":"brand","embeddable":true,"href":"https:\/\/vapingnet.de\/sk\/wp-json\/wp\/v2\/etheme_brands?post=6638"},{"taxonomy":"product_brand","embeddable":true,"href":"https:\/\/vapingnet.de\/sk\/wp-json\/wp\/v2\/product_brand?post=6638"},{"taxonomy":"product_cat","embeddable":true,"href":"https:\/\/vapingnet.de\/sk\/wp-json\/wp\/v2\/product_cat?post=6638"},{"taxonomy":"product_tag","embeddable":true,"href":"https:\/\/vapingnet.de\/sk\/wp-json\/wp\/v2\/product_tag?post=6638"}],"curies":[{"name":"wp","href":"https:\/\/api.w.org\/{rel}","templated":true}]}}