{"id":6640,"date":"2025-04-29T06:29:12","date_gmt":"2025-04-29T06:29:12","guid":{"rendered":"https:\/\/vapingnet.de\/?post_type=product&#038;p=6640"},"modified":"2026-04-15T09:13:23","modified_gmt":"2026-04-15T09:13:23","slug":"mango-ice-in-waspe-12000-puffs-fruchtig-kuehl-und-zollfrei-direkt-zu-ihnen-nach-hause","status":"publish","type":"product","link":"https:\/\/vapingnet.de\/sk\/vape\/mango-ice-in-waspe-12000-puffs-fruchtig-kuehl-und-zollfrei-direkt-zu-ihnen-nach-hause\/","title":{"rendered":"Mango Ice v WASPE 12000 Puffs Ovocn\u00e1, chladiv\u00e1 a bezclov\u00e1 priamo k v\u00e1m domov"},"content":{"rendered":"<h2 data-start=\"0\" data-end=\"62\" data-immersive-translate-walked=\"b612e52e-aa8f-42dd-bb25-a56b1124fc9e\">WASPE 12000 Puffs \u2013 V\u00fdkonn\u00e1 jednorazov\u00e1 e-cigareta<\/h2>\n<p class=\"\" data-start=\"64\" data-end=\"399\" data-immersive-translate-walked=\"b612e52e-aa8f-42dd-bb25-a56b1124fc9e\" data-immersive-translate-paragraph=\"1\">WASPE 12000 Puffs je ide\u00e1lnou vo\u013ebou pre vapery, ktor\u00ed h\u013eadaj\u00fa vysok\u00fd v\u00fdkon a jedine\u010dn\u00fd z\u00e1\u017eitok z chuti. S p\u00f4sobivou \u017eivotnos\u0165ou, pr\u00edchu\u0165ou Mango Ice a praktick\u00fdmi funkciami pon\u00faka t\u00e1to jednorazov\u00e1 e-cigareta v\u0161etko, \u010do potrebujete na zlep\u0161enie svojho vapovania.<\/p>\n<h4 data-start=\"401\" data-end=\"446\" data-immersive-translate-walked=\"b612e52e-aa8f-42dd-bb25-a56b1124fc9e\">Vynikaj\u00faca rozmanitos\u0165 chut\u00ed \u2013 Mango Ice<\/h4>\n<p class=\"\" data-start=\"448\" data-end=\"760\" data-immersive-translate-walked=\"b612e52e-aa8f-42dd-bb25-a56b1124fc9e\" data-immersive-translate-paragraph=\"1\">Pr\u00edchu\u0165 Mango Ice zabezpe\u010duje osvie\u017euj\u00faci a tropick\u00fd z\u00e1\u017eitok z vapovania. Sladk\u00e1 chu\u0165 manga je sprev\u00e1dzan\u00e1 chladivou \u013eadovou pozn\u00e1mkou, ktor\u00e1 poskytuje pr\u00edjemne osvie\u017euj\u00faci pocit. T\u00e1to zmes rob\u00ed ka\u017ed\u00e9 vapovanie jedine\u010dn\u00fdm z\u00e1\u017eitkom, ktor\u00fd by ste si nemali necha\u0165 ujs\u0165.<\/p>\n<h4 data-start=\"762\" data-end=\"808\" data-immersive-translate-walked=\"b612e52e-aa8f-42dd-bb25-a56b1124fc9e\">Dlh\u00e1 \u017eivotnos\u0165 a spo\u013eahlivos\u0165 \u2013 12000 potiahnut\u00ed<\/h4>\n<p class=\"\" data-start=\"810\" data-end=\"1177\" data-immersive-translate-walked=\"b612e52e-aa8f-42dd-bb25-a56b1124fc9e\" data-immersive-translate-paragraph=\"1\">S WASPE 12000 Puffs sa nemus\u00edte ob\u00e1va\u0165 \u010dast\u00e9ho dop\u013a\u0148ania alebo nab\u00edjania. Pr\u00edstroj obsahuje 20 ml e-liquidu a poskytuje 12000 potiahnut\u00ed. V\u010faka bat\u00e9rii s kapacitou 650mAh a funkcii nab\u00edjania Type-C je zariadenie r\u00fdchlo nabit\u00e9 a zaru\u010duje dlh\u00e9 pou\u017e\u00edvanie. Je to dokonal\u00fd spolo\u010dn\u00edk na dlh\u00e9 vapovacie seansy bez preru\u0161enia.<\/p>\n<h4 data-start=\"1179\" data-end=\"1224\" data-immersive-translate-walked=\"b612e52e-aa8f-42dd-bb25-a56b1124fc9e\">Jednoduch\u00e9 ovl\u00e1danie \u2013 aktiv\u00e1cia potiahnut\u00edm<\/h4>\n<p class=\"\" data-start=\"1226\" data-end=\"1489\" data-immersive-translate-walked=\"b612e52e-aa8f-42dd-bb25-a56b1124fc9e\" data-immersive-translate-paragraph=\"1\">V\u010faka aktiv\u00e1cii potiahnut\u00edm je vapovanie s WASPE 12000 Puffs ve\u013emi jednoduch\u00e9. Sta\u010d\u00ed \u0165aha\u0165 z \u00fastika, aby sa zariadenie aktivovalo \u2013 \u017eiadne tla\u010didl\u00e1, \u017eiadne zlo\u017eit\u00e9 nastavenia. To rob\u00ed vapovanie obzvl\u00e1\u0161\u0165 jednoduch\u00fdm a r\u00fdchlym.<\/p>\n<h4 data-start=\"1491\" data-end=\"1532\" data-immersive-translate-walked=\"b612e52e-aa8f-42dd-bb25-a56b1124fc9e\">RGB osvetlenie \u2013 \u0161t\u00fdlov\u00fd vzh\u013ead<\/h4>\n<p class=\"\" data-start=\"1534\" data-end=\"1833\" data-immersive-translate-walked=\"b612e52e-aa8f-42dd-bb25-a56b1124fc9e\" data-immersive-translate-paragraph=\"1\">WASPE 12000 Puffs je nielen v\u00fdkonn\u00e1, ale aj vizu\u00e1lne atrakt\u00edvna. Integrovan\u00e9 RGB osvetlenie pri ka\u017edom potiahnut\u00ed vytv\u00e1ra skvel\u00fd vizu\u00e1lny akcent. Farebn\u00e9 svetl\u00e1 d\u00e1vaj\u00fa zariadeniu modern\u00fd a \u0161t\u00fdlov\u00fd vzh\u013ead, ktor\u00fd ho odli\u0161uje od in\u00fdch e cigariet.<\/p>\n<h3>D\u00f4le\u017eit\u00e9 technick\u00e9 \u00fadaje<\/h3>\n<ul data-start=\"1872\" data-end=\"2151\" data-immersive-translate-walked=\"b612e52e-aa8f-42dd-bb25-a56b1124fc9e\">\n<li class=\"\" data-start=\"1872\" data-end=\"1912\" data-immersive-translate-walked=\"b612e52e-aa8f-42dd-bb25-a56b1124fc9e\">\n<p class=\"\" data-start=\"1874\" data-end=\"1912\" data-immersive-translate-walked=\"b612e52e-aa8f-42dd-bb25-a56b1124fc9e\" data-immersive-translate-paragraph=\"1\">Mo\u017enosti nikot\u00ednu: 0% \/ 2% \/ 3% \/ 5%<\/p>\n<\/li>\n<li class=\"\" data-start=\"1913\" data-end=\"1944\" data-immersive-translate-walked=\"b612e52e-aa8f-42dd-bb25-a56b1124fc9e\">\n<p class=\"\" data-start=\"1915\" data-end=\"1944\" data-immersive-translate-walked=\"b612e52e-aa8f-42dd-bb25-a56b1124fc9e\" data-immersive-translate-paragraph=\"1\">Kapacita e-liquidu: 20 ml<\/p>\n<\/li>\n<li class=\"\" data-start=\"1945\" data-end=\"1962\" data-immersive-translate-walked=\"b612e52e-aa8f-42dd-bb25-a56b1124fc9e\">\n<p class=\"\" data-start=\"1947\" data-end=\"1962\" data-immersive-translate-walked=\"b612e52e-aa8f-42dd-bb25-a56b1124fc9e\" data-immersive-translate-paragraph=\"1\">Potiahnutia: 12000<\/p>\n<\/li>\n<li class=\"\" data-start=\"1963\" data-end=\"1981\" data-immersive-translate-walked=\"b612e52e-aa8f-42dd-bb25-a56b1124fc9e\">\n<p class=\"\" data-start=\"1965\" data-end=\"1981\" data-immersive-translate-walked=\"b612e52e-aa8f-42dd-bb25-a56b1124fc9e\" data-immersive-translate-paragraph=\"1\">Bat\u00e9ria: 650mAh<\/p>\n<\/li>\n<li class=\"\" data-start=\"1982\" data-end=\"2009\" data-immersive-translate-walked=\"b612e52e-aa8f-42dd-bb25-a56b1124fc9e\">\n<p class=\"\" data-start=\"1984\" data-end=\"2009\" data-immersive-translate-walked=\"b612e52e-aa8f-42dd-bb25-a56b1124fc9e\" data-immersive-translate-paragraph=\"1\">Nab\u00edjac\u00ed port: Type-C<\/p>\n<\/li>\n<li class=\"\" data-start=\"2010\" data-end=\"2045\" data-immersive-translate-walked=\"b612e52e-aa8f-42dd-bb25-a56b1124fc9e\">\n<p class=\"\" data-start=\"2012\" data-end=\"2045\" data-immersive-translate-walked=\"b612e52e-aa8f-42dd-bb25-a56b1124fc9e\" data-immersive-translate-paragraph=\"1\">Odpor: 0,8 Ohm Mesh Coil<\/p>\n<\/li>\n<li class=\"\" data-start=\"2046\" data-end=\"2088\" data-immersive-translate-walked=\"b612e52e-aa8f-42dd-bb25-a56b1124fc9e\">\n<p class=\"\" data-start=\"2048\" data-end=\"2088\" data-immersive-translate-walked=\"b612e52e-aa8f-42dd-bb25-a56b1124fc9e\" data-immersive-translate-paragraph=\"1\">Odpor ohrevu: Mesh Core 1.0\u03a9<\/p>\n<\/li>\n<li class=\"\" data-start=\"2089\" data-end=\"2124\" data-immersive-translate-walked=\"b612e52e-aa8f-42dd-bb25-a56b1124fc9e\">\n<p class=\"\" data-start=\"2091\" data-end=\"2124\" data-immersive-translate-walked=\"b612e52e-aa8f-42dd-bb25-a56b1124fc9e\" data-immersive-translate-paragraph=\"1\">Hmotnos\u0165 produktu: 82g na kus<\/p>\n<\/li>\n<li class=\"\" data-start=\"2125\" data-end=\"2151\" data-immersive-translate-walked=\"b612e52e-aa8f-42dd-bb25-a56b1124fc9e\">\n<p class=\"\" data-start=\"2127\" data-end=\"2151\" data-immersive-translate-walked=\"b612e52e-aa8f-42dd-bb25-a56b1124fc9e\" data-immersive-translate-paragraph=\"1\">Pr\u00edchu\u0165: Mango Ice<\/p>\n<\/li>\n<\/ul>\n<h4 data-start=\"2153\" data-end=\"2186\" data-immersive-translate-walked=\"b612e52e-aa8f-42dd-bb25-a56b1124fc9e\">V\u00fdhody pri vapingnet.de<\/h4>\n<p class=\"\" data-start=\"2188\" data-end=\"2540\" data-immersive-translate-walked=\"b612e52e-aa8f-42dd-bb25-a56b1124fc9e\" data-immersive-translate-paragraph=\"1\">N\u00e1kup WASPE 12000 Puffs na vapingnet.de v\u00e1m prin\u00e1\u0161a mno\u017estvo v\u00fdhod. Patr\u00ed sem bezcoln\u00e1 dod\u00e1vka, \u010do znamen\u00e1, \u017ee neplatia \u017eiadne \u010fal\u0161ie poplatky za medzin\u00e1rodn\u00fa dopravu. Doba dodania je iba 7-15 pracovn\u00fdch dn\u00ed, tak\u017ee si m\u00f4\u017eete r\u00fdchlo a jednoducho vychutna\u0165 svoju nov\u00fa e-cigaretu.<\/p>\n<p class=\"\" data-start=\"2542\" data-end=\"2804\" data-immersive-translate-walked=\"b612e52e-aa8f-42dd-bb25-a56b1124fc9e\" data-immersive-translate-paragraph=\"1\">Za\u017eite s WASPE 12000 Puffs nov\u00fa dimenziu vapovania \u2013 vychutnajte si \u010derstv\u00fa pr\u00edchu\u0165 Mango Ice, dlh\u00fa \u017eivotnos\u0165 a jednoduch\u00e9 ovl\u00e1danie, v\u0161etko zabalen\u00e9 v modernom dizajne. Objednajte e\u0161te dnes na vapingnet.de!<\/p>","protected":false},"excerpt":{"rendered":"<p>WASPE 12000 Puffs \u2013 Die leistungsstarke Einweg-E-Zigarette Die WASPE 12000 Puffs ist die ideale Wahl f\u00fcr Dampfer, die sowohl eine hohe Leistung als auch ein&#8230;<\/p>","protected":false},"featured_media":6606,"template":"","meta":[],"etheme_brands":[],"product_brand":[98],"product_cat":[88,49,61],"product_tag":[],"class_list":{"0":"post-6640","1":"product","2":"type-product","3":"status-publish","4":"has-post-thumbnail","6":"product_brand-waspe-vape","7":"product_cat-12k-vape","8":"product_cat-einweg-e-zigarette","9":"product_cat-f","11":"first","12":"instock","13":"shipping-taxable","14":"purchasable","15":"product-type-variable"},"yoast_head":"<!-- This site is optimized with the Yoast SEO plugin v26.5 - https:\/\/yoast.com\/wordpress\/plugins\/seo\/ -->\n<title>Mango Ice In WASPE 12000 Puffs Fruchtig K\u00fchl Und Zollfrei Direkt Zu Ihnen Nach Hause | Vapingnet.de<\/title>\n<meta name=\"description\" content=\"Entdecke Mango Ice In WASPE 12000 Puffs Fruchtig K\u00fchl Und Zollfrei Direkt Zu Ihnen Nach Hause bei vapingnet.de, \u25ba Gro\u00dfe Auswahl an Geschmacksrichtungen &amp; super g\u00fcnstig!\" \/>\n<meta name=\"robots\" content=\"index, follow, max-snippet:-1, max-image-preview:large, max-video-preview:-1\" \/>\n<link rel=\"canonical\" href=\"https:\/\/vapingnet.de\/sk\/vape\/mango-ice-in-waspe-12000-puffs-fruchtig-kuehl-und-zollfrei-direkt-zu-ihnen-nach-hause\/\" \/>\n<meta property=\"og:locale\" content=\"sk_SK\" \/>\n<meta property=\"og:type\" content=\"article\" \/>\n<meta property=\"og:title\" content=\"Mango Ice In WASPE 12000 Puffs Fruchtig K\u00fchl Und Zollfrei Direkt Zu Ihnen Nach Hause | Vapingnet.de\" \/>\n<meta property=\"og:description\" content=\"Entdecke Mango Ice In WASPE 12000 Puffs Fruchtig K\u00fchl Und Zollfrei Direkt Zu Ihnen Nach Hause bei vapingnet.de, \u25ba Gro\u00dfe Auswahl an Geschmacksrichtungen &amp; super g\u00fcnstig!\" \/>\n<meta property=\"og:url\" content=\"https:\/\/vapingnet.de\/sk\/vape\/mango-ice-in-waspe-12000-puffs-fruchtig-kuehl-und-zollfrei-direkt-zu-ihnen-nach-hause\/\" \/>\n<meta property=\"og:site_name\" content=\"Vapingnet.de\" \/>\n<meta property=\"article:publisher\" content=\"https:\/\/www.facebook.com\/vapingnetde\/\" \/>\n<meta property=\"article:modified_time\" content=\"2026-04-15T09:13:23+00:00\" \/>\n<meta property=\"og:image\" content=\"https:\/\/vapingnet.de\/wp-content\/uploads\/2025\/04\/Mango-Ice.webp\" \/>\n\t<meta property=\"og:image:width\" content=\"1000\" \/>\n\t<meta property=\"og:image:height\" content=\"1000\" \/>\n\t<meta property=\"og:image:type\" content=\"image\/webp\" \/>\n<meta name=\"twitter:card\" content=\"summary_large_image\" \/>\n<meta name=\"twitter:label1\" content=\"Est. reading time\" \/>\n\t<meta name=\"twitter:data1\" content=\"3 minutes\" \/>\n<script type=\"application\/ld+json\" class=\"yoast-schema-graph\">{\"@context\":\"https:\/\/schema.org\",\"@graph\":[{\"@type\":\"WebPage\",\"@id\":\"https:\/\/vapingnet.de\/vape\/mango-ice-in-waspe-12000-puffs-fruchtig-kuehl-und-zollfrei-direkt-zu-ihnen-nach-hause\/\",\"url\":\"https:\/\/vapingnet.de\/vape\/mango-ice-in-waspe-12000-puffs-fruchtig-kuehl-und-zollfrei-direkt-zu-ihnen-nach-hause\/\",\"name\":\"Mango Ice In WASPE 12000 Puffs Fruchtig K\u00fchl Und Zollfrei Direkt Zu Ihnen Nach Hause | Vapingnet.de\",\"isPartOf\":{\"@id\":\"https:\/\/vapingnet.de\/#website\"},\"primaryImageOfPage\":{\"@id\":\"https:\/\/vapingnet.de\/vape\/mango-ice-in-waspe-12000-puffs-fruchtig-kuehl-und-zollfrei-direkt-zu-ihnen-nach-hause\/#primaryimage\"},\"image\":{\"@id\":\"https:\/\/vapingnet.de\/vape\/mango-ice-in-waspe-12000-puffs-fruchtig-kuehl-und-zollfrei-direkt-zu-ihnen-nach-hause\/#primaryimage\"},\"thumbnailUrl\":\"https:\/\/vapingnet.de\/wp-content\/uploads\/2025\/04\/Mango-Ice.webp\",\"datePublished\":\"2025-04-29T06:29:12+00:00\",\"dateModified\":\"2026-04-15T09:13:23+00:00\",\"description\":\"Entdecke Mango Ice In WASPE 12000 Puffs Fruchtig K\u00fchl Und Zollfrei Direkt Zu Ihnen Nach Hause bei vapingnet.de, \u25ba Gro\u00dfe Auswahl an Geschmacksrichtungen & super g\u00fcnstig!\",\"breadcrumb\":{\"@id\":\"https:\/\/vapingnet.de\/vape\/mango-ice-in-waspe-12000-puffs-fruchtig-kuehl-und-zollfrei-direkt-zu-ihnen-nach-hause\/#breadcrumb\"},\"inLanguage\":\"sk-SK\",\"potentialAction\":[{\"@type\":\"ReadAction\",\"target\":[\"https:\/\/vapingnet.de\/vape\/mango-ice-in-waspe-12000-puffs-fruchtig-kuehl-und-zollfrei-direkt-zu-ihnen-nach-hause\/\"]}]},{\"@type\":\"ImageObject\",\"inLanguage\":\"sk-SK\",\"@id\":\"https:\/\/vapingnet.de\/vape\/mango-ice-in-waspe-12000-puffs-fruchtig-kuehl-und-zollfrei-direkt-zu-ihnen-nach-hause\/#primaryimage\",\"url\":\"https:\/\/vapingnet.de\/wp-content\/uploads\/2025\/04\/Mango-Ice.webp\",\"contentUrl\":\"https:\/\/vapingnet.de\/wp-content\/uploads\/2025\/04\/Mango-Ice.webp\",\"width\":1000,\"height\":1000},{\"@type\":\"BreadcrumbList\",\"@id\":\"https:\/\/vapingnet.de\/vape\/mango-ice-in-waspe-12000-puffs-fruchtig-kuehl-und-zollfrei-direkt-zu-ihnen-nach-hause\/#breadcrumb\",\"itemListElement\":[{\"@type\":\"ListItem\",\"position\":1,\"name\":\"Home\",\"item\":\"https:\/\/vapingnet.de\/\"},{\"@type\":\"ListItem\",\"position\":2,\"name\":\"Shop\",\"item\":\"https:\/\/vapingnet.de\/vape\/\"},{\"@type\":\"ListItem\",\"position\":3,\"name\":\"Mango Ice In WASPE 12000 Puffs Fruchtig K\u00fchl Und Zollfrei Direkt Zu Ihnen Nach Hause\"}]},{\"@type\":\"WebSite\",\"@id\":\"https:\/\/vapingnet.de\/#website\",\"url\":\"https:\/\/vapingnet.de\/\",\"name\":\"Vapingnet.de\",\"description\":\"\",\"publisher\":{\"@id\":\"https:\/\/vapingnet.de\/#organization\"},\"potentialAction\":[{\"@type\":\"SearchAction\",\"target\":{\"@type\":\"EntryPoint\",\"urlTemplate\":\"https:\/\/vapingnet.de\/?s={search_term_string}\"},\"query-input\":{\"@type\":\"PropertyValueSpecification\",\"valueRequired\":true,\"valueName\":\"search_term_string\"}}],\"inLanguage\":\"sk-SK\"},{\"@type\":\"Organization\",\"@id\":\"https:\/\/vapingnet.de\/#organization\",\"name\":\"Vapingnet.de\",\"url\":\"https:\/\/vapingnet.de\/\",\"logo\":{\"@type\":\"ImageObject\",\"inLanguage\":\"sk-SK\",\"@id\":\"https:\/\/vapingnet.de\/#\/schema\/logo\/image\/\",\"url\":\"https:\/\/vapingnet.de\/wp-content\/uploads\/2025\/03\/cropped-vapingnet.de_.jpg\",\"contentUrl\":\"https:\/\/vapingnet.de\/wp-content\/uploads\/2025\/03\/cropped-vapingnet.de_.jpg\",\"width\":512,\"height\":512,\"caption\":\"Vapingnet.de\"},\"image\":{\"@id\":\"https:\/\/vapingnet.de\/#\/schema\/logo\/image\/\"},\"sameAs\":[\"https:\/\/www.facebook.com\/vapingnetde\/\"]}]}<\/script>\n<!-- \/ Yoast SEO plugin. -->","yoast_head_json":{"title":"Mango Ice In WASPE 12000 Puffs Fruchtig K\u00fchl Und Zollfrei Direkt Zu Ihnen Nach Hause | Vapingnet.de","description":"Entdecke Mango Ice In WASPE 12000 Puffs Fruchtig K\u00fchl Und Zollfrei Direkt Zu Ihnen Nach Hause bei vapingnet.de, \u25ba Gro\u00dfe Auswahl an Geschmacksrichtungen & super g\u00fcnstig!","robots":{"index":"index","follow":"follow","max-snippet":"max-snippet:-1","max-image-preview":"max-image-preview:large","max-video-preview":"max-video-preview:-1"},"canonical":"https:\/\/vapingnet.de\/sk\/vape\/mango-ice-in-waspe-12000-puffs-fruchtig-kuehl-und-zollfrei-direkt-zu-ihnen-nach-hause\/","og_locale":"sk_SK","og_type":"article","og_title":"Mango Ice In WASPE 12000 Puffs Fruchtig K\u00fchl Und Zollfrei Direkt Zu Ihnen Nach Hause | Vapingnet.de","og_description":"Entdecke Mango Ice In WASPE 12000 Puffs Fruchtig K\u00fchl Und Zollfrei Direkt Zu Ihnen Nach Hause bei vapingnet.de, \u25ba Gro\u00dfe Auswahl an Geschmacksrichtungen & super g\u00fcnstig!","og_url":"https:\/\/vapingnet.de\/sk\/vape\/mango-ice-in-waspe-12000-puffs-fruchtig-kuehl-und-zollfrei-direkt-zu-ihnen-nach-hause\/","og_site_name":"Vapingnet.de","article_publisher":"https:\/\/www.facebook.com\/vapingnetde\/","article_modified_time":"2026-04-15T09:13:23+00:00","og_image":[{"width":1000,"height":1000,"url":"https:\/\/vapingnet.de\/wp-content\/uploads\/2025\/04\/Mango-Ice.webp","type":"image\/webp"}],"twitter_card":"summary_large_image","twitter_misc":{"Est. reading time":"3 minutes"},"schema":{"@context":"https:\/\/schema.org","@graph":[{"@type":"WebPage","@id":"https:\/\/vapingnet.de\/vape\/mango-ice-in-waspe-12000-puffs-fruchtig-kuehl-und-zollfrei-direkt-zu-ihnen-nach-hause\/","url":"https:\/\/vapingnet.de\/vape\/mango-ice-in-waspe-12000-puffs-fruchtig-kuehl-und-zollfrei-direkt-zu-ihnen-nach-hause\/","name":"Mango Ice In WASPE 12000 Puffs Fruchtig K\u00fchl Und Zollfrei Direkt Zu Ihnen Nach Hause | Vapingnet.de","isPartOf":{"@id":"https:\/\/vapingnet.de\/#website"},"primaryImageOfPage":{"@id":"https:\/\/vapingnet.de\/vape\/mango-ice-in-waspe-12000-puffs-fruchtig-kuehl-und-zollfrei-direkt-zu-ihnen-nach-hause\/#primaryimage"},"image":{"@id":"https:\/\/vapingnet.de\/vape\/mango-ice-in-waspe-12000-puffs-fruchtig-kuehl-und-zollfrei-direkt-zu-ihnen-nach-hause\/#primaryimage"},"thumbnailUrl":"https:\/\/vapingnet.de\/wp-content\/uploads\/2025\/04\/Mango-Ice.webp","datePublished":"2025-04-29T06:29:12+00:00","dateModified":"2026-04-15T09:13:23+00:00","description":"Entdecke Mango Ice In WASPE 12000 Puffs Fruchtig K\u00fchl Und Zollfrei Direkt Zu Ihnen Nach Hause bei vapingnet.de, \u25ba Gro\u00dfe Auswahl an Geschmacksrichtungen & super g\u00fcnstig!","breadcrumb":{"@id":"https:\/\/vapingnet.de\/vape\/mango-ice-in-waspe-12000-puffs-fruchtig-kuehl-und-zollfrei-direkt-zu-ihnen-nach-hause\/#breadcrumb"},"inLanguage":"sk-SK","potentialAction":[{"@type":"ReadAction","target":["https:\/\/vapingnet.de\/vape\/mango-ice-in-waspe-12000-puffs-fruchtig-kuehl-und-zollfrei-direkt-zu-ihnen-nach-hause\/"]}]},{"@type":"ImageObject","inLanguage":"sk-SK","@id":"https:\/\/vapingnet.de\/vape\/mango-ice-in-waspe-12000-puffs-fruchtig-kuehl-und-zollfrei-direkt-zu-ihnen-nach-hause\/#primaryimage","url":"https:\/\/vapingnet.de\/wp-content\/uploads\/2025\/04\/Mango-Ice.webp","contentUrl":"https:\/\/vapingnet.de\/wp-content\/uploads\/2025\/04\/Mango-Ice.webp","width":1000,"height":1000},{"@type":"BreadcrumbList","@id":"https:\/\/vapingnet.de\/vape\/mango-ice-in-waspe-12000-puffs-fruchtig-kuehl-und-zollfrei-direkt-zu-ihnen-nach-hause\/#breadcrumb","itemListElement":[{"@type":"ListItem","position":1,"name":"Home","item":"https:\/\/vapingnet.de\/"},{"@type":"ListItem","position":2,"name":"Shop","item":"https:\/\/vapingnet.de\/vape\/"},{"@type":"ListItem","position":3,"name":"Mango Ice In WASPE 12000 Puffs Fruchtig K\u00fchl Und Zollfrei Direkt Zu Ihnen Nach Hause"}]},{"@type":"WebSite","@id":"https:\/\/vapingnet.de\/#website","url":"https:\/\/vapingnet.de\/","name":"Vapingnet.de","description":"","publisher":{"@id":"https:\/\/vapingnet.de\/#organization"},"potentialAction":[{"@type":"SearchAction","target":{"@type":"EntryPoint","urlTemplate":"https:\/\/vapingnet.de\/?s={search_term_string}"},"query-input":{"@type":"PropertyValueSpecification","valueRequired":true,"valueName":"search_term_string"}}],"inLanguage":"sk-SK"},{"@type":"Organization","@id":"https:\/\/vapingnet.de\/#organization","name":"Vapingnet.de","url":"https:\/\/vapingnet.de\/","logo":{"@type":"ImageObject","inLanguage":"sk-SK","@id":"https:\/\/vapingnet.de\/#\/schema\/logo\/image\/","url":"https:\/\/vapingnet.de\/wp-content\/uploads\/2025\/03\/cropped-vapingnet.de_.jpg","contentUrl":"https:\/\/vapingnet.de\/wp-content\/uploads\/2025\/03\/cropped-vapingnet.de_.jpg","width":512,"height":512,"caption":"Vapingnet.de"},"image":{"@id":"https:\/\/vapingnet.de\/#\/schema\/logo\/image\/"},"sameAs":["https:\/\/www.facebook.com\/vapingnetde\/"]}]}},"tiered_pricing_type":"fixed","tiered_pricing_fixed_rules":[],"tiered_pricing_product_settings":{"layout":"default","base_unit_name":{"singular":null,"plural":null},"default_variation":null},"tiered_pricing_minimum_quantity":null,"tiered_pricing_roles_data":[],"tiered_pricing_percentage_rules":[],"_links":{"self":[{"href":"https:\/\/vapingnet.de\/sk\/wp-json\/wp\/v2\/product\/6640","targetHints":{"allow":["GET"]}}],"collection":[{"href":"https:\/\/vapingnet.de\/sk\/wp-json\/wp\/v2\/product"}],"about":[{"href":"https:\/\/vapingnet.de\/sk\/wp-json\/wp\/v2\/types\/product"}],"version-history":[{"count":1,"href":"https:\/\/vapingnet.de\/sk\/wp-json\/wp\/v2\/product\/6640\/revisions"}],"predecessor-version":[{"id":6648,"href":"https:\/\/vapingnet.de\/sk\/wp-json\/wp\/v2\/product\/6640\/revisions\/6648"}],"wp:featuredmedia":[{"embeddable":true,"href":"https:\/\/vapingnet.de\/sk\/wp-json\/wp\/v2\/media\/6606"}],"wp:attachment":[{"href":"https:\/\/vapingnet.de\/sk\/wp-json\/wp\/v2\/media?parent=6640"}],"wp:term":[{"taxonomy":"brand","embeddable":true,"href":"https:\/\/vapingnet.de\/sk\/wp-json\/wp\/v2\/etheme_brands?post=6640"},{"taxonomy":"product_brand","embeddable":true,"href":"https:\/\/vapingnet.de\/sk\/wp-json\/wp\/v2\/product_brand?post=6640"},{"taxonomy":"product_cat","embeddable":true,"href":"https:\/\/vapingnet.de\/sk\/wp-json\/wp\/v2\/product_cat?post=6640"},{"taxonomy":"product_tag","embeddable":true,"href":"https:\/\/vapingnet.de\/sk\/wp-json\/wp\/v2\/product_tag?post=6640"}],"curies":[{"name":"wp","href":"https:\/\/api.w.org\/{rel}","templated":true}]}}