{"id":6641,"date":"2025-04-29T06:29:14","date_gmt":"2025-04-29T06:29:14","guid":{"rendered":"https:\/\/vapingnet.de\/?post_type=product&#038;p=6641"},"modified":"2026-04-15T09:12:53","modified_gmt":"2026-04-15T09:12:53","slug":"waspe-12000-puffs-blueberry-raspberry-der-perfekte-frischekick-der-ueberall-gefragt-wird","status":"publish","type":"product","link":"https:\/\/vapingnet.de\/sk\/vape\/waspe-12000-puffs-blueberry-raspberry-der-perfekte-frischekick-der-ueberall-gefragt-wird\/","title":{"rendered":"WASPE 12000 Puffs Blueberry Raspberry Perfektn\u00fd svie\u017ei z\u00e1\u017eitok, ktor\u00fd je \u017eiadan\u00fd v\u0161ade"},"content":{"rendered":"<h2 class=\"\" data-start=\"28\" data-end=\"100\">WASPE 12000 Puffs \u2013 Jednorazov\u00e1 e-cigareta pre n\u00e1ro\u010dn\u00fdch faj\u010diarov<\/h2>\n<p class=\"\" data-start=\"102\" data-end=\"403\">WASPE 12000 Puffs je jednorazov\u00e1 e-cigareta, ktor\u00e1 sa vyzna\u010duje vysok\u00fdm v\u00fdkonom, jednoduch\u00fdm ovl\u00e1dan\u00edm a jedine\u010dnou chu\u0165ou. Ak h\u013ead\u00e1te spo\u013eahliv\u00fd a v\u00fdkonn\u00fd z\u00e1\u017eitok z vapovania, tento model je presne pre v\u00e1s.<\/p>\n<h3 class=\"\" data-start=\"405\" data-end=\"448\">Vlastnosti produktu a \u0161pecifik\u00e1cie<\/h3>\n<ul data-start=\"450\" data-end=\"858\">\n<li class=\"\" data-start=\"450\" data-end=\"487\">\n<p class=\"\" data-start=\"452\" data-end=\"487\">Mo\u017enosti nikot\u00ednu: 0%, 2%, 3%, 5%<\/p>\n<\/li>\n<li class=\"\" data-start=\"488\" data-end=\"519\">\n<p class=\"\" data-start=\"490\" data-end=\"519\">Kapacita e-liquidu: 20 ml<\/p>\n<\/li>\n<li class=\"\" data-start=\"520\" data-end=\"551\">\n<p class=\"\" data-start=\"522\" data-end=\"551\">Maxim\u00e1lny po\u010det \u0165ahov: 12000 \u0165ahov<\/p>\n<\/li>\n<li class=\"\" data-start=\"552\" data-end=\"597\">\n<p class=\"\" data-start=\"554\" data-end=\"597\">Bat\u00e9ria: 650mAh pre dlhodob\u00e9 pou\u017e\u00edvanie<\/p>\n<\/li>\n<li class=\"\" data-start=\"598\" data-end=\"648\">\n<p class=\"\" data-start=\"600\" data-end=\"648\">Nab\u00edjac\u00ed port: Type-C pre r\u00fdchle nab\u00edjanie<\/p>\n<\/li>\n<li class=\"\" data-start=\"649\" data-end=\"713\">\n<p class=\"\" data-start=\"651\" data-end=\"713\">Cievka: Mesh cievka 0.8 Ohm pre vynikaj\u00facu produkciu pary<\/p>\n<\/li>\n<li class=\"\" data-start=\"714\" data-end=\"762\">\n<p class=\"\" data-start=\"716\" data-end=\"762\">Odpor ohybu ohybu: Mesh Core 1.0\u03a9<\/p>\n<\/li>\n<li class=\"\" data-start=\"763\" data-end=\"799\">\n<p class=\"\" data-start=\"765\" data-end=\"799\">Hmotnos\u0165 produktu: 82 g na kus<\/p>\n<\/li>\n<li class=\"\" data-start=\"800\" data-end=\"858\">\n<p class=\"\" data-start=\"802\" data-end=\"858\">\u0160peci\u00e1lne vlastnosti: RGB osvetlenie a aktiv\u00e1cia \u0165ahom<\/p>\n<\/li>\n<\/ul>\n<h4 data-start=\"860\" data-end=\"908\">Chu\u0165ov\u00fd z\u00e1\u017eitok \u2013 Blueberry Raspberry<\/h4>\n<p class=\"\" data-start=\"910\" data-end=\"1183\">Chu\u0165 Blueberry Raspberry sp\u00e1ja sladk\u00fa \u010du\u010doriedku s \u010derstvou, mierne kyslou malinou a poskytuje osvie\u017euj\u00faci z\u00e1\u017eitok z vapovania. Ka\u017ed\u00fd \u0165ah prin\u00e1\u0161a expl\u00f3ziu chut\u00ed, ktor\u00e9 si vychutnaj\u00fa nielen za\u010diato\u010dn\u00edci, ale aj sk\u00fasen\u00ed vaperi.<\/p>\n<h3>V\u00fdhody WASPE 12000 potiahnut\u00ed<\/h3>\n<p class=\"\" data-start=\"1225\" data-end=\"1332\">WASPE 12000 Puffs pon\u00faka rad v\u00fdhod, ktor\u00e9 ju odli\u0161uj\u00fa od in\u00fdch jednorazov\u00fdch e cigariet:<\/p>\n<ul data-start=\"1334\" data-end=\"1964\">\n<li class=\"\" data-start=\"1334\" data-end=\"1515\">\n<p class=\"\" data-start=\"1336\" data-end=\"1515\">Dlh\u00e1 \u017eivotnos\u0165: S 12000 \u0165ahmi a kapacitou e-liquidu 20 ml si m\u00f4\u017eete zariadenie u\u017e\u00edva\u0165 dlh\u0161\u00ed \u010das bez nutnosti \u010dastej v\u00fdmeny.<\/p>\n<\/li>\n<li class=\"\" data-start=\"1516\" data-end=\"1670\">\n<p class=\"\" data-start=\"1518\" data-end=\"1670\">Jednoduch\u00e9 pou\u017eitie: Aktiv\u00e1cia \u0165ahom znamen\u00e1, \u017ee sta\u010d\u00ed \u0165aha\u0165 z \u00fastika, aby sa e-cigareta aktivovala. Nie je potrebn\u00e9 \u017eiadne tla\u010didlo.<\/p>\n<\/li>\n<li class=\"\" data-start=\"1671\" data-end=\"1812\">\n<p class=\"\" data-start=\"1673\" data-end=\"1812\">Modern\u00fd dizajn: RGB osvetlenie poskytuje vizu\u00e1lny z\u00e1\u017eitok a odli\u0161uje ho od be\u017en\u00fdch e cigariet.<\/p>\n<\/li>\n<li class=\"\" data-start=\"1813\" data-end=\"1964\">\n<p class=\"\" data-start=\"1815\" data-end=\"1964\">R\u00fdchle nab\u00edjanie: Typ-C nab\u00edjac\u00ed port umo\u017e\u0148uje r\u00fdchle nab\u00edjanie, tak\u017ee va\u0161e zariadenie je r\u00fdchlo pripraven\u00e9 na pou\u017eitie.<\/p>\n<\/li>\n<\/ul>\n<h4 data-start=\"1966\" data-end=\"2005\">Pre\u010do si vybra\u0165 WASPE 12000 Puffs?<\/h4>\n<p class=\"\" data-start=\"2007\" data-end=\"2303\">WASPE 12000 Puffs pon\u00faka nielen vysok\u00fd v\u00fdkon a pou\u017e\u00edvate\u013esky pr\u00edvetiv\u00e9 funkcie, ale je aj bezclov\u00e1 a s r\u00fdchlou dod\u00e1vkou do 7-15 pracovn\u00fdch dn\u00ed. S t\u00fdmto produktom si vychutn\u00e1te v\u00fdnimo\u010dn\u00fd z\u00e1\u017eitok z vapovania, ktor\u00fd v\u00e1m prinesie dlh\u00fa rados\u0165.<\/p>\n<p class=\"\" data-start=\"2342\" data-end=\"2565\">Ak si chcete k\u00fapi\u0165 WASPE 12000 Puffs, nav\u0161t\u00edvte jednoducho vapingnet.de. Vyu\u017eite r\u00fdchle doru\u010denie a jednoduch\u00e9 objedn\u00e1vanie, ktor\u00e9 v\u00e1m umo\u017en\u00ed bezprobl\u00e9mov\u00fd n\u00e1kup.<\/p>","protected":false},"excerpt":{"rendered":"<p>WASPE 12000 Puffs \u2013 Einweg-E-Zigarette f\u00fcr anspruchsvolle Dampfer Die WASPE 12000 Puffs ist eine Einweg-E-Zigarette, die sich durch ihre hohe Leistung, benutzerfreundliche Handhabung und einzigartigen&#8230;<\/p>","protected":false},"featured_media":6601,"template":"","meta":[],"etheme_brands":[],"product_brand":[98],"product_cat":[88,49,61],"product_tag":[],"class_list":{"0":"post-6641","1":"product","2":"type-product","3":"status-publish","4":"has-post-thumbnail","6":"product_brand-waspe-vape","7":"product_cat-12k-vape","8":"product_cat-einweg-e-zigarette","9":"product_cat-f","11":"first","12":"instock","13":"shipping-taxable","14":"purchasable","15":"product-type-variable"},"yoast_head":"<!-- This site is optimized with the Yoast SEO plugin v26.5 - https:\/\/yoast.com\/wordpress\/plugins\/seo\/ -->\n<title>WASPE 12000 Puffs Blueberry Raspberry Der Perfekte Frischekick Der \u00dcberall Gefragt Wird | Vapingnet.de<\/title>\n<meta name=\"description\" content=\"Entdecke WASPE 12000 Puffs Blueberry Raspberry Der Perfekte Frischekick Der \u00dcberall Gefragt Wird bei vapingnet.de, \u25ba Gro\u00dfe Auswahl an Geschmacksrichtungen &amp; super g\u00fcnstig!\" \/>\n<meta name=\"robots\" content=\"index, follow, max-snippet:-1, max-image-preview:large, max-video-preview:-1\" \/>\n<link rel=\"canonical\" href=\"https:\/\/vapingnet.de\/sk\/vape\/waspe-12000-puffs-blueberry-raspberry-der-perfekte-frischekick-der-ueberall-gefragt-wird\/\" \/>\n<meta property=\"og:locale\" content=\"sk_SK\" \/>\n<meta property=\"og:type\" content=\"article\" \/>\n<meta property=\"og:title\" content=\"WASPE 12000 Puffs Blueberry Raspberry Der Perfekte Frischekick Der \u00dcberall Gefragt Wird | Vapingnet.de\" \/>\n<meta property=\"og:description\" content=\"Entdecke WASPE 12000 Puffs Blueberry Raspberry Der Perfekte Frischekick Der \u00dcberall Gefragt Wird bei vapingnet.de, \u25ba Gro\u00dfe Auswahl an Geschmacksrichtungen &amp; super g\u00fcnstig!\" \/>\n<meta property=\"og:url\" content=\"https:\/\/vapingnet.de\/sk\/vape\/waspe-12000-puffs-blueberry-raspberry-der-perfekte-frischekick-der-ueberall-gefragt-wird\/\" \/>\n<meta property=\"og:site_name\" content=\"Vapingnet.de\" \/>\n<meta property=\"article:publisher\" content=\"https:\/\/www.facebook.com\/vapingnetde\/\" \/>\n<meta property=\"article:modified_time\" content=\"2026-04-15T09:12:53+00:00\" \/>\n<meta property=\"og:image\" content=\"https:\/\/vapingnet.de\/wp-content\/uploads\/2025\/04\/Blueberry-Raspberry-1.webp\" \/>\n\t<meta property=\"og:image:width\" content=\"1000\" \/>\n\t<meta property=\"og:image:height\" content=\"1000\" \/>\n\t<meta property=\"og:image:type\" content=\"image\/webp\" \/>\n<meta name=\"twitter:card\" content=\"summary_large_image\" \/>\n<meta name=\"twitter:label1\" content=\"Est. reading time\" \/>\n\t<meta name=\"twitter:data1\" content=\"2 minutes\" \/>\n<script type=\"application\/ld+json\" class=\"yoast-schema-graph\">{\"@context\":\"https:\/\/schema.org\",\"@graph\":[{\"@type\":\"WebPage\",\"@id\":\"https:\/\/vapingnet.de\/vape\/waspe-12000-puffs-blueberry-raspberry-der-perfekte-frischekick-der-ueberall-gefragt-wird\/\",\"url\":\"https:\/\/vapingnet.de\/vape\/waspe-12000-puffs-blueberry-raspberry-der-perfekte-frischekick-der-ueberall-gefragt-wird\/\",\"name\":\"WASPE 12000 Puffs Blueberry Raspberry Der Perfekte Frischekick Der \u00dcberall Gefragt Wird | Vapingnet.de\",\"isPartOf\":{\"@id\":\"https:\/\/vapingnet.de\/#website\"},\"primaryImageOfPage\":{\"@id\":\"https:\/\/vapingnet.de\/vape\/waspe-12000-puffs-blueberry-raspberry-der-perfekte-frischekick-der-ueberall-gefragt-wird\/#primaryimage\"},\"image\":{\"@id\":\"https:\/\/vapingnet.de\/vape\/waspe-12000-puffs-blueberry-raspberry-der-perfekte-frischekick-der-ueberall-gefragt-wird\/#primaryimage\"},\"thumbnailUrl\":\"https:\/\/vapingnet.de\/wp-content\/uploads\/2025\/04\/Blueberry-Raspberry-1.webp\",\"datePublished\":\"2025-04-29T06:29:14+00:00\",\"dateModified\":\"2026-04-15T09:12:53+00:00\",\"description\":\"Entdecke WASPE 12000 Puffs Blueberry Raspberry Der Perfekte Frischekick Der \u00dcberall Gefragt Wird bei vapingnet.de, \u25ba Gro\u00dfe Auswahl an Geschmacksrichtungen & super g\u00fcnstig!\",\"breadcrumb\":{\"@id\":\"https:\/\/vapingnet.de\/vape\/waspe-12000-puffs-blueberry-raspberry-der-perfekte-frischekick-der-ueberall-gefragt-wird\/#breadcrumb\"},\"inLanguage\":\"sk-SK\",\"potentialAction\":[{\"@type\":\"ReadAction\",\"target\":[\"https:\/\/vapingnet.de\/vape\/waspe-12000-puffs-blueberry-raspberry-der-perfekte-frischekick-der-ueberall-gefragt-wird\/\"]}]},{\"@type\":\"ImageObject\",\"inLanguage\":\"sk-SK\",\"@id\":\"https:\/\/vapingnet.de\/vape\/waspe-12000-puffs-blueberry-raspberry-der-perfekte-frischekick-der-ueberall-gefragt-wird\/#primaryimage\",\"url\":\"https:\/\/vapingnet.de\/wp-content\/uploads\/2025\/04\/Blueberry-Raspberry-1.webp\",\"contentUrl\":\"https:\/\/vapingnet.de\/wp-content\/uploads\/2025\/04\/Blueberry-Raspberry-1.webp\",\"width\":1000,\"height\":1000},{\"@type\":\"BreadcrumbList\",\"@id\":\"https:\/\/vapingnet.de\/vape\/waspe-12000-puffs-blueberry-raspberry-der-perfekte-frischekick-der-ueberall-gefragt-wird\/#breadcrumb\",\"itemListElement\":[{\"@type\":\"ListItem\",\"position\":1,\"name\":\"Home\",\"item\":\"https:\/\/vapingnet.de\/\"},{\"@type\":\"ListItem\",\"position\":2,\"name\":\"Shop\",\"item\":\"https:\/\/vapingnet.de\/vape\/\"},{\"@type\":\"ListItem\",\"position\":3,\"name\":\"WASPE 12000 Puffs Blueberry Raspberry Der Perfekte Frischekick Der \u00dcberall Gefragt Wird\"}]},{\"@type\":\"WebSite\",\"@id\":\"https:\/\/vapingnet.de\/#website\",\"url\":\"https:\/\/vapingnet.de\/\",\"name\":\"Vapingnet.de\",\"description\":\"\",\"publisher\":{\"@id\":\"https:\/\/vapingnet.de\/#organization\"},\"potentialAction\":[{\"@type\":\"SearchAction\",\"target\":{\"@type\":\"EntryPoint\",\"urlTemplate\":\"https:\/\/vapingnet.de\/?s={search_term_string}\"},\"query-input\":{\"@type\":\"PropertyValueSpecification\",\"valueRequired\":true,\"valueName\":\"search_term_string\"}}],\"inLanguage\":\"sk-SK\"},{\"@type\":\"Organization\",\"@id\":\"https:\/\/vapingnet.de\/#organization\",\"name\":\"Vapingnet.de\",\"url\":\"https:\/\/vapingnet.de\/\",\"logo\":{\"@type\":\"ImageObject\",\"inLanguage\":\"sk-SK\",\"@id\":\"https:\/\/vapingnet.de\/#\/schema\/logo\/image\/\",\"url\":\"https:\/\/vapingnet.de\/wp-content\/uploads\/2025\/03\/cropped-vapingnet.de_.jpg\",\"contentUrl\":\"https:\/\/vapingnet.de\/wp-content\/uploads\/2025\/03\/cropped-vapingnet.de_.jpg\",\"width\":512,\"height\":512,\"caption\":\"Vapingnet.de\"},\"image\":{\"@id\":\"https:\/\/vapingnet.de\/#\/schema\/logo\/image\/\"},\"sameAs\":[\"https:\/\/www.facebook.com\/vapingnetde\/\"]}]}<\/script>\n<!-- \/ Yoast SEO plugin. -->","yoast_head_json":{"title":"WASPE 12000 Puffs Blueberry Raspberry Der Perfekte Frischekick Der \u00dcberall Gefragt Wird | Vapingnet.de","description":"Entdecke WASPE 12000 Puffs Blueberry Raspberry Der Perfekte Frischekick Der \u00dcberall Gefragt Wird bei vapingnet.de, \u25ba Gro\u00dfe Auswahl an Geschmacksrichtungen & super g\u00fcnstig!","robots":{"index":"index","follow":"follow","max-snippet":"max-snippet:-1","max-image-preview":"max-image-preview:large","max-video-preview":"max-video-preview:-1"},"canonical":"https:\/\/vapingnet.de\/sk\/vape\/waspe-12000-puffs-blueberry-raspberry-der-perfekte-frischekick-der-ueberall-gefragt-wird\/","og_locale":"sk_SK","og_type":"article","og_title":"WASPE 12000 Puffs Blueberry Raspberry Der Perfekte Frischekick Der \u00dcberall Gefragt Wird | Vapingnet.de","og_description":"Entdecke WASPE 12000 Puffs Blueberry Raspberry Der Perfekte Frischekick Der \u00dcberall Gefragt Wird bei vapingnet.de, \u25ba Gro\u00dfe Auswahl an Geschmacksrichtungen & super g\u00fcnstig!","og_url":"https:\/\/vapingnet.de\/sk\/vape\/waspe-12000-puffs-blueberry-raspberry-der-perfekte-frischekick-der-ueberall-gefragt-wird\/","og_site_name":"Vapingnet.de","article_publisher":"https:\/\/www.facebook.com\/vapingnetde\/","article_modified_time":"2026-04-15T09:12:53+00:00","og_image":[{"width":1000,"height":1000,"url":"https:\/\/vapingnet.de\/wp-content\/uploads\/2025\/04\/Blueberry-Raspberry-1.webp","type":"image\/webp"}],"twitter_card":"summary_large_image","twitter_misc":{"Est. reading time":"2 minutes"},"schema":{"@context":"https:\/\/schema.org","@graph":[{"@type":"WebPage","@id":"https:\/\/vapingnet.de\/vape\/waspe-12000-puffs-blueberry-raspberry-der-perfekte-frischekick-der-ueberall-gefragt-wird\/","url":"https:\/\/vapingnet.de\/vape\/waspe-12000-puffs-blueberry-raspberry-der-perfekte-frischekick-der-ueberall-gefragt-wird\/","name":"WASPE 12000 Puffs Blueberry Raspberry Der Perfekte Frischekick Der \u00dcberall Gefragt Wird | Vapingnet.de","isPartOf":{"@id":"https:\/\/vapingnet.de\/#website"},"primaryImageOfPage":{"@id":"https:\/\/vapingnet.de\/vape\/waspe-12000-puffs-blueberry-raspberry-der-perfekte-frischekick-der-ueberall-gefragt-wird\/#primaryimage"},"image":{"@id":"https:\/\/vapingnet.de\/vape\/waspe-12000-puffs-blueberry-raspberry-der-perfekte-frischekick-der-ueberall-gefragt-wird\/#primaryimage"},"thumbnailUrl":"https:\/\/vapingnet.de\/wp-content\/uploads\/2025\/04\/Blueberry-Raspberry-1.webp","datePublished":"2025-04-29T06:29:14+00:00","dateModified":"2026-04-15T09:12:53+00:00","description":"Entdecke WASPE 12000 Puffs Blueberry Raspberry Der Perfekte Frischekick Der \u00dcberall Gefragt Wird bei vapingnet.de, \u25ba Gro\u00dfe Auswahl an Geschmacksrichtungen & super g\u00fcnstig!","breadcrumb":{"@id":"https:\/\/vapingnet.de\/vape\/waspe-12000-puffs-blueberry-raspberry-der-perfekte-frischekick-der-ueberall-gefragt-wird\/#breadcrumb"},"inLanguage":"sk-SK","potentialAction":[{"@type":"ReadAction","target":["https:\/\/vapingnet.de\/vape\/waspe-12000-puffs-blueberry-raspberry-der-perfekte-frischekick-der-ueberall-gefragt-wird\/"]}]},{"@type":"ImageObject","inLanguage":"sk-SK","@id":"https:\/\/vapingnet.de\/vape\/waspe-12000-puffs-blueberry-raspberry-der-perfekte-frischekick-der-ueberall-gefragt-wird\/#primaryimage","url":"https:\/\/vapingnet.de\/wp-content\/uploads\/2025\/04\/Blueberry-Raspberry-1.webp","contentUrl":"https:\/\/vapingnet.de\/wp-content\/uploads\/2025\/04\/Blueberry-Raspberry-1.webp","width":1000,"height":1000},{"@type":"BreadcrumbList","@id":"https:\/\/vapingnet.de\/vape\/waspe-12000-puffs-blueberry-raspberry-der-perfekte-frischekick-der-ueberall-gefragt-wird\/#breadcrumb","itemListElement":[{"@type":"ListItem","position":1,"name":"Home","item":"https:\/\/vapingnet.de\/"},{"@type":"ListItem","position":2,"name":"Shop","item":"https:\/\/vapingnet.de\/vape\/"},{"@type":"ListItem","position":3,"name":"WASPE 12000 Puffs Blueberry Raspberry Der Perfekte Frischekick Der \u00dcberall Gefragt Wird"}]},{"@type":"WebSite","@id":"https:\/\/vapingnet.de\/#website","url":"https:\/\/vapingnet.de\/","name":"Vapingnet.de","description":"","publisher":{"@id":"https:\/\/vapingnet.de\/#organization"},"potentialAction":[{"@type":"SearchAction","target":{"@type":"EntryPoint","urlTemplate":"https:\/\/vapingnet.de\/?s={search_term_string}"},"query-input":{"@type":"PropertyValueSpecification","valueRequired":true,"valueName":"search_term_string"}}],"inLanguage":"sk-SK"},{"@type":"Organization","@id":"https:\/\/vapingnet.de\/#organization","name":"Vapingnet.de","url":"https:\/\/vapingnet.de\/","logo":{"@type":"ImageObject","inLanguage":"sk-SK","@id":"https:\/\/vapingnet.de\/#\/schema\/logo\/image\/","url":"https:\/\/vapingnet.de\/wp-content\/uploads\/2025\/03\/cropped-vapingnet.de_.jpg","contentUrl":"https:\/\/vapingnet.de\/wp-content\/uploads\/2025\/03\/cropped-vapingnet.de_.jpg","width":512,"height":512,"caption":"Vapingnet.de"},"image":{"@id":"https:\/\/vapingnet.de\/#\/schema\/logo\/image\/"},"sameAs":["https:\/\/www.facebook.com\/vapingnetde\/"]}]}},"tiered_pricing_type":"fixed","tiered_pricing_fixed_rules":[],"tiered_pricing_product_settings":{"layout":"default","base_unit_name":{"singular":null,"plural":null},"default_variation":null},"tiered_pricing_minimum_quantity":null,"tiered_pricing_roles_data":[],"tiered_pricing_percentage_rules":[],"_links":{"self":[{"href":"https:\/\/vapingnet.de\/sk\/wp-json\/wp\/v2\/product\/6641","targetHints":{"allow":["GET"]}}],"collection":[{"href":"https:\/\/vapingnet.de\/sk\/wp-json\/wp\/v2\/product"}],"about":[{"href":"https:\/\/vapingnet.de\/sk\/wp-json\/wp\/v2\/types\/product"}],"version-history":[{"count":1,"href":"https:\/\/vapingnet.de\/sk\/wp-json\/wp\/v2\/product\/6641\/revisions"}],"predecessor-version":[{"id":6649,"href":"https:\/\/vapingnet.de\/sk\/wp-json\/wp\/v2\/product\/6641\/revisions\/6649"}],"wp:featuredmedia":[{"embeddable":true,"href":"https:\/\/vapingnet.de\/sk\/wp-json\/wp\/v2\/media\/6601"}],"wp:attachment":[{"href":"https:\/\/vapingnet.de\/sk\/wp-json\/wp\/v2\/media?parent=6641"}],"wp:term":[{"taxonomy":"brand","embeddable":true,"href":"https:\/\/vapingnet.de\/sk\/wp-json\/wp\/v2\/etheme_brands?post=6641"},{"taxonomy":"product_brand","embeddable":true,"href":"https:\/\/vapingnet.de\/sk\/wp-json\/wp\/v2\/product_brand?post=6641"},{"taxonomy":"product_cat","embeddable":true,"href":"https:\/\/vapingnet.de\/sk\/wp-json\/wp\/v2\/product_cat?post=6641"},{"taxonomy":"product_tag","embeddable":true,"href":"https:\/\/vapingnet.de\/sk\/wp-json\/wp\/v2\/product_tag?post=6641"}],"curies":[{"name":"wp","href":"https:\/\/api.w.org\/{rel}","templated":true}]}}