{"id":6643,"date":"2025-04-29T06:29:17","date_gmt":"2025-04-29T06:29:17","guid":{"rendered":"https:\/\/vapingnet.de\/?post_type=product&#038;p=6643"},"modified":"2025-06-19T03:45:11","modified_gmt":"2025-06-19T03:45:11","slug":"waspe-12000-puffs-strawberry-kimi-der-frische-kick-der-ihre-vaping-erfahrung-veraendert","status":"publish","type":"product","link":"https:\/\/vapingnet.de\/sk\/vape\/waspe-12000-puffs-strawberry-kimi-der-frische-kick-der-ihre-vaping-erfahrung-veraendert\/","title":{"rendered":"WASPE 12000 Puffs Strawberry Kimi Svie\u017ei z\u00e1\u017eitok, ktor\u00fd men\u00ed va\u0161u vapov\u00fa sk\u00fasenos\u0165"},"content":{"rendered":"<h2 data-start=\"0\" data-end=\"77\" data-immersive-translate-walked=\"11e8ed76-212f-417f-a5c3-4b85fc4595e4\">WASPE 12000 Puffs: Revol\u00facia v oblasti jednorazov\u00fdch e-cigariet<\/h2>\n<p class=\"\" data-start=\"79\" data-end=\"496\" data-immersive-translate-walked=\"11e8ed76-212f-417f-a5c3-4b85fc4595e4\" data-immersive-translate-paragraph=\"1\">WASPE 12000 Puffs je jednou z najpokro\u010dilej\u0161\u00edch jednorazov\u00fdch e-cigariet na trhu. S najmodernej\u0161ou technol\u00f3giou, vysokou kapacitou a pou\u017e\u00edvate\u013esky pr\u00edvetiv\u00fdm dizajnom pon\u00faka v\u00fdnimo\u010dn\u00fd z\u00e1\u017eitok z vapovania pre v\u0161etk\u00fdch, ktor\u00ed h\u013eadaj\u00fa spo\u013eahliv\u00e9 a pohodln\u00e9 zariadenie. T\u00e1to e-cigareta je vhodn\u00e1 nielen pre za\u010diato\u010dn\u00edkov, ale aj pre sk\u00fasen\u00fdch vap\u00e9rov, ktor\u00ed klad\u00fa d\u00f4raz na kvalitu a v\u00fdkon.<\/p>\n<h3 class=\"\" data-start=\"498\" data-end=\"542\" data-immersive-translate-walked=\"11e8ed76-212f-417f-a5c3-4b85fc4595e4\">Preh\u013ead o WASPE 12000 Puffs<\/h3>\n<p class=\"\" data-start=\"544\" data-end=\"807\" data-immersive-translate-walked=\"11e8ed76-212f-417f-a5c3-4b85fc4595e4\" data-immersive-translate-paragraph=\"1\">WASPE 12000 Puffs sp\u00e1ja impozantn\u00fd po\u010det potiahnut\u00ed, jednoduch\u00e9 ovl\u00e1danie a \u0161t\u00fdlov\u00fd dizajn. Je to jednorazov\u00e1 e-cigareta, ktor\u00e1 je vybaven\u00e1 20 ml n\u00e1dr\u017ekou na e-liquid a pon\u00faka rad inovat\u00edvnych funkci\u00ed.<\/p>\n<ul data-start=\"809\" data-end=\"1399\" data-immersive-translate-walked=\"11e8ed76-212f-417f-a5c3-4b85fc4595e4\">\n<li class=\"\" data-start=\"809\" data-end=\"935\" data-immersive-translate-walked=\"11e8ed76-212f-417f-a5c3-4b85fc4595e4\">\n<p class=\"\" data-start=\"811\" data-end=\"935\" data-immersive-translate-walked=\"11e8ed76-212f-417f-a5c3-4b85fc4595e4\" data-immersive-translate-paragraph=\"1\">12000 potiahnut\u00ed: S ohromnou kapacitou 12000 potiahnut\u00ed pon\u00faka t\u00e1to e-cigareta mimoriadne dlh\u00fa \u017eivotnos\u0165.<\/p>\n<\/li>\n<li class=\"\" data-start=\"936\" data-end=\"1038\" data-immersive-translate-walked=\"11e8ed76-212f-417f-a5c3-4b85fc4595e4\">\n<p class=\"\" data-start=\"938\" data-end=\"1038\" data-immersive-translate-walked=\"11e8ed76-212f-417f-a5c3-4b85fc4595e4\" data-immersive-translate-paragraph=\"1\">Nab\u00edjac\u00ed port: 650 mAh bat\u00e9ria sa d\u00e1 r\u00fdchlo a efekt\u00edvne nabi\u0165 pomocou Type-C konektora.<\/p>\n<\/li>\n<li class=\"\" data-start=\"1039\" data-end=\"1161\" data-immersive-translate-walked=\"11e8ed76-212f-417f-a5c3-4b85fc4595e4\">\n<p class=\"\" data-start=\"1041\" data-end=\"1161\" data-immersive-translate-walked=\"11e8ed76-212f-417f-a5c3-4b85fc4595e4\" data-immersive-translate-paragraph=\"1\">Mesh-\u0161pir\u00e1lov\u00e1 technol\u00f3gia: 0,8 Ohm Mesh-\u0161pir\u00e1l zabezpe\u010duje rovnomern\u00fa produkciu pary a jasn\u00fa chu\u0165.<\/p>\n<\/li>\n<li class=\"\" data-start=\"1162\" data-end=\"1270\" data-immersive-translate-walked=\"11e8ed76-212f-417f-a5c3-4b85fc4595e4\">\n<p class=\"\" data-start=\"1164\" data-end=\"1270\" data-immersive-translate-walked=\"11e8ed76-212f-417f-a5c3-4b85fc4595e4\" data-immersive-translate-paragraph=\"1\">RGB osvetlenie: Integrovan\u00e9 RGB osvetlenie dod\u00e1va zariadeniu modern\u00fd vizu\u00e1lny prvok.<\/p>\n<\/li>\n<li class=\"\" data-start=\"1271\" data-end=\"1399\" data-immersive-translate-walked=\"11e8ed76-212f-417f-a5c3-4b85fc4595e4\">\n<p class=\"\" data-start=\"1273\" data-end=\"1399\" data-immersive-translate-walked=\"11e8ed76-212f-417f-a5c3-4b85fc4595e4\" data-immersive-translate-paragraph=\"1\">Aktiv\u00e1cia potiahnut\u00edm: V\u010faka aktiv\u00e1cii potiahnut\u00edm sa zariadenie automaticky spust\u00ed, ke\u010f na\u0148 potiahnete \u2013 nie s\u00fa potrebn\u00e9 \u017eiadne tla\u010didl\u00e1.<\/p>\n<\/li>\n<\/ul>\n<h4>V\u00fdkon a technol\u00f3gia<\/h4>\n<p class=\"\" data-start=\"1435\" data-end=\"1467\" data-immersive-translate-walked=\"11e8ed76-212f-417f-a5c3-4b85fc4595e4\">E-liquid a produkcia pary<\/p>\n<p class=\"\" data-start=\"1469\" data-end=\"1885\" data-immersive-translate-walked=\"11e8ed76-212f-417f-a5c3-4b85fc4595e4\" data-immersive-translate-paragraph=\"1\">WASPE 12000 Puffs prich\u00e1dza s 20 ml kvalitn\u00e9ho e-liquidu, ktor\u00fd poskytuje dostato\u010dn\u00fa kapacitu na dosiahnutie impozantn\u00fdch 12000 potiahnut\u00ed. Zariadenie je navrhnut\u00e9 tak, aby umo\u017e\u0148ovalo rovnomern\u00e9 vapovanie, pri\u010dom \u0161pir\u00e1lov\u00e1 technol\u00f3gia je obzvl\u00e1\u0161\u0165 v\u00fdrazn\u00e1. S odporom 0,8 Ohm \u0161pir\u00e1la zabezpe\u010duje ide\u00e1lne tvorenie pary a intenz\u00edvnu chu\u0165, ktor\u00e1 zvy\u0161uje z\u00e1\u017eitok z vapovania.<\/p>\n<p class=\"\" data-start=\"1887\" data-end=\"1919\" data-immersive-translate-walked=\"11e8ed76-212f-417f-a5c3-4b85fc4595e4\">Bat\u00e9ria a r\u00fdchlos\u0165 nab\u00edjania<\/p>\n<p class=\"\" data-start=\"1921\" data-end=\"2171\" data-immersive-translate-walked=\"11e8ed76-212f-417f-a5c3-4b85fc4595e4\" data-immersive-translate-paragraph=\"1\">S 650 mAh bat\u00e9riou pon\u00faka WASPE 12000 Puffs dostatok energie na dlh\u00e9 pou\u017e\u00edvanie. Bat\u00e9ria sa d\u00e1 r\u00fdchlo nabi\u0165 pomocou modern\u00e9ho Type-C konektora, \u010do je obzvl\u00e1\u0161\u0165 praktick\u00e9, ke\u010f ste na cest\u00e1ch alebo nem\u00e1te ve\u013ea \u010dasu na nab\u00edjanie.<\/p>\n<h4>Dizajn a obsluha<\/h4>\n<p class=\"\" data-start=\"2204\" data-end=\"2233\" data-immersive-translate-walked=\"11e8ed76-212f-417f-a5c3-4b85fc4595e4\">Elegantn\u00e9 RGB osvetlenie<\/p>\n<p class=\"\" data-start=\"2235\" data-end=\"2504\" data-immersive-translate-walked=\"11e8ed76-212f-417f-a5c3-4b85fc4595e4\" data-immersive-translate-paragraph=\"1\">Dizajn WASPE 12000 Puffs vynik\u00e1 v\u010faka RGB osvetleniu. Toto farebne meniace LED osvetlenie nie je len vizu\u00e1lnym prvkom, ale aj zabezpe\u010duje jedine\u010dn\u00fd z\u00e1\u017eitok z vapovania, ktor\u00fd v tmav\u0161\u00edch prostrediach vyzer\u00e1 obzvl\u00e1\u0161\u0165 dobre.<\/p>\n<p class=\"\" data-start=\"2506\" data-end=\"2549\" data-immersive-translate-walked=\"11e8ed76-212f-417f-a5c3-4b85fc4595e4\">Jednoduch\u00e9 pou\u017e\u00edvanie aktiv\u00e1ciou potiahnut\u00edm<\/p>\n<p class=\"\" data-start=\"2551\" data-end=\"2910\" data-immersive-translate-walked=\"11e8ed76-212f-417f-a5c3-4b85fc4595e4\" data-immersive-translate-paragraph=\"1\">\u010eal\u0161ou praktickou funkciou WASPE 12000 Puffs je aktiv\u00e1cia potiahnut\u00edm. To znamen\u00e1, \u017ee zariadenie sa automaticky aktivuje, ke\u010f na\u0148 potiahne pou\u017e\u00edvate\u013e. Nie s\u00fa potrebn\u00e9 \u017eiadne tla\u010didl\u00e1 ani zlo\u017eit\u00e9 nastavenia, \u010do rob\u00ed obsluhu mimoriadne jednoduchou \u2013 ide\u00e1lne pre za\u010diato\u010dn\u00edkov a v\u0161etk\u00fdch, ktor\u00ed h\u013eadaj\u00fa jednoduch\u00fd z\u00e1\u017eitok z vapovania.<\/p>\n<h4>z\u00e1\u017eitok z chuti<\/h4>\n<p class=\"\" data-start=\"2940\" data-end=\"3287\" data-immersive-translate-walked=\"11e8ed76-212f-417f-a5c3-4b85fc4595e4\" data-immersive-translate-paragraph=\"1\">WASPE 12000 Puffs pon\u00faka \u0161irok\u00fa \u0161k\u00e1lu pr\u00edchut\u00ed, pri\u010dom \u0161peci\u00e1lne vyzdvihnime variant \u201eStrawberry Kimi\u201c. \u010cerstv\u00e1 a sladk\u00e1 chu\u0165 jahody je v\u010faka vysokej kvalite e-liquidu intenz\u00edvnym a dlhotrvaj\u00facim z\u00e1\u017eitkom, ktor\u00fd oslov\u00ed nielen za\u010diato\u010dn\u00edkov, ale aj sk\u00fasen\u00fdch vap\u00e9rov.<\/p>\n<h4>Doprava a da\u0148ov\u00e9 v\u00fdhody<\/h4>\n<p class=\"\" data-start=\"3331\" data-end=\"3618\" data-immersive-translate-walked=\"11e8ed76-212f-417f-a5c3-4b85fc4595e4\" data-immersive-translate-paragraph=\"1\">V\u00fdraznou vlastnos\u0165ou WASPE 12000 Puffs je bezcoln\u00fd n\u00e1kup prostredn\u00edctvom platformy vapingnet.de. To umo\u017e\u0148uje kupuj\u00facim zak\u00fapi\u0165 produkt za v\u00fdhodnej\u0161iu cenu. Doru\u010denie prebieha do 7 a\u017e 15 pracovn\u00fdch dn\u00ed, \u010do zabezpe\u010duje r\u00fdchle dodanie.<\/p>\n<p class=\"\" data-start=\"3635\" data-end=\"4268\" data-immersive-translate-walked=\"11e8ed76-212f-417f-a5c3-4b85fc4595e4\" data-immersive-translate-paragraph=\"1\">WASPE 12000 Puffs pon\u00faka v\u00fdnimo\u010dn\u00fa kombin\u00e1ciu dlhej \u017eivotnosti, jednoduch\u00e9ho ovl\u00e1dania a atrakt\u00edvneho dizajnu. S vysok\u00fdm po\u010dtom potiahnut\u00ed 12000, RGB osvetlen\u00edm, jednoduchou aktiv\u00e1ciou a vynikaj\u00facou chu\u0165ou E-liquidu je tento model vynikaj\u00facou vo\u013ebou pre vapovanie v\u0161etk\u00fdch \u00farovn\u00ed sk\u00fasenost\u00ed. Mo\u017enos\u0165 bezcoln\u00e9ho n\u00e1kupu e-cigarety rob\u00ed produkt e\u0161te atrakt\u00edvnej\u0161\u00edm. Kto h\u013ead\u00e1 v\u00fdkonn\u00fd, \u0161t\u00fdlov\u00fd a jednoduch\u00fd z\u00e1\u017eitok z vapovania, s WASPE 12000 Puffs ur\u010dite nebude sklaman\u00fd.<\/p>","protected":false},"excerpt":{"rendered":"<p>Die WASPE 12000 Puffs: Eine Revolution im Bereich der Einweg-E-Zigaretten Die WASPE 12000 Puffs ist eine der fortschrittlichsten Einweg-E-Zigaretten auf dem Markt. Mit modernster Technik,&#8230;<\/p>","protected":false},"featured_media":6608,"template":"","meta":[],"etheme_brands":[],"product_brand":[98],"product_cat":[88,49,61],"product_tag":[],"class_list":{"0":"post-6643","1":"product","2":"type-product","3":"status-publish","4":"has-post-thumbnail","6":"product_brand-waspe-vape","7":"product_cat-12k-vape","8":"product_cat-einweg-e-zigarette","9":"product_cat-f","11":"first","12":"instock","13":"shipping-taxable","14":"purchasable","15":"product-type-simple"},"yoast_head":"<!-- This site is optimized with the Yoast SEO plugin v26.5 - https:\/\/yoast.com\/wordpress\/plugins\/seo\/ -->\n<title>WASPE 12000 Puffs Strawberry Kimi Der Frische Kick Der Ihre Vaping-Erfahrung Ver\u00e4ndert | Vapingnet.de<\/title>\n<meta name=\"description\" content=\"Entdecke WASPE 12000 Puffs Strawberry Kimi Der Frische Kick Der Ihre Vaping-Erfahrung Ver\u00e4ndert bei vapingnet.de, \u25ba Gro\u00dfe Auswahl an Geschmacksrichtungen &amp; super g\u00fcnstig!\" \/>\n<meta name=\"robots\" content=\"index, follow, max-snippet:-1, max-image-preview:large, max-video-preview:-1\" \/>\n<link rel=\"canonical\" href=\"https:\/\/vapingnet.de\/sk\/vape\/waspe-12000-puffs-strawberry-kimi-der-frische-kick-der-ihre-vaping-erfahrung-veraendert\/\" \/>\n<meta property=\"og:locale\" content=\"sk_SK\" \/>\n<meta property=\"og:type\" content=\"article\" \/>\n<meta property=\"og:title\" content=\"WASPE 12000 Puffs Strawberry Kimi Der Frische Kick Der Ihre Vaping-Erfahrung Ver\u00e4ndert | Vapingnet.de\" \/>\n<meta property=\"og:description\" content=\"Entdecke WASPE 12000 Puffs Strawberry Kimi Der Frische Kick Der Ihre Vaping-Erfahrung Ver\u00e4ndert bei vapingnet.de, \u25ba Gro\u00dfe Auswahl an Geschmacksrichtungen &amp; super g\u00fcnstig!\" \/>\n<meta property=\"og:url\" content=\"https:\/\/vapingnet.de\/sk\/vape\/waspe-12000-puffs-strawberry-kimi-der-frische-kick-der-ihre-vaping-erfahrung-veraendert\/\" \/>\n<meta property=\"og:site_name\" content=\"Vapingnet.de\" \/>\n<meta property=\"article:publisher\" content=\"https:\/\/www.facebook.com\/vapingnetde\/\" \/>\n<meta property=\"article:modified_time\" content=\"2025-06-19T03:45:11+00:00\" \/>\n<meta property=\"og:image\" content=\"https:\/\/vapingnet.de\/wp-content\/uploads\/2025\/04\/Strawberry-Kiwi-2.webp\" \/>\n\t<meta property=\"og:image:width\" content=\"1000\" \/>\n\t<meta property=\"og:image:height\" content=\"1000\" \/>\n\t<meta property=\"og:image:type\" content=\"image\/webp\" \/>\n<meta name=\"twitter:card\" content=\"summary_large_image\" \/>\n<meta name=\"twitter:label1\" content=\"Est. reading time\" \/>\n\t<meta name=\"twitter:data1\" content=\"4 minutes\" \/>\n<script type=\"application\/ld+json\" class=\"yoast-schema-graph\">{\"@context\":\"https:\/\/schema.org\",\"@graph\":[{\"@type\":\"WebPage\",\"@id\":\"https:\/\/vapingnet.de\/vape\/waspe-12000-puffs-strawberry-kimi-der-frische-kick-der-ihre-vaping-erfahrung-veraendert\/\",\"url\":\"https:\/\/vapingnet.de\/vape\/waspe-12000-puffs-strawberry-kimi-der-frische-kick-der-ihre-vaping-erfahrung-veraendert\/\",\"name\":\"WASPE 12000 Puffs Strawberry Kimi Der Frische Kick Der Ihre Vaping-Erfahrung Ver\u00e4ndert | Vapingnet.de\",\"isPartOf\":{\"@id\":\"https:\/\/vapingnet.de\/#website\"},\"primaryImageOfPage\":{\"@id\":\"https:\/\/vapingnet.de\/vape\/waspe-12000-puffs-strawberry-kimi-der-frische-kick-der-ihre-vaping-erfahrung-veraendert\/#primaryimage\"},\"image\":{\"@id\":\"https:\/\/vapingnet.de\/vape\/waspe-12000-puffs-strawberry-kimi-der-frische-kick-der-ihre-vaping-erfahrung-veraendert\/#primaryimage\"},\"thumbnailUrl\":\"https:\/\/vapingnet.de\/wp-content\/uploads\/2025\/04\/Strawberry-Kiwi-2.webp\",\"datePublished\":\"2025-04-29T06:29:17+00:00\",\"dateModified\":\"2025-06-19T03:45:11+00:00\",\"description\":\"Entdecke WASPE 12000 Puffs Strawberry Kimi Der Frische Kick Der Ihre Vaping-Erfahrung Ver\u00e4ndert bei vapingnet.de, \u25ba Gro\u00dfe Auswahl an Geschmacksrichtungen & super g\u00fcnstig!\",\"breadcrumb\":{\"@id\":\"https:\/\/vapingnet.de\/vape\/waspe-12000-puffs-strawberry-kimi-der-frische-kick-der-ihre-vaping-erfahrung-veraendert\/#breadcrumb\"},\"inLanguage\":\"sk-SK\",\"potentialAction\":[{\"@type\":\"ReadAction\",\"target\":[\"https:\/\/vapingnet.de\/vape\/waspe-12000-puffs-strawberry-kimi-der-frische-kick-der-ihre-vaping-erfahrung-veraendert\/\"]}]},{\"@type\":\"ImageObject\",\"inLanguage\":\"sk-SK\",\"@id\":\"https:\/\/vapingnet.de\/vape\/waspe-12000-puffs-strawberry-kimi-der-frische-kick-der-ihre-vaping-erfahrung-veraendert\/#primaryimage\",\"url\":\"https:\/\/vapingnet.de\/wp-content\/uploads\/2025\/04\/Strawberry-Kiwi-2.webp\",\"contentUrl\":\"https:\/\/vapingnet.de\/wp-content\/uploads\/2025\/04\/Strawberry-Kiwi-2.webp\",\"width\":1000,\"height\":1000},{\"@type\":\"BreadcrumbList\",\"@id\":\"https:\/\/vapingnet.de\/vape\/waspe-12000-puffs-strawberry-kimi-der-frische-kick-der-ihre-vaping-erfahrung-veraendert\/#breadcrumb\",\"itemListElement\":[{\"@type\":\"ListItem\",\"position\":1,\"name\":\"Home\",\"item\":\"https:\/\/vapingnet.de\/\"},{\"@type\":\"ListItem\",\"position\":2,\"name\":\"Shop\",\"item\":\"https:\/\/vapingnet.de\/vape\/\"},{\"@type\":\"ListItem\",\"position\":3,\"name\":\"WASPE 12000 Puffs Strawberry Kimi Der Frische Kick Der Ihre Vaping-Erfahrung Ver\u00e4ndert\"}]},{\"@type\":\"WebSite\",\"@id\":\"https:\/\/vapingnet.de\/#website\",\"url\":\"https:\/\/vapingnet.de\/\",\"name\":\"Vapingnet.de\",\"description\":\"\",\"publisher\":{\"@id\":\"https:\/\/vapingnet.de\/#organization\"},\"potentialAction\":[{\"@type\":\"SearchAction\",\"target\":{\"@type\":\"EntryPoint\",\"urlTemplate\":\"https:\/\/vapingnet.de\/?s={search_term_string}\"},\"query-input\":{\"@type\":\"PropertyValueSpecification\",\"valueRequired\":true,\"valueName\":\"search_term_string\"}}],\"inLanguage\":\"sk-SK\"},{\"@type\":\"Organization\",\"@id\":\"https:\/\/vapingnet.de\/#organization\",\"name\":\"Vapingnet.de\",\"url\":\"https:\/\/vapingnet.de\/\",\"logo\":{\"@type\":\"ImageObject\",\"inLanguage\":\"sk-SK\",\"@id\":\"https:\/\/vapingnet.de\/#\/schema\/logo\/image\/\",\"url\":\"https:\/\/vapingnet.de\/wp-content\/uploads\/2025\/03\/cropped-vapingnet.de_.jpg\",\"contentUrl\":\"https:\/\/vapingnet.de\/wp-content\/uploads\/2025\/03\/cropped-vapingnet.de_.jpg\",\"width\":512,\"height\":512,\"caption\":\"Vapingnet.de\"},\"image\":{\"@id\":\"https:\/\/vapingnet.de\/#\/schema\/logo\/image\/\"},\"sameAs\":[\"https:\/\/www.facebook.com\/vapingnetde\/\"]}]}<\/script>\n<!-- \/ Yoast SEO plugin. -->","yoast_head_json":{"title":"WASPE 12000 Puffs Strawberry Kimi Der Frische Kick Der Ihre Vaping-Erfahrung Ver\u00e4ndert | Vapingnet.de","description":"Entdecke WASPE 12000 Puffs Strawberry Kimi Der Frische Kick Der Ihre Vaping-Erfahrung Ver\u00e4ndert bei vapingnet.de, \u25ba Gro\u00dfe Auswahl an Geschmacksrichtungen & super g\u00fcnstig!","robots":{"index":"index","follow":"follow","max-snippet":"max-snippet:-1","max-image-preview":"max-image-preview:large","max-video-preview":"max-video-preview:-1"},"canonical":"https:\/\/vapingnet.de\/sk\/vape\/waspe-12000-puffs-strawberry-kimi-der-frische-kick-der-ihre-vaping-erfahrung-veraendert\/","og_locale":"sk_SK","og_type":"article","og_title":"WASPE 12000 Puffs Strawberry Kimi Der Frische Kick Der Ihre Vaping-Erfahrung Ver\u00e4ndert | Vapingnet.de","og_description":"Entdecke WASPE 12000 Puffs Strawberry Kimi Der Frische Kick Der Ihre Vaping-Erfahrung Ver\u00e4ndert bei vapingnet.de, \u25ba Gro\u00dfe Auswahl an Geschmacksrichtungen & super g\u00fcnstig!","og_url":"https:\/\/vapingnet.de\/sk\/vape\/waspe-12000-puffs-strawberry-kimi-der-frische-kick-der-ihre-vaping-erfahrung-veraendert\/","og_site_name":"Vapingnet.de","article_publisher":"https:\/\/www.facebook.com\/vapingnetde\/","article_modified_time":"2025-06-19T03:45:11+00:00","og_image":[{"width":1000,"height":1000,"url":"https:\/\/vapingnet.de\/wp-content\/uploads\/2025\/04\/Strawberry-Kiwi-2.webp","type":"image\/webp"}],"twitter_card":"summary_large_image","twitter_misc":{"Est. reading time":"4 minutes"},"schema":{"@context":"https:\/\/schema.org","@graph":[{"@type":"WebPage","@id":"https:\/\/vapingnet.de\/vape\/waspe-12000-puffs-strawberry-kimi-der-frische-kick-der-ihre-vaping-erfahrung-veraendert\/","url":"https:\/\/vapingnet.de\/vape\/waspe-12000-puffs-strawberry-kimi-der-frische-kick-der-ihre-vaping-erfahrung-veraendert\/","name":"WASPE 12000 Puffs Strawberry Kimi Der Frische Kick Der Ihre Vaping-Erfahrung Ver\u00e4ndert | Vapingnet.de","isPartOf":{"@id":"https:\/\/vapingnet.de\/#website"},"primaryImageOfPage":{"@id":"https:\/\/vapingnet.de\/vape\/waspe-12000-puffs-strawberry-kimi-der-frische-kick-der-ihre-vaping-erfahrung-veraendert\/#primaryimage"},"image":{"@id":"https:\/\/vapingnet.de\/vape\/waspe-12000-puffs-strawberry-kimi-der-frische-kick-der-ihre-vaping-erfahrung-veraendert\/#primaryimage"},"thumbnailUrl":"https:\/\/vapingnet.de\/wp-content\/uploads\/2025\/04\/Strawberry-Kiwi-2.webp","datePublished":"2025-04-29T06:29:17+00:00","dateModified":"2025-06-19T03:45:11+00:00","description":"Entdecke WASPE 12000 Puffs Strawberry Kimi Der Frische Kick Der Ihre Vaping-Erfahrung Ver\u00e4ndert bei vapingnet.de, \u25ba Gro\u00dfe Auswahl an Geschmacksrichtungen & super g\u00fcnstig!","breadcrumb":{"@id":"https:\/\/vapingnet.de\/vape\/waspe-12000-puffs-strawberry-kimi-der-frische-kick-der-ihre-vaping-erfahrung-veraendert\/#breadcrumb"},"inLanguage":"sk-SK","potentialAction":[{"@type":"ReadAction","target":["https:\/\/vapingnet.de\/vape\/waspe-12000-puffs-strawberry-kimi-der-frische-kick-der-ihre-vaping-erfahrung-veraendert\/"]}]},{"@type":"ImageObject","inLanguage":"sk-SK","@id":"https:\/\/vapingnet.de\/vape\/waspe-12000-puffs-strawberry-kimi-der-frische-kick-der-ihre-vaping-erfahrung-veraendert\/#primaryimage","url":"https:\/\/vapingnet.de\/wp-content\/uploads\/2025\/04\/Strawberry-Kiwi-2.webp","contentUrl":"https:\/\/vapingnet.de\/wp-content\/uploads\/2025\/04\/Strawberry-Kiwi-2.webp","width":1000,"height":1000},{"@type":"BreadcrumbList","@id":"https:\/\/vapingnet.de\/vape\/waspe-12000-puffs-strawberry-kimi-der-frische-kick-der-ihre-vaping-erfahrung-veraendert\/#breadcrumb","itemListElement":[{"@type":"ListItem","position":1,"name":"Home","item":"https:\/\/vapingnet.de\/"},{"@type":"ListItem","position":2,"name":"Shop","item":"https:\/\/vapingnet.de\/vape\/"},{"@type":"ListItem","position":3,"name":"WASPE 12000 Puffs Strawberry Kimi Der Frische Kick Der Ihre Vaping-Erfahrung Ver\u00e4ndert"}]},{"@type":"WebSite","@id":"https:\/\/vapingnet.de\/#website","url":"https:\/\/vapingnet.de\/","name":"Vapingnet.de","description":"","publisher":{"@id":"https:\/\/vapingnet.de\/#organization"},"potentialAction":[{"@type":"SearchAction","target":{"@type":"EntryPoint","urlTemplate":"https:\/\/vapingnet.de\/?s={search_term_string}"},"query-input":{"@type":"PropertyValueSpecification","valueRequired":true,"valueName":"search_term_string"}}],"inLanguage":"sk-SK"},{"@type":"Organization","@id":"https:\/\/vapingnet.de\/#organization","name":"Vapingnet.de","url":"https:\/\/vapingnet.de\/","logo":{"@type":"ImageObject","inLanguage":"sk-SK","@id":"https:\/\/vapingnet.de\/#\/schema\/logo\/image\/","url":"https:\/\/vapingnet.de\/wp-content\/uploads\/2025\/03\/cropped-vapingnet.de_.jpg","contentUrl":"https:\/\/vapingnet.de\/wp-content\/uploads\/2025\/03\/cropped-vapingnet.de_.jpg","width":512,"height":512,"caption":"Vapingnet.de"},"image":{"@id":"https:\/\/vapingnet.de\/#\/schema\/logo\/image\/"},"sameAs":["https:\/\/www.facebook.com\/vapingnetde\/"]}]}},"tiered_pricing_type":"fixed","tiered_pricing_fixed_rules":{"10":"7.50","60":"6.75","110":"6.00","200":"5.25"},"tiered_pricing_product_settings":{"layout":"default","base_unit_name":{"singular":null,"plural":null},"default_variation":null},"tiered_pricing_minimum_quantity":null,"tiered_pricing_roles_data":[],"tiered_pricing_percentage_rules":[],"_links":{"self":[{"href":"https:\/\/vapingnet.de\/sk\/wp-json\/wp\/v2\/product\/6643","targetHints":{"allow":["GET"]}}],"collection":[{"href":"https:\/\/vapingnet.de\/sk\/wp-json\/wp\/v2\/product"}],"about":[{"href":"https:\/\/vapingnet.de\/sk\/wp-json\/wp\/v2\/types\/product"}],"version-history":[{"count":1,"href":"https:\/\/vapingnet.de\/sk\/wp-json\/wp\/v2\/product\/6643\/revisions"}],"predecessor-version":[{"id":6651,"href":"https:\/\/vapingnet.de\/sk\/wp-json\/wp\/v2\/product\/6643\/revisions\/6651"}],"wp:featuredmedia":[{"embeddable":true,"href":"https:\/\/vapingnet.de\/sk\/wp-json\/wp\/v2\/media\/6608"}],"wp:attachment":[{"href":"https:\/\/vapingnet.de\/sk\/wp-json\/wp\/v2\/media?parent=6643"}],"wp:term":[{"taxonomy":"brand","embeddable":true,"href":"https:\/\/vapingnet.de\/sk\/wp-json\/wp\/v2\/etheme_brands?post=6643"},{"taxonomy":"product_brand","embeddable":true,"href":"https:\/\/vapingnet.de\/sk\/wp-json\/wp\/v2\/product_brand?post=6643"},{"taxonomy":"product_cat","embeddable":true,"href":"https:\/\/vapingnet.de\/sk\/wp-json\/wp\/v2\/product_cat?post=6643"},{"taxonomy":"product_tag","embeddable":true,"href":"https:\/\/vapingnet.de\/sk\/wp-json\/wp\/v2\/product_tag?post=6643"}],"curies":[{"name":"wp","href":"https:\/\/api.w.org\/{rel}","templated":true}]}}