{"id":6652,"date":"2025-04-29T07:32:07","date_gmt":"2025-04-29T07:32:07","guid":{"rendered":"https:\/\/vapingnet.de\/?post_type=product&#038;p=6652"},"modified":"2026-04-15T09:09:03","modified_gmt":"2026-04-15T09:09:03","slug":"watermelon-mango-peach-waspe-12000-puffs-fuer-den-besten-vape-genuss-weltweit","status":"publish","type":"product","link":"https:\/\/vapingnet.de\/sk\/vape\/watermelon-mango-peach-waspe-12000-puffs-fuer-den-besten-vape-genuss-weltweit\/","title":{"rendered":"Mel\u00f3n Mango Peach WASPE 12000 Puffs pre najlep\u0161\u00ed z\u00e1\u017eitok z vapingu na svete"},"content":{"rendered":"<div style=\"width: 1170px;\" class=\"wp-video\"><!--[if lt IE 9]><script>document.createElement('video');<\/script><![endif]-->\n<video class=\"wp-video-shortcode\" id=\"video-6652-1\" width=\"1170\" height=\"658\" preload=\"metadata\" controls=\"controls\"><source type=\"video\/mp4\" src=\"https:\/\/vapingnet.de\/wp-content\/uploads\/2025\/04\/12000Puffs_DigitalBox.mp4?_=1\" \/><a href=\"https:\/\/vapingnet.de\/wp-content\/uploads\/2025\/04\/12000Puffs_DigitalBox.mp4\">https:\/\/vapingnet.de\/wp-content\/uploads\/2025\/04\/12000Puffs_DigitalBox.mp4<\/a><\/video><\/div>\n<h2 data-start=\"0\" data-end=\"62\" data-immersive-translate-walked=\"c4d3469c-7724-4f99-ba05-2ec1b7fe557c\">WASPE 12000 Puffs Digit\u00e1lna krabi\u010dka: Ide\u00e1lna vo\u013eba pre vapery<\/h2>\n<p class=\"\" data-start=\"64\" data-end=\"438\" data-immersive-translate-walked=\"c4d3469c-7724-4f99-ba05-2ec1b7fe557c\" data-immersive-translate-paragraph=\"1\">WASPE 12000 Puffs Digit\u00e1lna krabi\u010dka predstavuje nov\u00fa gener\u00e1ciu jednorazov\u00fdch e-cigariet. S pokro\u010dilou technol\u00f3giou a atrakt\u00edvnym dizajnom je tento model ur\u010den\u00fd pre vapery, ktor\u00ed h\u013eadaj\u00fa dlhodob\u00e9 pou\u017e\u00edvanie a pou\u017e\u00edvate\u013esky pr\u00edvetiv\u00fd z\u00e1\u017eitok. V nasleduj\u00facom \u010dl\u00e1nku sa zameriame na najd\u00f4le\u017eitej\u0161ie vlastnosti a v\u00fdhody WASPE 12000 Puffs Digit\u00e1lna krabi\u010dka.<\/p>\n<p class=\"\" data-start=\"465\" data-end=\"903\" data-immersive-translate-walked=\"c4d3469c-7724-4f99-ba05-2ec1b7fe557c\" data-immersive-translate-paragraph=\"1\">WASPE 12000 Puffs Digit\u00e1lna krabi\u010dka presvied\u010da pou\u017eit\u00edm kvalitn\u00fdch materi\u00e1lov. Kombin\u00e1cia hlin\u00edkovej zliatiny a PCGT zabezpe\u010duje nielen dlh\u00fa \u017eivotnos\u0165, ale aj pr\u00edjemn\u00fd pocit na dotyk. Dizajn je \u0161t\u00edhly a modern\u00fd, \u010do rob\u00ed zariadenie esteticky atrakt\u00edvnym a z\u00e1rove\u0148 jednoduch\u00fdm na pou\u017e\u00edvanie. Kompaktn\u00e9 rozmery ho robia ide\u00e1lnym pre ka\u017edodenn\u00e9 pou\u017eitie, \u010di u\u017e doma alebo na cest\u00e1ch.<\/p>\n<h3 class=\"\" data-start=\"905\" data-end=\"927\" data-immersive-translate-walked=\"c4d3469c-7724-4f99-ba05-2ec1b7fe557c\" data-immersive-translate-paragraph=\"1\">Technick\u00e9 \u00fadaje<\/h3>\n<ul data-start=\"929\" data-end=\"2029\" data-immersive-translate-walked=\"c4d3469c-7724-4f99-ba05-2ec1b7fe557c\">\n<li class=\"\" data-start=\"929\" data-end=\"1178\" data-immersive-translate-walked=\"c4d3469c-7724-4f99-ba05-2ec1b7fe557c\">\n<p class=\"\" data-start=\"931\" data-end=\"1178\" data-immersive-translate-walked=\"c4d3469c-7724-4f99-ba05-2ec1b7fe557c\" data-immersive-translate-paragraph=\"1\">Kapacita e-liquidu: S 20 ml pon\u00faka WASPE 12000 Puffs Digit\u00e1lna krabi\u010dka jednu z najv\u00e4\u010d\u0161\u00edch kapac\u00edt medzi jednorazov\u00fdmi e-cigaretami. To znamen\u00e1, \u017ee pou\u017e\u00edvate\u013e sa nebude musie\u0165 ob\u00e1va\u0165 dop\u013a\u0148ania po\u010das dlh\u0161ieho obdobia.<\/p>\n<\/li>\n<li class=\"\" data-start=\"1182\" data-end=\"1441\" data-immersive-translate-walked=\"c4d3469c-7724-4f99-ba05-2ec1b7fe557c\">\n<p class=\"\" data-start=\"1184\" data-end=\"1441\" data-immersive-translate-walked=\"c4d3469c-7724-4f99-ba05-2ec1b7fe557c\" data-immersive-translate-paragraph=\"1\">Kapacita bat\u00e9rie: Zabudovan\u00e1 bat\u00e9ria s kapacitou 650 mAh zabezpe\u010duje kon\u0161tantn\u00fd v\u00fdkon po\u010das celej \u017eivotnosti produktu a umo\u017e\u0148uje u\u017e\u00edva\u0165 si a\u017e 12000 \u0165ahov. To zais\u0165uje, \u017ee v\u00fdkon zost\u00e1va stabiln\u00fd a spo\u013eahliv\u00fd.<\/p>\n<\/li>\n<li class=\"\" data-start=\"1443\" data-end=\"1661\" data-immersive-translate-walked=\"c4d3469c-7724-4f99-ba05-2ec1b7fe557c\">\n<p class=\"\" data-start=\"1445\" data-end=\"1661\" data-immersive-translate-walked=\"c4d3469c-7724-4f99-ba05-2ec1b7fe557c\" data-immersive-translate-paragraph=\"1\">Rozsah v\u00fdkonu: WASPE 12000 Puffs Digit\u00e1lna krabi\u010dka pon\u00faka flexibiln\u00e9 nastavenie v\u00fdkonu v rozmedz\u00ed od 7 do 12 voltov. Tak si vapery m\u00f4\u017eu prisp\u00f4sobi\u0165 intenzitu pary pod\u013ea svojich osobn\u00fdch preferenci\u00ed.<\/p>\n<\/li>\n<li class=\"\" data-start=\"1663\" data-end=\"1844\" data-immersive-translate-walked=\"c4d3469c-7724-4f99-ba05-2ec1b7fe557c\">\n<p class=\"\" data-start=\"1665\" data-end=\"1844\" data-immersive-translate-walked=\"c4d3469c-7724-4f99-ba05-2ec1b7fe557c\" data-immersive-translate-paragraph=\"1\">Odpor \u0161pir\u00e1lky: S odporom 1,0 \u03a9 zabezpe\u010duje krabi\u010dka vyv\u00e1\u017een\u00fa a pr\u00edjemn\u00fa paru, vhodn\u00fa pre za\u010diato\u010dn\u00edkov aj sk\u00fasen\u00fdch vapery.<\/p>\n<\/li>\n<li class=\"\" data-start=\"1846\" data-end=\"2029\" data-immersive-translate-walked=\"c4d3469c-7724-4f99-ba05-2ec1b7fe557c\">\n<p class=\"\" data-start=\"1848\" data-end=\"2029\" data-immersive-translate-walked=\"c4d3469c-7724-4f99-ba05-2ec1b7fe557c\" data-immersive-translate-paragraph=\"1\">Nab\u00edjac\u00ed port: V\u010faka modern\u00e9mu portu Type-C je r\u00fdchlos\u0165 nab\u00edjania r\u00fdchlej\u0161ia ako pri star\u0161\u00edch USB \u0161tandardoch. To znamen\u00e1 menej \u010dakania a jednoduch\u0161ie pou\u017e\u00edvanie.<\/p>\n<\/li>\n<\/ul>\n<h4 data-start=\"2031\" data-end=\"2053\" data-immersive-translate-walked=\"c4d3469c-7724-4f99-ba05-2ec1b7fe557c\" data-immersive-translate-paragraph=\"1\">z\u00e1\u017eitok z chuti<\/h4>\n<p class=\"\" data-start=\"2055\" data-end=\"2387\" data-immersive-translate-walked=\"c4d3469c-7724-4f99-ba05-2ec1b7fe557c\" data-immersive-translate-paragraph=\"1\">WASPE 12000 Puffs Digit\u00e1lna krabi\u010dka pon\u00faka jedine\u010dn\u00fa chu\u0165 vodn\u00e9ho mel\u00f3nu, manga a broskyne \u2013 osvie\u017euj\u00facu a ovocn\u00fa zmes, ktor\u00e1 je pote\u0161en\u00edm pre ka\u017ed\u00e9ho vapera. T\u00e1to kombin\u00e1cia tropick\u00e9ho ovocia poskytuje intenz\u00edvny chu\u0165ov\u00fd z\u00e1\u017eitok a je ide\u00e1lna na ka\u017edodenn\u00e9 pou\u017eitie.<\/p>\n<h4 data-start=\"2389\" data-end=\"2413\" data-immersive-translate-walked=\"c4d3469c-7724-4f99-ba05-2ec1b7fe557c\" data-immersive-translate-paragraph=\"1\">Koncentr\u00e1cia nikot\u00ednu<\/h4>\n<p class=\"\" data-start=\"2415\" data-end=\"2700\" data-immersive-translate-walked=\"c4d3469c-7724-4f99-ba05-2ec1b7fe557c\" data-immersive-translate-paragraph=\"1\">S dostupn\u00fdmi koncentr\u00e1ciami nikot\u00ednu 2% a 5% pon\u00faka WASPE 12000 Puffs Digit\u00e1lna krabi\u010dka \u0161irok\u00fa \u0161k\u00e1lu mo\u017enost\u00ed. Za\u010diato\u010dn\u00edci si m\u00f4\u017eu vybra\u0165 variant 2%, zatia\u013e \u010do sk\u00fasen\u00ed vapery si m\u00f4\u017eu vychutna\u0165 po\u017eadovan\u00fa intenzitu nikot\u00ednu s koncentr\u00e1ciou 5%.<\/p>\n<h4 data-start=\"2702\" data-end=\"2722\" data-immersive-translate-walked=\"c4d3469c-7724-4f99-ba05-2ec1b7fe557c\" data-immersive-translate-paragraph=\"1\">\u010eal\u0161ie v\u00fdhody<\/h4>\n<ul data-start=\"2724\" data-end=\"3185\" data-immersive-translate-walked=\"c4d3469c-7724-4f99-ba05-2ec1b7fe557c\">\n<li class=\"\" data-start=\"2724\" data-end=\"2876\" data-immersive-translate-walked=\"c4d3469c-7724-4f99-ba05-2ec1b7fe557c\">\n<p class=\"\" data-start=\"2726\" data-end=\"2876\" data-immersive-translate-walked=\"c4d3469c-7724-4f99-ba05-2ec1b7fe557c\" data-immersive-translate-paragraph=\"1\">Jednoduch\u00e9 pou\u017e\u00edvanie: WASPE 12000 Puffs Digit\u00e1lna krabi\u010dka nevy\u017eaduje \u017eiadne \u0161peci\u00e1lne znalosti alebo pr\u00edpravy. Sta\u010d\u00ed rozbali\u0165 a vapova\u0165.<\/p>\n<\/li>\n<li class=\"\" data-start=\"2877\" data-end=\"3034\" data-immersive-translate-walked=\"c4d3469c-7724-4f99-ba05-2ec1b7fe557c\">\n<p class=\"\" data-start=\"2879\" data-end=\"3034\" data-immersive-translate-walked=\"c4d3469c-7724-4f99-ba05-2ec1b7fe557c\" data-immersive-translate-paragraph=\"1\">\u017diadna dovozn\u00e1 clo: \u0160peci\u00e1lnou v\u00fdhodou je, \u017ee pri k\u00fape neplatia \u017eiadne dodato\u010dn\u00e9 dane, \u010do rob\u00ed produkt cenovo dostupnou vo\u013ebou.<\/p>\n<\/li>\n<li class=\"\" data-start=\"3035\" data-end=\"3185\" data-immersive-translate-walked=\"c4d3469c-7724-4f99-ba05-2ec1b7fe557c\">\n<p class=\"\" data-start=\"3037\" data-end=\"3185\" data-immersive-translate-walked=\"c4d3469c-7724-4f99-ba05-2ec1b7fe557c\" data-immersive-translate-paragraph=\"1\">R\u00fdchle doru\u010denie: Doru\u010denie sa zvy\u010dajne uskuto\u010d\u0148uje do 7 a\u017e 15 pracovn\u00fdch dn\u00ed, tak\u017ee produkt r\u00fdchlo doraz\u00ed k z\u00e1kazn\u00edkovi.<\/p>\n<\/li>\n<\/ul>\n<p class=\"\" data-start=\"3198\" data-end=\"3606\" data-immersive-translate-walked=\"c4d3469c-7724-4f99-ba05-2ec1b7fe557c\" data-immersive-translate-paragraph=\"1\">WASPE 12000 Puffs Digit\u00e1lna krabi\u010dka je jednou z najlep\u0161\u00edch mo\u017enost\u00ed pre vapery, ktor\u00ed h\u013eadaj\u00fa odoln\u00fa a spo\u013eahliv\u00fa e-cigaretu. S vysokou kapacitou e-liquidu, v\u00fdkonnou bat\u00e9riou a vynikaj\u00facim chu\u0165ov\u00fdm z\u00e1\u017eitkom tento model sp\u013a\u0148a v\u0161etky po\u017eiadavky na modern\u00fa jednorazov\u00fa e-cigaretu. Nav\u0161t\u00edvte vapingnet.de, aby ste sa dozvedeli viac a zadali svoju objedn\u00e1vku.<\/p>","protected":false},"excerpt":{"rendered":"<p>WASPE 12000 Puffs Digital Box: Die ideale Wahl f\u00fcr Dampfer Die WASPE 12000 Puffs Digital Box stellt eine neue Generation von Einweg-E-Zigaretten dar. Mit fortschrittlicher&#8230;<\/p>","protected":false},"featured_media":6662,"template":"","meta":[],"etheme_brands":[],"product_brand":[98],"product_cat":[88,49,61],"product_tag":[],"class_list":{"0":"post-6652","1":"product","2":"type-product","3":"status-publish","4":"has-post-thumbnail","6":"product_brand-waspe-vape","7":"product_cat-12k-vape","8":"product_cat-einweg-e-zigarette","9":"product_cat-f","11":"first","12":"instock","13":"shipping-taxable","14":"purchasable","15":"product-type-variable"},"yoast_head":"<!-- This site is optimized with the Yoast SEO plugin v26.5 - https:\/\/yoast.com\/wordpress\/plugins\/seo\/ -->\n<title>Watermelon Mango Peach WASPE 12000 Puffs F\u00fcr Den Besten Vape-Genuss Weltweit | Vapingnet.de<\/title>\n<meta name=\"description\" content=\"Entdecke Watermelon Mango Peach WASPE 12000 Puffs F\u00fcr Den Besten Vape-Genuss Weltweit bei vapingnet.de, \u25ba Gro\u00dfe Auswahl an Geschmacksrichtungen &amp; super g\u00fcnstig!\" \/>\n<meta name=\"robots\" content=\"index, follow, max-snippet:-1, max-image-preview:large, max-video-preview:-1\" \/>\n<link rel=\"canonical\" href=\"https:\/\/vapingnet.de\/sk\/vape\/watermelon-mango-peach-waspe-12000-puffs-fuer-den-besten-vape-genuss-weltweit\/\" \/>\n<meta property=\"og:locale\" content=\"sk_SK\" \/>\n<meta property=\"og:type\" content=\"article\" \/>\n<meta property=\"og:title\" content=\"Watermelon Mango Peach WASPE 12000 Puffs F\u00fcr Den Besten Vape-Genuss Weltweit | Vapingnet.de\" \/>\n<meta property=\"og:description\" content=\"Entdecke Watermelon Mango Peach WASPE 12000 Puffs F\u00fcr Den Besten Vape-Genuss Weltweit bei vapingnet.de, \u25ba Gro\u00dfe Auswahl an Geschmacksrichtungen &amp; super g\u00fcnstig!\" \/>\n<meta property=\"og:url\" content=\"https:\/\/vapingnet.de\/sk\/vape\/watermelon-mango-peach-waspe-12000-puffs-fuer-den-besten-vape-genuss-weltweit\/\" \/>\n<meta property=\"og:site_name\" content=\"Vapingnet.de\" \/>\n<meta property=\"article:publisher\" content=\"https:\/\/www.facebook.com\/vapingnetde\/\" \/>\n<meta property=\"article:modified_time\" content=\"2026-04-15T09:09:03+00:00\" \/>\n<meta property=\"og:image\" content=\"https:\/\/vapingnet.de\/wp-content\/uploads\/2025\/04\/Watermelon-Mango-Peach.webp\" \/>\n\t<meta property=\"og:image:width\" content=\"1000\" \/>\n\t<meta property=\"og:image:height\" content=\"1000\" \/>\n\t<meta property=\"og:image:type\" content=\"image\/webp\" \/>\n<meta name=\"twitter:card\" content=\"summary_large_image\" \/>\n<meta name=\"twitter:label1\" content=\"Est. reading time\" \/>\n\t<meta name=\"twitter:data1\" content=\"3 minutes\" \/>\n<script type=\"application\/ld+json\" class=\"yoast-schema-graph\">{\"@context\":\"https:\/\/schema.org\",\"@graph\":[{\"@type\":\"WebPage\",\"@id\":\"https:\/\/vapingnet.de\/vape\/watermelon-mango-peach-waspe-12000-puffs-fuer-den-besten-vape-genuss-weltweit\/\",\"url\":\"https:\/\/vapingnet.de\/vape\/watermelon-mango-peach-waspe-12000-puffs-fuer-den-besten-vape-genuss-weltweit\/\",\"name\":\"Watermelon Mango Peach WASPE 12000 Puffs F\u00fcr Den Besten Vape-Genuss Weltweit | Vapingnet.de\",\"isPartOf\":{\"@id\":\"https:\/\/vapingnet.de\/#website\"},\"primaryImageOfPage\":{\"@id\":\"https:\/\/vapingnet.de\/vape\/watermelon-mango-peach-waspe-12000-puffs-fuer-den-besten-vape-genuss-weltweit\/#primaryimage\"},\"image\":{\"@id\":\"https:\/\/vapingnet.de\/vape\/watermelon-mango-peach-waspe-12000-puffs-fuer-den-besten-vape-genuss-weltweit\/#primaryimage\"},\"thumbnailUrl\":\"https:\/\/vapingnet.de\/wp-content\/uploads\/2025\/04\/Watermelon-Mango-Peach.webp\",\"datePublished\":\"2025-04-29T07:32:07+00:00\",\"dateModified\":\"2026-04-15T09:09:03+00:00\",\"description\":\"Entdecke Watermelon Mango Peach WASPE 12000 Puffs F\u00fcr Den Besten Vape-Genuss Weltweit bei vapingnet.de, \u25ba Gro\u00dfe Auswahl an Geschmacksrichtungen & super g\u00fcnstig!\",\"breadcrumb\":{\"@id\":\"https:\/\/vapingnet.de\/vape\/watermelon-mango-peach-waspe-12000-puffs-fuer-den-besten-vape-genuss-weltweit\/#breadcrumb\"},\"inLanguage\":\"sk-SK\",\"potentialAction\":[{\"@type\":\"ReadAction\",\"target\":[\"https:\/\/vapingnet.de\/vape\/watermelon-mango-peach-waspe-12000-puffs-fuer-den-besten-vape-genuss-weltweit\/\"]}]},{\"@type\":\"ImageObject\",\"inLanguage\":\"sk-SK\",\"@id\":\"https:\/\/vapingnet.de\/vape\/watermelon-mango-peach-waspe-12000-puffs-fuer-den-besten-vape-genuss-weltweit\/#primaryimage\",\"url\":\"https:\/\/vapingnet.de\/wp-content\/uploads\/2025\/04\/Watermelon-Mango-Peach.webp\",\"contentUrl\":\"https:\/\/vapingnet.de\/wp-content\/uploads\/2025\/04\/Watermelon-Mango-Peach.webp\",\"width\":1000,\"height\":1000},{\"@type\":\"BreadcrumbList\",\"@id\":\"https:\/\/vapingnet.de\/vape\/watermelon-mango-peach-waspe-12000-puffs-fuer-den-besten-vape-genuss-weltweit\/#breadcrumb\",\"itemListElement\":[{\"@type\":\"ListItem\",\"position\":1,\"name\":\"Home\",\"item\":\"https:\/\/vapingnet.de\/\"},{\"@type\":\"ListItem\",\"position\":2,\"name\":\"Shop\",\"item\":\"https:\/\/vapingnet.de\/vape\/\"},{\"@type\":\"ListItem\",\"position\":3,\"name\":\"Watermelon Mango Peach WASPE 12000 Puffs F\u00fcr Den Besten Vape-Genuss Weltweit\"}]},{\"@type\":\"WebSite\",\"@id\":\"https:\/\/vapingnet.de\/#website\",\"url\":\"https:\/\/vapingnet.de\/\",\"name\":\"Vapingnet.de\",\"description\":\"\",\"publisher\":{\"@id\":\"https:\/\/vapingnet.de\/#organization\"},\"potentialAction\":[{\"@type\":\"SearchAction\",\"target\":{\"@type\":\"EntryPoint\",\"urlTemplate\":\"https:\/\/vapingnet.de\/?s={search_term_string}\"},\"query-input\":{\"@type\":\"PropertyValueSpecification\",\"valueRequired\":true,\"valueName\":\"search_term_string\"}}],\"inLanguage\":\"sk-SK\"},{\"@type\":\"Organization\",\"@id\":\"https:\/\/vapingnet.de\/#organization\",\"name\":\"Vapingnet.de\",\"url\":\"https:\/\/vapingnet.de\/\",\"logo\":{\"@type\":\"ImageObject\",\"inLanguage\":\"sk-SK\",\"@id\":\"https:\/\/vapingnet.de\/#\/schema\/logo\/image\/\",\"url\":\"https:\/\/vapingnet.de\/wp-content\/uploads\/2025\/03\/cropped-vapingnet.de_.jpg\",\"contentUrl\":\"https:\/\/vapingnet.de\/wp-content\/uploads\/2025\/03\/cropped-vapingnet.de_.jpg\",\"width\":512,\"height\":512,\"caption\":\"Vapingnet.de\"},\"image\":{\"@id\":\"https:\/\/vapingnet.de\/#\/schema\/logo\/image\/\"},\"sameAs\":[\"https:\/\/www.facebook.com\/vapingnetde\/\"]}]}<\/script>\n<!-- \/ Yoast SEO plugin. -->","yoast_head_json":{"title":"Watermelon Mango Peach WASPE 12000 Puffs F\u00fcr Den Besten Vape-Genuss Weltweit | Vapingnet.de","description":"Entdecke Watermelon Mango Peach WASPE 12000 Puffs F\u00fcr Den Besten Vape-Genuss Weltweit bei vapingnet.de, \u25ba Gro\u00dfe Auswahl an Geschmacksrichtungen & super g\u00fcnstig!","robots":{"index":"index","follow":"follow","max-snippet":"max-snippet:-1","max-image-preview":"max-image-preview:large","max-video-preview":"max-video-preview:-1"},"canonical":"https:\/\/vapingnet.de\/sk\/vape\/watermelon-mango-peach-waspe-12000-puffs-fuer-den-besten-vape-genuss-weltweit\/","og_locale":"sk_SK","og_type":"article","og_title":"Watermelon Mango Peach WASPE 12000 Puffs F\u00fcr Den Besten Vape-Genuss Weltweit | Vapingnet.de","og_description":"Entdecke Watermelon Mango Peach WASPE 12000 Puffs F\u00fcr Den Besten Vape-Genuss Weltweit bei vapingnet.de, \u25ba Gro\u00dfe Auswahl an Geschmacksrichtungen & super g\u00fcnstig!","og_url":"https:\/\/vapingnet.de\/sk\/vape\/watermelon-mango-peach-waspe-12000-puffs-fuer-den-besten-vape-genuss-weltweit\/","og_site_name":"Vapingnet.de","article_publisher":"https:\/\/www.facebook.com\/vapingnetde\/","article_modified_time":"2026-04-15T09:09:03+00:00","og_image":[{"width":1000,"height":1000,"url":"https:\/\/vapingnet.de\/wp-content\/uploads\/2025\/04\/Watermelon-Mango-Peach.webp","type":"image\/webp"}],"twitter_card":"summary_large_image","twitter_misc":{"Est. reading time":"3 minutes"},"schema":{"@context":"https:\/\/schema.org","@graph":[{"@type":"WebPage","@id":"https:\/\/vapingnet.de\/vape\/watermelon-mango-peach-waspe-12000-puffs-fuer-den-besten-vape-genuss-weltweit\/","url":"https:\/\/vapingnet.de\/vape\/watermelon-mango-peach-waspe-12000-puffs-fuer-den-besten-vape-genuss-weltweit\/","name":"Watermelon Mango Peach WASPE 12000 Puffs F\u00fcr Den Besten Vape-Genuss Weltweit | Vapingnet.de","isPartOf":{"@id":"https:\/\/vapingnet.de\/#website"},"primaryImageOfPage":{"@id":"https:\/\/vapingnet.de\/vape\/watermelon-mango-peach-waspe-12000-puffs-fuer-den-besten-vape-genuss-weltweit\/#primaryimage"},"image":{"@id":"https:\/\/vapingnet.de\/vape\/watermelon-mango-peach-waspe-12000-puffs-fuer-den-besten-vape-genuss-weltweit\/#primaryimage"},"thumbnailUrl":"https:\/\/vapingnet.de\/wp-content\/uploads\/2025\/04\/Watermelon-Mango-Peach.webp","datePublished":"2025-04-29T07:32:07+00:00","dateModified":"2026-04-15T09:09:03+00:00","description":"Entdecke Watermelon Mango Peach WASPE 12000 Puffs F\u00fcr Den Besten Vape-Genuss Weltweit bei vapingnet.de, \u25ba Gro\u00dfe Auswahl an Geschmacksrichtungen & super g\u00fcnstig!","breadcrumb":{"@id":"https:\/\/vapingnet.de\/vape\/watermelon-mango-peach-waspe-12000-puffs-fuer-den-besten-vape-genuss-weltweit\/#breadcrumb"},"inLanguage":"sk-SK","potentialAction":[{"@type":"ReadAction","target":["https:\/\/vapingnet.de\/vape\/watermelon-mango-peach-waspe-12000-puffs-fuer-den-besten-vape-genuss-weltweit\/"]}]},{"@type":"ImageObject","inLanguage":"sk-SK","@id":"https:\/\/vapingnet.de\/vape\/watermelon-mango-peach-waspe-12000-puffs-fuer-den-besten-vape-genuss-weltweit\/#primaryimage","url":"https:\/\/vapingnet.de\/wp-content\/uploads\/2025\/04\/Watermelon-Mango-Peach.webp","contentUrl":"https:\/\/vapingnet.de\/wp-content\/uploads\/2025\/04\/Watermelon-Mango-Peach.webp","width":1000,"height":1000},{"@type":"BreadcrumbList","@id":"https:\/\/vapingnet.de\/vape\/watermelon-mango-peach-waspe-12000-puffs-fuer-den-besten-vape-genuss-weltweit\/#breadcrumb","itemListElement":[{"@type":"ListItem","position":1,"name":"Home","item":"https:\/\/vapingnet.de\/"},{"@type":"ListItem","position":2,"name":"Shop","item":"https:\/\/vapingnet.de\/vape\/"},{"@type":"ListItem","position":3,"name":"Watermelon Mango Peach WASPE 12000 Puffs F\u00fcr Den Besten Vape-Genuss Weltweit"}]},{"@type":"WebSite","@id":"https:\/\/vapingnet.de\/#website","url":"https:\/\/vapingnet.de\/","name":"Vapingnet.de","description":"","publisher":{"@id":"https:\/\/vapingnet.de\/#organization"},"potentialAction":[{"@type":"SearchAction","target":{"@type":"EntryPoint","urlTemplate":"https:\/\/vapingnet.de\/?s={search_term_string}"},"query-input":{"@type":"PropertyValueSpecification","valueRequired":true,"valueName":"search_term_string"}}],"inLanguage":"sk-SK"},{"@type":"Organization","@id":"https:\/\/vapingnet.de\/#organization","name":"Vapingnet.de","url":"https:\/\/vapingnet.de\/","logo":{"@type":"ImageObject","inLanguage":"sk-SK","@id":"https:\/\/vapingnet.de\/#\/schema\/logo\/image\/","url":"https:\/\/vapingnet.de\/wp-content\/uploads\/2025\/03\/cropped-vapingnet.de_.jpg","contentUrl":"https:\/\/vapingnet.de\/wp-content\/uploads\/2025\/03\/cropped-vapingnet.de_.jpg","width":512,"height":512,"caption":"Vapingnet.de"},"image":{"@id":"https:\/\/vapingnet.de\/#\/schema\/logo\/image\/"},"sameAs":["https:\/\/www.facebook.com\/vapingnetde\/"]}]}},"tiered_pricing_type":"fixed","tiered_pricing_fixed_rules":[],"tiered_pricing_product_settings":{"layout":"default","base_unit_name":{"singular":null,"plural":null},"default_variation":null},"tiered_pricing_minimum_quantity":null,"tiered_pricing_roles_data":[],"tiered_pricing_percentage_rules":[],"_links":{"self":[{"href":"https:\/\/vapingnet.de\/sk\/wp-json\/wp\/v2\/product\/6652","targetHints":{"allow":["GET"]}}],"collection":[{"href":"https:\/\/vapingnet.de\/sk\/wp-json\/wp\/v2\/product"}],"about":[{"href":"https:\/\/vapingnet.de\/sk\/wp-json\/wp\/v2\/types\/product"}],"version-history":[{"count":4,"href":"https:\/\/vapingnet.de\/sk\/wp-json\/wp\/v2\/product\/6652\/revisions"}],"predecessor-version":[{"id":6900,"href":"https:\/\/vapingnet.de\/sk\/wp-json\/wp\/v2\/product\/6652\/revisions\/6900"}],"wp:featuredmedia":[{"embeddable":true,"href":"https:\/\/vapingnet.de\/sk\/wp-json\/wp\/v2\/media\/6662"}],"wp:attachment":[{"href":"https:\/\/vapingnet.de\/sk\/wp-json\/wp\/v2\/media?parent=6652"}],"wp:term":[{"taxonomy":"brand","embeddable":true,"href":"https:\/\/vapingnet.de\/sk\/wp-json\/wp\/v2\/etheme_brands?post=6652"},{"taxonomy":"product_brand","embeddable":true,"href":"https:\/\/vapingnet.de\/sk\/wp-json\/wp\/v2\/product_brand?post=6652"},{"taxonomy":"product_cat","embeddable":true,"href":"https:\/\/vapingnet.de\/sk\/wp-json\/wp\/v2\/product_cat?post=6652"},{"taxonomy":"product_tag","embeddable":true,"href":"https:\/\/vapingnet.de\/sk\/wp-json\/wp\/v2\/product_tag?post=6652"}],"curies":[{"name":"wp","href":"https:\/\/api.w.org\/{rel}","templated":true}]}}