{"id":6666,"date":"2025-04-29T07:51:31","date_gmt":"2025-04-29T07:51:31","guid":{"rendered":"https:\/\/vapingnet.de\/?post_type=product&#038;p=6666"},"modified":"2026-04-15T09:08:33","modified_gmt":"2026-04-15T09:08:33","slug":"waspe-12000-puffs-digital-box-dein-strawberry-watermelon-genuss-ohne-steuern-top-qualitaet-zum-grosshandelspreis","status":"publish","type":"product","link":"https:\/\/vapingnet.de\/sk\/vape\/waspe-12000-puffs-digital-box-dein-strawberry-watermelon-genuss-ohne-steuern-top-qualitaet-zum-grosshandelspreis\/","title":{"rendered":"WASPE 12000 Puffs Digit\u00e1lna krabi\u010dka Tvoja jahodov\u00e1 mel\u00f3nov\u00e1 rozko\u0161 Bez dan\u00ed Najvy\u0161\u0161ia kvalita za ve\u013ekoobchodn\u00fa cenu"},"content":{"rendered":"<h2 data-start=\"0\" data-end=\"79\" data-immersive-translate-walked=\"6f3191cd-237b-4ae5-a2ce-1450077e515d\">WASPE 12000 Pufov Digit\u00e1lna krabica: Inovat\u00edvna vo\u013eba v oblasti jednorazov\u00fdch vaporiz\u00e9rov<\/h2>\n<p class=\"\" data-start=\"81\" data-end=\"366\" data-immersive-translate-walked=\"6f3191cd-237b-4ae5-a2ce-1450077e515d\" data-immersive-translate-paragraph=\"1\">WASPE 12000 Pufov Digit\u00e1lna krabica je vynikaj\u00facim pr\u00edkladom modern\u00fdch jednorazov\u00fdch e-cigariet. S mno\u017estvom pokro\u010dil\u00fdch funkci\u00ed a elegantn\u00fdm dizajnom predstavuje zauj\u00edmav\u00fa mo\u017enos\u0165 pre vapovan\u00edm, ktor\u00ed h\u013eadaj\u00fa odoln\u00e9 a pou\u017e\u00edvate\u013esky pr\u00edvetiv\u00e9 rie\u0161enie.<\/p>\n<h4 data-start=\"368\" data-end=\"396\">Materi\u00e1ly a kon\u0161trukcia<\/h4>\n<p class=\"\" data-start=\"398\" data-end=\"787\" data-immersive-translate-walked=\"6f3191cd-237b-4ae5-a2ce-1450077e515d\" data-immersive-translate-paragraph=\"1\">Kombin\u00e1cia hlin\u00edkovej zliatiny a PCGT (Polykarbon\u00e1t-G-Tag) zabezpe\u010duje, \u017ee WASPE 12000 Pufov Digit\u00e1lna krabica je pevn\u00e1 a z\u00e1rove\u0148 \u013eahk\u00e1. Tieto materi\u00e1ly poskytuj\u00fa vynikaj\u00facu odolnos\u0165 vo\u010di vonkaj\u0161\u00edm vplyvom a robia zariadenie odoln\u00e9 vo\u010di \u0161krabancom a n\u00e1razom. \u0160t\u00edhly dizajn navy\u0161e zabezpe\u010duje pohodln\u00e9 dr\u017eanie.<\/p>\n<h3>Technick\u00e9 \u0161pecifik\u00e1cie<\/h3>\n<ul data-start=\"821\" data-end=\"1740\">\n<li class=\"\" data-start=\"821\" data-end=\"1057\">\n<p class=\"\" data-start=\"823\" data-end=\"1057\" data-immersive-translate-walked=\"6f3191cd-237b-4ae5-a2ce-1450077e515d\" data-immersive-translate-paragraph=\"1\">Kapacita e-liquidu: S 20 ml e-liquidu pon\u00faka WASPE 12000 Pufov Digit\u00e1lna krabica pozoruhodn\u00fa kapacitu. T\u00e1to kapacita posta\u010duje na pribli\u017ene 12000 \u0165ahov, \u010do umo\u017e\u0148uje dlhodob\u00e9 pou\u017e\u00edvanie bez \u010dast\u00e9ho dop\u013a\u0148ania.<\/p>\n<\/li>\n<li class=\"\" data-start=\"1059\" data-end=\"1313\">\n<p class=\"\" data-start=\"1061\" data-end=\"1313\" data-immersive-translate-walked=\"6f3191cd-237b-4ae5-a2ce-1450077e515d\" data-immersive-translate-paragraph=\"1\">Kapacita bat\u00e9rie: Krabica je vybaven\u00e1 bat\u00e9riou s kapacitou 650 mAh, ktor\u00e1 zabezpe\u010duje dostatok energie na cel\u00fa \u017eivotnos\u0165 produktu. V\u00fdkon bat\u00e9rie zabezpe\u010duje spo\u013eahliv\u00fa funk\u010dnos\u0165, k\u00fdm sa \u0165ahy nevy\u010derpaj\u00fa.<\/p>\n<\/li>\n<li class=\"\" data-start=\"1315\" data-end=\"1550\">\n<p class=\"\" data-start=\"1317\" data-end=\"1550\" data-immersive-translate-walked=\"6f3191cd-237b-4ae5-a2ce-1450077e515d\" data-immersive-translate-paragraph=\"1\">Rozsah v\u00fdkonu: WASPE 12000 Pufov Digit\u00e1lna krabica pon\u00faka rozsah v\u00fdkonu od 7 do 12 voltov. To umo\u017e\u0148uje pou\u017e\u00edvate\u013eom prisp\u00f4sobi\u0165 si silu pary pod\u013ea vlastn\u00e9ho \u017eelania a upravi\u0165 intenzitu pary.<\/p>\n<\/li>\n<li class=\"\" data-start=\"1552\" data-end=\"1740\">\n<p class=\"\" data-start=\"1554\" data-end=\"1740\" data-immersive-translate-walked=\"6f3191cd-237b-4ae5-a2ce-1450077e515d\" data-immersive-translate-paragraph=\"1\">Odpor cievky: S odporom 1,0 \u03a9 zariadenie poskytuje kon\u0161tantn\u00fa, rovnomern\u00fa paru. Tento odpor je ide\u00e1lny na zabezpe\u010denie pr\u00edjemn\u00e9ho vapovania.<\/p>\n<\/li>\n<\/ul>\n<h4 data-start=\"1742\" data-end=\"1764\">z\u00e1\u017eitok z chuti<\/h4>\n<p class=\"\" data-start=\"1766\" data-end=\"2136\" data-immersive-translate-walked=\"6f3191cd-237b-4ae5-a2ce-1450077e515d\" data-immersive-translate-paragraph=\"1\">Model je dostupn\u00fd s pr\u00edchu\u0165ou, ktor\u00e1 je obzvl\u00e1\u0161\u0165 zauj\u00edmav\u00e1 pre milovn\u00edkov ovocn\u00fdch ar\u00f3m: jahoda a vodn\u00e1 mel\u00f3n. T\u00e1to kombin\u00e1cia prin\u00e1\u0161a svie\u017eu, sladk\u00fa chu\u0165, ktor\u00e1 rob\u00ed vapovanie pr\u00edjemn\u00fdm z\u00e1\u017eitkom. Zmes sladk\u00fdch jah\u00f4d a osvie\u017euj\u00faceho vodn\u00e9ho mel\u00f3nu vytv\u00e1ra vyv\u00e1\u017een\u00fa a osvie\u017euj\u00facu chu\u0165ov\u00fa kompoz\u00edciu.<\/p>\n<h4 data-start=\"2138\" data-end=\"2162\" data-immersive-translate-walked=\"6f3191cd-237b-4ae5-a2ce-1450077e515d\" data-immersive-translate-paragraph=\"1\">Koncentr\u00e1cia nikot\u00ednu<\/h4>\n<p class=\"\" data-start=\"2164\" data-end=\"2517\" data-immersive-translate-walked=\"6f3191cd-237b-4ae5-a2ce-1450077e515d\" data-immersive-translate-paragraph=\"1\">WASPE 12000 Pufov Digit\u00e1lna krabica je dostupn\u00e1 v dvoch sil\u00e1ch nikot\u00ednu: 2% a 5%. Tieto mo\u017enosti poskytuj\u00fa pou\u017e\u00edvate\u013eom flexibilitu vybra\u0165 si \u00farove\u0148 nikot\u00ednu pod\u013ea vlastn\u00e9ho \u017eelania. Za\u010diato\u010dn\u00edci m\u00f4\u017eu zvoli\u0165 miernej\u0161iu verziu 2%, zatia\u013e \u010do sk\u00fasen\u00ed vaperi uprednost\u0148uj\u00fa mo\u017enos\u0165 5% na regul\u00e1ciu svojho pr\u00edjmu nikot\u00ednu.<\/p>\n<h3>V\u00fdhody WASPE 12000 Puffs Digit\u00e1lna krabica<\/h3>\n<ul data-start=\"2567\" data-end=\"3149\">\n<li class=\"\" data-start=\"2567\" data-end=\"2801\">\n<p class=\"\" data-start=\"2569\" data-end=\"2801\" data-immersive-translate-walked=\"6f3191cd-237b-4ae5-a2ce-1450077e515d\" data-immersive-translate-paragraph=\"1\">\u017diadne dovozn\u00e9 clo: Ve\u013ekou v\u00fdhodou WASPE 12000 Pufov Digit\u00e1lna krabica je, \u017ee pri k\u00fape neplatia \u017eiadne dodato\u010dn\u00e9 dovozn\u00e9 dane alebo cl\u00e1. To rob\u00ed zariadenie mimoriadne cenovo dostupn\u00fdm pre kupuj\u00facich z r\u00f4znych regi\u00f3nov.<\/p>\n<\/li>\n<li class=\"\" data-start=\"2803\" data-end=\"2962\">\n<p class=\"\" data-start=\"2805\" data-end=\"2962\" data-immersive-translate-walked=\"6f3191cd-237b-4ae5-a2ce-1450077e515d\" data-immersive-translate-paragraph=\"1\">R\u00fdchle doru\u010denie: Doba odoslania je zvy\u010dajne len 7 a\u017e 15 pracovn\u00fdch dn\u00ed. Tak\u017ee kupuj\u00faci dostan\u00fa svoju objedn\u00e1vku r\u00fdchlo a bez dlh\u00e9ho \u010dakania.<\/p>\n<\/li>\n<li class=\"\" data-start=\"2964\" data-end=\"3149\">\n<p class=\"\" data-start=\"2966\" data-end=\"3149\" data-immersive-translate-walked=\"6f3191cd-237b-4ae5-a2ce-1450077e515d\" data-immersive-translate-paragraph=\"1\">Pohodln\u00e9 pou\u017e\u00edvanie: WASPE 12000 Pufov Digit\u00e1lna krabica nevy\u017eaduje \u017eiadnu \u010fal\u0161iu \u00fadr\u017ebu alebo pr\u00edpravu. Po rozbalen\u00ed m\u00f4\u017ee pou\u017e\u00edvate\u013e okam\u017eite za\u010da\u0165 vapova\u0165.<\/p>\n<\/li>\n<\/ul>\n<h4 data-start=\"3151\" data-end=\"3188\" data-immersive-translate-walked=\"6f3191cd-237b-4ae5-a2ce-1450077e515d\" data-immersive-translate-paragraph=\"1\">Nab\u00edjac\u00ed port a komfort pou\u017e\u00edvania<\/h4>\n<p class=\"\" data-start=\"3190\" data-end=\"3409\" data-immersive-translate-walked=\"6f3191cd-237b-4ae5-a2ce-1450077e515d\" data-immersive-translate-paragraph=\"1\">Krabica je vybaven\u00e1 modern\u00fdm Type-C nab\u00edjac\u00edm portom, ktor\u00fd umo\u017e\u0148uje r\u00fdchle a efekt\u00edvne nab\u00edjanie. Pou\u017e\u00edvatelia m\u00f4\u017eu zariadenie r\u00fdchlo nabi\u0165, aby bolo op\u00e4\u0165 pripraven\u00e9 na pou\u017eitie v kr\u00e1tkom \u010dase.<\/p>","protected":false},"excerpt":{"rendered":"<p>WASPE 12000 Puffs Digital Box: Eine innovative Wahl im Bereich Einweg-Vapes Die WASPE 12000 Puffs Digital Box ist ein herausragendes Beispiel f\u00fcr moderne Einweg-E-Zigaretten. Mit&#8230;<\/p>","protected":false},"featured_media":6660,"template":"","meta":[],"etheme_brands":[],"product_brand":[98],"product_cat":[88,49,61],"product_tag":[],"class_list":{"0":"post-6666","1":"product","2":"type-product","3":"status-publish","4":"has-post-thumbnail","6":"product_brand-waspe-vape","7":"product_cat-12k-vape","8":"product_cat-einweg-e-zigarette","9":"product_cat-f","11":"first","12":"instock","13":"shipping-taxable","14":"purchasable","15":"product-type-variable"},"yoast_head":"<!-- This site is optimized with the Yoast SEO plugin v26.5 - https:\/\/yoast.com\/wordpress\/plugins\/seo\/ -->\n<title>WASPE 12000 Puffs Digital Box Dein Strawberry Watermelon Genuss Ohne Steuern Top Qualit\u00e4t zum Gro\u00dfhandelspreis | Vapingnet.de<\/title>\n<meta name=\"description\" content=\"Entdecke WASPE 12000 Puffs Digital Box Dein Strawberry Watermelon Genuss Ohne Steuern Top Qualit\u00e4t zum Gro\u00dfhandelspreis bei vapingnet.de, \u25ba Gro\u00dfe Auswahl an Geschmacksrichtungen &amp; super g\u00fcnstig!\" \/>\n<meta name=\"robots\" content=\"index, follow, max-snippet:-1, max-image-preview:large, max-video-preview:-1\" \/>\n<link rel=\"canonical\" href=\"https:\/\/vapingnet.de\/sk\/vape\/waspe-12000-puffs-digital-box-dein-strawberry-watermelon-genuss-ohne-steuern-top-qualitaet-zum-grosshandelspreis\/\" \/>\n<meta property=\"og:locale\" content=\"sk_SK\" \/>\n<meta property=\"og:type\" content=\"article\" \/>\n<meta property=\"og:title\" content=\"WASPE 12000 Puffs Digital Box Dein Strawberry Watermelon Genuss Ohne Steuern Top Qualit\u00e4t zum Gro\u00dfhandelspreis | Vapingnet.de\" \/>\n<meta property=\"og:description\" content=\"Entdecke WASPE 12000 Puffs Digital Box Dein Strawberry Watermelon Genuss Ohne Steuern Top Qualit\u00e4t zum Gro\u00dfhandelspreis bei vapingnet.de, \u25ba Gro\u00dfe Auswahl an Geschmacksrichtungen &amp; super g\u00fcnstig!\" \/>\n<meta property=\"og:url\" content=\"https:\/\/vapingnet.de\/sk\/vape\/waspe-12000-puffs-digital-box-dein-strawberry-watermelon-genuss-ohne-steuern-top-qualitaet-zum-grosshandelspreis\/\" \/>\n<meta property=\"og:site_name\" content=\"Vapingnet.de\" \/>\n<meta property=\"article:publisher\" content=\"https:\/\/www.facebook.com\/vapingnetde\/\" \/>\n<meta property=\"article:modified_time\" content=\"2026-04-15T09:08:33+00:00\" \/>\n<meta property=\"og:image\" content=\"https:\/\/vapingnet.de\/wp-content\/uploads\/2025\/04\/Strawberry-Watermelon-6.webp\" \/>\n\t<meta property=\"og:image:width\" content=\"1000\" \/>\n\t<meta property=\"og:image:height\" content=\"1000\" \/>\n\t<meta property=\"og:image:type\" content=\"image\/webp\" \/>\n<meta name=\"twitter:card\" content=\"summary_large_image\" \/>\n<meta name=\"twitter:label1\" content=\"Est. reading time\" \/>\n\t<meta name=\"twitter:data1\" content=\"3 minutes\" \/>\n<script type=\"application\/ld+json\" class=\"yoast-schema-graph\">{\"@context\":\"https:\/\/schema.org\",\"@graph\":[{\"@type\":\"WebPage\",\"@id\":\"https:\/\/vapingnet.de\/vape\/waspe-12000-puffs-digital-box-dein-strawberry-watermelon-genuss-ohne-steuern-top-qualitaet-zum-grosshandelspreis\/\",\"url\":\"https:\/\/vapingnet.de\/vape\/waspe-12000-puffs-digital-box-dein-strawberry-watermelon-genuss-ohne-steuern-top-qualitaet-zum-grosshandelspreis\/\",\"name\":\"WASPE 12000 Puffs Digital Box Dein Strawberry Watermelon Genuss Ohne Steuern Top Qualit\u00e4t zum Gro\u00dfhandelspreis | Vapingnet.de\",\"isPartOf\":{\"@id\":\"https:\/\/vapingnet.de\/#website\"},\"primaryImageOfPage\":{\"@id\":\"https:\/\/vapingnet.de\/vape\/waspe-12000-puffs-digital-box-dein-strawberry-watermelon-genuss-ohne-steuern-top-qualitaet-zum-grosshandelspreis\/#primaryimage\"},\"image\":{\"@id\":\"https:\/\/vapingnet.de\/vape\/waspe-12000-puffs-digital-box-dein-strawberry-watermelon-genuss-ohne-steuern-top-qualitaet-zum-grosshandelspreis\/#primaryimage\"},\"thumbnailUrl\":\"https:\/\/vapingnet.de\/wp-content\/uploads\/2025\/04\/Strawberry-Watermelon-6.webp\",\"datePublished\":\"2025-04-29T07:51:31+00:00\",\"dateModified\":\"2026-04-15T09:08:33+00:00\",\"description\":\"Entdecke WASPE 12000 Puffs Digital Box Dein Strawberry Watermelon Genuss Ohne Steuern Top Qualit\u00e4t zum Gro\u00dfhandelspreis bei vapingnet.de, \u25ba Gro\u00dfe Auswahl an Geschmacksrichtungen & super g\u00fcnstig!\",\"breadcrumb\":{\"@id\":\"https:\/\/vapingnet.de\/vape\/waspe-12000-puffs-digital-box-dein-strawberry-watermelon-genuss-ohne-steuern-top-qualitaet-zum-grosshandelspreis\/#breadcrumb\"},\"inLanguage\":\"sk-SK\",\"potentialAction\":[{\"@type\":\"ReadAction\",\"target\":[\"https:\/\/vapingnet.de\/vape\/waspe-12000-puffs-digital-box-dein-strawberry-watermelon-genuss-ohne-steuern-top-qualitaet-zum-grosshandelspreis\/\"]}]},{\"@type\":\"ImageObject\",\"inLanguage\":\"sk-SK\",\"@id\":\"https:\/\/vapingnet.de\/vape\/waspe-12000-puffs-digital-box-dein-strawberry-watermelon-genuss-ohne-steuern-top-qualitaet-zum-grosshandelspreis\/#primaryimage\",\"url\":\"https:\/\/vapingnet.de\/wp-content\/uploads\/2025\/04\/Strawberry-Watermelon-6.webp\",\"contentUrl\":\"https:\/\/vapingnet.de\/wp-content\/uploads\/2025\/04\/Strawberry-Watermelon-6.webp\",\"width\":1000,\"height\":1000},{\"@type\":\"BreadcrumbList\",\"@id\":\"https:\/\/vapingnet.de\/vape\/waspe-12000-puffs-digital-box-dein-strawberry-watermelon-genuss-ohne-steuern-top-qualitaet-zum-grosshandelspreis\/#breadcrumb\",\"itemListElement\":[{\"@type\":\"ListItem\",\"position\":1,\"name\":\"Home\",\"item\":\"https:\/\/vapingnet.de\/\"},{\"@type\":\"ListItem\",\"position\":2,\"name\":\"Shop\",\"item\":\"https:\/\/vapingnet.de\/vape\/\"},{\"@type\":\"ListItem\",\"position\":3,\"name\":\"WASPE 12000 Puffs Digital Box Dein Strawberry Watermelon Genuss Ohne Steuern Top Qualit\u00e4t zum Gro\u00dfhandelspreis\"}]},{\"@type\":\"WebSite\",\"@id\":\"https:\/\/vapingnet.de\/#website\",\"url\":\"https:\/\/vapingnet.de\/\",\"name\":\"Vapingnet.de\",\"description\":\"\",\"publisher\":{\"@id\":\"https:\/\/vapingnet.de\/#organization\"},\"potentialAction\":[{\"@type\":\"SearchAction\",\"target\":{\"@type\":\"EntryPoint\",\"urlTemplate\":\"https:\/\/vapingnet.de\/?s={search_term_string}\"},\"query-input\":{\"@type\":\"PropertyValueSpecification\",\"valueRequired\":true,\"valueName\":\"search_term_string\"}}],\"inLanguage\":\"sk-SK\"},{\"@type\":\"Organization\",\"@id\":\"https:\/\/vapingnet.de\/#organization\",\"name\":\"Vapingnet.de\",\"url\":\"https:\/\/vapingnet.de\/\",\"logo\":{\"@type\":\"ImageObject\",\"inLanguage\":\"sk-SK\",\"@id\":\"https:\/\/vapingnet.de\/#\/schema\/logo\/image\/\",\"url\":\"https:\/\/vapingnet.de\/wp-content\/uploads\/2025\/03\/cropped-vapingnet.de_.jpg\",\"contentUrl\":\"https:\/\/vapingnet.de\/wp-content\/uploads\/2025\/03\/cropped-vapingnet.de_.jpg\",\"width\":512,\"height\":512,\"caption\":\"Vapingnet.de\"},\"image\":{\"@id\":\"https:\/\/vapingnet.de\/#\/schema\/logo\/image\/\"},\"sameAs\":[\"https:\/\/www.facebook.com\/vapingnetde\/\"]}]}<\/script>\n<!-- \/ Yoast SEO plugin. -->","yoast_head_json":{"title":"WASPE 12000 Puffs Digital Box Dein Strawberry Watermelon Genuss Ohne Steuern Top Qualit\u00e4t zum Gro\u00dfhandelspreis | Vapingnet.de","description":"Entdecke WASPE 12000 Puffs Digital Box Dein Strawberry Watermelon Genuss Ohne Steuern Top Qualit\u00e4t zum Gro\u00dfhandelspreis bei vapingnet.de, \u25ba Gro\u00dfe Auswahl an Geschmacksrichtungen & super g\u00fcnstig!","robots":{"index":"index","follow":"follow","max-snippet":"max-snippet:-1","max-image-preview":"max-image-preview:large","max-video-preview":"max-video-preview:-1"},"canonical":"https:\/\/vapingnet.de\/sk\/vape\/waspe-12000-puffs-digital-box-dein-strawberry-watermelon-genuss-ohne-steuern-top-qualitaet-zum-grosshandelspreis\/","og_locale":"sk_SK","og_type":"article","og_title":"WASPE 12000 Puffs Digital Box Dein Strawberry Watermelon Genuss Ohne Steuern Top Qualit\u00e4t zum Gro\u00dfhandelspreis | Vapingnet.de","og_description":"Entdecke WASPE 12000 Puffs Digital Box Dein Strawberry Watermelon Genuss Ohne Steuern Top Qualit\u00e4t zum Gro\u00dfhandelspreis bei vapingnet.de, \u25ba Gro\u00dfe Auswahl an Geschmacksrichtungen & super g\u00fcnstig!","og_url":"https:\/\/vapingnet.de\/sk\/vape\/waspe-12000-puffs-digital-box-dein-strawberry-watermelon-genuss-ohne-steuern-top-qualitaet-zum-grosshandelspreis\/","og_site_name":"Vapingnet.de","article_publisher":"https:\/\/www.facebook.com\/vapingnetde\/","article_modified_time":"2026-04-15T09:08:33+00:00","og_image":[{"width":1000,"height":1000,"url":"https:\/\/vapingnet.de\/wp-content\/uploads\/2025\/04\/Strawberry-Watermelon-6.webp","type":"image\/webp"}],"twitter_card":"summary_large_image","twitter_misc":{"Est. reading time":"3 minutes"},"schema":{"@context":"https:\/\/schema.org","@graph":[{"@type":"WebPage","@id":"https:\/\/vapingnet.de\/vape\/waspe-12000-puffs-digital-box-dein-strawberry-watermelon-genuss-ohne-steuern-top-qualitaet-zum-grosshandelspreis\/","url":"https:\/\/vapingnet.de\/vape\/waspe-12000-puffs-digital-box-dein-strawberry-watermelon-genuss-ohne-steuern-top-qualitaet-zum-grosshandelspreis\/","name":"WASPE 12000 Puffs Digital Box Dein Strawberry Watermelon Genuss Ohne Steuern Top Qualit\u00e4t zum Gro\u00dfhandelspreis | Vapingnet.de","isPartOf":{"@id":"https:\/\/vapingnet.de\/#website"},"primaryImageOfPage":{"@id":"https:\/\/vapingnet.de\/vape\/waspe-12000-puffs-digital-box-dein-strawberry-watermelon-genuss-ohne-steuern-top-qualitaet-zum-grosshandelspreis\/#primaryimage"},"image":{"@id":"https:\/\/vapingnet.de\/vape\/waspe-12000-puffs-digital-box-dein-strawberry-watermelon-genuss-ohne-steuern-top-qualitaet-zum-grosshandelspreis\/#primaryimage"},"thumbnailUrl":"https:\/\/vapingnet.de\/wp-content\/uploads\/2025\/04\/Strawberry-Watermelon-6.webp","datePublished":"2025-04-29T07:51:31+00:00","dateModified":"2026-04-15T09:08:33+00:00","description":"Entdecke WASPE 12000 Puffs Digital Box Dein Strawberry Watermelon Genuss Ohne Steuern Top Qualit\u00e4t zum Gro\u00dfhandelspreis bei vapingnet.de, \u25ba Gro\u00dfe Auswahl an Geschmacksrichtungen & super g\u00fcnstig!","breadcrumb":{"@id":"https:\/\/vapingnet.de\/vape\/waspe-12000-puffs-digital-box-dein-strawberry-watermelon-genuss-ohne-steuern-top-qualitaet-zum-grosshandelspreis\/#breadcrumb"},"inLanguage":"sk-SK","potentialAction":[{"@type":"ReadAction","target":["https:\/\/vapingnet.de\/vape\/waspe-12000-puffs-digital-box-dein-strawberry-watermelon-genuss-ohne-steuern-top-qualitaet-zum-grosshandelspreis\/"]}]},{"@type":"ImageObject","inLanguage":"sk-SK","@id":"https:\/\/vapingnet.de\/vape\/waspe-12000-puffs-digital-box-dein-strawberry-watermelon-genuss-ohne-steuern-top-qualitaet-zum-grosshandelspreis\/#primaryimage","url":"https:\/\/vapingnet.de\/wp-content\/uploads\/2025\/04\/Strawberry-Watermelon-6.webp","contentUrl":"https:\/\/vapingnet.de\/wp-content\/uploads\/2025\/04\/Strawberry-Watermelon-6.webp","width":1000,"height":1000},{"@type":"BreadcrumbList","@id":"https:\/\/vapingnet.de\/vape\/waspe-12000-puffs-digital-box-dein-strawberry-watermelon-genuss-ohne-steuern-top-qualitaet-zum-grosshandelspreis\/#breadcrumb","itemListElement":[{"@type":"ListItem","position":1,"name":"Home","item":"https:\/\/vapingnet.de\/"},{"@type":"ListItem","position":2,"name":"Shop","item":"https:\/\/vapingnet.de\/vape\/"},{"@type":"ListItem","position":3,"name":"WASPE 12000 Puffs Digital Box Dein Strawberry Watermelon Genuss Ohne Steuern Top Qualit\u00e4t zum Gro\u00dfhandelspreis"}]},{"@type":"WebSite","@id":"https:\/\/vapingnet.de\/#website","url":"https:\/\/vapingnet.de\/","name":"Vapingnet.de","description":"","publisher":{"@id":"https:\/\/vapingnet.de\/#organization"},"potentialAction":[{"@type":"SearchAction","target":{"@type":"EntryPoint","urlTemplate":"https:\/\/vapingnet.de\/?s={search_term_string}"},"query-input":{"@type":"PropertyValueSpecification","valueRequired":true,"valueName":"search_term_string"}}],"inLanguage":"sk-SK"},{"@type":"Organization","@id":"https:\/\/vapingnet.de\/#organization","name":"Vapingnet.de","url":"https:\/\/vapingnet.de\/","logo":{"@type":"ImageObject","inLanguage":"sk-SK","@id":"https:\/\/vapingnet.de\/#\/schema\/logo\/image\/","url":"https:\/\/vapingnet.de\/wp-content\/uploads\/2025\/03\/cropped-vapingnet.de_.jpg","contentUrl":"https:\/\/vapingnet.de\/wp-content\/uploads\/2025\/03\/cropped-vapingnet.de_.jpg","width":512,"height":512,"caption":"Vapingnet.de"},"image":{"@id":"https:\/\/vapingnet.de\/#\/schema\/logo\/image\/"},"sameAs":["https:\/\/www.facebook.com\/vapingnetde\/"]}]}},"tiered_pricing_type":"fixed","tiered_pricing_fixed_rules":[],"tiered_pricing_product_settings":{"layout":"default","base_unit_name":{"singular":null,"plural":null},"default_variation":null},"tiered_pricing_minimum_quantity":null,"tiered_pricing_roles_data":[],"tiered_pricing_percentage_rules":[],"_links":{"self":[{"href":"https:\/\/vapingnet.de\/sk\/wp-json\/wp\/v2\/product\/6666","targetHints":{"allow":["GET"]}}],"collection":[{"href":"https:\/\/vapingnet.de\/sk\/wp-json\/wp\/v2\/product"}],"about":[{"href":"https:\/\/vapingnet.de\/sk\/wp-json\/wp\/v2\/types\/product"}],"version-history":[{"count":1,"href":"https:\/\/vapingnet.de\/sk\/wp-json\/wp\/v2\/product\/6666\/revisions"}],"predecessor-version":[{"id":6672,"href":"https:\/\/vapingnet.de\/sk\/wp-json\/wp\/v2\/product\/6666\/revisions\/6672"}],"wp:featuredmedia":[{"embeddable":true,"href":"https:\/\/vapingnet.de\/sk\/wp-json\/wp\/v2\/media\/6660"}],"wp:attachment":[{"href":"https:\/\/vapingnet.de\/sk\/wp-json\/wp\/v2\/media?parent=6666"}],"wp:term":[{"taxonomy":"brand","embeddable":true,"href":"https:\/\/vapingnet.de\/sk\/wp-json\/wp\/v2\/etheme_brands?post=6666"},{"taxonomy":"product_brand","embeddable":true,"href":"https:\/\/vapingnet.de\/sk\/wp-json\/wp\/v2\/product_brand?post=6666"},{"taxonomy":"product_cat","embeddable":true,"href":"https:\/\/vapingnet.de\/sk\/wp-json\/wp\/v2\/product_cat?post=6666"},{"taxonomy":"product_tag","embeddable":true,"href":"https:\/\/vapingnet.de\/sk\/wp-json\/wp\/v2\/product_tag?post=6666"}],"curies":[{"name":"wp","href":"https:\/\/api.w.org\/{rel}","templated":true}]}}