{"id":6669,"date":"2025-04-29T07:51:43","date_gmt":"2025-04-29T07:51:43","guid":{"rendered":"https:\/\/vapingnet.de\/?post_type=product&#038;p=6669"},"modified":"2026-04-15T09:06:58","modified_gmt":"2026-04-15T09:06:58","slug":"kauf-jetzt-spare-mehr-waspe-12000-puffs-blueberry-raspberry-top-preis-und-steuerfrei","status":"publish","type":"product","link":"https:\/\/vapingnet.de\/sk\/vape\/kauf-jetzt-spare-mehr-waspe-12000-puffs-blueberry-raspberry-top-preis-und-steuerfrei\/","title":{"rendered":"K\u00fap teraz U\u0161etr\u00ed\u0161 viac! WASPE 12000 Puffs Blueberry Raspberry Najlep\u0161ia cena a bez dan\u00ed"},"content":{"rendered":"<h2 data-start=\"0\" data-end=\"84\" data-immersive-translate-walked=\"0f648666-d180-475f-91eb-fe5184033b65\">WASPE 12000 Puffs Digit\u00e1lna krabica: Jednorazov\u00e1 e-cigareta pre dlhodob\u00e9 pote\u0161enie<\/h2>\n<p class=\"\" data-start=\"86\" data-end=\"570\" data-immersive-translate-walked=\"0f648666-d180-475f-91eb-fe5184033b65\" data-immersive-translate-paragraph=\"1\">WASPE 12000 Puffs Digit\u00e1lna krabica je dokonalou vo\u013ebou pre vapery, ktor\u00ed h\u013eadaj\u00fa odoln\u00fa, v\u00fdkonn\u00fa a \u013eahko ovl\u00e1date\u013en\u00fa e-cigaretu. S mno\u017estvom funkci\u00ed a p\u00f4sobivo vysok\u00fdm po\u010dtom potiahnut\u00ed je to \u0161pi\u010dkov\u00fd produkt pre v\u0161etk\u00fdch, ktor\u00ed si \u017eelaj\u00fa dlh\u00fd a pr\u00edjemn\u00fd z\u00e1\u017eitok z vapovania. V tomto \u010dl\u00e1nku v\u00e1m predstav\u00edme najd\u00f4le\u017eitej\u0161ie vlastnosti tohto produktu a vysvetl\u00edme, pre\u010do je to vynikaj\u00faca vo\u013eba.<\/p>\n<p class=\"\" data-start=\"634\" data-end=\"1114\" data-immersive-translate-walked=\"0f648666-d180-475f-91eb-fe5184033b65\" data-immersive-translate-paragraph=\"1\">WASPE 12000 Puffs Digit\u00e1lna krabica je pokro\u010dil\u00fd model jednorazovej e-cigarety, ktor\u00fd bol \u0161peci\u00e1lne navrhnut\u00fd pre vapery, ktor\u00ed oce\u0148uj\u00fa v\u00fdkon aj pohodlie. S a\u017e 12000 potiahnutiami, vysokou kapacitou e-liquidu a viacer\u00fdmi \u00farov\u0148ami nikot\u00ednu pon\u00faka toto zariadenie vynikaj\u00faci z\u00e1\u017eitok z vapovania. Krabica kombinuje inovat\u00edvnu technol\u00f3giu a pou\u017e\u00edvate\u013esky pr\u00edvetiv\u00fd dizajn, aby vapery mohli za\u017ei\u0165 pohodln\u00e9, dlhodob\u00e9 a chutn\u00e9 vapovanie.<\/p>\n<p data-start=\"634\" data-end=\"1114\" data-immersive-translate-walked=\"0f648666-d180-475f-91eb-fe5184033b65\" data-immersive-translate-paragraph=\"1\"><img fetchpriority=\"high\" decoding=\"async\" class=\"alignnone size-full wp-image-6893\" src=\"https:\/\/vapingnet.de\/wp-content\/uploads\/2025\/04\/\u7279\u5f81\u56fe.jpg\" alt=\"\" width=\"800\" height=\"800\" srcset=\"https:\/\/vapingnet.de\/wp-content\/uploads\/2025\/04\/\u7279\u5f81\u56fe.jpg 800w, https:\/\/vapingnet.de\/wp-content\/uploads\/2025\/04\/\u7279\u5f81\u56fe-300x300.jpg 300w, https:\/\/vapingnet.de\/wp-content\/uploads\/2025\/04\/\u7279\u5f81\u56fe-150x150.jpg 150w, https:\/\/vapingnet.de\/wp-content\/uploads\/2025\/04\/\u7279\u5f81\u56fe-768x768.jpg 768w, https:\/\/vapingnet.de\/wp-content\/uploads\/2025\/04\/\u7279\u5f81\u56fe-600x600.jpg 600w, https:\/\/vapingnet.de\/wp-content\/uploads\/2025\/04\/\u7279\u5f81\u56fe-100x100.jpg 100w, https:\/\/vapingnet.de\/wp-content\/uploads\/2025\/04\/\u7279\u5f81\u56fe-1x1.jpg 1w, https:\/\/vapingnet.de\/wp-content\/uploads\/2025\/04\/\u7279\u5f81\u56fe-10x10.jpg 10w\" sizes=\"(max-width: 800px) 100vw, 800px\" \/><\/p>\n<h3 class=\"\" data-start=\"1121\" data-end=\"1180\" data-immersive-translate-walked=\"0f648666-d180-475f-91eb-fe5184033b65\">D\u00f4le\u017eit\u00e9 vlastnosti WASPE 12000 Puffs Digit\u00e1lna krabica<\/h3>\n<p class=\"\" data-start=\"1182\" data-end=\"1546\" data-immersive-translate-walked=\"0f648666-d180-475f-91eb-fe5184033b65\" data-immersive-translate-paragraph=\"1\">1. Vysok\u00fd po\u010det potiahnut\u00ed \u2013 12000 potiahnut\u00ed<br data-start=\"1218\" data-end=\"1221\" data-immersive-translate-walked=\"0f648666-d180-475f-91eb-fe5184033b65\" \/>S p\u00f4sobiv\u00fdm po\u010dtom potiahnut\u00ed a\u017e do 12000 je WASPE 12000 Puffs Digit\u00e1lna krabica jednou z najdlh\u0161ie vydr\u017eaj\u00facich jednorazov\u00fdch e-cigariet na trhu. Tento vysok\u00fd po\u010det potiahnut\u00ed znamen\u00e1, \u017ee vapery si m\u00f4\u017eu vychutn\u00e1va\u0165 dlh\u00fd \u010das bez preru\u0161enia, bez starost\u00ed o v\u00fdmenu alebo doplnenie.<\/p>\n<p class=\"\" data-start=\"1548\" data-end=\"1878\" data-immersive-translate-walked=\"0f648666-d180-475f-91eb-fe5184033b65\" data-immersive-translate-paragraph=\"1\">2. Ve\u013ek\u00e1 kapacita e-liquidu \u2013 20 ml<br data-start=\"1587\" data-end=\"1590\" data-immersive-translate-walked=\"0f648666-d180-475f-91eb-fe5184033b65\" \/>Kapacita 20 ml e-liquidu zabezpe\u010duje dlh\u0161iu \u017eivotnos\u0165 zariadenia a z\u00e1rove\u0148 poskytuje konzistentn\u00fd chu\u0165ov\u00fd z\u00e1\u017eitok. Obzvl\u00e1\u0161\u0165 pre \u010dast\u00fdch faj\u010diarov alebo vapery na cest\u00e1ch je t\u00e1to ve\u013ekorys\u00e1 kapacita v\u00fdhodn\u00e1, preto\u017ee dop\u013a\u0148anie nie je potrebn\u00e9.<\/p>\n<p class=\"\" data-start=\"1880\" data-end=\"2239\" data-immersive-translate-walked=\"0f648666-d180-475f-91eb-fe5184033b65\" data-immersive-translate-paragraph=\"1\">3. V\u00fddr\u017e bat\u00e9rie \u2013 650mAh bat\u00e9ria<br data-start=\"1913\" data-end=\"1916\" data-immersive-translate-walked=\"0f648666-d180-475f-91eb-fe5184033b65\" \/>Bat\u00e9ria s kapacitou 650mAh zabezpe\u010duje spo\u013eahliv\u00fd v\u00fdkon po\u010das celej \u017eivotnosti zariadenia. To znamen\u00e1, \u017ee z\u00e1\u017eitok z vapovania zost\u00e1va stabiln\u00fd aj pri dlh\u0161om pou\u017e\u00edvan\u00ed, bez nutnosti \u010dast\u00e9ho dob\u00edjania. Ak je potrebn\u00e9 nab\u00edjanie, r\u00fdchly a efekt\u00edvny je port Type-C.<\/p>\n<p class=\"\" data-start=\"2241\" data-end=\"2610\" data-immersive-translate-walked=\"0f648666-d180-475f-91eb-fe5184033b65\" data-immersive-translate-paragraph=\"1\">4. Mo\u017enosti nikot\u00ednu \u2013 2% a 5%<br data-start=\"2275\" data-end=\"2278\" data-immersive-translate-walked=\"0f648666-d180-475f-91eb-fe5184033b65\" \/>WASPE 12000 Puffs Digit\u00e1lna krabica pon\u00faka dve \u00farovne nikot\u00ednu: 2% a 5%. To umo\u017e\u0148uje pou\u017e\u00edvate\u013eom prisp\u00f4sobi\u0165 si z\u00e1\u017eitok z vapovania pod\u013ea svojich preferenci\u00ed. Vo\u013eba 2% je vhodn\u00e1 pre t\u00fdch, ktor\u00ed preferuj\u00fa jemnej\u0161\u00ed z\u00e1\u017eitok, zatia\u013e \u010do 5% je ur\u010den\u00e1 pre t\u00fdch, ktor\u00ed h\u013eadaj\u00fa silnej\u0161\u00ed nikot\u00ednov\u00fd z\u00e1\u017eitok.<\/p>\n<p class=\"\" data-start=\"2612\" data-end=\"2974\" data-immersive-translate-walked=\"0f648666-d180-475f-91eb-fe5184033b65\" data-immersive-translate-paragraph=\"1\">5. Chu\u0165 \u2013 Blueberry Raspberry<br data-start=\"2650\" data-end=\"2653\" data-immersive-translate-walked=\"0f648666-d180-475f-91eb-fe5184033b65\" \/>WASPE 12000 Puffs Digit\u00e1lna krabica je vybaven\u00e1 ovocnou pr\u00edchu\u0165ou \u201eBlueberry Raspberry\u201c, ktor\u00e1 je harmonickou zmesou sladk\u00fdch \u010du\u010doriedok a \u010derstv\u00fdch mal\u00edn. T\u00e1to osvie\u017euj\u00faca kombin\u00e1cia zabezpe\u010duje pr\u00edjemn\u00fd a chutn\u00fd z\u00e1\u017eitok z vapovania, ktor\u00fd oslov\u00ed za\u010diato\u010dn\u00edkov aj sk\u00fasen\u00fdch vapery.<\/p>\n<h4 data-start=\"2981\" data-end=\"3016\" data-immersive-translate-walked=\"0f648666-d180-475f-91eb-fe5184033b65\">Dizajn a kvalita materi\u00e1lu<\/h4>\n<p class=\"\" data-start=\"3018\" data-end=\"3378\" data-immersive-translate-walked=\"0f648666-d180-475f-91eb-fe5184033b65\" data-immersive-translate-paragraph=\"1\">Odoln\u00fd a \u013eahk\u00fd<br data-start=\"3039\" data-end=\"3042\" data-immersive-translate-walked=\"0f648666-d180-475f-91eb-fe5184033b65\" \/>WASPE 12000 Puffs Digit\u00e1lna krabica vynik\u00e1 minimalistick\u00fdm, modern\u00fdm dizajnom. Je vyroben\u00e1 z kombin\u00e1cie hlin\u00edkovej zliatiny a PCGT, \u010do ju rob\u00ed odolnou aj \u013eahkou. S hmotnos\u0165ou len 96 g je zariadenie \u013eahko prenosn\u00e9 v ta\u0161ke, tak\u017ee je ide\u00e1lnym spolo\u010dn\u00edkom na cesty.<\/p>\n<p class=\"\" data-start=\"3380\" data-end=\"3671\" data-immersive-translate-walked=\"0f648666-d180-475f-91eb-fe5184033b65\" data-immersive-translate-paragraph=\"1\">Jednorazov\u00fd dizajn \u2013 jednoduch\u00e9 a pohodln\u00e9<br data-start=\"3417\" data-end=\"3420\" data-immersive-translate-walked=\"0f648666-d180-475f-91eb-fe5184033b65\" \/>Jednorazov\u00fd dizajn WASPE 12000 Puffs Digit\u00e1lna krabica ju rob\u00ed mimoriadne pou\u017e\u00edvate\u013esky pr\u00edvetivou. \u017diadne dop\u013a\u0148anie, \u017eiadna \u00fadr\u017eba \u2013 sta\u010d\u00ed rozbali\u0165 a u\u017e\u00edva\u0165 si. To rob\u00ed krabicu ide\u00e1lnou pre vapery, ktor\u00ed h\u013eadaj\u00fa jednoduch\u00e9 a praktick\u00e9 rie\u0161enie.<\/p>\n<h4 data-start=\"0\" data-end=\"41\" data-immersive-translate-walked=\"43b784c2-2dc6-4ae2-8e63-ca982fa802e4\">Mo\u017enosti objedn\u00e1vky a dodacie podmienky<\/h4>\n<p class=\"\" data-start=\"43\" data-end=\"461\" data-immersive-translate-walked=\"43b784c2-2dc6-4ae2-8e63-ca982fa802e4\" data-immersive-translate-paragraph=\"1\">Digitaln\u00e1 krabi\u010dka WASPE 12000 Puffs pon\u00faka nielen vynikaj\u00faci z\u00e1\u017eitok z vapovania, ale aj pohodln\u00fa mo\u017enos\u0165 objednania a doru\u010denia. Je dostupn\u00e1 na vapingnet.de, kde m\u00f4\u017eete zariadenie objedna\u0165 v kr\u00e1tkom \u010dase. Doru\u010denie je bez cla a zvy\u010dajne trv\u00e1 medzi 7 a 15 pracovn\u00fdmi d\u0148ami, tak\u017ee si m\u00f4\u017eete \u010doskoro vychutna\u0165 tento kvalitn\u00fd jednorazov\u00fd pr\u00edstroj.<\/p>\n<p class=\"\" data-start=\"5179\" data-end=\"5490\" data-immersive-translate-walked=\"0f648666-d180-475f-91eb-fe5184033b65\" data-immersive-translate-paragraph=\"1\">","protected":false},"excerpt":{"rendered":"<p>WASPE 12000 Puffs Digital Box: Die Einweg-E-Zigarette f\u00fcr langanhaltenden Genuss Die WASPE 12000 Puffs Digital Box ist die perfekte Wahl f\u00fcr Dampfer, die auf der&#8230;<\/p>","protected":false},"featured_media":6654,"template":"","meta":[],"etheme_brands":[],"product_brand":[98],"product_cat":[88,49,61],"product_tag":[],"class_list":{"0":"post-6669","1":"product","2":"type-product","3":"status-publish","4":"has-post-thumbnail","6":"product_brand-waspe-vape","7":"product_cat-12k-vape","8":"product_cat-einweg-e-zigarette","9":"product_cat-f","11":"first","12":"instock","13":"shipping-taxable","14":"purchasable","15":"product-type-variable"},"yoast_head":"<!-- This site is optimized with the Yoast SEO plugin v26.5 - https:\/\/yoast.com\/wordpress\/plugins\/seo\/ -->\n<title>Kauf Jetzt Spare Mehr! WASPE 12000 Puffs Blueberry Raspberry Top Preis und Steuerfrei | Vapingnet.de<\/title>\n<meta name=\"description\" content=\"Entdecke Kauf Jetzt Spare Mehr! WASPE 12000 Puffs Blueberry Raspberry Top Preis und Steuerfrei bei vapingnet.de, \u25ba Gro\u00dfe Auswahl an Geschmacksrichtungen &amp; super g\u00fcnstig!\" \/>\n<meta name=\"robots\" content=\"index, follow, max-snippet:-1, max-image-preview:large, max-video-preview:-1\" \/>\n<link rel=\"canonical\" href=\"https:\/\/vapingnet.de\/sk\/vape\/kauf-jetzt-spare-mehr-waspe-12000-puffs-blueberry-raspberry-top-preis-und-steuerfrei\/\" \/>\n<meta property=\"og:locale\" content=\"sk_SK\" \/>\n<meta property=\"og:type\" content=\"article\" \/>\n<meta property=\"og:title\" content=\"Kauf Jetzt Spare Mehr! WASPE 12000 Puffs Blueberry Raspberry Top Preis und Steuerfrei | Vapingnet.de\" \/>\n<meta property=\"og:description\" content=\"Entdecke Kauf Jetzt Spare Mehr! WASPE 12000 Puffs Blueberry Raspberry Top Preis und Steuerfrei bei vapingnet.de, \u25ba Gro\u00dfe Auswahl an Geschmacksrichtungen &amp; super g\u00fcnstig!\" \/>\n<meta property=\"og:url\" content=\"https:\/\/vapingnet.de\/sk\/vape\/kauf-jetzt-spare-mehr-waspe-12000-puffs-blueberry-raspberry-top-preis-und-steuerfrei\/\" \/>\n<meta property=\"og:site_name\" content=\"Vapingnet.de\" \/>\n<meta property=\"article:publisher\" content=\"https:\/\/www.facebook.com\/vapingnetde\/\" \/>\n<meta property=\"article:modified_time\" content=\"2026-04-15T09:06:58+00:00\" \/>\n<meta property=\"og:image\" content=\"https:\/\/vapingnet.de\/wp-content\/uploads\/2025\/04\/Blueberry-Raspberry-2.webp\" \/>\n\t<meta property=\"og:image:width\" content=\"1000\" \/>\n\t<meta property=\"og:image:height\" content=\"1000\" \/>\n\t<meta property=\"og:image:type\" content=\"image\/webp\" \/>\n<meta name=\"twitter:card\" content=\"summary_large_image\" \/>\n<meta name=\"twitter:label1\" content=\"Est. reading time\" \/>\n\t<meta name=\"twitter:data1\" content=\"4 minutes\" \/>\n<script type=\"application\/ld+json\" class=\"yoast-schema-graph\">{\"@context\":\"https:\/\/schema.org\",\"@graph\":[{\"@type\":\"WebPage\",\"@id\":\"https:\/\/vapingnet.de\/vape\/kauf-jetzt-spare-mehr-waspe-12000-puffs-blueberry-raspberry-top-preis-und-steuerfrei\/\",\"url\":\"https:\/\/vapingnet.de\/vape\/kauf-jetzt-spare-mehr-waspe-12000-puffs-blueberry-raspberry-top-preis-und-steuerfrei\/\",\"name\":\"Kauf Jetzt Spare Mehr! WASPE 12000 Puffs Blueberry Raspberry Top Preis und Steuerfrei | Vapingnet.de\",\"isPartOf\":{\"@id\":\"https:\/\/vapingnet.de\/#website\"},\"primaryImageOfPage\":{\"@id\":\"https:\/\/vapingnet.de\/vape\/kauf-jetzt-spare-mehr-waspe-12000-puffs-blueberry-raspberry-top-preis-und-steuerfrei\/#primaryimage\"},\"image\":{\"@id\":\"https:\/\/vapingnet.de\/vape\/kauf-jetzt-spare-mehr-waspe-12000-puffs-blueberry-raspberry-top-preis-und-steuerfrei\/#primaryimage\"},\"thumbnailUrl\":\"https:\/\/vapingnet.de\/wp-content\/uploads\/2025\/04\/Blueberry-Raspberry-2.webp\",\"datePublished\":\"2025-04-29T07:51:43+00:00\",\"dateModified\":\"2026-04-15T09:06:58+00:00\",\"description\":\"Entdecke Kauf Jetzt Spare Mehr! WASPE 12000 Puffs Blueberry Raspberry Top Preis und Steuerfrei bei vapingnet.de, \u25ba Gro\u00dfe Auswahl an Geschmacksrichtungen & super g\u00fcnstig!\",\"breadcrumb\":{\"@id\":\"https:\/\/vapingnet.de\/vape\/kauf-jetzt-spare-mehr-waspe-12000-puffs-blueberry-raspberry-top-preis-und-steuerfrei\/#breadcrumb\"},\"inLanguage\":\"sk-SK\",\"potentialAction\":[{\"@type\":\"ReadAction\",\"target\":[\"https:\/\/vapingnet.de\/vape\/kauf-jetzt-spare-mehr-waspe-12000-puffs-blueberry-raspberry-top-preis-und-steuerfrei\/\"]}]},{\"@type\":\"ImageObject\",\"inLanguage\":\"sk-SK\",\"@id\":\"https:\/\/vapingnet.de\/vape\/kauf-jetzt-spare-mehr-waspe-12000-puffs-blueberry-raspberry-top-preis-und-steuerfrei\/#primaryimage\",\"url\":\"https:\/\/vapingnet.de\/wp-content\/uploads\/2025\/04\/Blueberry-Raspberry-2.webp\",\"contentUrl\":\"https:\/\/vapingnet.de\/wp-content\/uploads\/2025\/04\/Blueberry-Raspberry-2.webp\",\"width\":1000,\"height\":1000},{\"@type\":\"BreadcrumbList\",\"@id\":\"https:\/\/vapingnet.de\/vape\/kauf-jetzt-spare-mehr-waspe-12000-puffs-blueberry-raspberry-top-preis-und-steuerfrei\/#breadcrumb\",\"itemListElement\":[{\"@type\":\"ListItem\",\"position\":1,\"name\":\"Home\",\"item\":\"https:\/\/vapingnet.de\/\"},{\"@type\":\"ListItem\",\"position\":2,\"name\":\"Shop\",\"item\":\"https:\/\/vapingnet.de\/vape\/\"},{\"@type\":\"ListItem\",\"position\":3,\"name\":\"Kauf Jetzt Spare Mehr! WASPE 12000 Puffs Blueberry Raspberry Top Preis und Steuerfrei\"}]},{\"@type\":\"WebSite\",\"@id\":\"https:\/\/vapingnet.de\/#website\",\"url\":\"https:\/\/vapingnet.de\/\",\"name\":\"Vapingnet.de\",\"description\":\"\",\"publisher\":{\"@id\":\"https:\/\/vapingnet.de\/#organization\"},\"potentialAction\":[{\"@type\":\"SearchAction\",\"target\":{\"@type\":\"EntryPoint\",\"urlTemplate\":\"https:\/\/vapingnet.de\/?s={search_term_string}\"},\"query-input\":{\"@type\":\"PropertyValueSpecification\",\"valueRequired\":true,\"valueName\":\"search_term_string\"}}],\"inLanguage\":\"sk-SK\"},{\"@type\":\"Organization\",\"@id\":\"https:\/\/vapingnet.de\/#organization\",\"name\":\"Vapingnet.de\",\"url\":\"https:\/\/vapingnet.de\/\",\"logo\":{\"@type\":\"ImageObject\",\"inLanguage\":\"sk-SK\",\"@id\":\"https:\/\/vapingnet.de\/#\/schema\/logo\/image\/\",\"url\":\"https:\/\/vapingnet.de\/wp-content\/uploads\/2025\/03\/cropped-vapingnet.de_.jpg\",\"contentUrl\":\"https:\/\/vapingnet.de\/wp-content\/uploads\/2025\/03\/cropped-vapingnet.de_.jpg\",\"width\":512,\"height\":512,\"caption\":\"Vapingnet.de\"},\"image\":{\"@id\":\"https:\/\/vapingnet.de\/#\/schema\/logo\/image\/\"},\"sameAs\":[\"https:\/\/www.facebook.com\/vapingnetde\/\"]}]}<\/script>\n<!-- \/ Yoast SEO plugin. -->","yoast_head_json":{"title":"Kauf Jetzt Spare Mehr! WASPE 12000 Puffs Blueberry Raspberry Top Preis und Steuerfrei | Vapingnet.de","description":"Entdecke Kauf Jetzt Spare Mehr! WASPE 12000 Puffs Blueberry Raspberry Top Preis und Steuerfrei bei vapingnet.de, \u25ba Gro\u00dfe Auswahl an Geschmacksrichtungen & super g\u00fcnstig!","robots":{"index":"index","follow":"follow","max-snippet":"max-snippet:-1","max-image-preview":"max-image-preview:large","max-video-preview":"max-video-preview:-1"},"canonical":"https:\/\/vapingnet.de\/sk\/vape\/kauf-jetzt-spare-mehr-waspe-12000-puffs-blueberry-raspberry-top-preis-und-steuerfrei\/","og_locale":"sk_SK","og_type":"article","og_title":"Kauf Jetzt Spare Mehr! WASPE 12000 Puffs Blueberry Raspberry Top Preis und Steuerfrei | Vapingnet.de","og_description":"Entdecke Kauf Jetzt Spare Mehr! WASPE 12000 Puffs Blueberry Raspberry Top Preis und Steuerfrei bei vapingnet.de, \u25ba Gro\u00dfe Auswahl an Geschmacksrichtungen & super g\u00fcnstig!","og_url":"https:\/\/vapingnet.de\/sk\/vape\/kauf-jetzt-spare-mehr-waspe-12000-puffs-blueberry-raspberry-top-preis-und-steuerfrei\/","og_site_name":"Vapingnet.de","article_publisher":"https:\/\/www.facebook.com\/vapingnetde\/","article_modified_time":"2026-04-15T09:06:58+00:00","og_image":[{"width":1000,"height":1000,"url":"https:\/\/vapingnet.de\/wp-content\/uploads\/2025\/04\/Blueberry-Raspberry-2.webp","type":"image\/webp"}],"twitter_card":"summary_large_image","twitter_misc":{"Est. reading time":"4 minutes"},"schema":{"@context":"https:\/\/schema.org","@graph":[{"@type":"WebPage","@id":"https:\/\/vapingnet.de\/vape\/kauf-jetzt-spare-mehr-waspe-12000-puffs-blueberry-raspberry-top-preis-und-steuerfrei\/","url":"https:\/\/vapingnet.de\/vape\/kauf-jetzt-spare-mehr-waspe-12000-puffs-blueberry-raspberry-top-preis-und-steuerfrei\/","name":"Kauf Jetzt Spare Mehr! WASPE 12000 Puffs Blueberry Raspberry Top Preis und Steuerfrei | Vapingnet.de","isPartOf":{"@id":"https:\/\/vapingnet.de\/#website"},"primaryImageOfPage":{"@id":"https:\/\/vapingnet.de\/vape\/kauf-jetzt-spare-mehr-waspe-12000-puffs-blueberry-raspberry-top-preis-und-steuerfrei\/#primaryimage"},"image":{"@id":"https:\/\/vapingnet.de\/vape\/kauf-jetzt-spare-mehr-waspe-12000-puffs-blueberry-raspberry-top-preis-und-steuerfrei\/#primaryimage"},"thumbnailUrl":"https:\/\/vapingnet.de\/wp-content\/uploads\/2025\/04\/Blueberry-Raspberry-2.webp","datePublished":"2025-04-29T07:51:43+00:00","dateModified":"2026-04-15T09:06:58+00:00","description":"Entdecke Kauf Jetzt Spare Mehr! WASPE 12000 Puffs Blueberry Raspberry Top Preis und Steuerfrei bei vapingnet.de, \u25ba Gro\u00dfe Auswahl an Geschmacksrichtungen & super g\u00fcnstig!","breadcrumb":{"@id":"https:\/\/vapingnet.de\/vape\/kauf-jetzt-spare-mehr-waspe-12000-puffs-blueberry-raspberry-top-preis-und-steuerfrei\/#breadcrumb"},"inLanguage":"sk-SK","potentialAction":[{"@type":"ReadAction","target":["https:\/\/vapingnet.de\/vape\/kauf-jetzt-spare-mehr-waspe-12000-puffs-blueberry-raspberry-top-preis-und-steuerfrei\/"]}]},{"@type":"ImageObject","inLanguage":"sk-SK","@id":"https:\/\/vapingnet.de\/vape\/kauf-jetzt-spare-mehr-waspe-12000-puffs-blueberry-raspberry-top-preis-und-steuerfrei\/#primaryimage","url":"https:\/\/vapingnet.de\/wp-content\/uploads\/2025\/04\/Blueberry-Raspberry-2.webp","contentUrl":"https:\/\/vapingnet.de\/wp-content\/uploads\/2025\/04\/Blueberry-Raspberry-2.webp","width":1000,"height":1000},{"@type":"BreadcrumbList","@id":"https:\/\/vapingnet.de\/vape\/kauf-jetzt-spare-mehr-waspe-12000-puffs-blueberry-raspberry-top-preis-und-steuerfrei\/#breadcrumb","itemListElement":[{"@type":"ListItem","position":1,"name":"Home","item":"https:\/\/vapingnet.de\/"},{"@type":"ListItem","position":2,"name":"Shop","item":"https:\/\/vapingnet.de\/vape\/"},{"@type":"ListItem","position":3,"name":"Kauf Jetzt Spare Mehr! WASPE 12000 Puffs Blueberry Raspberry Top Preis und Steuerfrei"}]},{"@type":"WebSite","@id":"https:\/\/vapingnet.de\/#website","url":"https:\/\/vapingnet.de\/","name":"Vapingnet.de","description":"","publisher":{"@id":"https:\/\/vapingnet.de\/#organization"},"potentialAction":[{"@type":"SearchAction","target":{"@type":"EntryPoint","urlTemplate":"https:\/\/vapingnet.de\/?s={search_term_string}"},"query-input":{"@type":"PropertyValueSpecification","valueRequired":true,"valueName":"search_term_string"}}],"inLanguage":"sk-SK"},{"@type":"Organization","@id":"https:\/\/vapingnet.de\/#organization","name":"Vapingnet.de","url":"https:\/\/vapingnet.de\/","logo":{"@type":"ImageObject","inLanguage":"sk-SK","@id":"https:\/\/vapingnet.de\/#\/schema\/logo\/image\/","url":"https:\/\/vapingnet.de\/wp-content\/uploads\/2025\/03\/cropped-vapingnet.de_.jpg","contentUrl":"https:\/\/vapingnet.de\/wp-content\/uploads\/2025\/03\/cropped-vapingnet.de_.jpg","width":512,"height":512,"caption":"Vapingnet.de"},"image":{"@id":"https:\/\/vapingnet.de\/#\/schema\/logo\/image\/"},"sameAs":["https:\/\/www.facebook.com\/vapingnetde\/"]}]}},"tiered_pricing_type":"fixed","tiered_pricing_fixed_rules":[],"tiered_pricing_product_settings":{"layout":"default","base_unit_name":{"singular":null,"plural":null},"default_variation":null},"tiered_pricing_minimum_quantity":null,"tiered_pricing_roles_data":[],"tiered_pricing_percentage_rules":[],"_links":{"self":[{"href":"https:\/\/vapingnet.de\/sk\/wp-json\/wp\/v2\/product\/6669","targetHints":{"allow":["GET"]}}],"collection":[{"href":"https:\/\/vapingnet.de\/sk\/wp-json\/wp\/v2\/product"}],"about":[{"href":"https:\/\/vapingnet.de\/sk\/wp-json\/wp\/v2\/types\/product"}],"version-history":[{"count":4,"href":"https:\/\/vapingnet.de\/sk\/wp-json\/wp\/v2\/product\/6669\/revisions"}],"predecessor-version":[{"id":6897,"href":"https:\/\/vapingnet.de\/sk\/wp-json\/wp\/v2\/product\/6669\/revisions\/6897"}],"wp:featuredmedia":[{"embeddable":true,"href":"https:\/\/vapingnet.de\/sk\/wp-json\/wp\/v2\/media\/6654"}],"wp:attachment":[{"href":"https:\/\/vapingnet.de\/sk\/wp-json\/wp\/v2\/media?parent=6669"}],"wp:term":[{"taxonomy":"brand","embeddable":true,"href":"https:\/\/vapingnet.de\/sk\/wp-json\/wp\/v2\/etheme_brands?post=6669"},{"taxonomy":"product_brand","embeddable":true,"href":"https:\/\/vapingnet.de\/sk\/wp-json\/wp\/v2\/product_brand?post=6669"},{"taxonomy":"product_cat","embeddable":true,"href":"https:\/\/vapingnet.de\/sk\/wp-json\/wp\/v2\/product_cat?post=6669"},{"taxonomy":"product_tag","embeddable":true,"href":"https:\/\/vapingnet.de\/sk\/wp-json\/wp\/v2\/product_tag?post=6669"}],"curies":[{"name":"wp","href":"https:\/\/api.w.org\/{rel}","templated":true}]}}