{"id":6677,"date":"2025-04-29T08:56:29","date_gmt":"2025-04-29T08:56:29","guid":{"rendered":"https:\/\/vapingnet.de\/?post_type=product&#038;p=6677"},"modified":"2026-04-15T09:06:29","modified_gmt":"2026-04-15T09:06:29","slug":"hol-dir-den-geschmack-von-mixed-berries-waspe-12000-puffs-digital-box-bestpreis","status":"publish","type":"product","link":"https:\/\/vapingnet.de\/sk\/vape\/hol-dir-den-geschmack-von-mixed-berries-waspe-12000-puffs-digital-box-bestpreis\/","title":{"rendered":"Vezmi si chu\u0165 Mixed Berries WASPE 12000 potiahnut\u00ed Digit\u00e1lna krabi\u010dka Najlep\u0161ia cena"},"content":{"rendered":"<h2 data-start=\"0\" data-end=\"105\">WASPE 12000 Puffs Digit\u00e1lna krabica: Jednorazov\u00e1 e-cigareta s dlhodobou \u017eivotnos\u0165ou a intenz\u00edvnou chu\u0165ou<\/h2>\n<p class=\"\" data-start=\"107\" data-end=\"519\">WASPE 12000 Puffs Digit\u00e1lna krabica je pokro\u010dil\u00fd model jednorazovej e-cigarety, ktor\u00fd je vybaven\u00fd vysok\u00fdm po\u010dtom \u0165ahov a pozoruhodnou kapacitou e-liquidu. Pre vapery, ktor\u00ed si \u017eelaj\u00fa dlhodob\u00e9 pou\u017e\u00edvanie a intenz\u00edvny z\u00e1\u017eitok z chuti, je toto zariadenie ide\u00e1lnou vo\u013ebou. Kombinuje kvalitn\u00e9 materi\u00e1ly, pou\u017e\u00edvate\u013esky pr\u00edvetiv\u00e9 ovl\u00e1danie a v\u00fdkonn\u00fa technol\u00f3giu.<\/p>\n<h3>Hlavn\u00e9 vlastnosti WASPE 12000 Puffs Digit\u00e1lna krabica<\/h3>\n<p class=\"\" data-start=\"585\" data-end=\"737\">WASPE 12000 Puffs Digit\u00e1lna krabica pon\u00faka mno\u017estvo vlastnost\u00ed, ktor\u00e9 ju robia jednou z najlep\u0161\u00edch mo\u017enost\u00ed v oblasti jednorazov\u00fdch e-cigariet.<\/p>\n<p class=\"\" data-start=\"739\" data-end=\"1089\">Dlh\u00e1 \u017eivotnos\u0165 a vysok\u00fd v\u00fdkon:<br data-start=\"775\" data-end=\"778\" \/>S impozantn\u00fdm po\u010dtom 12000 \u0165ahov umo\u017e\u0148uje WASPE 12000 Puffs Digit\u00e1lna krabica extr\u00e9mne dlh\u00e9 pou\u017e\u00edvanie. To je obzvl\u00e1\u0161\u0165 v\u00fdhodn\u00e9 pre vapery, ktor\u00ed h\u013eadaj\u00fa zariadenie, ktor\u00e9 ich bude sprev\u00e1dza\u0165 dlh\u00fa dobu bez nutnosti \u010dast\u00e9ho v\u00fdmeny alebo dop\u013a\u0148ania.<\/p>\n<p class=\"\" data-start=\"1091\" data-end=\"1402\">Ve\u013ek\u00e1 kapacita e-liquidu:<br data-start=\"1120\" data-end=\"1123\" \/>Krabica pon\u00faka kapacitu e-liquidu 20 ml, \u010do pou\u017e\u00edvate\u013eom umo\u017e\u0148uje dlhodob\u00fd z\u00e1\u017eitok z vapovania bez \u010dast\u00e9ho dop\u013a\u0148ania. T\u00e1to ve\u013ekorys\u00e1 kapacita je ide\u00e1lna pre t\u00fdch, ktor\u00ed ve\u013ea vapuj\u00fa, a zabezpe\u010duje, \u017ee zariadenie zostane pripraven\u00e9 na pou\u017eitie po dlh\u00fa dobu.<\/p>\n<p class=\"\" data-start=\"1404\" data-end=\"1760\">Nikot\u00ednov\u00e9 koncentr\u00e1cie pre individu\u00e1lne nastavenie:<br data-start=\"1450\" data-end=\"1453\" \/>WASPE 12000 Puffs Digit\u00e1lna krabica je dostupn\u00e1 v dvoch koncentr\u00e1ci\u00e1ch nikot\u00ednu \u2013 2% a 5%. Tak si vapery m\u00f4\u017eu vybra\u0165 svoju preferovan\u00fa koncentr\u00e1ciu nikot\u00ednu, \u010di u\u017e preferuj\u00fa jemnej\u0161\u00ed alebo intenz\u00edvnej\u0161\u00ed z\u00e1\u017eitok z vapovania. T\u00e1to flexibilita zabezpe\u010duje, \u017ee zariadenie je vhodn\u00e9 pre r\u00f4zne skupiny pou\u017e\u00edvate\u013eov.<\/p>\n<p class=\"\" data-start=\"1762\" data-end=\"2057\">V\u00fdkonn\u00e1 bat\u00e9ria:<br data-start=\"1788\" data-end=\"1791\" \/>S bat\u00e9riou 650mAh poskytuje zariadenie kon\u0161tantn\u00fd a spo\u013eahliv\u00fd v\u00fdkon po\u010das cel\u00e9ho pou\u017e\u00edvania. Bat\u00e9ria podporuje vapera po\u010das v\u0161etk\u00fdch 12000 \u0165ahov a m\u00f4\u017ee by\u0165 efekt\u00edvne nab\u00edjan\u00e1 cez Type-C port, ak sa vybije po\u010das pou\u017e\u00edvania.<\/p>\n<p class=\"\" data-start=\"2059\" data-end=\"2454\">Pohodln\u00fd a odoln\u00fd dizajn:<br data-start=\"2096\" data-end=\"2099\" \/>WASPE 12000 Puffs Digit\u00e1lna krabica je vyroben\u00e1 z kombin\u00e1cie hlin\u00edkovej zliatiny a PCGT, \u010do ju rob\u00ed odolnou a \u013eahkou. S hmotnos\u0165ou len 96 g je pr\u00edjemn\u00e1 na dr\u017eanie a \u013eahko sa d\u00e1 pou\u017e\u00edva\u0165 aj na cest\u00e1ch. Zariadenie pon\u00faka pou\u017e\u00edvate\u013esky pr\u00edvetiv\u00e9 jednorazov\u00e9 rie\u0161enie, ktor\u00e9 nevy\u017eaduje \u00fadr\u017ebu a je jednoduch\u00e9 na ovl\u00e1danie.<\/p>\n<h4 data-start=\"2456\" data-end=\"2497\">Z\u00e1\u017eitok z chuti: Zmie\u0161an\u00e9 bobule<\/h4>\n<p class=\"\" data-start=\"2499\" data-end=\"2836\">WASPE 12000 Puffs Digit\u00e1lna krabica je vybaven\u00e1 chu\u0165ou \u201eZmie\u0161an\u00e9 bobule\u201c \u2013 ovocnou zmesou r\u00f4znych bob\u00fa\u013e, ktor\u00e1 zabezpe\u010duje osvie\u017euj\u00faci a intenz\u00edvny z\u00e1\u017eitok z vapovania. Vyv\u00e1\u017een\u00e1 a sladk\u00e1 chu\u0165 rob\u00ed vapovanie pr\u00edjemn\u00fdm p\u00f4\u017eitkom a oslovuje ako za\u010diato\u010dn\u00edkov, tak sk\u00fasen\u00fdch vapov.<\/p>\n<h4 data-start=\"2838\" data-end=\"2885\">R\u00fdchle nab\u00edjanie a jednoduch\u00e9 pou\u017e\u00edvanie<\/h4>\n<p class=\"\" data-start=\"2887\" data-end=\"3270\">Zariadenie m\u00e1 nab\u00edjac\u00ed port Type-C, ktor\u00fd zabezpe\u010duje r\u00fdchle a praktick\u00e9 nab\u00edjanie. Ak sa bat\u00e9ria vybije, m\u00f4\u017ee by\u0165 r\u00fdchlo op\u00e4\u0165 nabit\u00e1. Jednorazov\u00fd dizajn tie\u017e znamen\u00e1, \u017ee nie je potrebn\u00e1 \u00fadr\u017eba alebo dop\u013a\u0148anie. Sta\u010d\u00ed vybra\u0165 z balenia, \u0165aha\u0165 za e-cigaretu a u\u017e\u00edva\u0165 si to \u2013 zariadenie je okam\u017eite pripraven\u00e9 na pou\u017eitie.<\/p>\n<h3>V\u00fdhody WASPE 12000 Puffs Digit\u00e1lna krabica<\/h3>\n<ul data-start=\"3324\" data-end=\"3966\">\n<li class=\"\" data-start=\"3324\" data-end=\"3460\">\n<p class=\"\" data-start=\"3326\" data-end=\"3460\">Dlh\u00e1 \u017eivotnos\u0165: S 12000 \u0165ahmi pon\u00faka krabica mimoriadnu dobu pou\u017e\u00edvania v porovnan\u00ed s in\u00fdmi jednorazov\u00fdmi e-cigaretami.<\/p>\n<\/li>\n<li class=\"\" data-start=\"3461\" data-end=\"3573\">\n<p class=\"\" data-start=\"3463\" data-end=\"3573\">Ve\u013ek\u00e1 kapacita E-Liquid: 20 ml tekutiny poskytuje dlhodob\u00e9 pou\u017e\u00edvanie bez \u010dast\u00e9ho dop\u013a\u0148ania.<\/p>\n<\/li>\n<li class=\"\" data-start=\"3574\" data-end=\"3685\">\n<p class=\"\" data-start=\"3576\" data-end=\"3685\">Prisp\u00f4sobite\u013en\u00e9 \u00farovne nikot\u00ednu: Vyberte si medzi 2% a 5% nikot\u00ednom pre na mieru \u0161it\u00e9 z\u00e1\u017eitky s vapovan\u00edm.<\/p>\n<\/li>\n<li class=\"\" data-start=\"3686\" data-end=\"3810\">\n<p class=\"\" data-start=\"3688\" data-end=\"3810\">Pohodln\u00e9 ovl\u00e1danie: Robustn\u00fd dizajn z hlin\u00edkovej zliatiny a PCGT zabezpe\u010duje pr\u00edjemn\u00fd pou\u017e\u00edvate\u013esk\u00fd z\u00e1\u017eitok.<\/p>\n<\/li>\n<li class=\"\" data-start=\"3811\" data-end=\"3899\">\n<p class=\"\" data-start=\"3813\" data-end=\"3899\">R\u00fdchle nab\u00edjanie: Type-C nab\u00edjac\u00ed port pre r\u00fdchle a efekt\u00edvne nab\u00edjanie.<\/p>\n<\/li>\n<li class=\"\" data-start=\"3900\" data-end=\"3966\">\n<p class=\"\" data-start=\"3902\" data-end=\"3966\">Bez cla: \u017diadne dodato\u010dn\u00e9 clo poplatky pri doru\u010den\u00ed.<\/p>\n<\/li>\n<\/ul>\n<h4 data-start=\"3968\" data-end=\"4003\">Objedn\u00e1vacie a dodacie mo\u017enosti<\/h4>\n<p class=\"\" data-start=\"4005\" data-end=\"4271\">Digital Box WASPE 12000 Puffs je dostupn\u00e1 na webovej str\u00e1nke vapingnet.de. M\u00f4\u017eete si zariadenie r\u00fdchlo a jednoducho objedna\u0165 online. Doru\u010denie prebieha do 7-15 pracovn\u00fdch dn\u00ed a je bez cla, \u010do znamen\u00e1, \u017ee nebud\u00fa \u017eiadne skryt\u00e9 poplatky.<\/p>\n<p data-start=\"4005\" data-end=\"4271\">Digital Box WASPE 12000 Puffs pon\u00faka vapistom v\u00fdnimo\u010dn\u00fa kombin\u00e1ciu dlh\u00e9ho pou\u017e\u00edvania, vynikaj\u00facej chuti a pou\u017e\u00edvate\u013esky pr\u00edvetiv\u00e9ho ovl\u00e1dania. Je ide\u00e1lna pre v\u0161etk\u00fdch, ktor\u00ed h\u013eadaj\u00fa spo\u013eahliv\u00fa a v\u00fdkonn\u00fa jednorazov\u00fa e-cigaretu, ktor\u00e1 poskytne prvotriedny z\u00e1\u017eitok s vapovan\u00edm v ka\u017edodennom \u017eivote aj na cest\u00e1ch.<\/p>","protected":false},"excerpt":{"rendered":"<p>WASPE 12000 potiahnut\u00ed Digit\u00e1lna krabica: Jednorazov\u00e1 elektronick\u00e1 cigareta s dlhou \u017eivotnos\u0165ou a intenz\u00edvnou chu\u0165ou. WASPE 12000 potiahnut\u00ed Digit\u00e1lna krabica je pokro\u010dil\u00fd model jednorazovej cigarety, ktor\u00fd pon\u00faka...<\/p>","protected":false},"featured_media":6656,"template":"","meta":[],"etheme_brands":[],"product_brand":[98],"product_cat":[88,49,61],"product_tag":[],"class_list":{"0":"post-6677","1":"product","2":"type-product","3":"status-publish","4":"has-post-thumbnail","6":"product_brand-waspe-vape","7":"product_cat-12k-vape","8":"product_cat-einweg-e-zigarette","9":"product_cat-f","11":"first","12":"instock","13":"shipping-taxable","14":"purchasable","15":"product-type-variable"},"yoast_head":"<!-- This site is optimized with the Yoast SEO plugin v26.5 - https:\/\/yoast.com\/wordpress\/plugins\/seo\/ -->\n<title>Hol Dir Den Geschmack Von Mixed Berries WASPE 12000 Puffs Digital Box Bestpreis | Vapingnet.de<\/title>\n<meta name=\"description\" content=\"Entdecke Hol Dir Den Geschmack Von Mixed Berries WASPE 12000 Puffs Digital Box Bestpreis bei vapingnet.de, \u25ba Gro\u00dfe Auswahl an Geschmacksrichtungen &amp; super g\u00fcnstig!\" \/>\n<meta name=\"robots\" content=\"index, follow, max-snippet:-1, max-image-preview:large, max-video-preview:-1\" \/>\n<link rel=\"canonical\" href=\"https:\/\/vapingnet.de\/sk\/vape\/hol-dir-den-geschmack-von-mixed-berries-waspe-12000-puffs-digital-box-bestpreis\/\" \/>\n<meta property=\"og:locale\" content=\"sk_SK\" \/>\n<meta property=\"og:type\" content=\"article\" \/>\n<meta property=\"og:title\" content=\"Hol Dir Den Geschmack Von Mixed Berries WASPE 12000 Puffs Digital Box Bestpreis | Vapingnet.de\" \/>\n<meta property=\"og:description\" content=\"Entdecke Hol Dir Den Geschmack Von Mixed Berries WASPE 12000 Puffs Digital Box Bestpreis bei vapingnet.de, \u25ba Gro\u00dfe Auswahl an Geschmacksrichtungen &amp; super g\u00fcnstig!\" \/>\n<meta property=\"og:url\" content=\"https:\/\/vapingnet.de\/sk\/vape\/hol-dir-den-geschmack-von-mixed-berries-waspe-12000-puffs-digital-box-bestpreis\/\" \/>\n<meta property=\"og:site_name\" content=\"Vapingnet.de\" \/>\n<meta property=\"article:publisher\" content=\"https:\/\/www.facebook.com\/vapingnetde\/\" \/>\n<meta property=\"article:modified_time\" content=\"2026-04-15T09:06:29+00:00\" \/>\n<meta property=\"og:image\" content=\"https:\/\/vapingnet.de\/wp-content\/uploads\/2025\/04\/Mixed-Berries-2.webp\" \/>\n\t<meta property=\"og:image:width\" content=\"1000\" \/>\n\t<meta property=\"og:image:height\" content=\"1000\" \/>\n\t<meta property=\"og:image:type\" content=\"image\/webp\" \/>\n<meta name=\"twitter:card\" content=\"summary_large_image\" \/>\n<meta name=\"twitter:label1\" content=\"Est. reading time\" \/>\n\t<meta name=\"twitter:data1\" content=\"4 minutes\" \/>\n<script type=\"application\/ld+json\" class=\"yoast-schema-graph\">{\"@context\":\"https:\/\/schema.org\",\"@graph\":[{\"@type\":\"WebPage\",\"@id\":\"https:\/\/vapingnet.de\/vape\/hol-dir-den-geschmack-von-mixed-berries-waspe-12000-puffs-digital-box-bestpreis\/\",\"url\":\"https:\/\/vapingnet.de\/vape\/hol-dir-den-geschmack-von-mixed-berries-waspe-12000-puffs-digital-box-bestpreis\/\",\"name\":\"Hol Dir Den Geschmack Von Mixed Berries WASPE 12000 Puffs Digital Box Bestpreis | Vapingnet.de\",\"isPartOf\":{\"@id\":\"https:\/\/vapingnet.de\/#website\"},\"primaryImageOfPage\":{\"@id\":\"https:\/\/vapingnet.de\/vape\/hol-dir-den-geschmack-von-mixed-berries-waspe-12000-puffs-digital-box-bestpreis\/#primaryimage\"},\"image\":{\"@id\":\"https:\/\/vapingnet.de\/vape\/hol-dir-den-geschmack-von-mixed-berries-waspe-12000-puffs-digital-box-bestpreis\/#primaryimage\"},\"thumbnailUrl\":\"https:\/\/vapingnet.de\/wp-content\/uploads\/2025\/04\/Mixed-Berries-2.webp\",\"datePublished\":\"2025-04-29T08:56:29+00:00\",\"dateModified\":\"2026-04-15T09:06:29+00:00\",\"description\":\"Entdecke Hol Dir Den Geschmack Von Mixed Berries WASPE 12000 Puffs Digital Box Bestpreis bei vapingnet.de, \u25ba Gro\u00dfe Auswahl an Geschmacksrichtungen & super g\u00fcnstig!\",\"breadcrumb\":{\"@id\":\"https:\/\/vapingnet.de\/vape\/hol-dir-den-geschmack-von-mixed-berries-waspe-12000-puffs-digital-box-bestpreis\/#breadcrumb\"},\"inLanguage\":\"sk-SK\",\"potentialAction\":[{\"@type\":\"ReadAction\",\"target\":[\"https:\/\/vapingnet.de\/vape\/hol-dir-den-geschmack-von-mixed-berries-waspe-12000-puffs-digital-box-bestpreis\/\"]}]},{\"@type\":\"ImageObject\",\"inLanguage\":\"sk-SK\",\"@id\":\"https:\/\/vapingnet.de\/vape\/hol-dir-den-geschmack-von-mixed-berries-waspe-12000-puffs-digital-box-bestpreis\/#primaryimage\",\"url\":\"https:\/\/vapingnet.de\/wp-content\/uploads\/2025\/04\/Mixed-Berries-2.webp\",\"contentUrl\":\"https:\/\/vapingnet.de\/wp-content\/uploads\/2025\/04\/Mixed-Berries-2.webp\",\"width\":1000,\"height\":1000},{\"@type\":\"BreadcrumbList\",\"@id\":\"https:\/\/vapingnet.de\/vape\/hol-dir-den-geschmack-von-mixed-berries-waspe-12000-puffs-digital-box-bestpreis\/#breadcrumb\",\"itemListElement\":[{\"@type\":\"ListItem\",\"position\":1,\"name\":\"Home\",\"item\":\"https:\/\/vapingnet.de\/\"},{\"@type\":\"ListItem\",\"position\":2,\"name\":\"Shop\",\"item\":\"https:\/\/vapingnet.de\/vape\/\"},{\"@type\":\"ListItem\",\"position\":3,\"name\":\"Hol Dir Den Geschmack Von Mixed Berries WASPE 12000 Puffs Digital Box Bestpreis\"}]},{\"@type\":\"WebSite\",\"@id\":\"https:\/\/vapingnet.de\/#website\",\"url\":\"https:\/\/vapingnet.de\/\",\"name\":\"Vapingnet.de\",\"description\":\"\",\"publisher\":{\"@id\":\"https:\/\/vapingnet.de\/#organization\"},\"potentialAction\":[{\"@type\":\"SearchAction\",\"target\":{\"@type\":\"EntryPoint\",\"urlTemplate\":\"https:\/\/vapingnet.de\/?s={search_term_string}\"},\"query-input\":{\"@type\":\"PropertyValueSpecification\",\"valueRequired\":true,\"valueName\":\"search_term_string\"}}],\"inLanguage\":\"sk-SK\"},{\"@type\":\"Organization\",\"@id\":\"https:\/\/vapingnet.de\/#organization\",\"name\":\"Vapingnet.de\",\"url\":\"https:\/\/vapingnet.de\/\",\"logo\":{\"@type\":\"ImageObject\",\"inLanguage\":\"sk-SK\",\"@id\":\"https:\/\/vapingnet.de\/#\/schema\/logo\/image\/\",\"url\":\"https:\/\/vapingnet.de\/wp-content\/uploads\/2025\/03\/cropped-vapingnet.de_.jpg\",\"contentUrl\":\"https:\/\/vapingnet.de\/wp-content\/uploads\/2025\/03\/cropped-vapingnet.de_.jpg\",\"width\":512,\"height\":512,\"caption\":\"Vapingnet.de\"},\"image\":{\"@id\":\"https:\/\/vapingnet.de\/#\/schema\/logo\/image\/\"},\"sameAs\":[\"https:\/\/www.facebook.com\/vapingnetde\/\"]}]}<\/script>\n<!-- \/ Yoast SEO plugin. -->","yoast_head_json":{"title":"Hol Dir Den Geschmack Von Mixed Berries WASPE 12000 Puffs Digital Box Bestpreis | Vapingnet.de","description":"Entdecke Hol Dir Den Geschmack Von Mixed Berries WASPE 12000 Puffs Digital Box Bestpreis bei vapingnet.de, \u25ba Gro\u00dfe Auswahl an Geschmacksrichtungen & super g\u00fcnstig!","robots":{"index":"index","follow":"follow","max-snippet":"max-snippet:-1","max-image-preview":"max-image-preview:large","max-video-preview":"max-video-preview:-1"},"canonical":"https:\/\/vapingnet.de\/sk\/vape\/hol-dir-den-geschmack-von-mixed-berries-waspe-12000-puffs-digital-box-bestpreis\/","og_locale":"sk_SK","og_type":"article","og_title":"Hol Dir Den Geschmack Von Mixed Berries WASPE 12000 Puffs Digital Box Bestpreis | Vapingnet.de","og_description":"Entdecke Hol Dir Den Geschmack Von Mixed Berries WASPE 12000 Puffs Digital Box Bestpreis bei vapingnet.de, \u25ba Gro\u00dfe Auswahl an Geschmacksrichtungen & super g\u00fcnstig!","og_url":"https:\/\/vapingnet.de\/sk\/vape\/hol-dir-den-geschmack-von-mixed-berries-waspe-12000-puffs-digital-box-bestpreis\/","og_site_name":"Vapingnet.de","article_publisher":"https:\/\/www.facebook.com\/vapingnetde\/","article_modified_time":"2026-04-15T09:06:29+00:00","og_image":[{"width":1000,"height":1000,"url":"https:\/\/vapingnet.de\/wp-content\/uploads\/2025\/04\/Mixed-Berries-2.webp","type":"image\/webp"}],"twitter_card":"summary_large_image","twitter_misc":{"Est. reading time":"4 minutes"},"schema":{"@context":"https:\/\/schema.org","@graph":[{"@type":"WebPage","@id":"https:\/\/vapingnet.de\/vape\/hol-dir-den-geschmack-von-mixed-berries-waspe-12000-puffs-digital-box-bestpreis\/","url":"https:\/\/vapingnet.de\/vape\/hol-dir-den-geschmack-von-mixed-berries-waspe-12000-puffs-digital-box-bestpreis\/","name":"Hol Dir Den Geschmack Von Mixed Berries WASPE 12000 Puffs Digital Box Bestpreis | Vapingnet.de","isPartOf":{"@id":"https:\/\/vapingnet.de\/#website"},"primaryImageOfPage":{"@id":"https:\/\/vapingnet.de\/vape\/hol-dir-den-geschmack-von-mixed-berries-waspe-12000-puffs-digital-box-bestpreis\/#primaryimage"},"image":{"@id":"https:\/\/vapingnet.de\/vape\/hol-dir-den-geschmack-von-mixed-berries-waspe-12000-puffs-digital-box-bestpreis\/#primaryimage"},"thumbnailUrl":"https:\/\/vapingnet.de\/wp-content\/uploads\/2025\/04\/Mixed-Berries-2.webp","datePublished":"2025-04-29T08:56:29+00:00","dateModified":"2026-04-15T09:06:29+00:00","description":"Entdecke Hol Dir Den Geschmack Von Mixed Berries WASPE 12000 Puffs Digital Box Bestpreis bei vapingnet.de, \u25ba Gro\u00dfe Auswahl an Geschmacksrichtungen & super g\u00fcnstig!","breadcrumb":{"@id":"https:\/\/vapingnet.de\/vape\/hol-dir-den-geschmack-von-mixed-berries-waspe-12000-puffs-digital-box-bestpreis\/#breadcrumb"},"inLanguage":"sk-SK","potentialAction":[{"@type":"ReadAction","target":["https:\/\/vapingnet.de\/vape\/hol-dir-den-geschmack-von-mixed-berries-waspe-12000-puffs-digital-box-bestpreis\/"]}]},{"@type":"ImageObject","inLanguage":"sk-SK","@id":"https:\/\/vapingnet.de\/vape\/hol-dir-den-geschmack-von-mixed-berries-waspe-12000-puffs-digital-box-bestpreis\/#primaryimage","url":"https:\/\/vapingnet.de\/wp-content\/uploads\/2025\/04\/Mixed-Berries-2.webp","contentUrl":"https:\/\/vapingnet.de\/wp-content\/uploads\/2025\/04\/Mixed-Berries-2.webp","width":1000,"height":1000},{"@type":"BreadcrumbList","@id":"https:\/\/vapingnet.de\/vape\/hol-dir-den-geschmack-von-mixed-berries-waspe-12000-puffs-digital-box-bestpreis\/#breadcrumb","itemListElement":[{"@type":"ListItem","position":1,"name":"Home","item":"https:\/\/vapingnet.de\/"},{"@type":"ListItem","position":2,"name":"Shop","item":"https:\/\/vapingnet.de\/vape\/"},{"@type":"ListItem","position":3,"name":"Hol Dir Den Geschmack Von Mixed Berries WASPE 12000 Puffs Digital Box Bestpreis"}]},{"@type":"WebSite","@id":"https:\/\/vapingnet.de\/#website","url":"https:\/\/vapingnet.de\/","name":"Vapingnet.de","description":"","publisher":{"@id":"https:\/\/vapingnet.de\/#organization"},"potentialAction":[{"@type":"SearchAction","target":{"@type":"EntryPoint","urlTemplate":"https:\/\/vapingnet.de\/?s={search_term_string}"},"query-input":{"@type":"PropertyValueSpecification","valueRequired":true,"valueName":"search_term_string"}}],"inLanguage":"sk-SK"},{"@type":"Organization","@id":"https:\/\/vapingnet.de\/#organization","name":"Vapingnet.de","url":"https:\/\/vapingnet.de\/","logo":{"@type":"ImageObject","inLanguage":"sk-SK","@id":"https:\/\/vapingnet.de\/#\/schema\/logo\/image\/","url":"https:\/\/vapingnet.de\/wp-content\/uploads\/2025\/03\/cropped-vapingnet.de_.jpg","contentUrl":"https:\/\/vapingnet.de\/wp-content\/uploads\/2025\/03\/cropped-vapingnet.de_.jpg","width":512,"height":512,"caption":"Vapingnet.de"},"image":{"@id":"https:\/\/vapingnet.de\/#\/schema\/logo\/image\/"},"sameAs":["https:\/\/www.facebook.com\/vapingnetde\/"]}]}},"tiered_pricing_type":"fixed","tiered_pricing_fixed_rules":[],"tiered_pricing_product_settings":{"layout":"default","base_unit_name":{"singular":null,"plural":null},"default_variation":null},"tiered_pricing_minimum_quantity":null,"tiered_pricing_roles_data":[],"tiered_pricing_percentage_rules":[],"_links":{"self":[{"href":"https:\/\/vapingnet.de\/sk\/wp-json\/wp\/v2\/product\/6677","targetHints":{"allow":["GET"]}}],"collection":[{"href":"https:\/\/vapingnet.de\/sk\/wp-json\/wp\/v2\/product"}],"about":[{"href":"https:\/\/vapingnet.de\/sk\/wp-json\/wp\/v2\/types\/product"}],"version-history":[{"count":1,"href":"https:\/\/vapingnet.de\/sk\/wp-json\/wp\/v2\/product\/6677\/revisions"}],"predecessor-version":[{"id":6678,"href":"https:\/\/vapingnet.de\/sk\/wp-json\/wp\/v2\/product\/6677\/revisions\/6678"}],"wp:featuredmedia":[{"embeddable":true,"href":"https:\/\/vapingnet.de\/sk\/wp-json\/wp\/v2\/media\/6656"}],"wp:attachment":[{"href":"https:\/\/vapingnet.de\/sk\/wp-json\/wp\/v2\/media?parent=6677"}],"wp:term":[{"taxonomy":"brand","embeddable":true,"href":"https:\/\/vapingnet.de\/sk\/wp-json\/wp\/v2\/etheme_brands?post=6677"},{"taxonomy":"product_brand","embeddable":true,"href":"https:\/\/vapingnet.de\/sk\/wp-json\/wp\/v2\/product_brand?post=6677"},{"taxonomy":"product_cat","embeddable":true,"href":"https:\/\/vapingnet.de\/sk\/wp-json\/wp\/v2\/product_cat?post=6677"},{"taxonomy":"product_tag","embeddable":true,"href":"https:\/\/vapingnet.de\/sk\/wp-json\/wp\/v2\/product_tag?post=6677"}],"curies":[{"name":"wp","href":"https:\/\/api.w.org\/{rel}","templated":true}]}}