{"id":6679,"date":"2025-04-29T09:01:19","date_gmt":"2025-04-29T09:01:19","guid":{"rendered":"https:\/\/vapingnet.de\/?post_type=product&#038;p=6679"},"modified":"2026-04-15T09:06:02","modified_gmt":"2026-04-15T09:06:02","slug":"erlebe-den-himmel-auf-erden-waspe-12000-puffs-digital-box-strawberry-raspberry-cherry","status":"publish","type":"product","link":"https:\/\/vapingnet.de\/sk\/vape\/erlebe-den-himmel-auf-erden-waspe-12000-puffs-digital-box-strawberry-raspberry-cherry\/","title":{"rendered":"Za\u017eite nebes\u00e1 na zemi WASPE 12000 potiahnut\u00ed Digit\u00e1lna krabica Jahoda Malina \u010cere\u0161\u0148a"},"content":{"rendered":"<h2 data-start=\"0\" data-end=\"89\">WASPE 12000 Puffs Digital Box: V\u00fdkonn\u00e1 a odoln\u00e1 jednorazov\u00e1 elektronick\u00e1 cigareta<\/h2>\n<p class=\"\" data-start=\"91\" data-end=\"465\">WASPE 12000 Puffs Digital Box je pokro\u010dil\u00e1 jednorazov\u00e1 elektronick\u00e1 cigareta, ktor\u00e1 pon\u00faka vynikaj\u00faci v\u00fdkon a intenz\u00edvny z\u00e1\u017eitok z vapovania. S p\u00f4sobiv\u00fdm po\u010dtom \u0165ahov a ve\u013ekorytou kapacitou e-liquidu je tento model ur\u010den\u00fd pre vapovanie, ktor\u00e9 h\u013ead\u00e1 odoln\u00fd, pohodln\u00fd a chu\u0165ovo rozmanit\u00fd z\u00e1\u017eitok.<\/p>\n<h3>Hlavn\u00e9 vlastnosti WASPE 12000 Puffs Digital Box<\/h3>\n<p class=\"\" data-start=\"524\" data-end=\"707\">WASPE 12000 Puffs Digital Box pon\u00faka mno\u017estvo funkci\u00ed, ktor\u00e9 ju robia ide\u00e1lnym zariaden\u00edm pre \u010dast\u00fdch vapova\u010dov a sk\u00fasen\u00fdch vapova\u010dov. Tu s\u00fa najd\u00f4le\u017eitej\u0161ie vlastnosti:<\/p>\n<ul data-start=\"709\" data-end=\"2285\">\n<li class=\"\" data-start=\"709\" data-end=\"980\">\n<p class=\"\" data-start=\"711\" data-end=\"980\">12000 \u0165ahov: S kapacitou a\u017e 12000 \u0165ahov zabezpe\u010duje WASPE 12000 Puffs Digital Box dlh\u00fd a spo\u013eahliv\u00fd z\u00e1\u017eitok z vapovania. To je obzvl\u00e1\u0161\u0165 v\u00fdhodn\u00e9 pre pou\u017e\u00edvate\u013eov, ktor\u00ed h\u013eadaj\u00fa odoln\u00fd produkt, ktor\u00fd nevy\u017eaduje \u010dast\u00e9 dop\u013a\u0148anie.<\/p>\n<\/li>\n<li class=\"\" data-start=\"984\" data-end=\"1273\">\n<p class=\"\" data-start=\"986\" data-end=\"1273\">Kapacita e-liquidu 20 ml: Ve\u013ekoryt\u00e1 kapacita e-liquidu 20 ml zaru\u010duje dlhodob\u00e9 pou\u017e\u00edvanie bez potreby dop\u013a\u0148ania. T\u00e1to kapacita je obzvl\u00e1\u0161\u0165 u\u017eito\u010dn\u00e1 pre vapova\u010dov, ktor\u00ed s\u00fa \u010dasto na cest\u00e1ch alebo potrebuj\u00fa zariadenie na ka\u017edodenn\u00e9 pou\u017eitie.<\/p>\n<\/li>\n<li class=\"\" data-start=\"1277\" data-end=\"1535\">\n<p class=\"\" data-start=\"1279\" data-end=\"1535\">Mo\u017enosti nikot\u00ednu: WASPE 12000 Puffs Digital Box pon\u00faka dve \u00farovne nikot\u00ednu \u2013 2% a 5%. To umo\u017e\u0148uje pou\u017e\u00edvate\u013eom prisp\u00f4sobi\u0165 si obsah nikot\u00ednu pod\u013ea svojich preferenci\u00ed, \u010di u\u017e pre jemnej\u0161\u00ed alebo silnej\u0161\u00ed nikot\u00ednov\u00fd z\u00e1\u017eitok.<\/p>\n<\/li>\n<li class=\"\" data-start=\"1539\" data-end=\"1802\">\n<p class=\"\" data-start=\"1541\" data-end=\"1802\">V\u00fdkonn\u00e1 bat\u00e9ria: S bat\u00e9riou 650mAh zariadenie poskytuje stabiln\u00fd v\u00fdkon po\u010das celej \u017eivotnosti produktu. Nap\u00e1janie bat\u00e9rie zabezpe\u010duje konzistentn\u00fd z\u00e1\u017eitok z vapovania bez r\u00fdchleho vybitia po\u010das pou\u017e\u00edvania.<\/p>\n<\/li>\n<li class=\"\" data-start=\"1804\" data-end=\"2036\">\n<p class=\"\" data-start=\"1806\" data-end=\"2036\">Nab\u00edjac\u00ed port: Zariadenie je vybaven\u00e9 nab\u00edjac\u00edm portom Type-C, ktor\u00fd zabezpe\u010duje r\u00fdchle a efekt\u00edvne nab\u00edjanie. To zabezpe\u010duje, \u017ee zariadenie je r\u00fdchlo pripraven\u00e9 na pou\u017eitie, ke\u010f je bat\u00e9ria vybit\u00e1.<\/p>\n<\/li>\n<li class=\"\" data-start=\"2038\" data-end=\"2285\">\n<p class=\"\" data-start=\"2040\" data-end=\"2285\">Materi\u00e1l: WASPE 12000 Puffs Digital Box je vyroben\u00e1 z odolnej kombin\u00e1cie hlin\u00edkovej zliatiny a PCGT, ktor\u00e1 zabezpe\u010duje odolnos\u0165 aj n\u00edzku hmotnos\u0165. S hmotnos\u0165ou len 96 g je zariadenie \u013eahk\u00e9 a dobre sa dr\u017e\u00ed v ruke.<\/p>\n<\/li>\n<\/ul>\n<h4 data-start=\"2287\" data-end=\"2317\"><img fetchpriority=\"high\" decoding=\"async\" class=\"size-full wp-image-6893 aligncenter\" src=\"https:\/\/vapingnet.de\/wp-content\/uploads\/2025\/04\/\u7279\u5f81\u56fe.jpg\" alt=\"\" width=\"800\" height=\"800\" srcset=\"https:\/\/vapingnet.de\/wp-content\/uploads\/2025\/04\/\u7279\u5f81\u56fe.jpg 800w, https:\/\/vapingnet.de\/wp-content\/uploads\/2025\/04\/\u7279\u5f81\u56fe-300x300.jpg 300w, https:\/\/vapingnet.de\/wp-content\/uploads\/2025\/04\/\u7279\u5f81\u56fe-150x150.jpg 150w, https:\/\/vapingnet.de\/wp-content\/uploads\/2025\/04\/\u7279\u5f81\u56fe-768x768.jpg 768w, https:\/\/vapingnet.de\/wp-content\/uploads\/2025\/04\/\u7279\u5f81\u56fe-600x600.jpg 600w, https:\/\/vapingnet.de\/wp-content\/uploads\/2025\/04\/\u7279\u5f81\u56fe-100x100.jpg 100w, https:\/\/vapingnet.de\/wp-content\/uploads\/2025\/04\/\u7279\u5f81\u56fe-1x1.jpg 1w, https:\/\/vapingnet.de\/wp-content\/uploads\/2025\/04\/\u7279\u5f81\u56fe-10x10.jpg 10w\" sizes=\"(max-width: 800px) 100vw, 800px\" \/><\/h4>\n<h4 data-start=\"2287\" data-end=\"2317\">Chu\u0165 a rozmanitos\u0165<\/h4>\n<p class=\"\" data-start=\"2319\" data-end=\"2720\">WASPE 12000 Puffs Digital Box je vybaven\u00e1 jedine\u010dnou chu\u0165ou \u2013 zmesou jahody, maliny a \u010dere\u0161ne. Tento ovocn\u00fd mix poskytuje osvie\u017euj\u00faci a pr\u00edjemn\u00fd z\u00e1\u017eitok z vapovania. Chu\u0165 je intenz\u00edvna, ale nie pr\u00edli\u0161 prehnan\u00e1, \u010do rob\u00ed vapovanie p\u00f4\u017eitkom, vhodn\u00fdm pre za\u010diato\u010dn\u00edkov aj sk\u00fasen\u00fdch vapova\u010dov.<\/p>\n<h4 data-start=\"2722\" data-end=\"2751\">Dizajn a obsluha<\/h4>\n<p class=\"\" data-start=\"2753\" data-end=\"3245\">Dizajn WASPE 12000 Puffs Digital Box je nielen funk\u010dn\u00fd, ale aj esteticky pr\u00ed\u0165a\u017eliv\u00fd. Zariadenie je \u013eahk\u00e9, kompaktn\u00e9 a pr\u00edjemne sa dr\u017e\u00ed v ruke. Materi\u00e1l z hlin\u00edkovej zliatiny a PCGT zabezpe\u010duje nielen atrakt\u00edvny vzh\u013ead, ale aj robustn\u00fa a odoln\u00fa kon\u0161trukciu. Box je jednoduch\u00fd na pou\u017e\u00edvanie \u2013 v\u010faka jednorazov\u00e9mu dizajnu nie je potrebn\u00e9 dop\u013a\u0148a\u0165 alebo udr\u017eiava\u0165. Pou\u017e\u00edvatelia m\u00f4\u017eu zariadenie jednoducho vybra\u0165 z obalu a okam\u017eite si ho u\u017ei\u0165.<\/p>\n<h4 data-start=\"3247\" data-end=\"3294\">R\u00fdchle nab\u00edjanie a jednoduch\u00e9 pou\u017e\u00edvanie<\/h4>\n<p class=\"\" data-start=\"3296\" data-end=\"3701\">V\u010faka nab\u00edjaciemu portu Type-C sa bat\u00e9ria WASPE 12000 Puffs Digital Box r\u00fdchlo nabije. \u010cas nab\u00edjania je minim\u00e1lny, tak\u017ee zariadenie je r\u00fdchlo op\u00e4\u0165 pripraven\u00e9 na pou\u017eitie, ke\u010f je bat\u00e9ria vybit\u00e1. Jednorazov\u00e1 elektronick\u00e1 cigareta je mimoriadne pou\u017e\u00edvate\u013esky pr\u00edvetiv\u00e1, preto\u017ee nevy\u017eaduje \u017eiadnu \u00fadr\u017ebu ani zlo\u017eit\u00e9 kroky. Sta\u010d\u00ed zapoji\u0165 a za\u010da\u0165 vapova\u0165 \u2013 zariadenie je okam\u017eite pripraven\u00e9 na pou\u017eitie.<\/p>\n<h3>V\u00fdhody WASPE 12000 Puffs Digit\u00e1lna krabica<\/h3>\n<ul data-start=\"3755\" data-end=\"4527\">\n<li class=\"\" data-start=\"3755\" data-end=\"3894\">\n<p class=\"\" data-start=\"3757\" data-end=\"3894\">Dlh\u00e1 doba pou\u017e\u00edvania: S kapacitou a\u017e 12000 \u0165ahov pon\u00faka tento model jednu z najdlh\u0161\u00edch doby pou\u017e\u00edvania v oblasti jednorazov\u00fdch elektronick\u00fdch cigariet.<\/p>\n<\/li>\n<li class=\"\" data-start=\"3898\" data-end=\"4015\">\n<p class=\"\" data-start=\"3900\" data-end=\"4015\">Ve\u013ek\u00e1 kapacita e-liquidu: 20 ml e-liquidu zabezpe\u010duje dlh\u00fa \u017eivotnos\u0165 a menej \u010dast\u00e9 dop\u013a\u0148anie.<\/p>\n<\/li>\n<li class=\"\" data-start=\"4019\" data-end=\"4145\">\n<p class=\"\" data-start=\"4021\" data-end=\"4145\">Flexibilita v \u00farovni nikot\u00ednu: Dve \u00farovne nikot\u00ednu (2% a 5%) umo\u017e\u0148uj\u00fa flexibiln\u00e9 prisp\u00f4sobenie z\u00e1\u017eitku z vapovania.<\/p>\n<\/li>\n<li class=\"\" data-start=\"4149\" data-end=\"4272\">\n<p class=\"\" data-start=\"4151\" data-end=\"4272\">Odoln\u00fd dizajn: Zariadenie je vyroben\u00e9 z hlin\u00edkovej zliatiny a PCGT, \u010do ho rob\u00ed odoln\u00fdm aj \u013eahk\u00fdm.<\/p>\n<\/li>\n<li class=\"\" data-start=\"4276\" data-end=\"4417\">\n<p class=\"\" data-start=\"4278\" data-end=\"4417\">Osvie\u017euj\u00faci z\u00e1\u017eitok: Ovocn\u00e1 zmes jahody, maliny a \u010dere\u0161ne zabezpe\u010duje pr\u00edjemn\u00fd a osvie\u017euj\u00faci z\u00e1\u017eitok z vapovania.<\/p>\n<\/li>\n<li class=\"\" data-start=\"4419\" data-end=\"4527\">\n<p class=\"\" data-start=\"4421\" data-end=\"4527\">R\u00fdchle nab\u00edjanie: Pripojenie Type-C umo\u017e\u0148uje r\u00fdchle a efekt\u00edvne nab\u00edjanie zariadenia.<\/p>\n<\/li>\n<\/ul>\n<h4 data-start=\"4529\" data-end=\"4561\">Objedn\u00e1vka a doru\u010denie<\/h4>\n<p class=\"\" data-start=\"4563\" data-end=\"4875\">Digital Box WASPE 12000 Puffs je dostupn\u00fd na webovej str\u00e1nke vapingnet.de. Pri objedn\u00e1vke na tejto str\u00e1nke z\u00e1kazn\u00edci profituj\u00fa z bezcolnej dopravy. Doba doru\u010denia je zvy\u010dajne medzi 7 a 15 pracovn\u00fdmi d\u0148ami, tak\u017ee zariadenie doraz\u00ed r\u00fdchlo a bez skryt\u00fdch poplatkov.<\/p>","protected":false},"excerpt":{"rendered":"<p>WASPE 12000 potiahnut\u00ed Digit\u00e1lna krabica: V\u00fdkonn\u00e1 a odoln\u00e1 jednorazov\u00e1 elektronick\u00e1 cigareta. WASPE 12000 potiahnut\u00ed Digit\u00e1lna krabica je pokro\u010dil\u00fd model jednorazovej elektronickej cigarety, ktor\u00fd pon\u00faka vynikaj\u00faci v\u00fdkon a...<\/p>","protected":false},"featured_media":6659,"template":"","meta":[],"etheme_brands":[],"product_brand":[98],"product_cat":[88,49,61],"product_tag":[],"class_list":{"0":"post-6679","1":"product","2":"type-product","3":"status-publish","4":"has-post-thumbnail","6":"product_brand-waspe-vape","7":"product_cat-12k-vape","8":"product_cat-einweg-e-zigarette","9":"product_cat-f","11":"first","12":"instock","13":"shipping-taxable","14":"purchasable","15":"product-type-variable"},"yoast_head":"<!-- This site is optimized with the Yoast SEO plugin v26.5 - https:\/\/yoast.com\/wordpress\/plugins\/seo\/ -->\n<title>Erlebe Den Himmel Auf Erden WASPE 12000 Puffs Digital Box Strawberry Raspberry Cherry | Vapingnet.de<\/title>\n<meta name=\"description\" content=\"Entdecke Erlebe Den Himmel Auf Erden WASPE 12000 Puffs Digital Box Strawberry Raspberry Cherry bei vapingnet.de, \u25ba Gro\u00dfe Auswahl an Geschmacksrichtungen &amp; super g\u00fcnstig!\" \/>\n<meta name=\"robots\" content=\"index, follow, max-snippet:-1, max-image-preview:large, max-video-preview:-1\" \/>\n<link rel=\"canonical\" href=\"https:\/\/vapingnet.de\/sk\/vape\/erlebe-den-himmel-auf-erden-waspe-12000-puffs-digital-box-strawberry-raspberry-cherry\/\" \/>\n<meta property=\"og:locale\" content=\"sk_SK\" \/>\n<meta property=\"og:type\" content=\"article\" \/>\n<meta property=\"og:title\" content=\"Erlebe Den Himmel Auf Erden WASPE 12000 Puffs Digital Box Strawberry Raspberry Cherry | Vapingnet.de\" \/>\n<meta property=\"og:description\" content=\"Entdecke Erlebe Den Himmel Auf Erden WASPE 12000 Puffs Digital Box Strawberry Raspberry Cherry bei vapingnet.de, \u25ba Gro\u00dfe Auswahl an Geschmacksrichtungen &amp; super g\u00fcnstig!\" \/>\n<meta property=\"og:url\" content=\"https:\/\/vapingnet.de\/sk\/vape\/erlebe-den-himmel-auf-erden-waspe-12000-puffs-digital-box-strawberry-raspberry-cherry\/\" \/>\n<meta property=\"og:site_name\" content=\"Vapingnet.de\" \/>\n<meta property=\"article:publisher\" content=\"https:\/\/www.facebook.com\/vapingnetde\/\" \/>\n<meta property=\"article:modified_time\" content=\"2026-04-15T09:06:02+00:00\" \/>\n<meta property=\"og:image\" content=\"https:\/\/vapingnet.de\/wp-content\/uploads\/2025\/04\/Strawberry-Raspberry-Cherry.webp\" \/>\n\t<meta property=\"og:image:width\" content=\"1000\" \/>\n\t<meta property=\"og:image:height\" content=\"1000\" \/>\n\t<meta property=\"og:image:type\" content=\"image\/webp\" \/>\n<meta name=\"twitter:card\" content=\"summary_large_image\" \/>\n<meta name=\"twitter:label1\" content=\"Est. reading time\" \/>\n\t<meta name=\"twitter:data1\" content=\"5 minutes\" \/>\n<script type=\"application\/ld+json\" class=\"yoast-schema-graph\">{\"@context\":\"https:\/\/schema.org\",\"@graph\":[{\"@type\":\"WebPage\",\"@id\":\"https:\/\/vapingnet.de\/vape\/erlebe-den-himmel-auf-erden-waspe-12000-puffs-digital-box-strawberry-raspberry-cherry\/\",\"url\":\"https:\/\/vapingnet.de\/vape\/erlebe-den-himmel-auf-erden-waspe-12000-puffs-digital-box-strawberry-raspberry-cherry\/\",\"name\":\"Erlebe Den Himmel Auf Erden WASPE 12000 Puffs Digital Box Strawberry Raspberry Cherry | Vapingnet.de\",\"isPartOf\":{\"@id\":\"https:\/\/vapingnet.de\/#website\"},\"primaryImageOfPage\":{\"@id\":\"https:\/\/vapingnet.de\/vape\/erlebe-den-himmel-auf-erden-waspe-12000-puffs-digital-box-strawberry-raspberry-cherry\/#primaryimage\"},\"image\":{\"@id\":\"https:\/\/vapingnet.de\/vape\/erlebe-den-himmel-auf-erden-waspe-12000-puffs-digital-box-strawberry-raspberry-cherry\/#primaryimage\"},\"thumbnailUrl\":\"https:\/\/vapingnet.de\/wp-content\/uploads\/2025\/04\/Strawberry-Raspberry-Cherry.webp\",\"datePublished\":\"2025-04-29T09:01:19+00:00\",\"dateModified\":\"2026-04-15T09:06:02+00:00\",\"description\":\"Entdecke Erlebe Den Himmel Auf Erden WASPE 12000 Puffs Digital Box Strawberry Raspberry Cherry bei vapingnet.de, \u25ba Gro\u00dfe Auswahl an Geschmacksrichtungen & super g\u00fcnstig!\",\"breadcrumb\":{\"@id\":\"https:\/\/vapingnet.de\/vape\/erlebe-den-himmel-auf-erden-waspe-12000-puffs-digital-box-strawberry-raspberry-cherry\/#breadcrumb\"},\"inLanguage\":\"sk-SK\",\"potentialAction\":[{\"@type\":\"ReadAction\",\"target\":[\"https:\/\/vapingnet.de\/vape\/erlebe-den-himmel-auf-erden-waspe-12000-puffs-digital-box-strawberry-raspberry-cherry\/\"]}]},{\"@type\":\"ImageObject\",\"inLanguage\":\"sk-SK\",\"@id\":\"https:\/\/vapingnet.de\/vape\/erlebe-den-himmel-auf-erden-waspe-12000-puffs-digital-box-strawberry-raspberry-cherry\/#primaryimage\",\"url\":\"https:\/\/vapingnet.de\/wp-content\/uploads\/2025\/04\/Strawberry-Raspberry-Cherry.webp\",\"contentUrl\":\"https:\/\/vapingnet.de\/wp-content\/uploads\/2025\/04\/Strawberry-Raspberry-Cherry.webp\",\"width\":1000,\"height\":1000},{\"@type\":\"BreadcrumbList\",\"@id\":\"https:\/\/vapingnet.de\/vape\/erlebe-den-himmel-auf-erden-waspe-12000-puffs-digital-box-strawberry-raspberry-cherry\/#breadcrumb\",\"itemListElement\":[{\"@type\":\"ListItem\",\"position\":1,\"name\":\"Home\",\"item\":\"https:\/\/vapingnet.de\/\"},{\"@type\":\"ListItem\",\"position\":2,\"name\":\"Shop\",\"item\":\"https:\/\/vapingnet.de\/vape\/\"},{\"@type\":\"ListItem\",\"position\":3,\"name\":\"Erlebe Den Himmel Auf Erden WASPE 12000 Puffs Digital Box Strawberry Raspberry Cherry\"}]},{\"@type\":\"WebSite\",\"@id\":\"https:\/\/vapingnet.de\/#website\",\"url\":\"https:\/\/vapingnet.de\/\",\"name\":\"Vapingnet.de\",\"description\":\"\",\"publisher\":{\"@id\":\"https:\/\/vapingnet.de\/#organization\"},\"potentialAction\":[{\"@type\":\"SearchAction\",\"target\":{\"@type\":\"EntryPoint\",\"urlTemplate\":\"https:\/\/vapingnet.de\/?s={search_term_string}\"},\"query-input\":{\"@type\":\"PropertyValueSpecification\",\"valueRequired\":true,\"valueName\":\"search_term_string\"}}],\"inLanguage\":\"sk-SK\"},{\"@type\":\"Organization\",\"@id\":\"https:\/\/vapingnet.de\/#organization\",\"name\":\"Vapingnet.de\",\"url\":\"https:\/\/vapingnet.de\/\",\"logo\":{\"@type\":\"ImageObject\",\"inLanguage\":\"sk-SK\",\"@id\":\"https:\/\/vapingnet.de\/#\/schema\/logo\/image\/\",\"url\":\"https:\/\/vapingnet.de\/wp-content\/uploads\/2025\/03\/cropped-vapingnet.de_.jpg\",\"contentUrl\":\"https:\/\/vapingnet.de\/wp-content\/uploads\/2025\/03\/cropped-vapingnet.de_.jpg\",\"width\":512,\"height\":512,\"caption\":\"Vapingnet.de\"},\"image\":{\"@id\":\"https:\/\/vapingnet.de\/#\/schema\/logo\/image\/\"},\"sameAs\":[\"https:\/\/www.facebook.com\/vapingnetde\/\"]}]}<\/script>\n<!-- \/ Yoast SEO plugin. -->","yoast_head_json":{"title":"Erlebe Den Himmel Auf Erden WASPE 12000 Puffs Digital Box Strawberry Raspberry Cherry | Vapingnet.de","description":"Entdecke Erlebe Den Himmel Auf Erden WASPE 12000 Puffs Digital Box Strawberry Raspberry Cherry bei vapingnet.de, \u25ba Gro\u00dfe Auswahl an Geschmacksrichtungen & super g\u00fcnstig!","robots":{"index":"index","follow":"follow","max-snippet":"max-snippet:-1","max-image-preview":"max-image-preview:large","max-video-preview":"max-video-preview:-1"},"canonical":"https:\/\/vapingnet.de\/sk\/vape\/erlebe-den-himmel-auf-erden-waspe-12000-puffs-digital-box-strawberry-raspberry-cherry\/","og_locale":"sk_SK","og_type":"article","og_title":"Erlebe Den Himmel Auf Erden WASPE 12000 Puffs Digital Box Strawberry Raspberry Cherry | Vapingnet.de","og_description":"Entdecke Erlebe Den Himmel Auf Erden WASPE 12000 Puffs Digital Box Strawberry Raspberry Cherry bei vapingnet.de, \u25ba Gro\u00dfe Auswahl an Geschmacksrichtungen & super g\u00fcnstig!","og_url":"https:\/\/vapingnet.de\/sk\/vape\/erlebe-den-himmel-auf-erden-waspe-12000-puffs-digital-box-strawberry-raspberry-cherry\/","og_site_name":"Vapingnet.de","article_publisher":"https:\/\/www.facebook.com\/vapingnetde\/","article_modified_time":"2026-04-15T09:06:02+00:00","og_image":[{"width":1000,"height":1000,"url":"https:\/\/vapingnet.de\/wp-content\/uploads\/2025\/04\/Strawberry-Raspberry-Cherry.webp","type":"image\/webp"}],"twitter_card":"summary_large_image","twitter_misc":{"Est. reading time":"5 minutes"},"schema":{"@context":"https:\/\/schema.org","@graph":[{"@type":"WebPage","@id":"https:\/\/vapingnet.de\/vape\/erlebe-den-himmel-auf-erden-waspe-12000-puffs-digital-box-strawberry-raspberry-cherry\/","url":"https:\/\/vapingnet.de\/vape\/erlebe-den-himmel-auf-erden-waspe-12000-puffs-digital-box-strawberry-raspberry-cherry\/","name":"Erlebe Den Himmel Auf Erden WASPE 12000 Puffs Digital Box Strawberry Raspberry Cherry | Vapingnet.de","isPartOf":{"@id":"https:\/\/vapingnet.de\/#website"},"primaryImageOfPage":{"@id":"https:\/\/vapingnet.de\/vape\/erlebe-den-himmel-auf-erden-waspe-12000-puffs-digital-box-strawberry-raspberry-cherry\/#primaryimage"},"image":{"@id":"https:\/\/vapingnet.de\/vape\/erlebe-den-himmel-auf-erden-waspe-12000-puffs-digital-box-strawberry-raspberry-cherry\/#primaryimage"},"thumbnailUrl":"https:\/\/vapingnet.de\/wp-content\/uploads\/2025\/04\/Strawberry-Raspberry-Cherry.webp","datePublished":"2025-04-29T09:01:19+00:00","dateModified":"2026-04-15T09:06:02+00:00","description":"Entdecke Erlebe Den Himmel Auf Erden WASPE 12000 Puffs Digital Box Strawberry Raspberry Cherry bei vapingnet.de, \u25ba Gro\u00dfe Auswahl an Geschmacksrichtungen & super g\u00fcnstig!","breadcrumb":{"@id":"https:\/\/vapingnet.de\/vape\/erlebe-den-himmel-auf-erden-waspe-12000-puffs-digital-box-strawberry-raspberry-cherry\/#breadcrumb"},"inLanguage":"sk-SK","potentialAction":[{"@type":"ReadAction","target":["https:\/\/vapingnet.de\/vape\/erlebe-den-himmel-auf-erden-waspe-12000-puffs-digital-box-strawberry-raspberry-cherry\/"]}]},{"@type":"ImageObject","inLanguage":"sk-SK","@id":"https:\/\/vapingnet.de\/vape\/erlebe-den-himmel-auf-erden-waspe-12000-puffs-digital-box-strawberry-raspberry-cherry\/#primaryimage","url":"https:\/\/vapingnet.de\/wp-content\/uploads\/2025\/04\/Strawberry-Raspberry-Cherry.webp","contentUrl":"https:\/\/vapingnet.de\/wp-content\/uploads\/2025\/04\/Strawberry-Raspberry-Cherry.webp","width":1000,"height":1000},{"@type":"BreadcrumbList","@id":"https:\/\/vapingnet.de\/vape\/erlebe-den-himmel-auf-erden-waspe-12000-puffs-digital-box-strawberry-raspberry-cherry\/#breadcrumb","itemListElement":[{"@type":"ListItem","position":1,"name":"Home","item":"https:\/\/vapingnet.de\/"},{"@type":"ListItem","position":2,"name":"Shop","item":"https:\/\/vapingnet.de\/vape\/"},{"@type":"ListItem","position":3,"name":"Erlebe Den Himmel Auf Erden WASPE 12000 Puffs Digital Box Strawberry Raspberry Cherry"}]},{"@type":"WebSite","@id":"https:\/\/vapingnet.de\/#website","url":"https:\/\/vapingnet.de\/","name":"Vapingnet.de","description":"","publisher":{"@id":"https:\/\/vapingnet.de\/#organization"},"potentialAction":[{"@type":"SearchAction","target":{"@type":"EntryPoint","urlTemplate":"https:\/\/vapingnet.de\/?s={search_term_string}"},"query-input":{"@type":"PropertyValueSpecification","valueRequired":true,"valueName":"search_term_string"}}],"inLanguage":"sk-SK"},{"@type":"Organization","@id":"https:\/\/vapingnet.de\/#organization","name":"Vapingnet.de","url":"https:\/\/vapingnet.de\/","logo":{"@type":"ImageObject","inLanguage":"sk-SK","@id":"https:\/\/vapingnet.de\/#\/schema\/logo\/image\/","url":"https:\/\/vapingnet.de\/wp-content\/uploads\/2025\/03\/cropped-vapingnet.de_.jpg","contentUrl":"https:\/\/vapingnet.de\/wp-content\/uploads\/2025\/03\/cropped-vapingnet.de_.jpg","width":512,"height":512,"caption":"Vapingnet.de"},"image":{"@id":"https:\/\/vapingnet.de\/#\/schema\/logo\/image\/"},"sameAs":["https:\/\/www.facebook.com\/vapingnetde\/"]}]}},"tiered_pricing_type":"fixed","tiered_pricing_fixed_rules":[],"tiered_pricing_product_settings":{"layout":"default","base_unit_name":{"singular":null,"plural":null},"default_variation":null},"tiered_pricing_minimum_quantity":null,"tiered_pricing_roles_data":[],"tiered_pricing_percentage_rules":[],"_links":{"self":[{"href":"https:\/\/vapingnet.de\/sk\/wp-json\/wp\/v2\/product\/6679","targetHints":{"allow":["GET"]}}],"collection":[{"href":"https:\/\/vapingnet.de\/sk\/wp-json\/wp\/v2\/product"}],"about":[{"href":"https:\/\/vapingnet.de\/sk\/wp-json\/wp\/v2\/types\/product"}],"version-history":[{"count":2,"href":"https:\/\/vapingnet.de\/sk\/wp-json\/wp\/v2\/product\/6679\/revisions"}],"predecessor-version":[{"id":6894,"href":"https:\/\/vapingnet.de\/sk\/wp-json\/wp\/v2\/product\/6679\/revisions\/6894"}],"wp:featuredmedia":[{"embeddable":true,"href":"https:\/\/vapingnet.de\/sk\/wp-json\/wp\/v2\/media\/6659"}],"wp:attachment":[{"href":"https:\/\/vapingnet.de\/sk\/wp-json\/wp\/v2\/media?parent=6679"}],"wp:term":[{"taxonomy":"brand","embeddable":true,"href":"https:\/\/vapingnet.de\/sk\/wp-json\/wp\/v2\/etheme_brands?post=6679"},{"taxonomy":"product_brand","embeddable":true,"href":"https:\/\/vapingnet.de\/sk\/wp-json\/wp\/v2\/product_brand?post=6679"},{"taxonomy":"product_cat","embeddable":true,"href":"https:\/\/vapingnet.de\/sk\/wp-json\/wp\/v2\/product_cat?post=6679"},{"taxonomy":"product_tag","embeddable":true,"href":"https:\/\/vapingnet.de\/sk\/wp-json\/wp\/v2\/product_tag?post=6679"}],"curies":[{"name":"wp","href":"https:\/\/api.w.org\/{rel}","templated":true}]}}