{"id":6686,"date":"2025-04-30T01:28:11","date_gmt":"2025-04-30T01:28:11","guid":{"rendered":"https:\/\/vapingnet.de\/?post_type=product&#038;p=6686"},"modified":"2026-04-15T08:46:52","modified_gmt":"2026-04-15T08:46:52","slug":"waspe-12000-puffs-dein-blue-razz-ice-direkt-vom-hersteller-ohne-zollgebuehren","status":"publish","type":"product","link":"https:\/\/vapingnet.de\/sk\/vape\/waspe-12000-puffs-dein-blue-razz-ice-direkt-vom-hersteller-ohne-zollgebuehren\/","title":{"rendered":"WASPE 12000 Puffs Tvoj Blue Razz Ice Priamo od v\u00fdrobcu Bez clo"},"content":{"rendered":"<div style=\"width: 1170px;\" class=\"wp-video\"><!--[if lt IE 9]><script>document.createElement('video');<\/script><![endif]-->\n<video class=\"wp-video-shortcode\" id=\"video-6686-1\" width=\"1170\" height=\"658\" preload=\"metadata\" controls=\"controls\"><source type=\"video\/mp4\" src=\"https:\/\/vapingnet.de\/wp-content\/uploads\/2025\/04\/12000Puffs_DigitalBox.mp4?_=1\" \/><a href=\"https:\/\/vapingnet.de\/wp-content\/uploads\/2025\/04\/12000Puffs_DigitalBox.mp4\">https:\/\/vapingnet.de\/wp-content\/uploads\/2025\/04\/12000Puffs_DigitalBox.mp4<\/a><\/video><\/div>\n<h2 data-start=\"0\" data-end=\"76\" data-immersive-translate-walked=\"a4d6e05d-60a0-4e13-8785-7fccaaefcea2\">WASPE 12000 Puffs Digit\u00e1lna krabica: Maxim\u00e1lny v\u00fdkon a pohodlie pre vapovanie<\/h2>\n<p class=\"\" data-start=\"78\" data-end=\"546\" data-immersive-translate-walked=\"a4d6e05d-60a0-4e13-8785-7fccaaefcea2\" data-immersive-translate-paragraph=\"1\">WASPE 12000 Puffs Digit\u00e1lna krabica je pokro\u010dil\u00e1 jednorazov\u00e1 e-cigareta, ktor\u00e1 je prisp\u00f4soben\u00e1 potreb\u00e1m \u010dast\u00fdch vapova\u010dov a t\u00fdch, ktor\u00ed h\u013eadaj\u00fa vysok\u00fd v\u00fdkon a dlh\u00fa \u017eivotnos\u0165. S mimoriadne vysokou kapacitou na potiahnutia, pou\u017e\u00edvate\u013esky pr\u00edvetiv\u00fdm ovl\u00e1dan\u00edm a osvie\u017euj\u00facou chu\u0165ou pon\u00faka tento model nezabudnute\u013en\u00fd z\u00e1\u017eitok z vapovania. Zistite, pre\u010do by mohla by\u0165 WASPE 12000 Puffs Digit\u00e1lna krabica va\u0161ou ide\u00e1lnou vo\u013ebou.<\/p>\n<h3>Pre\u010do si vybra\u0165 WASPE 12000 Puffs Digit\u00e1lna krabica<\/h3>\n<p class=\"\" data-start=\"1183\" data-end=\"1554\" data-immersive-translate-walked=\"a4d6e05d-60a0-4e13-8785-7fccaaefcea2\" data-immersive-translate-paragraph=\"1\">Dlh\u00e1 \u017eivotnos\u0165 pre \u010dast\u00fdch vapova\u010dov:<br data-start=\"1218\" data-end=\"1221\" data-immersive-translate-walked=\"a4d6e05d-60a0-4e13-8785-7fccaaefcea2\" \/>S 12 000 potiahnutiami je WASPE 12000 Puffs Digit\u00e1lna krabica jednou z najdlh\u0161ie vydr\u017eiacich jednorazov\u00fdch e-cigariet na trhu. T\u00e1to vysok\u00e1 kapacita na potiahnutia znamen\u00e1, \u017ee m\u00f4\u017eete vapova\u0165 dlh\u0161\u00ed \u010das bez ob\u00e1v, \u017ee budete musie\u0165 zariadenie pravidelne meni\u0165. Skuto\u010dn\u00fd plus pre v\u0161etk\u00fdch, ktor\u00ed svoje e-cigarety pou\u017e\u00edvaj\u00fa intenz\u00edvne.<\/p>\n<p class=\"\" data-start=\"1556\" data-end=\"1904\" data-immersive-translate-walked=\"a4d6e05d-60a0-4e13-8785-7fccaaefcea2\" data-immersive-translate-paragraph=\"1\">Ve\u013ek\u00e1 kapacita e-liquidu:<br data-start=\"1585\" data-end=\"1588\" data-immersive-translate-walked=\"a4d6e05d-60a0-4e13-8785-7fccaaefcea2\" \/>S ve\u013ekorysou kapacitou 20 ml e-liquidu pon\u00faka tento model dostatok tekutiny na dlh\u00e9 pou\u017e\u00edvanie. To je obzvl\u00e1\u0161\u0165 praktick\u00e9 pre vapova\u010dov, ktor\u00ed s\u00fa \u010dasto na cest\u00e1ch alebo nechc\u00fa neust\u00e1le dop\u013a\u0148a\u0165. M\u00f4\u017eete si krabicu u\u017e\u00edva\u0165 dlh\u0161ie bez starost\u00ed o dop\u013a\u0148anie.<\/p>\n<h4 data-start=\"1911\" data-end=\"1957\" data-immersive-translate-walked=\"a4d6e05d-60a0-4e13-8785-7fccaaefcea2\">Flexibilita v nikot\u00ednovej sile<\/h4>\n<p class=\"\" data-start=\"1959\" data-end=\"2033\" data-immersive-translate-walked=\"a4d6e05d-60a0-4e13-8785-7fccaaefcea2\" data-immersive-translate-paragraph=\"1\">WASPE 12000 Puffs Digit\u00e1lna krabica je dostupn\u00e1 v dvoch nikot\u00ednov\u00fdch sil\u00e1ch:<\/p>\n<ul data-start=\"2034\" data-end=\"2222\" data-immersive-translate-walked=\"a4d6e05d-60a0-4e13-8785-7fccaaefcea2\">\n<li class=\"\" data-start=\"2034\" data-end=\"2112\" data-immersive-translate-walked=\"a4d6e05d-60a0-4e13-8785-7fccaaefcea2\">\n<p class=\"\" data-start=\"2036\" data-end=\"2112\" data-immersive-translate-walked=\"a4d6e05d-60a0-4e13-8785-7fccaaefcea2\" data-immersive-translate-paragraph=\"1\">2% Nikot\u00edn: pre vapova\u010dov, ktor\u00ed preferuj\u00fa jemnej\u0161\u00ed pr\u00edjem nikot\u00ednu.<\/p>\n<\/li>\n<li class=\"\" data-start=\"2113\" data-end=\"2222\" data-immersive-translate-walked=\"a4d6e05d-60a0-4e13-8785-7fccaaefcea2\">\n<p class=\"\" data-start=\"2115\" data-end=\"2222\" data-immersive-translate-walked=\"a4d6e05d-60a0-4e13-8785-7fccaaefcea2\" data-immersive-translate-paragraph=\"1\">5% Nikot\u00edn: pre t\u00fdch, ktor\u00ed si \u017eelaj\u00fa intenz\u00edvnej\u0161\u00ed pr\u00edjem nikot\u00ednu, ide\u00e1lne pre sk\u00fasen\u00fdch vapova\u010dov.<\/p>\n<\/li>\n<\/ul>\n<p class=\"\" data-start=\"2224\" data-end=\"2335\" data-immersive-translate-walked=\"a4d6e05d-60a0-4e13-8785-7fccaaefcea2\" data-immersive-translate-paragraph=\"1\">T\u00e1to vo\u013eba v\u00e1m umo\u017e\u0148uje prisp\u00f4sobi\u0165 vapovanie va\u0161im individu\u00e1lnym potreb\u00e1m a preferenci\u00e1m.<\/p>\n<h4 data-start=\"2342\" data-end=\"2383\" data-immersive-translate-walked=\"a4d6e05d-60a0-4e13-8785-7fccaaefcea2\">Odoln\u00fd dizajn pre ka\u017edodenn\u00e9 pou\u017eitie<\/h4>\n<p class=\"\" data-start=\"2385\" data-end=\"2851\" data-immersive-translate-walked=\"a4d6e05d-60a0-4e13-8785-7fccaaefcea2\" data-immersive-translate-paragraph=\"1\">WASPE 12000 Puffs Digit\u00e1lna krabica sa vyzna\u010duje pevn\u00fdm dizajnom vyroben\u00fdm z hlin\u00edkovej zliatiny a PCGT. Tento materi\u00e1l zabezpe\u010duje vysok\u00fa odolnos\u0165 vo\u010di vonkaj\u0161\u00edm vplyvom, tak\u017ee krabica zost\u00e1va dlh\u00e1 aj pri pravidelnom pou\u017e\u00edvan\u00ed. Ergonomick\u00fd dizajn rob\u00ed vapovanie pohodln\u00fdm a n\u00edzka hmotnos\u0165 len 96 g zabezpe\u010duje, \u017ee krabica sa \u013eahko dr\u017e\u00ed v ruke a d\u00e1 sa \u013eahko pren\u00e1\u0161a\u0165.<\/p>\n<h4 data-start=\"2858\" data-end=\"2907\" data-immersive-translate-walked=\"a4d6e05d-60a0-4e13-8785-7fccaaefcea2\">Pou\u017e\u00edvate\u013esky pr\u00edvetiv\u00fd digit\u00e1lny displej<\/h4>\n<p class=\"\" data-start=\"2909\" data-end=\"3275\" data-immersive-translate-walked=\"a4d6e05d-60a0-4e13-8785-7fccaaefcea2\" data-immersive-translate-paragraph=\"1\">Digit\u00e1lny displej WASPE 12000 Puffs Digit\u00e1lnej krabice pon\u00faka praktick\u00fa mo\u017enos\u0165 sledova\u0165 \u00farove\u0148 tekutiny a po\u010det zost\u00e1vaj\u00facich potiahnut\u00ed kedyko\u013evek. T\u00e1to funkcia v\u00e1m umo\u017e\u0148uje presne riadi\u0165 vapovanie a zabezpe\u010di\u0165, aby zariadenie nebolo neo\u010dak\u00e1vane vypr\u00e1zdnen\u00e9. Tak si m\u00f4\u017eete vychutn\u00e1va\u0165 vapovanie s maxim\u00e1lnym komfortom.<\/p>\n<h4 data-start=\"3282\" data-end=\"3333\" data-immersive-translate-walked=\"a4d6e05d-60a0-4e13-8785-7fccaaefcea2\">R\u00fdchlonab\u00edjacia funkcia s Type-C konektorom<\/h4>\n<p class=\"\" data-start=\"3335\" data-end=\"3664\" data-immersive-translate-walked=\"a4d6e05d-60a0-4e13-8785-7fccaaefcea2\" data-immersive-translate-paragraph=\"1\">WASPE 12000 Puffs Digit\u00e1lna krabica je vybaven\u00e1 Type-C konektorom, ktor\u00fd zabezpe\u010duje r\u00fdchle nab\u00edjanie. S kapacitou bat\u00e9rie 650 mAh nemus\u00edte dlho \u010daka\u0165, k\u00fdm bude zariadenie op\u00e4\u0165 pripraven\u00e9 na pou\u017eitie. To je obzvl\u00e1\u0161\u0165 praktick\u00e9 pre vapova\u010dov na cest\u00e1ch, ktor\u00ed nemaj\u00fa ve\u013ea \u010dasu na nab\u00edjanie.<\/p>\n<h4 data-start=\"3671\" data-end=\"3737\" data-immersive-translate-walked=\"a4d6e05d-60a0-4e13-8785-7fccaaefcea2\">Chu\u0165: Blue Razz Ice pre osvie\u017euj\u00faci z\u00e1\u017eitok<\/h4>\n<p class=\"\" data-start=\"3739\" data-end=\"4062\" data-immersive-translate-walked=\"a4d6e05d-60a0-4e13-8785-7fccaaefcea2\" data-immersive-translate-paragraph=\"1\">Chu\u0165 WASPE 12000 Puffs Digit\u00e1lnej krabice \u2013 \u201eBlue Razz Ice\u201c \u2013 kombinuje sladkos\u0165 modrej maliny s osvie\u017euj\u00facim mentolov\u00fdm n\u00e1dychom. T\u00e1to chu\u0165 zost\u00e1va aj po mnoh\u00fdch potiahnutiach intenz\u00edvna a poskytuje pr\u00edjemn\u00e9 vapovanie, ktor\u00e9 je skvelou vo\u013ebou ako za tepl\u00e9ho, tak aj za chladnej\u0161ieho po\u010dasia.<\/p>\n<h4 data-start=\"4069\" data-end=\"4116\" data-immersive-translate-walked=\"a4d6e05d-60a0-4e13-8785-7fccaaefcea2\">R\u00fdchle doru\u010denie bez coln\u00fdch poplatkov<\/h4>\n<p class=\"\" data-start=\"4118\" data-end=\"4436\" data-immersive-translate-walked=\"a4d6e05d-60a0-4e13-8785-7fccaaefcea2\" data-immersive-translate-paragraph=\"1\">Ve\u013ekou v\u00fdhodou digit\u00e1lnej krabi\u010dky WASPE 12000 Puffs je bezcoln\u00e1 dod\u00e1vka. Jednoducho objednajte zariadenie cez vapingnet.de a m\u00f4\u017eete ho ma\u0165 doru\u010den\u00e9 priamo k v\u00e1m domov do 7\u201315 pracovn\u00fdch dn\u00ed \u2013 \u00faplne bez dodato\u010dn\u00fdch coln\u00fdch poplatkov. U\u0161etr\u00ed v\u00e1m \u010das aj peniaze.<\/p>\n<h3>Pre\u010do si vybra\u0165 digit\u00e1lnu krabi\u010dku WASPE 12000 Puffs?<\/h3>\n<ul data-start=\"4500\" data-end=\"5070\" data-immersive-translate-walked=\"a4d6e05d-60a0-4e13-8785-7fccaaefcea2\">\n<li class=\"\" data-start=\"4500\" data-end=\"4572\" data-immersive-translate-walked=\"a4d6e05d-60a0-4e13-8785-7fccaaefcea2\">\n<p class=\"\" data-start=\"4502\" data-end=\"4572\" data-immersive-translate-walked=\"a4d6e05d-60a0-4e13-8785-7fccaaefcea2\" data-immersive-translate-paragraph=\"1\">\u017divotnos\u0165: 12 000 \u0165ahov pre mimoriadne dlh\u00fa dobu pou\u017e\u00edvania.<\/p>\n<\/li>\n<li class=\"\" data-start=\"4573\" data-end=\"4636\" data-immersive-translate-walked=\"a4d6e05d-60a0-4e13-8785-7fccaaefcea2\">\n<p class=\"\" data-start=\"4575\" data-end=\"4636\" data-immersive-translate-walked=\"a4d6e05d-60a0-4e13-8785-7fccaaefcea2\" data-immersive-translate-paragraph=\"1\">Kontrola nikot\u00ednu: Vyberte si medzi nikot\u00ednom 2% a 5%.<\/p>\n<\/li>\n<li class=\"\" data-start=\"4637\" data-end=\"4734\" data-immersive-translate-walked=\"a4d6e05d-60a0-4e13-8785-7fccaaefcea2\">\n<p class=\"\" data-start=\"4639\" data-end=\"4734\" data-immersive-translate-walked=\"a4d6e05d-60a0-4e13-8785-7fccaaefcea2\" data-immersive-translate-paragraph=\"1\">Odoln\u00fd dizajn: Vyroben\u00e9 z hlin\u00edkovej zliatiny a PCGT pre vysok\u00fa odolnos\u0165.<\/p>\n<\/li>\n<li class=\"\" data-start=\"4735\" data-end=\"4838\" data-immersive-translate-walked=\"a4d6e05d-60a0-4e13-8785-7fccaaefcea2\">\n<p class=\"\" data-start=\"4737\" data-end=\"4838\" data-immersive-translate-walked=\"a4d6e05d-60a0-4e13-8785-7fccaaefcea2\" data-immersive-translate-paragraph=\"1\">Pou\u017e\u00edvate\u013esk\u00e1 pr\u00edvetivos\u0165: Digit\u00e1lny displej zobrazuje hladinu tekutiny a zost\u00e1vaj\u00face \u0165ahy.<\/p>\n<\/li>\n<li class=\"\" data-start=\"4839\" data-end=\"4909\" data-immersive-translate-walked=\"a4d6e05d-60a0-4e13-8785-7fccaaefcea2\">\n<p class=\"\" data-start=\"4841\" data-end=\"4909\" data-immersive-translate-walked=\"a4d6e05d-60a0-4e13-8785-7fccaaefcea2\" data-immersive-translate-paragraph=\"1\">R\u00fdchle nab\u00edjanie: Pripojenie Type-C zabezpe\u010duje kr\u00e1tke \u010dasy nab\u00edjania.<\/p>\n<\/li>\n<li class=\"\" data-start=\"4910\" data-end=\"5000\" data-immersive-translate-walked=\"a4d6e05d-60a0-4e13-8785-7fccaaefcea2\">\n<p class=\"\" data-start=\"4912\" data-end=\"5000\" data-immersive-translate-walked=\"a4d6e05d-60a0-4e13-8785-7fccaaefcea2\" data-immersive-translate-paragraph=\"1\">Osvie\u017euj\u00faca chu\u0165: Blue Razz Ice pre ovocn\u00fd osvie\u017euj\u00faci z\u00e1\u017eitok z vapovania.<\/p>\n<\/li>\n<li class=\"\" data-start=\"5001\" data-end=\"5070\" data-immersive-translate-walked=\"a4d6e05d-60a0-4e13-8785-7fccaaefcea2\">\n<p class=\"\" data-start=\"5003\" data-end=\"5070\" data-immersive-translate-walked=\"a4d6e05d-60a0-4e13-8785-7fccaaefcea2\" data-immersive-translate-paragraph=\"1\">Bezcoln\u00e1 dod\u00e1vka: R\u00fdchle odoslanie bez \u010fal\u0161\u00edch n\u00e1kladov.<\/p>\n<\/li>\n<\/ul>\n<h4 data-start=\"5077\" data-end=\"5132\" data-immersive-translate-walked=\"a4d6e05d-60a0-4e13-8785-7fccaaefcea2\">Spo\u013eahliv\u00e1 vo\u013eba pre ka\u017ed\u00e9ho vapera<\/h4>\n<p class=\"\" data-start=\"5134\" data-end=\"5515\" data-immersive-translate-walked=\"a4d6e05d-60a0-4e13-8785-7fccaaefcea2\" data-immersive-translate-paragraph=\"1\">Digit\u00e1lna krabi\u010dka WASPE 12000 Puffs v\u00e1s presved\u010d\u00ed vysokou kapacitou puffov, praktick\u00fdm ovl\u00e1dan\u00edm a osvie\u017euj\u00facou chu\u0165ou. \u010ci ste za\u010diato\u010dn\u00edk alebo sk\u00fasen\u00fd vapor \u2013 tento model v\u00e1m pon\u00faka dlhodob\u00fd a pr\u00edjemn\u00fd z\u00e1\u017eitok z vapovania. Objednajte e\u0161te dnes a u\u017e\u00edvajte si r\u00fdchle a bezcoln\u00e9 doru\u010denie priamo k v\u00e1m domov.<\/p>","protected":false},"excerpt":{"rendered":"<p>WASPE 12000 Puffs Digital Box: Maximale Leistung und Komfort f\u00fcr Dampfer Die WASPE 12000 Puffs Digital Box ist eine fortschrittliche Einweg-E-Zigarette, die auf die Bed\u00fcrfnisse&#8230;<\/p>","protected":false},"featured_media":6653,"template":"","meta":[],"etheme_brands":[],"product_brand":[98],"product_cat":[88,49,61],"product_tag":[],"class_list":{"0":"post-6686","1":"product","2":"type-product","3":"status-publish","4":"has-post-thumbnail","6":"product_brand-waspe-vape","7":"product_cat-12k-vape","8":"product_cat-einweg-e-zigarette","9":"product_cat-f","11":"first","12":"instock","13":"shipping-taxable","14":"purchasable","15":"product-type-variable"},"yoast_head":"<!-- This site is optimized with the Yoast SEO plugin v26.5 - https:\/\/yoast.com\/wordpress\/plugins\/seo\/ -->\n<title>WASPE 12000 Puffs Dein Blue Razz Ice Direkt Vom Hersteller Ohne Zollgeb\u00fchren | Vapingnet.de<\/title>\n<meta name=\"description\" content=\"Entdecke WASPE 12000 Puffs Dein Blue Razz Ice Direkt Vom Hersteller Ohne Zollgeb\u00fchren bei vapingnet.de, \u25ba Gro\u00dfe Auswahl an Geschmacksrichtungen &amp; super g\u00fcnstig!\" \/>\n<meta name=\"robots\" content=\"index, follow, max-snippet:-1, max-image-preview:large, max-video-preview:-1\" \/>\n<link rel=\"canonical\" href=\"https:\/\/vapingnet.de\/sk\/vape\/waspe-12000-puffs-dein-blue-razz-ice-direkt-vom-hersteller-ohne-zollgebuehren\/\" \/>\n<meta property=\"og:locale\" content=\"sk_SK\" \/>\n<meta property=\"og:type\" content=\"article\" \/>\n<meta property=\"og:title\" content=\"WASPE 12000 Puffs Dein Blue Razz Ice Direkt Vom Hersteller Ohne Zollgeb\u00fchren | Vapingnet.de\" \/>\n<meta property=\"og:description\" content=\"Entdecke WASPE 12000 Puffs Dein Blue Razz Ice Direkt Vom Hersteller Ohne Zollgeb\u00fchren bei vapingnet.de, \u25ba Gro\u00dfe Auswahl an Geschmacksrichtungen &amp; super g\u00fcnstig!\" \/>\n<meta property=\"og:url\" content=\"https:\/\/vapingnet.de\/sk\/vape\/waspe-12000-puffs-dein-blue-razz-ice-direkt-vom-hersteller-ohne-zollgebuehren\/\" \/>\n<meta property=\"og:site_name\" content=\"Vapingnet.de\" \/>\n<meta property=\"article:publisher\" content=\"https:\/\/www.facebook.com\/vapingnetde\/\" \/>\n<meta property=\"article:modified_time\" content=\"2026-04-15T08:46:52+00:00\" \/>\n<meta property=\"og:image\" content=\"https:\/\/vapingnet.de\/wp-content\/uploads\/2025\/04\/Blue-Razz-Ice-3.webp\" \/>\n\t<meta property=\"og:image:width\" content=\"1000\" \/>\n\t<meta property=\"og:image:height\" content=\"1000\" \/>\n\t<meta property=\"og:image:type\" content=\"image\/webp\" \/>\n<meta name=\"twitter:card\" content=\"summary_large_image\" \/>\n<meta name=\"twitter:label1\" content=\"Est. reading time\" \/>\n\t<meta name=\"twitter:data1\" content=\"4 minutes\" \/>\n<script type=\"application\/ld+json\" class=\"yoast-schema-graph\">{\"@context\":\"https:\/\/schema.org\",\"@graph\":[{\"@type\":\"WebPage\",\"@id\":\"https:\/\/vapingnet.de\/vape\/waspe-12000-puffs-dein-blue-razz-ice-direkt-vom-hersteller-ohne-zollgebuehren\/\",\"url\":\"https:\/\/vapingnet.de\/vape\/waspe-12000-puffs-dein-blue-razz-ice-direkt-vom-hersteller-ohne-zollgebuehren\/\",\"name\":\"WASPE 12000 Puffs Dein Blue Razz Ice Direkt Vom Hersteller Ohne Zollgeb\u00fchren | Vapingnet.de\",\"isPartOf\":{\"@id\":\"https:\/\/vapingnet.de\/#website\"},\"primaryImageOfPage\":{\"@id\":\"https:\/\/vapingnet.de\/vape\/waspe-12000-puffs-dein-blue-razz-ice-direkt-vom-hersteller-ohne-zollgebuehren\/#primaryimage\"},\"image\":{\"@id\":\"https:\/\/vapingnet.de\/vape\/waspe-12000-puffs-dein-blue-razz-ice-direkt-vom-hersteller-ohne-zollgebuehren\/#primaryimage\"},\"thumbnailUrl\":\"https:\/\/vapingnet.de\/wp-content\/uploads\/2025\/04\/Blue-Razz-Ice-3.webp\",\"datePublished\":\"2025-04-30T01:28:11+00:00\",\"dateModified\":\"2026-04-15T08:46:52+00:00\",\"description\":\"Entdecke WASPE 12000 Puffs Dein Blue Razz Ice Direkt Vom Hersteller Ohne Zollgeb\u00fchren bei vapingnet.de, \u25ba Gro\u00dfe Auswahl an Geschmacksrichtungen & super g\u00fcnstig!\",\"breadcrumb\":{\"@id\":\"https:\/\/vapingnet.de\/vape\/waspe-12000-puffs-dein-blue-razz-ice-direkt-vom-hersteller-ohne-zollgebuehren\/#breadcrumb\"},\"inLanguage\":\"sk-SK\",\"potentialAction\":[{\"@type\":\"ReadAction\",\"target\":[\"https:\/\/vapingnet.de\/vape\/waspe-12000-puffs-dein-blue-razz-ice-direkt-vom-hersteller-ohne-zollgebuehren\/\"]}]},{\"@type\":\"ImageObject\",\"inLanguage\":\"sk-SK\",\"@id\":\"https:\/\/vapingnet.de\/vape\/waspe-12000-puffs-dein-blue-razz-ice-direkt-vom-hersteller-ohne-zollgebuehren\/#primaryimage\",\"url\":\"https:\/\/vapingnet.de\/wp-content\/uploads\/2025\/04\/Blue-Razz-Ice-3.webp\",\"contentUrl\":\"https:\/\/vapingnet.de\/wp-content\/uploads\/2025\/04\/Blue-Razz-Ice-3.webp\",\"width\":1000,\"height\":1000},{\"@type\":\"BreadcrumbList\",\"@id\":\"https:\/\/vapingnet.de\/vape\/waspe-12000-puffs-dein-blue-razz-ice-direkt-vom-hersteller-ohne-zollgebuehren\/#breadcrumb\",\"itemListElement\":[{\"@type\":\"ListItem\",\"position\":1,\"name\":\"Home\",\"item\":\"https:\/\/vapingnet.de\/\"},{\"@type\":\"ListItem\",\"position\":2,\"name\":\"Shop\",\"item\":\"https:\/\/vapingnet.de\/vape\/\"},{\"@type\":\"ListItem\",\"position\":3,\"name\":\"WASPE 12000 Puffs Dein Blue Razz Ice Direkt Vom Hersteller Ohne Zollgeb\u00fchren\"}]},{\"@type\":\"WebSite\",\"@id\":\"https:\/\/vapingnet.de\/#website\",\"url\":\"https:\/\/vapingnet.de\/\",\"name\":\"Vapingnet.de\",\"description\":\"\",\"publisher\":{\"@id\":\"https:\/\/vapingnet.de\/#organization\"},\"potentialAction\":[{\"@type\":\"SearchAction\",\"target\":{\"@type\":\"EntryPoint\",\"urlTemplate\":\"https:\/\/vapingnet.de\/?s={search_term_string}\"},\"query-input\":{\"@type\":\"PropertyValueSpecification\",\"valueRequired\":true,\"valueName\":\"search_term_string\"}}],\"inLanguage\":\"sk-SK\"},{\"@type\":\"Organization\",\"@id\":\"https:\/\/vapingnet.de\/#organization\",\"name\":\"Vapingnet.de\",\"url\":\"https:\/\/vapingnet.de\/\",\"logo\":{\"@type\":\"ImageObject\",\"inLanguage\":\"sk-SK\",\"@id\":\"https:\/\/vapingnet.de\/#\/schema\/logo\/image\/\",\"url\":\"https:\/\/vapingnet.de\/wp-content\/uploads\/2025\/03\/cropped-vapingnet.de_.jpg\",\"contentUrl\":\"https:\/\/vapingnet.de\/wp-content\/uploads\/2025\/03\/cropped-vapingnet.de_.jpg\",\"width\":512,\"height\":512,\"caption\":\"Vapingnet.de\"},\"image\":{\"@id\":\"https:\/\/vapingnet.de\/#\/schema\/logo\/image\/\"},\"sameAs\":[\"https:\/\/www.facebook.com\/vapingnetde\/\"]}]}<\/script>\n<!-- \/ Yoast SEO plugin. -->","yoast_head_json":{"title":"WASPE 12000 Puffs Dein Blue Razz Ice Direkt Vom Hersteller Ohne Zollgeb\u00fchren | Vapingnet.de","description":"Entdecke WASPE 12000 Puffs Dein Blue Razz Ice Direkt Vom Hersteller Ohne Zollgeb\u00fchren bei vapingnet.de, \u25ba Gro\u00dfe Auswahl an Geschmacksrichtungen & super g\u00fcnstig!","robots":{"index":"index","follow":"follow","max-snippet":"max-snippet:-1","max-image-preview":"max-image-preview:large","max-video-preview":"max-video-preview:-1"},"canonical":"https:\/\/vapingnet.de\/sk\/vape\/waspe-12000-puffs-dein-blue-razz-ice-direkt-vom-hersteller-ohne-zollgebuehren\/","og_locale":"sk_SK","og_type":"article","og_title":"WASPE 12000 Puffs Dein Blue Razz Ice Direkt Vom Hersteller Ohne Zollgeb\u00fchren | Vapingnet.de","og_description":"Entdecke WASPE 12000 Puffs Dein Blue Razz Ice Direkt Vom Hersteller Ohne Zollgeb\u00fchren bei vapingnet.de, \u25ba Gro\u00dfe Auswahl an Geschmacksrichtungen & super g\u00fcnstig!","og_url":"https:\/\/vapingnet.de\/sk\/vape\/waspe-12000-puffs-dein-blue-razz-ice-direkt-vom-hersteller-ohne-zollgebuehren\/","og_site_name":"Vapingnet.de","article_publisher":"https:\/\/www.facebook.com\/vapingnetde\/","article_modified_time":"2026-04-15T08:46:52+00:00","og_image":[{"width":1000,"height":1000,"url":"https:\/\/vapingnet.de\/wp-content\/uploads\/2025\/04\/Blue-Razz-Ice-3.webp","type":"image\/webp"}],"twitter_card":"summary_large_image","twitter_misc":{"Est. reading time":"4 minutes"},"schema":{"@context":"https:\/\/schema.org","@graph":[{"@type":"WebPage","@id":"https:\/\/vapingnet.de\/vape\/waspe-12000-puffs-dein-blue-razz-ice-direkt-vom-hersteller-ohne-zollgebuehren\/","url":"https:\/\/vapingnet.de\/vape\/waspe-12000-puffs-dein-blue-razz-ice-direkt-vom-hersteller-ohne-zollgebuehren\/","name":"WASPE 12000 Puffs Dein Blue Razz Ice Direkt Vom Hersteller Ohne Zollgeb\u00fchren | Vapingnet.de","isPartOf":{"@id":"https:\/\/vapingnet.de\/#website"},"primaryImageOfPage":{"@id":"https:\/\/vapingnet.de\/vape\/waspe-12000-puffs-dein-blue-razz-ice-direkt-vom-hersteller-ohne-zollgebuehren\/#primaryimage"},"image":{"@id":"https:\/\/vapingnet.de\/vape\/waspe-12000-puffs-dein-blue-razz-ice-direkt-vom-hersteller-ohne-zollgebuehren\/#primaryimage"},"thumbnailUrl":"https:\/\/vapingnet.de\/wp-content\/uploads\/2025\/04\/Blue-Razz-Ice-3.webp","datePublished":"2025-04-30T01:28:11+00:00","dateModified":"2026-04-15T08:46:52+00:00","description":"Entdecke WASPE 12000 Puffs Dein Blue Razz Ice Direkt Vom Hersteller Ohne Zollgeb\u00fchren bei vapingnet.de, \u25ba Gro\u00dfe Auswahl an Geschmacksrichtungen & super g\u00fcnstig!","breadcrumb":{"@id":"https:\/\/vapingnet.de\/vape\/waspe-12000-puffs-dein-blue-razz-ice-direkt-vom-hersteller-ohne-zollgebuehren\/#breadcrumb"},"inLanguage":"sk-SK","potentialAction":[{"@type":"ReadAction","target":["https:\/\/vapingnet.de\/vape\/waspe-12000-puffs-dein-blue-razz-ice-direkt-vom-hersteller-ohne-zollgebuehren\/"]}]},{"@type":"ImageObject","inLanguage":"sk-SK","@id":"https:\/\/vapingnet.de\/vape\/waspe-12000-puffs-dein-blue-razz-ice-direkt-vom-hersteller-ohne-zollgebuehren\/#primaryimage","url":"https:\/\/vapingnet.de\/wp-content\/uploads\/2025\/04\/Blue-Razz-Ice-3.webp","contentUrl":"https:\/\/vapingnet.de\/wp-content\/uploads\/2025\/04\/Blue-Razz-Ice-3.webp","width":1000,"height":1000},{"@type":"BreadcrumbList","@id":"https:\/\/vapingnet.de\/vape\/waspe-12000-puffs-dein-blue-razz-ice-direkt-vom-hersteller-ohne-zollgebuehren\/#breadcrumb","itemListElement":[{"@type":"ListItem","position":1,"name":"Home","item":"https:\/\/vapingnet.de\/"},{"@type":"ListItem","position":2,"name":"Shop","item":"https:\/\/vapingnet.de\/vape\/"},{"@type":"ListItem","position":3,"name":"WASPE 12000 Puffs Dein Blue Razz Ice Direkt Vom Hersteller Ohne Zollgeb\u00fchren"}]},{"@type":"WebSite","@id":"https:\/\/vapingnet.de\/#website","url":"https:\/\/vapingnet.de\/","name":"Vapingnet.de","description":"","publisher":{"@id":"https:\/\/vapingnet.de\/#organization"},"potentialAction":[{"@type":"SearchAction","target":{"@type":"EntryPoint","urlTemplate":"https:\/\/vapingnet.de\/?s={search_term_string}"},"query-input":{"@type":"PropertyValueSpecification","valueRequired":true,"valueName":"search_term_string"}}],"inLanguage":"sk-SK"},{"@type":"Organization","@id":"https:\/\/vapingnet.de\/#organization","name":"Vapingnet.de","url":"https:\/\/vapingnet.de\/","logo":{"@type":"ImageObject","inLanguage":"sk-SK","@id":"https:\/\/vapingnet.de\/#\/schema\/logo\/image\/","url":"https:\/\/vapingnet.de\/wp-content\/uploads\/2025\/03\/cropped-vapingnet.de_.jpg","contentUrl":"https:\/\/vapingnet.de\/wp-content\/uploads\/2025\/03\/cropped-vapingnet.de_.jpg","width":512,"height":512,"caption":"Vapingnet.de"},"image":{"@id":"https:\/\/vapingnet.de\/#\/schema\/logo\/image\/"},"sameAs":["https:\/\/www.facebook.com\/vapingnetde\/"]}]}},"tiered_pricing_type":"fixed","tiered_pricing_fixed_rules":[],"tiered_pricing_product_settings":{"layout":"default","base_unit_name":{"singular":null,"plural":null},"default_variation":null},"tiered_pricing_minimum_quantity":null,"tiered_pricing_roles_data":[],"tiered_pricing_percentage_rules":[],"_links":{"self":[{"href":"https:\/\/vapingnet.de\/sk\/wp-json\/wp\/v2\/product\/6686","targetHints":{"allow":["GET"]}}],"collection":[{"href":"https:\/\/vapingnet.de\/sk\/wp-json\/wp\/v2\/product"}],"about":[{"href":"https:\/\/vapingnet.de\/sk\/wp-json\/wp\/v2\/types\/product"}],"version-history":[{"count":4,"href":"https:\/\/vapingnet.de\/sk\/wp-json\/wp\/v2\/product\/6686\/revisions"}],"predecessor-version":[{"id":6892,"href":"https:\/\/vapingnet.de\/sk\/wp-json\/wp\/v2\/product\/6686\/revisions\/6892"}],"wp:featuredmedia":[{"embeddable":true,"href":"https:\/\/vapingnet.de\/sk\/wp-json\/wp\/v2\/media\/6653"}],"wp:attachment":[{"href":"https:\/\/vapingnet.de\/sk\/wp-json\/wp\/v2\/media?parent=6686"}],"wp:term":[{"taxonomy":"brand","embeddable":true,"href":"https:\/\/vapingnet.de\/sk\/wp-json\/wp\/v2\/etheme_brands?post=6686"},{"taxonomy":"product_brand","embeddable":true,"href":"https:\/\/vapingnet.de\/sk\/wp-json\/wp\/v2\/product_brand?post=6686"},{"taxonomy":"product_cat","embeddable":true,"href":"https:\/\/vapingnet.de\/sk\/wp-json\/wp\/v2\/product_cat?post=6686"},{"taxonomy":"product_tag","embeddable":true,"href":"https:\/\/vapingnet.de\/sk\/wp-json\/wp\/v2\/product_tag?post=6686"}],"curies":[{"name":"wp","href":"https:\/\/api.w.org\/{rel}","templated":true}]}}