{"id":6688,"date":"2025-04-30T01:36:59","date_gmt":"2025-04-30T01:36:59","guid":{"rendered":"https:\/\/vapingnet.de\/?post_type=product&#038;p=6688"},"modified":"2026-04-15T08:46:21","modified_gmt":"2026-04-15T08:46:21","slug":"waspe-12000-puffs-red-wine-pear-juice-der-vape-den-jeder-will-direkt-zu-dir-geliefert","status":"publish","type":"product","link":"https:\/\/vapingnet.de\/sk\/vape\/waspe-12000-puffs-red-wine-pear-juice-der-vape-den-jeder-will-direkt-zu-dir-geliefert\/","title":{"rendered":"WASPE 12000 Pufov \u010cerven\u00e9 v\u00edno Hru\u0161kov\u00e1 \u0161\u0165ava, vape, ktor\u00fa ka\u017ed\u00fd chce, doru\u010den\u00e9 priamo k v\u00e1m"},"content":{"rendered":"<h2 data-start=\"0\" data-end=\"79\" data-immersive-translate-walked=\"9f69c981-e523-4ab4-8e57-eb4b32d32df8\">WASPE 12000 Puffs Digit\u00e1lna krabi\u010dka: Perfektn\u00e1 vo\u013eba pre n\u00e1ro\u010dn\u00fdch vap\u00e9rov<\/h2>\n<p class=\"\" data-start=\"81\" data-end=\"434\" data-immersive-translate-walked=\"9f69c981-e523-4ab4-8e57-eb4b32d32df8\" data-immersive-translate-paragraph=\"1\">WASPE 12000 Puffs Digit\u00e1lna krabi\u010dka je vynikaj\u00facou vo\u013ebou pre v\u0161etk\u00fdch, ktor\u00ed h\u013eadaj\u00fa odoln\u00fa a v\u00fdkonn\u00fa jednorazov\u00fa e-cigaretu. S p\u00f4sobivou \u017eivotnos\u0165ou 12000 potiahnut\u00ed a mno\u017estvom funkci\u00ed pon\u00faka toto zariadenie v\u00fdnimo\u010dn\u00fd z\u00e1\u017eitok z vapovania pre za\u010diato\u010dn\u00edkov aj sk\u00fasen\u00fdch vap\u00e9rov.<\/p>\n<p class=\"\" data-start=\"436\" data-end=\"753\" data-immersive-translate-walked=\"9f69c981-e523-4ab4-8e57-eb4b32d32df8\" data-immersive-translate-paragraph=\"1\">Dizajn zariadenia kombinuje pevn\u00e9 puzdro z hlin\u00edkovej zliatiny a PCGT, \u010do zabezpe\u010duje nielen vysok\u00fa odolnos\u0165, ale aj pr\u00edjemn\u00fd a modern\u00fd pocit v ruke. Materi\u00e1l poskytuje vynikaj\u00facu kombin\u00e1ciu odolnosti a \u013eahkosti, s celkovou hmotnos\u0165ou len 96 gramov.<\/p>\n<h4 data-start=\"755\" data-end=\"790\" data-immersive-translate-walked=\"9f69c981-e523-4ab4-8e57-eb4b32d32df8\">Technick\u00e9 \u00fadaje a v\u00fdkon<\/h4>\n<p class=\"\" data-start=\"792\" data-end=\"1163\" data-immersive-translate-walked=\"9f69c981-e523-4ab4-8e57-eb4b32d32df8\" data-immersive-translate-paragraph=\"1\">WASPE 12000 Puffs Digit\u00e1lna krabi\u010dka m\u00e1 kapacitu e-liquidu 20 ml, \u010do umo\u017e\u0148uje dlh\u00e9 pou\u017e\u00edvanie bez neust\u00e1leho dop\u013a\u0148ania. To je obzvl\u00e1\u0161\u0165 v\u00fdhodn\u00e9 pre \u013eud\u00ed, ktor\u00ed chc\u00fa zariadenie pou\u017e\u00edva\u0165 dlh\u0161\u00ed \u010das. Okrem toho zabezpe\u010duje nikot\u00ednov\u00e1 sila 2% alebo 5%, \u017ee vap\u00e9ri m\u00f4\u017eu za\u017ei\u0165 presne po\u017eadovan\u00fa intenzitu.<\/p>\n<p class=\"\" data-start=\"1165\" data-end=\"1473\" data-immersive-translate-walked=\"9f69c981-e523-4ab4-8e57-eb4b32d32df8\" data-immersive-translate-paragraph=\"1\">S odporom cievky 1,0 \u03a9 sa produkuje rovnomern\u00fd a hust\u00fd dym, \u010do prispieva k intenz\u00edvnemu vn\u00edmaniu chut\u00ed. Rozsah v\u00fdkonu od 7 do 12 voltov umo\u017e\u0148uje pou\u017e\u00edvate\u013eovi prisp\u00f4sobi\u0165 si z\u00e1\u017eitok z vapovania, pri\u010dom digit\u00e1lny regul\u00e1tor umo\u017e\u0148uje presn\u00fa kontrolu.<\/p>\n<h4 data-start=\"1475\" data-end=\"1514\" data-immersive-translate-walked=\"9f69c981-e523-4ab4-8e57-eb4b32d32df8\">Rozmanitos\u0165 chut\u00ed: \u010cerven\u00e9 v\u00edno s hru\u0161kov\u00fdm d\u017e\u00fasom<\/h4>\n<p class=\"\" data-start=\"1516\" data-end=\"1813\" data-immersive-translate-walked=\"9f69c981-e523-4ab4-8e57-eb4b32d32df8\" data-immersive-translate-paragraph=\"1\">V\u00fdber chut\u00ed je \u010fal\u0161\u00edm vrcholom zariadenia. Chu\u0165 \u201eRed Wine Pear Juice\u201c kombinuje ovocn\u00fa hru\u0161ku s jemnou pozn\u00e1mkou \u010derven\u00e9ho v\u00edna, \u010do vedie k jedine\u010dn\u00e9mu a p\u00f4\u017eitkov\u00e9mu z\u00e1\u017eitku z vapovania. Tento exotick\u00fd ar\u00f3ma nadchne aj najn\u00e1ro\u010dnej\u0161\u00edch vap\u00e9rov.<\/p>\n<h4 data-start=\"1815\" data-end=\"1843\" data-immersive-translate-walked=\"9f69c981-e523-4ab4-8e57-eb4b32d32df8\">Pohodlie a mo\u017enosti nab\u00edjania<\/h4>\n<p class=\"\" data-start=\"1845\" data-end=\"2190\" data-immersive-translate-walked=\"9f69c981-e523-4ab4-8e57-eb4b32d32df8\" data-immersive-translate-paragraph=\"1\">WASPE 12000 Puffs Digit\u00e1lna krabi\u010dka je vybaven\u00e1 modern\u00fdm nab\u00edjac\u00edm portom Type-C, ktor\u00fd zabezpe\u010duje r\u00fdchle nab\u00edjanie. Zariadenie m\u00e1 bat\u00e9riu s kapacitou 650 mAh, ktor\u00e1 zaru\u010duje dlh\u00e9 doby pou\u017e\u00edvania. Ak by sa bat\u00e9ria predsa len vybila, nab\u00edjanie je v\u010faka portu Type-C r\u00fdchle a jednoduch\u00e9.<\/p>\n<h4 data-start=\"2192\" data-end=\"2236\" data-immersive-translate-walked=\"9f69c981-e523-4ab4-8e57-eb4b32d32df8\">V\u00fdhody pre medzin\u00e1rodn\u00e9 z\u00e1sielky<\/h4>\n<p class=\"\" data-start=\"2238\" data-end=\"2649\" data-immersive-translate-walked=\"9f69c981-e523-4ab4-8e57-eb4b32d32df8\">\u010eal\u0161ou pozoruhodnou v\u00fdhodou WASPE 12000 Puffs Digit\u00e1lna krabi\u010dka je medzin\u00e1rodn\u00e1 doprava, ktor\u00e1 trv\u00e1 od 7 do 15 pracovn\u00fdch dn\u00ed. Okrem toho pri k\u00fape tohto zariadenia nie je \u00fa\u010dtovan\u00e1 dovozn\u00e1 da\u0148, \u010do ho rob\u00ed ve\u013emi atrakt\u00edvnou vo\u013ebou pre kupuj\u00facich mimo Slovenska. Zariadenie je dostupn\u00e9 cez slovensk\u00fd online obchod vapingnet.de, \u010do zaru\u010duje jednoduch\u00fa a spo\u013eahliv\u00fa objedn\u00e1vku.<\/p>\n<p class=\"\" data-start=\"2651\" data-end=\"2871\">Celkovo pon\u00faka WASPE 12000 Puffs Digit\u00e1lna krabi\u010dka vynikaj\u00faci v\u00fdkon, dlh\u00fa \u017eivotnos\u0165 a \u0161irok\u00fd v\u00fdber chut\u00ed \u2013 vynikaj\u00faca vo\u013eba pre ka\u017ed\u00e9ho vap\u00e9ra, ktor\u00fd kladie d\u00f4raz na kvalitu a komfort.<\/p>","protected":false},"excerpt":{"rendered":"<p>WASPE 12000 Puffs Digital Box: Die perfekte Wahl f\u00fcr anspruchsvolle Dampfer Die WASPE 12000 Puffs Digital Box ist eine herausragende Wahl f\u00fcr alle, die auf&#8230;<\/p>","protected":false},"featured_media":6657,"template":"","meta":[],"etheme_brands":[],"product_brand":[98],"product_cat":[88,49,61],"product_tag":[],"class_list":{"0":"post-6688","1":"product","2":"type-product","3":"status-publish","4":"has-post-thumbnail","6":"product_brand-waspe-vape","7":"product_cat-12k-vape","8":"product_cat-einweg-e-zigarette","9":"product_cat-f","11":"first","12":"instock","13":"shipping-taxable","14":"purchasable","15":"product-type-variable"},"yoast_head":"<!-- This site is optimized with the Yoast SEO plugin v26.5 - https:\/\/yoast.com\/wordpress\/plugins\/seo\/ -->\n<title>WASPE 12000 Puffs Red Wine Pear Juice Der Vape Den Jeder Will, Direkt Zu Dir Geliefert | Vapingnet.de<\/title>\n<meta name=\"description\" content=\"Entdecke WASPE 12000 Puffs Red Wine Pear Juice Der Vape Den Jeder Will, Direkt Zu Dir Geliefert bei vapingnet.de, \u25ba Gro\u00dfe Auswahl an Geschmacksrichtungen &amp; super g\u00fcnstig!\" \/>\n<meta name=\"robots\" content=\"index, follow, max-snippet:-1, max-image-preview:large, max-video-preview:-1\" \/>\n<link rel=\"canonical\" href=\"https:\/\/vapingnet.de\/sk\/vape\/waspe-12000-puffs-red-wine-pear-juice-der-vape-den-jeder-will-direkt-zu-dir-geliefert\/\" \/>\n<meta property=\"og:locale\" content=\"sk_SK\" \/>\n<meta property=\"og:type\" content=\"article\" \/>\n<meta property=\"og:title\" content=\"WASPE 12000 Puffs Red Wine Pear Juice Der Vape Den Jeder Will, Direkt Zu Dir Geliefert | Vapingnet.de\" \/>\n<meta property=\"og:description\" content=\"Entdecke WASPE 12000 Puffs Red Wine Pear Juice Der Vape Den Jeder Will, Direkt Zu Dir Geliefert bei vapingnet.de, \u25ba Gro\u00dfe Auswahl an Geschmacksrichtungen &amp; super g\u00fcnstig!\" \/>\n<meta property=\"og:url\" content=\"https:\/\/vapingnet.de\/sk\/vape\/waspe-12000-puffs-red-wine-pear-juice-der-vape-den-jeder-will-direkt-zu-dir-geliefert\/\" \/>\n<meta property=\"og:site_name\" content=\"Vapingnet.de\" \/>\n<meta property=\"article:publisher\" content=\"https:\/\/www.facebook.com\/vapingnetde\/\" \/>\n<meta property=\"article:modified_time\" content=\"2026-04-15T08:46:21+00:00\" \/>\n<meta property=\"og:image\" content=\"https:\/\/vapingnet.de\/wp-content\/uploads\/2025\/04\/Red-Wine-Pear-Juice.webp\" \/>\n\t<meta property=\"og:image:width\" content=\"1000\" \/>\n\t<meta property=\"og:image:height\" content=\"1000\" \/>\n\t<meta property=\"og:image:type\" content=\"image\/webp\" \/>\n<meta name=\"twitter:card\" content=\"summary_large_image\" \/>\n<meta name=\"twitter:label1\" content=\"Est. reading time\" \/>\n\t<meta name=\"twitter:data1\" content=\"3 minutes\" \/>\n<script type=\"application\/ld+json\" class=\"yoast-schema-graph\">{\"@context\":\"https:\/\/schema.org\",\"@graph\":[{\"@type\":\"WebPage\",\"@id\":\"https:\/\/vapingnet.de\/vape\/waspe-12000-puffs-red-wine-pear-juice-der-vape-den-jeder-will-direkt-zu-dir-geliefert\/\",\"url\":\"https:\/\/vapingnet.de\/vape\/waspe-12000-puffs-red-wine-pear-juice-der-vape-den-jeder-will-direkt-zu-dir-geliefert\/\",\"name\":\"WASPE 12000 Puffs Red Wine Pear Juice Der Vape Den Jeder Will, Direkt Zu Dir Geliefert | Vapingnet.de\",\"isPartOf\":{\"@id\":\"https:\/\/vapingnet.de\/#website\"},\"primaryImageOfPage\":{\"@id\":\"https:\/\/vapingnet.de\/vape\/waspe-12000-puffs-red-wine-pear-juice-der-vape-den-jeder-will-direkt-zu-dir-geliefert\/#primaryimage\"},\"image\":{\"@id\":\"https:\/\/vapingnet.de\/vape\/waspe-12000-puffs-red-wine-pear-juice-der-vape-den-jeder-will-direkt-zu-dir-geliefert\/#primaryimage\"},\"thumbnailUrl\":\"https:\/\/vapingnet.de\/wp-content\/uploads\/2025\/04\/Red-Wine-Pear-Juice.webp\",\"datePublished\":\"2025-04-30T01:36:59+00:00\",\"dateModified\":\"2026-04-15T08:46:21+00:00\",\"description\":\"Entdecke WASPE 12000 Puffs Red Wine Pear Juice Der Vape Den Jeder Will, Direkt Zu Dir Geliefert bei vapingnet.de, \u25ba Gro\u00dfe Auswahl an Geschmacksrichtungen & super g\u00fcnstig!\",\"breadcrumb\":{\"@id\":\"https:\/\/vapingnet.de\/vape\/waspe-12000-puffs-red-wine-pear-juice-der-vape-den-jeder-will-direkt-zu-dir-geliefert\/#breadcrumb\"},\"inLanguage\":\"sk-SK\",\"potentialAction\":[{\"@type\":\"ReadAction\",\"target\":[\"https:\/\/vapingnet.de\/vape\/waspe-12000-puffs-red-wine-pear-juice-der-vape-den-jeder-will-direkt-zu-dir-geliefert\/\"]}]},{\"@type\":\"ImageObject\",\"inLanguage\":\"sk-SK\",\"@id\":\"https:\/\/vapingnet.de\/vape\/waspe-12000-puffs-red-wine-pear-juice-der-vape-den-jeder-will-direkt-zu-dir-geliefert\/#primaryimage\",\"url\":\"https:\/\/vapingnet.de\/wp-content\/uploads\/2025\/04\/Red-Wine-Pear-Juice.webp\",\"contentUrl\":\"https:\/\/vapingnet.de\/wp-content\/uploads\/2025\/04\/Red-Wine-Pear-Juice.webp\",\"width\":1000,\"height\":1000},{\"@type\":\"BreadcrumbList\",\"@id\":\"https:\/\/vapingnet.de\/vape\/waspe-12000-puffs-red-wine-pear-juice-der-vape-den-jeder-will-direkt-zu-dir-geliefert\/#breadcrumb\",\"itemListElement\":[{\"@type\":\"ListItem\",\"position\":1,\"name\":\"Home\",\"item\":\"https:\/\/vapingnet.de\/\"},{\"@type\":\"ListItem\",\"position\":2,\"name\":\"Shop\",\"item\":\"https:\/\/vapingnet.de\/vape\/\"},{\"@type\":\"ListItem\",\"position\":3,\"name\":\"WASPE 12000 Puffs Red Wine Pear Juice Der Vape Den Jeder Will, Direkt Zu Dir Geliefert\"}]},{\"@type\":\"WebSite\",\"@id\":\"https:\/\/vapingnet.de\/#website\",\"url\":\"https:\/\/vapingnet.de\/\",\"name\":\"Vapingnet.de\",\"description\":\"\",\"publisher\":{\"@id\":\"https:\/\/vapingnet.de\/#organization\"},\"potentialAction\":[{\"@type\":\"SearchAction\",\"target\":{\"@type\":\"EntryPoint\",\"urlTemplate\":\"https:\/\/vapingnet.de\/?s={search_term_string}\"},\"query-input\":{\"@type\":\"PropertyValueSpecification\",\"valueRequired\":true,\"valueName\":\"search_term_string\"}}],\"inLanguage\":\"sk-SK\"},{\"@type\":\"Organization\",\"@id\":\"https:\/\/vapingnet.de\/#organization\",\"name\":\"Vapingnet.de\",\"url\":\"https:\/\/vapingnet.de\/\",\"logo\":{\"@type\":\"ImageObject\",\"inLanguage\":\"sk-SK\",\"@id\":\"https:\/\/vapingnet.de\/#\/schema\/logo\/image\/\",\"url\":\"https:\/\/vapingnet.de\/wp-content\/uploads\/2025\/03\/cropped-vapingnet.de_.jpg\",\"contentUrl\":\"https:\/\/vapingnet.de\/wp-content\/uploads\/2025\/03\/cropped-vapingnet.de_.jpg\",\"width\":512,\"height\":512,\"caption\":\"Vapingnet.de\"},\"image\":{\"@id\":\"https:\/\/vapingnet.de\/#\/schema\/logo\/image\/\"},\"sameAs\":[\"https:\/\/www.facebook.com\/vapingnetde\/\"]}]}<\/script>\n<!-- \/ Yoast SEO plugin. -->","yoast_head_json":{"title":"WASPE 12000 Puffs Red Wine Pear Juice Der Vape Den Jeder Will, Direkt Zu Dir Geliefert | Vapingnet.de","description":"Entdecke WASPE 12000 Puffs Red Wine Pear Juice Der Vape Den Jeder Will, Direkt Zu Dir Geliefert bei vapingnet.de, \u25ba Gro\u00dfe Auswahl an Geschmacksrichtungen & super g\u00fcnstig!","robots":{"index":"index","follow":"follow","max-snippet":"max-snippet:-1","max-image-preview":"max-image-preview:large","max-video-preview":"max-video-preview:-1"},"canonical":"https:\/\/vapingnet.de\/sk\/vape\/waspe-12000-puffs-red-wine-pear-juice-der-vape-den-jeder-will-direkt-zu-dir-geliefert\/","og_locale":"sk_SK","og_type":"article","og_title":"WASPE 12000 Puffs Red Wine Pear Juice Der Vape Den Jeder Will, Direkt Zu Dir Geliefert | Vapingnet.de","og_description":"Entdecke WASPE 12000 Puffs Red Wine Pear Juice Der Vape Den Jeder Will, Direkt Zu Dir Geliefert bei vapingnet.de, \u25ba Gro\u00dfe Auswahl an Geschmacksrichtungen & super g\u00fcnstig!","og_url":"https:\/\/vapingnet.de\/sk\/vape\/waspe-12000-puffs-red-wine-pear-juice-der-vape-den-jeder-will-direkt-zu-dir-geliefert\/","og_site_name":"Vapingnet.de","article_publisher":"https:\/\/www.facebook.com\/vapingnetde\/","article_modified_time":"2026-04-15T08:46:21+00:00","og_image":[{"width":1000,"height":1000,"url":"https:\/\/vapingnet.de\/wp-content\/uploads\/2025\/04\/Red-Wine-Pear-Juice.webp","type":"image\/webp"}],"twitter_card":"summary_large_image","twitter_misc":{"Est. reading time":"3 minutes"},"schema":{"@context":"https:\/\/schema.org","@graph":[{"@type":"WebPage","@id":"https:\/\/vapingnet.de\/vape\/waspe-12000-puffs-red-wine-pear-juice-der-vape-den-jeder-will-direkt-zu-dir-geliefert\/","url":"https:\/\/vapingnet.de\/vape\/waspe-12000-puffs-red-wine-pear-juice-der-vape-den-jeder-will-direkt-zu-dir-geliefert\/","name":"WASPE 12000 Puffs Red Wine Pear Juice Der Vape Den Jeder Will, Direkt Zu Dir Geliefert | Vapingnet.de","isPartOf":{"@id":"https:\/\/vapingnet.de\/#website"},"primaryImageOfPage":{"@id":"https:\/\/vapingnet.de\/vape\/waspe-12000-puffs-red-wine-pear-juice-der-vape-den-jeder-will-direkt-zu-dir-geliefert\/#primaryimage"},"image":{"@id":"https:\/\/vapingnet.de\/vape\/waspe-12000-puffs-red-wine-pear-juice-der-vape-den-jeder-will-direkt-zu-dir-geliefert\/#primaryimage"},"thumbnailUrl":"https:\/\/vapingnet.de\/wp-content\/uploads\/2025\/04\/Red-Wine-Pear-Juice.webp","datePublished":"2025-04-30T01:36:59+00:00","dateModified":"2026-04-15T08:46:21+00:00","description":"Entdecke WASPE 12000 Puffs Red Wine Pear Juice Der Vape Den Jeder Will, Direkt Zu Dir Geliefert bei vapingnet.de, \u25ba Gro\u00dfe Auswahl an Geschmacksrichtungen & super g\u00fcnstig!","breadcrumb":{"@id":"https:\/\/vapingnet.de\/vape\/waspe-12000-puffs-red-wine-pear-juice-der-vape-den-jeder-will-direkt-zu-dir-geliefert\/#breadcrumb"},"inLanguage":"sk-SK","potentialAction":[{"@type":"ReadAction","target":["https:\/\/vapingnet.de\/vape\/waspe-12000-puffs-red-wine-pear-juice-der-vape-den-jeder-will-direkt-zu-dir-geliefert\/"]}]},{"@type":"ImageObject","inLanguage":"sk-SK","@id":"https:\/\/vapingnet.de\/vape\/waspe-12000-puffs-red-wine-pear-juice-der-vape-den-jeder-will-direkt-zu-dir-geliefert\/#primaryimage","url":"https:\/\/vapingnet.de\/wp-content\/uploads\/2025\/04\/Red-Wine-Pear-Juice.webp","contentUrl":"https:\/\/vapingnet.de\/wp-content\/uploads\/2025\/04\/Red-Wine-Pear-Juice.webp","width":1000,"height":1000},{"@type":"BreadcrumbList","@id":"https:\/\/vapingnet.de\/vape\/waspe-12000-puffs-red-wine-pear-juice-der-vape-den-jeder-will-direkt-zu-dir-geliefert\/#breadcrumb","itemListElement":[{"@type":"ListItem","position":1,"name":"Home","item":"https:\/\/vapingnet.de\/"},{"@type":"ListItem","position":2,"name":"Shop","item":"https:\/\/vapingnet.de\/vape\/"},{"@type":"ListItem","position":3,"name":"WASPE 12000 Puffs Red Wine Pear Juice Der Vape Den Jeder Will, Direkt Zu Dir Geliefert"}]},{"@type":"WebSite","@id":"https:\/\/vapingnet.de\/#website","url":"https:\/\/vapingnet.de\/","name":"Vapingnet.de","description":"","publisher":{"@id":"https:\/\/vapingnet.de\/#organization"},"potentialAction":[{"@type":"SearchAction","target":{"@type":"EntryPoint","urlTemplate":"https:\/\/vapingnet.de\/?s={search_term_string}"},"query-input":{"@type":"PropertyValueSpecification","valueRequired":true,"valueName":"search_term_string"}}],"inLanguage":"sk-SK"},{"@type":"Organization","@id":"https:\/\/vapingnet.de\/#organization","name":"Vapingnet.de","url":"https:\/\/vapingnet.de\/","logo":{"@type":"ImageObject","inLanguage":"sk-SK","@id":"https:\/\/vapingnet.de\/#\/schema\/logo\/image\/","url":"https:\/\/vapingnet.de\/wp-content\/uploads\/2025\/03\/cropped-vapingnet.de_.jpg","contentUrl":"https:\/\/vapingnet.de\/wp-content\/uploads\/2025\/03\/cropped-vapingnet.de_.jpg","width":512,"height":512,"caption":"Vapingnet.de"},"image":{"@id":"https:\/\/vapingnet.de\/#\/schema\/logo\/image\/"},"sameAs":["https:\/\/www.facebook.com\/vapingnetde\/"]}]}},"tiered_pricing_type":"fixed","tiered_pricing_fixed_rules":[],"tiered_pricing_product_settings":{"layout":"default","base_unit_name":{"singular":null,"plural":null},"default_variation":null},"tiered_pricing_minimum_quantity":null,"tiered_pricing_roles_data":[],"tiered_pricing_percentage_rules":[],"_links":{"self":[{"href":"https:\/\/vapingnet.de\/sk\/wp-json\/wp\/v2\/product\/6688","targetHints":{"allow":["GET"]}}],"collection":[{"href":"https:\/\/vapingnet.de\/sk\/wp-json\/wp\/v2\/product"}],"about":[{"href":"https:\/\/vapingnet.de\/sk\/wp-json\/wp\/v2\/types\/product"}],"version-history":[{"count":1,"href":"https:\/\/vapingnet.de\/sk\/wp-json\/wp\/v2\/product\/6688\/revisions"}],"predecessor-version":[{"id":6692,"href":"https:\/\/vapingnet.de\/sk\/wp-json\/wp\/v2\/product\/6688\/revisions\/6692"}],"wp:featuredmedia":[{"embeddable":true,"href":"https:\/\/vapingnet.de\/sk\/wp-json\/wp\/v2\/media\/6657"}],"wp:attachment":[{"href":"https:\/\/vapingnet.de\/sk\/wp-json\/wp\/v2\/media?parent=6688"}],"wp:term":[{"taxonomy":"brand","embeddable":true,"href":"https:\/\/vapingnet.de\/sk\/wp-json\/wp\/v2\/etheme_brands?post=6688"},{"taxonomy":"product_brand","embeddable":true,"href":"https:\/\/vapingnet.de\/sk\/wp-json\/wp\/v2\/product_brand?post=6688"},{"taxonomy":"product_cat","embeddable":true,"href":"https:\/\/vapingnet.de\/sk\/wp-json\/wp\/v2\/product_cat?post=6688"},{"taxonomy":"product_tag","embeddable":true,"href":"https:\/\/vapingnet.de\/sk\/wp-json\/wp\/v2\/product_tag?post=6688"}],"curies":[{"name":"wp","href":"https:\/\/api.w.org\/{rel}","templated":true}]}}