{"id":6689,"date":"2025-04-30T01:37:02","date_gmt":"2025-04-30T01:37:02","guid":{"rendered":"https:\/\/vapingnet.de\/?post_type=product&#038;p=6689"},"modified":"2025-06-19T03:45:07","modified_gmt":"2025-06-19T03:45:07","slug":"strawberry-donuts-und-waspe-12000-puffs-jetzt-den-geschmack-von-weltklasse-geniessen","status":"publish","type":"product","link":"https:\/\/vapingnet.de\/sk\/vape\/strawberry-donuts-und-waspe-12000-puffs-jetzt-den-geschmack-von-weltklasse-geniessen\/","title":{"rendered":"Jahodov\u00e9 Donuts a WASPE 12000 Puffs Teraz si vychutnajte svetov\u00fa chu\u0165"},"content":{"rendered":"<h2 data-start=\"80\" data-end=\"152\" data-immersive-translate-walked=\"b4ba21af-32a6-4c02-89fd-78cd709a0429\">WASPE 12000 Pufov Digit\u00e1lna Krabica \u2013 Viac ne\u017e len jednorazov\u00e1 e-cigareta<\/h2>\n<p class=\"\" data-start=\"154\" data-end=\"420\" data-immersive-translate-walked=\"b4ba21af-32a6-4c02-89fd-78cd709a0429\" data-immersive-translate-paragraph=\"1\">Kto ver\u00ed, \u017ee jednorazov\u00e9 e-cigarety s\u00fa v\u017edy jednoduch\u00e9, stroh\u00e9 a kr\u00e1tkodob\u00e9, e\u0161te nepozn\u00e1 WASPE 12000 Pufov Digit\u00e1lna Krabica. Toto zariadenie stanovuje nov\u00e9 \u0161tandardy v oblasti kapacity, chuti a dizajnu \u2013 a to v\u0161etko v kompaktnom, \u0161t\u00fdlovom form\u00e1te.<\/p>\n<h4 data-start=\"422\" data-end=\"744\" data-immersive-translate-walked=\"b4ba21af-32a6-4c02-89fd-78cd709a0429\" data-immersive-translate-paragraph=\"1\">Modern\u00fd dizajn stret\u00e1va vysokov\u00fdkonn\u00fa technol\u00f3giu<\/h4>\n<p class=\"\" data-start=\"422\" data-end=\"744\" data-immersive-translate-walked=\"b4ba21af-32a6-4c02-89fd-78cd709a0429\" data-immersive-translate-paragraph=\"1\">Vyroben\u00e1 z odolnej hlin\u00edkovej zliatiny a odoln\u00e9ho PCGT, WASPE nie je len vizu\u00e1lne atrakt\u00edvna, ale aj pr\u00edjemn\u00e1 do ruky. Kombin\u00e1cia \u013eahkosti (len 96\u202fg) a pevn\u00e9ho spracovania ju rob\u00ed ide\u00e1lnym spolo\u010dn\u00edkom na ka\u017ed\u00fd de\u0148.<\/p>\n<p class=\"\" data-start=\"746\" data-end=\"1055\" data-immersive-translate-walked=\"b4ba21af-32a6-4c02-89fd-78cd709a0429\" data-immersive-translate-paragraph=\"1\">Vo vn\u00fatri je v\u00fdkonn\u00e1 bat\u00e9ria s kapacitou 650\u202fmAh, ktor\u00fa je mo\u017en\u00e9 spo\u013eahlivo nab\u00edja\u0165 cez Typ-C port. \u0160peci\u00e1lne: Hoci ide o jednorazov\u00e9 zariadenie, opakovane dob\u00edjate\u013en\u00e1 bat\u00e9ria umo\u017e\u0148uje \u00faplnej\u0161ie vyu\u017eitie obsahu 20\u202fml e-liquidu \u2013 a\u017e do poslednej kvapky.<\/p>\n<p data-start=\"746\" data-end=\"1055\" data-immersive-translate-walked=\"b4ba21af-32a6-4c02-89fd-78cd709a0429\" data-immersive-translate-paragraph=\"1\"><img fetchpriority=\"high\" decoding=\"async\" class=\"wp-image-6889 aligncenter\" src=\"https:\/\/vapingnet.de\/wp-content\/uploads\/2025\/04\/\u53c2\u6570\u56fe-300x300.jpg\" alt=\"\" width=\"750\" height=\"750\" srcset=\"https:\/\/vapingnet.de\/wp-content\/uploads\/2025\/04\/\u53c2\u6570\u56fe-300x300.jpg 300w, https:\/\/vapingnet.de\/wp-content\/uploads\/2025\/04\/\u53c2\u6570\u56fe-150x150.jpg 150w, https:\/\/vapingnet.de\/wp-content\/uploads\/2025\/04\/\u53c2\u6570\u56fe-768x768.jpg 768w, https:\/\/vapingnet.de\/wp-content\/uploads\/2025\/04\/\u53c2\u6570\u56fe-600x600.jpg 600w, https:\/\/vapingnet.de\/wp-content\/uploads\/2025\/04\/\u53c2\u6570\u56fe-100x100.jpg 100w, https:\/\/vapingnet.de\/wp-content\/uploads\/2025\/04\/\u53c2\u6570\u56fe-1x1.jpg 1w, https:\/\/vapingnet.de\/wp-content\/uploads\/2025\/04\/\u53c2\u6570\u56fe-10x10.jpg 10w, https:\/\/vapingnet.de\/wp-content\/uploads\/2025\/04\/\u53c2\u6570\u56fe.jpg 800w\" sizes=\"(max-width: 750px) 100vw, 750px\" \/><\/p>\n<h4 data-start=\"1057\" data-end=\"1362\" data-immersive-translate-walked=\"b4ba21af-32a6-4c02-89fd-78cd709a0429\" data-immersive-translate-paragraph=\"1\">Presved\u010div\u00e1 chu\u0165: Strawberry Donuts<\/h4>\n<p class=\"\" data-start=\"1057\" data-end=\"1362\" data-immersive-translate-walked=\"b4ba21af-32a6-4c02-89fd-78cd709a0429\" data-immersive-translate-paragraph=\"1\">Hlavn\u00fd hit pre milovn\u00edkov sladk\u00fdch ar\u00f3m: <em data-start=\"1148\" data-end=\"1167\" data-immersive-translate-walked=\"b4ba21af-32a6-4c02-89fd-78cd709a0429\">Strawberry Donuts<\/em> je chu\u0165ov\u00e1 kompoz\u00edcia z ovocnej sladkej jahody a tepl\u00e9ho n\u00e1dychu \u010derstvo upe\u010den\u00fdch don\u00fatov. Jemn\u00e1 v hrdle, ale intenz\u00edvna v ar\u00f3me \u2013 ka\u017ed\u00fd \u0165ah chut\u00ed ako mal\u00e1 prest\u00e1vka.<\/p>\n<h4 data-start=\"1364\" data-end=\"1622\" data-immersive-translate-walked=\"b4ba21af-32a6-4c02-89fd-78cd709a0429\" data-immersive-translate-paragraph=\"1\">V\u00fdkon, na ktor\u00fd sa m\u00f4\u017eete spo\u013eahn\u00fa\u0165<\/h4>\n<p class=\"\" data-start=\"1364\" data-end=\"1622\" data-immersive-translate-walked=\"b4ba21af-32a6-4c02-89fd-78cd709a0429\" data-immersive-translate-paragraph=\"1\">S odporom 1.0\u202f\u03a9 a rozsahom v\u00fdkonu od 7 do 12\u202fV, WASPE poskytuje kon\u0161tantn\u00fa kvalitu pary. \u010ci u\u017e pri prvom alebo pri desa\u0165tis\u00edcom \u0165ahu \u2013 z\u00e1\u017eitok zost\u00e1va rovnako siln\u00fd.<\/p>\n<h4 data-start=\"1624\" data-end=\"1873\" data-immersive-translate-walked=\"b4ba21af-32a6-4c02-89fd-78cd709a0429\" data-immersive-translate-paragraph=\"1\">Pre n\u00e1ro\u010dn\u00fdch vapera<\/h4>\n<p class=\"\" data-start=\"1624\" data-end=\"1873\" data-immersive-translate-walked=\"b4ba21af-32a6-4c02-89fd-78cd709a0429\" data-immersive-translate-paragraph=\"1\">S 12 000 \u0165ahmi sa WASPE v\u00fdrazne odli\u0161uje od be\u017en\u00fdch modelov. Je ur\u010den\u00e1 v\u0161etk\u00fdm, ktor\u00ed preferuj\u00fa dlh\u0161ie pou\u017e\u00edvanie, ale nechc\u00fa sa vzda\u0165 pohodlia jednorazov\u00e9ho modelu.<\/p>\n<p class=\"\" data-start=\"1875\" data-end=\"2110\" data-immersive-translate-walked=\"b4ba21af-32a6-4c02-89fd-78cd709a0429\" data-immersive-translate-paragraph=\"1\">Ide\u00e1lna na cestovanie a ka\u017edodenn\u00e9 pou\u017eitie<br data-start=\"1925\" data-end=\"1928\" data-immersive-translate-walked=\"b4ba21af-32a6-4c02-89fd-78cd709a0429\" \/>\u010ci u\u017e v kancel\u00e1rii, pri cestovan\u00ed alebo na p\u00e1rty \u2013 WASPE Digit\u00e1lna Krabica je spo\u013eahliv\u00e1, diskr\u00e9tna a zabezpe\u010duje dlhodob\u00e9 pote\u0161enie z pary bez zlo\u017eit\u00fdch dop\u013a\u0148an\u00ed alebo v\u00fdmeny \u0161pir\u00e1l.<\/p>\n<h3 data-start=\"2112\" data-end=\"2156\" data-immersive-translate-walked=\"b4ba21af-32a6-4c02-89fd-78cd709a0429\">Pre\u010do je WASPE spr\u00e1vnou vo\u013ebou:<\/h3>\n<ul data-start=\"2157\" data-end=\"2383\" data-immersive-translate-walked=\"b4ba21af-32a6-4c02-89fd-78cd709a0429\">\n<li class=\"\" data-start=\"2157\" data-end=\"2198\" data-immersive-translate-walked=\"b4ba21af-32a6-4c02-89fd-78cd709a0429\">\n<p class=\"\" data-start=\"2159\" data-end=\"2198\" data-immersive-translate-walked=\"b4ba21af-32a6-4c02-89fd-78cd709a0429\" data-immersive-translate-paragraph=\"1\">Extra ve\u013ek\u00e9 objem e-liquidu (20\u202fml)<\/p>\n<\/li>\n<li class=\"\" data-start=\"2199\" data-end=\"2238\" data-immersive-translate-walked=\"b4ba21af-32a6-4c02-89fd-78cd709a0429\">\n<p class=\"\" data-start=\"2201\" data-end=\"2238\" data-immersive-translate-walked=\"b4ba21af-32a6-4c02-89fd-78cd709a0429\" data-immersive-translate-paragraph=\"1\">Opakovane dob\u00edjate\u013en\u00e1 jednorazov\u00e1 e-cigareta<\/p>\n<\/li>\n<li class=\"\" data-start=\"2239\" data-end=\"2284\" data-immersive-translate-walked=\"b4ba21af-32a6-4c02-89fd-78cd709a0429\">\n<p class=\"\" data-start=\"2241\" data-end=\"2284\" data-immersive-translate-walked=\"b4ba21af-32a6-4c02-89fd-78cd709a0429\" data-immersive-translate-paragraph=\"1\">Intenz\u00edvna chu\u0165 v\u010faka 1.0\u202f\u03a9 mesh \u0161pir\u00e1le<\/p>\n<\/li>\n<li class=\"\" data-start=\"2285\" data-end=\"2314\" data-immersive-translate-walked=\"b4ba21af-32a6-4c02-89fd-78cd709a0429\">\n<p class=\"\" data-start=\"2287\" data-end=\"2314\" data-immersive-translate-walked=\"b4ba21af-32a6-4c02-89fd-78cd709a0429\" data-immersive-translate-paragraph=\"1\">Kompaktn\u00e1 a \u013eahk\u00e1 (96\u202fg)<\/p>\n<\/li>\n<li class=\"\" data-start=\"2315\" data-end=\"2353\" data-immersive-translate-walked=\"b4ba21af-32a6-4c02-89fd-78cd709a0429\">\n<p class=\"\" data-start=\"2317\" data-end=\"2353\" data-immersive-translate-walked=\"b4ba21af-32a6-4c02-89fd-78cd709a0429\" data-immersive-translate-paragraph=\"1\">Dostupn\u00e9 s 2\u202f% alebo 5\u202f% Nikot\u00ednom<\/p>\n<\/li>\n<li class=\"\" data-start=\"2354\" data-end=\"2383\" data-immersive-translate-walked=\"b4ba21af-32a6-4c02-89fd-78cd709a0429\">\n<p class=\"\" data-start=\"2356\" data-end=\"2383\" data-immersive-translate-walked=\"b4ba21af-32a6-4c02-89fd-78cd709a0429\" data-immersive-translate-paragraph=\"1\">Elegantn\u00fd digit\u00e1lny dizajn<\/p>\n<\/li>\n<\/ul>\n<p class=\"\" data-start=\"2385\" data-end=\"2553\" data-immersive-translate-walked=\"b4ba21af-32a6-4c02-89fd-78cd709a0429\" data-immersive-translate-paragraph=\"1\">Pre v\u0161etk\u00fdch, ktor\u00ed h\u013eadaj\u00fa maxim\u00e1lny v\u00fdkon v \u0161t\u00fdlovom zariaden\u00ed, je WASPE 12000 Puffs Digital Box skuto\u010dnou nevyhnutnos\u0165ou. Kvalita, ktor\u00fa c\u00edti\u0161 \u2013 \u0165ah za \u0165ahom.<\/p>","protected":false},"excerpt":{"rendered":"<p>WASPE 12000 Puffs Digital Box \u2013 Mehr als nur eine Einweg-E-Zigarette Wer glaubt, dass Einweg-E-Zigaretten immer einfach, schlicht und kurzlebig sind, kennt die WASPE 12000&#8230;<\/p>","protected":false},"featured_media":6658,"template":"","meta":[],"etheme_brands":[],"product_brand":[98],"product_cat":[88,49,61],"product_tag":[],"class_list":{"0":"post-6689","1":"product","2":"type-product","3":"status-publish","4":"has-post-thumbnail","6":"product_brand-waspe-vape","7":"product_cat-12k-vape","8":"product_cat-einweg-e-zigarette","9":"product_cat-f","11":"first","12":"instock","13":"shipping-taxable","14":"purchasable","15":"product-type-simple"},"yoast_head":"<!-- This site is optimized with the Yoast SEO plugin v26.5 - https:\/\/yoast.com\/wordpress\/plugins\/seo\/ -->\n<title>Strawberry Donuts Und WASPE 12000 Puffs Jetzt Den Geschmack Von Weltklasse Genie\u00dfen | Vapingnet.de<\/title>\n<meta name=\"description\" content=\"Entdecke Strawberry Donuts Und WASPE 12000 Puffs Jetzt Den Geschmack Von Weltklasse Genie\u00dfen bei vapingnet.de, \u25ba Gro\u00dfe Auswahl an Geschmacksrichtungen &amp; super g\u00fcnstig!\" \/>\n<meta name=\"robots\" content=\"index, follow, max-snippet:-1, max-image-preview:large, max-video-preview:-1\" \/>\n<link rel=\"canonical\" href=\"https:\/\/vapingnet.de\/sk\/vape\/strawberry-donuts-und-waspe-12000-puffs-jetzt-den-geschmack-von-weltklasse-geniessen\/\" \/>\n<meta property=\"og:locale\" content=\"sk_SK\" \/>\n<meta property=\"og:type\" content=\"article\" \/>\n<meta property=\"og:title\" content=\"Strawberry Donuts Und WASPE 12000 Puffs Jetzt Den Geschmack Von Weltklasse Genie\u00dfen | Vapingnet.de\" \/>\n<meta property=\"og:description\" content=\"Entdecke Strawberry Donuts Und WASPE 12000 Puffs Jetzt Den Geschmack Von Weltklasse Genie\u00dfen bei vapingnet.de, \u25ba Gro\u00dfe Auswahl an Geschmacksrichtungen &amp; super g\u00fcnstig!\" \/>\n<meta property=\"og:url\" content=\"https:\/\/vapingnet.de\/sk\/vape\/strawberry-donuts-und-waspe-12000-puffs-jetzt-den-geschmack-von-weltklasse-geniessen\/\" \/>\n<meta property=\"og:site_name\" content=\"Vapingnet.de\" \/>\n<meta property=\"article:publisher\" content=\"https:\/\/www.facebook.com\/vapingnetde\/\" \/>\n<meta property=\"article:modified_time\" content=\"2025-06-19T03:45:07+00:00\" \/>\n<meta property=\"og:image\" content=\"https:\/\/vapingnet.de\/wp-content\/uploads\/2025\/04\/Strawberry-Donuts.webp\" \/>\n\t<meta property=\"og:image:width\" content=\"1000\" \/>\n\t<meta property=\"og:image:height\" content=\"1000\" \/>\n\t<meta property=\"og:image:type\" content=\"image\/webp\" \/>\n<meta name=\"twitter:card\" content=\"summary_large_image\" \/>\n<meta name=\"twitter:label1\" content=\"Est. reading time\" \/>\n\t<meta name=\"twitter:data1\" content=\"3 minutes\" \/>\n<script type=\"application\/ld+json\" class=\"yoast-schema-graph\">{\"@context\":\"https:\/\/schema.org\",\"@graph\":[{\"@type\":\"WebPage\",\"@id\":\"https:\/\/vapingnet.de\/vape\/strawberry-donuts-und-waspe-12000-puffs-jetzt-den-geschmack-von-weltklasse-geniessen\/\",\"url\":\"https:\/\/vapingnet.de\/vape\/strawberry-donuts-und-waspe-12000-puffs-jetzt-den-geschmack-von-weltklasse-geniessen\/\",\"name\":\"Strawberry Donuts Und WASPE 12000 Puffs Jetzt Den Geschmack Von Weltklasse Genie\u00dfen | Vapingnet.de\",\"isPartOf\":{\"@id\":\"https:\/\/vapingnet.de\/#website\"},\"primaryImageOfPage\":{\"@id\":\"https:\/\/vapingnet.de\/vape\/strawberry-donuts-und-waspe-12000-puffs-jetzt-den-geschmack-von-weltklasse-geniessen\/#primaryimage\"},\"image\":{\"@id\":\"https:\/\/vapingnet.de\/vape\/strawberry-donuts-und-waspe-12000-puffs-jetzt-den-geschmack-von-weltklasse-geniessen\/#primaryimage\"},\"thumbnailUrl\":\"https:\/\/vapingnet.de\/wp-content\/uploads\/2025\/04\/Strawberry-Donuts.webp\",\"datePublished\":\"2025-04-30T01:37:02+00:00\",\"dateModified\":\"2025-06-19T03:45:07+00:00\",\"description\":\"Entdecke Strawberry Donuts Und WASPE 12000 Puffs Jetzt Den Geschmack Von Weltklasse Genie\u00dfen bei vapingnet.de, \u25ba Gro\u00dfe Auswahl an Geschmacksrichtungen & super g\u00fcnstig!\",\"breadcrumb\":{\"@id\":\"https:\/\/vapingnet.de\/vape\/strawberry-donuts-und-waspe-12000-puffs-jetzt-den-geschmack-von-weltklasse-geniessen\/#breadcrumb\"},\"inLanguage\":\"sk-SK\",\"potentialAction\":[{\"@type\":\"ReadAction\",\"target\":[\"https:\/\/vapingnet.de\/vape\/strawberry-donuts-und-waspe-12000-puffs-jetzt-den-geschmack-von-weltklasse-geniessen\/\"]}]},{\"@type\":\"ImageObject\",\"inLanguage\":\"sk-SK\",\"@id\":\"https:\/\/vapingnet.de\/vape\/strawberry-donuts-und-waspe-12000-puffs-jetzt-den-geschmack-von-weltklasse-geniessen\/#primaryimage\",\"url\":\"https:\/\/vapingnet.de\/wp-content\/uploads\/2025\/04\/Strawberry-Donuts.webp\",\"contentUrl\":\"https:\/\/vapingnet.de\/wp-content\/uploads\/2025\/04\/Strawberry-Donuts.webp\",\"width\":1000,\"height\":1000},{\"@type\":\"BreadcrumbList\",\"@id\":\"https:\/\/vapingnet.de\/vape\/strawberry-donuts-und-waspe-12000-puffs-jetzt-den-geschmack-von-weltklasse-geniessen\/#breadcrumb\",\"itemListElement\":[{\"@type\":\"ListItem\",\"position\":1,\"name\":\"Home\",\"item\":\"https:\/\/vapingnet.de\/\"},{\"@type\":\"ListItem\",\"position\":2,\"name\":\"Shop\",\"item\":\"https:\/\/vapingnet.de\/vape\/\"},{\"@type\":\"ListItem\",\"position\":3,\"name\":\"Strawberry Donuts Und WASPE 12000 Puffs Jetzt Den Geschmack Von Weltklasse Genie\u00dfen\"}]},{\"@type\":\"WebSite\",\"@id\":\"https:\/\/vapingnet.de\/#website\",\"url\":\"https:\/\/vapingnet.de\/\",\"name\":\"Vapingnet.de\",\"description\":\"\",\"publisher\":{\"@id\":\"https:\/\/vapingnet.de\/#organization\"},\"potentialAction\":[{\"@type\":\"SearchAction\",\"target\":{\"@type\":\"EntryPoint\",\"urlTemplate\":\"https:\/\/vapingnet.de\/?s={search_term_string}\"},\"query-input\":{\"@type\":\"PropertyValueSpecification\",\"valueRequired\":true,\"valueName\":\"search_term_string\"}}],\"inLanguage\":\"sk-SK\"},{\"@type\":\"Organization\",\"@id\":\"https:\/\/vapingnet.de\/#organization\",\"name\":\"Vapingnet.de\",\"url\":\"https:\/\/vapingnet.de\/\",\"logo\":{\"@type\":\"ImageObject\",\"inLanguage\":\"sk-SK\",\"@id\":\"https:\/\/vapingnet.de\/#\/schema\/logo\/image\/\",\"url\":\"https:\/\/vapingnet.de\/wp-content\/uploads\/2025\/03\/cropped-vapingnet.de_.jpg\",\"contentUrl\":\"https:\/\/vapingnet.de\/wp-content\/uploads\/2025\/03\/cropped-vapingnet.de_.jpg\",\"width\":512,\"height\":512,\"caption\":\"Vapingnet.de\"},\"image\":{\"@id\":\"https:\/\/vapingnet.de\/#\/schema\/logo\/image\/\"},\"sameAs\":[\"https:\/\/www.facebook.com\/vapingnetde\/\"]}]}<\/script>\n<!-- \/ Yoast SEO plugin. -->","yoast_head_json":{"title":"Strawberry Donuts Und WASPE 12000 Puffs Jetzt Den Geschmack Von Weltklasse Genie\u00dfen | Vapingnet.de","description":"Entdecke Strawberry Donuts Und WASPE 12000 Puffs Jetzt Den Geschmack Von Weltklasse Genie\u00dfen bei vapingnet.de, \u25ba Gro\u00dfe Auswahl an Geschmacksrichtungen & super g\u00fcnstig!","robots":{"index":"index","follow":"follow","max-snippet":"max-snippet:-1","max-image-preview":"max-image-preview:large","max-video-preview":"max-video-preview:-1"},"canonical":"https:\/\/vapingnet.de\/sk\/vape\/strawberry-donuts-und-waspe-12000-puffs-jetzt-den-geschmack-von-weltklasse-geniessen\/","og_locale":"sk_SK","og_type":"article","og_title":"Strawberry Donuts Und WASPE 12000 Puffs Jetzt Den Geschmack Von Weltklasse Genie\u00dfen | Vapingnet.de","og_description":"Entdecke Strawberry Donuts Und WASPE 12000 Puffs Jetzt Den Geschmack Von Weltklasse Genie\u00dfen bei vapingnet.de, \u25ba Gro\u00dfe Auswahl an Geschmacksrichtungen & super g\u00fcnstig!","og_url":"https:\/\/vapingnet.de\/sk\/vape\/strawberry-donuts-und-waspe-12000-puffs-jetzt-den-geschmack-von-weltklasse-geniessen\/","og_site_name":"Vapingnet.de","article_publisher":"https:\/\/www.facebook.com\/vapingnetde\/","article_modified_time":"2025-06-19T03:45:07+00:00","og_image":[{"width":1000,"height":1000,"url":"https:\/\/vapingnet.de\/wp-content\/uploads\/2025\/04\/Strawberry-Donuts.webp","type":"image\/webp"}],"twitter_card":"summary_large_image","twitter_misc":{"Est. reading time":"3 minutes"},"schema":{"@context":"https:\/\/schema.org","@graph":[{"@type":"WebPage","@id":"https:\/\/vapingnet.de\/vape\/strawberry-donuts-und-waspe-12000-puffs-jetzt-den-geschmack-von-weltklasse-geniessen\/","url":"https:\/\/vapingnet.de\/vape\/strawberry-donuts-und-waspe-12000-puffs-jetzt-den-geschmack-von-weltklasse-geniessen\/","name":"Strawberry Donuts Und WASPE 12000 Puffs Jetzt Den Geschmack Von Weltklasse Genie\u00dfen | Vapingnet.de","isPartOf":{"@id":"https:\/\/vapingnet.de\/#website"},"primaryImageOfPage":{"@id":"https:\/\/vapingnet.de\/vape\/strawberry-donuts-und-waspe-12000-puffs-jetzt-den-geschmack-von-weltklasse-geniessen\/#primaryimage"},"image":{"@id":"https:\/\/vapingnet.de\/vape\/strawberry-donuts-und-waspe-12000-puffs-jetzt-den-geschmack-von-weltklasse-geniessen\/#primaryimage"},"thumbnailUrl":"https:\/\/vapingnet.de\/wp-content\/uploads\/2025\/04\/Strawberry-Donuts.webp","datePublished":"2025-04-30T01:37:02+00:00","dateModified":"2025-06-19T03:45:07+00:00","description":"Entdecke Strawberry Donuts Und WASPE 12000 Puffs Jetzt Den Geschmack Von Weltklasse Genie\u00dfen bei vapingnet.de, \u25ba Gro\u00dfe Auswahl an Geschmacksrichtungen & super g\u00fcnstig!","breadcrumb":{"@id":"https:\/\/vapingnet.de\/vape\/strawberry-donuts-und-waspe-12000-puffs-jetzt-den-geschmack-von-weltklasse-geniessen\/#breadcrumb"},"inLanguage":"sk-SK","potentialAction":[{"@type":"ReadAction","target":["https:\/\/vapingnet.de\/vape\/strawberry-donuts-und-waspe-12000-puffs-jetzt-den-geschmack-von-weltklasse-geniessen\/"]}]},{"@type":"ImageObject","inLanguage":"sk-SK","@id":"https:\/\/vapingnet.de\/vape\/strawberry-donuts-und-waspe-12000-puffs-jetzt-den-geschmack-von-weltklasse-geniessen\/#primaryimage","url":"https:\/\/vapingnet.de\/wp-content\/uploads\/2025\/04\/Strawberry-Donuts.webp","contentUrl":"https:\/\/vapingnet.de\/wp-content\/uploads\/2025\/04\/Strawberry-Donuts.webp","width":1000,"height":1000},{"@type":"BreadcrumbList","@id":"https:\/\/vapingnet.de\/vape\/strawberry-donuts-und-waspe-12000-puffs-jetzt-den-geschmack-von-weltklasse-geniessen\/#breadcrumb","itemListElement":[{"@type":"ListItem","position":1,"name":"Home","item":"https:\/\/vapingnet.de\/"},{"@type":"ListItem","position":2,"name":"Shop","item":"https:\/\/vapingnet.de\/vape\/"},{"@type":"ListItem","position":3,"name":"Strawberry Donuts Und WASPE 12000 Puffs Jetzt Den Geschmack Von Weltklasse Genie\u00dfen"}]},{"@type":"WebSite","@id":"https:\/\/vapingnet.de\/#website","url":"https:\/\/vapingnet.de\/","name":"Vapingnet.de","description":"","publisher":{"@id":"https:\/\/vapingnet.de\/#organization"},"potentialAction":[{"@type":"SearchAction","target":{"@type":"EntryPoint","urlTemplate":"https:\/\/vapingnet.de\/?s={search_term_string}"},"query-input":{"@type":"PropertyValueSpecification","valueRequired":true,"valueName":"search_term_string"}}],"inLanguage":"sk-SK"},{"@type":"Organization","@id":"https:\/\/vapingnet.de\/#organization","name":"Vapingnet.de","url":"https:\/\/vapingnet.de\/","logo":{"@type":"ImageObject","inLanguage":"sk-SK","@id":"https:\/\/vapingnet.de\/#\/schema\/logo\/image\/","url":"https:\/\/vapingnet.de\/wp-content\/uploads\/2025\/03\/cropped-vapingnet.de_.jpg","contentUrl":"https:\/\/vapingnet.de\/wp-content\/uploads\/2025\/03\/cropped-vapingnet.de_.jpg","width":512,"height":512,"caption":"Vapingnet.de"},"image":{"@id":"https:\/\/vapingnet.de\/#\/schema\/logo\/image\/"},"sameAs":["https:\/\/www.facebook.com\/vapingnetde\/"]}]}},"tiered_pricing_type":"fixed","tiered_pricing_fixed_rules":{"10":"7.59","60":"6.83","110":"6.07","200":"5.31"},"tiered_pricing_product_settings":{"layout":"default","base_unit_name":{"singular":null,"plural":null},"default_variation":null},"tiered_pricing_minimum_quantity":null,"tiered_pricing_roles_data":[],"tiered_pricing_percentage_rules":[],"_links":{"self":[{"href":"https:\/\/vapingnet.de\/sk\/wp-json\/wp\/v2\/product\/6689","targetHints":{"allow":["GET"]}}],"collection":[{"href":"https:\/\/vapingnet.de\/sk\/wp-json\/wp\/v2\/product"}],"about":[{"href":"https:\/\/vapingnet.de\/sk\/wp-json\/wp\/v2\/types\/product"}],"version-history":[{"count":3,"href":"https:\/\/vapingnet.de\/sk\/wp-json\/wp\/v2\/product\/6689\/revisions"}],"predecessor-version":[{"id":6890,"href":"https:\/\/vapingnet.de\/sk\/wp-json\/wp\/v2\/product\/6689\/revisions\/6890"}],"wp:featuredmedia":[{"embeddable":true,"href":"https:\/\/vapingnet.de\/sk\/wp-json\/wp\/v2\/media\/6658"}],"wp:attachment":[{"href":"https:\/\/vapingnet.de\/sk\/wp-json\/wp\/v2\/media?parent=6689"}],"wp:term":[{"taxonomy":"brand","embeddable":true,"href":"https:\/\/vapingnet.de\/sk\/wp-json\/wp\/v2\/etheme_brands?post=6689"},{"taxonomy":"product_brand","embeddable":true,"href":"https:\/\/vapingnet.de\/sk\/wp-json\/wp\/v2\/product_brand?post=6689"},{"taxonomy":"product_cat","embeddable":true,"href":"https:\/\/vapingnet.de\/sk\/wp-json\/wp\/v2\/product_cat?post=6689"},{"taxonomy":"product_tag","embeddable":true,"href":"https:\/\/vapingnet.de\/sk\/wp-json\/wp\/v2\/product_tag?post=6689"}],"curies":[{"name":"wp","href":"https:\/\/api.w.org\/{rel}","templated":true}]}}